{"id":59933,"date":"2020-02-11T12:34:40","date_gmt":"2020-02-11T12:34:40","guid":{"rendered":"https:\/\/rhinolands.com\/haendler\/"},"modified":"2024-04-19T10:29:57","modified_gmt":"2024-04-19T08:29:57","slug":"reseller","status":"publish","type":"page","link":"https:\/\/rhinolands.com\/de\/reseller\/","title":{"rendered":"H\u00e4ndler"},"content":{"rendered":"[et_pb_section fb_built=&#8220;1&#8243; _builder_version=&#8220;4.16&#8243; da_disable_devices=&#8220;off|off|off&#8220; global_colors_info=&#8220;{}&#8220; da_is_popup=&#8220;off&#8220; da_exit_intent=&#8220;off&#8220; da_has_close=&#8220;on&#8220; da_alt_close=&#8220;off&#8220; da_dark_close=&#8220;off&#8220; da_not_modal=&#8220;on&#8220; da_is_singular=&#8220;off&#8220; da_with_loader=&#8220;off&#8220; da_has_shadow=&#8220;on&#8220;][et_pb_row _builder_version=&#8220;4.16&#8243; global_colors_info=&#8220;{}&#8220;][et_pb_column type=&#8220;4_4&#8243; _builder_version=&#8220;4.16&#8243; global_colors_info=&#8220;{}&#8220;][et_pb_post_title meta=&#8220;off&#8220; featured_image=&#8220;off&#8220; _builder_version=&#8220;4.16&#8243; global_colors_info=&#8220;{}&#8220;][\/et_pb_post_title][et_pb_text ul_item_indent=&#8220;8px&#8220; admin_label=&#8220;Menu&#8220; _builder_version=&#8220;4.24.3&#8243; global_colors_info=&#8220;{}&#8220;]<ul>\n<li><strong><a href=\"#newreseller\">Neue H\u00e4ndler<\/a><\/strong><\/li>\n<li><strong><a href=\"#rsk\">Starter-Kit f\u00fcr H\u00e4ndler<\/a><\/strong><\/li>\n<li><a href=\"#products\"><strong>Unsere Produkte<\/strong><\/a><\/li>\n<li><a href=\"#licensing\"><strong>Kaufoptionen<\/strong><\/a><\/li>\n<li><a href=\"#subscription\"><strong>Einzeichnung Verkaufsvorgang<\/strong><\/a><\/li>\n<li><strong><a href=\"#ordering\">Bestellung und Preisliste<\/a><\/strong><\/li>\n<li><strong><a href=\"#discounts\">H\u00e4ndlerpreisnachl\u00e4sse<\/a><\/strong><\/li>\n<li><strong><a href=\"#marketing\">Marketing<\/a><\/strong><\/li>\n<\/ul>[\/et_pb_text][et_pb_divider _builder_version=&#8220;4.16&#8243; global_colors_info=&#8220;{}&#8220;][\/et_pb_divider][et_pb_text admin_label=&#8220;New Resellers&#8220; module_id=&#8220;newreseller&#8220; _builder_version=&#8220;4.16&#8243; global_colors_info=&#8220;{}&#8220;]<h2><strong>Neue H\u00e4ndler<\/strong><\/h2>\n<p>Um offizieller H\u00e4ndler f\u00fcr Lands Design werden zu k\u00f6nnen, <\/p>\n<p><strong>Tun Sie bitte folgendes:<\/strong><\/p>\n<ol>\n<li>Lesen Sie sich die <strong>Bedingungen<\/strong> f\u00fcr H\u00e4ndler durch:\n<ul>\n<li>H\u00e4ndler m\u00fcssen aktuelle Informationen zu Lands Design auf ihrer Website ver\u00f6ffentlichen.<\/li>\n<li>Wir garantieren hundertprozentige Zufriedenheit. Von unseren H\u00e4ndlern erwarten wir das gleiche.<\/li>\n<li>Wir bieten unbegrenzten technischen Support sowohl f\u00fcr H\u00e4ndler als auch Endbenutzer.<\/li>\n<li>H\u00e4ndler k\u00f6nnen an Endbenutzer oder andere H\u00e4ndler in ihrem eigenen Land weiterverkaufen. (Um au\u00dferhalb Ihres Landes zu verkaufen, setzen Sie sich mit Asuni CAD in Verbindung.)<\/li>\n<\/ul>\n<\/li>\n<li>F\u00fcllen Sie das <strong><a href=\"https:\/\/rhinolands.com\/de\/reseller\/application-form\/\">Antragsformular f\u00fcr H\u00e4ndler<\/a> aus.<\/strong><\/li>\n<li>Vereinbaren Sie ein Online-Treffen mit einem Mitglied des Asuni-Teams zur Vorf\u00fchrung einer vollst\u00e4ndigen Demo von Lands Design. Schreiben Sie an <a href=\"mailto:landsdesign@asuni.com\">landsdesign@asuni.com<\/a> um das Treffen zu vereinbaren.<\/li>\n<li>Bestellen Sie ein <strong>H\u00e4ndler-Starter-Kit<\/strong> f\u00fcr Lands Design im Asuni Store (Details f\u00fcr das Login erhalten Sie nach Ausf\u00fcllung des Antragsformulars f\u00fcr H\u00e4ndler). (Nicht notwendig, wenn Sie bereits VisualARQ-H\u00e4ndler sind)<\/li>\n<li>Aktualisieren Sie auf Ihrer Website die Informationen \u00fcber Lands Design. Verwenden Sie hierf\u00fcr das <a href=\"#marketing\">Marketing-Material<\/a>.\n<\/li>\n<\/ol>\n<p><strong>Wir bieten Ihnen:<\/strong><\/p>\n<ul>\n<li>Eintrag Ihrer Kontaktinformationen auf der <a href=\"https:\/\/rhinolands.com\/de\/sales\/\">H\u00e4ndlerseite<\/a> unserer Website, um f\u00fcr Ihre Kunden erreichbar zu sein.<\/li>\n<li>Unterst\u00fctzung f\u00fcr Veranstaltungen, Newsletter und andere Marketingstrategien.<\/li>\n<li>Enge Zusammenarbeit f\u00fcr umfassenden Support.<\/li>\n<li>Eine NFR-LAB-Lizenz f\u00fcr Lands Design (im H\u00e4ndler-Kit inbegriffen)<\/li>\n<li>Eine NFR-LAB-Lizenz f\u00fcr <a href=\"https:\/\/www.visualarq.com\">VisualARQ<\/a><\/li>\n<\/ul>[\/et_pb_text][et_pb_divider _builder_version=&#8220;4.16&#8243; global_colors_info=&#8220;{}&#8220;][\/et_pb_divider][et_pb_text admin_label=&#8220;Ordering&#8220; module_id=&#8220;products&#8220; _builder_version=&#8220;4.24.3&#8243; global_colors_info=&#8220;{}&#8220;]<h2><strong>Unsere Produkte<\/strong><\/h2>\n<p>Wir bieten zwei Produkte mit einer Reihe von Lizenzen, die auf verschiedene Bed\u00fcrfnisse abgestimmt sind, vom Bildungs- bis zum kommerziellen Bereich. Diese Produkte sind \u00fcber zwei Kategorien verteilt:<\/p>\n<ul>\n<li>RhinoLands: Ein Einzelplatz-Programm (enth\u00e4lt Rhino 8)<\/li>\n<li>Lands Design als Plug-in: Erh\u00e4ltlich in zwei Versionen &#8211; AutoCAD-Plug-in und Rhino-Plug-in.<\/li>\n<\/ul>\n<p><strong>Warum RhinoLands?<\/strong><br \/>Wir beschlossen, unser neues Programm RhinoLands als Einzelplatzl\u00f6sung anzubieten, die Rhino aus mehreren Gr\u00fcnden enth\u00e4lt:<\/p>\n<p>Vereinfachtes Lernen: Neue Anwender, die noch nicht mit Rhino vertraut sind, haben oft Schwierigkeiten, sowohl Rhino als auch Lands Design als Plug-in zu lernen. Dieser duale Lernprozess kann ihrer F\u00e4higkeit hinderlich sein, Lands Design von Grund auf zu verstehen.<\/p>\n<p>Rationalisierte Benutzeroberfl\u00e4che: Rhino wird mit zahlreichen Werkzeugleisten und Funktionen ausgeliefert, die \u00fcber den Bereich der Landschaftsgestaltung und -modellierung hinausgehen. Dieses \u00dcberangebot an Optionen macht die Lernkurve unn\u00f6tig komplex, was Anwender-Feedback \u00fcber die steile Lernkurve zur Folge hat.<\/p>\n<p>Einfaches Management: Die separate Verwaltung zweier Programme, einschlie\u00dflich Installation, Aktualisierungen und Kompatibilit\u00e4t, stellt unsere Anwender vor bedeutende Herausforderungen. Diese Komplexit\u00e4t zehrt an der allgemeinen Anwendererfahrung und Produktivit\u00e4t.<\/p>\n<p>Angesichts dieser Herausforderungen gelangten wir zu dem Schluss, dass die Entwicklung einer Einzelplatzl\u00f6sung unter Einbeziehung von Rhino der beste Weg w\u00e4re, den Bed\u00fcrfnissen der Anwender nachzukommen und die Benutzerfreundlichkeit zu verbessern.<\/p>[\/et_pb_text][et_pb_divider _builder_version=&#8220;4.16&#8243; global_colors_info=&#8220;{}&#8220;][\/et_pb_divider][et_pb_text admin_label=&#8220;Reseller Starter Kit&#8220; module_id=&#8220;rsk&#8220; _builder_version=&#8220;4.16&#8243; global_colors_info=&#8220;{}&#8220;]<h2><strong>Starter-Kit f\u00fcr H\u00e4ndler<\/strong><\/h2>\n<p>Das Starter-Kit f\u00fcr Lands-Design-H\u00e4ndler kostet US$795 und enth\u00e4lt:<\/p>\n<ul>\n<li>Eine <strong>nicht f\u00fcr den Wiederverkauf<\/strong> bestimmte LAB-Version von Lands Design f\u00fcr Sie.<\/li>\n<li>Eine <strong>nicht f\u00fcr den Wiederverkauf<\/strong> bestimmte LAB-Version von VisualARQ f\u00fcr Sie.<\/li>\n<li>Zwei kommerzielle Versionen von Lands Design <strong>f\u00fcr den Wiederverkauf<\/strong>.<\/li>\n<\/ul>[\/et_pb_text][et_pb_divider _builder_version=&#8220;4.16&#8243; global_colors_info=&#8220;{}&#8220;][\/et_pb_divider][et_pb_text admin_label=&#8220;Ordering&#8220; module_id=&#8220;licensing&#8220; _builder_version=&#8220;4.24.3&#8243; global_colors_info=&#8220;{}&#8220;]<h2><strong>Kaufoptionen<\/strong><\/h2>\n<p>Wir bieten permanente Lizenzen f\u00fcr alle Lizenztypen, zusammen mit Monats- und Jahresabonnements f\u00fcr kommerzielle Lizenzen, die sowohl f\u00fcr den zeitweisen als auch langfristigen Gebrauch der Software geeignet sind.<\/p>\n<p><strong>Gr\u00fcnde f\u00fcr ein Abonnement:<\/strong><br \/>Aufgrund einer mehrj\u00e4hrigen Marktanalyse sind wir zu dem Schluss gelangt, dass die Integrierung der Abonnement-Option unseren Kundenkreis erweitern k\u00f6nnte.<\/p>\n<p>Wir haben Monats- und Jahresabonnements eingef\u00fchrt, um die Bed\u00fcrfnisse von freiberuflichen Landschaftsarchitekten und Kleinunternehmen abzudecken. F\u00fcr sie wird das Produkt somit bezahlbarer und flexibler, da ein zeitweiser Gebrauch der Software, Skalierbarkeit und Zugriff auf die neuesten Funktionen ohne zus\u00e4tzliche Kosten erm\u00f6glicht werden.<\/p>[\/et_pb_text][et_pb_divider _builder_version=&#8220;4.16&#8243; global_colors_info=&#8220;{}&#8220;][\/et_pb_divider][et_pb_text admin_label=&#8220;Ordering&#8220; module_id=&#8220;subscription&#8220; _builder_version=&#8220;4.24.3&#8243; hover_enabled=&#8220;0&#8243; global_colors_info=&#8220;{}&#8220; sticky_enabled=&#8220;0&#8243;]<h2><strong>Einzeichnung Verkaufsvorgang<\/strong><\/h2>\n<p>Auf Anfrage erhalten alle unsere H\u00e4ndler einen <strong>Filiale-Link<\/strong>. Dieser Link erscheint in ihrem Shop. Wenn ein Kunde auf diesen Link klickt und einen Kauf \u00fcber den Asuni Store t\u00e4tigt, k\u00f6nnen wir diesen Verkauf dem urspr\u00fcnglichen Shop zuordnen und garantieren, dass der H\u00e4ndler die ihm zustehende Kommission erh\u00e4lt.<\/p>[\/et_pb_text][et_pb_divider _builder_version=&#8220;4.16&#8243; global_colors_info=&#8220;{}&#8220;][\/et_pb_divider][et_pb_text admin_label=&#8220;Ordering&#8220; module_id=&#8220;ordering&#8220; _builder_version=&#8220;4.16&#8243; global_colors_info=&#8220;{}&#8220;]<h2><strong>Bestellung und Preisliste<\/strong><\/h2>\nNur f\u00fcr H\u00e4ndler. Bestellungen von Lands Design werden online vom <strong><a href=\"https:\/\/shop.asuni.com\/\">Asuni Store<\/a><\/strong> bearbeitet. Der Asuni Store berechnet Preisnachl\u00e4sse f\u00fcr H\u00e4ndler aufgrund der Bestellmenge und akzeptiert Bezahlung mit Kreditkarte und per Bank\u00fcberweisung. Als Lands-Design-H\u00e4ndler bekommen Sie einen Benutzernamen und ein Passwort f\u00fcr die Website.\n\nDie Website finden Sie hier: <strong><a href=\"https:\/\/shop.asuni.com\/\">Asuni Shop<\/a><\/strong>\n\nDie Preisliste f\u00fcr Lands Design finden Sie <a href=\"https:\/\/rhinolands.com\/de\/sales\/\">hier<\/a>.[\/et_pb_text][et_pb_divider _builder_version=&#8220;4.16&#8243; global_colors_info=&#8220;{}&#8220;][\/et_pb_divider][et_pb_text admin_label=&#8220;Discounts&#8220; module_id=&#8220;discounts&#8220; _builder_version=&#8220;4.24.2&#8243; global_colors_info=&#8220;{}&#8220;]<h2><strong>Preisnachl\u00e4sse<\/strong><\/h2>\n<p>Preisnachl\u00e4sse f\u00fcr H\u00e4ndler werden nach Menge gew\u00e4hrt:<\/p>\n<table id=\"table1\" border=\"0\" cellspacing=\"0\" cellpadding=\"0\">\n<tbody>\n<tr>\n<td colspan=\"2\" valign=\"top\"><strong>Permanente kommerzielle und Studentenlizenzen<\/strong><\/td>\n<\/tr>\n<tr>\n<td valign=\"top\">Menge<\/td>\n<td valign=\"top\">Erm\u00e4\u00dfigung<\/td>\n<\/tr>\n<tr>\n<td valign=\"top\">1<\/td>\n<td valign=\"top\">15 %<\/td>\n<\/tr>\n<tr>\n<td valign=\"top\">2-9<\/td>\n<td valign=\"top\">25%<\/td>\n<\/tr>\n<tr>\n<td valign=\"top\">10+<\/td>\n<td valign=\"top\">35 %<\/td>\n<\/tr>\n<\/tbody>\n<\/table>\n<p>&nbsp;<\/p>\n<table id=\"table1\" border=\"0\" cellspacing=\"0\" cellpadding=\"0\">\n<tbody>\n<tr>\n<td colspan=\"2\" valign=\"top\"><strong>Permanente Lab-Lizenzen und School-Kits\u00a0<\/strong><\/td>\n<\/tr>\n<tr>\n<td valign=\"top\">Menge<\/td>\n<td valign=\"top\">Erm\u00e4\u00dfigung<\/td>\n<\/tr>\n<tr>\n<td valign=\"top\">1+<\/td>\n<td valign=\"top\">30 %<\/td>\n<\/tr>\n<\/tbody>\n<\/table>\n<p>&nbsp;<\/p>\n<table id=\"table1\" border=\"0\" cellspacing=\"0\" cellpadding=\"0\">\n<tbody>\n<tr>\n<td colspan=\"2\" valign=\"top\"><strong>Kommerzielle Subskriptionen<\/strong><\/td>\n<\/tr>\n<tr>\n<td colspan=\"2\"><span>Um den Verkauf von Subskriptionen zu vereinfachen, erh\u00e4lt jeder H\u00e4ndler einen einmaligen Link, womit eine genaue Zuweisung der Verk\u00e4ufe und automatisierte Provisionsverteilung garantiert wird. Durch diese Vorgehensweise werden Komplikationen bei der Zahlung auf ein Mindestma\u00df reduziert.<\/span><strong><br \/><\/strong><\/td>\n<\/tr>\n<tr>\n<td valign=\"top\">1+<\/td>\n<td valign=\"top\">20 %<\/td>\n<\/tr>\n<\/tbody>\n<\/table>[\/et_pb_text][et_pb_divider _builder_version=&#8220;4.16&#8243; global_colors_info=&#8220;{}&#8220;][\/et_pb_divider][et_pb_text admin_label=&#8220;Marketing&#8220; module_id=&#8220;marketing&#8220; _builder_version=&#8220;4.16&#8243; global_colors_info=&#8220;{}&#8220;]<h2><strong>Marketing<\/strong><\/h2>\n<p>Hier finden Sie Marketingmaterial f\u00fcr Ihre Website, Demos und Pr\u00e4sentationen:<\/p>\n<ul>\n<li><a href=\"https:\/\/www.flickr.com\/photos\/43552453@N02\" target=\"_blank\" rel=\"noopener noreferrer\">Bilder (Lands Design auf Flickr)<\/a><\/li>\n<li><a href=\"https:\/\/www.youtube.com\/user\/AsuniLands\" target=\"_blank\" rel=\"noopener noreferrer\">Videos (Lands Design auf YouTube)<\/a><\/li>\n<li><a href=\"https:\/\/rhinolands.com\/de\/reseller\/marketing\/\">Marketing (Logos)<\/a><\/li>\n<\/ul>[\/et_pb_text][\/et_pb_column][\/et_pb_row][\/et_pb_section]","protected":false},"excerpt":{"rendered":"<p>Neue H\u00e4ndler Starter-Kit f\u00fcr H\u00e4ndler Unsere Produkte Kaufoptionen Einzeichnung Verkaufsvorgang Bestellung und Preisliste H\u00e4ndlerpreisnachl\u00e4sse Marketing Neue H\u00e4ndler Um offizieller H\u00e4ndler f\u00fcr Lands Design werden zu k\u00f6nnen, Tun Sie bitte folgendes: Lesen Sie sich die Bedingungen f\u00fcr H\u00e4ndler durch: H\u00e4ndler m\u00fcssen aktuelle Informationen zu Lands Design auf ihrer Website ver\u00f6ffentlichen. Wir garantieren hundertprozentige Zufriedenheit. Von unseren [&hellip;]<\/p>\n","protected":false},"author":1,"featured_media":0,"parent":0,"menu_order":998,"comment_status":"closed","ping_status":"closed","template":"","meta":{"_et_pb_use_builder":"on","_et_pb_old_content":"","_et_gb_content_width":"","footnotes":""},"class_list":["post-59933","page","type-page","status-publish","hentry"],"yoast_head":"<!-- This site is optimized with the Yoast SEO plugin v27.3 - https:\/\/yoast.com\/product\/yoast-seo-wordpress\/ -->\n<title>H\u00e4ndler - RhinoLands<\/title>\n<meta name=\"robots\" content=\"index, follow, max-snippet:-1, max-image-preview:large, max-video-preview:-1\" \/>\n<link rel=\"canonical\" href=\"https:\/\/rhinolands.com\/de\/reseller\/\" \/>\n<meta property=\"og:locale\" content=\"de_DE\" \/>\n<meta property=\"og:type\" content=\"article\" \/>\n<meta property=\"og:title\" content=\"H\u00e4ndler - RhinoLands\" \/>\n<meta property=\"og:description\" content=\"Neue H\u00e4ndler Starter-Kit f\u00fcr H\u00e4ndler Unsere Produkte Kaufoptionen Einzeichnung Verkaufsvorgang Bestellung und Preisliste H\u00e4ndlerpreisnachl\u00e4sse Marketing Neue H\u00e4ndler Um offizieller H\u00e4ndler f\u00fcr Lands Design werden zu k\u00f6nnen, Tun Sie bitte folgendes: Lesen Sie sich die Bedingungen f\u00fcr H\u00e4ndler durch: H\u00e4ndler m\u00fcssen aktuelle Informationen zu Lands Design auf ihrer Website ver\u00f6ffentlichen. Wir garantieren hundertprozentige Zufriedenheit. Von unseren [&hellip;]\" \/>\n<meta property=\"og:url\" content=\"https:\/\/rhinolands.com\/de\/reseller\/\" \/>\n<meta property=\"og:site_name\" content=\"RhinoLands\" \/>\n<meta property=\"article:modified_time\" content=\"2024-04-19T08:29:57+00:00\" \/>\n<meta name=\"twitter:card\" content=\"summary_large_image\" \/>\n<meta name=\"twitter:label1\" content=\"Gesch\u00e4tzte Lesezeit\" \/>\n\t<meta name=\"twitter:data1\" content=\"6\u00a0Minuten\" \/>\n<script type=\"application\/ld+json\" class=\"yoast-schema-graph\">{\"@context\":\"https:\\\/\\\/schema.org\",\"@graph\":[{\"@type\":\"WebPage\",\"@id\":\"https:\\\/\\\/rhinolands.com\\\/de\\\/reseller\\\/\",\"url\":\"https:\\\/\\\/rhinolands.com\\\/de\\\/reseller\\\/\",\"name\":\"H\u00e4ndler - RhinoLands\",\"isPartOf\":{\"@id\":\"https:\\\/\\\/rhinolands.com\\\/de\\\/#website\"},\"datePublished\":\"2020-02-11T12:34:40+00:00\",\"dateModified\":\"2024-04-19T08:29:57+00:00\",\"breadcrumb\":{\"@id\":\"https:\\\/\\\/rhinolands.com\\\/de\\\/reseller\\\/#breadcrumb\"},\"inLanguage\":\"de\",\"potentialAction\":[{\"@type\":\"ReadAction\",\"target\":[\"https:\\\/\\\/rhinolands.com\\\/de\\\/reseller\\\/\"]}]},{\"@type\":\"BreadcrumbList\",\"@id\":\"https:\\\/\\\/rhinolands.com\\\/de\\\/reseller\\\/#breadcrumb\",\"itemListElement\":[{\"@type\":\"ListItem\",\"position\":1,\"name\":\"Home\",\"item\":\"https:\\\/\\\/rhinolands.com\\\/de\\\/\"},{\"@type\":\"ListItem\",\"position\":2,\"name\":\"H\u00e4ndler\"}]},{\"@type\":\"WebSite\",\"@id\":\"https:\\\/\\\/rhinolands.com\\\/de\\\/#website\",\"url\":\"https:\\\/\\\/rhinolands.com\\\/de\\\/\",\"name\":\"RhinoLands\",\"description\":\"BIM landscape software\",\"publisher\":{\"@id\":\"https:\\\/\\\/rhinolands.com\\\/de\\\/#organization\"},\"potentialAction\":[{\"@type\":\"SearchAction\",\"target\":{\"@type\":\"EntryPoint\",\"urlTemplate\":\"https:\\\/\\\/rhinolands.com\\\/de\\\/?s={search_term_string}\"},\"query-input\":{\"@type\":\"PropertyValueSpecification\",\"valueRequired\":true,\"valueName\":\"search_term_string\"}}],\"inLanguage\":\"de\"},{\"@type\":\"Organization\",\"@id\":\"https:\\\/\\\/rhinolands.com\\\/de\\\/#organization\",\"name\":\"Asuni Soft\",\"url\":\"https:\\\/\\\/rhinolands.com\\\/de\\\/\",\"logo\":{\"@type\":\"ImageObject\",\"inLanguage\":\"de\",\"@id\":\"https:\\\/\\\/rhinolands.com\\\/de\\\/#\\\/schema\\\/logo\\\/image\\\/\",\"url\":\"https:\\\/\\\/rhinolands.com\\\/wp-content\\\/uploads\\\/2020\\\/02\\\/AsuniLogoFinal-01.png\",\"contentUrl\":\"https:\\\/\\\/rhinolands.com\\\/wp-content\\\/uploads\\\/2020\\\/02\\\/AsuniLogoFinal-01.png\",\"width\":151,\"height\":46,\"caption\":\"Asuni Soft\"},\"image\":{\"@id\":\"https:\\\/\\\/rhinolands.com\\\/de\\\/#\\\/schema\\\/logo\\\/image\\\/\"}}]}<\/script>\n<!-- \/ Yoast SEO plugin. -->","yoast_head_json":{"title":"H\u00e4ndler - RhinoLands","robots":{"index":"index","follow":"follow","max-snippet":"max-snippet:-1","max-image-preview":"max-image-preview:large","max-video-preview":"max-video-preview:-1"},"canonical":"https:\/\/rhinolands.com\/de\/reseller\/","og_locale":"de_DE","og_type":"article","og_title":"H\u00e4ndler - RhinoLands","og_description":"Neue H\u00e4ndler Starter-Kit f\u00fcr H\u00e4ndler Unsere Produkte Kaufoptionen Einzeichnung Verkaufsvorgang Bestellung und Preisliste H\u00e4ndlerpreisnachl\u00e4sse Marketing Neue H\u00e4ndler Um offizieller H\u00e4ndler f\u00fcr Lands Design werden zu k\u00f6nnen, Tun Sie bitte folgendes: Lesen Sie sich die Bedingungen f\u00fcr H\u00e4ndler durch: H\u00e4ndler m\u00fcssen aktuelle Informationen zu Lands Design auf ihrer Website ver\u00f6ffentlichen. Wir garantieren hundertprozentige Zufriedenheit. Von unseren [&hellip;]","og_url":"https:\/\/rhinolands.com\/de\/reseller\/","og_site_name":"RhinoLands","article_modified_time":"2024-04-19T08:29:57+00:00","twitter_card":"summary_large_image","twitter_misc":{"Gesch\u00e4tzte Lesezeit":"6\u00a0Minuten"},"schema":{"@context":"https:\/\/schema.org","@graph":[{"@type":"WebPage","@id":"https:\/\/rhinolands.com\/de\/reseller\/","url":"https:\/\/rhinolands.com\/de\/reseller\/","name":"H\u00e4ndler - RhinoLands","isPartOf":{"@id":"https:\/\/rhinolands.com\/de\/#website"},"datePublished":"2020-02-11T12:34:40+00:00","dateModified":"2024-04-19T08:29:57+00:00","breadcrumb":{"@id":"https:\/\/rhinolands.com\/de\/reseller\/#breadcrumb"},"inLanguage":"de","potentialAction":[{"@type":"ReadAction","target":["https:\/\/rhinolands.com\/de\/reseller\/"]}]},{"@type":"BreadcrumbList","@id":"https:\/\/rhinolands.com\/de\/reseller\/#breadcrumb","itemListElement":[{"@type":"ListItem","position":1,"name":"Home","item":"https:\/\/rhinolands.com\/de\/"},{"@type":"ListItem","position":2,"name":"H\u00e4ndler"}]},{"@type":"WebSite","@id":"https:\/\/rhinolands.com\/de\/#website","url":"https:\/\/rhinolands.com\/de\/","name":"RhinoLands","description":"BIM landscape software","publisher":{"@id":"https:\/\/rhinolands.com\/de\/#organization"},"potentialAction":[{"@type":"SearchAction","target":{"@type":"EntryPoint","urlTemplate":"https:\/\/rhinolands.com\/de\/?s={search_term_string}"},"query-input":{"@type":"PropertyValueSpecification","valueRequired":true,"valueName":"search_term_string"}}],"inLanguage":"de"},{"@type":"Organization","@id":"https:\/\/rhinolands.com\/de\/#organization","name":"Asuni Soft","url":"https:\/\/rhinolands.com\/de\/","logo":{"@type":"ImageObject","inLanguage":"de","@id":"https:\/\/rhinolands.com\/de\/#\/schema\/logo\/image\/","url":"https:\/\/rhinolands.com\/wp-content\/uploads\/2020\/02\/AsuniLogoFinal-01.png","contentUrl":"https:\/\/rhinolands.com\/wp-content\/uploads\/2020\/02\/AsuniLogoFinal-01.png","width":151,"height":46,"caption":"Asuni Soft"},"image":{"@id":"https:\/\/rhinolands.com\/de\/#\/schema\/logo\/image\/"}}]}},"_links":{"self":[{"href":"https:\/\/rhinolands.com\/de\/wp-json\/wp\/v2\/pages\/59933","targetHints":{"allow":["GET"]}}],"collection":[{"href":"https:\/\/rhinolands.com\/de\/wp-json\/wp\/v2\/pages"}],"about":[{"href":"https:\/\/rhinolands.com\/de\/wp-json\/wp\/v2\/types\/page"}],"author":[{"embeddable":true,"href":"https:\/\/rhinolands.com\/de\/wp-json\/wp\/v2\/users\/1"}],"replies":[{"embeddable":true,"href":"https:\/\/rhinolands.com\/de\/wp-json\/wp\/v2\/comments?post=59933"}],"version-history":[{"count":3,"href":"https:\/\/rhinolands.com\/de\/wp-json\/wp\/v2\/pages\/59933\/revisions"}],"predecessor-version":[{"id":81283,"href":"https:\/\/rhinolands.com\/de\/wp-json\/wp\/v2\/pages\/59933\/revisions\/81283"}],"wp:attachment":[{"href":"https:\/\/rhinolands.com\/de\/wp-json\/wp\/v2\/media?parent=59933"}],"curies":[{"name":"wp","href":"https:\/\/api.w.org\/{rel}","templated":true}]}}