{"id":59945,"date":"2020-02-11T12:35:02","date_gmt":"2020-02-11T12:35:02","guid":{"rendered":"https:\/\/rhinolands.com\/sales\/statusnachweis\/"},"modified":"2025-06-11T10:44:14","modified_gmt":"2025-06-11T08:44:14","slug":"proof-of-academic-status","status":"publish","type":"page","link":"https:\/\/rhinolands.com\/de\/sales\/proof-of-academic-status\/","title":{"rendered":"Statusnachweis"},"content":{"rendered":"\n<h1 class=\"wp-block-heading\">Statusnachweis<\/h1>\n\n<p>Schul- und LAB-versionen sind nur mit Statusnachweis erh\u00e4ltlich.<\/p>\n\n<h2 class=\"wp-block-heading\">Sch\u00fcler und Studenten<\/h2>\n\n<p>Sch\u00fcler bzw. Studenten (mindestens ein Semester) einer Sekund\u00e4rschule, Weiterf\u00fchrenden Schule oder Hochschule bzw. Universit\u00e4t k\u00f6nnen gegen Vorlage eines entsprechenden Ausweises eine erm\u00e4\u00dfigte Einzelnutzer-Studentenlizenz erwerben. Studenten m\u00fcssen an einer Fachschule oder Universit\u00e4t in den Bereichen Architektur, Ingenieurwesen, Design, Landwirtschaft oder Umweltstudien eingeschrieben sein. Studierende anderer Fachrichtungen (z. B. Literatur oder Medizin) sind nicht zugelassen.\u00a0<\/p>\n\n<p>Legen Sie Ihrer Bestellung bitte eines der folgenden Dokumente bei. Das Dokument muss das\u00a0<strong>aktuelle Datum<\/strong>\u00a0(nicht \u00e4lter als 2 Monate), das\u00a0<strong>aktuelle Semester<\/strong>, den\u00a0<strong>Namen Ihrer Schule\/Universit\u00e4t<\/strong>\u00a0und\u00a0<strong>Ihren vollst\u00e4ndigen Namen<\/strong> enthalten:<\/p>\n\n<ul class=\"wp-block-list\">\n<li>Ihre Leistungsbewertungen mit Datum des aktuellen Schuljahrs bzw. Semesters<\/li>\n\n\n\n<li>Quittung der Anmeldegeb\u00fchr f\u00fcr das laufende Schuljahr<\/li>\n\n\n\n<li>Ein durch das Bildungszentrum gezeichnetes Dokument zur Zertifizierung Ihrer Teilnahme am aktuellen Schuljahr bzw. Semester<\/li>\n<\/ul>\n\n<p>Bitte beachten Sie:<\/p>\n\n<ul class=\"wp-block-list\">\n<li>Sch\u00fcler- bzw. Studentenausweise sind nicht zul\u00e4ssig.<\/li>\n\n\n\n<li>Die Teilnahme an einem einfachen Rhino-Kurs ist daf\u00fcr nicht ausreichend.<\/li>\n\n\n\n<li>Stiftungen, Museen, Wohlt\u00e4tigkeitsorganisationen, Nichtregierungsorganisationen, Pension\u00e4re und Hobbybastler sind nicht zum Erwerb von Studentenlizenzen berechtigt.<\/li>\n<\/ul>\n\n<p><\/p>\n\n<h2 class=\"wp-block-heading\">Lehrpersonal\/Belegschaft<\/h2>\n\n<p>Wer als Teil des Lehrpersonals oder Belegschaft einer staatlich anerkannten Bildungseinrichtung t\u00e4tig ist, kann gegen Vorlage eines entsprechenden Ausweises eine erm\u00e4\u00dfigte Einzelnutzer-Studentenlizenz erwerben. Die Lehrkr\u00e4fte m\u00fcssen an einer Fachschule oder Universit\u00e4t in den Bereichen Architektur, Ingenieurwesen, Design, Landwirtschaft oder Umweltstudien angestellt sein.<\/p>\n\n<p>Legen Sie Ihrer Bestellung bitte eines der folgenden Dokumente bei. Das Dokument muss das\u00a0<strong>aktuelle Datum<\/strong>\u00a0(nicht \u00e4lter als 2 Monate), das\u00a0<strong>aktuelle Semester<\/strong>, den\u00a0<strong>Namen Ihrer Schule\/Universit\u00e4t<\/strong>\u00a0und\u00a0<strong>Ihren vollst\u00e4ndigen Namen<\/strong> enthalten:<\/p>\n\n<ul class=\"wp-block-list\">\n<li>Gehaltsabrechnung des Vormonats mit dem Namen Ihrer Schule\/Universit\u00e4t (vertrauliche Informationen k\u00f6nnen Sie ausblenden)<\/li>\n\n\n\n<li>Einstellungsvertrag mit Angabe des aktuellen Semesters<\/li>\n\n\n\n<li>Ein von der Bildungseinrichtung unterzeichnetes Dokument, das Ihren Status als Lehrkraft\/Mitarbeiter f\u00fcr das laufende Semester\/Schuljahr best\u00e4tigt<\/li>\n<\/ul>\n\n<p><\/p>\n\n<h2 class=\"wp-block-heading\">Bildungseinrichtungen<\/h2>\n\n<p>Staatlich anerkannte Bildungseinrichtungen k\u00f6nnen Einzelnutzer-Studentenlizenzen oder Lab-Lizenzen anhand einer Schulbestellung oder Eink\u00e4uferkarte erwerben. Legen Sie Ihrer Bestellung bitte eines der folgenden Dokumente bei:<\/p>\n\n<ul class=\"wp-block-list\">\n<li>Gehaltsnachweis des aktuellen Schuljahrs bzw. Semesters Vertrauliche Informationen k\u00f6nnen Sie unkenntlich machen<\/li>\n\n\n\n<li>Bescheinigung \u00fcber die Steuerbefreiung der Schule<\/li>\n<\/ul>\n","protected":false},"excerpt":{"rendered":"<p>Statusnachweis Schul- und LAB-versionen sind nur mit Statusnachweis erh\u00e4ltlich. Sch\u00fcler und Studenten Sch\u00fcler bzw. Studenten (mindestens ein Semester) einer Sekund\u00e4rschule, Weiterf\u00fchrenden Schule oder Hochschule bzw. Universit\u00e4t k\u00f6nnen gegen Vorlage eines entsprechenden Ausweises eine erm\u00e4\u00dfigte Einzelnutzer-Studentenlizenz erwerben. Studenten m\u00fcssen an einer Fachschule oder Universit\u00e4t in den Bereichen Architektur, Ingenieurwesen, Design, Landwirtschaft oder Umweltstudien eingeschrieben sein. Studierende [&hellip;]<\/p>\n","protected":false},"author":14,"featured_media":0,"parent":59937,"menu_order":0,"comment_status":"closed","ping_status":"closed","template":"","meta":{"_et_pb_use_builder":"off","_et_pb_old_content":"","_et_gb_content_width":"","footnotes":""},"class_list":["post-59945","page","type-page","status-publish","hentry"],"yoast_head":"<!-- This site is optimized with the Yoast SEO plugin v27.3 - https:\/\/yoast.com\/product\/yoast-seo-wordpress\/ -->\n<title>Statusnachweis - RhinoLands<\/title>\n<meta name=\"robots\" content=\"index, follow, max-snippet:-1, max-image-preview:large, max-video-preview:-1\" \/>\n<link rel=\"canonical\" href=\"https:\/\/rhinolands.com\/de\/sales\/proof-of-academic-status\/\" \/>\n<meta property=\"og:locale\" content=\"de_DE\" \/>\n<meta property=\"og:type\" content=\"article\" \/>\n<meta property=\"og:title\" content=\"Statusnachweis - RhinoLands\" \/>\n<meta property=\"og:description\" content=\"Statusnachweis Schul- und LAB-versionen sind nur mit Statusnachweis erh\u00e4ltlich. Sch\u00fcler und Studenten Sch\u00fcler bzw. Studenten (mindestens ein Semester) einer Sekund\u00e4rschule, Weiterf\u00fchrenden Schule oder Hochschule bzw. Universit\u00e4t k\u00f6nnen gegen Vorlage eines entsprechenden Ausweises eine erm\u00e4\u00dfigte Einzelnutzer-Studentenlizenz erwerben. Studenten m\u00fcssen an einer Fachschule oder Universit\u00e4t in den Bereichen Architektur, Ingenieurwesen, Design, Landwirtschaft oder Umweltstudien eingeschrieben sein. Studierende [&hellip;]\" \/>\n<meta property=\"og:url\" content=\"https:\/\/rhinolands.com\/de\/sales\/proof-of-academic-status\/\" \/>\n<meta property=\"og:site_name\" content=\"RhinoLands\" \/>\n<meta property=\"article:modified_time\" content=\"2025-06-11T08:44:14+00:00\" \/>\n<meta name=\"twitter:card\" content=\"summary_large_image\" \/>\n<meta name=\"twitter:label1\" content=\"Gesch\u00e4tzte Lesezeit\" \/>\n\t<meta name=\"twitter:data1\" content=\"2\u00a0Minuten\" \/>\n<script type=\"application\/ld+json\" class=\"yoast-schema-graph\">{\"@context\":\"https:\\\/\\\/schema.org\",\"@graph\":[{\"@type\":\"WebPage\",\"@id\":\"https:\\\/\\\/rhinolands.com\\\/de\\\/sales\\\/proof-of-academic-status\\\/\",\"url\":\"https:\\\/\\\/rhinolands.com\\\/de\\\/sales\\\/proof-of-academic-status\\\/\",\"name\":\"Statusnachweis - RhinoLands\",\"isPartOf\":{\"@id\":\"https:\\\/\\\/rhinolands.com\\\/de\\\/#website\"},\"datePublished\":\"2020-02-11T12:35:02+00:00\",\"dateModified\":\"2025-06-11T08:44:14+00:00\",\"breadcrumb\":{\"@id\":\"https:\\\/\\\/rhinolands.com\\\/de\\\/sales\\\/proof-of-academic-status\\\/#breadcrumb\"},\"inLanguage\":\"de\",\"potentialAction\":[{\"@type\":\"ReadAction\",\"target\":[\"https:\\\/\\\/rhinolands.com\\\/de\\\/sales\\\/proof-of-academic-status\\\/\"]}]},{\"@type\":\"BreadcrumbList\",\"@id\":\"https:\\\/\\\/rhinolands.com\\\/de\\\/sales\\\/proof-of-academic-status\\\/#breadcrumb\",\"itemListElement\":[{\"@type\":\"ListItem\",\"position\":1,\"name\":\"Home\",\"item\":\"https:\\\/\\\/rhinolands.com\\\/de\\\/\"},{\"@type\":\"ListItem\",\"position\":2,\"name\":\"Verkauf\",\"item\":\"https:\\\/\\\/rhinolands.com\\\/de\\\/sales\\\/\"},{\"@type\":\"ListItem\",\"position\":3,\"name\":\"Statusnachweis\"}]},{\"@type\":\"WebSite\",\"@id\":\"https:\\\/\\\/rhinolands.com\\\/de\\\/#website\",\"url\":\"https:\\\/\\\/rhinolands.com\\\/de\\\/\",\"name\":\"RhinoLands\",\"description\":\"BIM landscape software\",\"publisher\":{\"@id\":\"https:\\\/\\\/rhinolands.com\\\/de\\\/#organization\"},\"potentialAction\":[{\"@type\":\"SearchAction\",\"target\":{\"@type\":\"EntryPoint\",\"urlTemplate\":\"https:\\\/\\\/rhinolands.com\\\/de\\\/?s={search_term_string}\"},\"query-input\":{\"@type\":\"PropertyValueSpecification\",\"valueRequired\":true,\"valueName\":\"search_term_string\"}}],\"inLanguage\":\"de\"},{\"@type\":\"Organization\",\"@id\":\"https:\\\/\\\/rhinolands.com\\\/de\\\/#organization\",\"name\":\"Asuni Soft\",\"url\":\"https:\\\/\\\/rhinolands.com\\\/de\\\/\",\"logo\":{\"@type\":\"ImageObject\",\"inLanguage\":\"de\",\"@id\":\"https:\\\/\\\/rhinolands.com\\\/de\\\/#\\\/schema\\\/logo\\\/image\\\/\",\"url\":\"https:\\\/\\\/rhinolands.com\\\/wp-content\\\/uploads\\\/2020\\\/02\\\/AsuniLogoFinal-01.png\",\"contentUrl\":\"https:\\\/\\\/rhinolands.com\\\/wp-content\\\/uploads\\\/2020\\\/02\\\/AsuniLogoFinal-01.png\",\"width\":151,\"height\":46,\"caption\":\"Asuni Soft\"},\"image\":{\"@id\":\"https:\\\/\\\/rhinolands.com\\\/de\\\/#\\\/schema\\\/logo\\\/image\\\/\"}}]}<\/script>\n<!-- \/ Yoast SEO plugin. -->","yoast_head_json":{"title":"Statusnachweis - RhinoLands","robots":{"index":"index","follow":"follow","max-snippet":"max-snippet:-1","max-image-preview":"max-image-preview:large","max-video-preview":"max-video-preview:-1"},"canonical":"https:\/\/rhinolands.com\/de\/sales\/proof-of-academic-status\/","og_locale":"de_DE","og_type":"article","og_title":"Statusnachweis - RhinoLands","og_description":"Statusnachweis Schul- und LAB-versionen sind nur mit Statusnachweis erh\u00e4ltlich. Sch\u00fcler und Studenten Sch\u00fcler bzw. Studenten (mindestens ein Semester) einer Sekund\u00e4rschule, Weiterf\u00fchrenden Schule oder Hochschule bzw. Universit\u00e4t k\u00f6nnen gegen Vorlage eines entsprechenden Ausweises eine erm\u00e4\u00dfigte Einzelnutzer-Studentenlizenz erwerben. Studenten m\u00fcssen an einer Fachschule oder Universit\u00e4t in den Bereichen Architektur, Ingenieurwesen, Design, Landwirtschaft oder Umweltstudien eingeschrieben sein. Studierende [&hellip;]","og_url":"https:\/\/rhinolands.com\/de\/sales\/proof-of-academic-status\/","og_site_name":"RhinoLands","article_modified_time":"2025-06-11T08:44:14+00:00","twitter_card":"summary_large_image","twitter_misc":{"Gesch\u00e4tzte Lesezeit":"2\u00a0Minuten"},"schema":{"@context":"https:\/\/schema.org","@graph":[{"@type":"WebPage","@id":"https:\/\/rhinolands.com\/de\/sales\/proof-of-academic-status\/","url":"https:\/\/rhinolands.com\/de\/sales\/proof-of-academic-status\/","name":"Statusnachweis - RhinoLands","isPartOf":{"@id":"https:\/\/rhinolands.com\/de\/#website"},"datePublished":"2020-02-11T12:35:02+00:00","dateModified":"2025-06-11T08:44:14+00:00","breadcrumb":{"@id":"https:\/\/rhinolands.com\/de\/sales\/proof-of-academic-status\/#breadcrumb"},"inLanguage":"de","potentialAction":[{"@type":"ReadAction","target":["https:\/\/rhinolands.com\/de\/sales\/proof-of-academic-status\/"]}]},{"@type":"BreadcrumbList","@id":"https:\/\/rhinolands.com\/de\/sales\/proof-of-academic-status\/#breadcrumb","itemListElement":[{"@type":"ListItem","position":1,"name":"Home","item":"https:\/\/rhinolands.com\/de\/"},{"@type":"ListItem","position":2,"name":"Verkauf","item":"https:\/\/rhinolands.com\/de\/sales\/"},{"@type":"ListItem","position":3,"name":"Statusnachweis"}]},{"@type":"WebSite","@id":"https:\/\/rhinolands.com\/de\/#website","url":"https:\/\/rhinolands.com\/de\/","name":"RhinoLands","description":"BIM landscape software","publisher":{"@id":"https:\/\/rhinolands.com\/de\/#organization"},"potentialAction":[{"@type":"SearchAction","target":{"@type":"EntryPoint","urlTemplate":"https:\/\/rhinolands.com\/de\/?s={search_term_string}"},"query-input":{"@type":"PropertyValueSpecification","valueRequired":true,"valueName":"search_term_string"}}],"inLanguage":"de"},{"@type":"Organization","@id":"https:\/\/rhinolands.com\/de\/#organization","name":"Asuni Soft","url":"https:\/\/rhinolands.com\/de\/","logo":{"@type":"ImageObject","inLanguage":"de","@id":"https:\/\/rhinolands.com\/de\/#\/schema\/logo\/image\/","url":"https:\/\/rhinolands.com\/wp-content\/uploads\/2020\/02\/AsuniLogoFinal-01.png","contentUrl":"https:\/\/rhinolands.com\/wp-content\/uploads\/2020\/02\/AsuniLogoFinal-01.png","width":151,"height":46,"caption":"Asuni Soft"},"image":{"@id":"https:\/\/rhinolands.com\/de\/#\/schema\/logo\/image\/"}}]}},"_links":{"self":[{"href":"https:\/\/rhinolands.com\/de\/wp-json\/wp\/v2\/pages\/59945","targetHints":{"allow":["GET"]}}],"collection":[{"href":"https:\/\/rhinolands.com\/de\/wp-json\/wp\/v2\/pages"}],"about":[{"href":"https:\/\/rhinolands.com\/de\/wp-json\/wp\/v2\/types\/page"}],"author":[{"embeddable":true,"href":"https:\/\/rhinolands.com\/de\/wp-json\/wp\/v2\/users\/14"}],"replies":[{"embeddable":true,"href":"https:\/\/rhinolands.com\/de\/wp-json\/wp\/v2\/comments?post=59945"}],"version-history":[{"count":3,"href":"https:\/\/rhinolands.com\/de\/wp-json\/wp\/v2\/pages\/59945\/revisions"}],"predecessor-version":[{"id":84351,"href":"https:\/\/rhinolands.com\/de\/wp-json\/wp\/v2\/pages\/59945\/revisions\/84351"}],"up":[{"embeddable":true,"href":"https:\/\/rhinolands.com\/de\/wp-json\/wp\/v2\/pages\/59937"}],"wp:attachment":[{"href":"https:\/\/rhinolands.com\/de\/wp-json\/wp\/v2\/media?parent=59945"}],"curies":[{"name":"wp","href":"https:\/\/api.w.org\/{rel}","templated":true}]}}