{"id":61804,"date":"2020-02-24T11:38:36","date_gmt":"2020-02-24T11:38:36","guid":{"rendered":"https:\/\/rhinolands.com\/lands-design-grasshopper-komponenten\/"},"modified":"2022-03-28T10:49:57","modified_gmt":"2022-03-28T08:49:57","slug":"lands-gh-components","status":"publish","type":"page","link":"https:\/\/rhinolands.com\/de\/learn\/lands-gh-components\/","title":{"rendered":"Lands Design Grasshopper-Komponenten"},"content":{"rendered":"[et_pb_section fb_built=&#8220;1&#8243; _builder_version=&#8220;4.2&#8243; global_colors_info=&#8220;{}&#8220;][et_pb_row _builder_version=&#8220;4.2&#8243; global_colors_info=&#8220;{}&#8220;][et_pb_column type=&#8220;4_4&#8243; _builder_version=&#8220;4.2&#8243; global_colors_info=&#8220;{}&#8220;][et_pb_post_title meta=&#8220;off&#8220; featured_image=&#8220;off&#8220; _builder_version=&#8220;4.2&#8243; global_colors_info=&#8220;{}&#8220;][\/et_pb_post_title][et_pb_image src=&#8220;https:\/\/rhinolands.com\/wp-content\/uploads\/2020\/01\/lands_gh_ribbon.png&#8220; _builder_version=&#8220;4.2&#8243; global_colors_info=&#8220;{}&#8220;][\/et_pb_image][et_pb_text _builder_version=&#8220;4.4.1&#8243; global_colors_info=&#8220;{}&#8220;]<p>Die Lands-Grasshopperkomponenten sind in Grasshopper verf\u00fcgbare Lands-Design-Werkzeuge wie Pflanzen, W\u00e4lder oder Gel\u00e4nde Sie k\u00f6nnen damit viele Modellierungsaufgaben in Rhino and Grasshopper automatisieren.<\/p>\n<p>\u00dcbrigens\u2026.<\/p>\n<h3>Was ist Grasshopper?<\/h3>\n<p><a href=\"https:\/\/www.grasshopper3d.com\/\">Grasshopper<\/a> ist ein in Rhino integrierter grafischer Algorithmeneditor.<\/p>\n<p>Im Gegensatz zu anderen Programmiersprachen erfordert Grasshopper keine Programmier- oder Scripting-Kenntnisse, erlaubt aber trotzdem, dass Entwickler und Designer Algorithmen zur Formerzeugung entwickeln, ohne Code schreiben zu m\u00fcssen.<\/p>\n<p>Grundkenntnisse in Grasshopper werden vor Verwendung der Lands-Grasshopper-Komponenten empfohlen<\/p>\n<ul>\n<li style=\"font-weight: 400;\"><a href=\"https:\/\/vimeopro.com\/rhino\/grasshopper-getting-started-by-david-rutten\">Erste-Schritte-Videos<\/a> (von David Rutten)<\/li>\n<\/ul>\n<br>\n<h3>Dokumentation:<\/h3>\n<p>Die vollst\u00e4ndige Liste und Beschreibung der Lands Grasshopper Components finden Sie auf der <a href=\"http:\/\/grasshopperdocs.com\/addons\/lands-design.html\">Grasshopper Docs<\/a> Website. <\/p>\n<br>\n<h3>Erste Schritte:<\/h3>\n<p>Unten finden Sie einige einfache Tutorials f\u00fcr den Einstieg in Lands-Grasshopper-Komponenten.<br \/>F\u00fchren Sie den Befehl Grasshopper aus, um Grasshopper zu starten.<\/p>\n<p>Die Lands-Komponenten sind nun im Lands-Reiter des Grasshopper-Fensters zu finden. Wird der Reiter Lands nicht angezeigt, bedeutet dies dass Lands Design nicht in Rhino geladen wurde. Schlie\u00dfen Sie Grasshopper und laden Sie Lands in Rhino (geben Sie dazu einen beliebigen Lands-Befehl ein (z.B. \u201claPflanze\u201c)).<\/p>[\/et_pb_text][et_pb_text admin_label=&#8220;Video tutorials&#8220; _builder_version=&#8220;4.14.8&#8243; hover_enabled=&#8220;0&#8243; global_colors_info=&#8220;{}&#8220; sticky_enabled=&#8220;0&#8243;]<h3>Video-Tutorials<\/h3>\n<ul>\n<li>Tutorial 1:<strong> <a href=\"https:\/\/www.youtube.com\/watch?v=42lYyJPhCeA&#038;list=PLBKOaJp17CZonPD79EVh3BjClXk9LlTuW&#038;index=1\" target=\"_blank\" rel=\"noopener noreferrer\">\u00dcbersicht \u00fcber die Benutzeroberfl\u00e4che<\/a><\/strong><\/li>\n<li>Tutorial 2: <strong><a href=\"https:\/\/www.youtube.com\/watch?v=KaS0it3TH5w&#038;list=PLBKOaJp17CZonPD79EVh3BjClXk9LlTuW&#038;index=2\" target=\"_blank\" rel=\"noopener noreferrer\">Pflanze einf\u00fcgen<\/a><\/strong><\/li>\n<li>Tutorial 3: <strong><a href=\"https:\/\/www.youtube.com\/watch?v=ZMP3c3MZPHQ&#038;list=PLBKOaJp17CZonPD79EVh3BjClXk9LlTuW&#038;index=3\" target=\"_blank\" rel=\"noopener noreferrer\">Pflanzen in einer Region einf\u00fcgen<\/a><\/strong><\/li>\n<li>Tutorial 4: <strong><a href=\"https:\/\/www.youtube.com\/watch?v=XND7s35A8HU&#038;list=PLBKOaJp17CZonPD79EVh3BjClXk9LlTuW&#038;index=4\" target=\"_blank\" rel=\"noopener noreferrer\">Einen Wald erzeugen<\/a><\/strong><\/li>\n<li>Tutorial 5: <strong><a href=\"https:\/\/www.youtube.com\/watch?v=PtSpPrOzFns&#038;list=PLBKOaJp17CZonPD79EVh3BjClXk9LlTuW&#038;index=5\" target=\"_blank\" rel=\"noopener noreferrer\">Gel\u00e4nde aus einer Fl\u00e4che erzeugen<\/a><\/strong><\/li>\n<li>Tutorial 6: <strong><a href=\"https:\/\/www.youtube.com\/watch?v=B3cpC-TtUL4&#038;list=PLBKOaJp17CZonPD79EVh3BjClXk9LlTuW&#038;index=6\" target=\"_blank\" rel=\"noopener noreferrer\">Einen Pfad einem Gel\u00e4nde hinzuf\u00fcgen<\/a><\/strong><\/li>\n<\/ul>[\/et_pb_text][et_pb_text _builder_version=&#8220;4.9.4&#8243; hover_enabled=&#8220;0&#8243; global_colors_info=&#8220;{}&#8220; sticky_enabled=&#8220;0&#8243;]<h3>Weitere Beispiele<\/h3>\n<p>Finden Sie in den folgenden Videos einige Beispiele dazu, was Sie mit den Lands-Grasshopper-Komponenten machen k\u00f6nnen:<\/p>\n<ul>\n<li><a href=\"https:\/\/youtu.be\/cm-UB1xAilI\">Pflanzen auf 4 Regionen verteilen<\/a><\/li>\n<li><a href=\"https:\/\/youtu.be\/Y1tKetTLy3Y\">Absturzanalyse f\u00fcr Pflanzen und Geb\u00e4ude<\/a><\/li>\n<\/ul>\n<p>&nbsp;<\/p>\n<h3>Vermissen Sie bestimmte Funktionen?<\/h3>\n<p>Nicht alle in Lands Design verf\u00fcgbaren Werkzeuge haben Ihre Komponente in Grasshopper. Wenn Sie eine bestimmte Funktion vermissen, teilen Sie uns dies in einer Nachricht an landsdesign@asuni.com mit.<\/p>[\/et_pb_text][\/et_pb_column][\/et_pb_row][\/et_pb_section]","protected":false},"excerpt":{"rendered":"<p>Die Lands-Grasshopperkomponenten sind in Grasshopper verf\u00fcgbare Lands-Design-Werkzeuge wie Pflanzen, W\u00e4lder oder Gel\u00e4nde Sie k\u00f6nnen damit viele Modellierungsaufgaben in Rhino and Grasshopper automatisieren. \u00dcbrigens\u2026. Was ist Grasshopper? Grasshopper ist ein in Rhino integrierter grafischer Algorithmeneditor. Im Gegensatz zu anderen Programmiersprachen erfordert Grasshopper keine Programmier- oder Scripting-Kenntnisse, erlaubt aber trotzdem, dass Entwickler und Designer Algorithmen zur Formerzeugung [&hellip;]<\/p>\n","protected":false},"author":1,"featured_media":0,"parent":63882,"menu_order":0,"comment_status":"closed","ping_status":"closed","template":"","meta":{"_et_pb_use_builder":"on","_et_pb_old_content":"","_et_gb_content_width":"","footnotes":""},"class_list":["post-61804","page","type-page","status-publish","hentry"],"yoast_head":"<!-- This site is optimized with the Yoast SEO plugin v27.3 - https:\/\/yoast.com\/product\/yoast-seo-wordpress\/ -->\n<title>Lands Design Grasshopper-Komponenten - RhinoLands<\/title>\n<meta name=\"robots\" content=\"index, follow, max-snippet:-1, max-image-preview:large, max-video-preview:-1\" \/>\n<link rel=\"canonical\" href=\"https:\/\/rhinolands.com\/de\/learn\/lands-gh-components\/\" \/>\n<meta property=\"og:locale\" content=\"de_DE\" \/>\n<meta property=\"og:type\" content=\"article\" \/>\n<meta property=\"og:title\" content=\"Lands Design Grasshopper-Komponenten - RhinoLands\" \/>\n<meta property=\"og:description\" content=\"Die Lands-Grasshopperkomponenten sind in Grasshopper verf\u00fcgbare Lands-Design-Werkzeuge wie Pflanzen, W\u00e4lder oder Gel\u00e4nde Sie k\u00f6nnen damit viele Modellierungsaufgaben in Rhino and Grasshopper automatisieren. \u00dcbrigens\u2026. Was ist Grasshopper? Grasshopper ist ein in Rhino integrierter grafischer Algorithmeneditor. Im Gegensatz zu anderen Programmiersprachen erfordert Grasshopper keine Programmier- oder Scripting-Kenntnisse, erlaubt aber trotzdem, dass Entwickler und Designer Algorithmen zur Formerzeugung [&hellip;]\" \/>\n<meta property=\"og:url\" content=\"https:\/\/rhinolands.com\/de\/learn\/lands-gh-components\/\" \/>\n<meta property=\"og:site_name\" content=\"RhinoLands\" \/>\n<meta property=\"article:modified_time\" content=\"2022-03-28T08:49:57+00:00\" \/>\n<meta name=\"twitter:card\" content=\"summary_large_image\" \/>\n<meta name=\"twitter:label1\" content=\"Gesch\u00e4tzte Lesezeit\" \/>\n\t<meta name=\"twitter:data1\" content=\"2\u00a0Minuten\" \/>\n<script type=\"application\/ld+json\" class=\"yoast-schema-graph\">{\"@context\":\"https:\\\/\\\/schema.org\",\"@graph\":[{\"@type\":\"WebPage\",\"@id\":\"https:\\\/\\\/rhinolands.com\\\/de\\\/learn\\\/lands-gh-components\\\/\",\"url\":\"https:\\\/\\\/rhinolands.com\\\/de\\\/learn\\\/lands-gh-components\\\/\",\"name\":\"Lands Design Grasshopper-Komponenten - RhinoLands\",\"isPartOf\":{\"@id\":\"https:\\\/\\\/rhinolands.com\\\/de\\\/#website\"},\"datePublished\":\"2020-02-24T11:38:36+00:00\",\"dateModified\":\"2022-03-28T08:49:57+00:00\",\"breadcrumb\":{\"@id\":\"https:\\\/\\\/rhinolands.com\\\/de\\\/learn\\\/lands-gh-components\\\/#breadcrumb\"},\"inLanguage\":\"de\",\"potentialAction\":[{\"@type\":\"ReadAction\",\"target\":[\"https:\\\/\\\/rhinolands.com\\\/de\\\/learn\\\/lands-gh-components\\\/\"]}]},{\"@type\":\"BreadcrumbList\",\"@id\":\"https:\\\/\\\/rhinolands.com\\\/de\\\/learn\\\/lands-gh-components\\\/#breadcrumb\",\"itemListElement\":[{\"@type\":\"ListItem\",\"position\":1,\"name\":\"Home\",\"item\":\"https:\\\/\\\/rhinolands.com\\\/de\\\/\"},{\"@type\":\"ListItem\",\"position\":2,\"name\":\"Schulung\",\"item\":\"https:\\\/\\\/rhinolands.com\\\/de\\\/learn\\\/\"},{\"@type\":\"ListItem\",\"position\":3,\"name\":\"Lands Design Grasshopper-Komponenten\"}]},{\"@type\":\"WebSite\",\"@id\":\"https:\\\/\\\/rhinolands.com\\\/de\\\/#website\",\"url\":\"https:\\\/\\\/rhinolands.com\\\/de\\\/\",\"name\":\"RhinoLands\",\"description\":\"BIM landscape software\",\"publisher\":{\"@id\":\"https:\\\/\\\/rhinolands.com\\\/de\\\/#organization\"},\"potentialAction\":[{\"@type\":\"SearchAction\",\"target\":{\"@type\":\"EntryPoint\",\"urlTemplate\":\"https:\\\/\\\/rhinolands.com\\\/de\\\/?s={search_term_string}\"},\"query-input\":{\"@type\":\"PropertyValueSpecification\",\"valueRequired\":true,\"valueName\":\"search_term_string\"}}],\"inLanguage\":\"de\"},{\"@type\":\"Organization\",\"@id\":\"https:\\\/\\\/rhinolands.com\\\/de\\\/#organization\",\"name\":\"Asuni Soft\",\"url\":\"https:\\\/\\\/rhinolands.com\\\/de\\\/\",\"logo\":{\"@type\":\"ImageObject\",\"inLanguage\":\"de\",\"@id\":\"https:\\\/\\\/rhinolands.com\\\/de\\\/#\\\/schema\\\/logo\\\/image\\\/\",\"url\":\"https:\\\/\\\/rhinolands.com\\\/wp-content\\\/uploads\\\/2020\\\/02\\\/AsuniLogoFinal-01.png\",\"contentUrl\":\"https:\\\/\\\/rhinolands.com\\\/wp-content\\\/uploads\\\/2020\\\/02\\\/AsuniLogoFinal-01.png\",\"width\":151,\"height\":46,\"caption\":\"Asuni Soft\"},\"image\":{\"@id\":\"https:\\\/\\\/rhinolands.com\\\/de\\\/#\\\/schema\\\/logo\\\/image\\\/\"}}]}<\/script>\n<!-- \/ Yoast SEO plugin. -->","yoast_head_json":{"title":"Lands Design Grasshopper-Komponenten - RhinoLands","robots":{"index":"index","follow":"follow","max-snippet":"max-snippet:-1","max-image-preview":"max-image-preview:large","max-video-preview":"max-video-preview:-1"},"canonical":"https:\/\/rhinolands.com\/de\/learn\/lands-gh-components\/","og_locale":"de_DE","og_type":"article","og_title":"Lands Design Grasshopper-Komponenten - RhinoLands","og_description":"Die Lands-Grasshopperkomponenten sind in Grasshopper verf\u00fcgbare Lands-Design-Werkzeuge wie Pflanzen, W\u00e4lder oder Gel\u00e4nde Sie k\u00f6nnen damit viele Modellierungsaufgaben in Rhino and Grasshopper automatisieren. \u00dcbrigens\u2026. Was ist Grasshopper? Grasshopper ist ein in Rhino integrierter grafischer Algorithmeneditor. Im Gegensatz zu anderen Programmiersprachen erfordert Grasshopper keine Programmier- oder Scripting-Kenntnisse, erlaubt aber trotzdem, dass Entwickler und Designer Algorithmen zur Formerzeugung [&hellip;]","og_url":"https:\/\/rhinolands.com\/de\/learn\/lands-gh-components\/","og_site_name":"RhinoLands","article_modified_time":"2022-03-28T08:49:57+00:00","twitter_card":"summary_large_image","twitter_misc":{"Gesch\u00e4tzte Lesezeit":"2\u00a0Minuten"},"schema":{"@context":"https:\/\/schema.org","@graph":[{"@type":"WebPage","@id":"https:\/\/rhinolands.com\/de\/learn\/lands-gh-components\/","url":"https:\/\/rhinolands.com\/de\/learn\/lands-gh-components\/","name":"Lands Design Grasshopper-Komponenten - RhinoLands","isPartOf":{"@id":"https:\/\/rhinolands.com\/de\/#website"},"datePublished":"2020-02-24T11:38:36+00:00","dateModified":"2022-03-28T08:49:57+00:00","breadcrumb":{"@id":"https:\/\/rhinolands.com\/de\/learn\/lands-gh-components\/#breadcrumb"},"inLanguage":"de","potentialAction":[{"@type":"ReadAction","target":["https:\/\/rhinolands.com\/de\/learn\/lands-gh-components\/"]}]},{"@type":"BreadcrumbList","@id":"https:\/\/rhinolands.com\/de\/learn\/lands-gh-components\/#breadcrumb","itemListElement":[{"@type":"ListItem","position":1,"name":"Home","item":"https:\/\/rhinolands.com\/de\/"},{"@type":"ListItem","position":2,"name":"Schulung","item":"https:\/\/rhinolands.com\/de\/learn\/"},{"@type":"ListItem","position":3,"name":"Lands Design Grasshopper-Komponenten"}]},{"@type":"WebSite","@id":"https:\/\/rhinolands.com\/de\/#website","url":"https:\/\/rhinolands.com\/de\/","name":"RhinoLands","description":"BIM landscape software","publisher":{"@id":"https:\/\/rhinolands.com\/de\/#organization"},"potentialAction":[{"@type":"SearchAction","target":{"@type":"EntryPoint","urlTemplate":"https:\/\/rhinolands.com\/de\/?s={search_term_string}"},"query-input":{"@type":"PropertyValueSpecification","valueRequired":true,"valueName":"search_term_string"}}],"inLanguage":"de"},{"@type":"Organization","@id":"https:\/\/rhinolands.com\/de\/#organization","name":"Asuni Soft","url":"https:\/\/rhinolands.com\/de\/","logo":{"@type":"ImageObject","inLanguage":"de","@id":"https:\/\/rhinolands.com\/de\/#\/schema\/logo\/image\/","url":"https:\/\/rhinolands.com\/wp-content\/uploads\/2020\/02\/AsuniLogoFinal-01.png","contentUrl":"https:\/\/rhinolands.com\/wp-content\/uploads\/2020\/02\/AsuniLogoFinal-01.png","width":151,"height":46,"caption":"Asuni Soft"},"image":{"@id":"https:\/\/rhinolands.com\/de\/#\/schema\/logo\/image\/"}}]}},"_links":{"self":[{"href":"https:\/\/rhinolands.com\/de\/wp-json\/wp\/v2\/pages\/61804","targetHints":{"allow":["GET"]}}],"collection":[{"href":"https:\/\/rhinolands.com\/de\/wp-json\/wp\/v2\/pages"}],"about":[{"href":"https:\/\/rhinolands.com\/de\/wp-json\/wp\/v2\/types\/page"}],"author":[{"embeddable":true,"href":"https:\/\/rhinolands.com\/de\/wp-json\/wp\/v2\/users\/1"}],"replies":[{"embeddable":true,"href":"https:\/\/rhinolands.com\/de\/wp-json\/wp\/v2\/comments?post=61804"}],"version-history":[{"count":3,"href":"https:\/\/rhinolands.com\/de\/wp-json\/wp\/v2\/pages\/61804\/revisions"}],"predecessor-version":[{"id":71574,"href":"https:\/\/rhinolands.com\/de\/wp-json\/wp\/v2\/pages\/61804\/revisions\/71574"}],"up":[{"embeddable":true,"href":"https:\/\/rhinolands.com\/de\/wp-json\/wp\/v2\/pages\/63882"}],"wp:attachment":[{"href":"https:\/\/rhinolands.com\/de\/wp-json\/wp\/v2\/media?parent=61804"}],"curies":[{"name":"wp","href":"https:\/\/api.w.org\/{rel}","templated":true}]}}