{"id":64095,"date":"2020-03-05T12:29:43","date_gmt":"2020-03-05T12:29:43","guid":{"rendered":"https:\/\/rhinolands.com\/support\/tricks-und-tipps\/"},"modified":"2020-03-05T12:29:45","modified_gmt":"2020-03-05T12:29:45","slug":"tips","status":"publish","type":"page","link":"https:\/\/rhinolands.com\/de\/support\/tips\/","title":{"rendered":"Tricks und Tipps"},"content":{"rendered":"[et_pb_section bb_built=&#8220;1&#8243; admin_label=&#8220;section&#8220; _builder_version=&#8220;3.0.62&#8243; disabled=&#8220;off&#8220; disabled_on=&#8220;||off&#8220;][et_pb_row admin_label=&#8220;row&#8220; background_position=&#8220;top_left&#8220; background_repeat=&#8220;repeat&#8220; background_size=&#8220;initial&#8220;][et_pb_column type=&#8220;4_4&#8243;][et_pb_post_title admin_label=&#8220;Titulo de la p\u00e1gina&#8220; saved_tabs=&#8220;all&#8220; title=&#8220;on&#8220; meta=&#8220;off&#8220; author=&#8220;on&#8220; date=&#8220;on&#8220; categories=&#8220;on&#8220; comments=&#8220;on&#8220; featured_image=&#8220;off&#8220; featured_placement=&#8220;below&#8220; parallax_effect=&#8220;on&#8220; parallax_method=&#8220;on&#8220; text_orientation=&#8220;left&#8220; text_color=&#8220;dark&#8220; text_background=&#8220;off&#8220; text_bg_color=&#8220;rgba(255,255,255,0.9)&#8220; module_bg_color=&#8220;rgba(255,255,255,0)&#8220; title_font=&#8220;|on|||&#8220; title_font_size=&#8220;30px&#8220; title_all_caps=&#8220;off&#8220; use_border_color=&#8220;off&#8220; border_color=&#8220;#ffffff&#8220; border_style=&#8220;solid&#8220; custom_margin=&#8220;||0px|&#8220; \/][et_pb_text background_position=&#8220;top_left&#8220; background_repeat=&#8220;repeat&#8220; background_size=&#8220;initial&#8220; _builder_version=&#8220;3.0.62&#8243; background_layout=&#8220;light&#8220; text_orientation=&#8220;left&#8220; border_style=&#8220;solid&#8220;]\n\n<strong>Installation<\/strong><ul><li><a href=\"https:\/\/rhinolands.com\/de\/support\/tip\/mein-antivirenprogramm-blockiert-oder-entfernt-das-installationsprogramm-was-kann-ich-tun\/\">Mein Antivirenprogramm blockiert oder entfernt das Installationsprogramm. Was kann ich tun?<\/a><\/li><li><a href=\"https:\/\/rhinolands.com\/de\/support\/tip\/lands-toolbars-dont-appear-on-the-screen-how-can-i-load-them\/\">Lands-Werkzeugleisten erscheinen nicht auf dem Bildschirm. Wie kann ich sie laden?<\/a><\/li><li><a href=\"https:\/\/rhinolands.com\/de\/support\/tip\/installation-issue-unable-to-load-lands-rhp-plug-in\/\">Installationsproblem &#8222;Lands.rhp-Plug-in kann nicht geladen werden&#8220;<\/a><\/li><li><a href=\"https:\/\/rhinolands.com\/de\/support\/tip\/lands-design-doesnt-load-on-autocad\/\">Lands Design wird nicht in AutoCAD geladen<\/a><\/li><li><a href=\"https:\/\/rhinolands.com\/de\/support\/tip\/how-to-uninstall-lands-design\/\">Wie wird Lands Design deinstalliert?<\/a><\/li><li><a href=\"https:\/\/rhinolands.com\/de\/support\/tip\/problems-with-the-windows-installer-package\/\">Probleme mit dem Windows Installer-Paket<\/a><\/li><\/ul><strong>Dateien<\/strong><ul><li><a href=\"https:\/\/rhinolands.com\/de\/support\/tip\/tips-to-streamline-the-workflow-with-large-files\/\">Tipps zur Beschleunigung des Arbeitsablaufs mit gro\u00dfen Dateien<\/a><\/li><li><a href=\"https:\/\/rhinolands.com\/de\/support\/tip\/download-process-interrupted\/\">Downloadvorgang wird unterbrochen<\/a><\/li><li><a href=\"https:\/\/rhinolands.com\/de\/support\/tip\/i-have-a-large-scale-project-and-im-not-working-in-3d-how-can-i-reduce-the-file-size\/\">Ich habe ein gro\u00dfangelegtes Landschaftsprojekt und arbeite nicht in 3D. Wie kann ich die Dateigr\u00f6\u00dfe reduzieren?<\/a><\/li><\/ul><strong>Pflanzen<\/strong><ul><li><a href=\"https:\/\/rhinolands.com\/de\/support\/tip\/what-are-the-steps-to-create-a-new-plant-species-in-the-plant-database\/\">Wie f\u00fcge ich eine neue Pflanzenart hinzu?<\/a><\/li><li><a href=\"https:\/\/rhinolands.com\/de\/support\/tip\/wie-kann-ich-die-alters-oder-hoehenbegrenzung-einer-pflanze-aendern\/\">Wie kann ich die Alters- oder H\u00f6henbegrenzung einer Pflanze \u00e4ndern?<\/a><\/li><li><a href=\"https:\/\/rhinolands.com\/de\/support\/tip\/wie-kann-ich-die-2d-und-3d-darstellung-einer-pflanzenart-aendern\/\">Wie kann ich die 2D- und 3D-Darstellung einer Pflanzenart \u00e4ndern?<\/a><\/li><li><a href=\"https:\/\/rhinolands.com\/de\/support\/tip\/is-it-possible-to-assign-a-custom-block-to-one-of-the-plant-species-representation-types\/\">Ist es m\u00f6glich, einem der Pflanzenart-Darstellungstypen einen benutzerdefinierten Block zuzuweisen?<\/a><\/li><li><a href=\"https:\/\/rhinolands.com\/de\/support\/tip\/tag-object-as-a-plant\/\">Objekt als Pflanze markieren<\/a><\/li><li><a href=\"https:\/\/rhinolands.com\/de\/support\/tip\/how-to-create-new-plants-with-accurender-plant-editor\/\">Wie k\u00f6nnen mit dem Pflanzeneditor AccuRender neue Pflanzen erzeugt werden?<\/a><\/li><li><a href=\"https:\/\/rhinolands.com\/de\/support\/tip\/how-to-create-a-forest-with-different-species\/\">Wie wird ein Wald mit verschiedenen Arten erzeugt?<\/a><\/li><li><a href=\"https:\/\/rhinolands.com\/de\/support\/tip\/how-to-create-a-vertical-garden-with-lands-design\/\">Wie wird eine Fassadenbegr\u00fcnung in Lands Design erstellt?<\/a><\/li><li><a href=\"https:\/\/rhinolands.com\/de\/support\/tip\/import-and-export-procedure-in-plant-database\/\">Import- und Exportvorgang in der Pflanzendatenbank<\/a><\/li><li><a href=\"https:\/\/rhinolands.com\/de\/support\/tip\/assign-the-seasonal-display-to-plant-species\/\">Weisen Sie der Pflanzenart das jahreszeitlich bedingte Aussehen zu<\/a><\/li><li><a href=\"https:\/\/rhinolands.com\/de\/support\/tip\/how-to-create-a-central-database-of-plants-on-your-server\/\">Wie erzeugen Sie eine zentrale Pflanzendatenbank auf Ihrem Server?<\/a><\/li><\/ul><strong>Gel\u00e4nde<\/strong><ul><li><a href=\"https:\/\/rhinolands.com\/de\/support\/tip\/ein-polygonnetz-oder-eine-flaeche-in-ein-gelaende-umwandeln\/\">Ein Polygonnetz oder eine Fl\u00e4che in ein Gel\u00e4nde umwandeln<\/a><\/li><li><a href=\"https:\/\/rhinolands.com\/de\/support\/tip\/how-to-generate-a-hole-in-terrain\/\">Wie erstelle ich eine \u00d6ffnung in einem Gel\u00e4nde?<\/a><\/li><li><a href=\"https:\/\/rhinolands.com\/de\/support\/tip\/wie-erstellt-man-auf-einem-gelaende-einen-see-oder-ein-sonstiges-gewaesser\/\">Wie erstellt man auf einem Gel\u00e4nde einen See oder ein sonstiges Gew\u00e4sser?<\/a><\/li><\/ul><strong>Tipps f\u00fcr den Workflow<\/strong><ul><li><a href=\"https:\/\/rhinolands.com\/de\/support\/tip\/how-to-create-custom-parameters\/\">Wie erstellt man benutzerdefinierte Parameter?<\/a><\/li><li><a href=\"https:\/\/rhinolands.com\/de\/support\/tip\/is-it-possible-to-work-with-both-versions-of-lands-design\/\">Ist es m\u00f6glich, mit beiden Versionen von Lands Design zu arbeiten?<\/a><\/li><\/ul>\n\n[\/et_pb_text][\/et_pb_column][\/et_pb_row][\/et_pb_section]","protected":false},"excerpt":{"rendered":"<p>Tipps und Tricks, um mit VisualARQ produktiver zu sein.<\/p>\n","protected":false},"author":1,"featured_media":0,"parent":63869,"menu_order":10,"comment_status":"closed","ping_status":"closed","template":"","meta":{"_et_pb_use_builder":"on","_et_pb_old_content":"","_et_gb_content_width":"","footnotes":""},"class_list":["post-64095","page","type-page","status-publish","hentry"],"yoast_head":"<!-- This site is optimized with the Yoast SEO plugin v27.5 - https:\/\/yoast.com\/product\/yoast-seo-wordpress\/ -->\n<title>Tricks und Tipps - RhinoLands<\/title>\n<meta name=\"robots\" content=\"index, follow, max-snippet:-1, max-image-preview:large, max-video-preview:-1\" \/>\n<link rel=\"canonical\" href=\"https:\/\/rhinolands.com\/de\/support\/tips\/\" \/>\n<meta property=\"og:locale\" content=\"de_DE\" \/>\n<meta property=\"og:type\" content=\"article\" \/>\n<meta property=\"og:title\" content=\"Tricks und Tipps - RhinoLands\" \/>\n<meta property=\"og:description\" content=\"Tipps und Tricks, um mit VisualARQ produktiver zu sein.\" \/>\n<meta property=\"og:url\" content=\"https:\/\/rhinolands.com\/de\/support\/tips\/\" \/>\n<meta property=\"og:site_name\" content=\"RhinoLands\" \/>\n<meta property=\"article:modified_time\" content=\"2020-03-05T12:29:45+00:00\" \/>\n<meta name=\"twitter:card\" content=\"summary_large_image\" \/>\n<meta name=\"twitter:label1\" content=\"Gesch\u00e4tzte Lesezeit\" \/>\n\t<meta name=\"twitter:data1\" content=\"1\u00a0Minute\" \/>\n<script type=\"application\/ld+json\" class=\"yoast-schema-graph\">{\"@context\":\"https:\\\/\\\/schema.org\",\"@graph\":[{\"@type\":\"WebPage\",\"@id\":\"https:\\\/\\\/rhinolands.com\\\/de\\\/support\\\/tips\\\/\",\"url\":\"https:\\\/\\\/rhinolands.com\\\/de\\\/support\\\/tips\\\/\",\"name\":\"Tricks und Tipps - RhinoLands\",\"isPartOf\":{\"@id\":\"https:\\\/\\\/rhinolands.com\\\/de\\\/#website\"},\"datePublished\":\"2020-03-05T12:29:43+00:00\",\"dateModified\":\"2020-03-05T12:29:45+00:00\",\"breadcrumb\":{\"@id\":\"https:\\\/\\\/rhinolands.com\\\/de\\\/support\\\/tips\\\/#breadcrumb\"},\"inLanguage\":\"de\",\"potentialAction\":[{\"@type\":\"ReadAction\",\"target\":[\"https:\\\/\\\/rhinolands.com\\\/de\\\/support\\\/tips\\\/\"]}]},{\"@type\":\"BreadcrumbList\",\"@id\":\"https:\\\/\\\/rhinolands.com\\\/de\\\/support\\\/tips\\\/#breadcrumb\",\"itemListElement\":[{\"@type\":\"ListItem\",\"position\":1,\"name\":\"Home\",\"item\":\"https:\\\/\\\/rhinolands.com\\\/de\\\/\"},{\"@type\":\"ListItem\",\"position\":2,\"name\":\"Support\",\"item\":\"https:\\\/\\\/rhinolands.com\\\/de\\\/support\\\/\"},{\"@type\":\"ListItem\",\"position\":3,\"name\":\"Tricks und Tipps\"}]},{\"@type\":\"WebSite\",\"@id\":\"https:\\\/\\\/rhinolands.com\\\/de\\\/#website\",\"url\":\"https:\\\/\\\/rhinolands.com\\\/de\\\/\",\"name\":\"RhinoLands\",\"description\":\"BIM landscape software\",\"publisher\":{\"@id\":\"https:\\\/\\\/rhinolands.com\\\/de\\\/#organization\"},\"potentialAction\":[{\"@type\":\"SearchAction\",\"target\":{\"@type\":\"EntryPoint\",\"urlTemplate\":\"https:\\\/\\\/rhinolands.com\\\/de\\\/?s={search_term_string}\"},\"query-input\":{\"@type\":\"PropertyValueSpecification\",\"valueRequired\":true,\"valueName\":\"search_term_string\"}}],\"inLanguage\":\"de\"},{\"@type\":\"Organization\",\"@id\":\"https:\\\/\\\/rhinolands.com\\\/de\\\/#organization\",\"name\":\"Asuni Soft\",\"url\":\"https:\\\/\\\/rhinolands.com\\\/de\\\/\",\"logo\":{\"@type\":\"ImageObject\",\"inLanguage\":\"de\",\"@id\":\"https:\\\/\\\/rhinolands.com\\\/de\\\/#\\\/schema\\\/logo\\\/image\\\/\",\"url\":\"https:\\\/\\\/rhinolands.com\\\/wp-content\\\/uploads\\\/2020\\\/02\\\/AsuniLogoFinal-01.png\",\"contentUrl\":\"https:\\\/\\\/rhinolands.com\\\/wp-content\\\/uploads\\\/2020\\\/02\\\/AsuniLogoFinal-01.png\",\"width\":151,\"height\":46,\"caption\":\"Asuni Soft\"},\"image\":{\"@id\":\"https:\\\/\\\/rhinolands.com\\\/de\\\/#\\\/schema\\\/logo\\\/image\\\/\"}}]}<\/script>\n<!-- \/ Yoast SEO plugin. -->","yoast_head_json":{"title":"Tricks und Tipps - RhinoLands","robots":{"index":"index","follow":"follow","max-snippet":"max-snippet:-1","max-image-preview":"max-image-preview:large","max-video-preview":"max-video-preview:-1"},"canonical":"https:\/\/rhinolands.com\/de\/support\/tips\/","og_locale":"de_DE","og_type":"article","og_title":"Tricks und Tipps - RhinoLands","og_description":"Tipps und Tricks, um mit VisualARQ produktiver zu sein.","og_url":"https:\/\/rhinolands.com\/de\/support\/tips\/","og_site_name":"RhinoLands","article_modified_time":"2020-03-05T12:29:45+00:00","twitter_card":"summary_large_image","twitter_misc":{"Gesch\u00e4tzte Lesezeit":"1\u00a0Minute"},"schema":{"@context":"https:\/\/schema.org","@graph":[{"@type":"WebPage","@id":"https:\/\/rhinolands.com\/de\/support\/tips\/","url":"https:\/\/rhinolands.com\/de\/support\/tips\/","name":"Tricks und Tipps - RhinoLands","isPartOf":{"@id":"https:\/\/rhinolands.com\/de\/#website"},"datePublished":"2020-03-05T12:29:43+00:00","dateModified":"2020-03-05T12:29:45+00:00","breadcrumb":{"@id":"https:\/\/rhinolands.com\/de\/support\/tips\/#breadcrumb"},"inLanguage":"de","potentialAction":[{"@type":"ReadAction","target":["https:\/\/rhinolands.com\/de\/support\/tips\/"]}]},{"@type":"BreadcrumbList","@id":"https:\/\/rhinolands.com\/de\/support\/tips\/#breadcrumb","itemListElement":[{"@type":"ListItem","position":1,"name":"Home","item":"https:\/\/rhinolands.com\/de\/"},{"@type":"ListItem","position":2,"name":"Support","item":"https:\/\/rhinolands.com\/de\/support\/"},{"@type":"ListItem","position":3,"name":"Tricks und Tipps"}]},{"@type":"WebSite","@id":"https:\/\/rhinolands.com\/de\/#website","url":"https:\/\/rhinolands.com\/de\/","name":"RhinoLands","description":"BIM landscape software","publisher":{"@id":"https:\/\/rhinolands.com\/de\/#organization"},"potentialAction":[{"@type":"SearchAction","target":{"@type":"EntryPoint","urlTemplate":"https:\/\/rhinolands.com\/de\/?s={search_term_string}"},"query-input":{"@type":"PropertyValueSpecification","valueRequired":true,"valueName":"search_term_string"}}],"inLanguage":"de"},{"@type":"Organization","@id":"https:\/\/rhinolands.com\/de\/#organization","name":"Asuni Soft","url":"https:\/\/rhinolands.com\/de\/","logo":{"@type":"ImageObject","inLanguage":"de","@id":"https:\/\/rhinolands.com\/de\/#\/schema\/logo\/image\/","url":"https:\/\/rhinolands.com\/wp-content\/uploads\/2020\/02\/AsuniLogoFinal-01.png","contentUrl":"https:\/\/rhinolands.com\/wp-content\/uploads\/2020\/02\/AsuniLogoFinal-01.png","width":151,"height":46,"caption":"Asuni Soft"},"image":{"@id":"https:\/\/rhinolands.com\/de\/#\/schema\/logo\/image\/"}}]}},"_links":{"self":[{"href":"https:\/\/rhinolands.com\/de\/wp-json\/wp\/v2\/pages\/64095","targetHints":{"allow":["GET"]}}],"collection":[{"href":"https:\/\/rhinolands.com\/de\/wp-json\/wp\/v2\/pages"}],"about":[{"href":"https:\/\/rhinolands.com\/de\/wp-json\/wp\/v2\/types\/page"}],"author":[{"embeddable":true,"href":"https:\/\/rhinolands.com\/de\/wp-json\/wp\/v2\/users\/1"}],"replies":[{"embeddable":true,"href":"https:\/\/rhinolands.com\/de\/wp-json\/wp\/v2\/comments?post=64095"}],"version-history":[{"count":0,"href":"https:\/\/rhinolands.com\/de\/wp-json\/wp\/v2\/pages\/64095\/revisions"}],"up":[{"embeddable":true,"href":"https:\/\/rhinolands.com\/de\/wp-json\/wp\/v2\/pages\/63869"}],"wp:attachment":[{"href":"https:\/\/rhinolands.com\/de\/wp-json\/wp\/v2\/media?parent=64095"}],"curies":[{"name":"wp","href":"https:\/\/api.w.org\/{rel}","templated":true}]}}