{"id":64573,"date":"2020-03-10T09:26:52","date_gmt":"2020-03-10T09:26:52","guid":{"rendered":"https:\/\/rhinolands.com\/info\/lands-design-lizenzmodi\/"},"modified":"2024-03-10T16:01:19","modified_gmt":"2024-03-10T15:01:19","slug":"license-modes","status":"publish","type":"page","link":"https:\/\/rhinolands.com\/de\/info\/license-modes\/","title":{"rendered":"Lands-Design-Lizenzmodi"},"content":{"rendered":"[et_pb_section fb_built=&#8220;1&#8243; admin_label=&#8220;section&#8220; _builder_version=&#8220;4.16&#8243; global_colors_info=&#8220;{}&#8220;][et_pb_row admin_label=&#8220;row&#8220; _builder_version=&#8220;4.16&#8243; background_size=&#8220;initial&#8220; background_position=&#8220;top_left&#8220; background_repeat=&#8220;repeat&#8220; global_colors_info=&#8220;{}&#8220;][et_pb_column type=&#8220;4_4&#8243; _builder_version=&#8220;4.16&#8243; custom_padding=&#8220;|||&#8220; global_colors_info=&#8220;{}&#8220; custom_padding__hover=&#8220;|||&#8220;][et_pb_text admin_label=&#8220;Text&#8220; _builder_version=&#8220;4.24.2&#8243; background_size=&#8220;initial&#8220; background_position=&#8220;top_left&#8220; background_repeat=&#8220;repeat&#8220; global_colors_info=&#8220;{}&#8220;]<h1>RhinoLands \/ Lands-Design-Lizenzmodi<\/h1>[\/et_pb_text][et_pb_text admin_label=&#8220;Text&#8220; _builder_version=&#8220;4.24.2&#8243; background_size=&#8220;initial&#8220; background_position=&#8220;top_left&#8220; background_repeat=&#8220;repeat&#8220; hover_enabled=&#8220;0&#8243; global_colors_info=&#8220;{}&#8220; sticky_enabled=&#8220;0&#8243;]<p>RhinoLands \/ Lands Design hat f\u00fcnf Lizenzmodi:<\/p>[\/et_pb_text][et_pb_image src=&#8220;https:\/\/rhinolands.com\/wp-content\/uploads\/2024\/03\/license-modes-dialog.png&#8220; title_text=&#8220;license-modes-dialog&#8220; align=&#8220;center&#8220; _builder_version=&#8220;4.24.2&#8243; _module_preset=&#8220;default&#8220; global_colors_info=&#8220;{}&#8220;][\/et_pb_image][et_pb_text admin_label=&#8220;Text&#8220; _builder_version=&#8220;4.24.2&#8243; background_size=&#8220;initial&#8220; background_position=&#8220;top_left&#8220; background_repeat=&#8220;repeat&#8220; hover_enabled=&#8220;0&#8243; global_colors_info=&#8220;{}&#8220; sticky_enabled=&#8220;0&#8243;]<h3>Ansichtsmodus<\/h3>\r\n<p>Nach Ablauf des Evaluierungszeitraums l\u00e4uft Lands Design im Ansichtsmodus weiter. Das bedeutet, dass Sie weiterhin Dokumente mit Lands-Design-Objekten \u00f6ffnen und speichern k\u00f6nnen, jedoch die Funktionen zur Bearbeitung deaktiviert sind.<\/p>[\/et_pb_text][et_pb_text admin_label=&#8220;Text&#8220; _builder_version=&#8220;4.24.2&#8243; background_size=&#8220;initial&#8220; background_position=&#8220;top_left&#8220; background_repeat=&#8220;repeat&#8220; hover_enabled=&#8220;0&#8243; global_colors_info=&#8220;{}&#8220; sticky_enabled=&#8220;0&#8243;]<h3>Testversion<\/h3>\r\n<p>Lands Design ist im Evaluierungszeitraum voll funktionsf\u00e4hig. Es wird kein Produktschl\u00fcssel ben\u00f6tigt.<\/p>[\/et_pb_text][et_pb_text admin_label=&#8220;Text&#8220; _builder_version=&#8220;4.24.2&#8243; background_size=&#8220;initial&#8220; background_position=&#8220;top_left&#8220; background_repeat=&#8220;repeat&#8220; hover_enabled=&#8220;0&#8243; global_colors_info=&#8220;{}&#8220; sticky_enabled=&#8220;0&#8243;]<h3>Netzwerk (nur in Rhino)<\/h3>\r\n\r\nVerwenden Sie eine \u00fcber den <a href=\"http:\/\/wiki.mcneel.com\/de\/zoo\/home\">Zoo-Server<\/a> erhaltene Lizenz f\u00fcr Lands Design. Die Zoo-Serversoftware mit dem Lands Design Zoo-Plug-in (beide gratis) erm\u00f6glicht es Ihnen, Ihre Lands-Design-Lizenzen (Produktschl\u00fcssel) mit mehreren Anwendern desselben Netzwerks zu teilen. Wenn Lands Design als Mehrplatzsystem statt als Einzelplatzsystem installiert wird, funktioniert es folgenderma\u00dfen:\r\n<ul>\r\n\t<li>Wenn ein Mehrplatzsystem startet, wird eine Lizenz vom Zoo angefordert.<\/li>\r\n\t<li>Eine nicht verwendete Lizenz wird diesem System zugewiesen.<\/li>\r\n\t<li>Wenn eine Sitzung beendet wird, wird die Lizenz erneut in den Pool verf\u00fcgbarer Lizenzen des Zoos zur\u00fcckgeschickt.<\/li>\r\n<\/ul>\r\n<a href=\"https:\/\/rhinolands.com\/de\/download\/zoo-plugin\/\">Weitere Infos \u00fcber das Lands Design Zoo-Plug-in k\u00f6nnen Sie hier herunterladen<\/a>[\/et_pb_text][et_pb_text admin_label=&#8220;Text&#8220; _builder_version=&#8220;4.24.2&#8243; background_size=&#8220;initial&#8220; background_position=&#8220;top_left&#8220; background_repeat=&#8220;repeat&#8220; hover_enabled=&#8220;0&#8243; global_colors_info=&#8220;{}&#8220; sticky_enabled=&#8220;0&#8243;]<h3>Cloud (nur in Rhino)<\/h3>\r\n\r\nVerwenden Sie eine \u00fcber den Cloud-Zoo-Server erhaltene Lizenz f\u00fcr Lands Design. Der Cloud-Zoo-Server ist ein kostenloser Service von McNeel zur Online-Verwaltung der Lands-Design-Lizenz.\r\n<ul>\r\n\t<li>Einzelanwender k\u00f6nnen Lands Design durch Login bei <a href=\"https:\/\/accounts.rhino3d.com\">Rhino Accounts<\/a> weltweit auf jedem Computer verwenden.<\/li>\r\n\t<li>F\u00fcr Unternehmen und Schulen kann Cloud Zoo die Lizenzverteilung vereinfachen. Unternehmen k\u00f6nnen einen Pool mit Lizenzen erstellen und die Lizenzen mit Teammitglieder teilen.<\/li>\r\n\t<li>Online oder offline arbeiten. Lizenzen brauchen nicht abgemeldet zu werden, da Ihnen unterwegs immer eine Lizenz zur Verf\u00fcgung stehen sollte.<\/li>\r\n\t<li>Die Lizenzierung funktioniert sogar ohne konstante Internetverbindung.<\/li>\r\n<\/ul>\r\n<a href=\"https:\/\/www.rhino3d.com\/features\/administration\/licensing\/#cloud-zoo\">Weitere Informationen \u00fcber Cloud Zoo<\/a>[\/et_pb_text][\/et_pb_column][\/et_pb_row][\/et_pb_section]","protected":false},"excerpt":{"rendered":"<p>RhinoLands \/ Lands-Design-LizenzmodiRhinoLands \/ Lands Design hat f\u00fcnf Lizenzmodi:Ansichtsmodus Nach Ablauf des Evaluierungszeitraums l\u00e4uft Lands Design im Ansichtsmodus weiter. Das bedeutet, dass Sie weiterhin Dokumente mit Lands-Design-Objekten \u00f6ffnen und speichern k\u00f6nnen, jedoch die Funktionen zur Bearbeitung deaktiviert sind.Testversion Lands Design ist im Evaluierungszeitraum voll funktionsf\u00e4hig. Es wird kein Produktschl\u00fcssel ben\u00f6tigt.Netzwerk (nur in Rhino) Verwenden Sie [&hellip;]<\/p>\n","protected":false},"author":1,"featured_media":0,"parent":64489,"menu_order":0,"comment_status":"closed","ping_status":"closed","template":"","meta":{"_et_pb_use_builder":"on","_et_pb_old_content":"","_et_gb_content_width":"","footnotes":""},"class_list":["post-64573","page","type-page","status-publish","hentry"],"yoast_head":"<!-- This site is optimized with the Yoast SEO plugin v27.3 - https:\/\/yoast.com\/product\/yoast-seo-wordpress\/ -->\n<title>Lands-Design-Lizenzmodi - RhinoLands<\/title>\n<meta name=\"robots\" content=\"index, follow, max-snippet:-1, max-image-preview:large, max-video-preview:-1\" \/>\n<link rel=\"canonical\" href=\"https:\/\/rhinolands.com\/de\/info\/license-modes\/\" \/>\n<meta property=\"og:locale\" content=\"de_DE\" \/>\n<meta property=\"og:type\" content=\"article\" \/>\n<meta property=\"og:title\" content=\"Lands-Design-Lizenzmodi - RhinoLands\" \/>\n<meta property=\"og:description\" content=\"RhinoLands \/ Lands-Design-LizenzmodiRhinoLands \/ Lands Design hat f\u00fcnf Lizenzmodi:Ansichtsmodus Nach Ablauf des Evaluierungszeitraums l\u00e4uft Lands Design im Ansichtsmodus weiter. Das bedeutet, dass Sie weiterhin Dokumente mit Lands-Design-Objekten \u00f6ffnen und speichern k\u00f6nnen, jedoch die Funktionen zur Bearbeitung deaktiviert sind.Testversion Lands Design ist im Evaluierungszeitraum voll funktionsf\u00e4hig. Es wird kein Produktschl\u00fcssel ben\u00f6tigt.Netzwerk (nur in Rhino) Verwenden Sie [&hellip;]\" \/>\n<meta property=\"og:url\" content=\"https:\/\/rhinolands.com\/de\/info\/license-modes\/\" \/>\n<meta property=\"og:site_name\" content=\"RhinoLands\" \/>\n<meta property=\"article:modified_time\" content=\"2024-03-10T15:01:19+00:00\" \/>\n<meta name=\"twitter:card\" content=\"summary_large_image\" \/>\n<meta name=\"twitter:label1\" content=\"Gesch\u00e4tzte Lesezeit\" \/>\n\t<meta name=\"twitter:data1\" content=\"3\u00a0Minuten\" \/>\n<script type=\"application\/ld+json\" class=\"yoast-schema-graph\">{\"@context\":\"https:\\\/\\\/schema.org\",\"@graph\":[{\"@type\":\"WebPage\",\"@id\":\"https:\\\/\\\/rhinolands.com\\\/de\\\/info\\\/license-modes\\\/\",\"url\":\"https:\\\/\\\/rhinolands.com\\\/de\\\/info\\\/license-modes\\\/\",\"name\":\"Lands-Design-Lizenzmodi - RhinoLands\",\"isPartOf\":{\"@id\":\"https:\\\/\\\/rhinolands.com\\\/de\\\/#website\"},\"datePublished\":\"2020-03-10T09:26:52+00:00\",\"dateModified\":\"2024-03-10T15:01:19+00:00\",\"breadcrumb\":{\"@id\":\"https:\\\/\\\/rhinolands.com\\\/de\\\/info\\\/license-modes\\\/#breadcrumb\"},\"inLanguage\":\"de\",\"potentialAction\":[{\"@type\":\"ReadAction\",\"target\":[\"https:\\\/\\\/rhinolands.com\\\/de\\\/info\\\/license-modes\\\/\"]}]},{\"@type\":\"BreadcrumbList\",\"@id\":\"https:\\\/\\\/rhinolands.com\\\/de\\\/info\\\/license-modes\\\/#breadcrumb\",\"itemListElement\":[{\"@type\":\"ListItem\",\"position\":1,\"name\":\"Home\",\"item\":\"https:\\\/\\\/rhinolands.com\\\/de\\\/\"},{\"@type\":\"ListItem\",\"position\":2,\"name\":\"Info\",\"item\":\"https:\\\/\\\/rhinolands.com\\\/de\\\/info\\\/\"},{\"@type\":\"ListItem\",\"position\":3,\"name\":\"Lands-Design-Lizenzmodi\"}]},{\"@type\":\"WebSite\",\"@id\":\"https:\\\/\\\/rhinolands.com\\\/de\\\/#website\",\"url\":\"https:\\\/\\\/rhinolands.com\\\/de\\\/\",\"name\":\"RhinoLands\",\"description\":\"BIM landscape software\",\"publisher\":{\"@id\":\"https:\\\/\\\/rhinolands.com\\\/de\\\/#organization\"},\"potentialAction\":[{\"@type\":\"SearchAction\",\"target\":{\"@type\":\"EntryPoint\",\"urlTemplate\":\"https:\\\/\\\/rhinolands.com\\\/de\\\/?s={search_term_string}\"},\"query-input\":{\"@type\":\"PropertyValueSpecification\",\"valueRequired\":true,\"valueName\":\"search_term_string\"}}],\"inLanguage\":\"de\"},{\"@type\":\"Organization\",\"@id\":\"https:\\\/\\\/rhinolands.com\\\/de\\\/#organization\",\"name\":\"Asuni Soft\",\"url\":\"https:\\\/\\\/rhinolands.com\\\/de\\\/\",\"logo\":{\"@type\":\"ImageObject\",\"inLanguage\":\"de\",\"@id\":\"https:\\\/\\\/rhinolands.com\\\/de\\\/#\\\/schema\\\/logo\\\/image\\\/\",\"url\":\"https:\\\/\\\/rhinolands.com\\\/wp-content\\\/uploads\\\/2020\\\/02\\\/AsuniLogoFinal-01.png\",\"contentUrl\":\"https:\\\/\\\/rhinolands.com\\\/wp-content\\\/uploads\\\/2020\\\/02\\\/AsuniLogoFinal-01.png\",\"width\":151,\"height\":46,\"caption\":\"Asuni Soft\"},\"image\":{\"@id\":\"https:\\\/\\\/rhinolands.com\\\/de\\\/#\\\/schema\\\/logo\\\/image\\\/\"}}]}<\/script>\n<!-- \/ Yoast SEO plugin. -->","yoast_head_json":{"title":"Lands-Design-Lizenzmodi - RhinoLands","robots":{"index":"index","follow":"follow","max-snippet":"max-snippet:-1","max-image-preview":"max-image-preview:large","max-video-preview":"max-video-preview:-1"},"canonical":"https:\/\/rhinolands.com\/de\/info\/license-modes\/","og_locale":"de_DE","og_type":"article","og_title":"Lands-Design-Lizenzmodi - RhinoLands","og_description":"RhinoLands \/ Lands-Design-LizenzmodiRhinoLands \/ Lands Design hat f\u00fcnf Lizenzmodi:Ansichtsmodus Nach Ablauf des Evaluierungszeitraums l\u00e4uft Lands Design im Ansichtsmodus weiter. Das bedeutet, dass Sie weiterhin Dokumente mit Lands-Design-Objekten \u00f6ffnen und speichern k\u00f6nnen, jedoch die Funktionen zur Bearbeitung deaktiviert sind.Testversion Lands Design ist im Evaluierungszeitraum voll funktionsf\u00e4hig. Es wird kein Produktschl\u00fcssel ben\u00f6tigt.Netzwerk (nur in Rhino) Verwenden Sie [&hellip;]","og_url":"https:\/\/rhinolands.com\/de\/info\/license-modes\/","og_site_name":"RhinoLands","article_modified_time":"2024-03-10T15:01:19+00:00","twitter_card":"summary_large_image","twitter_misc":{"Gesch\u00e4tzte Lesezeit":"3\u00a0Minuten"},"schema":{"@context":"https:\/\/schema.org","@graph":[{"@type":"WebPage","@id":"https:\/\/rhinolands.com\/de\/info\/license-modes\/","url":"https:\/\/rhinolands.com\/de\/info\/license-modes\/","name":"Lands-Design-Lizenzmodi - RhinoLands","isPartOf":{"@id":"https:\/\/rhinolands.com\/de\/#website"},"datePublished":"2020-03-10T09:26:52+00:00","dateModified":"2024-03-10T15:01:19+00:00","breadcrumb":{"@id":"https:\/\/rhinolands.com\/de\/info\/license-modes\/#breadcrumb"},"inLanguage":"de","potentialAction":[{"@type":"ReadAction","target":["https:\/\/rhinolands.com\/de\/info\/license-modes\/"]}]},{"@type":"BreadcrumbList","@id":"https:\/\/rhinolands.com\/de\/info\/license-modes\/#breadcrumb","itemListElement":[{"@type":"ListItem","position":1,"name":"Home","item":"https:\/\/rhinolands.com\/de\/"},{"@type":"ListItem","position":2,"name":"Info","item":"https:\/\/rhinolands.com\/de\/info\/"},{"@type":"ListItem","position":3,"name":"Lands-Design-Lizenzmodi"}]},{"@type":"WebSite","@id":"https:\/\/rhinolands.com\/de\/#website","url":"https:\/\/rhinolands.com\/de\/","name":"RhinoLands","description":"BIM landscape software","publisher":{"@id":"https:\/\/rhinolands.com\/de\/#organization"},"potentialAction":[{"@type":"SearchAction","target":{"@type":"EntryPoint","urlTemplate":"https:\/\/rhinolands.com\/de\/?s={search_term_string}"},"query-input":{"@type":"PropertyValueSpecification","valueRequired":true,"valueName":"search_term_string"}}],"inLanguage":"de"},{"@type":"Organization","@id":"https:\/\/rhinolands.com\/de\/#organization","name":"Asuni Soft","url":"https:\/\/rhinolands.com\/de\/","logo":{"@type":"ImageObject","inLanguage":"de","@id":"https:\/\/rhinolands.com\/de\/#\/schema\/logo\/image\/","url":"https:\/\/rhinolands.com\/wp-content\/uploads\/2020\/02\/AsuniLogoFinal-01.png","contentUrl":"https:\/\/rhinolands.com\/wp-content\/uploads\/2020\/02\/AsuniLogoFinal-01.png","width":151,"height":46,"caption":"Asuni Soft"},"image":{"@id":"https:\/\/rhinolands.com\/de\/#\/schema\/logo\/image\/"}}]}},"_links":{"self":[{"href":"https:\/\/rhinolands.com\/de\/wp-json\/wp\/v2\/pages\/64573","targetHints":{"allow":["GET"]}}],"collection":[{"href":"https:\/\/rhinolands.com\/de\/wp-json\/wp\/v2\/pages"}],"about":[{"href":"https:\/\/rhinolands.com\/de\/wp-json\/wp\/v2\/types\/page"}],"author":[{"embeddable":true,"href":"https:\/\/rhinolands.com\/de\/wp-json\/wp\/v2\/users\/1"}],"replies":[{"embeddable":true,"href":"https:\/\/rhinolands.com\/de\/wp-json\/wp\/v2\/comments?post=64573"}],"version-history":[{"count":3,"href":"https:\/\/rhinolands.com\/de\/wp-json\/wp\/v2\/pages\/64573\/revisions"}],"predecessor-version":[{"id":77523,"href":"https:\/\/rhinolands.com\/de\/wp-json\/wp\/v2\/pages\/64573\/revisions\/77523"}],"up":[{"embeddable":true,"href":"https:\/\/rhinolands.com\/de\/wp-json\/wp\/v2\/pages\/64489"}],"wp:attachment":[{"href":"https:\/\/rhinolands.com\/de\/wp-json\/wp\/v2\/media?parent=64573"}],"curies":[{"name":"wp","href":"https:\/\/api.w.org\/{rel}","templated":true}]}}