{"id":64576,"date":"2020-03-10T09:26:55","date_gmt":"2020-03-10T09:26:55","guid":{"rendered":"https:\/\/rhinolands.com\/download\/zoo-plug-in-herunterladen\/"},"modified":"2024-05-22T15:05:15","modified_gmt":"2024-05-22T13:05:15","slug":"zoo-plugin","status":"publish","type":"page","link":"https:\/\/rhinolands.com\/de\/download\/zoo-plugin\/","title":{"rendered":"Zoo-Plug-in herunterladen"},"content":{"rendered":"[et_pb_section fb_built=&#8220;1&#8243; admin_label=&#8220;section&#8220; _builder_version=&#8220;4.16&#8243; da_disable_devices=&#8220;off|off|off&#8220; global_colors_info=&#8220;{}&#8220; da_is_popup=&#8220;off&#8220; da_exit_intent=&#8220;off&#8220; da_has_close=&#8220;on&#8220; da_alt_close=&#8220;off&#8220; da_dark_close=&#8220;off&#8220; da_not_modal=&#8220;on&#8220; da_is_singular=&#8220;off&#8220; da_with_loader=&#8220;off&#8220; da_has_shadow=&#8220;on&#8220;][et_pb_row admin_label=&#8220;Reihe&#8220; _builder_version=&#8220;4.16&#8243; background_size=&#8220;initial&#8220; background_position=&#8220;top_left&#8220; background_repeat=&#8220;repeat&#8220; global_colors_info=&#8220;{}&#8220;][et_pb_column type=&#8220;4_4&#8243; _builder_version=&#8220;4.16&#8243; custom_padding=&#8220;|||&#8220; global_colors_info=&#8220;{}&#8220; custom_padding__hover=&#8220;|||&#8220;][et_pb_text _builder_version=&#8220;4.25.0&#8243; background_size=&#8220;initial&#8220; background_position=&#8220;top_left&#8220; background_repeat=&#8220;repeat&#8220; hover_enabled=&#8220;0&#8243; use_border_color=&#8220;off&#8220; border_color=&#8220;#ffffff&#8220; border_style=&#8220;solid&#8220; global_colors_info=&#8220;{}&#8220; sticky_enabled=&#8220;0&#8243;]<h1>Zoo-Plug-in f\u00fcr RhinoLands \/ Lands Design<\/h1>\r\n<p><a href=\"http:\/\/www.rhino3d.com\/download\/zoo\/6\/latest\"><img loading=\"lazy\" decoding=\"async\" class=\"alignright size-full wp-image-12359\" src=\"https:\/\/rhinolands.com\/wp-content\/uploads\/2020\/03\/zooLogoshort.png\" alt=\"zooLogoshort\" width=\"300\" height=\"128\" \/><\/a>Mit dem Zoo-Plug-in f\u00fcr RhinoLands k\u00f6nnen Sie Ihre Lands-Design-Lizenzen (Produktschl\u00fcssel) mit mehreren Anwendern desselben Netzwerks teilen. Dieses Feature ist nur in RhinoLands und der Lands-Design-Version f\u00fcr Rhino erh\u00e4ltlich.<\/p>\r\n<p>Voraussetzungen:<\/p>\r\n<ul>\r\n<li><strong>Zoo-Lizenzmanager<\/strong>. (<strong><a href=\"https:\/\/www.rhino3d.com\/download\/zoo\/latest\/\">Download<\/a><\/strong>)<\/li>\r\n<\/ul>[\/et_pb_text][et_pb_button button_url=&#8220;https:\/\/rhinolands.s3.amazonaws.com\/download\/lands_design_6_zoo8.msi&#8220; button_text=&#8220;Laden Sie das Zoo-Plug-in f\u00fcr Lands Design f\u00fcr Zoo 8 herunter&#8220; button_alignment=&#8220;left&#8220; admin_label=&#8220;Bot\u00f3n download para Zoo 8 plugin&#8220; _builder_version=&#8220;4.25.0&#8243; custom_button=&#8220;on&#8220; button_text_color=&#8220;#679e3c&#8220; button_border_color=&#8220;#679e3c&#8220; button_letter_spacing_hover=&#8220;0&#8243; saved_tabs=&#8220;all&#8220; global_colors_info=&#8220;{}&#8220; button_text_size__hover_enabled=&#8220;off&#8220; button_one_text_size__hover_enabled=&#8220;off&#8220; button_two_text_size__hover_enabled=&#8220;off&#8220; button_text_color__hover_enabled=&#8220;off&#8220; button_one_text_color__hover_enabled=&#8220;off&#8220; button_two_text_color__hover_enabled=&#8220;off&#8220; button_border_width__hover_enabled=&#8220;off&#8220; button_one_border_width__hover_enabled=&#8220;off&#8220; button_two_border_width__hover_enabled=&#8220;off&#8220; button_border_color__hover_enabled=&#8220;off&#8220; button_one_border_color__hover_enabled=&#8220;off&#8220; button_two_border_color__hover_enabled=&#8220;off&#8220; button_border_radius__hover_enabled=&#8220;off&#8220; button_one_border_radius__hover_enabled=&#8220;off&#8220; button_two_border_radius__hover_enabled=&#8220;off&#8220; button_letter_spacing__hover_enabled=&#8220;on&#8220; button_letter_spacing__hover=&#8220;0&#8243; button_one_letter_spacing__hover_enabled=&#8220;off&#8220; button_two_letter_spacing__hover_enabled=&#8220;off&#8220; button_bg_color__hover_enabled=&#8220;off&#8220; button_one_bg_color__hover_enabled=&#8220;off&#8220; button_two_bg_color__hover_enabled=&#8220;off&#8220;][\/et_pb_button][et_pb_text _builder_version=&#8220;4.16&#8243; background_size=&#8220;initial&#8220; background_position=&#8220;top_left&#8220; background_repeat=&#8220;repeat&#8220; use_border_color=&#8220;off&#8220; border_color=&#8220;#ffffff&#8220; border_style=&#8220;solid&#8220; global_colors_info=&#8220;{}&#8220;]<blockquote>\r\n  <strong>Anmerkung:<\/strong>\r\n  <p>Lands Design Netzwerk-Lizenzen (Rhino-Version) k\u00f6nnen auch mit dem <a href=\"https:\/\/rhinolands.com\/de\/info\/license-modes\/#Cloud\">Cloud Zoo<\/a> verwaltet werden.<\/p>\r\n<\/blockquote>\r\n\r\n\r\n<br clear=\"all\" \/>\r\n<h2>Wie funktioniert es?<\/h2>\r\nWenn Lands Design als Mehrplatzsystem statt als Einzelplatzsystem installiert wird, funktioniert es folgenderma\u00dfen:\r\n<ul>\r\n\t<li>Wenn ein Mehrplatzsystem startet, wird eine Lizenz vom Zoo angefordert.<\/li>\r\n\t<li>Eine nicht verwendete Lizenz wird diesem System zugewiesen.<\/li>\r\n\t<li>Wenn eine Sitzung beendet wird, wird die Lizenz erneut in den Pool verf\u00fcgbarer Lizenzen des Zoos zur\u00fcckgeschickt.<\/li>\r\n<\/ul>\r\n<br clear=\"all\" \/>\r\n<h2><a href=\"http:\/\/wiki.mcneel.com\/zoo\/home\">Was ist der Zoo?<\/a><\/h2>\r\n<iframe loading=\"lazy\" src=\"\/\/player.vimeo.com\/video\/89968285?title=0&amp;byline=0&amp;portrait=0\" width=\"900\" height=\"506\" frameborder=\"0\" allowfullscreen=\"allowfullscreen\"><\/iframe>[\/et_pb_text][\/et_pb_column][\/et_pb_row][\/et_pb_section]","protected":false},"excerpt":{"rendered":"<p>Zoo-Plug-in f\u00fcr RhinoLands \/ Lands Design Mit dem Zoo-Plug-in f\u00fcr RhinoLands k\u00f6nnen Sie Ihre Lands-Design-Lizenzen (Produktschl\u00fcssel) mit mehreren Anwendern desselben Netzwerks teilen. Dieses Feature ist nur in RhinoLands und der Lands-Design-Version f\u00fcr Rhino erh\u00e4ltlich. Voraussetzungen: Zoo-Lizenzmanager. (Download) Anmerkung: Lands Design Netzwerk-Lizenzen (Rhino-Version) k\u00f6nnen auch mit dem Cloud Zoo verwaltet werden. Wie funktioniert es? Wenn Lands [&hellip;]<\/p>\n","protected":false},"author":1,"featured_media":0,"parent":64097,"menu_order":0,"comment_status":"closed","ping_status":"closed","template":"","meta":{"_et_pb_use_builder":"on","_et_pb_old_content":"","_et_gb_content_width":"","footnotes":""},"class_list":["post-64576","page","type-page","status-publish","hentry"],"yoast_head":"<!-- This site is optimized with the Yoast SEO plugin v27.3 - https:\/\/yoast.com\/product\/yoast-seo-wordpress\/ -->\n<title>Zoo-Plug-in herunterladen - RhinoLands<\/title>\n<meta name=\"robots\" content=\"index, follow, max-snippet:-1, max-image-preview:large, max-video-preview:-1\" \/>\n<link rel=\"canonical\" href=\"https:\/\/rhinolands.com\/de\/download\/zoo-plugin\/\" \/>\n<meta property=\"og:locale\" content=\"de_DE\" \/>\n<meta property=\"og:type\" content=\"article\" \/>\n<meta property=\"og:title\" content=\"Zoo-Plug-in herunterladen - RhinoLands\" \/>\n<meta property=\"og:description\" content=\"Zoo-Plug-in f\u00fcr RhinoLands \/ Lands Design Mit dem Zoo-Plug-in f\u00fcr RhinoLands k\u00f6nnen Sie Ihre Lands-Design-Lizenzen (Produktschl\u00fcssel) mit mehreren Anwendern desselben Netzwerks teilen. Dieses Feature ist nur in RhinoLands und der Lands-Design-Version f\u00fcr Rhino erh\u00e4ltlich. Voraussetzungen: Zoo-Lizenzmanager. (Download) Anmerkung: Lands Design Netzwerk-Lizenzen (Rhino-Version) k\u00f6nnen auch mit dem Cloud Zoo verwaltet werden. Wie funktioniert es? Wenn Lands [&hellip;]\" \/>\n<meta property=\"og:url\" content=\"https:\/\/rhinolands.com\/de\/download\/zoo-plugin\/\" \/>\n<meta property=\"og:site_name\" content=\"RhinoLands\" \/>\n<meta property=\"article:modified_time\" content=\"2024-05-22T13:05:15+00:00\" \/>\n<meta property=\"og:image\" content=\"https:\/\/rhinolands.com\/wp-content\/uploads\/2020\/03\/zooLogoshort.png\" \/>\n<meta name=\"twitter:card\" content=\"summary_large_image\" \/>\n<meta name=\"twitter:label1\" content=\"Gesch\u00e4tzte Lesezeit\" \/>\n\t<meta name=\"twitter:data1\" content=\"2\u00a0Minuten\" \/>\n<script type=\"application\/ld+json\" class=\"yoast-schema-graph\">{\"@context\":\"https:\\\/\\\/schema.org\",\"@graph\":[{\"@type\":\"WebPage\",\"@id\":\"https:\\\/\\\/rhinolands.com\\\/de\\\/download\\\/zoo-plugin\\\/\",\"url\":\"https:\\\/\\\/rhinolands.com\\\/de\\\/download\\\/zoo-plugin\\\/\",\"name\":\"Zoo-Plug-in herunterladen - RhinoLands\",\"isPartOf\":{\"@id\":\"https:\\\/\\\/rhinolands.com\\\/de\\\/#website\"},\"primaryImageOfPage\":{\"@id\":\"https:\\\/\\\/rhinolands.com\\\/de\\\/download\\\/zoo-plugin\\\/#primaryimage\"},\"image\":{\"@id\":\"https:\\\/\\\/rhinolands.com\\\/de\\\/download\\\/zoo-plugin\\\/#primaryimage\"},\"thumbnailUrl\":\"https:\\\/\\\/rhinolands.com\\\/wp-content\\\/uploads\\\/2020\\\/03\\\/zooLogoshort.png\",\"datePublished\":\"2020-03-10T09:26:55+00:00\",\"dateModified\":\"2024-05-22T13:05:15+00:00\",\"breadcrumb\":{\"@id\":\"https:\\\/\\\/rhinolands.com\\\/de\\\/download\\\/zoo-plugin\\\/#breadcrumb\"},\"inLanguage\":\"de\",\"potentialAction\":[{\"@type\":\"ReadAction\",\"target\":[\"https:\\\/\\\/rhinolands.com\\\/de\\\/download\\\/zoo-plugin\\\/\"]}]},{\"@type\":\"ImageObject\",\"inLanguage\":\"de\",\"@id\":\"https:\\\/\\\/rhinolands.com\\\/de\\\/download\\\/zoo-plugin\\\/#primaryimage\",\"url\":\"https:\\\/\\\/rhinolands.com\\\/wp-content\\\/uploads\\\/2020\\\/03\\\/zooLogoshort.png\",\"contentUrl\":\"https:\\\/\\\/rhinolands.com\\\/wp-content\\\/uploads\\\/2020\\\/03\\\/zooLogoshort.png\"},{\"@type\":\"BreadcrumbList\",\"@id\":\"https:\\\/\\\/rhinolands.com\\\/de\\\/download\\\/zoo-plugin\\\/#breadcrumb\",\"itemListElement\":[{\"@type\":\"ListItem\",\"position\":1,\"name\":\"Home\",\"item\":\"https:\\\/\\\/rhinolands.com\\\/de\\\/\"},{\"@type\":\"ListItem\",\"position\":2,\"name\":\"Download\",\"item\":\"https:\\\/\\\/rhinolands.com\\\/de\\\/download\\\/\"},{\"@type\":\"ListItem\",\"position\":3,\"name\":\"Zoo-Plug-in herunterladen\"}]},{\"@type\":\"WebSite\",\"@id\":\"https:\\\/\\\/rhinolands.com\\\/de\\\/#website\",\"url\":\"https:\\\/\\\/rhinolands.com\\\/de\\\/\",\"name\":\"RhinoLands\",\"description\":\"BIM landscape software\",\"publisher\":{\"@id\":\"https:\\\/\\\/rhinolands.com\\\/de\\\/#organization\"},\"potentialAction\":[{\"@type\":\"SearchAction\",\"target\":{\"@type\":\"EntryPoint\",\"urlTemplate\":\"https:\\\/\\\/rhinolands.com\\\/de\\\/?s={search_term_string}\"},\"query-input\":{\"@type\":\"PropertyValueSpecification\",\"valueRequired\":true,\"valueName\":\"search_term_string\"}}],\"inLanguage\":\"de\"},{\"@type\":\"Organization\",\"@id\":\"https:\\\/\\\/rhinolands.com\\\/de\\\/#organization\",\"name\":\"Asuni Soft\",\"url\":\"https:\\\/\\\/rhinolands.com\\\/de\\\/\",\"logo\":{\"@type\":\"ImageObject\",\"inLanguage\":\"de\",\"@id\":\"https:\\\/\\\/rhinolands.com\\\/de\\\/#\\\/schema\\\/logo\\\/image\\\/\",\"url\":\"https:\\\/\\\/rhinolands.com\\\/wp-content\\\/uploads\\\/2020\\\/02\\\/AsuniLogoFinal-01.png\",\"contentUrl\":\"https:\\\/\\\/rhinolands.com\\\/wp-content\\\/uploads\\\/2020\\\/02\\\/AsuniLogoFinal-01.png\",\"width\":151,\"height\":46,\"caption\":\"Asuni Soft\"},\"image\":{\"@id\":\"https:\\\/\\\/rhinolands.com\\\/de\\\/#\\\/schema\\\/logo\\\/image\\\/\"}}]}<\/script>\n<!-- \/ Yoast SEO plugin. -->","yoast_head_json":{"title":"Zoo-Plug-in herunterladen - RhinoLands","robots":{"index":"index","follow":"follow","max-snippet":"max-snippet:-1","max-image-preview":"max-image-preview:large","max-video-preview":"max-video-preview:-1"},"canonical":"https:\/\/rhinolands.com\/de\/download\/zoo-plugin\/","og_locale":"de_DE","og_type":"article","og_title":"Zoo-Plug-in herunterladen - RhinoLands","og_description":"Zoo-Plug-in f\u00fcr RhinoLands \/ Lands Design Mit dem Zoo-Plug-in f\u00fcr RhinoLands k\u00f6nnen Sie Ihre Lands-Design-Lizenzen (Produktschl\u00fcssel) mit mehreren Anwendern desselben Netzwerks teilen. Dieses Feature ist nur in RhinoLands und der Lands-Design-Version f\u00fcr Rhino erh\u00e4ltlich. Voraussetzungen: Zoo-Lizenzmanager. (Download) Anmerkung: Lands Design Netzwerk-Lizenzen (Rhino-Version) k\u00f6nnen auch mit dem Cloud Zoo verwaltet werden. Wie funktioniert es? Wenn Lands [&hellip;]","og_url":"https:\/\/rhinolands.com\/de\/download\/zoo-plugin\/","og_site_name":"RhinoLands","article_modified_time":"2024-05-22T13:05:15+00:00","og_image":[{"url":"https:\/\/rhinolands.com\/wp-content\/uploads\/2020\/03\/zooLogoshort.png","type":"","width":"","height":""}],"twitter_card":"summary_large_image","twitter_misc":{"Gesch\u00e4tzte Lesezeit":"2\u00a0Minuten"},"schema":{"@context":"https:\/\/schema.org","@graph":[{"@type":"WebPage","@id":"https:\/\/rhinolands.com\/de\/download\/zoo-plugin\/","url":"https:\/\/rhinolands.com\/de\/download\/zoo-plugin\/","name":"Zoo-Plug-in herunterladen - RhinoLands","isPartOf":{"@id":"https:\/\/rhinolands.com\/de\/#website"},"primaryImageOfPage":{"@id":"https:\/\/rhinolands.com\/de\/download\/zoo-plugin\/#primaryimage"},"image":{"@id":"https:\/\/rhinolands.com\/de\/download\/zoo-plugin\/#primaryimage"},"thumbnailUrl":"https:\/\/rhinolands.com\/wp-content\/uploads\/2020\/03\/zooLogoshort.png","datePublished":"2020-03-10T09:26:55+00:00","dateModified":"2024-05-22T13:05:15+00:00","breadcrumb":{"@id":"https:\/\/rhinolands.com\/de\/download\/zoo-plugin\/#breadcrumb"},"inLanguage":"de","potentialAction":[{"@type":"ReadAction","target":["https:\/\/rhinolands.com\/de\/download\/zoo-plugin\/"]}]},{"@type":"ImageObject","inLanguage":"de","@id":"https:\/\/rhinolands.com\/de\/download\/zoo-plugin\/#primaryimage","url":"https:\/\/rhinolands.com\/wp-content\/uploads\/2020\/03\/zooLogoshort.png","contentUrl":"https:\/\/rhinolands.com\/wp-content\/uploads\/2020\/03\/zooLogoshort.png"},{"@type":"BreadcrumbList","@id":"https:\/\/rhinolands.com\/de\/download\/zoo-plugin\/#breadcrumb","itemListElement":[{"@type":"ListItem","position":1,"name":"Home","item":"https:\/\/rhinolands.com\/de\/"},{"@type":"ListItem","position":2,"name":"Download","item":"https:\/\/rhinolands.com\/de\/download\/"},{"@type":"ListItem","position":3,"name":"Zoo-Plug-in herunterladen"}]},{"@type":"WebSite","@id":"https:\/\/rhinolands.com\/de\/#website","url":"https:\/\/rhinolands.com\/de\/","name":"RhinoLands","description":"BIM landscape software","publisher":{"@id":"https:\/\/rhinolands.com\/de\/#organization"},"potentialAction":[{"@type":"SearchAction","target":{"@type":"EntryPoint","urlTemplate":"https:\/\/rhinolands.com\/de\/?s={search_term_string}"},"query-input":{"@type":"PropertyValueSpecification","valueRequired":true,"valueName":"search_term_string"}}],"inLanguage":"de"},{"@type":"Organization","@id":"https:\/\/rhinolands.com\/de\/#organization","name":"Asuni Soft","url":"https:\/\/rhinolands.com\/de\/","logo":{"@type":"ImageObject","inLanguage":"de","@id":"https:\/\/rhinolands.com\/de\/#\/schema\/logo\/image\/","url":"https:\/\/rhinolands.com\/wp-content\/uploads\/2020\/02\/AsuniLogoFinal-01.png","contentUrl":"https:\/\/rhinolands.com\/wp-content\/uploads\/2020\/02\/AsuniLogoFinal-01.png","width":151,"height":46,"caption":"Asuni Soft"},"image":{"@id":"https:\/\/rhinolands.com\/de\/#\/schema\/logo\/image\/"}}]}},"_links":{"self":[{"href":"https:\/\/rhinolands.com\/de\/wp-json\/wp\/v2\/pages\/64576","targetHints":{"allow":["GET"]}}],"collection":[{"href":"https:\/\/rhinolands.com\/de\/wp-json\/wp\/v2\/pages"}],"about":[{"href":"https:\/\/rhinolands.com\/de\/wp-json\/wp\/v2\/types\/page"}],"author":[{"embeddable":true,"href":"https:\/\/rhinolands.com\/de\/wp-json\/wp\/v2\/users\/1"}],"replies":[{"embeddable":true,"href":"https:\/\/rhinolands.com\/de\/wp-json\/wp\/v2\/comments?post=64576"}],"version-history":[{"count":3,"href":"https:\/\/rhinolands.com\/de\/wp-json\/wp\/v2\/pages\/64576\/revisions"}],"predecessor-version":[{"id":81873,"href":"https:\/\/rhinolands.com\/de\/wp-json\/wp\/v2\/pages\/64576\/revisions\/81873"}],"up":[{"embeddable":true,"href":"https:\/\/rhinolands.com\/de\/wp-json\/wp\/v2\/pages\/64097"}],"wp:attachment":[{"href":"https:\/\/rhinolands.com\/de\/wp-json\/wp\/v2\/media?parent=64576"}],"curies":[{"name":"wp","href":"https:\/\/api.w.org\/{rel}","templated":true}]}}