{"id":65902,"date":"2020-08-06T09:47:30","date_gmt":"2020-08-06T07:47:30","guid":{"rendered":"https:\/\/rhinolands.com\/legal\/lands-design-datenschutzrichtlinien\/"},"modified":"2020-08-06T09:59:20","modified_gmt":"2020-08-06T07:59:20","slug":"lands-design-privacy-policy","status":"publish","type":"page","link":"https:\/\/rhinolands.com\/de\/legal\/lands-design-privacy-policy\/","title":{"rendered":"Lands Design Datenschutzrichtlinien"},"content":{"rendered":"<h1>Datenschutzrichtlinien der Lands Design Software<\/h1>\r\nLands Design liest keine Daten auf dem Computer des Endbenutzers, au\u00dfer der auf die Installierung von AutoCAD<span style=\"font-weight: 400;\">\u00ae<\/span><span style=\"font-weight: 400;\"> bezogenen, dies im Hinblick auf die Registrierung.<\/span>\r\n\r\nLands Design erhebt oder sendet keinerlei Benutzerdaten vom Computer des Endbenutzers.\r\n\r\nLands Design verwendet HTTP-Verbindungen f\u00fcr folgende Zwecke:\r\n<ul>\r\n \t<li>Herunterladen von Support-Dateien von Asuni-Servern, wie Bilder aus Pflanzendatenbanken, Earth-H\u00f6hendaten und Stadtm\u00f6belanbietern.<\/li>\r\n \t<li>Herunterladen von Satellitenbildern von Mapbox<span style=\"font-weight: 400;\">\u00ae<\/span><span style=\"font-weight: 400;\">-Servern.<\/span><\/li>\r\n \t<li>Suchen nach Aktualisierungen:\r\n<ul>\r\n \t<li>Lands Design versendet anonym die aktuell installierte Version von Lands Design.<\/li>\r\n<\/ul>\r\n<\/li>\r\n \t<li>Lizenzbest\u00e4tigung:\r\n<ul>\r\n \t<li>Verbindungen zur Lizenzbest\u00e4tigung sind sicher (HTTPS).<\/li>\r\n \t<li>Folgende pers\u00f6nliche Informationen werden beim Best\u00e4tigen einer Lizenz gesendet: Lizenzschl\u00fcssel, E-Mail, Name und Unternehmen.<\/li>\r\n \t<li>Ein beim Best\u00e4tigen einer Lizenz erstellter alphanumerischer Anforderungscode wird gesendet. Dieser Code enth\u00e4lt eine generierte Ger\u00e4te-ID-Nummer zur Identifizierung des f\u00fcr die Betreibung von Lands Design autorisierten Computers.<\/li>\r\n<\/ul>\r\n<\/li>\r\n<\/ul>\r\nLands Design analysiert kein Benutzerverhalten und versendet auch keine Nutzungsstatistiken.\r\n\r\n&nbsp;\r\n\r\n<em>AutoCAD ist ein eingetragenes Warenzeichen oder Warenzeichen von Autodesk, Inc.<\/em>\r\n<em>MAPBOX ist ein Warenzeichen von MAPBOX, INC.<\/em>","protected":false},"excerpt":{"rendered":"<p>Datenschutzrichtlinien der Lands Design Software Lands Design liest keine Daten auf dem Computer des Endbenutzers, au\u00dfer der auf die Installierung von AutoCAD\u00ae bezogenen, dies im Hinblick auf die Registrierung. Lands Design erhebt oder sendet keinerlei Benutzerdaten vom Computer des Endbenutzers. Lands Design verwendet HTTP-Verbindungen f\u00fcr folgende Zwecke: Herunterladen von Support-Dateien von Asuni-Servern, wie Bilder aus [&hellip;]<\/p>\n","protected":false},"author":1,"featured_media":0,"parent":59939,"menu_order":0,"comment_status":"closed","ping_status":"closed","template":"","meta":{"_et_pb_use_builder":"","_et_pb_old_content":"","_et_gb_content_width":"","footnotes":""},"class_list":["post-65902","page","type-page","status-publish","hentry"],"yoast_head":"<!-- This site is optimized with the Yoast SEO plugin v27.3 - https:\/\/yoast.com\/product\/yoast-seo-wordpress\/ -->\n<title>Lands Design Datenschutzrichtlinien - RhinoLands<\/title>\n<meta name=\"robots\" content=\"index, follow, max-snippet:-1, max-image-preview:large, max-video-preview:-1\" \/>\n<link rel=\"canonical\" href=\"https:\/\/rhinolands.com\/de\/legal\/lands-design-privacy-policy\/\" \/>\n<meta property=\"og:locale\" content=\"de_DE\" \/>\n<meta property=\"og:type\" content=\"article\" \/>\n<meta property=\"og:title\" content=\"Lands Design Datenschutzrichtlinien - RhinoLands\" \/>\n<meta property=\"og:description\" content=\"Datenschutzrichtlinien der Lands Design Software Lands Design liest keine Daten auf dem Computer des Endbenutzers, au\u00dfer der auf die Installierung von AutoCAD\u00ae bezogenen, dies im Hinblick auf die Registrierung. Lands Design erhebt oder sendet keinerlei Benutzerdaten vom Computer des Endbenutzers. Lands Design verwendet HTTP-Verbindungen f\u00fcr folgende Zwecke: Herunterladen von Support-Dateien von Asuni-Servern, wie Bilder aus [&hellip;]\" \/>\n<meta property=\"og:url\" content=\"https:\/\/rhinolands.com\/de\/legal\/lands-design-privacy-policy\/\" \/>\n<meta property=\"og:site_name\" content=\"RhinoLands\" \/>\n<meta property=\"article:modified_time\" content=\"2020-08-06T07:59:20+00:00\" \/>\n<meta name=\"twitter:card\" content=\"summary_large_image\" \/>\n<meta name=\"twitter:label1\" content=\"Gesch\u00e4tzte Lesezeit\" \/>\n\t<meta name=\"twitter:data1\" content=\"1\u00a0Minute\" \/>\n<script type=\"application\/ld+json\" class=\"yoast-schema-graph\">{\"@context\":\"https:\\\/\\\/schema.org\",\"@graph\":[{\"@type\":\"WebPage\",\"@id\":\"https:\\\/\\\/rhinolands.com\\\/de\\\/legal\\\/lands-design-privacy-policy\\\/\",\"url\":\"https:\\\/\\\/rhinolands.com\\\/de\\\/legal\\\/lands-design-privacy-policy\\\/\",\"name\":\"Lands Design Datenschutzrichtlinien - RhinoLands\",\"isPartOf\":{\"@id\":\"https:\\\/\\\/rhinolands.com\\\/de\\\/#website\"},\"datePublished\":\"2020-08-06T07:47:30+00:00\",\"dateModified\":\"2020-08-06T07:59:20+00:00\",\"breadcrumb\":{\"@id\":\"https:\\\/\\\/rhinolands.com\\\/de\\\/legal\\\/lands-design-privacy-policy\\\/#breadcrumb\"},\"inLanguage\":\"de\",\"potentialAction\":[{\"@type\":\"ReadAction\",\"target\":[\"https:\\\/\\\/rhinolands.com\\\/de\\\/legal\\\/lands-design-privacy-policy\\\/\"]}]},{\"@type\":\"BreadcrumbList\",\"@id\":\"https:\\\/\\\/rhinolands.com\\\/de\\\/legal\\\/lands-design-privacy-policy\\\/#breadcrumb\",\"itemListElement\":[{\"@type\":\"ListItem\",\"position\":1,\"name\":\"Home\",\"item\":\"https:\\\/\\\/rhinolands.com\\\/de\\\/\"},{\"@type\":\"ListItem\",\"position\":2,\"name\":\"Rechtliche Bestimmungen\",\"item\":\"https:\\\/\\\/rhinolands.com\\\/de\\\/legal\\\/\"},{\"@type\":\"ListItem\",\"position\":3,\"name\":\"Lands Design Datenschutzrichtlinien\"}]},{\"@type\":\"WebSite\",\"@id\":\"https:\\\/\\\/rhinolands.com\\\/de\\\/#website\",\"url\":\"https:\\\/\\\/rhinolands.com\\\/de\\\/\",\"name\":\"RhinoLands\",\"description\":\"BIM landscape software\",\"publisher\":{\"@id\":\"https:\\\/\\\/rhinolands.com\\\/de\\\/#organization\"},\"potentialAction\":[{\"@type\":\"SearchAction\",\"target\":{\"@type\":\"EntryPoint\",\"urlTemplate\":\"https:\\\/\\\/rhinolands.com\\\/de\\\/?s={search_term_string}\"},\"query-input\":{\"@type\":\"PropertyValueSpecification\",\"valueRequired\":true,\"valueName\":\"search_term_string\"}}],\"inLanguage\":\"de\"},{\"@type\":\"Organization\",\"@id\":\"https:\\\/\\\/rhinolands.com\\\/de\\\/#organization\",\"name\":\"Asuni Soft\",\"url\":\"https:\\\/\\\/rhinolands.com\\\/de\\\/\",\"logo\":{\"@type\":\"ImageObject\",\"inLanguage\":\"de\",\"@id\":\"https:\\\/\\\/rhinolands.com\\\/de\\\/#\\\/schema\\\/logo\\\/image\\\/\",\"url\":\"https:\\\/\\\/rhinolands.com\\\/wp-content\\\/uploads\\\/2020\\\/02\\\/AsuniLogoFinal-01.png\",\"contentUrl\":\"https:\\\/\\\/rhinolands.com\\\/wp-content\\\/uploads\\\/2020\\\/02\\\/AsuniLogoFinal-01.png\",\"width\":151,\"height\":46,\"caption\":\"Asuni Soft\"},\"image\":{\"@id\":\"https:\\\/\\\/rhinolands.com\\\/de\\\/#\\\/schema\\\/logo\\\/image\\\/\"}}]}<\/script>\n<!-- \/ Yoast SEO plugin. -->","yoast_head_json":{"title":"Lands Design Datenschutzrichtlinien - RhinoLands","robots":{"index":"index","follow":"follow","max-snippet":"max-snippet:-1","max-image-preview":"max-image-preview:large","max-video-preview":"max-video-preview:-1"},"canonical":"https:\/\/rhinolands.com\/de\/legal\/lands-design-privacy-policy\/","og_locale":"de_DE","og_type":"article","og_title":"Lands Design Datenschutzrichtlinien - RhinoLands","og_description":"Datenschutzrichtlinien der Lands Design Software Lands Design liest keine Daten auf dem Computer des Endbenutzers, au\u00dfer der auf die Installierung von AutoCAD\u00ae bezogenen, dies im Hinblick auf die Registrierung. Lands Design erhebt oder sendet keinerlei Benutzerdaten vom Computer des Endbenutzers. Lands Design verwendet HTTP-Verbindungen f\u00fcr folgende Zwecke: Herunterladen von Support-Dateien von Asuni-Servern, wie Bilder aus [&hellip;]","og_url":"https:\/\/rhinolands.com\/de\/legal\/lands-design-privacy-policy\/","og_site_name":"RhinoLands","article_modified_time":"2020-08-06T07:59:20+00:00","twitter_card":"summary_large_image","twitter_misc":{"Gesch\u00e4tzte Lesezeit":"1\u00a0Minute"},"schema":{"@context":"https:\/\/schema.org","@graph":[{"@type":"WebPage","@id":"https:\/\/rhinolands.com\/de\/legal\/lands-design-privacy-policy\/","url":"https:\/\/rhinolands.com\/de\/legal\/lands-design-privacy-policy\/","name":"Lands Design Datenschutzrichtlinien - RhinoLands","isPartOf":{"@id":"https:\/\/rhinolands.com\/de\/#website"},"datePublished":"2020-08-06T07:47:30+00:00","dateModified":"2020-08-06T07:59:20+00:00","breadcrumb":{"@id":"https:\/\/rhinolands.com\/de\/legal\/lands-design-privacy-policy\/#breadcrumb"},"inLanguage":"de","potentialAction":[{"@type":"ReadAction","target":["https:\/\/rhinolands.com\/de\/legal\/lands-design-privacy-policy\/"]}]},{"@type":"BreadcrumbList","@id":"https:\/\/rhinolands.com\/de\/legal\/lands-design-privacy-policy\/#breadcrumb","itemListElement":[{"@type":"ListItem","position":1,"name":"Home","item":"https:\/\/rhinolands.com\/de\/"},{"@type":"ListItem","position":2,"name":"Rechtliche Bestimmungen","item":"https:\/\/rhinolands.com\/de\/legal\/"},{"@type":"ListItem","position":3,"name":"Lands Design Datenschutzrichtlinien"}]},{"@type":"WebSite","@id":"https:\/\/rhinolands.com\/de\/#website","url":"https:\/\/rhinolands.com\/de\/","name":"RhinoLands","description":"BIM landscape software","publisher":{"@id":"https:\/\/rhinolands.com\/de\/#organization"},"potentialAction":[{"@type":"SearchAction","target":{"@type":"EntryPoint","urlTemplate":"https:\/\/rhinolands.com\/de\/?s={search_term_string}"},"query-input":{"@type":"PropertyValueSpecification","valueRequired":true,"valueName":"search_term_string"}}],"inLanguage":"de"},{"@type":"Organization","@id":"https:\/\/rhinolands.com\/de\/#organization","name":"Asuni Soft","url":"https:\/\/rhinolands.com\/de\/","logo":{"@type":"ImageObject","inLanguage":"de","@id":"https:\/\/rhinolands.com\/de\/#\/schema\/logo\/image\/","url":"https:\/\/rhinolands.com\/wp-content\/uploads\/2020\/02\/AsuniLogoFinal-01.png","contentUrl":"https:\/\/rhinolands.com\/wp-content\/uploads\/2020\/02\/AsuniLogoFinal-01.png","width":151,"height":46,"caption":"Asuni Soft"},"image":{"@id":"https:\/\/rhinolands.com\/de\/#\/schema\/logo\/image\/"}}]}},"_links":{"self":[{"href":"https:\/\/rhinolands.com\/de\/wp-json\/wp\/v2\/pages\/65902","targetHints":{"allow":["GET"]}}],"collection":[{"href":"https:\/\/rhinolands.com\/de\/wp-json\/wp\/v2\/pages"}],"about":[{"href":"https:\/\/rhinolands.com\/de\/wp-json\/wp\/v2\/types\/page"}],"author":[{"embeddable":true,"href":"https:\/\/rhinolands.com\/de\/wp-json\/wp\/v2\/users\/1"}],"replies":[{"embeddable":true,"href":"https:\/\/rhinolands.com\/de\/wp-json\/wp\/v2\/comments?post=65902"}],"version-history":[{"count":0,"href":"https:\/\/rhinolands.com\/de\/wp-json\/wp\/v2\/pages\/65902\/revisions"}],"up":[{"embeddable":true,"href":"https:\/\/rhinolands.com\/de\/wp-json\/wp\/v2\/pages\/59939"}],"wp:attachment":[{"href":"https:\/\/rhinolands.com\/de\/wp-json\/wp\/v2\/media?parent=65902"}],"curies":[{"name":"wp","href":"https:\/\/api.w.org\/{rel}","templated":true}]}}