{"id":66789,"date":"2020-12-14T11:28:47","date_gmt":"2020-12-14T10:28:47","guid":{"rendered":"https:\/\/rhinolands.com\/learn\/video-tutorials\/"},"modified":"2025-08-26T14:34:25","modified_gmt":"2025-08-26T12:34:25","slug":"video-tutorial","status":"publish","type":"page","link":"https:\/\/rhinolands.com\/de\/learn\/video-tutorial\/","title":{"rendered":"Video-Tutorials"},"content":{"rendered":"<p>[et_pb_section admin_label=&#8220;section&#8220;]<br \/>\n\t\t\t[et_pb_row admin_label=&#8220;row&#8220;]<br \/>\n\t\t\t\t[et_pb_column type=&#8220;4_4&#8243;][et_pb_text admin_label=&#8220;Text&#8220;]<\/p>\n\n<style>\n .min-height-tutorial-description {\n min-height: 9ch;\n margin-bottom: 3ch;\n }\n<\/style>\n\n<h1 class=\"wp-block-heading\">Lands Design Video-Tutorials<\/h1>\n\n<p>In folgenden Video-Tutorials lernen Sie die Hauptfunktionen von Lands Design (f\u00fcr die Rhino-Version) beim Erstellen eines Landschaftsprojekts. Die Videos sind thematisch sortiert.<\/p>\n\n<p>Laden Sie <a href=\"https:\/\/rhinolands.com\/wp-content\/uploads\/2022\/03\/Lands_Design_Tutorial_for_practice.zip\">hier<\/a> die Datei herunter, um mit dem Tutorial zu beginnen.<\/p>\n\n<h3 class=\"wp-block-heading mt-4\">\u00dcbersicht<\/h3>\n\n<ul>\n<li><a href=\"#rhino-overview\">Tutorial 0: Grundlagen der RhinoLands-Benutzeroberfl\u00e4che<\/a><\/li>\n\n\n\n<li><a href=\"#lands-design-interface\">Tutorial 1: Benutzeroberfl\u00e4che von Lands Design<\/a><\/li>\n\n\n\n<li><a href=\"#terrain-modeling-tools\">Tutorial 2: Werkzeuge zur Gel\u00e4ndemodellierung<\/a><\/li>\n\n\n\n<li><a href=\"#civil-work-objects\">Tutorial 3: Bau-Objekte<\/a><\/li>\n\n\n\n<li><a href=\"#plant-database-and-vegetation\">Tutorial 4: Pflanzendatenbank und Vegetation<\/a><\/li>\n\n\n\n<li><a href=\"#documentation-tools\">Tutorial 5: Dokumentationswerkzeuge<\/a><\/li>\n\n\n\n<li><a href=\"#rendering-and-animation-tools\">Tutorial 6: Render- und Animationswerkzeuge<\/a><\/li>\n<\/ul>\n\n<div class=\"wp-block-columns\">\n<div class=\"wp-block-column my-5\">\n<h2 class=\"wp-block-heading\" id=\"rhino-overview\">Tutorial 0: Grundlagen der RhinoLands-Benutzeroberfl\u00e4che<\/h2>\n\n\n\n<p class=\"min-height-tutorial-description\">In diesem Tutorial geht es um die Werkzeugleisten und Dialogfenster in RhinoLands.<\/p>\n\n\n\n&nbsp;<br><div class='youtube-div-16-9'> \n\t\t\t\t\t\t<iframe class='youtube-iframe'\n\t\t\t\t\t\t\tsrc='https:\/\/www.youtube.com\/embed\/BiOOlWtW4Jo?rel=0' \n\t\t\t\t\t\t\tframeborder='0' \n\t\t\t\t\t\t\tallow='accelerometer; autoplay; clipboard-write; encrypted-media; gyroscope; picture-in-picture' \n\t\t\t\t\t\t\tallowfullscreen=''>\n\t\t\t\t\t\t<\/iframe>\n\t\t\t\t\t<\/div>\n<\/div>\n\n\n\n<div class=\"wp-block-column\"><\/div>\n<\/div>\n\n<ul>\n<li><a href=\"https:\/\/www.youtube.com\/watch?v=BiOOlWtW4Jo&amp;t=0s\" target=\"_blank\" rel=\"noreferrer noopener\">0:00<\/a>\u200b Standard-Werkzeugleiste<\/li>\n\n\n\n<li><a href=\"https:\/\/www.youtube.com\/watch?v=BiOOlWtW4Jo&amp;t=164s\" target=\"_blank\" rel=\"noreferrer noopener\">2:44<\/a>\u200b Hauptgruppe von Werkzeugleisten<\/li>\n\n\n\n<li><a href=\"https:\/\/www.youtube.com\/watch?v=BiOOlWtW4Jo&amp;t=285s\" target=\"_blank\" rel=\"noreferrer noopener\">4:45<\/a>\u200b Werkzeug-Seitenleiste<\/li>\n\n\n\n<li><a href=\"https:\/\/www.youtube.com\/watch?v=BiOOlWtW4Jo&amp;t=326s\" target=\"_blank\" rel=\"noreferrer noopener\">5:26<\/a>\u200b Befehlszeile<\/li>\n\n\n\n<li><a href=\"https:\/\/www.youtube.com\/watch?v=BiOOlWtW4Jo&amp;t=403s\" target=\"_blank\" rel=\"noreferrer noopener\">6:43<\/a>\u200b Status-Werkzeugleiste und Ofang-Werkzeugleiste<\/li>\n\n\n\n<li><a href=\"https:\/\/www.youtube.com\/watch?v=BiOOlWtW4Jo&amp;t=457s\" target=\"_blank\" rel=\"noreferrer noopener\">7:37<\/a>\u200b Panels und Container<\/li>\n<\/ul>\n\n<p><\/p>\n\n<p><em>Die untenstehenden Tutorials pr\u00e4sentieren Lands Design derzeit noch als Plug-in innerhalb der Rhino-Benutzeroberfl\u00e4che. Sie werden in K\u00fcrze aktualisiert, um die neue eigenst\u00e4ndige Benutzeroberfl\u00e4che wiederzugeben.<\/em><\/p>\n\n<div class=\"wp-block-columns\">\n<div class=\"wp-block-column my-5\">\n<h2 class=\"wp-block-heading\" id=\"lands-design-interface\">Tutorial 1: Benutzeroberfl\u00e4che von Lands Design<\/h2>\n\n\n\n<p class=\"min-height-tutorial-description\">In diesem Tutorial geht es um die Werkzeugleisten und Dialogfenster in Lands Design.<\/p>\n\n\n\n&nbsp;<br><div class='youtube-div-16-9'> \n\t\t\t\t\t\t<iframe class='youtube-iframe'\n\t\t\t\t\t\t\tsrc='https:\/\/www.youtube.com\/embed\/QxEl2OYBe7U?rel=0' \n\t\t\t\t\t\t\tframeborder='0' \n\t\t\t\t\t\t\tallow='accelerometer; autoplay; clipboard-write; encrypted-media; gyroscope; picture-in-picture' \n\t\t\t\t\t\t\tallowfullscreen=''>\n\t\t\t\t\t\t<\/iframe>\n\t\t\t\t\t<\/div>\n\n\n\n<ul>\n<li><a href=\"https:\/\/www.youtube.com\/watch?v=QxEl2OYBe7U&amp;list=PLBKOaJp17CZq51xtf5XlpXs_FEUeYvnsA&amp;index=2&amp;t=0s\">0:00<\/a>\u200b Einf\u00fchrung<\/li>\n\n\n\n<li><a href=\"https:\/\/www.youtube.com\/watch?v=QxEl2OYBe7U&amp;list=PLBKOaJp17CZq51xtf5XlpXs_FEUeYvnsA&amp;index=2&amp;t=49s\">0:49<\/a>\u200b Lands Design starten<\/li>\n\n\n\n<li><a href=\"https:\/\/www.youtube.com\/watch?v=QxEl2OYBe7U&amp;list=PLBKOaJp17CZq51xtf5XlpXs_FEUeYvnsA&amp;index=2&amp;t=112s\">1:52<\/a>\u200b Werkzeugleisten<\/li>\n\n\n\n<li><a href=\"https:\/\/www.youtube.com\/watch?v=QxEl2OYBe7U&amp;list=PLBKOaJp17CZq51xtf5XlpXs_FEUeYvnsA&amp;index=2&amp;t=266s\">4:26<\/a>\u200b Bearbeitungspanel<\/li>\n\n\n\n<li><a href=\"https:\/\/www.youtube.com\/watch?v=QxEl2OYBe7U&amp;list=PLBKOaJp17CZq51xtf5XlpXs_FEUeYvnsA&amp;index=2&amp;t=537s\">8:57<\/a>\u200b Eigenschaften-Explorer<\/li>\n\n\n\n<li><a href=\"https:\/\/www.youtube.com\/watch?v=QxEl2OYBe7U&amp;list=PLBKOaJp17CZq51xtf5XlpXs_FEUeYvnsA&amp;index=2&amp;t=560s\">9:20<\/a>\u200b Men\u00fc und Kontextmen\u00fc<\/li>\n\n\n\n<li><a href=\"https:\/\/www.youtube.com\/watch?v=QxEl2OYBe7U&amp;list=PLBKOaJp17CZq51xtf5XlpXs_FEUeYvnsA&amp;index=2&amp;t=592s\">9:52<\/a>\u200b Hilfe<\/li>\n<\/ul>\n<\/div>\n\n\n\n<div class=\"wp-block-column my-5\">\n<h2 class=\"wp-block-heading\" id=\"terrain-modeling-tools\">Tutorial 2: Werkzeuge zur Gel\u00e4ndemodellierung<\/h2>\n\n\n\n<p class=\"min-height-tutorial-description\">Dieses Tutorial widmet sich den Hauptwerkzeugen zum Erzeugen und Bearbeiten von Gel\u00e4nden in Lands Design. Auch das Importieren von Terrains aus dem Web oder aus DEM (Digital Elevation Model) -Dateien wird gezeigt.<\/p>\n\n\n\n&nbsp;<br><div class='youtube-div-16-9'> \n\t\t\t\t\t\t<iframe class='youtube-iframe'\n\t\t\t\t\t\t\tsrc='https:\/\/www.youtube.com\/embed\/DvSJ7M_aZ7I?rel=0' \n\t\t\t\t\t\t\tframeborder='0' \n\t\t\t\t\t\t\tallow='accelerometer; autoplay; clipboard-write; encrypted-media; gyroscope; picture-in-picture' \n\t\t\t\t\t\t\tallowfullscreen=''>\n\t\t\t\t\t\t<\/iframe>\n\t\t\t\t\t<\/div>\n\n\n\n<ul>\n<li><a href=\"https:\/\/www.youtube.com\/watch?v=DvSJ7M_aZ7I&amp;list=PLBKOaJp17CZq51xtf5XlpXs_FEUeYvnsA&amp;index=3&amp;t=0s\">0:00<\/a>\u200b Einf\u00fchrung<\/li>\n\n\n\n<li><a href=\"https:\/\/www.youtube.com\/watch?v=DvSJ7M_aZ7I&amp;list=PLBKOaJp17CZq51xtf5XlpXs_FEUeYvnsA&amp;index=3&amp;t=51s\">0:51<\/a>\u200b Gel\u00e4nde scannen und aus dem Internet importieren<\/li>\n\n\n\n<li><a href=\"https:\/\/www.youtube.com\/watch?v=DvSJ7M_aZ7I&amp;list=PLBKOaJp17CZq51xtf5XlpXs_FEUeYvnsA&amp;index=3&amp;t=362s\">6:02<\/a>\u200b Gel\u00e4nde von einer DEM-Datei<\/li>\n\n\n\n<li><a href=\"https:\/\/www.youtube.com\/watch?v=DvSJ7M_aZ7I&amp;list=PLBKOaJp17CZq51xtf5XlpXs_FEUeYvnsA&amp;index=3&amp;t=482s\">8:02<\/a>\u200b Ein neues Gel\u00e4nde erzeugen<\/li>\n\n\n\n<li><a href=\"https:\/\/www.youtube.com\/watch?v=DvSJ7M_aZ7I&amp;list=PLBKOaJp17CZq51xtf5XlpXs_FEUeYvnsA&amp;index=3&amp;t=882s\">14:42<\/a>\u200b Begrenzung ausw\u00e4hlen<\/li>\n\n\n\n<li><a href=\"https:\/\/www.youtube.com\/watch?v=DvSJ7M_aZ7I&amp;list=PLBKOaJp17CZq51xtf5XlpXs_FEUeYvnsA&amp;index=3&amp;t=1091s\">18:11<\/a>\u200b Kontur hinzuf\u00fcgen<\/li>\n\n\n\n<li><a href=\"https:\/\/www.youtube.com\/watch?v=DvSJ7M_aZ7I&amp;list=PLBKOaJp17CZq51xtf5XlpXs_FEUeYvnsA&amp;index=3&amp;t=1169s\">19:29<\/a>\u200b \u00d6ffnung hinzuf\u00fcgen<\/li>\n\n\n\n<li><a href=\"https:\/\/www.youtube.com\/watch?v=DvSJ7M_aZ7I&amp;list=PLBKOaJp17CZq51xtf5XlpXs_FEUeYvnsA&amp;index=3&amp;t=1308s\">21:48<\/a>\u200b Abtrag und Auftrag hinzuf\u00fcgen<\/li>\n\n\n\n<li><a href=\"https:\/\/www.youtube.com\/watch?v=DvSJ7M_aZ7I&amp;list=PLBKOaJp17CZq51xtf5XlpXs_FEUeYvnsA&amp;index=3&amp;t=1462s\">24:22<\/a>\u200b Pfad hinzuf\u00fcgen<\/li>\n\n\n\n<li><a href=\"https:\/\/www.youtube.com\/watch?v=DvSJ7M_aZ7I&amp;list=PLBKOaJp17CZq51xtf5XlpXs_FEUeYvnsA&amp;index=3&amp;t=1775s\">29:35<\/a>\u200b Aufteilung hinzuf\u00fcgen<\/li>\n\n\n\n<li><a href=\"https:\/\/www.youtube.com\/watch?v=DvSJ7M_aZ7I&amp;list=PLBKOaJp17CZq51xtf5XlpXs_FEUeYvnsA&amp;index=3&amp;t=1871s\">31:11<\/a>\u200b Terraininformation auflisten<\/li>\n<\/ul>\n<\/div>\n<\/div>\n\n<div class=\"wp-block-columns\">\n<div class=\"wp-block-column\">\n<h2 class=\"wp-block-heading\" id=\"civil-work-objects\">Tutorial 3: Zonen und Bau-Objekte<\/h2>\n\n\n\n<p>In diesem Tutorial geht es um den Befehl Verzonen und weitere Werkzeuge f\u00fcr die Arbeit mit Bau-Objekten.<\/p>\n\n\n\n&nbsp;<br><div class='youtube-div-16-9'> \n\t\t\t\t\t\t<iframe class='youtube-iframe'\n\t\t\t\t\t\t\tsrc='https:\/\/www.youtube.com\/embed\/chV3zDI8Um8?rel=0' \n\t\t\t\t\t\t\tframeborder='0' \n\t\t\t\t\t\t\tallow='accelerometer; autoplay; clipboard-write; encrypted-media; gyroscope; picture-in-picture' \n\t\t\t\t\t\t\tallowfullscreen=''>\n\t\t\t\t\t\t<\/iframe>\n\t\t\t\t\t<\/div>\n\n\n\n<ul>\n<li><a href=\"https:\/\/www.youtube.com\/watch?v=chV3zDI8Um8&amp;list=PLBKOaJp17CZq51xtf5XlpXs_FEUeYvnsA&amp;index=4&amp;t=0s\">0:00<\/a>\u200b Einf\u00fchrung<\/li>\n\n\n\n<li><a href=\"https:\/\/www.youtube.com\/watch?v=chV3zDI8Um8&amp;list=PLBKOaJp17CZq51xtf5XlpXs_FEUeYvnsA&amp;index=4&amp;t=28s\">0:28<\/a>\u200b Zonen<\/li>\n\n\n\n<li><a href=\"https:\/\/www.youtube.com\/watch?v=chV3zDI8Um8&amp;list=PLBKOaJp17CZq51xtf5XlpXs_FEUeYvnsA&amp;index=4&amp;t=248s\">4:08<\/a>\u200b W\u00e4nde und Randsteine<\/li>\n\n\n\n<li><a href=\"https:\/\/www.youtube.com\/watch?v=chV3zDI8Um8&amp;list=PLBKOaJp17CZq51xtf5XlpXs_FEUeYvnsA&amp;index=4&amp;t=392s\">6:32<\/a>\u200b Zaun<\/li>\n\n\n\n<li><a href=\"https:\/\/www.youtube.com\/watch?v=chV3zDI8Um8&amp;list=PLBKOaJp17CZq51xtf5XlpXs_FEUeYvnsA&amp;index=4&amp;t=568s\">9:28<\/a>\u200b Stadtm\u00f6bel<\/li>\n\n\n\n<li><a href=\"https:\/\/www.youtube.com\/watch?v=chV3zDI8Um8&amp;list=PLBKOaJp17CZq51xtf5XlpXs_FEUeYvnsA&amp;index=4&amp;t=1176s\">19:36<\/a>\u200b Pfad<\/li>\n\n\n\n<li><a href=\"https:\/\/www.youtube.com\/watch?v=chV3zDI8Um8&amp;list=PLBKOaJp17CZq51xtf5XlpXs_FEUeYvnsA&amp;index=4&amp;t=1465s\">24:25<\/a>\u200b Stadtm\u00f6belliste<\/li>\n<\/ul>\n<\/div>\n\n\n\n<div class=\"wp-block-column\">\n<h2 class=\"wp-block-heading\" id=\"plant-database-and-vegetation\">Tutorial 4: Pflanzendatenbank und Vegetation<\/h2>\n\n\n\n<p>In diesem Tutorial geht es um die Hauptfunktionen bei der Arbeit mit Vegetationselementen. Auch die Pflanzendatenbank kommt ausf\u00fchrlich zur Sprache.<\/p>\n\n\n\n&nbsp;<br><div class='youtube-div-16-9'> \n\t\t\t\t\t\t<iframe class='youtube-iframe'\n\t\t\t\t\t\t\tsrc='https:\/\/www.youtube.com\/embed\/eEjSYwTzaXU?rel=0' \n\t\t\t\t\t\t\tframeborder='0' \n\t\t\t\t\t\t\tallow='accelerometer; autoplay; clipboard-write; encrypted-media; gyroscope; picture-in-picture' \n\t\t\t\t\t\t\tallowfullscreen=''>\n\t\t\t\t\t\t<\/iframe>\n\t\t\t\t\t<\/div>\n\n\n\n<ul>\n<li><a href=\"https:\/\/www.youtube.com\/watch?v=BKmACIwQwVM&amp;list=PLBKOaJp17CZq51xtf5XlpXs_FEUeYvnsA&amp;index=5&amp;t=0s\">0:00<\/a>\u200b Einf\u00fchrung<\/li>\n\n\n\n<li><a href=\"https:\/\/www.youtube.com\/watch?v=BKmACIwQwVM&amp;list=PLBKOaJp17CZq51xtf5XlpXs_FEUeYvnsA&amp;index=5&amp;t=52s\">0:52<\/a>\u200b Eine Pflanze einf\u00fcgen<\/li>\n\n\n\n<li><a href=\"https:\/\/www.youtube.com\/watch?v=BKmACIwQwVM&amp;list=PLBKOaJp17CZq51xtf5XlpXs_FEUeYvnsA&amp;index=5&amp;t=120s\">2:00<\/a>\u200b Pflanzendatenbank<\/li>\n\n\n\n<li><a href=\"https:\/\/www.youtube.com\/watch?v=BKmACIwQwVM&amp;list=PLBKOaJp17CZq51xtf5XlpXs_FEUeYvnsA&amp;index=5&amp;t=459s\">7:39<\/a>\u200b Pflanzen zeichnen<\/li>\n\n\n\n<li><a href=\"https:\/\/www.youtube.com\/watch?v=BKmACIwQwVM&amp;list=PLBKOaJp17CZq51xtf5XlpXs_FEUeYvnsA&amp;index=5&amp;t=612s\">10:12<\/a>\u200b Pflanzen aus Punkten<\/li>\n\n\n\n<li><a href=\"https:\/\/www.youtube.com\/watch?v=BKmACIwQwVM&amp;list=PLBKOaJp17CZq51xtf5XlpXs_FEUeYvnsA&amp;index=5&amp;t=674s\">11:14<\/a>\u200b Pflanzenreihen<\/li>\n\n\n\n<li><a href=\"https:\/\/www.youtube.com\/watch?v=BKmACIwQwVM&amp;list=PLBKOaJp17CZq51xtf5XlpXs_FEUeYvnsA&amp;index=5&amp;t=685s\">11:25<\/a>\u200b W\u00e4lder<\/li>\n\n\n\n<li><a href=\"https:\/\/www.youtube.com\/watch?v=BKmACIwQwVM&amp;list=PLBKOaJp17CZq51xtf5XlpXs_FEUeYvnsA&amp;index=5&amp;t=1100s\">18:20<\/a>\u200b Wald von Zone<\/li>\n\n\n\n<li><a href=\"https:\/\/www.youtube.com\/watch?v=BKmACIwQwVM&amp;list=PLBKOaJp17CZq51xtf5XlpXs_FEUeYvnsA&amp;index=5&amp;t=1155s\">19:15<\/a>\u200b Fassadenbegr\u00fcnung<\/li>\n\n\n\n<li><a href=\"https:\/\/www.youtube.com\/watch?v=BKmACIwQwVM&amp;list=PLBKOaJp17CZq51xtf5XlpXs_FEUeYvnsA&amp;index=5&amp;t=1349s\">22:29<\/a>\u200b B\u00fcsche<\/li>\n\n\n\n<li><a href=\"https:\/\/www.youtube.com\/watch?v=BKmACIwQwVM&amp;list=PLBKOaJp17CZq51xtf5XlpXs_FEUeYvnsA&amp;index=5&amp;t=1528s\">25:28<\/a>\u200b Bodendecker<\/li>\n<\/ul>\n<\/div>\n<\/div>\n\n<div class=\"wp-block-columns\">\n<div class=\"wp-block-column\" style=\"flex-basis:100%\">\n<div class=\"wp-block-columns\">\n<div class=\"wp-block-column\">\n<h2 class=\"wp-block-heading\" id=\"documentation-tools\">Tutorial 5: Dokumentationswerkzeuge<\/h2>\n\n\n\n<p>Dieses Tutorial widmet sich den 2D-Dokumentationswerkzeugen von Lands Design.<\/p>\n\n\n\n&nbsp;<br><div class='youtube-div-16-9'> \n\t\t\t\t\t\t<iframe class='youtube-iframe'\n\t\t\t\t\t\t\tsrc='https:\/\/www.youtube.com\/embed\/cy0Eu315WEM?rel=0' \n\t\t\t\t\t\t\tframeborder='0' \n\t\t\t\t\t\t\tallow='accelerometer; autoplay; clipboard-write; encrypted-media; gyroscope; picture-in-picture' \n\t\t\t\t\t\t\tallowfullscreen=''>\n\t\t\t\t\t\t<\/iframe>\n\t\t\t\t\t<\/div>\n\n\n\n<ul>\n<li><a href=\"https:\/\/www.youtube.com\/watch?v=cy0Eu315WEM&amp;list=PLBKOaJp17CZq51xtf5XlpXs_FEUeYvnsA&amp;index=6&amp;t=0s\">0:00<\/a>\u200b Einf\u00fchrung<\/li>\n\n\n\n<li><a href=\"https:\/\/www.youtube.com\/watch?v=chV3zDI8Um8&amp;list=PLBKOaJp17CZq51xtf5XlpXs_FEUeYvnsA&amp;index=4&amp;t=28s\">0:36<\/a>\u200b Sprinkler<\/li>\n\n\n\n<li><a href=\"https:\/\/www.youtube.com\/watch?v=cy0Eu315WEM&amp;list=PLBKOaJp17CZq51xtf5XlpXs_FEUeYvnsA&amp;index=6&amp;t=205s\">3:25<\/a>\u200b Rohre<\/li>\n\n\n\n<li><a href=\"https:\/\/www.youtube.com\/watch?v=chV3zDI8Um8&amp;list=PLBKOaJp17CZq51xtf5XlpXs_FEUeYvnsA&amp;index=4&amp;t=392s\">6:20<\/a>\u200b Liste von Sprinklern und Rohren<\/li>\n\n\n\n<li><a href=\"https:\/\/www.youtube.com\/watch?v=cy0Eu315WEM&amp;list=PLBKOaJp17CZq51xtf5XlpXs_FEUeYvnsA&amp;index=6&amp;t=408s\">6:48<\/a> Pflanzenliste<\/li>\n\n\n\n<li><a href=\"https:\/\/www.youtube.com\/watch?v=cy0Eu315WEM&amp;list=PLBKOaJp17CZq51xtf5XlpXs_FEUeYvnsA&amp;index=6&amp;t=497s\">8:17<\/a> Benutzerdefinierte Parameter in Listen hinzuf\u00fcgen<\/li>\n\n\n\n<li><a href=\"https:\/\/www.youtube.com\/watch?v=cy0Eu315WEM&amp;list=PLBKOaJp17CZq51xtf5XlpXs_FEUeYvnsA&amp;index=6&amp;t=614s\">10:14<\/a> Listen exportieren<\/li>\n\n\n\n<li><a href=\"https:\/\/www.youtube.com\/watch?v=cy0Eu315WEM&amp;list=PLBKOaJp17CZq51xtf5XlpXs_FEUeYvnsA&amp;index=6&amp;t=640s\">10:40<\/a> Pflanzenetiketten<\/li>\n\n\n\n<li><a href=\"https:\/\/www.youtube.com\/watch?v=cy0Eu315WEM&amp;list=PLBKOaJp17CZq51xtf5XlpXs_FEUeYvnsA&amp;index=6&amp;t=806s\">13:26<\/a> Pflanzenfoto<\/li>\n\n\n\n<li><a href=\"https:\/\/www.youtube.com\/watch?v=cy0Eu315WEM&amp;list=PLBKOaJp17CZq51xtf5XlpXs_FEUeYvnsA&amp;index=6&amp;t=886s\">14:46<\/a> Etiketten-Tool<\/li>\n\n\n\n<li><a href=\"https:\/\/www.youtube.com\/watch?v=cy0Eu315WEM&amp;list=PLBKOaJp17CZq51xtf5XlpXs_FEUeYvnsA&amp;index=6&amp;t=921s\">15:21<\/a> Bema\u00dfungswerkzeug<\/li>\n\n\n\n<li><a href=\"https:\/\/www.youtube.com\/watch?v=cy0Eu315WEM&amp;list=PLBKOaJp17CZq51xtf5XlpXs_FEUeYvnsA&amp;index=6&amp;t=1043s\">17:23<\/a> Neigungs-Tool<\/li>\n\n\n\n<li><a href=\"https:\/\/www.youtube.com\/watch?v=cy0Eu315WEM&amp;list=PLBKOaJp17CZq51xtf5XlpXs_FEUeYvnsA&amp;index=6&amp;t=1153s\">19:13<\/a> Pflanzenschatten<\/li>\n<\/ul>\n<\/div>\n\n\n\n<div class=\"wp-block-column\"><\/div>\n<\/div>\n<\/div>\n<\/div>\n\n<p>Tutorial 6 ist bald verf\u00fcgbar.<\/p>\n<p>[\/et_pb_text][\/et_pb_column]<br \/>\n [\/et_pb_row]<br \/>\n [\/et_pb_section]<\/p>\n","protected":false},"excerpt":{"rendered":"<p>Lands Design Video-Tutorials In folgenden Video-Tutorials lernen Sie die Hauptfunktionen von Lands Design (f\u00fcr die Rhino-Version) beim Erstellen eines Landschaftsprojekts. Die Videos sind thematisch sortiert. Laden Sie hier die Datei herunter, um mit dem Tutorial zu beginnen. \u00dcbersicht Tutorial 0: Grundlagen der RhinoLands-Benutzeroberfl\u00e4che Tutorial 1: Benutzeroberfl\u00e4che von Lands Design Tutorial 2: Werkzeuge zur Gel\u00e4ndemodellierung Tutorial [&hellip;]<\/p>\n","protected":false},"author":1,"featured_media":0,"parent":63882,"menu_order":0,"comment_status":"closed","ping_status":"closed","template":"","meta":{"_et_pb_use_builder":"on","_et_pb_old_content":"","_et_gb_content_width":"","footnotes":""},"class_list":["post-66789","page","type-page","status-publish","hentry"],"yoast_head":"<!-- This site is optimized with the Yoast SEO plugin v27.3 - https:\/\/yoast.com\/product\/yoast-seo-wordpress\/ -->\n<title>Video-Tutorials - RhinoLands<\/title>\n<meta name=\"robots\" content=\"index, follow, max-snippet:-1, max-image-preview:large, max-video-preview:-1\" \/>\n<link rel=\"canonical\" href=\"https:\/\/rhinolands.com\/de\/learn\/video-tutorial\/\" \/>\n<meta property=\"og:locale\" content=\"de_DE\" \/>\n<meta property=\"og:type\" content=\"article\" \/>\n<meta property=\"og:title\" content=\"Video-Tutorials - RhinoLands\" \/>\n<meta property=\"og:description\" content=\"Lands Design Video-Tutorials In folgenden Video-Tutorials lernen Sie die Hauptfunktionen von Lands Design (f\u00fcr die Rhino-Version) beim Erstellen eines Landschaftsprojekts. Die Videos sind thematisch sortiert. Laden Sie hier die Datei herunter, um mit dem Tutorial zu beginnen. \u00dcbersicht Tutorial 0: Grundlagen der RhinoLands-Benutzeroberfl\u00e4che Tutorial 1: Benutzeroberfl\u00e4che von Lands Design Tutorial 2: Werkzeuge zur Gel\u00e4ndemodellierung Tutorial [&hellip;]\" \/>\n<meta property=\"og:url\" content=\"https:\/\/rhinolands.com\/de\/learn\/video-tutorial\/\" \/>\n<meta property=\"og:site_name\" content=\"RhinoLands\" \/>\n<meta property=\"article:modified_time\" content=\"2025-08-26T12:34:25+00:00\" \/>\n<meta name=\"twitter:card\" content=\"summary_large_image\" \/>\n<meta name=\"twitter:label1\" content=\"Gesch\u00e4tzte Lesezeit\" \/>\n\t<meta name=\"twitter:data1\" content=\"2\u00a0Minuten\" \/>\n<script type=\"application\/ld+json\" class=\"yoast-schema-graph\">{\"@context\":\"https:\\\/\\\/schema.org\",\"@graph\":[{\"@type\":\"WebPage\",\"@id\":\"https:\\\/\\\/rhinolands.com\\\/de\\\/learn\\\/video-tutorial\\\/\",\"url\":\"https:\\\/\\\/rhinolands.com\\\/de\\\/learn\\\/video-tutorial\\\/\",\"name\":\"Video-Tutorials - RhinoLands\",\"isPartOf\":{\"@id\":\"https:\\\/\\\/rhinolands.com\\\/de\\\/#website\"},\"datePublished\":\"2020-12-14T10:28:47+00:00\",\"dateModified\":\"2025-08-26T12:34:25+00:00\",\"breadcrumb\":{\"@id\":\"https:\\\/\\\/rhinolands.com\\\/de\\\/learn\\\/video-tutorial\\\/#breadcrumb\"},\"inLanguage\":\"de\",\"potentialAction\":[{\"@type\":\"ReadAction\",\"target\":[\"https:\\\/\\\/rhinolands.com\\\/de\\\/learn\\\/video-tutorial\\\/\"]}]},{\"@type\":\"BreadcrumbList\",\"@id\":\"https:\\\/\\\/rhinolands.com\\\/de\\\/learn\\\/video-tutorial\\\/#breadcrumb\",\"itemListElement\":[{\"@type\":\"ListItem\",\"position\":1,\"name\":\"Home\",\"item\":\"https:\\\/\\\/rhinolands.com\\\/de\\\/\"},{\"@type\":\"ListItem\",\"position\":2,\"name\":\"Schulung\",\"item\":\"https:\\\/\\\/rhinolands.com\\\/de\\\/learn\\\/\"},{\"@type\":\"ListItem\",\"position\":3,\"name\":\"Video-Tutorials\"}]},{\"@type\":\"WebSite\",\"@id\":\"https:\\\/\\\/rhinolands.com\\\/de\\\/#website\",\"url\":\"https:\\\/\\\/rhinolands.com\\\/de\\\/\",\"name\":\"RhinoLands\",\"description\":\"BIM landscape software\",\"publisher\":{\"@id\":\"https:\\\/\\\/rhinolands.com\\\/de\\\/#organization\"},\"potentialAction\":[{\"@type\":\"SearchAction\",\"target\":{\"@type\":\"EntryPoint\",\"urlTemplate\":\"https:\\\/\\\/rhinolands.com\\\/de\\\/?s={search_term_string}\"},\"query-input\":{\"@type\":\"PropertyValueSpecification\",\"valueRequired\":true,\"valueName\":\"search_term_string\"}}],\"inLanguage\":\"de\"},{\"@type\":\"Organization\",\"@id\":\"https:\\\/\\\/rhinolands.com\\\/de\\\/#organization\",\"name\":\"Asuni Soft\",\"url\":\"https:\\\/\\\/rhinolands.com\\\/de\\\/\",\"logo\":{\"@type\":\"ImageObject\",\"inLanguage\":\"de\",\"@id\":\"https:\\\/\\\/rhinolands.com\\\/de\\\/#\\\/schema\\\/logo\\\/image\\\/\",\"url\":\"https:\\\/\\\/rhinolands.com\\\/wp-content\\\/uploads\\\/2020\\\/02\\\/AsuniLogoFinal-01.png\",\"contentUrl\":\"https:\\\/\\\/rhinolands.com\\\/wp-content\\\/uploads\\\/2020\\\/02\\\/AsuniLogoFinal-01.png\",\"width\":151,\"height\":46,\"caption\":\"Asuni Soft\"},\"image\":{\"@id\":\"https:\\\/\\\/rhinolands.com\\\/de\\\/#\\\/schema\\\/logo\\\/image\\\/\"}}]}<\/script>\n<!-- \/ Yoast SEO plugin. -->","yoast_head_json":{"title":"Video-Tutorials - RhinoLands","robots":{"index":"index","follow":"follow","max-snippet":"max-snippet:-1","max-image-preview":"max-image-preview:large","max-video-preview":"max-video-preview:-1"},"canonical":"https:\/\/rhinolands.com\/de\/learn\/video-tutorial\/","og_locale":"de_DE","og_type":"article","og_title":"Video-Tutorials - RhinoLands","og_description":"Lands Design Video-Tutorials In folgenden Video-Tutorials lernen Sie die Hauptfunktionen von Lands Design (f\u00fcr die Rhino-Version) beim Erstellen eines Landschaftsprojekts. Die Videos sind thematisch sortiert. Laden Sie hier die Datei herunter, um mit dem Tutorial zu beginnen. \u00dcbersicht Tutorial 0: Grundlagen der RhinoLands-Benutzeroberfl\u00e4che Tutorial 1: Benutzeroberfl\u00e4che von Lands Design Tutorial 2: Werkzeuge zur Gel\u00e4ndemodellierung Tutorial [&hellip;]","og_url":"https:\/\/rhinolands.com\/de\/learn\/video-tutorial\/","og_site_name":"RhinoLands","article_modified_time":"2025-08-26T12:34:25+00:00","twitter_card":"summary_large_image","twitter_misc":{"Gesch\u00e4tzte Lesezeit":"2\u00a0Minuten"},"schema":{"@context":"https:\/\/schema.org","@graph":[{"@type":"WebPage","@id":"https:\/\/rhinolands.com\/de\/learn\/video-tutorial\/","url":"https:\/\/rhinolands.com\/de\/learn\/video-tutorial\/","name":"Video-Tutorials - RhinoLands","isPartOf":{"@id":"https:\/\/rhinolands.com\/de\/#website"},"datePublished":"2020-12-14T10:28:47+00:00","dateModified":"2025-08-26T12:34:25+00:00","breadcrumb":{"@id":"https:\/\/rhinolands.com\/de\/learn\/video-tutorial\/#breadcrumb"},"inLanguage":"de","potentialAction":[{"@type":"ReadAction","target":["https:\/\/rhinolands.com\/de\/learn\/video-tutorial\/"]}]},{"@type":"BreadcrumbList","@id":"https:\/\/rhinolands.com\/de\/learn\/video-tutorial\/#breadcrumb","itemListElement":[{"@type":"ListItem","position":1,"name":"Home","item":"https:\/\/rhinolands.com\/de\/"},{"@type":"ListItem","position":2,"name":"Schulung","item":"https:\/\/rhinolands.com\/de\/learn\/"},{"@type":"ListItem","position":3,"name":"Video-Tutorials"}]},{"@type":"WebSite","@id":"https:\/\/rhinolands.com\/de\/#website","url":"https:\/\/rhinolands.com\/de\/","name":"RhinoLands","description":"BIM landscape software","publisher":{"@id":"https:\/\/rhinolands.com\/de\/#organization"},"potentialAction":[{"@type":"SearchAction","target":{"@type":"EntryPoint","urlTemplate":"https:\/\/rhinolands.com\/de\/?s={search_term_string}"},"query-input":{"@type":"PropertyValueSpecification","valueRequired":true,"valueName":"search_term_string"}}],"inLanguage":"de"},{"@type":"Organization","@id":"https:\/\/rhinolands.com\/de\/#organization","name":"Asuni Soft","url":"https:\/\/rhinolands.com\/de\/","logo":{"@type":"ImageObject","inLanguage":"de","@id":"https:\/\/rhinolands.com\/de\/#\/schema\/logo\/image\/","url":"https:\/\/rhinolands.com\/wp-content\/uploads\/2020\/02\/AsuniLogoFinal-01.png","contentUrl":"https:\/\/rhinolands.com\/wp-content\/uploads\/2020\/02\/AsuniLogoFinal-01.png","width":151,"height":46,"caption":"Asuni Soft"},"image":{"@id":"https:\/\/rhinolands.com\/de\/#\/schema\/logo\/image\/"}}]}},"_links":{"self":[{"href":"https:\/\/rhinolands.com\/de\/wp-json\/wp\/v2\/pages\/66789","targetHints":{"allow":["GET"]}}],"collection":[{"href":"https:\/\/rhinolands.com\/de\/wp-json\/wp\/v2\/pages"}],"about":[{"href":"https:\/\/rhinolands.com\/de\/wp-json\/wp\/v2\/types\/page"}],"author":[{"embeddable":true,"href":"https:\/\/rhinolands.com\/de\/wp-json\/wp\/v2\/users\/1"}],"replies":[{"embeddable":true,"href":"https:\/\/rhinolands.com\/de\/wp-json\/wp\/v2\/comments?post=66789"}],"version-history":[{"count":3,"href":"https:\/\/rhinolands.com\/de\/wp-json\/wp\/v2\/pages\/66789\/revisions"}],"predecessor-version":[{"id":85091,"href":"https:\/\/rhinolands.com\/de\/wp-json\/wp\/v2\/pages\/66789\/revisions\/85091"}],"up":[{"embeddable":true,"href":"https:\/\/rhinolands.com\/de\/wp-json\/wp\/v2\/pages\/63882"}],"wp:attachment":[{"href":"https:\/\/rhinolands.com\/de\/wp-json\/wp\/v2\/media?parent=66789"}],"curies":[{"name":"wp","href":"https:\/\/api.w.org\/{rel}","templated":true}]}}