{"id":67820,"date":"2021-05-31T11:08:01","date_gmt":"2021-05-31T09:08:01","guid":{"rendered":"https:\/\/rhinolands.com\/learn\/kurse\/"},"modified":"2025-11-21T10:33:58","modified_gmt":"2025-11-21T09:33:58","slug":"courses","status":"publish","type":"page","link":"https:\/\/rhinolands.com\/de\/learn\/courses\/","title":{"rendered":"Kurse"},"content":{"rendered":"[et_pb_section fb_built=&#8220;1&#8243; admin_label=&#8220;section&#8220; _builder_version=&#8220;4.16&#8243; da_disable_devices=&#8220;off|off|off&#8220; global_colors_info=&#8220;{}&#8220; da_is_popup=&#8220;off&#8220; da_exit_intent=&#8220;off&#8220; da_has_close=&#8220;on&#8220; da_alt_close=&#8220;off&#8220; da_dark_close=&#8220;off&#8220; da_not_modal=&#8220;on&#8220; da_is_singular=&#8220;off&#8220; da_with_loader=&#8220;off&#8220; da_has_shadow=&#8220;on&#8220;][et_pb_row admin_label=&#8220;Reihe&#8220; _builder_version=&#8220;4.24.2&#8243; background_size=&#8220;initial&#8220; background_position=&#8220;top_left&#8220; background_repeat=&#8220;repeat&#8220; global_colors_info=&#8220;{}&#8220;][et_pb_column type=&#8220;4_4&#8243; _builder_version=&#8220;4.16&#8243; custom_padding=&#8220;|||&#8220; global_colors_info=&#8220;{}&#8220; custom_padding__hover=&#8220;|||&#8220;][et_pb_post_title meta=&#8220;off&#8220; featured_image=&#8220;off&#8220; _builder_version=&#8220;4.24.2&#8243; _module_preset=&#8220;default&#8220; global_colors_info=&#8220;{}&#8220;][\/et_pb_post_title][et_pb_text admin_label=&#8220;Text&#8220; _builder_version=&#8220;4.24.3&#8243; background_size=&#8220;initial&#8220; background_position=&#8220;top_left&#8220; background_repeat=&#8220;repeat&#8220; global_colors_info=&#8220;{}&#8220;]<h2>Plattform f\u00fcr Onlinekurs<\/h2>\nBeginnen Sie Ihre Reise mit RhinoLands durch unseren kostenlosen Online-Kurs auf der Rhino3D-Bildungsplattform. Registrieren Sie sich auf der Plattform und melden Sie sich f\u00fcr den RhinoLands-Kurs an &#8211; ein intuitiver Weg, um das Programm Schritt f\u00fcr Schritt durch \u00dcbungen und Anweisungen zu verstehen.[\/et_pb_text][et_pb_button button_url=&#8220;https:\/\/www.rhino3d.education\/p\/lands-design-landscape-design-tool-in-rhino&#8220; url_new_window=&#8220;on&#8220; button_text=&#8220;Anmeldung&#8220; button_alignment=&#8220;center&#8220; _builder_version=&#8220;4.24.2&#8243; _module_preset=&#8220;default&#8220; global_colors_info=&#8220;{}&#8220;][\/et_pb_button][et_pb_text admin_label=&#8220;Text&#8220; _builder_version=&#8220;4.27.4&#8243; background_size=&#8220;initial&#8220; background_position=&#8220;top_left&#8220; background_repeat=&#8220;repeat&#8220; hover_enabled=&#8220;0&#8243; global_colors_info=&#8220;{}&#8220; sticky_enabled=&#8220;0&#8243;]<h2>Online-Demo<\/h2><p>Kommen Sie auf uns zu und vereinbaren Sie einen Termin f\u00fcr eine<span>\u00a0<\/span><strong data-start=\"358\" data-end=\"387\">kostenlose Online-Demo<\/strong>. Diese interaktive Sitzung ist die schnellste und bequemste Methode, sich mit RhinoLands vertraut zu machen. Sprechen Sie Fragen an, tauschen Sie Ideen aus und lassen Sie sich von unserem Team pers\u00f6nlich beraten.<\/p><p data-pm-slice=\"1 1 []\">Unsere Pr\u00e4sentationen werden via Zoom von Barcelona, Spanien aus durchgef\u00fchrt. W\u00e4hlen Sie einfach ein passendes Datum und eine Uhrzeit aus, und wir schicken Ihnen den Link zum Meeting.<\/p>[\/et_pb_text][et_pb_button button_url=&#8220;mailto:rhinolands@asuni.com&#8220; url_new_window=&#8220;on&#8220; button_text=&#8220;Kontakt&#8220; button_alignment=&#8220;center&#8220; _builder_version=&#8220;4.24.3&#8243; _module_preset=&#8220;default&#8220; global_colors_info=&#8220;{}&#8220;][\/et_pb_button][et_pb_text admin_label=&#8220;Text&#8220; _builder_version=&#8220;4.27.4&#8243; background_size=&#8220;initial&#8220; background_position=&#8220;top_left&#8220; background_repeat=&#8220;repeat&#8220; hover_enabled=&#8220;0&#8243; global_colors_info=&#8220;{}&#8220; sticky_enabled=&#8220;0&#8243;]<h2>On-Demand-Kurse<\/h2><p>Nutzen Sie unser umfangreiches Netzwerk von RhinoLands-Trainern weltweit. Durchsuchen Sie die Liste der zertifizierten Trainer unten und vereinbaren Sie individuelle Trainingseinheiten mit dem Spezialisten, der am besten zu Ihren Bed\u00fcrfnissen passt.<\/p>[\/et_pb_text][et_pb_toggle title=&#8220;Zertifizierte Ausbilder&#8220; open_toggle_background_color=&#8220;RGBA(255,255,255,0)&#8220; closed_toggle_background_color=&#8220;#f5f5f5&#8243; icon_color=&#8220;#6b6b6b&#8220; toggle_icon=&#8220;&#x47;||divi||400&#8243; use_icon_font_size=&#8220;on&#8220; icon_font_size=&#8220;20px&#8220; open_icon_color=&#8220;#6b6b6b&#8220; open_toggle_icon=&#8220;&#x46;||divi||400&#8243; open_use_icon_font_size=&#8220;on&#8220; open_icon_font_size=&#8220;20px&#8220; _builder_version=&#8220;4.27.4&#8243; _module_preset=&#8220;default&#8220; title_level=&#8220;h3&#8243; title_font=&#8220;||||||||&#8220; custom_margin=&#8220;0px||||false|false&#8220; custom_padding=&#8220;16px||16px||false|false&#8220; custom_css_free_form=&#8220;.trainers-table th {||  padding: 20px 15px;||  text-align: left;||\tbackground-color: #ffffff;||||}||||.trainers-table td {||  padding: 20px 15px;||  text-align: left;||  vertical-align: middle;||  height: 54px;||  box-sizing: border-box;||}||||.trainers-table tbody tr:nth-child(odd) {||  background-color: #f9f9f9;||}||||.trainers-table tbody tr:nth-child(even) {||  background-color: #ffffff;||}||||.trainers-table td:nth-child(2),||.trainers-table td:nth-child(4) {||  white-space: nowrap;||}||||||||.trainers-table a:hover {||  text-decoration: underline;||}||&#8220; border_radii=&#8220;on|4px|4px|4px|4px&#8220; box_shadow_style=&#8220;preset1&#8243; box_shadow_vertical=&#8220;0px&#8220; box_shadow_blur=&#8220;0px&#8220; global_colors_info=&#8220;{}&#8220; box_shadow_vertical__hover=&#8220;1px&#8220; box_shadow_vertical__hover_enabled=&#8220;on|hover&#8220; box_shadow_blur__hover=&#8220;6px&#8220; box_shadow_blur__hover_enabled=&#8220;on|hover&#8220; locked=&#8220;off&#8220;]<table class=\"trainers-table\"><thead><tr><th>Ort<\/th><th>Trainer<\/th><th>Adresse<\/th><th>Telefon<\/th><th>E-Mail<\/th><\/tr><\/thead><tbody><tr><td><strong>Frankreich<\/strong><\/td><td><a href=\"https:\/\/www.rhinolands-formavente.com\/\" target=\"_blank\" rel=\"noopener\">RhinoLands-FormaVente<\/a><\/td><td>4 All. des Brotteaux &#8211; Bourg en Bresse 01000 (<a href=\"https:\/\/maps.google.com\/maps?q=RhinoLands-FormaVente,4+All.+des+Brotteaux%2C01000%2CBourg+en+Bresse%2C%2CAin%2CFR\" target=\"_blank\" rel=\"noopener\">Karte<\/a>)<\/td><td><a href=\"tel:+33677791282\">+33 6 77 79 12 82<\/a><\/td><td><a href=\"mailto:contact@rhinolands-formavente.com\">Kontakt<\/a><\/td><\/tr><tr><td><strong>Frankreich<\/strong><\/td><td><a href=\"https:\/\/rhinoforyou.com\" target=\"_blank\" rel=\"noopener\">RhinoForYou<\/a><\/td><td>2, quai Cl\u00e9menceau, B\u00e2timent C, 69300 Caluire-et-Cuire &#8211; Lyon 69300 (<a href=\"https:\/\/maps.google.com\/maps?q=RhinoForYou,2%2C+quai+Cl%26eacute%3Bmenceau%2C+B%26acirc%3Btiment+C%2C++69300+CALUIRE-ET-CUIRE+%2C69300%2CLyon%2C%2C%2CFR\" target=\"_blank\" rel=\"noopener\">Karte<\/a>)<\/td><td><a href=\"tel:+33771231396\">+33 7 71 23 13 96<\/a><\/td><td><a href=\"mailto:j.hababou@rhinoforyou.com\">Kontakt<\/a><\/td><\/tr><tr><td><strong>Frankreich<\/strong><\/td><td><a href=\"https:\/\/rhinoforyou.com\" target=\"_blank\" rel=\"noopener\">RhinoForYou<\/a><\/td><td>76 rue de la Pompe &#8211; Paris 75116 (<a href=\"https:\/\/maps.google.com\/maps?q=RhinoForYou,76+rue+de+la+Pompe%2C75116%2CParis%2C%2CIle+de+France%2CFR\" target=\"_blank\" rel=\"noopener\">Karte<\/a>)<\/td><td><a href=\"tel:+33183812260\">+33 1 83 81 22 60<\/a><\/td><td><a href=\"mailto:j.hababou@rhinoforyou.com\">Kontakt<\/a><\/td><\/tr><tr><td><strong>Griechenland<\/strong><\/td><td><a href=\"https:\/\/marketplace.cadacademy.gr\/\" target=\"_blank\" rel=\"noopener\">CAD Academy<\/a><\/td><td>Georgiou Mpakou 34 &#8211; Athen 11524 (<a href=\"https:\/\/maps.google.com\/maps?q=CAD%20ACADEMY,Georgiou+Mpakou+34%2C11524%2CAthens%2C%2CAttiki%2CGR\" target=\"_blank\" rel=\"noopener\">Karte<\/a>)<\/td><td><a href=\"tel:+302121010625\">+30 212 101 0625<\/a><\/td><td><a href=\"mailto:sales@cadacademy.gr\">Kontakt<\/a><\/td><\/tr><tr><td><strong>Griechenland<\/strong><\/td><td><a href=\"https:\/\/www.ergocad.eu\/\" target=\"_blank\" rel=\"noopener\">ERGOCAD<\/a><\/td><td>ARETIS 13 &#8211; Athen 12135 (<a href=\"https:\/\/maps.google.com\/maps?q=ERGOCAD,ARETIS+13%2C12135%2CAthens%2C%2CPERISTERI%2CGR\" target=\"_blank\" rel=\"noopener\">Karte<\/a>)<\/td><td><a href=\"tel:+302114112620\">+30 211 411 2620<\/a><\/td><td><a href=\"mailto:sales@ergocad.eu\">Kontakt<\/a><\/td><\/tr><tr><td><strong>Ungarn<\/strong><\/td><td><a href=\"https:\/\/www.hungarocad.hu\" target=\"_blank\" rel=\"noopener\">HungaroCAD Informatikai Kft.<\/a><\/td><td>Feh\u00e9rv\u00e1ri \u00fat 84\/A, 1119 (<a href=\"https:\/\/maps.google.com\/maps?q=HungaroCAD+Informatikai+Kft.,Feh%C3%A9rv%C3%A1ri+%C3%BAt+84%2FA%2C1119%2CBudapest%2C%2CHU\" target=\"_blank\" rel=\"noopener\">Karte<\/a>)<\/td><td><a href=\"tel:+3613268209\">+36 1 326 8209<\/a><\/td><td><a href=\"mailto:nemeth.zoltan@hungarocad.hu\">Kontakt<\/a><\/td><\/tr><tr><td><strong>Italien<\/strong><\/td><td><a href=\"https:\/\/www.materforma.it\/\" target=\"_blank\" rel=\"noopener\">MaterForma<\/a><\/td><td>Via Visciotti 9 &#8211; Terni 05100 (<a href=\"https:\/\/maps.google.com\/maps?q=MaterForma,Via+Visciotti+9%2C05100%2CTerni%2C%2CTR%2CIT\" target=\"_blank\" rel=\"noopener\">Karte<\/a>)<\/td><td><a href=\"tel:+390744243163\">+39 0744 243 163<\/a><\/td><td><a href=\"mailto:mater@materforma.it\">Kontakt<\/a><\/td><\/tr><tr><td><strong>Japan<\/strong><\/td><td><a href=\"https:\/\/www.applicraft.com\/products\/rhinoceros\/landsdesign\/\" target=\"_blank\" rel=\"noopener\">Applicraft<\/a><\/td><td>1 Chome-13-8 Yoyogi, Shibuya-ku, Tokyo-to 151-0053, Japan (<a href=\"https:\/\/maps.google.com\/maps?q=Applicraft,1+Chome-13-8+Yoyogi%2C+Shibuya-ku%2C+Tokyo-to+151-0053%2C+Jap%C3%B3n%2C%2CShibuya%2C+Tokyo%2C%2C%2CJP\" target=\"_blank\" rel=\"noopener\">Karte<\/a>)<\/td><td><a href=\"tel:+81368258431\">+81 3 6825 8431<\/a><\/td><td><a href=\"mailto:info@applicraft.com\">Kontakt<\/a><\/td><\/tr><tr><td><strong>Polen<\/strong><\/td><td><a href=\"https:\/\/www.bardins3d.pl\/\" target=\"_blank\" rel=\"noopener\">Bardins Sp. z o.o.<\/a><\/td><td>iedzialkowskiego 24 (XVIIp. 10,11) &#8211; Stettin 71-410 (<a href=\"https:\/\/maps.google.com\/maps?q=Bardins%20Sp.%20z%20o.o.,Niedzialkowskiego+24+%28XVIIp.+10%2C11%29%2C71-410%2CSzczecin%2C%2Cwoj.+zachodniopomorskie%2CPL\" target=\"_blank\" rel=\"noopener\">Karte<\/a>)<\/td><td><a href=\"tel:+48914201090\">+48 91 420 1090<\/a><\/td><td><a href=\"mailto:info@bardins.pl\">Kontakt<\/a><\/td><\/tr><tr><td><strong>Spanien<\/strong><\/td><td><a href=\"https:\/\/www.icreatia.es\/product-category\/formacion\/cursos-de-lands-design-y-visualarq\/\" target=\"_blank\" rel=\"noopener\">Icreatia<\/a><\/td><td>Roger de Flor, 32-34 &#8211; Barcelona 08018 (<a href=\"https:\/\/maps.google.com\/maps?q=icreatia,Roger+de+Flor%2C+32-34%2C08018%2CBarcelona%2C%2CBarcelona%2CES\" target=\"_blank\" rel=\"noopener\">Karte<\/a>)<\/td><td><a href=\"tel:+34932687308\">+34 93 268 73 08<\/a><\/td><td><a href=\"mailto:comercial@icreatia.com\">Kontakt<\/a><\/td><\/tr><tr><td><strong>Schweiz<\/strong><\/td><td><a href=\"https:\/\/pazacademy.ch\/\" target=\"_blank\" rel=\"noopener\">CAD Academy<\/a><\/td><td>Niederdorfstrasse 77 &#8211; Z\u00fcrich 8001 (<a href=\"https:\/\/maps.google.com\/maps?q=PAZ%20-%20Parametric%20Academy%20Zurich,Niederdorfstrasse+77%2C8001%2CZurich%2C%2CZurich%2CCH\" target=\"_blank\" rel=\"noopener\">Karte<\/a>)<\/td><td><a href=\"tel:+41442436216\">+41 44 243 62 16<\/a><\/td><td><a href=\"mailto:andres@pazacademy.ch\">Kontakt<\/a><\/td><\/tr><tr><td><strong>T\u00fcrkei<\/strong><\/td><td><a href=\"https:\/\/namdaristech.com\/\" target=\"_blank\" rel=\"noopener\">Namdaris<\/a><\/td><td>Kutay \u0130\u015f Merkezi 9 Ata\u015fehir, Istanbul (<a href=\"https:\/\/maps.google.com\/maps?q=Naval+Architect,Kutay+%C4%B0%C5%9F+Merkezi+No%3A9%2C+Ata%C5%9Fehir%2C+%C4%B0stanbul%2C%2CTR\" target=\"_blank\" rel=\"noopener\">Karte<\/a>)<\/td><td><a href=\"tel:+902166063106\">+90 216 606 31 06<\/a><\/td><td><a href=\"mailto:e.dulger@namdaristech.com\">Kontakt<\/a><\/td><\/tr><tr><td><strong>UK<\/strong><\/td><td><a href=\"https:\/\/simplyrhino.co.uk\/\" target=\"_blank\" rel=\"noopener\">Simply Rhino UK<\/a><\/td><td>33 Montalt Road &#8211; Woodford Green &#8211; London IG8 9RS (<a href=\"https:\/\/maps.google.com\/maps?q=Simply%20Rhino%20UK,33+Montalt+Road+-+Woodford+Green+%2CIG8+9RS%2CLondon%2C%2CLondon%2CGB\" target=\"_blank\" rel=\"noopener\">Karte<\/a>)<\/td><td><a href=\"tel:+442084989900\">+44 20 8498 9900<\/a><\/td><td><a href=\"mailto:paul@simplyrhino.co.uk\">Kontakt<\/a><\/td><\/tr><\/tbody><\/table>[\/et_pb_toggle][\/et_pb_column][\/et_pb_row][\/et_pb_section]","protected":false},"excerpt":{"rendered":"<p>Plattform f\u00fcr Onlinekurs Beginnen Sie Ihre Reise mit RhinoLands durch unseren kostenlosen Online-Kurs auf der Rhino3D-Bildungsplattform. Registrieren Sie sich auf der Plattform und melden Sie sich f\u00fcr den RhinoLands-Kurs an &#8211; ein intuitiver Weg, um das Programm Schritt f\u00fcr Schritt durch \u00dcbungen und Anweisungen zu verstehen.Online-DemoKommen Sie auf uns zu und vereinbaren Sie einen Termin [&hellip;]<\/p>\n","protected":false},"author":1,"featured_media":0,"parent":63882,"menu_order":0,"comment_status":"closed","ping_status":"closed","template":"","meta":{"_et_pb_use_builder":"on","_et_pb_old_content":"","_et_gb_content_width":"","footnotes":""},"class_list":["post-67820","page","type-page","status-publish","hentry"],"yoast_head":"<!-- This site is optimized with the Yoast SEO plugin v27.3 - https:\/\/yoast.com\/product\/yoast-seo-wordpress\/ -->\n<title>Kurse - RhinoLands<\/title>\n<meta name=\"robots\" content=\"index, follow, max-snippet:-1, max-image-preview:large, max-video-preview:-1\" \/>\n<link rel=\"canonical\" href=\"https:\/\/rhinolands.com\/de\/learn\/courses\/\" \/>\n<meta property=\"og:locale\" content=\"de_DE\" \/>\n<meta property=\"og:type\" content=\"article\" \/>\n<meta property=\"og:title\" content=\"Kurse - RhinoLands\" \/>\n<meta property=\"og:description\" content=\"Plattform f\u00fcr Onlinekurs Beginnen Sie Ihre Reise mit RhinoLands durch unseren kostenlosen Online-Kurs auf der Rhino3D-Bildungsplattform. Registrieren Sie sich auf der Plattform und melden Sie sich f\u00fcr den RhinoLands-Kurs an - ein intuitiver Weg, um das Programm Schritt f\u00fcr Schritt durch \u00dcbungen und Anweisungen zu verstehen.Online-DemoKommen Sie auf uns zu und vereinbaren Sie einen Termin [&hellip;]\" \/>\n<meta property=\"og:url\" content=\"https:\/\/rhinolands.com\/de\/learn\/courses\/\" \/>\n<meta property=\"og:site_name\" content=\"RhinoLands\" \/>\n<meta property=\"article:modified_time\" content=\"2025-11-21T09:33:58+00:00\" \/>\n<meta name=\"twitter:card\" content=\"summary_large_image\" \/>\n<meta name=\"twitter:label1\" content=\"Gesch\u00e4tzte Lesezeit\" \/>\n\t<meta name=\"twitter:data1\" content=\"4\u00a0Minuten\" \/>\n<script type=\"application\/ld+json\" class=\"yoast-schema-graph\">{\"@context\":\"https:\\\/\\\/schema.org\",\"@graph\":[{\"@type\":\"WebPage\",\"@id\":\"https:\\\/\\\/rhinolands.com\\\/de\\\/learn\\\/courses\\\/\",\"url\":\"https:\\\/\\\/rhinolands.com\\\/de\\\/learn\\\/courses\\\/\",\"name\":\"Kurse - RhinoLands\",\"isPartOf\":{\"@id\":\"https:\\\/\\\/rhinolands.com\\\/de\\\/#website\"},\"datePublished\":\"2021-05-31T09:08:01+00:00\",\"dateModified\":\"2025-11-21T09:33:58+00:00\",\"breadcrumb\":{\"@id\":\"https:\\\/\\\/rhinolands.com\\\/de\\\/learn\\\/courses\\\/#breadcrumb\"},\"inLanguage\":\"de\",\"potentialAction\":[{\"@type\":\"ReadAction\",\"target\":[\"https:\\\/\\\/rhinolands.com\\\/de\\\/learn\\\/courses\\\/\"]}]},{\"@type\":\"BreadcrumbList\",\"@id\":\"https:\\\/\\\/rhinolands.com\\\/de\\\/learn\\\/courses\\\/#breadcrumb\",\"itemListElement\":[{\"@type\":\"ListItem\",\"position\":1,\"name\":\"Home\",\"item\":\"https:\\\/\\\/rhinolands.com\\\/de\\\/\"},{\"@type\":\"ListItem\",\"position\":2,\"name\":\"Schulung\",\"item\":\"https:\\\/\\\/rhinolands.com\\\/de\\\/learn\\\/\"},{\"@type\":\"ListItem\",\"position\":3,\"name\":\"Kurse\"}]},{\"@type\":\"WebSite\",\"@id\":\"https:\\\/\\\/rhinolands.com\\\/de\\\/#website\",\"url\":\"https:\\\/\\\/rhinolands.com\\\/de\\\/\",\"name\":\"RhinoLands\",\"description\":\"BIM landscape software\",\"publisher\":{\"@id\":\"https:\\\/\\\/rhinolands.com\\\/de\\\/#organization\"},\"potentialAction\":[{\"@type\":\"SearchAction\",\"target\":{\"@type\":\"EntryPoint\",\"urlTemplate\":\"https:\\\/\\\/rhinolands.com\\\/de\\\/?s={search_term_string}\"},\"query-input\":{\"@type\":\"PropertyValueSpecification\",\"valueRequired\":true,\"valueName\":\"search_term_string\"}}],\"inLanguage\":\"de\"},{\"@type\":\"Organization\",\"@id\":\"https:\\\/\\\/rhinolands.com\\\/de\\\/#organization\",\"name\":\"Asuni Soft\",\"url\":\"https:\\\/\\\/rhinolands.com\\\/de\\\/\",\"logo\":{\"@type\":\"ImageObject\",\"inLanguage\":\"de\",\"@id\":\"https:\\\/\\\/rhinolands.com\\\/de\\\/#\\\/schema\\\/logo\\\/image\\\/\",\"url\":\"https:\\\/\\\/rhinolands.com\\\/wp-content\\\/uploads\\\/2020\\\/02\\\/AsuniLogoFinal-01.png\",\"contentUrl\":\"https:\\\/\\\/rhinolands.com\\\/wp-content\\\/uploads\\\/2020\\\/02\\\/AsuniLogoFinal-01.png\",\"width\":151,\"height\":46,\"caption\":\"Asuni Soft\"},\"image\":{\"@id\":\"https:\\\/\\\/rhinolands.com\\\/de\\\/#\\\/schema\\\/logo\\\/image\\\/\"}}]}<\/script>\n<!-- \/ Yoast SEO plugin. -->","yoast_head_json":{"title":"Kurse - RhinoLands","robots":{"index":"index","follow":"follow","max-snippet":"max-snippet:-1","max-image-preview":"max-image-preview:large","max-video-preview":"max-video-preview:-1"},"canonical":"https:\/\/rhinolands.com\/de\/learn\/courses\/","og_locale":"de_DE","og_type":"article","og_title":"Kurse - RhinoLands","og_description":"Plattform f\u00fcr Onlinekurs Beginnen Sie Ihre Reise mit RhinoLands durch unseren kostenlosen Online-Kurs auf der Rhino3D-Bildungsplattform. Registrieren Sie sich auf der Plattform und melden Sie sich f\u00fcr den RhinoLands-Kurs an - ein intuitiver Weg, um das Programm Schritt f\u00fcr Schritt durch \u00dcbungen und Anweisungen zu verstehen.Online-DemoKommen Sie auf uns zu und vereinbaren Sie einen Termin [&hellip;]","og_url":"https:\/\/rhinolands.com\/de\/learn\/courses\/","og_site_name":"RhinoLands","article_modified_time":"2025-11-21T09:33:58+00:00","twitter_card":"summary_large_image","twitter_misc":{"Gesch\u00e4tzte Lesezeit":"4\u00a0Minuten"},"schema":{"@context":"https:\/\/schema.org","@graph":[{"@type":"WebPage","@id":"https:\/\/rhinolands.com\/de\/learn\/courses\/","url":"https:\/\/rhinolands.com\/de\/learn\/courses\/","name":"Kurse - RhinoLands","isPartOf":{"@id":"https:\/\/rhinolands.com\/de\/#website"},"datePublished":"2021-05-31T09:08:01+00:00","dateModified":"2025-11-21T09:33:58+00:00","breadcrumb":{"@id":"https:\/\/rhinolands.com\/de\/learn\/courses\/#breadcrumb"},"inLanguage":"de","potentialAction":[{"@type":"ReadAction","target":["https:\/\/rhinolands.com\/de\/learn\/courses\/"]}]},{"@type":"BreadcrumbList","@id":"https:\/\/rhinolands.com\/de\/learn\/courses\/#breadcrumb","itemListElement":[{"@type":"ListItem","position":1,"name":"Home","item":"https:\/\/rhinolands.com\/de\/"},{"@type":"ListItem","position":2,"name":"Schulung","item":"https:\/\/rhinolands.com\/de\/learn\/"},{"@type":"ListItem","position":3,"name":"Kurse"}]},{"@type":"WebSite","@id":"https:\/\/rhinolands.com\/de\/#website","url":"https:\/\/rhinolands.com\/de\/","name":"RhinoLands","description":"BIM landscape software","publisher":{"@id":"https:\/\/rhinolands.com\/de\/#organization"},"potentialAction":[{"@type":"SearchAction","target":{"@type":"EntryPoint","urlTemplate":"https:\/\/rhinolands.com\/de\/?s={search_term_string}"},"query-input":{"@type":"PropertyValueSpecification","valueRequired":true,"valueName":"search_term_string"}}],"inLanguage":"de"},{"@type":"Organization","@id":"https:\/\/rhinolands.com\/de\/#organization","name":"Asuni Soft","url":"https:\/\/rhinolands.com\/de\/","logo":{"@type":"ImageObject","inLanguage":"de","@id":"https:\/\/rhinolands.com\/de\/#\/schema\/logo\/image\/","url":"https:\/\/rhinolands.com\/wp-content\/uploads\/2020\/02\/AsuniLogoFinal-01.png","contentUrl":"https:\/\/rhinolands.com\/wp-content\/uploads\/2020\/02\/AsuniLogoFinal-01.png","width":151,"height":46,"caption":"Asuni Soft"},"image":{"@id":"https:\/\/rhinolands.com\/de\/#\/schema\/logo\/image\/"}}]}},"_links":{"self":[{"href":"https:\/\/rhinolands.com\/de\/wp-json\/wp\/v2\/pages\/67820","targetHints":{"allow":["GET"]}}],"collection":[{"href":"https:\/\/rhinolands.com\/de\/wp-json\/wp\/v2\/pages"}],"about":[{"href":"https:\/\/rhinolands.com\/de\/wp-json\/wp\/v2\/types\/page"}],"author":[{"embeddable":true,"href":"https:\/\/rhinolands.com\/de\/wp-json\/wp\/v2\/users\/1"}],"replies":[{"embeddable":true,"href":"https:\/\/rhinolands.com\/de\/wp-json\/wp\/v2\/comments?post=67820"}],"version-history":[{"count":3,"href":"https:\/\/rhinolands.com\/de\/wp-json\/wp\/v2\/pages\/67820\/revisions"}],"predecessor-version":[{"id":86341,"href":"https:\/\/rhinolands.com\/de\/wp-json\/wp\/v2\/pages\/67820\/revisions\/86341"}],"up":[{"embeddable":true,"href":"https:\/\/rhinolands.com\/de\/wp-json\/wp\/v2\/pages\/63882"}],"wp:attachment":[{"href":"https:\/\/rhinolands.com\/de\/wp-json\/wp\/v2\/media?parent=67820"}],"curies":[{"name":"wp","href":"https:\/\/api.w.org\/{rel}","templated":true}]}}