{"id":73105,"date":"2022-12-23T13:39:22","date_gmt":"2022-12-23T12:39:22","guid":{"rendered":"https:\/\/rhinolands.com\/info\/erfahrungsberichte\/"},"modified":"2022-12-23T13:39:24","modified_gmt":"2022-12-23T12:39:24","slug":"testimonials","status":"publish","type":"page","link":"https:\/\/rhinolands.com\/de\/info\/testimonials\/","title":{"rendered":"Erfahrungsberichte"},"content":{"rendered":"[et_pb_section fb_built=&#8220;1&#8243; _builder_version=&#8220;4.19.1&#8243; _module_preset=&#8220;default&#8220; custom_margin=&#8220;||0px||false|false&#8220; custom_padding=&#8220;||0px||false|false&#8220; global_colors_info=&#8220;{}&#8220;][et_pb_row _builder_version=&#8220;4.19.1&#8243; _module_preset=&#8220;default&#8220; global_colors_info=&#8220;{}&#8220;][et_pb_column type=&#8220;4_4&#8243; _builder_version=&#8220;4.19.1&#8243; _module_preset=&#8220;default&#8220; global_colors_info=&#8220;{}&#8220;][et_pb_post_title meta=&#8220;off&#8220; featured_image=&#8220;off&#8220; _builder_version=&#8220;4.19.1&#8243; _module_preset=&#8220;default&#8220; custom_margin=&#8220;||||false|false&#8220; global_colors_info=&#8220;{}&#8220;][\/et_pb_post_title][\/et_pb_column][\/et_pb_row][\/et_pb_section][et_pb_section fb_built=&#8220;1&#8243; _builder_version=&#8220;4.19.1&#8243; _module_preset=&#8220;default&#8220; hover_enabled=&#8220;0&#8243; global_colors_info=&#8220;{}&#8220; custom_margin=&#8220;0px||||false|false&#8220; custom_padding=&#8220;0px||||false|false&#8220; sticky_enabled=&#8220;0&#8243;][et_pb_row column_structure=&#8220;1_2,1_2&#8243; _builder_version=&#8220;4.19.1&#8243; _module_preset=&#8220;default&#8220; global_colors_info=&#8220;{}&#8220;][et_pb_column type=&#8220;1_2&#8243; _builder_version=&#8220;4.19.1&#8243; _module_preset=&#8220;default&#8220; global_colors_info=&#8220;{}&#8220;][et_pb_testimonial author=&#8220;Teun Knegsel&#8220; job_title=&#8220;Architekt&#8220; company_name=&#8220;Technische Universit\u00e4t Delft&#8220; admin_label=&#8220;Testimonial (Teun Knegsel 1)&#8220; _builder_version=&#8220;4.19.1&#8243; _module_preset=&#8220;default&#8220; global_colors_info=&#8220;{}&#8220;]<em>Als Architekt verwende ich Lands Design haupts\u00e4chlich wegen seiner anwenderfreundlichen Topographiewerkzeuge. Es bietet eine solide Basis, auf der ich meine Projekte gr\u00fcnden kann.<\/em>[\/et_pb_testimonial][et_pb_testimonial author=&#8220;Teun Knegsel&#8220; job_title=&#8220;Architekt&#8220; company_name=&#8220;Technische Universit\u00e4t Delft&#8220; admin_label=&#8220;Testimonial (Teun Knegsel 2)&#8220; _builder_version=&#8220;4.19.1&#8243; _module_preset=&#8220;default&#8220; global_colors_info=&#8220;{}&#8220;]<em>Mein Lieblingswerkzeug ist die umfangreiche und st\u00e4ndig in der Ausweitung begriffene Pflanzenbibliothek. Sie hilft mir dabei, Landschaften wirklich sinnvoll zu planen, statt meine Arbeit nur mit im Internet aufgest\u00f6berten \u201cZierpflanzen\u201d zu f\u00fcllen.<\/em>[\/et_pb_testimonial][et_pb_testimonial author=&#8220;Teun Knegsel&#8220; job_title=&#8220;Architekt&#8220; company_name=&#8220;Technische Universit\u00e4t Delft&#8220; admin_label=&#8220;Testimonial (Teun Knegsel 3)&#8220; _builder_version=&#8220;4.19.1&#8243; _module_preset=&#8220;default&#8220; global_colors_info=&#8220;{}&#8220;]<em>Die verschiedenen f\u00fcr Pflanzen und Gel\u00e4nde erh\u00e4ltlichen Anzeigemodi helfen mir bei der schnellen Erstellung von Iterationen eines Designs in Rendering, Konzepten und Pl\u00e4nen.<\/em>[\/et_pb_testimonial][et_pb_testimonial author=&#8220;Thomas Oxvig&#8220; job_title=&#8220;Stadtplaner&#8220; company_name=&#8220;C.F. M\u00f8ller Architects.&#8220; admin_label=&#8220;Testimonial (Thomas Oxvig 2)&#8220; _builder_version=&#8220;4.19.1&#8243; _module_preset=&#8220;default&#8220; global_colors_info=&#8220;{}&#8220;]<em>Lands Design ist eine gro\u00dfe Hilfe w\u00e4hrend des Skizziervorgangs in Rhino + Lands Design, wie auch bei der Enderstellung von Zeichnungen und Dokumentation f\u00fcr die Erzeuger.<\/em>[\/et_pb_testimonial][\/et_pb_column][et_pb_column type=&#8220;1_2&#8243; _builder_version=&#8220;4.19.1&#8243; _module_preset=&#8220;default&#8220; global_colors_info=&#8220;{}&#8220;][et_pb_testimonial author=&#8220;Denis Fr\u00e9hel&#8220; job_title=&#8220;Mitbegr\u00fcnder&#8220; company_name=&#8220;Designstudio Qui Plus Est&#8220; admin_label=&#8220;Testimonial (Denis Fr\u00e9hel)&#8220; _builder_version=&#8220;4.19.1&#8243; _module_preset=&#8220;default&#8220; global_colors_info=&#8220;{}&#8220;]<em>Ich bin als Bauingenieur t\u00e4tig und verwende Lands Design f\u00fcr das Permakultur-Design. Ich bin sehr zufrieden mit den neuesten Entwicklungen in Lands Design, zum Beispiel der umwerfenden Gel\u00e4ndeimportierung von der Karte. Besonders sch\u00e4tze ich die Anwenderfreundlichkeit dieses Programms.<\/em>[\/et_pb_testimonial][et_pb_testimonial author=&#8220;Rosana Almuzara Bertolucci&#8220; job_title=&#8220;Landschaftsarchitekt&#8220; company_name=&#8220;Paisajismo Digital&#8220; admin_label=&#8220;Testimonial (Rosana Almuzara Bertolucci)&#8220; _builder_version=&#8220;4.19.1&#8243; _module_preset=&#8220;default&#8220; global_colors_info=&#8220;{}&#8220;]<em>Ich verwende Lands Design f\u00fcr die Landschaftsplanung. Damit wurde es mir m\u00f6glich, den Designvorgang von der Konzeptidee bis zur Ausarbeitung des 3D-Modells und der Erstellung technischer Zeichnungen zu rationalisieren und automatisieren.<\/em>[\/et_pb_testimonial][et_pb_testimonial author=&#8220;Thomas Oxvig&#8220; job_title=&#8220;Stadtplaner&#8220; company_name=&#8220;C.F. M\u00f8ller Architects.&#8220; admin_label=&#8220;Testimonial (Thomas Oxvig 1)&#8220; _builder_version=&#8220;4.19.1&#8243; _module_preset=&#8220;default&#8220; global_colors_info=&#8220;{}&#8220;]<em>Wir arbeiten stets mit Projekten, die von der Stadtplanung bis hin zu kleineren \u00f6ffentlichen R\u00e4umen umfassen, und daf\u00fcr ist Lands Design in hervorragender Weise geeignet.<\/em>[\/et_pb_testimonial][et_pb_testimonial author=&#8220;Thomas Oxvig&#8220; job_title=&#8220;Stadtplaner&#8220; company_name=&#8220;C.F. M\u00f8ller Architects.&#8220; admin_label=&#8220;Testimonial (Thomas Oxvig 3)&#8220; _builder_version=&#8220;4.19.1&#8243; _module_preset=&#8220;default&#8220; global_colors_info=&#8220;{}&#8220;]<em>Die Zusammenarbeit mit Revit unter Verwendung von Rhino.inside + Lands Design gew\u00e4hrt uns einen sehr einfachen Arbeitsablauf in der \u201cBIM-Welt\u201d (und LIM).<\/em>[\/et_pb_testimonial][\/et_pb_column][\/et_pb_row][\/et_pb_section]","protected":false},"excerpt":{"rendered":"<p>Als Architekt verwende ich Lands Design haupts\u00e4chlich wegen seiner anwenderfreundlichen Topographiewerkzeuge. Es bietet eine solide Basis, auf der ich meine Projekte gr\u00fcnden kann.Mein Lieblingswerkzeug ist die umfangreiche und st\u00e4ndig in der Ausweitung begriffene Pflanzenbibliothek. Sie hilft mir dabei, Landschaften wirklich sinnvoll zu planen, statt meine Arbeit nur mit im Internet aufgest\u00f6berten \u201cZierpflanzen\u201d zu f\u00fcllen.Die verschiedenen [&hellip;]<\/p>\n","protected":false},"author":1,"featured_media":0,"parent":64489,"menu_order":0,"comment_status":"closed","ping_status":"closed","template":"","meta":{"_et_pb_use_builder":"on","_et_pb_old_content":"","_et_gb_content_width":"","footnotes":""},"class_list":["post-73105","page","type-page","status-publish","hentry"],"yoast_head":"<!-- This site is optimized with the Yoast SEO plugin v27.3 - https:\/\/yoast.com\/product\/yoast-seo-wordpress\/ -->\n<title>Erfahrungsberichte - RhinoLands<\/title>\n<meta name=\"robots\" content=\"index, follow, max-snippet:-1, max-image-preview:large, max-video-preview:-1\" \/>\n<link rel=\"canonical\" href=\"https:\/\/rhinolands.com\/de\/info\/testimonials\/\" \/>\n<meta property=\"og:locale\" content=\"de_DE\" \/>\n<meta property=\"og:type\" content=\"article\" \/>\n<meta property=\"og:title\" content=\"Erfahrungsberichte - RhinoLands\" \/>\n<meta property=\"og:description\" content=\"Als Architekt verwende ich Lands Design haupts\u00e4chlich wegen seiner anwenderfreundlichen Topographiewerkzeuge. Es bietet eine solide Basis, auf der ich meine Projekte gr\u00fcnden kann.Mein Lieblingswerkzeug ist die umfangreiche und st\u00e4ndig in der Ausweitung begriffene Pflanzenbibliothek. Sie hilft mir dabei, Landschaften wirklich sinnvoll zu planen, statt meine Arbeit nur mit im Internet aufgest\u00f6berten \u201cZierpflanzen\u201d zu f\u00fcllen.Die verschiedenen [&hellip;]\" \/>\n<meta property=\"og:url\" content=\"https:\/\/rhinolands.com\/de\/info\/testimonials\/\" \/>\n<meta property=\"og:site_name\" content=\"RhinoLands\" \/>\n<meta property=\"article:modified_time\" content=\"2022-12-23T12:39:24+00:00\" \/>\n<meta name=\"twitter:card\" content=\"summary_large_image\" \/>\n<meta name=\"twitter:label1\" content=\"Gesch\u00e4tzte Lesezeit\" \/>\n\t<meta name=\"twitter:data1\" content=\"3\u00a0Minuten\" \/>\n<script type=\"application\/ld+json\" class=\"yoast-schema-graph\">{\"@context\":\"https:\\\/\\\/schema.org\",\"@graph\":[{\"@type\":\"WebPage\",\"@id\":\"https:\\\/\\\/rhinolands.com\\\/de\\\/info\\\/testimonials\\\/\",\"url\":\"https:\\\/\\\/rhinolands.com\\\/de\\\/info\\\/testimonials\\\/\",\"name\":\"Erfahrungsberichte - RhinoLands\",\"isPartOf\":{\"@id\":\"https:\\\/\\\/rhinolands.com\\\/de\\\/#website\"},\"datePublished\":\"2022-12-23T12:39:22+00:00\",\"dateModified\":\"2022-12-23T12:39:24+00:00\",\"breadcrumb\":{\"@id\":\"https:\\\/\\\/rhinolands.com\\\/de\\\/info\\\/testimonials\\\/#breadcrumb\"},\"inLanguage\":\"de\",\"potentialAction\":[{\"@type\":\"ReadAction\",\"target\":[\"https:\\\/\\\/rhinolands.com\\\/de\\\/info\\\/testimonials\\\/\"]}]},{\"@type\":\"BreadcrumbList\",\"@id\":\"https:\\\/\\\/rhinolands.com\\\/de\\\/info\\\/testimonials\\\/#breadcrumb\",\"itemListElement\":[{\"@type\":\"ListItem\",\"position\":1,\"name\":\"Home\",\"item\":\"https:\\\/\\\/rhinolands.com\\\/de\\\/\"},{\"@type\":\"ListItem\",\"position\":2,\"name\":\"Info\",\"item\":\"https:\\\/\\\/rhinolands.com\\\/de\\\/info\\\/\"},{\"@type\":\"ListItem\",\"position\":3,\"name\":\"Erfahrungsberichte\"}]},{\"@type\":\"WebSite\",\"@id\":\"https:\\\/\\\/rhinolands.com\\\/de\\\/#website\",\"url\":\"https:\\\/\\\/rhinolands.com\\\/de\\\/\",\"name\":\"RhinoLands\",\"description\":\"BIM landscape software\",\"publisher\":{\"@id\":\"https:\\\/\\\/rhinolands.com\\\/de\\\/#organization\"},\"potentialAction\":[{\"@type\":\"SearchAction\",\"target\":{\"@type\":\"EntryPoint\",\"urlTemplate\":\"https:\\\/\\\/rhinolands.com\\\/de\\\/?s={search_term_string}\"},\"query-input\":{\"@type\":\"PropertyValueSpecification\",\"valueRequired\":true,\"valueName\":\"search_term_string\"}}],\"inLanguage\":\"de\"},{\"@type\":\"Organization\",\"@id\":\"https:\\\/\\\/rhinolands.com\\\/de\\\/#organization\",\"name\":\"Asuni Soft\",\"url\":\"https:\\\/\\\/rhinolands.com\\\/de\\\/\",\"logo\":{\"@type\":\"ImageObject\",\"inLanguage\":\"de\",\"@id\":\"https:\\\/\\\/rhinolands.com\\\/de\\\/#\\\/schema\\\/logo\\\/image\\\/\",\"url\":\"https:\\\/\\\/rhinolands.com\\\/wp-content\\\/uploads\\\/2020\\\/02\\\/AsuniLogoFinal-01.png\",\"contentUrl\":\"https:\\\/\\\/rhinolands.com\\\/wp-content\\\/uploads\\\/2020\\\/02\\\/AsuniLogoFinal-01.png\",\"width\":151,\"height\":46,\"caption\":\"Asuni Soft\"},\"image\":{\"@id\":\"https:\\\/\\\/rhinolands.com\\\/de\\\/#\\\/schema\\\/logo\\\/image\\\/\"}}]}<\/script>\n<!-- \/ Yoast SEO plugin. -->","yoast_head_json":{"title":"Erfahrungsberichte - RhinoLands","robots":{"index":"index","follow":"follow","max-snippet":"max-snippet:-1","max-image-preview":"max-image-preview:large","max-video-preview":"max-video-preview:-1"},"canonical":"https:\/\/rhinolands.com\/de\/info\/testimonials\/","og_locale":"de_DE","og_type":"article","og_title":"Erfahrungsberichte - RhinoLands","og_description":"Als Architekt verwende ich Lands Design haupts\u00e4chlich wegen seiner anwenderfreundlichen Topographiewerkzeuge. Es bietet eine solide Basis, auf der ich meine Projekte gr\u00fcnden kann.Mein Lieblingswerkzeug ist die umfangreiche und st\u00e4ndig in der Ausweitung begriffene Pflanzenbibliothek. Sie hilft mir dabei, Landschaften wirklich sinnvoll zu planen, statt meine Arbeit nur mit im Internet aufgest\u00f6berten \u201cZierpflanzen\u201d zu f\u00fcllen.Die verschiedenen [&hellip;]","og_url":"https:\/\/rhinolands.com\/de\/info\/testimonials\/","og_site_name":"RhinoLands","article_modified_time":"2022-12-23T12:39:24+00:00","twitter_card":"summary_large_image","twitter_misc":{"Gesch\u00e4tzte Lesezeit":"3\u00a0Minuten"},"schema":{"@context":"https:\/\/schema.org","@graph":[{"@type":"WebPage","@id":"https:\/\/rhinolands.com\/de\/info\/testimonials\/","url":"https:\/\/rhinolands.com\/de\/info\/testimonials\/","name":"Erfahrungsberichte - RhinoLands","isPartOf":{"@id":"https:\/\/rhinolands.com\/de\/#website"},"datePublished":"2022-12-23T12:39:22+00:00","dateModified":"2022-12-23T12:39:24+00:00","breadcrumb":{"@id":"https:\/\/rhinolands.com\/de\/info\/testimonials\/#breadcrumb"},"inLanguage":"de","potentialAction":[{"@type":"ReadAction","target":["https:\/\/rhinolands.com\/de\/info\/testimonials\/"]}]},{"@type":"BreadcrumbList","@id":"https:\/\/rhinolands.com\/de\/info\/testimonials\/#breadcrumb","itemListElement":[{"@type":"ListItem","position":1,"name":"Home","item":"https:\/\/rhinolands.com\/de\/"},{"@type":"ListItem","position":2,"name":"Info","item":"https:\/\/rhinolands.com\/de\/info\/"},{"@type":"ListItem","position":3,"name":"Erfahrungsberichte"}]},{"@type":"WebSite","@id":"https:\/\/rhinolands.com\/de\/#website","url":"https:\/\/rhinolands.com\/de\/","name":"RhinoLands","description":"BIM landscape software","publisher":{"@id":"https:\/\/rhinolands.com\/de\/#organization"},"potentialAction":[{"@type":"SearchAction","target":{"@type":"EntryPoint","urlTemplate":"https:\/\/rhinolands.com\/de\/?s={search_term_string}"},"query-input":{"@type":"PropertyValueSpecification","valueRequired":true,"valueName":"search_term_string"}}],"inLanguage":"de"},{"@type":"Organization","@id":"https:\/\/rhinolands.com\/de\/#organization","name":"Asuni Soft","url":"https:\/\/rhinolands.com\/de\/","logo":{"@type":"ImageObject","inLanguage":"de","@id":"https:\/\/rhinolands.com\/de\/#\/schema\/logo\/image\/","url":"https:\/\/rhinolands.com\/wp-content\/uploads\/2020\/02\/AsuniLogoFinal-01.png","contentUrl":"https:\/\/rhinolands.com\/wp-content\/uploads\/2020\/02\/AsuniLogoFinal-01.png","width":151,"height":46,"caption":"Asuni Soft"},"image":{"@id":"https:\/\/rhinolands.com\/de\/#\/schema\/logo\/image\/"}}]}},"_links":{"self":[{"href":"https:\/\/rhinolands.com\/de\/wp-json\/wp\/v2\/pages\/73105","targetHints":{"allow":["GET"]}}],"collection":[{"href":"https:\/\/rhinolands.com\/de\/wp-json\/wp\/v2\/pages"}],"about":[{"href":"https:\/\/rhinolands.com\/de\/wp-json\/wp\/v2\/types\/page"}],"author":[{"embeddable":true,"href":"https:\/\/rhinolands.com\/de\/wp-json\/wp\/v2\/users\/1"}],"replies":[{"embeddable":true,"href":"https:\/\/rhinolands.com\/de\/wp-json\/wp\/v2\/comments?post=73105"}],"version-history":[{"count":3,"href":"https:\/\/rhinolands.com\/de\/wp-json\/wp\/v2\/pages\/73105\/revisions"}],"predecessor-version":[{"id":73111,"href":"https:\/\/rhinolands.com\/de\/wp-json\/wp\/v2\/pages\/73105\/revisions\/73111"}],"up":[{"embeddable":true,"href":"https:\/\/rhinolands.com\/de\/wp-json\/wp\/v2\/pages\/64489"}],"wp:attachment":[{"href":"https:\/\/rhinolands.com\/de\/wp-json\/wp\/v2\/media?parent=73105"}],"curies":[{"name":"wp","href":"https:\/\/api.w.org\/{rel}","templated":true}]}}