{"id":73380,"date":"2023-01-23T10:51:09","date_gmt":"2023-01-23T09:51:09","guid":{"rendered":"https:\/\/rhinolands.com\/info\/nutzungsstatistiken\/"},"modified":"2023-01-23T10:51:11","modified_gmt":"2023-01-23T09:51:11","slug":"usage-statistics","status":"publish","type":"page","link":"https:\/\/rhinolands.com\/de\/info\/usage-statistics\/","title":{"rendered":"Nutzungsstatistiken"},"content":{"rendered":"\n<h1 class=\"wp-block-heading\">Nutzungsstatistiken<\/h1>\n\n<p>Nutzungsstatistiken helfen uns dabei, die Priorit\u00e4ten f\u00fcr Eigenschaften und Verbesserungen zu setzen, auf die wir uns konzentrieren m\u00fcssen.<\/p>\n\n<p>Nutzungsstatistiken enthalten Informationen wie Einstellungspr\u00e4ferenzen, Eigenschaftenverwendung, verwendete Dateitypen, Betriebssystemversion und Speicherverwendung. Eine willk\u00fcrliche Zahl wird auf Ihrem Computer gespeichert und mit jedem Bericht versendet. So k\u00f6nnen wir unterscheiden, ob ein Problem 100 Mal f\u00fcr einen Benutzer auftritt oder ob ein Problem ein Mal f\u00fcr 100 Benutzer auftritt. Diese Zahl wird nicht f\u00fcr Identifikationszwecke verwendet.<\/p>\n\n<p>Lands Design sammelt keine Geometrie oder andere Daten in Dateien, die Sie erzeugen oder \u00f6ffnen. Nutzungsstatistiken enthalten keine Informationen, mit der wir von Ihnen erzeugte Geometrie wiedergeben k\u00f6nnen.<\/p>\n\n<p><\/p>\n\n<h3 class=\"wp-block-heading\">Um Nutzungsstatistiken zu aktivieren oder deaktivieren:<\/h3>\n\n<ol class=\"wp-block-list\">\n<li>Klicken Sie im Men\u00fc <strong>Werkzeuge<\/strong> auf <strong>Optionen<\/strong>.<\/li>\n\n\n\n<li>Im Reiter\u00a0<strong>Rhino-Optionen &gt; Lands Design &gt; Aktualisierungen und Statistiken<\/strong>\u00a0aktivieren oder deaktivieren Sie das Kontrollk\u00e4stchen\u00a0<strong>Nutzungsstatistiken senden<\/strong>.<\/li>\n<\/ol>\n","protected":false},"excerpt":{"rendered":"<p>Nutzungsstatistiken Nutzungsstatistiken helfen uns dabei, die Priorit\u00e4ten f\u00fcr Eigenschaften und Verbesserungen zu setzen, auf die wir uns konzentrieren m\u00fcssen. Nutzungsstatistiken enthalten Informationen wie Einstellungspr\u00e4ferenzen, Eigenschaftenverwendung, verwendete Dateitypen, Betriebssystemversion und Speicherverwendung. Eine willk\u00fcrliche Zahl wird auf Ihrem Computer gespeichert und mit jedem Bericht versendet. So k\u00f6nnen wir unterscheiden, ob ein Problem 100 Mal f\u00fcr einen Benutzer [&hellip;]<\/p>\n","protected":false},"author":1,"featured_media":0,"parent":64489,"menu_order":0,"comment_status":"closed","ping_status":"closed","template":"","meta":{"_et_pb_use_builder":"","_et_pb_old_content":"","_et_gb_content_width":"","footnotes":""},"class_list":["post-73380","page","type-page","status-publish","hentry"],"yoast_head":"<!-- This site is optimized with the Yoast SEO plugin v27.3 - https:\/\/yoast.com\/product\/yoast-seo-wordpress\/ -->\n<title>Nutzungsstatistiken - RhinoLands<\/title>\n<meta name=\"robots\" content=\"index, follow, max-snippet:-1, max-image-preview:large, max-video-preview:-1\" \/>\n<link rel=\"canonical\" href=\"https:\/\/rhinolands.com\/de\/info\/usage-statistics\/\" \/>\n<meta property=\"og:locale\" content=\"de_DE\" \/>\n<meta property=\"og:type\" content=\"article\" \/>\n<meta property=\"og:title\" content=\"Nutzungsstatistiken - RhinoLands\" \/>\n<meta property=\"og:description\" content=\"Nutzungsstatistiken Nutzungsstatistiken helfen uns dabei, die Priorit\u00e4ten f\u00fcr Eigenschaften und Verbesserungen zu setzen, auf die wir uns konzentrieren m\u00fcssen. Nutzungsstatistiken enthalten Informationen wie Einstellungspr\u00e4ferenzen, Eigenschaftenverwendung, verwendete Dateitypen, Betriebssystemversion und Speicherverwendung. Eine willk\u00fcrliche Zahl wird auf Ihrem Computer gespeichert und mit jedem Bericht versendet. So k\u00f6nnen wir unterscheiden, ob ein Problem 100 Mal f\u00fcr einen Benutzer [&hellip;]\" \/>\n<meta property=\"og:url\" content=\"https:\/\/rhinolands.com\/de\/info\/usage-statistics\/\" \/>\n<meta property=\"og:site_name\" content=\"RhinoLands\" \/>\n<meta property=\"article:modified_time\" content=\"2023-01-23T09:51:11+00:00\" \/>\n<meta name=\"twitter:card\" content=\"summary_large_image\" \/>\n<meta name=\"twitter:label1\" content=\"Gesch\u00e4tzte Lesezeit\" \/>\n\t<meta name=\"twitter:data1\" content=\"1\u00a0Minute\" \/>\n<script type=\"application\/ld+json\" class=\"yoast-schema-graph\">{\"@context\":\"https:\\\/\\\/schema.org\",\"@graph\":[{\"@type\":\"WebPage\",\"@id\":\"https:\\\/\\\/rhinolands.com\\\/de\\\/info\\\/usage-statistics\\\/\",\"url\":\"https:\\\/\\\/rhinolands.com\\\/de\\\/info\\\/usage-statistics\\\/\",\"name\":\"Nutzungsstatistiken - RhinoLands\",\"isPartOf\":{\"@id\":\"https:\\\/\\\/rhinolands.com\\\/de\\\/#website\"},\"datePublished\":\"2023-01-23T09:51:09+00:00\",\"dateModified\":\"2023-01-23T09:51:11+00:00\",\"breadcrumb\":{\"@id\":\"https:\\\/\\\/rhinolands.com\\\/de\\\/info\\\/usage-statistics\\\/#breadcrumb\"},\"inLanguage\":\"de\",\"potentialAction\":[{\"@type\":\"ReadAction\",\"target\":[\"https:\\\/\\\/rhinolands.com\\\/de\\\/info\\\/usage-statistics\\\/\"]}]},{\"@type\":\"BreadcrumbList\",\"@id\":\"https:\\\/\\\/rhinolands.com\\\/de\\\/info\\\/usage-statistics\\\/#breadcrumb\",\"itemListElement\":[{\"@type\":\"ListItem\",\"position\":1,\"name\":\"Home\",\"item\":\"https:\\\/\\\/rhinolands.com\\\/de\\\/\"},{\"@type\":\"ListItem\",\"position\":2,\"name\":\"Info\",\"item\":\"https:\\\/\\\/rhinolands.com\\\/de\\\/info\\\/\"},{\"@type\":\"ListItem\",\"position\":3,\"name\":\"Nutzungsstatistiken\"}]},{\"@type\":\"WebSite\",\"@id\":\"https:\\\/\\\/rhinolands.com\\\/de\\\/#website\",\"url\":\"https:\\\/\\\/rhinolands.com\\\/de\\\/\",\"name\":\"RhinoLands\",\"description\":\"BIM landscape software\",\"publisher\":{\"@id\":\"https:\\\/\\\/rhinolands.com\\\/de\\\/#organization\"},\"potentialAction\":[{\"@type\":\"SearchAction\",\"target\":{\"@type\":\"EntryPoint\",\"urlTemplate\":\"https:\\\/\\\/rhinolands.com\\\/de\\\/?s={search_term_string}\"},\"query-input\":{\"@type\":\"PropertyValueSpecification\",\"valueRequired\":true,\"valueName\":\"search_term_string\"}}],\"inLanguage\":\"de\"},{\"@type\":\"Organization\",\"@id\":\"https:\\\/\\\/rhinolands.com\\\/de\\\/#organization\",\"name\":\"Asuni Soft\",\"url\":\"https:\\\/\\\/rhinolands.com\\\/de\\\/\",\"logo\":{\"@type\":\"ImageObject\",\"inLanguage\":\"de\",\"@id\":\"https:\\\/\\\/rhinolands.com\\\/de\\\/#\\\/schema\\\/logo\\\/image\\\/\",\"url\":\"https:\\\/\\\/rhinolands.com\\\/wp-content\\\/uploads\\\/2020\\\/02\\\/AsuniLogoFinal-01.png\",\"contentUrl\":\"https:\\\/\\\/rhinolands.com\\\/wp-content\\\/uploads\\\/2020\\\/02\\\/AsuniLogoFinal-01.png\",\"width\":151,\"height\":46,\"caption\":\"Asuni Soft\"},\"image\":{\"@id\":\"https:\\\/\\\/rhinolands.com\\\/de\\\/#\\\/schema\\\/logo\\\/image\\\/\"}}]}<\/script>\n<!-- \/ Yoast SEO plugin. -->","yoast_head_json":{"title":"Nutzungsstatistiken - RhinoLands","robots":{"index":"index","follow":"follow","max-snippet":"max-snippet:-1","max-image-preview":"max-image-preview:large","max-video-preview":"max-video-preview:-1"},"canonical":"https:\/\/rhinolands.com\/de\/info\/usage-statistics\/","og_locale":"de_DE","og_type":"article","og_title":"Nutzungsstatistiken - RhinoLands","og_description":"Nutzungsstatistiken Nutzungsstatistiken helfen uns dabei, die Priorit\u00e4ten f\u00fcr Eigenschaften und Verbesserungen zu setzen, auf die wir uns konzentrieren m\u00fcssen. Nutzungsstatistiken enthalten Informationen wie Einstellungspr\u00e4ferenzen, Eigenschaftenverwendung, verwendete Dateitypen, Betriebssystemversion und Speicherverwendung. Eine willk\u00fcrliche Zahl wird auf Ihrem Computer gespeichert und mit jedem Bericht versendet. So k\u00f6nnen wir unterscheiden, ob ein Problem 100 Mal f\u00fcr einen Benutzer [&hellip;]","og_url":"https:\/\/rhinolands.com\/de\/info\/usage-statistics\/","og_site_name":"RhinoLands","article_modified_time":"2023-01-23T09:51:11+00:00","twitter_card":"summary_large_image","twitter_misc":{"Gesch\u00e4tzte Lesezeit":"1\u00a0Minute"},"schema":{"@context":"https:\/\/schema.org","@graph":[{"@type":"WebPage","@id":"https:\/\/rhinolands.com\/de\/info\/usage-statistics\/","url":"https:\/\/rhinolands.com\/de\/info\/usage-statistics\/","name":"Nutzungsstatistiken - RhinoLands","isPartOf":{"@id":"https:\/\/rhinolands.com\/de\/#website"},"datePublished":"2023-01-23T09:51:09+00:00","dateModified":"2023-01-23T09:51:11+00:00","breadcrumb":{"@id":"https:\/\/rhinolands.com\/de\/info\/usage-statistics\/#breadcrumb"},"inLanguage":"de","potentialAction":[{"@type":"ReadAction","target":["https:\/\/rhinolands.com\/de\/info\/usage-statistics\/"]}]},{"@type":"BreadcrumbList","@id":"https:\/\/rhinolands.com\/de\/info\/usage-statistics\/#breadcrumb","itemListElement":[{"@type":"ListItem","position":1,"name":"Home","item":"https:\/\/rhinolands.com\/de\/"},{"@type":"ListItem","position":2,"name":"Info","item":"https:\/\/rhinolands.com\/de\/info\/"},{"@type":"ListItem","position":3,"name":"Nutzungsstatistiken"}]},{"@type":"WebSite","@id":"https:\/\/rhinolands.com\/de\/#website","url":"https:\/\/rhinolands.com\/de\/","name":"RhinoLands","description":"BIM landscape software","publisher":{"@id":"https:\/\/rhinolands.com\/de\/#organization"},"potentialAction":[{"@type":"SearchAction","target":{"@type":"EntryPoint","urlTemplate":"https:\/\/rhinolands.com\/de\/?s={search_term_string}"},"query-input":{"@type":"PropertyValueSpecification","valueRequired":true,"valueName":"search_term_string"}}],"inLanguage":"de"},{"@type":"Organization","@id":"https:\/\/rhinolands.com\/de\/#organization","name":"Asuni Soft","url":"https:\/\/rhinolands.com\/de\/","logo":{"@type":"ImageObject","inLanguage":"de","@id":"https:\/\/rhinolands.com\/de\/#\/schema\/logo\/image\/","url":"https:\/\/rhinolands.com\/wp-content\/uploads\/2020\/02\/AsuniLogoFinal-01.png","contentUrl":"https:\/\/rhinolands.com\/wp-content\/uploads\/2020\/02\/AsuniLogoFinal-01.png","width":151,"height":46,"caption":"Asuni Soft"},"image":{"@id":"https:\/\/rhinolands.com\/de\/#\/schema\/logo\/image\/"}}]}},"_links":{"self":[{"href":"https:\/\/rhinolands.com\/de\/wp-json\/wp\/v2\/pages\/73380","targetHints":{"allow":["GET"]}}],"collection":[{"href":"https:\/\/rhinolands.com\/de\/wp-json\/wp\/v2\/pages"}],"about":[{"href":"https:\/\/rhinolands.com\/de\/wp-json\/wp\/v2\/types\/page"}],"author":[{"embeddable":true,"href":"https:\/\/rhinolands.com\/de\/wp-json\/wp\/v2\/users\/1"}],"replies":[{"embeddable":true,"href":"https:\/\/rhinolands.com\/de\/wp-json\/wp\/v2\/comments?post=73380"}],"version-history":[{"count":1,"href":"https:\/\/rhinolands.com\/de\/wp-json\/wp\/v2\/pages\/73380\/revisions"}],"predecessor-version":[{"id":73382,"href":"https:\/\/rhinolands.com\/de\/wp-json\/wp\/v2\/pages\/73380\/revisions\/73382"}],"up":[{"embeddable":true,"href":"https:\/\/rhinolands.com\/de\/wp-json\/wp\/v2\/pages\/64489"}],"wp:attachment":[{"href":"https:\/\/rhinolands.com\/de\/wp-json\/wp\/v2\/media?parent=73380"}],"curies":[{"name":"wp","href":"https:\/\/api.w.org\/{rel}","templated":true}]}}