{"id":74490,"date":"2023-06-22T14:00:09","date_gmt":"2023-06-22T12:00:09","guid":{"rendered":"https:\/\/rhinolands.com\/blog\/"},"modified":"2024-04-11T14:14:43","modified_gmt":"2024-04-11T12:14:43","slug":"blog","status":"publish","type":"page","link":"https:\/\/rhinolands.com\/de\/blog\/","title":{"rendered":"Blog"},"content":{"rendered":"[et_pb_section fb_built=&#8220;1&#8243; _builder_version=&#8220;4.20.4&#8243; _module_preset=&#8220;default&#8220; da_disable_devices=&#8220;off|off|off&#8220; global_colors_info=&#8220;{}&#8220; da_is_popup=&#8220;off&#8220; da_exit_intent=&#8220;off&#8220; da_has_close=&#8220;on&#8220; da_alt_close=&#8220;off&#8220; da_dark_close=&#8220;off&#8220; da_not_modal=&#8220;on&#8220; da_is_singular=&#8220;off&#8220; da_with_loader=&#8220;off&#8220; da_has_shadow=&#8220;on&#8220;][et_pb_row _builder_version=&#8220;4.20.4&#8243; _module_preset=&#8220;default&#8220; custom_margin=&#8220;||0px||false|false&#8220; global_colors_info=&#8220;{}&#8220;][et_pb_column type=&#8220;4_4&#8243; _builder_version=&#8220;4.20.4&#8243; _module_preset=&#8220;default&#8220; global_colors_info=&#8220;{}&#8220;][et_pb_blog posts_number=&#8220;2&#8243; include_categories=&#8220;2024,2027,2055,2028,2201,2164,2050,2029,2025,2026,1&#8243; excerpt_length=&#8220;240&#8243; show_pagination=&#8220;off&#8220; admin_label=&#8220;Noticia actual&#8220; _builder_version=&#8220;4.24.2&#8243; _module_preset=&#8220;default&#8220; header_level=&#8220;h1&#8243; header_font=&#8220;|700|||||||&#8220; hover_enabled=&#8220;0&#8243; custom_css_read_more=&#8220;clear: none;||padding-top: 0.6rem;&#8220; global_colors_info=&#8220;{}&#8220; custom_css_featured_image_last_edited=&#8220;on|phone&#8220; custom_css_free_form=&#8220;@media (min-width: 900px) { ||  selector img {||    width: 400px;||    max-width: 400px;||    float: left;||    margin-right: 2rem; ||  }||}&#8220; sticky_enabled=&#8220;0&#8243;][\/et_pb_blog][et_pb_button button_url=&#8220;https:\/\/rhinolands.com\/de\/newsletter\/&#8220; button_text=&#8220;Abonnieren Sie unseren Newsletter&#8220; button_alignment=&#8220;center&#8220; _builder_version=&#8220;4.24.2&#8243; _module_preset=&#8220;default&#8220; global_colors_info=&#8220;{}&#8220;][\/et_pb_button][et_pb_text _builder_version=&#8220;4.20.4&#8243; _module_preset=&#8220;default&#8220; global_colors_info=&#8220;{}&#8220;]<h1>Weitere Neuigkeiten:<\/h1>[\/et_pb_text][et_pb_sidebar area=&#8220;et_pb_widget_area_1&#8243; show_border=&#8220;off&#8220; _builder_version=&#8220;4.20.4&#8243; _module_preset=&#8220;default&#8220; global_colors_info=&#8220;{}&#8220;][\/et_pb_sidebar][et_pb_blog fullwidth=&#8220;off&#8220; posts_number=&#8220;100&#8243; include_categories=&#8220;2024,2027,2055,2028,2201,2164,2050,2029,2025,2026,1,all&#8220; excerpt_length=&#8220;240&#8243; show_pagination=&#8220;off&#8220; offset_number=&#8220;2&#8243; module_class=&#8220;grid_pagina_blog&#8220; _builder_version=&#8220;4.24.2&#8243; _module_preset=&#8220;default&#8220; header_font=&#8220;|700|||||||&#8220; custom_css_featured_image=&#8220;width: 100%;||max-width: 280px;||float: left;||margin-right: 2rem;&#8220; custom_css_read_more=&#8220;clear: none;||padding-top: 0.6rem;&#8220; border_width_all=&#8220;0px&#8220; global_colors_info=&#8220;{}&#8220;][\/et_pb_blog][\/et_pb_column][\/et_pb_row][\/et_pb_section]","protected":false},"excerpt":{"rendered":"<p>Weitere Neuigkeiten:<\/p>\n","protected":false},"author":1,"featured_media":67586,"parent":0,"menu_order":7,"comment_status":"closed","ping_status":"closed","template":"","meta":{"_et_pb_use_builder":"on","_et_pb_old_content":"","_et_gb_content_width":"","footnotes":""},"class_list":["post-74490","page","type-page","status-publish","has-post-thumbnail","hentry"],"yoast_head":"<!-- This site is optimized with the Yoast SEO plugin v27.3 - https:\/\/yoast.com\/product\/yoast-seo-wordpress\/ -->\n<title>Blog - RhinoLands<\/title>\n<meta name=\"description\" content=\"Im Lands-Design-Blog finden Sie Artikel bez\u00fcglich dieser Landschafts-Software \u00fcber Veranstaltungen, Neuver\u00f6ffentlichungen und mehr.\" \/>\n<meta name=\"robots\" content=\"index, follow, max-snippet:-1, max-image-preview:large, max-video-preview:-1\" \/>\n<link rel=\"canonical\" href=\"https:\/\/rhinolands.com\/de\/blog\/\" \/>\n<meta property=\"og:locale\" content=\"de_DE\" \/>\n<meta property=\"og:type\" content=\"article\" \/>\n<meta property=\"og:title\" content=\"Blog - RhinoLands\" \/>\n<meta property=\"og:description\" content=\"Im Lands-Design-Blog finden Sie Artikel bez\u00fcglich dieser Landschafts-Software \u00fcber Veranstaltungen, Neuver\u00f6ffentlichungen und mehr.\" \/>\n<meta property=\"og:url\" content=\"https:\/\/rhinolands.com\/de\/blog\/\" \/>\n<meta property=\"og:site_name\" content=\"RhinoLands\" \/>\n<meta property=\"article:modified_time\" content=\"2024-04-11T12:14:43+00:00\" \/>\n<meta property=\"og:image\" content=\"https:\/\/rhinolands.com\/wp-content\/uploads\/2020\/11\/Lands_Design_blog.png\" \/>\n\t<meta property=\"og:image:width\" content=\"330\" \/>\n\t<meta property=\"og:image:height\" content=\"330\" \/>\n\t<meta property=\"og:image:type\" content=\"image\/png\" \/>\n<meta name=\"twitter:card\" content=\"summary_large_image\" \/>\n<meta name=\"twitter:label1\" content=\"Gesch\u00e4tzte Lesezeit\" \/>\n\t<meta name=\"twitter:data1\" content=\"37\u00a0Minuten\" \/>\n<script type=\"application\/ld+json\" class=\"yoast-schema-graph\">{\"@context\":\"https:\\\/\\\/schema.org\",\"@graph\":[{\"@type\":\"WebPage\",\"@id\":\"https:\\\/\\\/rhinolands.com\\\/de\\\/blog\\\/\",\"url\":\"https:\\\/\\\/rhinolands.com\\\/de\\\/blog\\\/\",\"name\":\"Blog - RhinoLands\",\"isPartOf\":{\"@id\":\"https:\\\/\\\/rhinolands.com\\\/de\\\/#website\"},\"primaryImageOfPage\":{\"@id\":\"https:\\\/\\\/rhinolands.com\\\/de\\\/blog\\\/#primaryimage\"},\"image\":{\"@id\":\"https:\\\/\\\/rhinolands.com\\\/de\\\/blog\\\/#primaryimage\"},\"thumbnailUrl\":\"https:\\\/\\\/rhinolands.com\\\/wp-content\\\/uploads\\\/2020\\\/11\\\/Lands_Design_blog.png\",\"datePublished\":\"2023-06-22T12:00:09+00:00\",\"dateModified\":\"2024-04-11T12:14:43+00:00\",\"description\":\"Im Lands-Design-Blog finden Sie Artikel bez\u00fcglich dieser Landschafts-Software \u00fcber Veranstaltungen, Neuver\u00f6ffentlichungen und mehr.\",\"breadcrumb\":{\"@id\":\"https:\\\/\\\/rhinolands.com\\\/de\\\/blog\\\/#breadcrumb\"},\"inLanguage\":\"de\",\"potentialAction\":[{\"@type\":\"ReadAction\",\"target\":[\"https:\\\/\\\/rhinolands.com\\\/de\\\/blog\\\/\"]}]},{\"@type\":\"ImageObject\",\"inLanguage\":\"de\",\"@id\":\"https:\\\/\\\/rhinolands.com\\\/de\\\/blog\\\/#primaryimage\",\"url\":\"https:\\\/\\\/rhinolands.com\\\/wp-content\\\/uploads\\\/2020\\\/11\\\/Lands_Design_blog.png\",\"contentUrl\":\"https:\\\/\\\/rhinolands.com\\\/wp-content\\\/uploads\\\/2020\\\/11\\\/Lands_Design_blog.png\",\"width\":330,\"height\":330},{\"@type\":\"BreadcrumbList\",\"@id\":\"https:\\\/\\\/rhinolands.com\\\/de\\\/blog\\\/#breadcrumb\",\"itemListElement\":[{\"@type\":\"ListItem\",\"position\":1,\"name\":\"Home\",\"item\":\"https:\\\/\\\/rhinolands.com\\\/de\\\/\"},{\"@type\":\"ListItem\",\"position\":2,\"name\":\"Blog\"}]},{\"@type\":\"WebSite\",\"@id\":\"https:\\\/\\\/rhinolands.com\\\/de\\\/#website\",\"url\":\"https:\\\/\\\/rhinolands.com\\\/de\\\/\",\"name\":\"RhinoLands\",\"description\":\"BIM landscape software\",\"publisher\":{\"@id\":\"https:\\\/\\\/rhinolands.com\\\/de\\\/#organization\"},\"potentialAction\":[{\"@type\":\"SearchAction\",\"target\":{\"@type\":\"EntryPoint\",\"urlTemplate\":\"https:\\\/\\\/rhinolands.com\\\/de\\\/?s={search_term_string}\"},\"query-input\":{\"@type\":\"PropertyValueSpecification\",\"valueRequired\":true,\"valueName\":\"search_term_string\"}}],\"inLanguage\":\"de\"},{\"@type\":\"Organization\",\"@id\":\"https:\\\/\\\/rhinolands.com\\\/de\\\/#organization\",\"name\":\"Asuni Soft\",\"url\":\"https:\\\/\\\/rhinolands.com\\\/de\\\/\",\"logo\":{\"@type\":\"ImageObject\",\"inLanguage\":\"de\",\"@id\":\"https:\\\/\\\/rhinolands.com\\\/de\\\/#\\\/schema\\\/logo\\\/image\\\/\",\"url\":\"https:\\\/\\\/rhinolands.com\\\/wp-content\\\/uploads\\\/2020\\\/02\\\/AsuniLogoFinal-01.png\",\"contentUrl\":\"https:\\\/\\\/rhinolands.com\\\/wp-content\\\/uploads\\\/2020\\\/02\\\/AsuniLogoFinal-01.png\",\"width\":151,\"height\":46,\"caption\":\"Asuni Soft\"},\"image\":{\"@id\":\"https:\\\/\\\/rhinolands.com\\\/de\\\/#\\\/schema\\\/logo\\\/image\\\/\"}}]}<\/script>\n<!-- \/ Yoast SEO plugin. -->","yoast_head_json":{"title":"Blog - RhinoLands","description":"Im Lands-Design-Blog finden Sie Artikel bez\u00fcglich dieser Landschafts-Software \u00fcber Veranstaltungen, Neuver\u00f6ffentlichungen und mehr.","robots":{"index":"index","follow":"follow","max-snippet":"max-snippet:-1","max-image-preview":"max-image-preview:large","max-video-preview":"max-video-preview:-1"},"canonical":"https:\/\/rhinolands.com\/de\/blog\/","og_locale":"de_DE","og_type":"article","og_title":"Blog - RhinoLands","og_description":"Im Lands-Design-Blog finden Sie Artikel bez\u00fcglich dieser Landschafts-Software \u00fcber Veranstaltungen, Neuver\u00f6ffentlichungen und mehr.","og_url":"https:\/\/rhinolands.com\/de\/blog\/","og_site_name":"RhinoLands","article_modified_time":"2024-04-11T12:14:43+00:00","og_image":[{"width":330,"height":330,"url":"https:\/\/rhinolands.com\/wp-content\/uploads\/2020\/11\/Lands_Design_blog.png","type":"image\/png"}],"twitter_card":"summary_large_image","twitter_misc":{"Gesch\u00e4tzte Lesezeit":"37\u00a0Minuten"},"schema":{"@context":"https:\/\/schema.org","@graph":[{"@type":"WebPage","@id":"https:\/\/rhinolands.com\/de\/blog\/","url":"https:\/\/rhinolands.com\/de\/blog\/","name":"Blog - RhinoLands","isPartOf":{"@id":"https:\/\/rhinolands.com\/de\/#website"},"primaryImageOfPage":{"@id":"https:\/\/rhinolands.com\/de\/blog\/#primaryimage"},"image":{"@id":"https:\/\/rhinolands.com\/de\/blog\/#primaryimage"},"thumbnailUrl":"https:\/\/rhinolands.com\/wp-content\/uploads\/2020\/11\/Lands_Design_blog.png","datePublished":"2023-06-22T12:00:09+00:00","dateModified":"2024-04-11T12:14:43+00:00","description":"Im Lands-Design-Blog finden Sie Artikel bez\u00fcglich dieser Landschafts-Software \u00fcber Veranstaltungen, Neuver\u00f6ffentlichungen und mehr.","breadcrumb":{"@id":"https:\/\/rhinolands.com\/de\/blog\/#breadcrumb"},"inLanguage":"de","potentialAction":[{"@type":"ReadAction","target":["https:\/\/rhinolands.com\/de\/blog\/"]}]},{"@type":"ImageObject","inLanguage":"de","@id":"https:\/\/rhinolands.com\/de\/blog\/#primaryimage","url":"https:\/\/rhinolands.com\/wp-content\/uploads\/2020\/11\/Lands_Design_blog.png","contentUrl":"https:\/\/rhinolands.com\/wp-content\/uploads\/2020\/11\/Lands_Design_blog.png","width":330,"height":330},{"@type":"BreadcrumbList","@id":"https:\/\/rhinolands.com\/de\/blog\/#breadcrumb","itemListElement":[{"@type":"ListItem","position":1,"name":"Home","item":"https:\/\/rhinolands.com\/de\/"},{"@type":"ListItem","position":2,"name":"Blog"}]},{"@type":"WebSite","@id":"https:\/\/rhinolands.com\/de\/#website","url":"https:\/\/rhinolands.com\/de\/","name":"RhinoLands","description":"BIM landscape software","publisher":{"@id":"https:\/\/rhinolands.com\/de\/#organization"},"potentialAction":[{"@type":"SearchAction","target":{"@type":"EntryPoint","urlTemplate":"https:\/\/rhinolands.com\/de\/?s={search_term_string}"},"query-input":{"@type":"PropertyValueSpecification","valueRequired":true,"valueName":"search_term_string"}}],"inLanguage":"de"},{"@type":"Organization","@id":"https:\/\/rhinolands.com\/de\/#organization","name":"Asuni Soft","url":"https:\/\/rhinolands.com\/de\/","logo":{"@type":"ImageObject","inLanguage":"de","@id":"https:\/\/rhinolands.com\/de\/#\/schema\/logo\/image\/","url":"https:\/\/rhinolands.com\/wp-content\/uploads\/2020\/02\/AsuniLogoFinal-01.png","contentUrl":"https:\/\/rhinolands.com\/wp-content\/uploads\/2020\/02\/AsuniLogoFinal-01.png","width":151,"height":46,"caption":"Asuni Soft"},"image":{"@id":"https:\/\/rhinolands.com\/de\/#\/schema\/logo\/image\/"}}]}},"_links":{"self":[{"href":"https:\/\/rhinolands.com\/de\/wp-json\/wp\/v2\/pages\/74490","targetHints":{"allow":["GET"]}}],"collection":[{"href":"https:\/\/rhinolands.com\/de\/wp-json\/wp\/v2\/pages"}],"about":[{"href":"https:\/\/rhinolands.com\/de\/wp-json\/wp\/v2\/types\/page"}],"author":[{"embeddable":true,"href":"https:\/\/rhinolands.com\/de\/wp-json\/wp\/v2\/users\/1"}],"replies":[{"embeddable":true,"href":"https:\/\/rhinolands.com\/de\/wp-json\/wp\/v2\/comments?post=74490"}],"version-history":[{"count":3,"href":"https:\/\/rhinolands.com\/de\/wp-json\/wp\/v2\/pages\/74490\/revisions"}],"predecessor-version":[{"id":80728,"href":"https:\/\/rhinolands.com\/de\/wp-json\/wp\/v2\/pages\/74490\/revisions\/80728"}],"wp:featuredmedia":[{"embeddable":true,"href":"https:\/\/rhinolands.com\/de\/wp-json\/wp\/v2\/media\/67586"}],"wp:attachment":[{"href":"https:\/\/rhinolands.com\/de\/wp-json\/wp\/v2\/media?parent=74490"}],"curies":[{"name":"wp","href":"https:\/\/api.w.org\/{rel}","templated":true}]}}