{"id":74655,"date":"2023-08-03T14:20:04","date_gmt":"2023-08-03T12:20:04","guid":{"rendered":"https:\/\/rhinolands.com\/sales\/school-kit\/"},"modified":"2024-02-26T23:08:11","modified_gmt":"2024-02-26T22:08:11","slug":"school-kit","status":"publish","type":"page","link":"https:\/\/rhinolands.com\/de\/sales\/school-kit\/","title":{"rendered":"School-Kit"},"content":{"rendered":"\n<h1 class=\"wp-block-heading\"><strong>School-Kit<\/strong>:<\/h1>\n\n<p>Ein School-Kit von Lands-Design ist ein Gro\u00dfeinkauf f\u00fcr eine Schule, bestehend aus einem Satz von <strong>(30+<\/strong>) <strong><a href=\"\/sales\/#tab|1\">Einzelnutzer-Schullizenzen<\/a><\/strong> zum Sonderpreis:<\/p>\n\n<p><\/p>\n\n<ul class=\"wp-block-list\">\n<li>Das Lands-Design-School-Kit enth\u00e4lt mindestens 30 Einzelnutzer-Schullizenzen, deren Anzahl im selben Kauf noch erweitert werden kann.<\/li>\n\n\n\n<li>Auf diese im School-Kit enthaltenen Lizenzen finden die <a href=\"https:\/\/rhinolands.com\/de\/sales\/proof-of-academic-status\/\">\u00dcblichen Bedingungen einer Einzelnutzerlizenz<\/a> Anwendung.<\/li>\n\n\n\n<li>Dieses Angebot gilt nur f\u00fcr Schulen, Hochschulen und Universit\u00e4ten, (<a href=\"https:\/\/rhinolands.com\/de\/sales\/proof-of-academic-status\/\">Nachweis des Status als Bildungseinrichtung<\/a> ist erforderlich).<\/li>\n\n\n\n<li>Einzelpersonen (Ausbilder und Studenten) k\u00f6nnen die standardm\u00e4\u00dfigen <a href=\"\/sales\/#tab|1\">Schulprodukte<\/a> jederzeit bestellen.<\/li>\n\n\n\n<li>Falls die Schule nicht die erforderliche Mindestzahl von Einzelnutzer-Schullizenzen erreicht, k\u00f6nnen Sie eine <a href=\"\/sales\/#tab|1\">Lands-Design-Schullizenz<\/a> zum Standardpreis erwerben.<\/li>\n<\/ul>\n","protected":false},"excerpt":{"rendered":"<p>School-Kit: Ein School-Kit von Lands-Design ist ein Gro\u00dfeinkauf f\u00fcr eine Schule, bestehend aus einem Satz von (30+) Einzelnutzer-Schullizenzen zum Sonderpreis:<\/p>\n","protected":false},"author":14,"featured_media":0,"parent":59937,"menu_order":0,"comment_status":"closed","ping_status":"closed","template":"","meta":{"_et_pb_use_builder":"","_et_pb_old_content":"","_et_gb_content_width":"","footnotes":""},"class_list":["post-74655","page","type-page","status-publish","hentry"],"yoast_head":"<!-- This site is optimized with the Yoast SEO plugin v27.5 - https:\/\/yoast.com\/product\/yoast-seo-wordpress\/ -->\n<title>School-Kit - RhinoLands<\/title>\n<meta name=\"robots\" content=\"index, follow, max-snippet:-1, max-image-preview:large, max-video-preview:-1\" \/>\n<link rel=\"canonical\" href=\"https:\/\/rhinolands.com\/de\/sales\/school-kit\/\" \/>\n<meta property=\"og:locale\" content=\"de_DE\" \/>\n<meta property=\"og:type\" content=\"article\" \/>\n<meta property=\"og:title\" content=\"School-Kit - RhinoLands\" \/>\n<meta property=\"og:description\" content=\"School-Kit: Ein School-Kit von Lands-Design ist ein Gro\u00dfeinkauf f\u00fcr eine Schule, bestehend aus einem Satz von (30+) Einzelnutzer-Schullizenzen zum Sonderpreis:\" \/>\n<meta property=\"og:url\" content=\"https:\/\/rhinolands.com\/de\/sales\/school-kit\/\" \/>\n<meta property=\"og:site_name\" content=\"RhinoLands\" \/>\n<meta property=\"article:modified_time\" content=\"2024-02-26T22:08:11+00:00\" \/>\n<meta name=\"twitter:card\" content=\"summary_large_image\" \/>\n<script type=\"application\/ld+json\" class=\"yoast-schema-graph\">{\"@context\":\"https:\\\/\\\/schema.org\",\"@graph\":[{\"@type\":\"WebPage\",\"@id\":\"https:\\\/\\\/rhinolands.com\\\/de\\\/sales\\\/school-kit\\\/\",\"url\":\"https:\\\/\\\/rhinolands.com\\\/de\\\/sales\\\/school-kit\\\/\",\"name\":\"School-Kit - RhinoLands\",\"isPartOf\":{\"@id\":\"https:\\\/\\\/rhinolands.com\\\/de\\\/#website\"},\"datePublished\":\"2023-08-03T12:20:04+00:00\",\"dateModified\":\"2024-02-26T22:08:11+00:00\",\"breadcrumb\":{\"@id\":\"https:\\\/\\\/rhinolands.com\\\/de\\\/sales\\\/school-kit\\\/#breadcrumb\"},\"inLanguage\":\"de\",\"potentialAction\":[{\"@type\":\"ReadAction\",\"target\":[\"https:\\\/\\\/rhinolands.com\\\/de\\\/sales\\\/school-kit\\\/\"]}]},{\"@type\":\"BreadcrumbList\",\"@id\":\"https:\\\/\\\/rhinolands.com\\\/de\\\/sales\\\/school-kit\\\/#breadcrumb\",\"itemListElement\":[{\"@type\":\"ListItem\",\"position\":1,\"name\":\"Home\",\"item\":\"https:\\\/\\\/rhinolands.com\\\/de\\\/\"},{\"@type\":\"ListItem\",\"position\":2,\"name\":\"Verkauf\",\"item\":\"https:\\\/\\\/rhinolands.com\\\/de\\\/sales\\\/\"},{\"@type\":\"ListItem\",\"position\":3,\"name\":\"School-Kit\"}]},{\"@type\":\"WebSite\",\"@id\":\"https:\\\/\\\/rhinolands.com\\\/de\\\/#website\",\"url\":\"https:\\\/\\\/rhinolands.com\\\/de\\\/\",\"name\":\"RhinoLands\",\"description\":\"BIM landscape software\",\"publisher\":{\"@id\":\"https:\\\/\\\/rhinolands.com\\\/de\\\/#organization\"},\"potentialAction\":[{\"@type\":\"SearchAction\",\"target\":{\"@type\":\"EntryPoint\",\"urlTemplate\":\"https:\\\/\\\/rhinolands.com\\\/de\\\/?s={search_term_string}\"},\"query-input\":{\"@type\":\"PropertyValueSpecification\",\"valueRequired\":true,\"valueName\":\"search_term_string\"}}],\"inLanguage\":\"de\"},{\"@type\":\"Organization\",\"@id\":\"https:\\\/\\\/rhinolands.com\\\/de\\\/#organization\",\"name\":\"Asuni Soft\",\"url\":\"https:\\\/\\\/rhinolands.com\\\/de\\\/\",\"logo\":{\"@type\":\"ImageObject\",\"inLanguage\":\"de\",\"@id\":\"https:\\\/\\\/rhinolands.com\\\/de\\\/#\\\/schema\\\/logo\\\/image\\\/\",\"url\":\"https:\\\/\\\/rhinolands.com\\\/wp-content\\\/uploads\\\/2020\\\/02\\\/AsuniLogoFinal-01.png\",\"contentUrl\":\"https:\\\/\\\/rhinolands.com\\\/wp-content\\\/uploads\\\/2020\\\/02\\\/AsuniLogoFinal-01.png\",\"width\":151,\"height\":46,\"caption\":\"Asuni Soft\"},\"image\":{\"@id\":\"https:\\\/\\\/rhinolands.com\\\/de\\\/#\\\/schema\\\/logo\\\/image\\\/\"}}]}<\/script>\n<!-- \/ Yoast SEO plugin. -->","yoast_head_json":{"title":"School-Kit - RhinoLands","robots":{"index":"index","follow":"follow","max-snippet":"max-snippet:-1","max-image-preview":"max-image-preview:large","max-video-preview":"max-video-preview:-1"},"canonical":"https:\/\/rhinolands.com\/de\/sales\/school-kit\/","og_locale":"de_DE","og_type":"article","og_title":"School-Kit - RhinoLands","og_description":"School-Kit: Ein School-Kit von Lands-Design ist ein Gro\u00dfeinkauf f\u00fcr eine Schule, bestehend aus einem Satz von (30+) Einzelnutzer-Schullizenzen zum Sonderpreis:","og_url":"https:\/\/rhinolands.com\/de\/sales\/school-kit\/","og_site_name":"RhinoLands","article_modified_time":"2024-02-26T22:08:11+00:00","twitter_card":"summary_large_image","schema":{"@context":"https:\/\/schema.org","@graph":[{"@type":"WebPage","@id":"https:\/\/rhinolands.com\/de\/sales\/school-kit\/","url":"https:\/\/rhinolands.com\/de\/sales\/school-kit\/","name":"School-Kit - RhinoLands","isPartOf":{"@id":"https:\/\/rhinolands.com\/de\/#website"},"datePublished":"2023-08-03T12:20:04+00:00","dateModified":"2024-02-26T22:08:11+00:00","breadcrumb":{"@id":"https:\/\/rhinolands.com\/de\/sales\/school-kit\/#breadcrumb"},"inLanguage":"de","potentialAction":[{"@type":"ReadAction","target":["https:\/\/rhinolands.com\/de\/sales\/school-kit\/"]}]},{"@type":"BreadcrumbList","@id":"https:\/\/rhinolands.com\/de\/sales\/school-kit\/#breadcrumb","itemListElement":[{"@type":"ListItem","position":1,"name":"Home","item":"https:\/\/rhinolands.com\/de\/"},{"@type":"ListItem","position":2,"name":"Verkauf","item":"https:\/\/rhinolands.com\/de\/sales\/"},{"@type":"ListItem","position":3,"name":"School-Kit"}]},{"@type":"WebSite","@id":"https:\/\/rhinolands.com\/de\/#website","url":"https:\/\/rhinolands.com\/de\/","name":"RhinoLands","description":"BIM landscape software","publisher":{"@id":"https:\/\/rhinolands.com\/de\/#organization"},"potentialAction":[{"@type":"SearchAction","target":{"@type":"EntryPoint","urlTemplate":"https:\/\/rhinolands.com\/de\/?s={search_term_string}"},"query-input":{"@type":"PropertyValueSpecification","valueRequired":true,"valueName":"search_term_string"}}],"inLanguage":"de"},{"@type":"Organization","@id":"https:\/\/rhinolands.com\/de\/#organization","name":"Asuni Soft","url":"https:\/\/rhinolands.com\/de\/","logo":{"@type":"ImageObject","inLanguage":"de","@id":"https:\/\/rhinolands.com\/de\/#\/schema\/logo\/image\/","url":"https:\/\/rhinolands.com\/wp-content\/uploads\/2020\/02\/AsuniLogoFinal-01.png","contentUrl":"https:\/\/rhinolands.com\/wp-content\/uploads\/2020\/02\/AsuniLogoFinal-01.png","width":151,"height":46,"caption":"Asuni Soft"},"image":{"@id":"https:\/\/rhinolands.com\/de\/#\/schema\/logo\/image\/"}}]}},"_links":{"self":[{"href":"https:\/\/rhinolands.com\/de\/wp-json\/wp\/v2\/pages\/74655","targetHints":{"allow":["GET"]}}],"collection":[{"href":"https:\/\/rhinolands.com\/de\/wp-json\/wp\/v2\/pages"}],"about":[{"href":"https:\/\/rhinolands.com\/de\/wp-json\/wp\/v2\/types\/page"}],"author":[{"embeddable":true,"href":"https:\/\/rhinolands.com\/de\/wp-json\/wp\/v2\/users\/14"}],"replies":[{"embeddable":true,"href":"https:\/\/rhinolands.com\/de\/wp-json\/wp\/v2\/comments?post=74655"}],"version-history":[{"count":1,"href":"https:\/\/rhinolands.com\/de\/wp-json\/wp\/v2\/pages\/74655\/revisions"}],"predecessor-version":[{"id":74658,"href":"https:\/\/rhinolands.com\/de\/wp-json\/wp\/v2\/pages\/74655\/revisions\/74658"}],"up":[{"embeddable":true,"href":"https:\/\/rhinolands.com\/de\/wp-json\/wp\/v2\/pages\/59937"}],"wp:attachment":[{"href":"https:\/\/rhinolands.com\/de\/wp-json\/wp\/v2\/media?parent=74655"}],"curies":[{"name":"wp","href":"https:\/\/api.w.org\/{rel}","templated":true}]}}