{"id":79506,"date":"2024-04-02T13:16:06","date_gmt":"2024-04-02T11:16:06","guid":{"rendered":"https:\/\/rhinolands.com\/lands-design\/"},"modified":"2025-12-10T09:37:28","modified_gmt":"2025-12-10T08:37:28","slug":"lands-design","status":"publish","type":"page","link":"https:\/\/rhinolands.com\/de\/lands-design\/","title":{"rendered":"Lands Design"},"content":{"rendered":"[et_pb_section fb_built=&#8220;1&#8243; fullwidth=&#8220;on&#8220; admin_label=&#8220;Fondo cabecera&#8220; _builder_version=&#8220;4.24.3&#8243; _module_preset=&#8220;default&#8220; background_image=&#8220;https:\/\/rhinolands.com\/wp-content\/uploads\/2024\/04\/imagen1_400px.jpg&#8220; height=&#8220;340px&#8220; hover_enabled=&#8220;0&#8243; da_disable_devices=&#8220;off|off|off&#8220; collapsed=&#8220;off&#8220; global_colors_info=&#8220;{}&#8220; title_text=&#8220;imagen1_400px&#8220; sticky_enabled=&#8220;0&#8243; da_is_popup=&#8220;off&#8220; da_exit_intent=&#8220;off&#8220; da_has_close=&#8220;on&#8220; da_alt_close=&#8220;off&#8220; da_dark_close=&#8220;off&#8220; da_not_modal=&#8220;on&#8220; da_is_singular=&#8220;off&#8220; da_with_loader=&#8220;off&#8220; da_has_shadow=&#8220;on&#8220;][\/et_pb_section][et_pb_section fb_built=&#8220;1&#8243; admin_label=&#8220;Cabecera&#8220; _builder_version=&#8220;4.24.3&#8243; _module_preset=&#8220;default&#8220; background_color=&#8220;RGBA(255,255,255,0)&#8220; custom_margin=&#8220;-290px||-20px||false|false&#8220; da_disable_devices=&#8220;off|off|off&#8220; collapsed=&#8220;off&#8220; global_colors_info=&#8220;{}&#8220; da_is_popup=&#8220;off&#8220; da_exit_intent=&#8220;off&#8220; da_has_close=&#8220;on&#8220; da_alt_close=&#8220;off&#8220; da_dark_close=&#8220;off&#8220; da_not_modal=&#8220;on&#8220; da_is_singular=&#8220;off&#8220; da_with_loader=&#8220;off&#8220; da_has_shadow=&#8220;on&#8220;][et_pb_row _builder_version=&#8220;4.20.4&#8243; _module_preset=&#8220;default&#8220; background_enable_color=&#8220;off&#8220; module_alignment_last_edited=&#8220;off|desktop&#8220; global_colors_info=&#8220;{}&#8220;][et_pb_column type=&#8220;4_4&#8243; _builder_version=&#8220;4.20.4&#8243; _module_preset=&#8220;default&#8220; global_colors_info=&#8220;{}&#8220;][et_pb_text admin_label=&#8220;Titulo: RhinoLands&#8220; _builder_version=&#8220;4.24.3&#8243; _module_preset=&#8220;default&#8220; text_font=&#8220;Oswald|300|||||||&#8220; text_text_color=&#8220;#FFFFFF&#8220; text_font_size=&#8220;6em&#8220; background_enable_color=&#8220;off&#8220; text_orientation=&#8220;right&#8220; custom_margin=&#8220;||||false|false&#8220; text_font_size_tablet=&#8220;6em&#8220; text_font_size_phone=&#8220;5em&#8220; text_font_size_last_edited=&#8220;on|phone&#8220; text_orientation_tablet=&#8220;right&#8220; text_orientation_phone=&#8220;center&#8220; text_orientation_last_edited=&#8220;on|phone&#8220; text_text_shadow_style=&#8220;preset1&#8243; global_colors_info=&#8220;{}&#8220;]<p>Lands Design<\/p>[\/et_pb_text][et_pb_text admin_label=&#8220;Subtitulo: BIM Standalone&#8230;&#8220; _builder_version=&#8220;4.24.3&#8243; _module_preset=&#8220;default&#8220; text_font=&#8220;Oswald||||||||&#8220; text_text_color=&#8220;#FFFFFF&#8220; text_font_size=&#8220;4em&#8220; text_line_height=&#8220;1.2em&#8220; text_orientation=&#8220;right&#8220; height=&#8220;135px&#8220; custom_margin=&#8220;50px||||false|false&#8220; text_font_size_tablet=&#8220;3.5em&#8220; text_font_size_phone=&#8220;2em&#8220; text_font_size_last_edited=&#8220;on|desktop&#8220; text_orientation_tablet=&#8220;right&#8220; text_orientation_phone=&#8220;center&#8220; text_orientation_last_edited=&#8220;on|phone&#8220; text_text_shadow_style=&#8220;preset1&#8243; global_colors_info=&#8220;{}&#8220;]ist jetzt in 2 Formen erh\u00e4ltlich:[\/et_pb_text][\/et_pb_column][\/et_pb_row][\/et_pb_section][et_pb_section fb_built=&#8220;1&#8243; _builder_version=&#8220;4.24.2&#8243; _module_preset=&#8220;default&#8220; da_disable_devices=&#8220;off|off|off&#8220; collapsed=&#8220;on&#8220; global_colors_info=&#8220;{}&#8220; da_is_popup=&#8220;off&#8220; da_exit_intent=&#8220;off&#8220; da_has_close=&#8220;on&#8220; da_alt_close=&#8220;off&#8220; da_dark_close=&#8220;off&#8220; da_not_modal=&#8220;on&#8220; da_is_singular=&#8220;off&#8220; da_with_loader=&#8220;off&#8220; da_has_shadow=&#8220;on&#8220;][et_pb_row _builder_version=&#8220;4.24.2&#8243; _module_preset=&#8220;default&#8220; global_colors_info=&#8220;{}&#8220;][et_pb_column type=&#8220;4_4&#8243; _builder_version=&#8220;4.24.2&#8243; _module_preset=&#8220;default&#8220; global_colors_info=&#8220;{}&#8220;][et_pb_text _builder_version=&#8220;4.24.2&#8243; _module_preset=&#8220;default&#8220; global_colors_info=&#8220;{}&#8220;]<h1><strong>Eigenst\u00e4ndige RhinoLands-L\u00f6sung<\/strong><\/h1><ul><li>Es handelt sich um eine <strong>KOMPLETTE<\/strong> Softwarel\u00f6sung. Sie m\u00fcssen <strong>KEIN ANDERES<\/strong><strong><\/strong> Programm installieren, um RhinoLands nutzen zu k\u00f6nnen.<\/li><li>Es beinhaltet die Leistung von Rhino 3D + alle Landschaftsbauwerkzeuge und BIM-Funktionen von Lands Design mit einer <strong>LEICHTEN<\/strong> Installation.<\/li><\/ul>[\/et_pb_text][et_pb_text _builder_version=&#8220;4.24.3&#8243; _module_preset=&#8220;default&#8220; global_colors_info=&#8220;{}&#8220;]<h1><strong>Lands Design als Plug-in<\/strong><\/h1><ul><li>Es kann als Plug-in arbeiten, wenn Sie bereits AutoCAD oder Rhino haben.<\/li><li>Es gibt 2 Versionen:\n<ul><li>Plug-in f\u00fcr Anwender von AutoCAD \/ Civil 3D<\/li><li>Plug-in f\u00fcr Rhino-Benutzer<\/li><\/ul><\/li><\/ul>[\/et_pb_text][et_pb_button button_url=&#8220;https:\/\/rhinolands.com\/de\/&#8220; button_text=&#8220;Entdecken Sie RhinoLands&#8220; button_alignment=&#8220;center&#8220; _builder_version=&#8220;4.24.2&#8243; _module_preset=&#8220;default&#8220; global_colors_info=&#8220;{}&#8220;][\/et_pb_button][\/et_pb_column][\/et_pb_row][\/et_pb_section]","protected":false},"excerpt":{"rendered":"<p>Lands Designist jetzt in 2 Formen erh\u00e4ltlich:Eigenst\u00e4ndige RhinoLands-L\u00f6sungEs handelt sich um eine KOMPLETTE Softwarel\u00f6sung. Sie m\u00fcssen KEIN ANDERES Programm installieren, um RhinoLands nutzen zu k\u00f6nnen.Es beinhaltet die Leistung von Rhino 3D + alle Landschaftsbauwerkzeuge und BIM-Funktionen von Lands Design mit einer LEICHTEN Installation.Lands Design als Plug-inEs kann als Plug-in arbeiten, wenn Sie bereits AutoCAD oder [&hellip;]<\/p>\n","protected":false},"author":1,"featured_media":0,"parent":0,"menu_order":0,"comment_status":"closed","ping_status":"closed","template":"","meta":{"_et_pb_use_builder":"on","_et_pb_old_content":"","_et_gb_content_width":"","footnotes":""},"class_list":["post-79506","page","type-page","status-publish","hentry"],"yoast_head":"<!-- This site is optimized with the Yoast SEO plugin v27.3 - https:\/\/yoast.com\/product\/yoast-seo-wordpress\/ -->\n<title>Lands Design - RhinoLands<\/title>\n<meta name=\"robots\" content=\"index, follow, max-snippet:-1, max-image-preview:large, max-video-preview:-1\" \/>\n<link rel=\"canonical\" href=\"https:\/\/rhinolands.com\/de\/lands-design\/\" \/>\n<meta property=\"og:locale\" content=\"de_DE\" \/>\n<meta property=\"og:type\" content=\"article\" \/>\n<meta property=\"og:title\" content=\"Lands Design - RhinoLands\" \/>\n<meta property=\"og:description\" content=\"Lands Designist jetzt in 2 Formen erh\u00e4ltlich:Eigenst\u00e4ndige RhinoLands-L\u00f6sungEs handelt sich um eine KOMPLETTE Softwarel\u00f6sung. Sie m\u00fcssen KEIN ANDERES Programm installieren, um RhinoLands nutzen zu k\u00f6nnen.Es beinhaltet die Leistung von Rhino 3D + alle Landschaftsbauwerkzeuge und BIM-Funktionen von Lands Design mit einer LEICHTEN Installation.Lands Design als Plug-inEs kann als Plug-in arbeiten, wenn Sie bereits AutoCAD oder [&hellip;]\" \/>\n<meta property=\"og:url\" content=\"https:\/\/rhinolands.com\/de\/lands-design\/\" \/>\n<meta property=\"og:site_name\" content=\"RhinoLands\" \/>\n<meta property=\"article:modified_time\" content=\"2025-12-10T08:37:28+00:00\" \/>\n<meta name=\"twitter:card\" content=\"summary_large_image\" \/>\n<meta name=\"twitter:label1\" content=\"Gesch\u00e4tzte Lesezeit\" \/>\n\t<meta name=\"twitter:data1\" content=\"3\u00a0Minuten\" \/>\n<script type=\"application\/ld+json\" class=\"yoast-schema-graph\">{\"@context\":\"https:\\\/\\\/schema.org\",\"@graph\":[{\"@type\":\"WebPage\",\"@id\":\"https:\\\/\\\/rhinolands.com\\\/de\\\/lands-design\\\/\",\"url\":\"https:\\\/\\\/rhinolands.com\\\/de\\\/lands-design\\\/\",\"name\":\"Lands Design - RhinoLands\",\"isPartOf\":{\"@id\":\"https:\\\/\\\/rhinolands.com\\\/de\\\/#website\"},\"datePublished\":\"2024-04-02T11:16:06+00:00\",\"dateModified\":\"2025-12-10T08:37:28+00:00\",\"breadcrumb\":{\"@id\":\"https:\\\/\\\/rhinolands.com\\\/de\\\/lands-design\\\/#breadcrumb\"},\"inLanguage\":\"de\",\"potentialAction\":[{\"@type\":\"ReadAction\",\"target\":[\"https:\\\/\\\/rhinolands.com\\\/de\\\/lands-design\\\/\"]}]},{\"@type\":\"BreadcrumbList\",\"@id\":\"https:\\\/\\\/rhinolands.com\\\/de\\\/lands-design\\\/#breadcrumb\",\"itemListElement\":[{\"@type\":\"ListItem\",\"position\":1,\"name\":\"Home\",\"item\":\"https:\\\/\\\/rhinolands.com\\\/de\\\/\"},{\"@type\":\"ListItem\",\"position\":2,\"name\":\"Lands Design\"}]},{\"@type\":\"WebSite\",\"@id\":\"https:\\\/\\\/rhinolands.com\\\/de\\\/#website\",\"url\":\"https:\\\/\\\/rhinolands.com\\\/de\\\/\",\"name\":\"RhinoLands\",\"description\":\"BIM landscape software\",\"publisher\":{\"@id\":\"https:\\\/\\\/rhinolands.com\\\/de\\\/#organization\"},\"potentialAction\":[{\"@type\":\"SearchAction\",\"target\":{\"@type\":\"EntryPoint\",\"urlTemplate\":\"https:\\\/\\\/rhinolands.com\\\/de\\\/?s={search_term_string}\"},\"query-input\":{\"@type\":\"PropertyValueSpecification\",\"valueRequired\":true,\"valueName\":\"search_term_string\"}}],\"inLanguage\":\"de\"},{\"@type\":\"Organization\",\"@id\":\"https:\\\/\\\/rhinolands.com\\\/de\\\/#organization\",\"name\":\"Asuni Soft\",\"url\":\"https:\\\/\\\/rhinolands.com\\\/de\\\/\",\"logo\":{\"@type\":\"ImageObject\",\"inLanguage\":\"de\",\"@id\":\"https:\\\/\\\/rhinolands.com\\\/de\\\/#\\\/schema\\\/logo\\\/image\\\/\",\"url\":\"https:\\\/\\\/rhinolands.com\\\/wp-content\\\/uploads\\\/2020\\\/02\\\/AsuniLogoFinal-01.png\",\"contentUrl\":\"https:\\\/\\\/rhinolands.com\\\/wp-content\\\/uploads\\\/2020\\\/02\\\/AsuniLogoFinal-01.png\",\"width\":151,\"height\":46,\"caption\":\"Asuni Soft\"},\"image\":{\"@id\":\"https:\\\/\\\/rhinolands.com\\\/de\\\/#\\\/schema\\\/logo\\\/image\\\/\"}}]}<\/script>\n<!-- \/ Yoast SEO plugin. -->","yoast_head_json":{"title":"Lands Design - RhinoLands","robots":{"index":"index","follow":"follow","max-snippet":"max-snippet:-1","max-image-preview":"max-image-preview:large","max-video-preview":"max-video-preview:-1"},"canonical":"https:\/\/rhinolands.com\/de\/lands-design\/","og_locale":"de_DE","og_type":"article","og_title":"Lands Design - RhinoLands","og_description":"Lands Designist jetzt in 2 Formen erh\u00e4ltlich:Eigenst\u00e4ndige RhinoLands-L\u00f6sungEs handelt sich um eine KOMPLETTE Softwarel\u00f6sung. Sie m\u00fcssen KEIN ANDERES Programm installieren, um RhinoLands nutzen zu k\u00f6nnen.Es beinhaltet die Leistung von Rhino 3D + alle Landschaftsbauwerkzeuge und BIM-Funktionen von Lands Design mit einer LEICHTEN Installation.Lands Design als Plug-inEs kann als Plug-in arbeiten, wenn Sie bereits AutoCAD oder [&hellip;]","og_url":"https:\/\/rhinolands.com\/de\/lands-design\/","og_site_name":"RhinoLands","article_modified_time":"2025-12-10T08:37:28+00:00","twitter_card":"summary_large_image","twitter_misc":{"Gesch\u00e4tzte Lesezeit":"3\u00a0Minuten"},"schema":{"@context":"https:\/\/schema.org","@graph":[{"@type":"WebPage","@id":"https:\/\/rhinolands.com\/de\/lands-design\/","url":"https:\/\/rhinolands.com\/de\/lands-design\/","name":"Lands Design - RhinoLands","isPartOf":{"@id":"https:\/\/rhinolands.com\/de\/#website"},"datePublished":"2024-04-02T11:16:06+00:00","dateModified":"2025-12-10T08:37:28+00:00","breadcrumb":{"@id":"https:\/\/rhinolands.com\/de\/lands-design\/#breadcrumb"},"inLanguage":"de","potentialAction":[{"@type":"ReadAction","target":["https:\/\/rhinolands.com\/de\/lands-design\/"]}]},{"@type":"BreadcrumbList","@id":"https:\/\/rhinolands.com\/de\/lands-design\/#breadcrumb","itemListElement":[{"@type":"ListItem","position":1,"name":"Home","item":"https:\/\/rhinolands.com\/de\/"},{"@type":"ListItem","position":2,"name":"Lands Design"}]},{"@type":"WebSite","@id":"https:\/\/rhinolands.com\/de\/#website","url":"https:\/\/rhinolands.com\/de\/","name":"RhinoLands","description":"BIM landscape software","publisher":{"@id":"https:\/\/rhinolands.com\/de\/#organization"},"potentialAction":[{"@type":"SearchAction","target":{"@type":"EntryPoint","urlTemplate":"https:\/\/rhinolands.com\/de\/?s={search_term_string}"},"query-input":{"@type":"PropertyValueSpecification","valueRequired":true,"valueName":"search_term_string"}}],"inLanguage":"de"},{"@type":"Organization","@id":"https:\/\/rhinolands.com\/de\/#organization","name":"Asuni Soft","url":"https:\/\/rhinolands.com\/de\/","logo":{"@type":"ImageObject","inLanguage":"de","@id":"https:\/\/rhinolands.com\/de\/#\/schema\/logo\/image\/","url":"https:\/\/rhinolands.com\/wp-content\/uploads\/2020\/02\/AsuniLogoFinal-01.png","contentUrl":"https:\/\/rhinolands.com\/wp-content\/uploads\/2020\/02\/AsuniLogoFinal-01.png","width":151,"height":46,"caption":"Asuni Soft"},"image":{"@id":"https:\/\/rhinolands.com\/de\/#\/schema\/logo\/image\/"}}]}},"_links":{"self":[{"href":"https:\/\/rhinolands.com\/de\/wp-json\/wp\/v2\/pages\/79506","targetHints":{"allow":["GET"]}}],"collection":[{"href":"https:\/\/rhinolands.com\/de\/wp-json\/wp\/v2\/pages"}],"about":[{"href":"https:\/\/rhinolands.com\/de\/wp-json\/wp\/v2\/types\/page"}],"author":[{"embeddable":true,"href":"https:\/\/rhinolands.com\/de\/wp-json\/wp\/v2\/users\/1"}],"replies":[{"embeddable":true,"href":"https:\/\/rhinolands.com\/de\/wp-json\/wp\/v2\/comments?post=79506"}],"version-history":[{"count":3,"href":"https:\/\/rhinolands.com\/de\/wp-json\/wp\/v2\/pages\/79506\/revisions"}],"predecessor-version":[{"id":86432,"href":"https:\/\/rhinolands.com\/de\/wp-json\/wp\/v2\/pages\/79506\/revisions\/86432"}],"wp:attachment":[{"href":"https:\/\/rhinolands.com\/de\/wp-json\/wp\/v2\/media?parent=79506"}],"curies":[{"name":"wp","href":"https:\/\/api.w.org\/{rel}","templated":true}]}}