{"id":83554,"date":"2024-12-13T13:40:40","date_gmt":"2024-12-13T12:40:40","guid":{"rendered":"https:\/\/rhinolands.com\/features\/neuheiten-lands-design-6-aktualisierung\/"},"modified":"2025-10-22T11:01:48","modified_gmt":"2025-10-22T09:01:48","slug":"whats-new-lands6","status":"publish","type":"page","link":"https:\/\/rhinolands.com\/de\/features\/whats-new-lands6\/","title":{"rendered":"Neuheiten Lands Design 6 Aktualisierung"},"content":{"rendered":"[et_pb_section fb_built=&#8220;1&#8243; admin_label=&#8220;section&#8220; _builder_version=&#8220;4.16&#8243; da_disable_devices=&#8220;off|off|off&#8220; global_colors_info=&#8220;{}&#8220; da_is_popup=&#8220;off&#8220; da_exit_intent=&#8220;off&#8220; da_has_close=&#8220;on&#8220; da_alt_close=&#8220;off&#8220; da_dark_close=&#8220;off&#8220; da_not_modal=&#8220;on&#8220; da_is_singular=&#8220;off&#8220; da_with_loader=&#8220;off&#8220; da_has_shadow=&#8220;on&#8220;][et_pb_row admin_label=&#8220;Reihe&#8220; _builder_version=&#8220;4.16&#8243; background_size=&#8220;initial&#8220; background_position=&#8220;top_left&#8220; background_repeat=&#8220;repeat&#8220; global_colors_info=&#8220;{}&#8220;][et_pb_column type=&#8220;4_4&#8243; _builder_version=&#8220;4.16&#8243; custom_padding=&#8220;|||&#8220; global_colors_info=&#8220;{}&#8220; custom_padding__hover=&#8220;|||&#8220;][et_pb_text admin_label=&#8220;Text&#8220; _builder_version=&#8220;4.27.4&#8243; background_size=&#8220;initial&#8220; background_position=&#8220;top_left&#8220; background_repeat=&#8220;repeat&#8220; custom_margin=&#8220;||0px||false|false&#8220; custom_padding=&#8220;||0px||false|false&#8220; hover_enabled=&#8220;0&#8243; global_colors_info=&#8220;{}&#8220; sticky_enabled=&#8220;0&#8243;]<h1>Neu in Lands Design<\/h1><ul><\/ul>[\/et_pb_text][et_pb_text admin_label=&#8220;Text&#8220; _builder_version=&#8220;4.27.4&#8243; background_size=&#8220;initial&#8220; background_position=&#8220;top_left&#8220; background_repeat=&#8220;repeat&#8220; hover_enabled=&#8220;0&#8243; global_colors_info=&#8220;{}&#8220; locked=&#8220;off&#8220; sticky_enabled=&#8220;0&#8243;]<h2 id=\"5.8\">Lands Design 6.4 (September 2025)<\/h2><ul><li><b>Pflanzenliste<\/b><ul><li><span style=\"font-weight: 400;\">Str\u00e4ucher, Bodendecker und Formschnitte sind jetzt mit einem Symbol aufgef\u00fchrt, das ihrem Aussehen in der Zeichnung n\u00e4her kommt.<\/span><\/li><\/ul><\/li><li><b>3D-Anzeige Pflanze<\/b><ul><li><span style=\"font-weight: 400;\">Das m\u00f6gliche Vorhandensein von Wurzeln wird nun bei der Anpassung des Pflanzenma\u00dfstabs ber\u00fccksichtigt, um die gew\u00fcnschte H\u00f6he zu erreichen<\/span><\/li><li style=\"font-weight: 400;\" aria-level=\"1\"><span style=\"font-weight: 400;\">Die Laubfarbe hat jetzt eine gewisse Transparenz<\/span><span style=\"font-weight: 400;\"><\/span><\/li><\/ul><\/li><li><b>Ausf\u00fchrung<\/b><ul><li><span style=\"font-weight: 400;\">Das Gel\u00e4nde wird jetzt nur noch einmal ausgewertet, wenn Kontextmen\u00fc-Befehle f\u00fcr mehrere Terrain-Eingabedaten-Objekte aufgerufen werden (z.B. alle Teilungen auf einmal vom Wurzelknoten der Teilungen aus deaktivieren)<\/span><\/li><\/ul><\/li><li><strong>Fehlerbehebungen<\/strong><span style=\"font-weight: 400;\"><\/span><ul><li style=\"font-weight: 400;\" aria-level=\"1\"><span style=\"font-weight: 400;\">Das Pflanzenfoto wurde in einigen F\u00e4llen beim \u00c4ndern des Bildes nicht aktualisiert<\/span><\/li><li style=\"font-weight: 400;\" aria-level=\"1\"><span style=\"font-weight: 400;\">W\u00e4nde entlang einer Polylinien-Pfadkurve wurden nicht korrekt an das Gel\u00e4nde angepasst<\/span><\/li><li style=\"font-weight: 400;\" aria-level=\"1\"><span style=\"font-weight: 400;\">Objekte, die sich auf dem Gel\u00e4nde befinden, wurden bei Ver\u00e4nderung des Hardscape-Gel\u00e4ndes nicht automatisch aktualisiert (z. B. Rampen).<\/span><\/li><li style=\"font-weight: 400;\" aria-level=\"1\"><span style=\"font-weight: 400;\">Das Erstellen eines Bodendeckers aus einem Kreis konnte Rhino zum Absturz bringen<\/span><\/li><li style=\"font-weight: 400;\" aria-level=\"1\"><span style=\"font-weight: 400;\">Unbehebbarer Fehler beim Versuch, die Farbe von Zonen mit einer anderen Ausgangsfarbe zu \u00e4ndern<\/span><\/li><li style=\"font-weight: 400;\" aria-level=\"1\"><span style=\"font-weight: 400;\">Unbehebbarer Fehler beim L\u00f6schen von Bl\u00f6cken, die aus der Bibliothek eingef\u00fcgt wurden<\/span><\/li><li style=\"font-weight: 400;\" aria-level=\"1\"><span style=\"font-weight: 400;\">Bei der Berechnung des Gel\u00e4ndesockels in AutoCAD erschien ein falsches Dreieck am Ursprung.<\/span><\/li><li style=\"font-weight: 400;\" aria-level=\"1\"><span style=\"font-weight: 400;\">Aktuelle Dateien, die mit Nicht-ASCII-Zeichen benannt wurden, wurden im Dateimen\u00fc von RhinoLands Ribbon nicht angezeigt<\/span><\/li><\/ul><\/li><li><b>Anmerkungen<\/b><ul><li style=\"font-weight: 400;\" aria-level=\"2\"><span style=\"font-weight: 400;\">Unterst\u00fctzte Rhino-Versionen<\/span><ul><li style=\"font-weight: 400;\" aria-level=\"3\"><span style=\"font-weight: 400;\">Rhino 8 SR23 oder neuer, und<\/span><\/li><li style=\"font-weight: 400;\" aria-level=\"3\"><span style=\"font-weight: 400;\">Rhino 7 SR33 oder neuer<\/span><span style=\"font-weight: 400;\"><\/span><\/li><\/ul><\/li><li style=\"font-weight: 400;\" aria-level=\"2\"><span style=\"font-weight: 400;\">Unterst\u00fctzte AutoCAD-Versionen<\/span><br \/><ul><li style=\"font-weight: 400;\" aria-level=\"3\"><span style=\"font-weight: 400;\">AutoCAD 2026, 2025, 2024, 2023, 2022 und 2021<\/span><\/li><\/ul><\/li><\/ul><\/li><\/ul><ul><\/ul>[\/et_pb_text][et_pb_text admin_label=&#8220;Text&#8220; _builder_version=&#8220;4.27.4&#8243; background_size=&#8220;initial&#8220; background_position=&#8220;top_left&#8220; background_repeat=&#8220;repeat&#8220; global_colors_info=&#8220;{}&#8220;]<h2 id=\"5.8\">Lands Design 6.3 (Mai 2025)<\/h2><ul><li><strong>RhinoLands-Benutzeroberfl\u00e4che<\/strong><ul><li>Standardpanels, die sich nicht \u00f6ffnen oder nicht wie vorgesehen in Rhino 8 andocken lassen, wurden behoben\n<ul><li>Beim ersten Lauf<strong><br \/><\/strong><\/li><li>Wenn der Benutzer auf &#8222;Fensterlayout zur\u00fccksetzen&#8220; klickt<\/li><\/ul><\/li><\/ul><\/li><li><strong>Windows<\/strong><br \/><ul><li>Leichte Verbesserungen des Erscheinungsbildes unter Windows 11<br \/>Ein Fehler, der das Laden von Lands unter N-Versionen von Windows 11\/10 verhinderte, wurde behoben<\/li><\/ul><\/li><li><strong>TwinMotion<\/strong><ul><li>Sehr detaillierte Pflanzen k\u00f6nnen nun generiert werden, wenn der Benutzer auf die Schaltfl\u00e4che Synchronize in den letzten TwinMotion-Versionen klickt<\/li><\/ul><\/li><li><strong>Pflanzenbibliothek<\/strong><ul><li>17 neue realistische Pflanzendateien als Ersatz f\u00fcr alte Versionen mit erheblichen Verbesserungen<\/li><\/ul><\/li><li><strong>Fehlerbehebungen<\/strong><span style=\"font-weight: 400;\"><\/span><ul><li style=\"font-weight: 400;\" aria-level=\"2\">Gel\u00e4ndepfad wurde nicht richtig modelliert, wenn die Dokumenteinheiten sehr klein waren (mm)<\/li><li style=\"font-weight: 400;\" aria-level=\"2\">Animationen funktionierten nicht, wenn der Kamerapfad eine Polykurve war<\/li><li style=\"font-weight: 400;\" aria-level=\"2\">Kleinere Fehlerkorrekturen im Rampe-Objekt<\/li><\/ul><\/li><li><b>Anmerkungen<\/b><ul><li style=\"font-weight: 400;\" aria-level=\"2\"><span style=\"font-weight: 400;\">Unterst\u00fctzte Rhino-Versionen<\/span><ul><li style=\"font-weight: 400;\" aria-level=\"3\"><span style=\"font-weight: 400;\">Rhino 8 SR18 oder neuer, und<\/span><\/li><li style=\"font-weight: 400;\" aria-level=\"3\"><span style=\"font-weight: 400;\">Rhino 7 SR33 oder neuer<\/span><span style=\"font-weight: 400;\"><\/span><\/li><\/ul><\/li><li style=\"font-weight: 400;\" aria-level=\"2\"><span style=\"font-weight: 400;\">Unterst\u00fctzte AutoCAD-Versionen<br \/><\/span><ul><li style=\"font-weight: 400;\" aria-level=\"3\"><span style=\"font-weight: 400;\">AutoCAD 2026, 2025, 2024, 2023, 2022 und 2021<\/span><span style=\"font-weight: 400;\"><\/span><\/li><\/ul><\/li><\/ul><\/li><\/ul><ul><\/ul>[\/et_pb_text][et_pb_text admin_label=&#8220;Text&#8220; _builder_version=&#8220;4.27.4&#8243; background_size=&#8220;initial&#8220; background_position=&#8220;top_left&#8220; background_repeat=&#8220;repeat&#8220; global_colors_info=&#8220;{}&#8220;]<h2 id=\"5.8\">Lands Design 6.2 (Dezember 2024)<\/h2><ul><li><strong>Gel\u00e4ndeobjekt<\/strong><ul><li>Pfad\n<ul><li>Verbesserte Neigungskontrolle anhand mehrerer Methoden:\n<ul><li>Kurvenh\u00f6he<\/li><li>Gel\u00e4ndeerhebung<\/li><li>Start-Ende-Kurvenh\u00f6he<\/li><li>Start-Ende-Gel\u00e4ndeerhebung<\/li><li>Konstante Gradiente<\/li><li>Gradiente pro Segment<\/li><\/ul><\/li><li>Neue Option zur Bestimmung einer maximalen Gradiente<\/li><li>Option zur Ausrichtung wurde f\u00fcr verbesserte Ausrichtung hinzugef\u00fcgt<\/li><\/ul><\/li><li>Erdbewegung<br \/><ul><li>Sie k\u00f6nnen jetzt f\u00fcr jeden Vorgang jederzeit zwischen den Modi Nur Abtrag, Nur Auftrag oder Abtrag und Auftrag wechseln.<\/li><li>Winkel f\u00fcr Abtrag und Auftrag k\u00f6nnen jetzt getrennt definiert werden<\/li><li>Winkel k\u00f6nnen in Grad, als Prozentsatz oder unter Verwendung eines Steigungswerts \u00fcber den Lauf hinweg definiert werden<\/li><li>Eine Option um den Umfang der Abtrag- und Auftragvorg\u00e4nge zu begrenzen<\/li><\/ul><\/li><li>H\u00f6hendaten<br \/><ul><li>Muster-Optionen f\u00fcr eine genauere Steuerung der Umwandlung Kurve-zu-Punkt f\u00fcr die Triangulation wurde hinzugef\u00fcgt:<br \/><ul><li>Maximalen Muster-Intervall bestimmen<\/li><li>Maximale Abweichung bestimmen<\/li><\/ul><\/li><li>M\u00f6glichkeit zum Extrahieren des resultierenden Triangulationsnetzes wurde hinzugef\u00fcgt<\/li><\/ul><\/li><li>Verbesserte Bearbeitung der Eingabedaten<br \/><ul><li>Eingabedaten-Objekte sind jetzt \u00fcber den Auswahlbaum des Bearbeitungspanels als untergeordnete Elemente des Gel\u00e4ndeobjekts abrufbar, jedes mit seinen eigenen Eigenschaften-Reitern<\/li><li>Der Reiter Eingabedaten wurde vom Gel\u00e4ndeobjekt entfernt<\/li><li>Sie k\u00f6nnen jetzt Namen an alle Arten von Eingabedaten (H\u00f6hendaten, Erdbewegungen, Begrenzungen, Teilungen usw.) zuweisen<\/li><li>Eine Option zur vor\u00fcbergehenden Deaktivierung jeglicher Eingabedaten f\u00fcr den sp\u00e4teren Gebrauch wurde hinzugef\u00fcgt<\/li><li>M\u00f6glichkeit zum Extrahieren der Kurve aus allen einzelnen Eingabedaten wurde hinzugef\u00fcgt<\/li><\/ul><\/li><li>Basisquader<br \/><ul><li>Neue Option zum Anzeigen\/Ausblenden der unteren Deckfl\u00e4che<\/li><\/ul><\/li><\/ul><\/li><li><strong>Earth-Importierer<\/strong><ul><li>Stra\u00dfen werden jetzt automatisch verbunden und getrimmt<\/li><\/ul><\/li><li><strong>Animation<\/strong><ul><li>Animationen werden jetzt als mit H264 Standard kodierte MP4-Dateien gespeichert<\/li><\/ul><\/li><li><strong>IFC-Unterst\u00fctzung<\/strong><ul><li>Unterst\u00fctzung f\u00fcr IFC 4 wurde hinzugef\u00fcgt<\/li><\/ul><\/li><li><strong>Weitere Verbesserungen<\/strong><ul><li>Es ist jetzt m\u00f6glich, H\u00f6hendaten zu einem aus Earth- oder DEM-Dateien importierten Gel\u00e4nde hinzuzuf\u00fcgen<\/li><li>Rampen- und Pfadobjekte werden bei Erh\u00f6hung auf das Gel\u00e4nde jetzt ber\u00fccksichtigt<\/li><li>Sie k\u00f6nnen jetzt die Namen der als Gel\u00e4nde oder Pflanze etikettierten Objekte bearbeiten<\/li><li>Lands erinnert sich beim Einf\u00fcgen mehrerer Etiketten jetzt an die Pflanzenetikett-Eigenschaften<\/li><li>Bruchlinien k\u00f6nnen jetzt in die Felder der Pflanzendatenbank eingef\u00fcgt werden<\/li><li>Die Einheiten in der Gel\u00e4ndeliste werden jetzt bei \u00c4nderung der Modelleinheiten aktualisiert<\/li><\/ul><\/li><li><strong>Fehlerbereinigungen<\/strong><ul><li>Das Neigungsobjekt zeigte eher den Steigungswert \u00fcber die L\u00e4nge in Prozent an als den Steigungswert \u00fcber den Lauf<\/li><li>Die Anzeige f\u00fcr Busch, Bodendecker und Formschnitt in 2D f\u00fcllte nicht immer die Schraffierung aus<\/li><li>Die Standard-Initialen f\u00fcr Pflanzenarten schlossen das &#8220; x &#8220; als Teil des wissenschaftlichen Namen der Hybridart mit ein<\/li><li>Das Niveaumarkierung-Objekt zeigte zwei Negativ-Zeichen f\u00fcr negative Niveauwerte an<\/li><li>Superschraffierung-Objekt funktionierte nicht richtig<\/li><li>In einigen F\u00e4llen konnte bei Verwendung der RhinoLands-Benutzeroberfl\u00e4che die Seitenleiste nicht angezeigt werden<\/li><\/ul><\/li><li><strong>Anmerkungen<\/strong><ul><li><strong><\/strong>Unterst\u00fctzte Rhino-Versionen\n<ul><li>Rhino 8 SR11 oder neuer, und<\/li><li>Rhino 7 SR33 oder neuer<\/li><\/ul><\/li><li>Unterst\u00fctzte AutoCAD-Versionen\n<ul><li>AutoCAD 2025, 2024, 2023, 2022 und 2021\n<p>\u00a0<\/p><\/li><\/ul><\/li><\/ul><\/li><\/ul><ul><\/ul>[\/et_pb_text][et_pb_text admin_label=&#8220;Text&#8220; _builder_version=&#8220;4.27.4&#8243; background_size=&#8220;initial&#8220; background_position=&#8220;top_left&#8220; background_repeat=&#8220;repeat&#8220; global_colors_info=&#8220;{}&#8220;]<h2 id=\"5.8\">Lands Design 6.1 (Juli 2024)<\/h2><ul><li><strong>Lands Design 6 f\u00fcr AutoCAD<\/strong><\/li><li><strong>Verbesserungen<\/strong><ul><li><span style=\"font-weight: 400;\">Die Bl\u00fctenfarbe von Arten wird beim Zuweisen der standardm\u00e4\u00dfigen Kronendatei ber\u00fccksichtigt<\/span><\/li><li><span style=\"font-weight: 400;\">Die KEbene-Ausrichtung wird beim Einf\u00fcgen von Lands-Objekten (Listen, Etiketten, Pflanzenfotos\u2026) ber\u00fccksichtigt<\/span><\/li><li><span style=\"font-weight: 400;\">Bessere Hervorhebung im Ansichtsfenster der im Eigenschaftenreiter der <\/span><i><span style=\"font-weight: 400;\">Eingabedaten<\/span><\/i><span style=\"font-weight: 400;\"> des Gel\u00e4ndes ausgew\u00e4hlten Kurven<\/span><\/li><li><span style=\"font-weight: 400;\">Benutzeroberfl\u00e4che<\/span><ul><li><span style=\"font-weight: 400;\">Neue Schaltfl\u00e4chen im Reiter <\/span><i><span style=\"font-weight: 400;\">Visualisierung<\/span><\/i><span style=\"font-weight: 400;\"> in RhinoLands, um die Ansicht zur KEbene auszurichten<\/span><\/li><li><span style=\"font-weight: 400;\">Neue Schaltfl\u00e4chen in der RhinoLands-Seitenleiste zum Hinzufpgen\/Entfernen von Kontrollpunkten<\/span><\/li><li><span style=\"font-weight: 400;\">2D-\/3D-Schaltfl\u00e4chen wurden der Werkzeugleiste in Lands Design 6 hinzugef\u00fcgt<\/span><\/li><\/ul><\/li><li style=\"font-weight: 400;\" aria-level=\"2\"><span style=\"font-weight: 400;\">Neues Desktop-Symbol <\/span><i><span style=\"font-weight: 400;\">Lands Design 6<\/span><\/i><span style=\"font-weight: 400;\"> um es als Plug-in in AutoCAD oder Rhino zu starten, zuz\u00fcglich zum <\/span><i><span style=\"font-weight: 400;\">RhinoLands<\/span><\/i><span style=\"font-weight: 400;\">-Desktopsymbol zur Verwendung der RhinoLands-Benutzeroberfl\u00e4che<\/span><\/li><\/ul><\/li><li><strong>Fehlerbehebungen<\/strong><span style=\"font-weight: 400;\"><\/span><ul><li style=\"font-weight: 400;\" aria-level=\"2\"><span style=\"font-weight: 400;\">IFC-Import\/-Export funktionierte nicht in Rhino 8<\/span><\/li><li style=\"font-weight: 400;\" aria-level=\"2\"><span style=\"font-weight: 400;\">Grasshoppers Bake-Funktion funktionierte nicht mit Lands-Objekten<\/span><\/li><li style=\"font-weight: 400;\" aria-level=\"2\"><span style=\"font-weight: 400;\">Japanische \u00dcbersetzung des RhinoLands-Bandmen\u00fcs wurde nicht richtig geladen<\/span><\/li><li style=\"font-weight: 400;\" aria-level=\"2\"><span style=\"font-weight: 400;\">Der Befehl laBereitstellen funktionierte nicht richtig<\/span><\/li><li style=\"font-weight: 400;\" aria-level=\"2\"><span style=\"font-weight: 400;\">Die standardm\u00e4\u00dfigen Farben der Gel\u00e4ndekonturlinie waren nicht richtig definiert<\/span><\/li><li style=\"font-weight: 400;\" aria-level=\"2\"><span style=\"font-weight: 400;\">Mehrere Fehler im Niveaumarkierung-Objekt<br \/><\/span><\/li><\/ul><\/li><li><b>Anmerkungen<\/b><ul><li style=\"font-weight: 400;\" aria-level=\"2\"><span style=\"font-weight: 400;\">Unterst\u00fctzte Rhino-Versionen<\/span><ul><li style=\"font-weight: 400;\" aria-level=\"3\"><span style=\"font-weight: 400;\">Rhino 8 SR7 oder neuer, und<\/span><\/li><li style=\"font-weight: 400;\" aria-level=\"3\"><span style=\"font-weight: 400;\">Rhino 7 SR33 oder neuer<\/span><span style=\"font-weight: 400;\"><\/span><\/li><\/ul><\/li><li style=\"font-weight: 400;\" aria-level=\"2\"><span style=\"font-weight: 400;\">Unterst\u00fctzte AutoCAD-Versionen<br \/><\/span><ul><li style=\"font-weight: 400;\" aria-level=\"3\"><span style=\"font-weight: 400;\">AutoCAD 2025, 2024, 2023, 2022 und 2021<\/span><span style=\"font-weight: 400;\"><\/span><\/li><\/ul><\/li><\/ul><\/li><\/ul><ul><\/ul>[\/et_pb_text][\/et_pb_column][\/et_pb_row][\/et_pb_section]","protected":false},"excerpt":{"rendered":"<p>Neu in Lands DesignLands Design 6.4 (September 2025)PflanzenlisteStr\u00e4ucher, Bodendecker und Formschnitte sind jetzt mit einem Symbol aufgef\u00fchrt, das ihrem Aussehen in der Zeichnung n\u00e4her kommt.3D-Anzeige PflanzeDas m\u00f6gliche Vorhandensein von Wurzeln wird nun bei der Anpassung des Pflanzenma\u00dfstabs ber\u00fccksichtigt, um die gew\u00fcnschte H\u00f6he zu erreichenDie Laubfarbe hat jetzt eine gewisse TransparenzAusf\u00fchrungDas Gel\u00e4nde wird jetzt nur noch [&hellip;]<\/p>\n","protected":false},"author":1,"featured_media":0,"parent":62231,"menu_order":0,"comment_status":"closed","ping_status":"closed","template":"","meta":{"_et_pb_use_builder":"on","_et_pb_old_content":"","_et_gb_content_width":"","footnotes":""},"class_list":["post-83554","page","type-page","status-publish","hentry"],"yoast_head":"<!-- This site is optimized with the Yoast SEO plugin v27.3 - https:\/\/yoast.com\/product\/yoast-seo-wordpress\/ -->\n<title>Neuheiten Lands Design 6 Aktualisierung - RhinoLands<\/title>\n<meta name=\"robots\" content=\"index, follow, max-snippet:-1, max-image-preview:large, max-video-preview:-1\" \/>\n<link rel=\"canonical\" href=\"https:\/\/rhinolands.com\/de\/features\/whats-new-lands6\/\" \/>\n<meta property=\"og:locale\" content=\"de_DE\" \/>\n<meta property=\"og:type\" content=\"article\" \/>\n<meta property=\"og:title\" content=\"Neuheiten Lands Design 6 Aktualisierung - RhinoLands\" \/>\n<meta property=\"og:description\" content=\"Neu in Lands DesignLands Design 6.4 (September 2025)PflanzenlisteStr\u00e4ucher, Bodendecker und Formschnitte sind jetzt mit einem Symbol aufgef\u00fchrt, das ihrem Aussehen in der Zeichnung n\u00e4her kommt.3D-Anzeige PflanzeDas m\u00f6gliche Vorhandensein von Wurzeln wird nun bei der Anpassung des Pflanzenma\u00dfstabs ber\u00fccksichtigt, um die gew\u00fcnschte H\u00f6he zu erreichenDie Laubfarbe hat jetzt eine gewisse TransparenzAusf\u00fchrungDas Gel\u00e4nde wird jetzt nur noch [&hellip;]\" \/>\n<meta property=\"og:url\" content=\"https:\/\/rhinolands.com\/de\/features\/whats-new-lands6\/\" \/>\n<meta property=\"og:site_name\" content=\"RhinoLands\" \/>\n<meta property=\"article:modified_time\" content=\"2025-10-22T09:01:48+00:00\" \/>\n<meta name=\"twitter:card\" content=\"summary_large_image\" \/>\n<meta name=\"twitter:label1\" content=\"Gesch\u00e4tzte Lesezeit\" \/>\n\t<meta name=\"twitter:data1\" content=\"6\u00a0Minuten\" \/>\n<script type=\"application\/ld+json\" class=\"yoast-schema-graph\">{\"@context\":\"https:\\\/\\\/schema.org\",\"@graph\":[{\"@type\":\"WebPage\",\"@id\":\"https:\\\/\\\/rhinolands.com\\\/de\\\/features\\\/whats-new-lands6\\\/\",\"url\":\"https:\\\/\\\/rhinolands.com\\\/de\\\/features\\\/whats-new-lands6\\\/\",\"name\":\"Neuheiten Lands Design 6 Aktualisierung - RhinoLands\",\"isPartOf\":{\"@id\":\"https:\\\/\\\/rhinolands.com\\\/de\\\/#website\"},\"datePublished\":\"2024-12-13T12:40:40+00:00\",\"dateModified\":\"2025-10-22T09:01:48+00:00\",\"breadcrumb\":{\"@id\":\"https:\\\/\\\/rhinolands.com\\\/de\\\/features\\\/whats-new-lands6\\\/#breadcrumb\"},\"inLanguage\":\"de\",\"potentialAction\":[{\"@type\":\"ReadAction\",\"target\":[\"https:\\\/\\\/rhinolands.com\\\/de\\\/features\\\/whats-new-lands6\\\/\"]}]},{\"@type\":\"BreadcrumbList\",\"@id\":\"https:\\\/\\\/rhinolands.com\\\/de\\\/features\\\/whats-new-lands6\\\/#breadcrumb\",\"itemListElement\":[{\"@type\":\"ListItem\",\"position\":1,\"name\":\"Home\",\"item\":\"https:\\\/\\\/rhinolands.com\\\/de\\\/\"},{\"@type\":\"ListItem\",\"position\":2,\"name\":\"Eigenschaften\",\"item\":\"https:\\\/\\\/rhinolands.com\\\/de\\\/features\\\/\"},{\"@type\":\"ListItem\",\"position\":3,\"name\":\"Neuheiten Lands Design 6 Aktualisierung\"}]},{\"@type\":\"WebSite\",\"@id\":\"https:\\\/\\\/rhinolands.com\\\/de\\\/#website\",\"url\":\"https:\\\/\\\/rhinolands.com\\\/de\\\/\",\"name\":\"RhinoLands\",\"description\":\"BIM landscape software\",\"publisher\":{\"@id\":\"https:\\\/\\\/rhinolands.com\\\/de\\\/#organization\"},\"potentialAction\":[{\"@type\":\"SearchAction\",\"target\":{\"@type\":\"EntryPoint\",\"urlTemplate\":\"https:\\\/\\\/rhinolands.com\\\/de\\\/?s={search_term_string}\"},\"query-input\":{\"@type\":\"PropertyValueSpecification\",\"valueRequired\":true,\"valueName\":\"search_term_string\"}}],\"inLanguage\":\"de\"},{\"@type\":\"Organization\",\"@id\":\"https:\\\/\\\/rhinolands.com\\\/de\\\/#organization\",\"name\":\"Asuni Soft\",\"url\":\"https:\\\/\\\/rhinolands.com\\\/de\\\/\",\"logo\":{\"@type\":\"ImageObject\",\"inLanguage\":\"de\",\"@id\":\"https:\\\/\\\/rhinolands.com\\\/de\\\/#\\\/schema\\\/logo\\\/image\\\/\",\"url\":\"https:\\\/\\\/rhinolands.com\\\/wp-content\\\/uploads\\\/2020\\\/02\\\/AsuniLogoFinal-01.png\",\"contentUrl\":\"https:\\\/\\\/rhinolands.com\\\/wp-content\\\/uploads\\\/2020\\\/02\\\/AsuniLogoFinal-01.png\",\"width\":151,\"height\":46,\"caption\":\"Asuni Soft\"},\"image\":{\"@id\":\"https:\\\/\\\/rhinolands.com\\\/de\\\/#\\\/schema\\\/logo\\\/image\\\/\"}}]}<\/script>\n<!-- \/ Yoast SEO plugin. -->","yoast_head_json":{"title":"Neuheiten Lands Design 6 Aktualisierung - RhinoLands","robots":{"index":"index","follow":"follow","max-snippet":"max-snippet:-1","max-image-preview":"max-image-preview:large","max-video-preview":"max-video-preview:-1"},"canonical":"https:\/\/rhinolands.com\/de\/features\/whats-new-lands6\/","og_locale":"de_DE","og_type":"article","og_title":"Neuheiten Lands Design 6 Aktualisierung - RhinoLands","og_description":"Neu in Lands DesignLands Design 6.4 (September 2025)PflanzenlisteStr\u00e4ucher, Bodendecker und Formschnitte sind jetzt mit einem Symbol aufgef\u00fchrt, das ihrem Aussehen in der Zeichnung n\u00e4her kommt.3D-Anzeige PflanzeDas m\u00f6gliche Vorhandensein von Wurzeln wird nun bei der Anpassung des Pflanzenma\u00dfstabs ber\u00fccksichtigt, um die gew\u00fcnschte H\u00f6he zu erreichenDie Laubfarbe hat jetzt eine gewisse TransparenzAusf\u00fchrungDas Gel\u00e4nde wird jetzt nur noch [&hellip;]","og_url":"https:\/\/rhinolands.com\/de\/features\/whats-new-lands6\/","og_site_name":"RhinoLands","article_modified_time":"2025-10-22T09:01:48+00:00","twitter_card":"summary_large_image","twitter_misc":{"Gesch\u00e4tzte Lesezeit":"6\u00a0Minuten"},"schema":{"@context":"https:\/\/schema.org","@graph":[{"@type":"WebPage","@id":"https:\/\/rhinolands.com\/de\/features\/whats-new-lands6\/","url":"https:\/\/rhinolands.com\/de\/features\/whats-new-lands6\/","name":"Neuheiten Lands Design 6 Aktualisierung - RhinoLands","isPartOf":{"@id":"https:\/\/rhinolands.com\/de\/#website"},"datePublished":"2024-12-13T12:40:40+00:00","dateModified":"2025-10-22T09:01:48+00:00","breadcrumb":{"@id":"https:\/\/rhinolands.com\/de\/features\/whats-new-lands6\/#breadcrumb"},"inLanguage":"de","potentialAction":[{"@type":"ReadAction","target":["https:\/\/rhinolands.com\/de\/features\/whats-new-lands6\/"]}]},{"@type":"BreadcrumbList","@id":"https:\/\/rhinolands.com\/de\/features\/whats-new-lands6\/#breadcrumb","itemListElement":[{"@type":"ListItem","position":1,"name":"Home","item":"https:\/\/rhinolands.com\/de\/"},{"@type":"ListItem","position":2,"name":"Eigenschaften","item":"https:\/\/rhinolands.com\/de\/features\/"},{"@type":"ListItem","position":3,"name":"Neuheiten Lands Design 6 Aktualisierung"}]},{"@type":"WebSite","@id":"https:\/\/rhinolands.com\/de\/#website","url":"https:\/\/rhinolands.com\/de\/","name":"RhinoLands","description":"BIM landscape software","publisher":{"@id":"https:\/\/rhinolands.com\/de\/#organization"},"potentialAction":[{"@type":"SearchAction","target":{"@type":"EntryPoint","urlTemplate":"https:\/\/rhinolands.com\/de\/?s={search_term_string}"},"query-input":{"@type":"PropertyValueSpecification","valueRequired":true,"valueName":"search_term_string"}}],"inLanguage":"de"},{"@type":"Organization","@id":"https:\/\/rhinolands.com\/de\/#organization","name":"Asuni Soft","url":"https:\/\/rhinolands.com\/de\/","logo":{"@type":"ImageObject","inLanguage":"de","@id":"https:\/\/rhinolands.com\/de\/#\/schema\/logo\/image\/","url":"https:\/\/rhinolands.com\/wp-content\/uploads\/2020\/02\/AsuniLogoFinal-01.png","contentUrl":"https:\/\/rhinolands.com\/wp-content\/uploads\/2020\/02\/AsuniLogoFinal-01.png","width":151,"height":46,"caption":"Asuni Soft"},"image":{"@id":"https:\/\/rhinolands.com\/de\/#\/schema\/logo\/image\/"}}]}},"_links":{"self":[{"href":"https:\/\/rhinolands.com\/de\/wp-json\/wp\/v2\/pages\/83554","targetHints":{"allow":["GET"]}}],"collection":[{"href":"https:\/\/rhinolands.com\/de\/wp-json\/wp\/v2\/pages"}],"about":[{"href":"https:\/\/rhinolands.com\/de\/wp-json\/wp\/v2\/types\/page"}],"author":[{"embeddable":true,"href":"https:\/\/rhinolands.com\/de\/wp-json\/wp\/v2\/users\/1"}],"replies":[{"embeddable":true,"href":"https:\/\/rhinolands.com\/de\/wp-json\/wp\/v2\/comments?post=83554"}],"version-history":[{"count":3,"href":"https:\/\/rhinolands.com\/de\/wp-json\/wp\/v2\/pages\/83554\/revisions"}],"predecessor-version":[{"id":85946,"href":"https:\/\/rhinolands.com\/de\/wp-json\/wp\/v2\/pages\/83554\/revisions\/85946"}],"up":[{"embeddable":true,"href":"https:\/\/rhinolands.com\/de\/wp-json\/wp\/v2\/pages\/62231"}],"wp:attachment":[{"href":"https:\/\/rhinolands.com\/de\/wp-json\/wp\/v2\/media?parent=83554"}],"curies":[{"name":"wp","href":"https:\/\/api.w.org\/{rel}","templated":true}]}}