{"id":60242,"date":"2020-02-18T16:13:27","date_gmt":"2020-02-18T16:13:27","guid":{"rendered":"https:\/\/rhinolands.com\/distribuidor\/"},"modified":"2024-04-17T13:09:15","modified_gmt":"2024-04-17T11:09:15","slug":"reseller","status":"publish","type":"page","link":"https:\/\/rhinolands.com\/es\/reseller\/","title":{"rendered":"Distribuidor"},"content":{"rendered":"[et_pb_section fb_built=\u00bb1&#8243; _builder_version=\u00bb4.16&#8243; da_disable_devices=\u00bboff|off|off\u00bb global_colors_info=\u00bb{}\u00bb da_is_popup=\u00bboff\u00bb da_exit_intent=\u00bboff\u00bb da_has_close=\u00bbon\u00bb da_alt_close=\u00bboff\u00bb da_dark_close=\u00bboff\u00bb da_not_modal=\u00bbon\u00bb da_is_singular=\u00bboff\u00bb da_with_loader=\u00bboff\u00bb da_has_shadow=\u00bbon\u00bb][et_pb_row _builder_version=\u00bb4.16&#8243; global_colors_info=\u00bb{}\u00bb][et_pb_column type=\u00bb4_4&#8243; _builder_version=\u00bb4.16&#8243; global_colors_info=\u00bb{}\u00bb][et_pb_post_title meta=\u00bboff\u00bb featured_image=\u00bboff\u00bb _builder_version=\u00bb4.16&#8243; global_colors_info=\u00bb{}\u00bb][\/et_pb_post_title][et_pb_text ul_item_indent=\u00bb8px\u00bb admin_label=\u00bbMenu\u00bb _builder_version=\u00bb4.24.3&#8243; global_colors_info=\u00bb{}\u00bb]<ul>\r\n<li><strong><a href=\"#newreseller\">Nuevos distribuidores<\/a><\/strong><\/li>\r\n<li><strong><a href=\"#rsk\">Reseller Starter Kit<\/a><\/strong><\/li>\r\n<li><a href=\"#products\"><strong>Nuestros productos<\/strong><\/a><\/li>\r\n<li><a href=\"#licensing\"><strong>Opciones de compra<\/strong><\/a><\/li>\r\n<li><a href=\"#subscription\"><strong>Proceso de venta por suscripci\u00f3n<\/strong><\/a><\/li>\r\n<li><strong><a href=\"#ordering\">Pedido y lista de precios<\/a><\/strong><\/li>\r\n<li><strong><a href=\"#discounts\">Descuentos para distribuidores<\/a><\/strong><\/li>\r\n<li><strong><a href=\"#marketing\">Marketing<\/a><\/strong><\/li>\r\n<\/ul>[\/et_pb_text][et_pb_divider _builder_version=\u00bb4.16&#8243; global_colors_info=\u00bb{}\u00bb][\/et_pb_divider][et_pb_text admin_label=\u00bbNew Resellers\u00bb module_id=\u00bbnewreseller\u00bb _builder_version=\u00bb4.16&#8243; global_colors_info=\u00bb{}\u00bb]<h2><strong>Nuevos distribuidores<\/strong><\/h2>\r\n<p>Para convertirse en distribuidor oficial de Lands Design, <\/p>\r\n<p><strong>le pedimos que:<\/strong><\/p>\r\n<ol>\r\n<li>Lea los <strong>requisitos<\/strong> para ser distribuidor:\r\n<ul>\r\n<li>Los distribuidores deben mantener actualizada la informaci\u00f3n sobre Lands Design en su sitio web.<\/li>\r\n<li>Ofrecemos una garant\u00eda de satisfacci\u00f3n del 100%. Esperamos recibir lo mismo por parte de los distribuidores.<\/li>\r\n<li>Proporcionamos soporte t\u00e9cnico ilimitado tanto para distribuidores como para usuarios finales.<\/li>\r\n<li>Los distribuidores pueden vender a usuarios finales y otros distribuidores de su pa\u00eds. (Para vender fuera de su pa\u00eds, p\u00f3ngase en contacto con Asuni CAD.)<\/li>\r\n<\/ul>\r\n<\/li>\r\n<li>Rellene este <strong><a href=\"https:\/\/rhinolands.com\/es\/reseller\/application-form\/\">formulario para distribuidores<\/a>.<\/strong><\/li>\r\n<li>Organice una reuni\u00f3n en l\u00ednea con un miembro del equipo de Asuni para ver una demostraci\u00f3n completa de Lands Design. Escriba a <a href=\"mailto:landsdesign@asuni.com\">landsdesign@asuni.com<\/a> para organizar la reuni\u00f3n.<\/li>\r\n<li>Compre un <strong>Reseller Starter Kit<\/strong> de Lands Design en el Asuni Store (recibir\u00e1 la informaci\u00f3n de inicio de sesi\u00f3n despu\u00e9s de rellenar la solicitud para distribuidores). (No es necesario si ya es distribuidor de VisualARQ)<\/li>\r\n<li>Actualice su sitio web con la informaci\u00f3n de Lands Design. Utilice el <a href=\"#marketing\">material de marketing<\/a> para este fin.\r\n<\/li>\r\n<\/ol>\r\n<p><strong>Qu\u00e9 le ofrecemos<\/strong><\/p>\r\n<ul>\r\n<li>Agregue sus datos de contacto en la <a href=\"https:\/\/rhinolands.com\/es\/sales\/\">p\u00e1gina de ventas<\/a> de nuestro sitio web para que los clientes puedan encontrarle.<\/li>\r\n<li>Soporte en eventos, boletines de noticias y otras estrategias de marketing.<\/li>\r\n<li>Relaci\u00f3n estrecha en cualquier tipo de asistencia.<\/li>\r\n<li>Licencia NFR Lab de Lands Design (incluida en el Reseller Kit).<\/li>\r\n<li>Licencia NFR Lab de <a href=\"https:\/\/www.visualarq.com\">VisualARQ<\/a>.<\/li>\r\n<\/ul>[\/et_pb_text][et_pb_divider _builder_version=\u00bb4.16&#8243; global_colors_info=\u00bb{}\u00bb][\/et_pb_divider][et_pb_text admin_label=\u00bbOrdering\u00bb module_id=\u00bbproducts\u00bb _builder_version=\u00bb4.24.3&#8243; global_colors_info=\u00bb{}\u00bb]<h2><strong>Nuestros productos<\/strong><\/h2>\r\n<p>Ofrecemos dos productos con una gama de licencias que responden a diversas necesidades, desde educativas hasta comerciales. Estos productos se dividen en dos categor\u00edas:<\/p>\r\n<ul>\r\n<li>RhinoLands: programa independiente (incluye Rhino 8)<\/li>\r\n<li>Lands Design (plugin): disponible en dos versiones, para AutoCAD y para Rhino.<\/li>\r\n<\/ul>\r\n<p><strong>\u00bfPor qu\u00e9 RhinoLands?<\/strong><br \/>Decidimos desarrollar nuestro nuevo programa, RhinoLands, como una soluci\u00f3n independiente que incluye Rhino por varias razones:<\/p>\r\n<p>Aprendizaje simplificado: los nuevos usuarios que no est\u00e1n familiarizados con Rhino suelen tener dificultades para aprender tanto Rhino como Lands Design como plugin. Este doble proceso de aprendizaje puede obstaculizar su capacidad para conocer bien Lands Design.<\/p>\r\n<p>Interfaz optimizada: Rhino incluye numerosas barras de herramientas y funciones que van m\u00e1s all\u00e1 del dise\u00f1o y modelado de paisajes. Este exceso de opciones a\u00f1ade una complejidad innecesaria a la curva de aprendizaje, que genera comentarios de los usuarios sobre la pronunciada curva de aprendizaje.<\/p>\r\n<p>Facilidad de gesti\u00f3n: la gesti\u00f3n de dos programas distintos, incluidas la instalaci\u00f3n, las actualizaciones y la compatibilidad, complica la gesti\u00f3n a nuestros usuarios. Esta complejidad merma su experiencia general de usuario y su productividad.<\/p>\r\n<p>Por este motivo, llegamos a la conclusi\u00f3n de que desarrollar una soluci\u00f3n independiente que incorporara Rhino era el enfoque m\u00e1s eficaz para satisfacer las necesidades de los usuarios y mejorar la usabilidad.<\/p>[\/et_pb_text][et_pb_divider _builder_version=\u00bb4.16&#8243; global_colors_info=\u00bb{}\u00bb][\/et_pb_divider][et_pb_text admin_label=\u00bbReseller Starter Kit\u00bb module_id=\u00bbrsk\u00bb _builder_version=\u00bb4.16&#8243; global_colors_info=\u00bb{}\u00bb]<h2><strong>Reseller Starter Kit<\/strong><\/h2>\r\n<p>El Reseller Starter Kit de Lands Design cuesta US$795 e incluye:<\/p>\r\n<ul>\r\n<li>Una versi\u00f3n <strong>NFR<\/strong> Lab de Lands Design para su propio uso.<\/li>\r\n<li>Una versi\u00f3n <strong>NFR<\/strong> Lab de VisualARQ para su propio uso.<\/li>\r\n<li>Dos versiones comerciales de Lands Design <strong>para reventa<\/strong>.<\/li>\r\n<\/ul>[\/et_pb_text][et_pb_divider _builder_version=\u00bb4.16&#8243; global_colors_info=\u00bb{}\u00bb][\/et_pb_divider][et_pb_text admin_label=\u00bbOrdering\u00bb module_id=\u00bblicensing\u00bb _builder_version=\u00bb4.24.3&#8243; global_colors_info=\u00bb{}\u00bb]<h2><strong>Opciones de compra<\/strong><\/h2>\r\n<p>Ofrecemos licencias perpetuas para todos los tipos de licencia, junto con suscripciones mensuales y anuales para licencias comerciales, adecuadas tanto para el uso temporal como a largo plazo del software.<\/p>\r\n<p><strong>Por qu\u00e9 una suscripci\u00f3n:<\/strong><br \/>Tras analizar el mercado en los \u00faltimos a\u00f1os, hemos determinado que incorporar la opci\u00f3n de suscripci\u00f3n puede incrementar nuestra base de usuarios.<\/p>\r\n<p>Hemos introducido suscripciones mensuales y anuales, destinadas a arquitectos paisajistas aut\u00f3nomos y peque\u00f1as empresas. Esta opci\u00f3n reduce costes y ofrece una mayor flexibilidad, ya que permite el uso temporal del software, la escalabilidad y el acceso a las \u00faltimas funciones sin costes adicionales.<\/p>[\/et_pb_text][et_pb_divider _builder_version=\u00bb4.16&#8243; global_colors_info=\u00bb{}\u00bb][\/et_pb_divider][et_pb_text admin_label=\u00bbOrdering\u00bb module_id=\u00bbsubscription\u00bb _builder_version=\u00bb4.24.3&#8243; hover_enabled=\u00bb0&#8243; global_colors_info=\u00bb{}\u00bb sticky_enabled=\u00bb0&#8243;]<h2><strong>Proceso de venta por suscripci\u00f3n<\/strong><\/h2>\r\n<p>Previa solicitud, cada uno de nuestros distribuidores recibir\u00e1 un <strong>enlace de afiliado<\/strong>. Este enlace se mostrar\u00e1 en su tienda. Cuando un cliente haga clic en este enlace y complete una compra a trav\u00e9s de la tienda Asuni, atribuiremos la venta a la tienda de origen, asegur\u00e1ndonos de que el distribuidor reciba el pago de su comisi\u00f3n.<\/p>[\/et_pb_text][et_pb_divider _builder_version=\u00bb4.16&#8243; global_colors_info=\u00bb{}\u00bb][\/et_pb_divider][et_pb_text admin_label=\u00bbOrdering\u00bb module_id=\u00bbordering\u00bb _builder_version=\u00bb4.16&#8243; global_colors_info=\u00bb{}\u00bb]<h2><strong>Pedido y lista de precios<\/strong><\/h2>\r\nSolo para distribuidores. Los pedidos de Lands Design se gestionan en l\u00ednea a trav\u00e9s de <strong><a href=\"https:\/\/shop.asuni.com\/\">Asuni Store<\/a><\/strong>. Asuni Store calcula los descuentos para distribuidores seg\u00fan la cantidad del pedido y permite el pago mediante tarjeta de cr\u00e9dito y transferencia. Recibir\u00e1 un nombre de usuario y una contrase\u00f1a de inicio de sesi\u00f3n cuando se convierta en distribuidor de Lands Design.\r\n\r\nPara acceder al sitio web, haga clic en <strong><a href=\"https:\/\/shop.asuni.com\/\">Asuni Store<\/a><\/strong>.\r\n\r\nEncontrar\u00e1 la lista de precios de Lands Design <a href=\"https:\/\/rhinolands.com\/es\/sales\/\">aqu\u00ed<\/a>.[\/et_pb_text][et_pb_divider _builder_version=\u00bb4.16&#8243; global_colors_info=\u00bb{}\u00bb][\/et_pb_divider][et_pb_text admin_label=\u00bbDiscounts\u00bb module_id=\u00bbdiscounts\u00bb _builder_version=\u00bb4.24.2&#8243; global_colors_info=\u00bb{}\u00bb]<h2><strong>Descuentos<\/strong><\/h2>\r\n<p>Los descuentos para distribuidores se basan en el volumen del pedido:<\/p>\r\n<table id=\"table1\" border=\"0\" cellspacing=\"0\" cellpadding=\"0\">\r\n<tbody>\r\n<tr>\r\n<td colspan=\"2\" valign=\"top\"><strong>Licencias comerciales y educacionales perpetuas<\/strong><\/td>\r\n<\/tr>\r\n<tr>\r\n<td valign=\"top\">Cantidad<\/td>\r\n<td valign=\"top\">Descuento<\/td>\r\n<\/tr>\r\n<tr>\r\n<td valign=\"top\">1<\/td>\r\n<td valign=\"top\">15%<\/td>\r\n<\/tr>\r\n<tr>\r\n<td valign=\"top\">2-9<\/td>\r\n<td valign=\"top\">25%<\/td>\r\n<\/tr>\r\n<tr>\r\n<td valign=\"top\">10+<\/td>\r\n<td valign=\"top\">35%<\/td>\r\n<\/tr>\r\n<\/tbody>\r\n<\/table>\r\n<p>&nbsp;<\/p>\r\n<table id=\"table1\" border=\"0\" cellspacing=\"0\" cellpadding=\"0\">\r\n<tbody>\r\n<tr>\r\n<td colspan=\"2\" valign=\"top\"><strong>Licencias Lab perpetuas y School Kits\u00a0<\/strong><\/td>\r\n<\/tr>\r\n<tr>\r\n<td valign=\"top\">Cantidad<\/td>\r\n<td valign=\"top\">Descuento<\/td>\r\n<\/tr>\r\n<tr>\r\n<td valign=\"top\">1+<\/td>\r\n<td valign=\"top\">30%<\/td>\r\n<\/tr>\r\n<\/tbody>\r\n<\/table>\r\n<p>&nbsp;<\/p>\r\n<table id=\"table1\" border=\"0\" cellspacing=\"0\" cellpadding=\"0\">\r\n<tbody>\r\n<tr>\r\n<td colspan=\"2\" valign=\"top\"><strong>Suscripciones comerciales<\/strong><\/td>\r\n<\/tr>\r\n<tr>\r\n<td colspan=\"2\"><span>Para simplificar las ventas de suscripciones, cada distribuidor recibir\u00e1 un enlace \u00fanico con el fin de garantizar una atribuci\u00f3n precisa de las ventas y una distribuci\u00f3n automatizada de las comisiones. Este m\u00e9todo minimiza las complicaciones relacionadas con los pagos.<\/span><strong><br \/><\/strong><\/td>\r\n<\/tr>\r\n<tr>\r\n<td valign=\"top\">1+<\/td>\r\n<td valign=\"top\">20%<\/td>\r\n<\/tr>\r\n<\/tbody>\r\n<\/table>[\/et_pb_text][et_pb_divider _builder_version=\u00bb4.16&#8243; global_colors_info=\u00bb{}\u00bb][\/et_pb_divider][et_pb_text admin_label=\u00bbMarketing\u00bb module_id=\u00bbmarketing\u00bb _builder_version=\u00bb4.16&#8243; global_colors_info=\u00bb{}\u00bb]<h2><strong>Marketing<\/strong><\/h2>\r\n<p>Encuentre material de marketing para su p\u00e1gina web, demos y presentaciones:<\/p>\r\n<ul>\r\n<li><a href=\"https:\/\/www.flickr.com\/photos\/43552453@N02\" target=\"_blank\" rel=\"noopener noreferrer\">Im\u00e1genes (Lands Design en Flickr)<\/a><\/li>\r\n<li><a href=\"https:\/\/www.youtube.com\/user\/AsuniLands\" target=\"_blank\" rel=\"noopener noreferrer\">V\u00eddeos (Lands Design en Youtube)<\/a><\/li>\r\n<li><a href=\"https:\/\/rhinolands.com\/es\/reseller\/marketing\/\">Marketing (logos)<\/a><\/li>\r\n<\/ul>[\/et_pb_text][\/et_pb_column][\/et_pb_row][\/et_pb_section]","protected":false},"excerpt":{"rendered":"<p>Nuevos distribuidores Reseller Starter Kit Nuestros productos Opciones de compra Proceso de venta por suscripci\u00f3n Pedido y lista de precios Descuentos para distribuidores Marketing Nuevos distribuidores Para convertirse en distribuidor oficial de Lands Design, le pedimos que: Lea los requisitos para ser distribuidor: Los distribuidores deben mantener actualizada la informaci\u00f3n sobre Lands Design en su [&hellip;]<\/p>\n","protected":false},"author":1,"featured_media":0,"parent":0,"menu_order":998,"comment_status":"closed","ping_status":"closed","template":"","meta":{"_et_pb_use_builder":"on","_et_pb_old_content":"","_et_gb_content_width":"","footnotes":""},"class_list":["post-60242","page","type-page","status-publish","hentry"],"yoast_head":"<!-- This site is optimized with the Yoast SEO plugin v27.3 - https:\/\/yoast.com\/product\/yoast-seo-wordpress\/ -->\n<title>Distribuidor - RhinoLands<\/title>\n<meta name=\"robots\" content=\"index, follow, max-snippet:-1, max-image-preview:large, max-video-preview:-1\" \/>\n<link rel=\"canonical\" href=\"https:\/\/rhinolands.com\/es\/reseller\/\" \/>\n<meta property=\"og:locale\" content=\"es_ES\" \/>\n<meta property=\"og:type\" content=\"article\" \/>\n<meta property=\"og:title\" content=\"Distribuidor - RhinoLands\" \/>\n<meta property=\"og:description\" content=\"Nuevos distribuidores Reseller Starter Kit Nuestros productos Opciones de compra Proceso de venta por suscripci\u00f3n Pedido y lista de precios Descuentos para distribuidores Marketing Nuevos distribuidores Para convertirse en distribuidor oficial de Lands Design, le pedimos que: Lea los requisitos para ser distribuidor: Los distribuidores deben mantener actualizada la informaci\u00f3n sobre Lands Design en su [&hellip;]\" \/>\n<meta property=\"og:url\" content=\"https:\/\/rhinolands.com\/es\/reseller\/\" \/>\n<meta property=\"og:site_name\" content=\"RhinoLands\" \/>\n<meta property=\"article:modified_time\" content=\"2024-04-17T11:09:15+00:00\" \/>\n<meta name=\"twitter:card\" content=\"summary_large_image\" \/>\n<meta name=\"twitter:label1\" content=\"Tiempo de lectura\" \/>\n\t<meta name=\"twitter:data1\" content=\"6 minutos\" \/>\n<script type=\"application\/ld+json\" class=\"yoast-schema-graph\">{\"@context\":\"https:\\\/\\\/schema.org\",\"@graph\":[{\"@type\":\"WebPage\",\"@id\":\"https:\\\/\\\/rhinolands.com\\\/es\\\/reseller\\\/\",\"url\":\"https:\\\/\\\/rhinolands.com\\\/es\\\/reseller\\\/\",\"name\":\"Distribuidor - RhinoLands\",\"isPartOf\":{\"@id\":\"https:\\\/\\\/rhinolands.com\\\/es\\\/#website\"},\"datePublished\":\"2020-02-18T16:13:27+00:00\",\"dateModified\":\"2024-04-17T11:09:15+00:00\",\"breadcrumb\":{\"@id\":\"https:\\\/\\\/rhinolands.com\\\/es\\\/reseller\\\/#breadcrumb\"},\"inLanguage\":\"es\",\"potentialAction\":[{\"@type\":\"ReadAction\",\"target\":[\"https:\\\/\\\/rhinolands.com\\\/es\\\/reseller\\\/\"]}]},{\"@type\":\"BreadcrumbList\",\"@id\":\"https:\\\/\\\/rhinolands.com\\\/es\\\/reseller\\\/#breadcrumb\",\"itemListElement\":[{\"@type\":\"ListItem\",\"position\":1,\"name\":\"Home\",\"item\":\"https:\\\/\\\/rhinolands.com\\\/es\\\/\"},{\"@type\":\"ListItem\",\"position\":2,\"name\":\"Distribuidor\"}]},{\"@type\":\"WebSite\",\"@id\":\"https:\\\/\\\/rhinolands.com\\\/es\\\/#website\",\"url\":\"https:\\\/\\\/rhinolands.com\\\/es\\\/\",\"name\":\"RhinoLands\",\"description\":\"BIM landscape software\",\"publisher\":{\"@id\":\"https:\\\/\\\/rhinolands.com\\\/es\\\/#organization\"},\"potentialAction\":[{\"@type\":\"SearchAction\",\"target\":{\"@type\":\"EntryPoint\",\"urlTemplate\":\"https:\\\/\\\/rhinolands.com\\\/es\\\/?s={search_term_string}\"},\"query-input\":{\"@type\":\"PropertyValueSpecification\",\"valueRequired\":true,\"valueName\":\"search_term_string\"}}],\"inLanguage\":\"es\"},{\"@type\":\"Organization\",\"@id\":\"https:\\\/\\\/rhinolands.com\\\/es\\\/#organization\",\"name\":\"Asuni Soft\",\"url\":\"https:\\\/\\\/rhinolands.com\\\/es\\\/\",\"logo\":{\"@type\":\"ImageObject\",\"inLanguage\":\"es\",\"@id\":\"https:\\\/\\\/rhinolands.com\\\/es\\\/#\\\/schema\\\/logo\\\/image\\\/\",\"url\":\"https:\\\/\\\/rhinolands.com\\\/wp-content\\\/uploads\\\/2020\\\/02\\\/AsuniLogoFinal-01.png\",\"contentUrl\":\"https:\\\/\\\/rhinolands.com\\\/wp-content\\\/uploads\\\/2020\\\/02\\\/AsuniLogoFinal-01.png\",\"width\":151,\"height\":46,\"caption\":\"Asuni Soft\"},\"image\":{\"@id\":\"https:\\\/\\\/rhinolands.com\\\/es\\\/#\\\/schema\\\/logo\\\/image\\\/\"}}]}<\/script>\n<!-- \/ Yoast SEO plugin. -->","yoast_head_json":{"title":"Distribuidor - RhinoLands","robots":{"index":"index","follow":"follow","max-snippet":"max-snippet:-1","max-image-preview":"max-image-preview:large","max-video-preview":"max-video-preview:-1"},"canonical":"https:\/\/rhinolands.com\/es\/reseller\/","og_locale":"es_ES","og_type":"article","og_title":"Distribuidor - RhinoLands","og_description":"Nuevos distribuidores Reseller Starter Kit Nuestros productos Opciones de compra Proceso de venta por suscripci\u00f3n Pedido y lista de precios Descuentos para distribuidores Marketing Nuevos distribuidores Para convertirse en distribuidor oficial de Lands Design, le pedimos que: Lea los requisitos para ser distribuidor: Los distribuidores deben mantener actualizada la informaci\u00f3n sobre Lands Design en su [&hellip;]","og_url":"https:\/\/rhinolands.com\/es\/reseller\/","og_site_name":"RhinoLands","article_modified_time":"2024-04-17T11:09:15+00:00","twitter_card":"summary_large_image","twitter_misc":{"Tiempo de lectura":"6 minutos"},"schema":{"@context":"https:\/\/schema.org","@graph":[{"@type":"WebPage","@id":"https:\/\/rhinolands.com\/es\/reseller\/","url":"https:\/\/rhinolands.com\/es\/reseller\/","name":"Distribuidor - RhinoLands","isPartOf":{"@id":"https:\/\/rhinolands.com\/es\/#website"},"datePublished":"2020-02-18T16:13:27+00:00","dateModified":"2024-04-17T11:09:15+00:00","breadcrumb":{"@id":"https:\/\/rhinolands.com\/es\/reseller\/#breadcrumb"},"inLanguage":"es","potentialAction":[{"@type":"ReadAction","target":["https:\/\/rhinolands.com\/es\/reseller\/"]}]},{"@type":"BreadcrumbList","@id":"https:\/\/rhinolands.com\/es\/reseller\/#breadcrumb","itemListElement":[{"@type":"ListItem","position":1,"name":"Home","item":"https:\/\/rhinolands.com\/es\/"},{"@type":"ListItem","position":2,"name":"Distribuidor"}]},{"@type":"WebSite","@id":"https:\/\/rhinolands.com\/es\/#website","url":"https:\/\/rhinolands.com\/es\/","name":"RhinoLands","description":"BIM landscape software","publisher":{"@id":"https:\/\/rhinolands.com\/es\/#organization"},"potentialAction":[{"@type":"SearchAction","target":{"@type":"EntryPoint","urlTemplate":"https:\/\/rhinolands.com\/es\/?s={search_term_string}"},"query-input":{"@type":"PropertyValueSpecification","valueRequired":true,"valueName":"search_term_string"}}],"inLanguage":"es"},{"@type":"Organization","@id":"https:\/\/rhinolands.com\/es\/#organization","name":"Asuni Soft","url":"https:\/\/rhinolands.com\/es\/","logo":{"@type":"ImageObject","inLanguage":"es","@id":"https:\/\/rhinolands.com\/es\/#\/schema\/logo\/image\/","url":"https:\/\/rhinolands.com\/wp-content\/uploads\/2020\/02\/AsuniLogoFinal-01.png","contentUrl":"https:\/\/rhinolands.com\/wp-content\/uploads\/2020\/02\/AsuniLogoFinal-01.png","width":151,"height":46,"caption":"Asuni Soft"},"image":{"@id":"https:\/\/rhinolands.com\/es\/#\/schema\/logo\/image\/"}}]}},"_links":{"self":[{"href":"https:\/\/rhinolands.com\/es\/wp-json\/wp\/v2\/pages\/60242","targetHints":{"allow":["GET"]}}],"collection":[{"href":"https:\/\/rhinolands.com\/es\/wp-json\/wp\/v2\/pages"}],"about":[{"href":"https:\/\/rhinolands.com\/es\/wp-json\/wp\/v2\/types\/page"}],"author":[{"embeddable":true,"href":"https:\/\/rhinolands.com\/es\/wp-json\/wp\/v2\/users\/1"}],"replies":[{"embeddable":true,"href":"https:\/\/rhinolands.com\/es\/wp-json\/wp\/v2\/comments?post=60242"}],"version-history":[{"count":3,"href":"https:\/\/rhinolands.com\/es\/wp-json\/wp\/v2\/pages\/60242\/revisions"}],"predecessor-version":[{"id":81186,"href":"https:\/\/rhinolands.com\/es\/wp-json\/wp\/v2\/pages\/60242\/revisions\/81186"}],"wp:attachment":[{"href":"https:\/\/rhinolands.com\/es\/wp-json\/wp\/v2\/media?parent=60242"}],"curies":[{"name":"wp","href":"https:\/\/api.w.org\/{rel}","templated":true}]}}