{"id":60283,"date":"2020-02-18T16:17:35","date_gmt":"2020-02-18T16:17:35","guid":{"rendered":"https:\/\/rhinolands.com\/lands-design-grasshopper-components\/"},"modified":"2022-03-31T17:15:22","modified_gmt":"2022-03-31T15:15:22","slug":"lands-gh-components","status":"publish","type":"page","link":"https:\/\/rhinolands.com\/es\/learn\/lands-gh-components\/","title":{"rendered":"Lands Design Grasshopper Components"},"content":{"rendered":"[et_pb_section fb_built=\u00bb1&#8243; _builder_version=\u00bb4.2&#8243; global_colors_info=\u00bb{}\u00bb][et_pb_row _builder_version=\u00bb4.2&#8243; global_colors_info=\u00bb{}\u00bb][et_pb_column type=\u00bb4_4&#8243; _builder_version=\u00bb4.2&#8243; global_colors_info=\u00bb{}\u00bb][et_pb_post_title meta=\u00bboff\u00bb featured_image=\u00bboff\u00bb _builder_version=\u00bb4.2&#8243; global_colors_info=\u00bb{}\u00bb][\/et_pb_post_title][et_pb_image src=\u00bbhttps:\/\/rhinolands.com\/wp-content\/uploads\/2020\/01\/lands_gh_ribbon.png\u00bb _builder_version=\u00bb4.2&#8243; global_colors_info=\u00bb{}\u00bb][\/et_pb_image][et_pb_text _builder_version=\u00bb4.4.1&#8243; global_colors_info=\u00bb{}\u00bb]<p>Lands Design Grasshopper Components son herramientas de dise\u00f1o de Lands Design, como plantas, bosques o terrenos, disponibles en Grasshopper. Permiten automatizar muchas tareas de modelado en Rhino y Grasshopper.<\/p>\n<p>Por cierto&#8230;<\/p>\n<h3>\u00bfQu\u00e9 es Grasshopper?<\/h3>\n<p><a href=\"https:\/\/www.grasshopper3d.com\/\">Grasshopper<\/a> es un editor de algoritmos gr\u00e1ficos que se incluye en Rhino.<\/p>\n<p>A diferencia de otros lenguajes de programaci\u00f3n, Grasshopper no requiere conocimientos de programaci\u00f3n ni scripting, pero permite a desarrolladores y dise\u00f1adores crear algoritmos de generaci\u00f3n sin tener que escribir c\u00f3digo.<\/p>\n<p>Se recomienda tener conocimientos b\u00e1sicos de Grasshopper antes de utilizar Lands Design Grasshopper Components.<\/p>\n<ul>\n<li style=\"font-weight: 400;\"><a href=\"https:\/\/vimeopro.com\/rhino\/grasshopper-getting-started-by-david-rutten\">V\u00eddeos de iniciaci\u00f3n<\/a> (de David Rutten)<\/li>\n<\/ul>\n<br>\n<h3>Documentaci\u00f3n:<\/h3>\n<p>Puede encontrar la lista completa y la descripci\u00f3n de los componentes de Grasshopper para Lands en el sitio web <a href=\"http:\/\/grasshopperdocs.com\/addons\/lands-design.html\">Grasshopper.docs<\/a>. <\/p>\n<br>\n<h3>Tutoriales de iniciaci\u00f3n:<\/h3>\n<p>A continuaci\u00f3n se indican algunos tutoriales simples para empezar a utilizar Lands Design Grasshopper Components.<br \/>Ejecute el comando Grasshopper para ejecutar Grasshopper.<\/p>\n<p>Lands Components se encuentra en la ficha Lands de la interfaz de Grasshopper. Si la ficha Lands no aparece, significa que Lands Design no se ha cargado en Rhino. Cierre Grasshopper y cargue Lands en Rhino (escriba cualquier comando de Lands, como \u201claPlanta\u201c).<\/p>[\/et_pb_text][et_pb_text admin_label=\u00bbVideo tutorials\u00bb _builder_version=\u00bb4.14.8&#8243; hover_enabled=\u00bb0&#8243; global_colors_info=\u00bb{}\u00bb sticky_enabled=\u00bb0&#8243;]<h3>Tutoriales en v\u00eddeo:<\/h3>\n<ul>\n<li>Tutorial 1:<strong> <a href=\"https:\/\/www.youtube.com\/watch?v=42lYyJPhCeA&#038;list=PLBKOaJp17CZonPD79EVh3BjClXk9LlTuW&#038;index=1\" target=\"_blank\" rel=\"noopener noreferrer\">Descripci\u00f3n de la interfaz<\/a><\/strong><\/li>\n<li>Tutorial 2: <strong><a href=\"https:\/\/www.youtube.com\/watch?v=KaS0it3TH5w&#038;list=PLBKOaJp17CZonPD79EVh3BjClXk9LlTuW&#038;index=2\" target=\"_blank\" rel=\"noopener noreferrer\">Insertar una planta<\/a><\/strong><\/li>\n<li>Tutorial 3: <strong><a href=\"https:\/\/www.youtube.com\/watch?v=ZMP3c3MZPHQ&#038;list=PLBKOaJp17CZonPD79EVh3BjClXk9LlTuW&#038;index=3\" target=\"_blank\" rel=\"noopener noreferrer\">Insertar plantas en una regi\u00f3n<\/a><\/strong><\/li>\n<li>Tutorial 4: <strong><a href=\"https:\/\/www.youtube.com\/watch?v=XND7s35A8HU&#038;list=PLBKOaJp17CZonPD79EVh3BjClXk9LlTuW&#038;index=4\" target=\"_blank\" rel=\"noopener noreferrer\">Crear un bosque<\/a><\/strong><\/li>\n<li>Tutorial 5: <strong><a href=\"https:\/\/www.youtube.com\/watch?v=PtSpPrOzFns&#038;list=PLBKOaJp17CZonPD79EVh3BjClXk9LlTuW&#038;index=5\" target=\"_blank\" rel=\"noopener noreferrer\">Crear un terreno a partir de una superficie<\/a><\/strong><\/li>\n<li>Tutorial 6: <strong><a href=\"https:\/\/www.youtube.com\/watch?v=B3cpC-TtUL4&#038;list=PLBKOaJp17CZonPD79EVh3BjClXk9LlTuW&#038;index=6\" target=\"_blank\" rel=\"noopener noreferrer\">A\u00f1adir un camino a un terreno<\/a><\/strong><\/li>\n<\/ul>[\/et_pb_text][et_pb_text _builder_version=\u00bb4.9.4&#8243; hover_enabled=\u00bb0&#8243; global_colors_info=\u00bb{}\u00bb sticky_enabled=\u00bb0&#8243;]<h3>Otros ejemplos<\/h3>\n<p>En los siguientes v\u00eddeos encontrar\u00e1 algunos ejemplos de lo que puede hacer con Lands Design Grasshopper Components:<\/p>\n<ul>\n<li><a href=\"https:\/\/youtu.be\/cm-UB1xAilI\">Distribuir plantas en 4 zonas<\/a><\/li>\n<li><a href=\"https:\/\/youtu.be\/Y1tKetTLy3Y\">An\u00e1lisis de colisiones para plantas y edificios<\/a><\/li>\n<\/ul>\n<p>&nbsp;<\/p>\n<h3>\u00bfFaltan funciones?<\/h3>\n<p>No todas las herramientas disponibles en Lands Design tienen su componente en Grasshopper. Si le falta alguna funci\u00f3n espec\u00edfica, escr\u00edbanos a landsdesign@asuni.com.<\/p>[\/et_pb_text][\/et_pb_column][\/et_pb_row][\/et_pb_section]","protected":false},"excerpt":{"rendered":"<p>Lands Design Grasshopper Components son herramientas de dise\u00f1o de Lands Design, como plantas, bosques o terrenos, disponibles en Grasshopper. Permiten automatizar muchas tareas de modelado en Rhino y Grasshopper. Por cierto&#8230; \u00bfQu\u00e9 es Grasshopper? Grasshopper es un editor de algoritmos gr\u00e1ficos que se incluye en Rhino. A diferencia de otros lenguajes de programaci\u00f3n, Grasshopper no [&hellip;]<\/p>\n","protected":false},"author":1,"featured_media":0,"parent":60422,"menu_order":0,"comment_status":"closed","ping_status":"closed","template":"","meta":{"_et_pb_use_builder":"on","_et_pb_old_content":"","_et_gb_content_width":"","footnotes":""},"class_list":["post-60283","page","type-page","status-publish","hentry"],"yoast_head":"<!-- This site is optimized with the Yoast SEO plugin v27.3 - https:\/\/yoast.com\/product\/yoast-seo-wordpress\/ -->\n<title>Lands Design Grasshopper Components - RhinoLands<\/title>\n<meta name=\"robots\" content=\"index, follow, max-snippet:-1, max-image-preview:large, max-video-preview:-1\" \/>\n<link rel=\"canonical\" href=\"https:\/\/rhinolands.com\/es\/learn\/lands-gh-components\/\" \/>\n<meta property=\"og:locale\" content=\"es_ES\" \/>\n<meta property=\"og:type\" content=\"article\" \/>\n<meta property=\"og:title\" content=\"Lands Design Grasshopper Components - RhinoLands\" \/>\n<meta property=\"og:description\" content=\"Lands Design Grasshopper Components son herramientas de dise\u00f1o de Lands Design, como plantas, bosques o terrenos, disponibles en Grasshopper. Permiten automatizar muchas tareas de modelado en Rhino y Grasshopper. Por cierto... \u00bfQu\u00e9 es Grasshopper? Grasshopper es un editor de algoritmos gr\u00e1ficos que se incluye en Rhino. A diferencia de otros lenguajes de programaci\u00f3n, Grasshopper no [&hellip;]\" \/>\n<meta property=\"og:url\" content=\"https:\/\/rhinolands.com\/es\/learn\/lands-gh-components\/\" \/>\n<meta property=\"og:site_name\" content=\"RhinoLands\" \/>\n<meta property=\"article:modified_time\" content=\"2022-03-31T15:15:22+00:00\" \/>\n<meta name=\"twitter:card\" content=\"summary_large_image\" \/>\n<meta name=\"twitter:label1\" content=\"Tiempo de lectura\" \/>\n\t<meta name=\"twitter:data1\" content=\"2 minutos\" \/>\n<script type=\"application\/ld+json\" class=\"yoast-schema-graph\">{\"@context\":\"https:\\\/\\\/schema.org\",\"@graph\":[{\"@type\":\"WebPage\",\"@id\":\"https:\\\/\\\/rhinolands.com\\\/es\\\/learn\\\/lands-gh-components\\\/\",\"url\":\"https:\\\/\\\/rhinolands.com\\\/es\\\/learn\\\/lands-gh-components\\\/\",\"name\":\"Lands Design Grasshopper Components - RhinoLands\",\"isPartOf\":{\"@id\":\"https:\\\/\\\/rhinolands.com\\\/es\\\/#website\"},\"datePublished\":\"2020-02-18T16:17:35+00:00\",\"dateModified\":\"2022-03-31T15:15:22+00:00\",\"breadcrumb\":{\"@id\":\"https:\\\/\\\/rhinolands.com\\\/es\\\/learn\\\/lands-gh-components\\\/#breadcrumb\"},\"inLanguage\":\"es\",\"potentialAction\":[{\"@type\":\"ReadAction\",\"target\":[\"https:\\\/\\\/rhinolands.com\\\/es\\\/learn\\\/lands-gh-components\\\/\"]}]},{\"@type\":\"BreadcrumbList\",\"@id\":\"https:\\\/\\\/rhinolands.com\\\/es\\\/learn\\\/lands-gh-components\\\/#breadcrumb\",\"itemListElement\":[{\"@type\":\"ListItem\",\"position\":1,\"name\":\"Home\",\"item\":\"https:\\\/\\\/rhinolands.com\\\/es\\\/\"},{\"@type\":\"ListItem\",\"position\":2,\"name\":\"Formaci\u00f3n\",\"item\":\"https:\\\/\\\/rhinolands.com\\\/es\\\/learn\\\/\"},{\"@type\":\"ListItem\",\"position\":3,\"name\":\"Lands Design Grasshopper Components\"}]},{\"@type\":\"WebSite\",\"@id\":\"https:\\\/\\\/rhinolands.com\\\/es\\\/#website\",\"url\":\"https:\\\/\\\/rhinolands.com\\\/es\\\/\",\"name\":\"RhinoLands\",\"description\":\"BIM landscape software\",\"publisher\":{\"@id\":\"https:\\\/\\\/rhinolands.com\\\/es\\\/#organization\"},\"potentialAction\":[{\"@type\":\"SearchAction\",\"target\":{\"@type\":\"EntryPoint\",\"urlTemplate\":\"https:\\\/\\\/rhinolands.com\\\/es\\\/?s={search_term_string}\"},\"query-input\":{\"@type\":\"PropertyValueSpecification\",\"valueRequired\":true,\"valueName\":\"search_term_string\"}}],\"inLanguage\":\"es\"},{\"@type\":\"Organization\",\"@id\":\"https:\\\/\\\/rhinolands.com\\\/es\\\/#organization\",\"name\":\"Asuni Soft\",\"url\":\"https:\\\/\\\/rhinolands.com\\\/es\\\/\",\"logo\":{\"@type\":\"ImageObject\",\"inLanguage\":\"es\",\"@id\":\"https:\\\/\\\/rhinolands.com\\\/es\\\/#\\\/schema\\\/logo\\\/image\\\/\",\"url\":\"https:\\\/\\\/rhinolands.com\\\/wp-content\\\/uploads\\\/2020\\\/02\\\/AsuniLogoFinal-01.png\",\"contentUrl\":\"https:\\\/\\\/rhinolands.com\\\/wp-content\\\/uploads\\\/2020\\\/02\\\/AsuniLogoFinal-01.png\",\"width\":151,\"height\":46,\"caption\":\"Asuni Soft\"},\"image\":{\"@id\":\"https:\\\/\\\/rhinolands.com\\\/es\\\/#\\\/schema\\\/logo\\\/image\\\/\"}}]}<\/script>\n<!-- \/ Yoast SEO plugin. -->","yoast_head_json":{"title":"Lands Design Grasshopper Components - RhinoLands","robots":{"index":"index","follow":"follow","max-snippet":"max-snippet:-1","max-image-preview":"max-image-preview:large","max-video-preview":"max-video-preview:-1"},"canonical":"https:\/\/rhinolands.com\/es\/learn\/lands-gh-components\/","og_locale":"es_ES","og_type":"article","og_title":"Lands Design Grasshopper Components - RhinoLands","og_description":"Lands Design Grasshopper Components son herramientas de dise\u00f1o de Lands Design, como plantas, bosques o terrenos, disponibles en Grasshopper. Permiten automatizar muchas tareas de modelado en Rhino y Grasshopper. Por cierto... \u00bfQu\u00e9 es Grasshopper? Grasshopper es un editor de algoritmos gr\u00e1ficos que se incluye en Rhino. A diferencia de otros lenguajes de programaci\u00f3n, Grasshopper no [&hellip;]","og_url":"https:\/\/rhinolands.com\/es\/learn\/lands-gh-components\/","og_site_name":"RhinoLands","article_modified_time":"2022-03-31T15:15:22+00:00","twitter_card":"summary_large_image","twitter_misc":{"Tiempo de lectura":"2 minutos"},"schema":{"@context":"https:\/\/schema.org","@graph":[{"@type":"WebPage","@id":"https:\/\/rhinolands.com\/es\/learn\/lands-gh-components\/","url":"https:\/\/rhinolands.com\/es\/learn\/lands-gh-components\/","name":"Lands Design Grasshopper Components - RhinoLands","isPartOf":{"@id":"https:\/\/rhinolands.com\/es\/#website"},"datePublished":"2020-02-18T16:17:35+00:00","dateModified":"2022-03-31T15:15:22+00:00","breadcrumb":{"@id":"https:\/\/rhinolands.com\/es\/learn\/lands-gh-components\/#breadcrumb"},"inLanguage":"es","potentialAction":[{"@type":"ReadAction","target":["https:\/\/rhinolands.com\/es\/learn\/lands-gh-components\/"]}]},{"@type":"BreadcrumbList","@id":"https:\/\/rhinolands.com\/es\/learn\/lands-gh-components\/#breadcrumb","itemListElement":[{"@type":"ListItem","position":1,"name":"Home","item":"https:\/\/rhinolands.com\/es\/"},{"@type":"ListItem","position":2,"name":"Formaci\u00f3n","item":"https:\/\/rhinolands.com\/es\/learn\/"},{"@type":"ListItem","position":3,"name":"Lands Design Grasshopper Components"}]},{"@type":"WebSite","@id":"https:\/\/rhinolands.com\/es\/#website","url":"https:\/\/rhinolands.com\/es\/","name":"RhinoLands","description":"BIM landscape software","publisher":{"@id":"https:\/\/rhinolands.com\/es\/#organization"},"potentialAction":[{"@type":"SearchAction","target":{"@type":"EntryPoint","urlTemplate":"https:\/\/rhinolands.com\/es\/?s={search_term_string}"},"query-input":{"@type":"PropertyValueSpecification","valueRequired":true,"valueName":"search_term_string"}}],"inLanguage":"es"},{"@type":"Organization","@id":"https:\/\/rhinolands.com\/es\/#organization","name":"Asuni Soft","url":"https:\/\/rhinolands.com\/es\/","logo":{"@type":"ImageObject","inLanguage":"es","@id":"https:\/\/rhinolands.com\/es\/#\/schema\/logo\/image\/","url":"https:\/\/rhinolands.com\/wp-content\/uploads\/2020\/02\/AsuniLogoFinal-01.png","contentUrl":"https:\/\/rhinolands.com\/wp-content\/uploads\/2020\/02\/AsuniLogoFinal-01.png","width":151,"height":46,"caption":"Asuni Soft"},"image":{"@id":"https:\/\/rhinolands.com\/es\/#\/schema\/logo\/image\/"}}]}},"_links":{"self":[{"href":"https:\/\/rhinolands.com\/es\/wp-json\/wp\/v2\/pages\/60283","targetHints":{"allow":["GET"]}}],"collection":[{"href":"https:\/\/rhinolands.com\/es\/wp-json\/wp\/v2\/pages"}],"about":[{"href":"https:\/\/rhinolands.com\/es\/wp-json\/wp\/v2\/types\/page"}],"author":[{"embeddable":true,"href":"https:\/\/rhinolands.com\/es\/wp-json\/wp\/v2\/users\/1"}],"replies":[{"embeddable":true,"href":"https:\/\/rhinolands.com\/es\/wp-json\/wp\/v2\/comments?post=60283"}],"version-history":[{"count":3,"href":"https:\/\/rhinolands.com\/es\/wp-json\/wp\/v2\/pages\/60283\/revisions"}],"predecessor-version":[{"id":71655,"href":"https:\/\/rhinolands.com\/es\/wp-json\/wp\/v2\/pages\/60283\/revisions\/71655"}],"up":[{"embeddable":true,"href":"https:\/\/rhinolands.com\/es\/wp-json\/wp\/v2\/pages\/60422"}],"wp:attachment":[{"href":"https:\/\/rhinolands.com\/es\/wp-json\/wp\/v2\/media?parent=60283"}],"curies":[{"name":"wp","href":"https:\/\/api.w.org\/{rel}","templated":true}]}}