{"id":60362,"date":"2020-02-18T16:37:06","date_gmt":"2020-02-18T16:37:06","guid":{"rendered":"https:\/\/rhinolands.com\/sales\/certificacion-academica\/"},"modified":"2025-06-11T18:42:12","modified_gmt":"2025-06-11T16:42:12","slug":"proof-of-academic-status","status":"publish","type":"page","link":"https:\/\/rhinolands.com\/es\/sales\/proof-of-academic-status\/","title":{"rendered":"Certificaci\u00f3n acad\u00e9mica"},"content":{"rendered":"\n<h1 class=\"wp-block-heading\">Certificaci\u00f3n acad\u00e9mica<\/h1>\n\n<p>Para pedir versiones educacionales y Lab, se requiere una certificar la condici\u00f3n de estudiante, centro docente o instituci\u00f3n acad\u00e9mica.<\/p>\n\n<h2 class=\"wp-block-heading\">Estudiantes<\/h2>\n\n<p>Los estudiantes (al menos un semestre) que puedan acreditar con documentaci\u00f3n acad\u00e9mica v\u00e1lida que estudian en una escuela de secundaria, escuela t\u00e9cnica, universidad o cualquier centro acreditado oficialmente, tienen derecho a una licencia educacional monopuesto. Los estudiantes deben estar matriculados en una escuela t\u00e9cnica o en un programa universitario relacionado con arquitectura, ingenier\u00eda, dise\u00f1o, agricultura o estudios medioambientales. Los estudiantes de campos de estudio no relacionados (como literatura o medicina) no pueden optar a esta licencia.\u00a0<\/p>\n\n<p>Con su pedido debe proporcionar uno de los siguientes documentos: El documento debe incluir la\u00a0<strong>fecha actual<\/strong>\u00a0(no m\u00e1s de 2 meses de antig\u00fcedad), el\u00a0<strong>curso actual<\/strong>, el\u00a0<strong>nombre del centro\/universidad<\/strong>\u00a0y\u00a0<strong>su nombre completo:<\/strong>.<\/p>\n\n<ul class=\"wp-block-list\">\n<li>Historial acad\u00e9mico con fecha del curso actual<\/li>\n\n\n\n<li>Recibo de pago de la matr\u00edcula del curso escolar actual<\/li>\n\n\n\n<li>Documento firmado por la instituci\u00f3n acad\u00e9mica que certifique su condici\u00f3n de estudiante y con fecha del curso actual<\/li>\n<\/ul>\n\n<p>Notas:<\/p>\n\n<ul class=\"wp-block-list\">\n<li>No se aceptan carn\u00e9s de instituto\/universidad<\/li>\n\n\n\n<li>La participaci\u00f3n en un curso de formaci\u00f3n de Rhino no es suficiente como certificaci\u00f3n acad\u00e9mica.<\/li>\n\n\n\n<li>Las fundaciones, museos, organizaciones ben\u00e9ficas, ONG, jubilados y aficionados no pueden optar a licencias educacionales.<\/li>\n<\/ul>\n\n<p><\/p>\n\n<h2 class=\"wp-block-heading\">Profesores\/Plantilla<\/h2>\n\n<p>Los profesores o miembros de la plantilla que puedan acreditar con documentaci\u00f3n acad\u00e9mica v\u00e1lida que trabajan en una escuela de secundaria, escuela t\u00e9cnica, universidad o cualquier centro acreditado oficialmente, tienen derecho a una licencia educacional monopuesto. Los profesores deben formar parte de una escuela t\u00e9cnica o de un programa universitario relacionado con la arquitectura, la ingenier\u00eda, el dise\u00f1o, la agricultura o los estudios medioambientales.<\/p>\n\n<p>Con su pedido debe proporcionar uno de los siguientes documentos: El documento debe incluir la\u00a0<strong>fecha actual<\/strong>\u00a0(no m\u00e1s de 2 meses de antig\u00fcedad), el\u00a0<strong>curso actual<\/strong>, el\u00a0<strong>nombre del centro\/universidad<\/strong>\u00a0y\u00a0<strong>su nombre completo<\/strong>:<\/p>\n\n<ul class=\"wp-block-list\">\n<li>N\u00f3mina del mes anterior en el que figure el nombre del centro\/universidad (puede ocultar la informaci\u00f3n confidencial)<\/li>\n\n\n\n<li>Contrato de docencia en el que figure el curso actual<\/li>\n\n\n\n<li>Documento firmado por la instituci\u00f3n acad\u00e9mica que certifique su condici\u00f3n de profesor\/miembro de plantilla con fecha del curso actual<\/li>\n<\/ul>\n\n<p><\/p>\n\n<h2 class=\"wp-block-heading\">Escuelas<\/h2>\n\n<p>Cualquier escuela reconocida oficialmente puede adquirir licencias educacionales monopuesto o licencias de aula en un pedido de compra. Con su pedido debe proporcionar una de las siguientes certificaciones:<\/p>\n\n<ul class=\"wp-block-list\">\n<li>N\u00f3mina de profesor\/plantilla del curso actual Puede ocultar cualquier informaci\u00f3n sensible<\/li>\n\n\n\n<li>Certificado de exenci\u00f3n fiscal del centro educativo<\/li>\n<\/ul>\n","protected":false},"excerpt":{"rendered":"<p>Certificaci\u00f3n acad\u00e9mica Para pedir versiones educacionales y Lab, se requiere una certificar la condici\u00f3n de estudiante, centro docente o instituci\u00f3n acad\u00e9mica. Estudiantes Los estudiantes (al menos un semestre) que puedan acreditar con documentaci\u00f3n acad\u00e9mica v\u00e1lida que estudian en una escuela de secundaria, escuela t\u00e9cnica, universidad o cualquier centro acreditado oficialmente, tienen derecho a una licencia [&hellip;]<\/p>\n","protected":false},"author":14,"featured_media":0,"parent":60246,"menu_order":0,"comment_status":"closed","ping_status":"closed","template":"","meta":{"_et_pb_use_builder":"off","_et_pb_old_content":"","_et_gb_content_width":"","footnotes":""},"class_list":["post-60362","page","type-page","status-publish","hentry"],"yoast_head":"<!-- This site is optimized with the Yoast SEO plugin v27.3 - https:\/\/yoast.com\/product\/yoast-seo-wordpress\/ -->\n<title>Certificaci\u00f3n acad\u00e9mica - RhinoLands<\/title>\n<meta name=\"robots\" content=\"index, follow, max-snippet:-1, max-image-preview:large, max-video-preview:-1\" \/>\n<link rel=\"canonical\" href=\"https:\/\/rhinolands.com\/es\/sales\/proof-of-academic-status\/\" \/>\n<meta property=\"og:locale\" content=\"es_ES\" \/>\n<meta property=\"og:type\" content=\"article\" \/>\n<meta property=\"og:title\" content=\"Certificaci\u00f3n acad\u00e9mica - RhinoLands\" \/>\n<meta property=\"og:description\" content=\"Certificaci\u00f3n acad\u00e9mica Para pedir versiones educacionales y Lab, se requiere una certificar la condici\u00f3n de estudiante, centro docente o instituci\u00f3n acad\u00e9mica. Estudiantes Los estudiantes (al menos un semestre) que puedan acreditar con documentaci\u00f3n acad\u00e9mica v\u00e1lida que estudian en una escuela de secundaria, escuela t\u00e9cnica, universidad o cualquier centro acreditado oficialmente, tienen derecho a una licencia [&hellip;]\" \/>\n<meta property=\"og:url\" content=\"https:\/\/rhinolands.com\/es\/sales\/proof-of-academic-status\/\" \/>\n<meta property=\"og:site_name\" content=\"RhinoLands\" \/>\n<meta property=\"article:modified_time\" content=\"2025-06-11T16:42:12+00:00\" \/>\n<meta name=\"twitter:card\" content=\"summary_large_image\" \/>\n<meta name=\"twitter:label1\" content=\"Tiempo de lectura\" \/>\n\t<meta name=\"twitter:data1\" content=\"2 minutos\" \/>\n<script type=\"application\/ld+json\" class=\"yoast-schema-graph\">{\"@context\":\"https:\\\/\\\/schema.org\",\"@graph\":[{\"@type\":\"WebPage\",\"@id\":\"https:\\\/\\\/rhinolands.com\\\/es\\\/sales\\\/proof-of-academic-status\\\/\",\"url\":\"https:\\\/\\\/rhinolands.com\\\/es\\\/sales\\\/proof-of-academic-status\\\/\",\"name\":\"Certificaci\u00f3n acad\u00e9mica - RhinoLands\",\"isPartOf\":{\"@id\":\"https:\\\/\\\/rhinolands.com\\\/es\\\/#website\"},\"datePublished\":\"2020-02-18T16:37:06+00:00\",\"dateModified\":\"2025-06-11T16:42:12+00:00\",\"breadcrumb\":{\"@id\":\"https:\\\/\\\/rhinolands.com\\\/es\\\/sales\\\/proof-of-academic-status\\\/#breadcrumb\"},\"inLanguage\":\"es\",\"potentialAction\":[{\"@type\":\"ReadAction\",\"target\":[\"https:\\\/\\\/rhinolands.com\\\/es\\\/sales\\\/proof-of-academic-status\\\/\"]}]},{\"@type\":\"BreadcrumbList\",\"@id\":\"https:\\\/\\\/rhinolands.com\\\/es\\\/sales\\\/proof-of-academic-status\\\/#breadcrumb\",\"itemListElement\":[{\"@type\":\"ListItem\",\"position\":1,\"name\":\"Home\",\"item\":\"https:\\\/\\\/rhinolands.com\\\/es\\\/\"},{\"@type\":\"ListItem\",\"position\":2,\"name\":\"Ventas\",\"item\":\"https:\\\/\\\/rhinolands.com\\\/es\\\/sales\\\/\"},{\"@type\":\"ListItem\",\"position\":3,\"name\":\"Certificaci\u00f3n acad\u00e9mica\"}]},{\"@type\":\"WebSite\",\"@id\":\"https:\\\/\\\/rhinolands.com\\\/es\\\/#website\",\"url\":\"https:\\\/\\\/rhinolands.com\\\/es\\\/\",\"name\":\"RhinoLands\",\"description\":\"BIM landscape software\",\"publisher\":{\"@id\":\"https:\\\/\\\/rhinolands.com\\\/es\\\/#organization\"},\"potentialAction\":[{\"@type\":\"SearchAction\",\"target\":{\"@type\":\"EntryPoint\",\"urlTemplate\":\"https:\\\/\\\/rhinolands.com\\\/es\\\/?s={search_term_string}\"},\"query-input\":{\"@type\":\"PropertyValueSpecification\",\"valueRequired\":true,\"valueName\":\"search_term_string\"}}],\"inLanguage\":\"es\"},{\"@type\":\"Organization\",\"@id\":\"https:\\\/\\\/rhinolands.com\\\/es\\\/#organization\",\"name\":\"Asuni Soft\",\"url\":\"https:\\\/\\\/rhinolands.com\\\/es\\\/\",\"logo\":{\"@type\":\"ImageObject\",\"inLanguage\":\"es\",\"@id\":\"https:\\\/\\\/rhinolands.com\\\/es\\\/#\\\/schema\\\/logo\\\/image\\\/\",\"url\":\"https:\\\/\\\/rhinolands.com\\\/wp-content\\\/uploads\\\/2020\\\/02\\\/AsuniLogoFinal-01.png\",\"contentUrl\":\"https:\\\/\\\/rhinolands.com\\\/wp-content\\\/uploads\\\/2020\\\/02\\\/AsuniLogoFinal-01.png\",\"width\":151,\"height\":46,\"caption\":\"Asuni Soft\"},\"image\":{\"@id\":\"https:\\\/\\\/rhinolands.com\\\/es\\\/#\\\/schema\\\/logo\\\/image\\\/\"}}]}<\/script>\n<!-- \/ Yoast SEO plugin. -->","yoast_head_json":{"title":"Certificaci\u00f3n acad\u00e9mica - RhinoLands","robots":{"index":"index","follow":"follow","max-snippet":"max-snippet:-1","max-image-preview":"max-image-preview:large","max-video-preview":"max-video-preview:-1"},"canonical":"https:\/\/rhinolands.com\/es\/sales\/proof-of-academic-status\/","og_locale":"es_ES","og_type":"article","og_title":"Certificaci\u00f3n acad\u00e9mica - RhinoLands","og_description":"Certificaci\u00f3n acad\u00e9mica Para pedir versiones educacionales y Lab, se requiere una certificar la condici\u00f3n de estudiante, centro docente o instituci\u00f3n acad\u00e9mica. Estudiantes Los estudiantes (al menos un semestre) que puedan acreditar con documentaci\u00f3n acad\u00e9mica v\u00e1lida que estudian en una escuela de secundaria, escuela t\u00e9cnica, universidad o cualquier centro acreditado oficialmente, tienen derecho a una licencia [&hellip;]","og_url":"https:\/\/rhinolands.com\/es\/sales\/proof-of-academic-status\/","og_site_name":"RhinoLands","article_modified_time":"2025-06-11T16:42:12+00:00","twitter_card":"summary_large_image","twitter_misc":{"Tiempo de lectura":"2 minutos"},"schema":{"@context":"https:\/\/schema.org","@graph":[{"@type":"WebPage","@id":"https:\/\/rhinolands.com\/es\/sales\/proof-of-academic-status\/","url":"https:\/\/rhinolands.com\/es\/sales\/proof-of-academic-status\/","name":"Certificaci\u00f3n acad\u00e9mica - RhinoLands","isPartOf":{"@id":"https:\/\/rhinolands.com\/es\/#website"},"datePublished":"2020-02-18T16:37:06+00:00","dateModified":"2025-06-11T16:42:12+00:00","breadcrumb":{"@id":"https:\/\/rhinolands.com\/es\/sales\/proof-of-academic-status\/#breadcrumb"},"inLanguage":"es","potentialAction":[{"@type":"ReadAction","target":["https:\/\/rhinolands.com\/es\/sales\/proof-of-academic-status\/"]}]},{"@type":"BreadcrumbList","@id":"https:\/\/rhinolands.com\/es\/sales\/proof-of-academic-status\/#breadcrumb","itemListElement":[{"@type":"ListItem","position":1,"name":"Home","item":"https:\/\/rhinolands.com\/es\/"},{"@type":"ListItem","position":2,"name":"Ventas","item":"https:\/\/rhinolands.com\/es\/sales\/"},{"@type":"ListItem","position":3,"name":"Certificaci\u00f3n acad\u00e9mica"}]},{"@type":"WebSite","@id":"https:\/\/rhinolands.com\/es\/#website","url":"https:\/\/rhinolands.com\/es\/","name":"RhinoLands","description":"BIM landscape software","publisher":{"@id":"https:\/\/rhinolands.com\/es\/#organization"},"potentialAction":[{"@type":"SearchAction","target":{"@type":"EntryPoint","urlTemplate":"https:\/\/rhinolands.com\/es\/?s={search_term_string}"},"query-input":{"@type":"PropertyValueSpecification","valueRequired":true,"valueName":"search_term_string"}}],"inLanguage":"es"},{"@type":"Organization","@id":"https:\/\/rhinolands.com\/es\/#organization","name":"Asuni Soft","url":"https:\/\/rhinolands.com\/es\/","logo":{"@type":"ImageObject","inLanguage":"es","@id":"https:\/\/rhinolands.com\/es\/#\/schema\/logo\/image\/","url":"https:\/\/rhinolands.com\/wp-content\/uploads\/2020\/02\/AsuniLogoFinal-01.png","contentUrl":"https:\/\/rhinolands.com\/wp-content\/uploads\/2020\/02\/AsuniLogoFinal-01.png","width":151,"height":46,"caption":"Asuni Soft"},"image":{"@id":"https:\/\/rhinolands.com\/es\/#\/schema\/logo\/image\/"}}]}},"_links":{"self":[{"href":"https:\/\/rhinolands.com\/es\/wp-json\/wp\/v2\/pages\/60362","targetHints":{"allow":["GET"]}}],"collection":[{"href":"https:\/\/rhinolands.com\/es\/wp-json\/wp\/v2\/pages"}],"about":[{"href":"https:\/\/rhinolands.com\/es\/wp-json\/wp\/v2\/types\/page"}],"author":[{"embeddable":true,"href":"https:\/\/rhinolands.com\/es\/wp-json\/wp\/v2\/users\/14"}],"replies":[{"embeddable":true,"href":"https:\/\/rhinolands.com\/es\/wp-json\/wp\/v2\/comments?post=60362"}],"version-history":[{"count":2,"href":"https:\/\/rhinolands.com\/es\/wp-json\/wp\/v2\/pages\/60362\/revisions"}],"predecessor-version":[{"id":84365,"href":"https:\/\/rhinolands.com\/es\/wp-json\/wp\/v2\/pages\/60362\/revisions\/84365"}],"up":[{"embeddable":true,"href":"https:\/\/rhinolands.com\/es\/wp-json\/wp\/v2\/pages\/60246"}],"wp:attachment":[{"href":"https:\/\/rhinolands.com\/es\/wp-json\/wp\/v2\/media?parent=60362"}],"curies":[{"name":"wp","href":"https:\/\/api.w.org\/{rel}","templated":true}]}}