{"id":60365,"date":"2020-02-18T16:37:08","date_gmt":"2020-02-18T16:37:08","guid":{"rendered":"https:\/\/rhinolands.com\/seminarios-web\/"},"modified":"2025-11-20T17:38:25","modified_gmt":"2025-11-20T16:38:25","slug":"webinars","status":"publish","type":"page","link":"https:\/\/rhinolands.com\/es\/learn\/webinars\/","title":{"rendered":"Seminarios web"},"content":{"rendered":"[et_pb_section fb_built=\u00bb1&#8243; admin_label=\u00bbsection\u00bb _builder_version=\u00bb4.16&#8243; da_disable_devices=\u00bboff|off|off\u00bb global_colors_info=\u00bb{}\u00bb da_is_popup=\u00bboff\u00bb da_exit_intent=\u00bboff\u00bb da_has_close=\u00bbon\u00bb da_alt_close=\u00bboff\u00bb da_dark_close=\u00bboff\u00bb da_not_modal=\u00bbon\u00bb da_is_singular=\u00bboff\u00bb da_with_loader=\u00bboff\u00bb da_has_shadow=\u00bbon\u00bb][et_pb_row admin_label=\u00bbfila\u00bb _builder_version=\u00bb4.16&#8243; background_size=\u00bbinitial\u00bb background_position=\u00bbtop_left\u00bb background_repeat=\u00bbrepeat\u00bb global_colors_info=\u00bb{}\u00bb][et_pb_column type=\u00bb4_4&#8243; _builder_version=\u00bb4.16&#8243; custom_padding=\u00bb|||\u00bb global_colors_info=\u00bb{}\u00bb custom_padding__hover=\u00bb|||\u00bb][et_pb_text _builder_version=\u00bb4.24.2&#8243; _module_preset=\u00bbdefault\u00bb global_colors_info=\u00bb{}\u00bb]<h1>Pr\u00f3ximo seminario web de Lands Design<\/h1>[\/et_pb_text][et_pb_text _builder_version=\u00bb4.27.2&#8243; _module_preset=\u00bbdefault\u00bb background_color=\u00bb#f4f4f4&#8243; custom_margin=\u00bb||||false|false\u00bb custom_padding=\u00bb20px||20px||false|false\u00bb global_colors_info=\u00bb{}\u00bb]\n<div class=\"wp-block-group is-layout-constrained wp-block-group-is-layout-constrained\">\n<p><strong><strong>Modelado de topograf\u00eda y nivelaci\u00f3n con RhinoLands (2D\/3D)<\/strong><\/strong><\/p>\n\n\n\n<p>Fecha: <strong>27\/11\/2025<\/strong><br\/>Hora: <strong>17:00 CEST<\/strong> (Europa Central) (convi\u00e9rtalo a su hora local <a href=\"https:\/\/dateful.com\/time-zone-converter?t=11am&amp;tz2=EST-EDT-Eastern-Time\">aqu\u00ed<\/a>)<br\/><\/p>\n\n\n\n<p>Este seminario web est\u00e1 dise\u00f1ado para todos los profesionales implicados en el modelado topogr\u00e1fico y el c\u00e1lculo de operaciones sobre el terreno, incluidos arquitectos, ingenieros civiles y paisajistas, entre otros.<\/p>\n\n\n\n<p><\/p>\n\n\n\n<div class=\"wp-block-buttons is-content-justification-center is-layout-flex wp-container-core-buttons-is-layout-16018d1d wp-block-buttons-is-layout-flex\">\n<div class=\"wp-block-button\"><a class=\"wp-block-button__link wp-element-button\" href=\"https:\/\/us02web.zoom.us\/meeting\/register\/cuhKbI0aSPaZPU_1Dnlifg\">Inscr\u00edbase ahora<\/a><\/div>\n<\/div>\n<\/div>\n[\/et_pb_text][et_pb_text _builder_version=\u00bb4.24.2&#8243; _module_preset=\u00bbdefault\u00bb global_colors_info=\u00bb{}\u00bb]<h3>Notif\u00edcame cuando haya un nuevo seminario web<\/h3><p>Suscr\u00edbase a nuestro <strong><a href=\"https:\/\/rhinolands.com\/es\/newsletter\/\">bolet\u00edn de noticias<\/a><\/strong> de RhinoLands para recibir informaci\u00f3n de los pr\u00f3ximos seminarios web sobre RhinoLands.<\/p>[\/et_pb_text][\/et_pb_column][\/et_pb_row][\/et_pb_section]","protected":false},"excerpt":{"rendered":"<p>Pr\u00f3ximo seminario web de Lands Design\n<div class=\"wp-block-group is-layout-constrained wp-block-group-is-layout-constrained\">\n<p><strong><strong>Modelado de topograf\u00eda y nivelaci\u00f3n con RhinoLands (2D\/3D)<\/strong><\/strong><\/p>\n\n\n\n<p>Fecha: <strong>27\/11\/2025<\/strong><br\/>Hora: <strong>17:00 CEST<\/strong> (Europa Central) (convi\u00e9rtalo a su hora local <a href=\"https:\/\/dateful.com\/time-zone-converter?t=11am&amp;tz2=EST-EDT-Eastern-Time\">aqu\u00ed<\/a>)<br\/><\/p>\n\n\n\n<p>Este seminario web est\u00e1 dise\u00f1ado para todos los profesionales implicados en el modelado topogr\u00e1fico y el c\u00e1lculo de operaciones sobre el terreno, incluidos arquitectos, ingenieros civiles y paisajistas, entre otros.<\/p>\n\n\n\n<p><\/p>\n\n\n\n<div class=\"wp-block-buttons is-content-justification-center is-layout-flex wp-container-core-buttons-is-layout-16018d1d wp-block-buttons-is-layout-flex\">\n<div class=\"wp-block-button\"><a class=\"wp-block-button__link wp-element-button\" href=\"https:\/\/us02web.zoom.us\/meeting\/register\/cuhKbI0aSPaZPU_1Dnlifg\">Inscr\u00edbase ahora<\/a><\/div>\n<\/div>\n<\/div>\nNotif\u00edcame cuando haya un nuevo seminario webSuscr\u00edbase a nuestro bolet\u00edn de noticias de RhinoLands para recibir informaci\u00f3n de los pr\u00f3ximos seminarios web sobre RhinoLands.<\/p>\n","protected":false},"author":1,"featured_media":0,"parent":60422,"menu_order":0,"comment_status":"closed","ping_status":"closed","template":"","meta":{"_et_pb_use_builder":"on","_et_pb_old_content":"<h1>Seminarios web grabados<\/h1><h2>Lands Design.<\/h2><p>Este seminario web muestra las funciones principales de Lands Design en Rhino, basadas en la versi\u00f3n BETA de Lands Design.<\/p><ul><li>Introducci\u00f3n a Lands Design<\/li><li>Barra de herramientas<\/li><li>Insertar plantas en una fila, bosque o arbusto<\/li><li>Crear un terreno desde curvas<\/li><li>Zonificar<\/li><li>Documentaci\u00f3n<\/li><li>Mobiliario<\/li><li>Paseo virtual<\/li><li>Cambiar representaci\u00f3n<\/li><\/ul><p><iframe src=\"https:\/\/www.youtube.com\/embed\/I31fNN19ulg?list=PLBKOaJp17CZp_4KP4qUOaDXwxKixO2FSM\" width=\"1195\" height=\"672\" frameborder=\"0\" allowfullscreen=\"allowfullscreen\"><\/iframe><\/p><h1>\u00bfQuiere aprender m\u00e1s?<\/h1><p><a href=\"\/learn\/online-demo\/\">Cont\u00e1ctenos y solicite una demo online gratuita<\/a><\/p>","_et_gb_content_width":"","footnotes":""},"class_list":["post-60365","page","type-page","status-publish","hentry"],"yoast_head":"<!-- This site is optimized with the Yoast SEO plugin v27.5 - https:\/\/yoast.com\/product\/yoast-seo-wordpress\/ -->\n<title>Seminarios web - RhinoLands<\/title>\n<meta name=\"description\" content=\"Seminarios web gratuitos para aprender dise\u00f1o paisaj\u00edstico con Lands Design. Aprenda a dise\u00f1ar, modelar y crear la documentaci\u00f3n de proyectos paisaj\u00edsticos.\" \/>\n<meta name=\"robots\" content=\"index, follow, max-snippet:-1, max-image-preview:large, max-video-preview:-1\" \/>\n<link rel=\"canonical\" href=\"https:\/\/rhinolands.com\/es\/learn\/webinars\/\" \/>\n<meta property=\"og:locale\" content=\"es_ES\" \/>\n<meta property=\"og:type\" content=\"article\" \/>\n<meta property=\"og:title\" content=\"Seminarios web - RhinoLands\" \/>\n<meta property=\"og:description\" content=\"Seminarios web gratuitos para aprender dise\u00f1o paisaj\u00edstico con Lands Design. Aprenda a dise\u00f1ar, modelar y crear la documentaci\u00f3n de proyectos paisaj\u00edsticos.\" \/>\n<meta property=\"og:url\" content=\"https:\/\/rhinolands.com\/es\/learn\/webinars\/\" \/>\n<meta property=\"og:site_name\" content=\"RhinoLands\" \/>\n<meta property=\"article:modified_time\" content=\"2025-11-20T16:38:25+00:00\" \/>\n<meta name=\"twitter:card\" content=\"summary_large_image\" \/>\n<meta name=\"twitter:label1\" content=\"Tiempo de lectura\" \/>\n\t<meta name=\"twitter:data1\" content=\"1 minuto\" \/>\n<script type=\"application\/ld+json\" class=\"yoast-schema-graph\">{\"@context\":\"https:\\\/\\\/schema.org\",\"@graph\":[{\"@type\":\"WebPage\",\"@id\":\"https:\\\/\\\/rhinolands.com\\\/es\\\/learn\\\/webinars\\\/\",\"url\":\"https:\\\/\\\/rhinolands.com\\\/es\\\/learn\\\/webinars\\\/\",\"name\":\"Seminarios web - RhinoLands\",\"isPartOf\":{\"@id\":\"https:\\\/\\\/rhinolands.com\\\/es\\\/#website\"},\"datePublished\":\"2020-02-18T16:37:08+00:00\",\"dateModified\":\"2025-11-20T16:38:25+00:00\",\"description\":\"Seminarios web gratuitos para aprender dise\u00f1o paisaj\u00edstico con Lands Design. Aprenda a dise\u00f1ar, modelar y crear la documentaci\u00f3n de proyectos paisaj\u00edsticos.\",\"breadcrumb\":{\"@id\":\"https:\\\/\\\/rhinolands.com\\\/es\\\/learn\\\/webinars\\\/#breadcrumb\"},\"inLanguage\":\"es\",\"potentialAction\":[{\"@type\":\"ReadAction\",\"target\":[\"https:\\\/\\\/rhinolands.com\\\/es\\\/learn\\\/webinars\\\/\"]}]},{\"@type\":\"BreadcrumbList\",\"@id\":\"https:\\\/\\\/rhinolands.com\\\/es\\\/learn\\\/webinars\\\/#breadcrumb\",\"itemListElement\":[{\"@type\":\"ListItem\",\"position\":1,\"name\":\"Home\",\"item\":\"https:\\\/\\\/rhinolands.com\\\/es\\\/\"},{\"@type\":\"ListItem\",\"position\":2,\"name\":\"Formaci\u00f3n\",\"item\":\"https:\\\/\\\/rhinolands.com\\\/es\\\/learn\\\/\"},{\"@type\":\"ListItem\",\"position\":3,\"name\":\"Seminarios web\"}]},{\"@type\":\"WebSite\",\"@id\":\"https:\\\/\\\/rhinolands.com\\\/es\\\/#website\",\"url\":\"https:\\\/\\\/rhinolands.com\\\/es\\\/\",\"name\":\"RhinoLands\",\"description\":\"BIM landscape software\",\"publisher\":{\"@id\":\"https:\\\/\\\/rhinolands.com\\\/es\\\/#organization\"},\"potentialAction\":[{\"@type\":\"SearchAction\",\"target\":{\"@type\":\"EntryPoint\",\"urlTemplate\":\"https:\\\/\\\/rhinolands.com\\\/es\\\/?s={search_term_string}\"},\"query-input\":{\"@type\":\"PropertyValueSpecification\",\"valueRequired\":true,\"valueName\":\"search_term_string\"}}],\"inLanguage\":\"es\"},{\"@type\":\"Organization\",\"@id\":\"https:\\\/\\\/rhinolands.com\\\/es\\\/#organization\",\"name\":\"Asuni Soft\",\"url\":\"https:\\\/\\\/rhinolands.com\\\/es\\\/\",\"logo\":{\"@type\":\"ImageObject\",\"inLanguage\":\"es\",\"@id\":\"https:\\\/\\\/rhinolands.com\\\/es\\\/#\\\/schema\\\/logo\\\/image\\\/\",\"url\":\"https:\\\/\\\/rhinolands.com\\\/wp-content\\\/uploads\\\/2020\\\/02\\\/AsuniLogoFinal-01.png\",\"contentUrl\":\"https:\\\/\\\/rhinolands.com\\\/wp-content\\\/uploads\\\/2020\\\/02\\\/AsuniLogoFinal-01.png\",\"width\":151,\"height\":46,\"caption\":\"Asuni Soft\"},\"image\":{\"@id\":\"https:\\\/\\\/rhinolands.com\\\/es\\\/#\\\/schema\\\/logo\\\/image\\\/\"}}]}<\/script>\n<!-- \/ Yoast SEO plugin. -->","yoast_head_json":{"title":"Seminarios web - RhinoLands","description":"Seminarios web gratuitos para aprender dise\u00f1o paisaj\u00edstico con Lands Design. Aprenda a dise\u00f1ar, modelar y crear la documentaci\u00f3n de proyectos paisaj\u00edsticos.","robots":{"index":"index","follow":"follow","max-snippet":"max-snippet:-1","max-image-preview":"max-image-preview:large","max-video-preview":"max-video-preview:-1"},"canonical":"https:\/\/rhinolands.com\/es\/learn\/webinars\/","og_locale":"es_ES","og_type":"article","og_title":"Seminarios web - RhinoLands","og_description":"Seminarios web gratuitos para aprender dise\u00f1o paisaj\u00edstico con Lands Design. Aprenda a dise\u00f1ar, modelar y crear la documentaci\u00f3n de proyectos paisaj\u00edsticos.","og_url":"https:\/\/rhinolands.com\/es\/learn\/webinars\/","og_site_name":"RhinoLands","article_modified_time":"2025-11-20T16:38:25+00:00","twitter_card":"summary_large_image","twitter_misc":{"Tiempo de lectura":"1 minuto"},"schema":{"@context":"https:\/\/schema.org","@graph":[{"@type":"WebPage","@id":"https:\/\/rhinolands.com\/es\/learn\/webinars\/","url":"https:\/\/rhinolands.com\/es\/learn\/webinars\/","name":"Seminarios web - RhinoLands","isPartOf":{"@id":"https:\/\/rhinolands.com\/es\/#website"},"datePublished":"2020-02-18T16:37:08+00:00","dateModified":"2025-11-20T16:38:25+00:00","description":"Seminarios web gratuitos para aprender dise\u00f1o paisaj\u00edstico con Lands Design. Aprenda a dise\u00f1ar, modelar y crear la documentaci\u00f3n de proyectos paisaj\u00edsticos.","breadcrumb":{"@id":"https:\/\/rhinolands.com\/es\/learn\/webinars\/#breadcrumb"},"inLanguage":"es","potentialAction":[{"@type":"ReadAction","target":["https:\/\/rhinolands.com\/es\/learn\/webinars\/"]}]},{"@type":"BreadcrumbList","@id":"https:\/\/rhinolands.com\/es\/learn\/webinars\/#breadcrumb","itemListElement":[{"@type":"ListItem","position":1,"name":"Home","item":"https:\/\/rhinolands.com\/es\/"},{"@type":"ListItem","position":2,"name":"Formaci\u00f3n","item":"https:\/\/rhinolands.com\/es\/learn\/"},{"@type":"ListItem","position":3,"name":"Seminarios web"}]},{"@type":"WebSite","@id":"https:\/\/rhinolands.com\/es\/#website","url":"https:\/\/rhinolands.com\/es\/","name":"RhinoLands","description":"BIM landscape software","publisher":{"@id":"https:\/\/rhinolands.com\/es\/#organization"},"potentialAction":[{"@type":"SearchAction","target":{"@type":"EntryPoint","urlTemplate":"https:\/\/rhinolands.com\/es\/?s={search_term_string}"},"query-input":{"@type":"PropertyValueSpecification","valueRequired":true,"valueName":"search_term_string"}}],"inLanguage":"es"},{"@type":"Organization","@id":"https:\/\/rhinolands.com\/es\/#organization","name":"Asuni Soft","url":"https:\/\/rhinolands.com\/es\/","logo":{"@type":"ImageObject","inLanguage":"es","@id":"https:\/\/rhinolands.com\/es\/#\/schema\/logo\/image\/","url":"https:\/\/rhinolands.com\/wp-content\/uploads\/2020\/02\/AsuniLogoFinal-01.png","contentUrl":"https:\/\/rhinolands.com\/wp-content\/uploads\/2020\/02\/AsuniLogoFinal-01.png","width":151,"height":46,"caption":"Asuni Soft"},"image":{"@id":"https:\/\/rhinolands.com\/es\/#\/schema\/logo\/image\/"}}]}},"_links":{"self":[{"href":"https:\/\/rhinolands.com\/es\/wp-json\/wp\/v2\/pages\/60365","targetHints":{"allow":["GET"]}}],"collection":[{"href":"https:\/\/rhinolands.com\/es\/wp-json\/wp\/v2\/pages"}],"about":[{"href":"https:\/\/rhinolands.com\/es\/wp-json\/wp\/v2\/types\/page"}],"author":[{"embeddable":true,"href":"https:\/\/rhinolands.com\/es\/wp-json\/wp\/v2\/users\/1"}],"replies":[{"embeddable":true,"href":"https:\/\/rhinolands.com\/es\/wp-json\/wp\/v2\/comments?post=60365"}],"version-history":[{"count":3,"href":"https:\/\/rhinolands.com\/es\/wp-json\/wp\/v2\/pages\/60365\/revisions"}],"predecessor-version":[{"id":86320,"href":"https:\/\/rhinolands.com\/es\/wp-json\/wp\/v2\/pages\/60365\/revisions\/86320"}],"up":[{"embeddable":true,"href":"https:\/\/rhinolands.com\/es\/wp-json\/wp\/v2\/pages\/60422"}],"wp:attachment":[{"href":"https:\/\/rhinolands.com\/es\/wp-json\/wp\/v2\/media?parent=60365"}],"curies":[{"name":"wp","href":"https:\/\/api.w.org\/{rel}","templated":true}]}}