{"id":60410,"date":"2020-02-18T16:44:35","date_gmt":"2020-02-18T16:44:35","guid":{"rendered":"https:\/\/rhinolands.com\/proyectos\/"},"modified":"2025-10-23T16:31:43","modified_gmt":"2025-10-23T14:31:43","slug":"projects","status":"publish","type":"page","link":"https:\/\/rhinolands.com\/es\/projects\/","title":{"rendered":"Proyectos"},"content":{"rendered":"[et_pb_section fb_built=\u00bb1&#8243; admin_label=\u00bbsection\u00bb _builder_version=\u00bb4.16&#8243; da_disable_devices=\u00bboff|off|off\u00bb global_colors_info=\u00bb{}\u00bb da_is_popup=\u00bboff\u00bb da_exit_intent=\u00bboff\u00bb da_has_close=\u00bbon\u00bb da_alt_close=\u00bboff\u00bb da_dark_close=\u00bboff\u00bb da_not_modal=\u00bbon\u00bb da_is_singular=\u00bboff\u00bb da_with_loader=\u00bboff\u00bb da_has_shadow=\u00bbon\u00bb][et_pb_row admin_label=\u00bbfila\u00bb _builder_version=\u00bb4.16&#8243; background_size=\u00bbinitial\u00bb background_position=\u00bbtop_left\u00bb background_repeat=\u00bbrepeat\u00bb global_colors_info=\u00bb{}\u00bb][et_pb_column type=\u00bb4_4&#8243; _builder_version=\u00bb4.16&#8243; custom_padding=\u00bb|||\u00bb global_colors_info=\u00bb{}\u00bb custom_padding__hover=\u00bb|||\u00bb][et_pb_post_title meta=\u00bboff\u00bb featured_image=\u00bboff\u00bb admin_label=\u00bbTitulo de la p\u00e1gina\u00bb _builder_version=\u00bb4.16&#8243; title_font=\u00bb|on|||\u00bb title_font_size=\u00bb30px\u00bb title_all_caps=\u00bboff\u00bb background_color=\u00bbrgba(255,255,255,0)\u00bb parallax=\u00bbon\u00bb custom_margin=\u00bb||0px|\u00bb parallax_effect=\u00bbon\u00bb module_bg_color=\u00bbrgba(255,255,255,0)\u00bb use_border_color=\u00bboff\u00bb border_color=\u00bb#ffffff\u00bb border_style=\u00bbsolid\u00bb saved_tabs=\u00bball\u00bb global_colors_info=\u00bb{}\u00bb][\/et_pb_post_title][et_pb_text _builder_version=\u00bb4.27.4&#8243; text_font_size=\u00bb18px\u00bb background_size=\u00bbinitial\u00bb background_position=\u00bbtop_left\u00bb background_repeat=\u00bbrepeat\u00bb hover_enabled=\u00bb0&#8243; z_index_tablet=\u00bb500&#8243; use_border_color=\u00bboff\u00bb global_colors_info=\u00bb{}\u00bb sticky_enabled=\u00bb0&#8243;]<p><strong>\u00bfQuiere ver sus proyectos en la galer\u00eda de RhinoLands?<\/strong><a href=\"mailto:lands@asuni.com\">Env\u00edenoslos<\/a>.<\/p>[\/et_pb_text][et_pb_portfolio fullwidth=\u00bboff\u00bb posts_number=\u00bb120&#8243; include_categories=\u00bball\u00bb show_pagination=\u00bboff\u00bb zoom_icon_color=\u00bbRGBA(255,255,255,0)\u00bb hover_overlay_color=\u00bbRGBA(255,255,255,0)\u00bb module_class=\u00bbthree-column-grid\u00bb _builder_version=\u00bb4.27.4&#8243; title_font=\u00bb||||||||\u00bb title_font_size=\u00bb20px\u00bb title_line_height=\u00bb1.3em\u00bb background_size=\u00bbinitial\u00bb background_position=\u00bbtop_left\u00bb background_repeat=\u00bbrepeat\u00bb hover_enabled=\u00bb0&#8243; z_index_tablet=\u00bb500&#8243; custom_css_free_form=\u00bb\/* Badge con icono *\/||.et_pb_portfolio_item .post-meta a {||  padding: 8px 16px;||  background-color: #F0F6EF;||  color: #333;||  font-size: 13px;||  font-weight: 600;||  border-radius: 999px;||  line-height: 1.2;||  transition: background-color 0.2s ease, color 0.2s ease, transform 0.2s ease;||}||||\/* Icono antes del texto *\/||.et_pb_portfolio_item .post-meta a::before {||  font-family: %22ETmodules%22;||  content: %22%92e092%22; \/* icono de descarga *\/||  display: inline-block;||  margin-right: 6px;||  font-size: 14px;||  vertical-align: middle;||  color: #679e3c; \/* color del icono *\/;||}||||||\u00bb custom_css_portfolio_post_meta=\u00bbmargin-top: 16px;||pointer-events: none;||cursor: default;||\u00bb global_colors_info=\u00bb{}\u00bb box_shadow_horizontal_image__hover_enabled=\u00bboff|desktop\u00bb box_shadow_vertical_image__hover_enabled=\u00bboff|desktop\u00bb filter_opacity__hover_enabled=\u00bboff|hover\u00bb child_filter_opacity__hover_enabled=\u00bboff|desktop\u00bb box_shadow_blur_image__hover_enabled=\u00bboff|desktop\u00bb box_shadow_blur_image__hover=\u00bb18px\u00bb custom_css_portfolio_image=\u00bbmargin-bottom: 16px;\u00bb sticky_enabled=\u00bb0&#8243;][\/et_pb_portfolio][\/et_pb_column][\/et_pb_row][\/et_pb_section]","protected":false},"excerpt":{"rendered":"<p>Im\u00e1genes enviadas por nuestros clientes que muestran diferentes usos de las herramientas de VisualARQ.<\/p>\n","protected":false},"author":1,"featured_media":0,"parent":0,"menu_order":20,"comment_status":"closed","ping_status":"closed","template":"","meta":{"_et_pb_use_builder":"on","_et_pb_old_content":"","_et_gb_content_width":"","footnotes":""},"class_list":["post-60410","page","type-page","status-publish","hentry"],"yoast_head":"<!-- This site is optimized with the Yoast SEO plugin v27.3 - https:\/\/yoast.com\/product\/yoast-seo-wordpress\/ -->\n<title>Proyectos - RhinoLands<\/title>\n<meta name=\"description\" content=\"Galer\u00eda de proyectos de paisajismo creados con Lands Design. El modelado y la visualizaci\u00f3n 3D de Lands Design se combinan con el renderizado para crear im\u00e1genes realistas.\" \/>\n<meta name=\"robots\" content=\"index, follow, max-snippet:-1, max-image-preview:large, max-video-preview:-1\" \/>\n<link rel=\"canonical\" href=\"https:\/\/rhinolands.com\/es\/projects\/\" \/>\n<meta property=\"og:locale\" content=\"es_ES\" \/>\n<meta property=\"og:type\" content=\"article\" \/>\n<meta property=\"og:title\" content=\"Proyectos - RhinoLands\" \/>\n<meta property=\"og:description\" content=\"Galer\u00eda de proyectos de paisajismo creados con Lands Design. El modelado y la visualizaci\u00f3n 3D de Lands Design se combinan con el renderizado para crear im\u00e1genes realistas.\" \/>\n<meta property=\"og:url\" content=\"https:\/\/rhinolands.com\/es\/projects\/\" \/>\n<meta property=\"og:site_name\" content=\"RhinoLands\" \/>\n<meta property=\"article:modified_time\" content=\"2025-10-23T14:31:43+00:00\" \/>\n<meta name=\"twitter:card\" content=\"summary_large_image\" \/>\n<meta name=\"twitter:label1\" content=\"Tiempo de lectura\" \/>\n\t<meta name=\"twitter:data1\" content=\"1 minuto\" \/>\n<script type=\"application\/ld+json\" class=\"yoast-schema-graph\">{\"@context\":\"https:\\\/\\\/schema.org\",\"@graph\":[{\"@type\":\"WebPage\",\"@id\":\"https:\\\/\\\/rhinolands.com\\\/es\\\/projects\\\/\",\"url\":\"https:\\\/\\\/rhinolands.com\\\/es\\\/projects\\\/\",\"name\":\"Proyectos - RhinoLands\",\"isPartOf\":{\"@id\":\"https:\\\/\\\/rhinolands.com\\\/es\\\/#website\"},\"datePublished\":\"2020-02-18T16:44:35+00:00\",\"dateModified\":\"2025-10-23T14:31:43+00:00\",\"description\":\"Galer\u00eda de proyectos de paisajismo creados con Lands Design. El modelado y la visualizaci\u00f3n 3D de Lands Design se combinan con el renderizado para crear im\u00e1genes realistas.\",\"breadcrumb\":{\"@id\":\"https:\\\/\\\/rhinolands.com\\\/es\\\/projects\\\/#breadcrumb\"},\"inLanguage\":\"es\",\"potentialAction\":[{\"@type\":\"ReadAction\",\"target\":[\"https:\\\/\\\/rhinolands.com\\\/es\\\/projects\\\/\"]}]},{\"@type\":\"BreadcrumbList\",\"@id\":\"https:\\\/\\\/rhinolands.com\\\/es\\\/projects\\\/#breadcrumb\",\"itemListElement\":[{\"@type\":\"ListItem\",\"position\":1,\"name\":\"Home\",\"item\":\"https:\\\/\\\/rhinolands.com\\\/es\\\/\"},{\"@type\":\"ListItem\",\"position\":2,\"name\":\"Proyectos\"}]},{\"@type\":\"WebSite\",\"@id\":\"https:\\\/\\\/rhinolands.com\\\/es\\\/#website\",\"url\":\"https:\\\/\\\/rhinolands.com\\\/es\\\/\",\"name\":\"RhinoLands\",\"description\":\"BIM landscape software\",\"publisher\":{\"@id\":\"https:\\\/\\\/rhinolands.com\\\/es\\\/#organization\"},\"potentialAction\":[{\"@type\":\"SearchAction\",\"target\":{\"@type\":\"EntryPoint\",\"urlTemplate\":\"https:\\\/\\\/rhinolands.com\\\/es\\\/?s={search_term_string}\"},\"query-input\":{\"@type\":\"PropertyValueSpecification\",\"valueRequired\":true,\"valueName\":\"search_term_string\"}}],\"inLanguage\":\"es\"},{\"@type\":\"Organization\",\"@id\":\"https:\\\/\\\/rhinolands.com\\\/es\\\/#organization\",\"name\":\"Asuni Soft\",\"url\":\"https:\\\/\\\/rhinolands.com\\\/es\\\/\",\"logo\":{\"@type\":\"ImageObject\",\"inLanguage\":\"es\",\"@id\":\"https:\\\/\\\/rhinolands.com\\\/es\\\/#\\\/schema\\\/logo\\\/image\\\/\",\"url\":\"https:\\\/\\\/rhinolands.com\\\/wp-content\\\/uploads\\\/2020\\\/02\\\/AsuniLogoFinal-01.png\",\"contentUrl\":\"https:\\\/\\\/rhinolands.com\\\/wp-content\\\/uploads\\\/2020\\\/02\\\/AsuniLogoFinal-01.png\",\"width\":151,\"height\":46,\"caption\":\"Asuni Soft\"},\"image\":{\"@id\":\"https:\\\/\\\/rhinolands.com\\\/es\\\/#\\\/schema\\\/logo\\\/image\\\/\"}}]}<\/script>\n<!-- \/ Yoast SEO plugin. -->","yoast_head_json":{"title":"Proyectos - RhinoLands","description":"Galer\u00eda de proyectos de paisajismo creados con Lands Design. El modelado y la visualizaci\u00f3n 3D de Lands Design se combinan con el renderizado para crear im\u00e1genes realistas.","robots":{"index":"index","follow":"follow","max-snippet":"max-snippet:-1","max-image-preview":"max-image-preview:large","max-video-preview":"max-video-preview:-1"},"canonical":"https:\/\/rhinolands.com\/es\/projects\/","og_locale":"es_ES","og_type":"article","og_title":"Proyectos - RhinoLands","og_description":"Galer\u00eda de proyectos de paisajismo creados con Lands Design. El modelado y la visualizaci\u00f3n 3D de Lands Design se combinan con el renderizado para crear im\u00e1genes realistas.","og_url":"https:\/\/rhinolands.com\/es\/projects\/","og_site_name":"RhinoLands","article_modified_time":"2025-10-23T14:31:43+00:00","twitter_card":"summary_large_image","twitter_misc":{"Tiempo de lectura":"1 minuto"},"schema":{"@context":"https:\/\/schema.org","@graph":[{"@type":"WebPage","@id":"https:\/\/rhinolands.com\/es\/projects\/","url":"https:\/\/rhinolands.com\/es\/projects\/","name":"Proyectos - RhinoLands","isPartOf":{"@id":"https:\/\/rhinolands.com\/es\/#website"},"datePublished":"2020-02-18T16:44:35+00:00","dateModified":"2025-10-23T14:31:43+00:00","description":"Galer\u00eda de proyectos de paisajismo creados con Lands Design. El modelado y la visualizaci\u00f3n 3D de Lands Design se combinan con el renderizado para crear im\u00e1genes realistas.","breadcrumb":{"@id":"https:\/\/rhinolands.com\/es\/projects\/#breadcrumb"},"inLanguage":"es","potentialAction":[{"@type":"ReadAction","target":["https:\/\/rhinolands.com\/es\/projects\/"]}]},{"@type":"BreadcrumbList","@id":"https:\/\/rhinolands.com\/es\/projects\/#breadcrumb","itemListElement":[{"@type":"ListItem","position":1,"name":"Home","item":"https:\/\/rhinolands.com\/es\/"},{"@type":"ListItem","position":2,"name":"Proyectos"}]},{"@type":"WebSite","@id":"https:\/\/rhinolands.com\/es\/#website","url":"https:\/\/rhinolands.com\/es\/","name":"RhinoLands","description":"BIM landscape software","publisher":{"@id":"https:\/\/rhinolands.com\/es\/#organization"},"potentialAction":[{"@type":"SearchAction","target":{"@type":"EntryPoint","urlTemplate":"https:\/\/rhinolands.com\/es\/?s={search_term_string}"},"query-input":{"@type":"PropertyValueSpecification","valueRequired":true,"valueName":"search_term_string"}}],"inLanguage":"es"},{"@type":"Organization","@id":"https:\/\/rhinolands.com\/es\/#organization","name":"Asuni Soft","url":"https:\/\/rhinolands.com\/es\/","logo":{"@type":"ImageObject","inLanguage":"es","@id":"https:\/\/rhinolands.com\/es\/#\/schema\/logo\/image\/","url":"https:\/\/rhinolands.com\/wp-content\/uploads\/2020\/02\/AsuniLogoFinal-01.png","contentUrl":"https:\/\/rhinolands.com\/wp-content\/uploads\/2020\/02\/AsuniLogoFinal-01.png","width":151,"height":46,"caption":"Asuni Soft"},"image":{"@id":"https:\/\/rhinolands.com\/es\/#\/schema\/logo\/image\/"}}]}},"_links":{"self":[{"href":"https:\/\/rhinolands.com\/es\/wp-json\/wp\/v2\/pages\/60410","targetHints":{"allow":["GET"]}}],"collection":[{"href":"https:\/\/rhinolands.com\/es\/wp-json\/wp\/v2\/pages"}],"about":[{"href":"https:\/\/rhinolands.com\/es\/wp-json\/wp\/v2\/types\/page"}],"author":[{"embeddable":true,"href":"https:\/\/rhinolands.com\/es\/wp-json\/wp\/v2\/users\/1"}],"replies":[{"embeddable":true,"href":"https:\/\/rhinolands.com\/es\/wp-json\/wp\/v2\/comments?post=60410"}],"version-history":[{"count":3,"href":"https:\/\/rhinolands.com\/es\/wp-json\/wp\/v2\/pages\/60410\/revisions"}],"predecessor-version":[{"id":85967,"href":"https:\/\/rhinolands.com\/es\/wp-json\/wp\/v2\/pages\/60410\/revisions\/85967"}],"wp:attachment":[{"href":"https:\/\/rhinolands.com\/es\/wp-json\/wp\/v2\/media?parent=60410"}],"curies":[{"name":"wp","href":"https:\/\/api.w.org\/{rel}","templated":true}]}}