{"id":60416,"date":"2020-02-18T16:44:41","date_gmt":"2020-02-18T16:44:41","guid":{"rendered":"https:\/\/rhinolands.com\/soporte\/"},"modified":"2024-09-10T15:35:51","modified_gmt":"2024-09-10T13:35:51","slug":"support","status":"publish","type":"page","link":"https:\/\/rhinolands.com\/es\/support\/","title":{"rendered":"Soporte"},"content":{"rendered":"[et_pb_section fb_built=\u00bb1&#8243; _builder_version=\u00bb4.24.2&#8243; _module_preset=\u00bbdefault\u00bb da_disable_devices=\u00bboff|off|off\u00bb global_colors_info=\u00bb{}\u00bb da_is_popup=\u00bboff\u00bb da_exit_intent=\u00bboff\u00bb da_has_close=\u00bbon\u00bb da_alt_close=\u00bboff\u00bb da_dark_close=\u00bboff\u00bb da_not_modal=\u00bbon\u00bb da_is_singular=\u00bboff\u00bb da_with_loader=\u00bboff\u00bb da_has_shadow=\u00bbon\u00bb][et_pb_row _builder_version=\u00bb4.24.2&#8243; _module_preset=\u00bbdefault\u00bb global_colors_info=\u00bb{}\u00bb][et_pb_column type=\u00bb4_4&#8243; _builder_version=\u00bb4.24.2&#8243; _module_preset=\u00bbdefault\u00bb global_colors_info=\u00bb{}\u00bb][et_pb_post_title meta=\u00bboff\u00bb featured_image=\u00bboff\u00bb _builder_version=\u00bb4.24.2&#8243; _module_preset=\u00bbdefault\u00bb global_colors_info=\u00bb{}\u00bb][\/et_pb_post_title][et_pb_text _builder_version=\u00bb4.24.2&#8243; _module_preset=\u00bbdefault\u00bb global_colors_info=\u00bb{}\u00bb]<p>Estas son algunas de las opciones de soporte disponibles:<\/p>[\/et_pb_text][\/et_pb_column][\/et_pb_row][et_pb_row column_structure=\u00bb1_2,1_2&#8243; _builder_version=\u00bb4.24.2&#8243; _module_preset=\u00bbdefault\u00bb custom_margin=\u00bb||||false|false\u00bb custom_padding=\u00bb10px||10px||false|false\u00bb global_colors_info=\u00bb{}\u00bb][et_pb_column type=\u00bb1_2&#8243; _builder_version=\u00bb4.24.2&#8243; _module_preset=\u00bbdefault\u00bb border_radii=\u00bbon|12px|12px|12px|12px\u00bb border_width_all=\u00bb1px\u00bb border_color_all=\u00bb#D6D6D6&#8243; box_shadow_style=\u00bbpreset1&#8243; box_shadow_blur=\u00bb6px\u00bb global_colors_info=\u00bb{}\u00bb box_shadow_blur__hover_enabled=\u00bbon|hover\u00bb box_shadow_blur__hover=\u00bb18px\u00bb][et_pb_blurb title=\u00bbGu\u00eda del usuario\u00bb use_icon=\u00bbon\u00bb font_icon=\u00bb&#xe086;||divi||400&#8243; icon_placement=\u00bbleft\u00bb _builder_version=\u00bb4.27.0&#8243; _module_preset=\u00bbdefault\u00bb min_height=\u00bb100px\u00bb custom_padding=\u00bb14px|20px|14px|20px|false|false\u00bb animation=\u00bboff\u00bb link_option_url=\u00bbhttps:\/\/help.rhinolands.com\/es-es\/\u00bb hover_enabled=\u00bb0&#8243; global_colors_info=\u00bb{}\u00bb sticky_enabled=\u00bb0&#8243;]<p>Gu\u00eda de ayuda con todos los temas y comandos de RhinoLands<\/p>[\/et_pb_blurb][\/et_pb_column][et_pb_column type=\u00bb1_2&#8243; _builder_version=\u00bb4.24.2&#8243; _module_preset=\u00bbdefault\u00bb border_radii=\u00bbon|12px|12px|12px|12px\u00bb border_width_all=\u00bb1px\u00bb border_color_all=\u00bb#D6D6D6&#8243; box_shadow_style=\u00bbpreset1&#8243; box_shadow_blur=\u00bb6px\u00bb global_colors_info=\u00bb{}\u00bb box_shadow_blur__hover_enabled=\u00bbon|hover\u00bb box_shadow_blur__hover=\u00bb18px\u00bb][et_pb_blurb title=\u00bbForo\u00bb use_icon=\u00bbon\u00bb font_icon=\u00bb&#xf086;||fa||900&#8243; icon_placement=\u00bbleft\u00bb _builder_version=\u00bb4.24.2&#8243; _module_preset=\u00bbdefault\u00bb min_height=\u00bb100px\u00bb custom_padding=\u00bb14px|20px|14px|20px|false|false\u00bb animation=\u00bboff\u00bb link_option_url=\u00bbhttps:\/\/discourse.mcneel.com\/c\/plug-ins\/Lands\u00bb global_colors_info=\u00bb{}\u00bb]<p>\u00danase a la comunidad de RhinoLands para encontrar y compartir soluciones a los problemas m\u00e1s comunes.<\/p>[\/et_pb_blurb][\/et_pb_column][\/et_pb_row][et_pb_row column_structure=\u00bb1_2,1_2&#8243; _builder_version=\u00bb4.24.2&#8243; _module_preset=\u00bbdefault\u00bb custom_margin=\u00bb||||false|false\u00bb custom_padding=\u00bb10px||10px||false|false\u00bb global_colors_info=\u00bb{}\u00bb][et_pb_column type=\u00bb1_2&#8243; _builder_version=\u00bb4.24.2&#8243; _module_preset=\u00bbdefault\u00bb border_radii=\u00bbon|12px|12px|12px|12px\u00bb border_width_all=\u00bb1px\u00bb border_color_all=\u00bb#D6D6D6&#8243; box_shadow_style=\u00bbpreset1&#8243; box_shadow_blur=\u00bb6px\u00bb global_colors_info=\u00bb{}\u00bb box_shadow_blur__hover=\u00bb18px\u00bb box_shadow_blur__hover_enabled=\u00bbon|hover\u00bb][et_pb_blurb title=\u00bbFAQ\u00bb use_icon=\u00bbon\u00bb font_icon=\u00bb&#xe064;||divi||400&#8243; icon_placement=\u00bbleft\u00bb _builder_version=\u00bb4.24.2&#8243; _module_preset=\u00bbdefault\u00bb min_height=\u00bb100px\u00bb custom_padding=\u00bb14px|20px|14px|20px|false|false\u00bb animation=\u00bboff\u00bb link_option_url=\u00bbhttps:\/\/rhinolands.com\/es\/support\/faqs\/\u00bb global_colors_info=\u00bb{}\u00bb]<p>FAQ t\u00e9cnicas (preguntas frecuentes)<\/p>[\/et_pb_blurb][\/et_pb_column][et_pb_column type=\u00bb1_2&#8243; _builder_version=\u00bb4.24.2&#8243; _module_preset=\u00bbdefault\u00bb border_radii=\u00bbon|12px|12px|12px|12px\u00bb border_width_all=\u00bb1px\u00bb border_color_all=\u00bb#D6D6D6&#8243; box_shadow_style=\u00bbpreset1&#8243; box_shadow_blur=\u00bb6px\u00bb global_colors_info=\u00bb{}\u00bb box_shadow_blur__hover=\u00bb18px\u00bb box_shadow_blur__hover_enabled=\u00bbon|hover\u00bb][et_pb_blurb title=\u00bbSugerencias y trucos\u00bb use_icon=\u00bbon\u00bb font_icon=\u00bb&#xf0eb;||fa||900&#8243; icon_placement=\u00bbleft\u00bb _builder_version=\u00bb4.24.2&#8243; _module_preset=\u00bbdefault\u00bb min_height=\u00bb100px\u00bb custom_padding=\u00bb14px|20px|14px|20px|false|false\u00bb animation=\u00bboff\u00bb link_option_url=\u00bbhttps:\/\/rhinolands.com\/es\/support\/tips\/\u00bb global_colors_info=\u00bb{}\u00bb]<p>Sugerencias y trucos para aumentar la productividad con RhinoLands<\/p>[\/et_pb_blurb][\/et_pb_column][\/et_pb_row][et_pb_row _builder_version=\u00bb4.24.2&#8243; _module_preset=\u00bbdefault\u00bb global_colors_info=\u00bb{}\u00bb][et_pb_column type=\u00bb4_4&#8243; _builder_version=\u00bb4.24.2&#8243; _module_preset=\u00bbdefault\u00bb global_colors_info=\u00bb{}\u00bb][et_pb_text _builder_version=\u00bb4.24.2&#8243; _module_preset=\u00bbdefault\u00bb global_colors_info=\u00bb{}\u00bb]<p><strong>Para soporte t\u00e9cnico\/comercial y servicio en su idioma local, p\u00f3ngase en contacto con su distribuidor.<\/strong><br \/>Siempre puede contactarnos por correo electr\u00f3nico o tel\u00e9fono si tiene preguntas sobre RhinoLands o si desea compartir sus ideas y enviarnos comentarios para mejorar el programa. No dude en ponerse en contacto con nosotros.<\/p>\r\n<p><strong>Ind\u00edquenos la plataforma y la versi\u00f3n (Rhino o AutoCAD) en la que est\u00e9 utilizando RhinoLands o Lands Design cuando solicite soporte a trav\u00e9s de correo electr\u00f3nico. As\u00ed podremos ayudarle a encontrar una soluci\u00f3n m\u00e1s f\u00e1cilmente.<\/strong><\/p>[\/et_pb_text][\/et_pb_column][\/et_pb_row][et_pb_row column_structure=\u00bb1_2,1_2&#8243; _builder_version=\u00bb4.24.2&#8243; _module_preset=\u00bbdefault\u00bb width=\u00bb40%\u00bb global_colors_info=\u00bb{}\u00bb][et_pb_column type=\u00bb1_2&#8243; _builder_version=\u00bb4.24.2&#8243; _module_preset=\u00bbdefault\u00bb global_colors_info=\u00bb{}\u00bb][et_pb_blurb title=\u00bbCorreo electr\u00f3nico\u00bb use_icon=\u00bbon\u00bb font_icon=\u00bb&#xf0e0;||fa||900&#8243; icon_placement=\u00bbleft\u00bb _builder_version=\u00bb4.27.0&#8243; _module_preset=\u00bbdefault\u00bb animation=\u00bboff\u00bb global_colors_info=\u00bb{}\u00bb]<p><span>rhinolands@asuni.com<\/span><\/p>[\/et_pb_blurb][\/et_pb_column][et_pb_column type=\u00bb1_2&#8243; _builder_version=\u00bb4.24.2&#8243; _module_preset=\u00bbdefault\u00bb global_colors_info=\u00bb{}\u00bb][et_pb_blurb title=\u00bbTel\u00e9fono\u00bb use_icon=\u00bbon\u00bb font_icon=\u00bb&#xf879;||fa||900&#8243; icon_placement=\u00bbleft\u00bb _builder_version=\u00bb4.24.2&#8243; _module_preset=\u00bbdefault\u00bb animation=\u00bboff\u00bb global_colors_info=\u00bb{}\u00bb]<p>+34 93 319 6868<\/p>[\/et_pb_blurb][\/et_pb_column][\/et_pb_row][\/et_pb_section]","protected":false},"excerpt":{"rendered":"<p>Estas son algunas de las opciones de soporte disponibles:Gu\u00eda de ayuda con todos los temas y comandos de RhinoLands\u00danase a la comunidad de RhinoLands para encontrar y compartir soluciones a los problemas m\u00e1s comunes.FAQ t\u00e9cnicas (preguntas frecuentes)Sugerencias y trucos para aumentar la productividad con RhinoLandsPara soporte t\u00e9cnico\/comercial y servicio en su idioma local, p\u00f3ngase en [&hellip;]<\/p>\n","protected":false},"author":1,"featured_media":0,"parent":0,"menu_order":60,"comment_status":"closed","ping_status":"closed","template":"","meta":{"_et_pb_use_builder":"on","_et_pb_old_content":"","_et_gb_content_width":"","footnotes":""},"class_list":["post-60416","page","type-page","status-publish","hentry"],"yoast_head":"<!-- This site is optimized with the Yoast SEO plugin v27.3 - https:\/\/yoast.com\/product\/yoast-seo-wordpress\/ -->\n<title>Soporte - RhinoLands<\/title>\n<meta name=\"description\" content=\"Consulte las Preguntas frecuentes y los Consejos y trucos para obtener soluciones r\u00e1pidas. \u00danase a la comunidad a trav\u00e9s del Foro de RhinoLands. Tambi\u00e9n ofrecemos soporte por correo electr\u00f3nico o tel\u00e9fono.\" \/>\n<meta name=\"robots\" content=\"index, follow, max-snippet:-1, max-image-preview:large, max-video-preview:-1\" \/>\n<link rel=\"canonical\" href=\"https:\/\/rhinolands.com\/es\/support\/\" \/>\n<meta property=\"og:locale\" content=\"es_ES\" \/>\n<meta property=\"og:type\" content=\"article\" \/>\n<meta property=\"og:title\" content=\"Soporte - RhinoLands\" \/>\n<meta property=\"og:description\" content=\"Consulte las Preguntas frecuentes y los Consejos y trucos para obtener soluciones r\u00e1pidas. \u00danase a la comunidad a trav\u00e9s del Foro de RhinoLands. Tambi\u00e9n ofrecemos soporte por correo electr\u00f3nico o tel\u00e9fono.\" \/>\n<meta property=\"og:url\" content=\"https:\/\/rhinolands.com\/es\/support\/\" \/>\n<meta property=\"og:site_name\" content=\"RhinoLands\" \/>\n<meta property=\"article:modified_time\" content=\"2024-09-10T13:35:51+00:00\" \/>\n<meta name=\"twitter:card\" content=\"summary_large_image\" \/>\n<meta name=\"twitter:label1\" content=\"Tiempo de lectura\" \/>\n\t<meta name=\"twitter:data1\" content=\"4 minutos\" \/>\n<script type=\"application\/ld+json\" class=\"yoast-schema-graph\">{\"@context\":\"https:\\\/\\\/schema.org\",\"@graph\":[{\"@type\":\"WebPage\",\"@id\":\"https:\\\/\\\/rhinolands.com\\\/es\\\/support\\\/\",\"url\":\"https:\\\/\\\/rhinolands.com\\\/es\\\/support\\\/\",\"name\":\"Soporte - RhinoLands\",\"isPartOf\":{\"@id\":\"https:\\\/\\\/rhinolands.com\\\/es\\\/#website\"},\"datePublished\":\"2020-02-18T16:44:41+00:00\",\"dateModified\":\"2024-09-10T13:35:51+00:00\",\"description\":\"Consulte las Preguntas frecuentes y los Consejos y trucos para obtener soluciones r\u00e1pidas. \u00danase a la comunidad a trav\u00e9s del Foro de RhinoLands. Tambi\u00e9n ofrecemos soporte por correo electr\u00f3nico o tel\u00e9fono.\",\"breadcrumb\":{\"@id\":\"https:\\\/\\\/rhinolands.com\\\/es\\\/support\\\/#breadcrumb\"},\"inLanguage\":\"es\",\"potentialAction\":[{\"@type\":\"ReadAction\",\"target\":[\"https:\\\/\\\/rhinolands.com\\\/es\\\/support\\\/\"]}]},{\"@type\":\"BreadcrumbList\",\"@id\":\"https:\\\/\\\/rhinolands.com\\\/es\\\/support\\\/#breadcrumb\",\"itemListElement\":[{\"@type\":\"ListItem\",\"position\":1,\"name\":\"Home\",\"item\":\"https:\\\/\\\/rhinolands.com\\\/es\\\/\"},{\"@type\":\"ListItem\",\"position\":2,\"name\":\"Soporte\"}]},{\"@type\":\"WebSite\",\"@id\":\"https:\\\/\\\/rhinolands.com\\\/es\\\/#website\",\"url\":\"https:\\\/\\\/rhinolands.com\\\/es\\\/\",\"name\":\"RhinoLands\",\"description\":\"BIM landscape software\",\"publisher\":{\"@id\":\"https:\\\/\\\/rhinolands.com\\\/es\\\/#organization\"},\"potentialAction\":[{\"@type\":\"SearchAction\",\"target\":{\"@type\":\"EntryPoint\",\"urlTemplate\":\"https:\\\/\\\/rhinolands.com\\\/es\\\/?s={search_term_string}\"},\"query-input\":{\"@type\":\"PropertyValueSpecification\",\"valueRequired\":true,\"valueName\":\"search_term_string\"}}],\"inLanguage\":\"es\"},{\"@type\":\"Organization\",\"@id\":\"https:\\\/\\\/rhinolands.com\\\/es\\\/#organization\",\"name\":\"Asuni Soft\",\"url\":\"https:\\\/\\\/rhinolands.com\\\/es\\\/\",\"logo\":{\"@type\":\"ImageObject\",\"inLanguage\":\"es\",\"@id\":\"https:\\\/\\\/rhinolands.com\\\/es\\\/#\\\/schema\\\/logo\\\/image\\\/\",\"url\":\"https:\\\/\\\/rhinolands.com\\\/wp-content\\\/uploads\\\/2020\\\/02\\\/AsuniLogoFinal-01.png\",\"contentUrl\":\"https:\\\/\\\/rhinolands.com\\\/wp-content\\\/uploads\\\/2020\\\/02\\\/AsuniLogoFinal-01.png\",\"width\":151,\"height\":46,\"caption\":\"Asuni Soft\"},\"image\":{\"@id\":\"https:\\\/\\\/rhinolands.com\\\/es\\\/#\\\/schema\\\/logo\\\/image\\\/\"}}]}<\/script>\n<!-- \/ Yoast SEO plugin. -->","yoast_head_json":{"title":"Soporte - RhinoLands","description":"Consulte las Preguntas frecuentes y los Consejos y trucos para obtener soluciones r\u00e1pidas. \u00danase a la comunidad a trav\u00e9s del Foro de RhinoLands. Tambi\u00e9n ofrecemos soporte por correo electr\u00f3nico o tel\u00e9fono.","robots":{"index":"index","follow":"follow","max-snippet":"max-snippet:-1","max-image-preview":"max-image-preview:large","max-video-preview":"max-video-preview:-1"},"canonical":"https:\/\/rhinolands.com\/es\/support\/","og_locale":"es_ES","og_type":"article","og_title":"Soporte - RhinoLands","og_description":"Consulte las Preguntas frecuentes y los Consejos y trucos para obtener soluciones r\u00e1pidas. \u00danase a la comunidad a trav\u00e9s del Foro de RhinoLands. Tambi\u00e9n ofrecemos soporte por correo electr\u00f3nico o tel\u00e9fono.","og_url":"https:\/\/rhinolands.com\/es\/support\/","og_site_name":"RhinoLands","article_modified_time":"2024-09-10T13:35:51+00:00","twitter_card":"summary_large_image","twitter_misc":{"Tiempo de lectura":"4 minutos"},"schema":{"@context":"https:\/\/schema.org","@graph":[{"@type":"WebPage","@id":"https:\/\/rhinolands.com\/es\/support\/","url":"https:\/\/rhinolands.com\/es\/support\/","name":"Soporte - RhinoLands","isPartOf":{"@id":"https:\/\/rhinolands.com\/es\/#website"},"datePublished":"2020-02-18T16:44:41+00:00","dateModified":"2024-09-10T13:35:51+00:00","description":"Consulte las Preguntas frecuentes y los Consejos y trucos para obtener soluciones r\u00e1pidas. \u00danase a la comunidad a trav\u00e9s del Foro de RhinoLands. Tambi\u00e9n ofrecemos soporte por correo electr\u00f3nico o tel\u00e9fono.","breadcrumb":{"@id":"https:\/\/rhinolands.com\/es\/support\/#breadcrumb"},"inLanguage":"es","potentialAction":[{"@type":"ReadAction","target":["https:\/\/rhinolands.com\/es\/support\/"]}]},{"@type":"BreadcrumbList","@id":"https:\/\/rhinolands.com\/es\/support\/#breadcrumb","itemListElement":[{"@type":"ListItem","position":1,"name":"Home","item":"https:\/\/rhinolands.com\/es\/"},{"@type":"ListItem","position":2,"name":"Soporte"}]},{"@type":"WebSite","@id":"https:\/\/rhinolands.com\/es\/#website","url":"https:\/\/rhinolands.com\/es\/","name":"RhinoLands","description":"BIM landscape software","publisher":{"@id":"https:\/\/rhinolands.com\/es\/#organization"},"potentialAction":[{"@type":"SearchAction","target":{"@type":"EntryPoint","urlTemplate":"https:\/\/rhinolands.com\/es\/?s={search_term_string}"},"query-input":{"@type":"PropertyValueSpecification","valueRequired":true,"valueName":"search_term_string"}}],"inLanguage":"es"},{"@type":"Organization","@id":"https:\/\/rhinolands.com\/es\/#organization","name":"Asuni Soft","url":"https:\/\/rhinolands.com\/es\/","logo":{"@type":"ImageObject","inLanguage":"es","@id":"https:\/\/rhinolands.com\/es\/#\/schema\/logo\/image\/","url":"https:\/\/rhinolands.com\/wp-content\/uploads\/2020\/02\/AsuniLogoFinal-01.png","contentUrl":"https:\/\/rhinolands.com\/wp-content\/uploads\/2020\/02\/AsuniLogoFinal-01.png","width":151,"height":46,"caption":"Asuni Soft"},"image":{"@id":"https:\/\/rhinolands.com\/es\/#\/schema\/logo\/image\/"}}]}},"_links":{"self":[{"href":"https:\/\/rhinolands.com\/es\/wp-json\/wp\/v2\/pages\/60416","targetHints":{"allow":["GET"]}}],"collection":[{"href":"https:\/\/rhinolands.com\/es\/wp-json\/wp\/v2\/pages"}],"about":[{"href":"https:\/\/rhinolands.com\/es\/wp-json\/wp\/v2\/types\/page"}],"author":[{"embeddable":true,"href":"https:\/\/rhinolands.com\/es\/wp-json\/wp\/v2\/users\/1"}],"replies":[{"embeddable":true,"href":"https:\/\/rhinolands.com\/es\/wp-json\/wp\/v2\/comments?post=60416"}],"version-history":[{"count":3,"href":"https:\/\/rhinolands.com\/es\/wp-json\/wp\/v2\/pages\/60416\/revisions"}],"predecessor-version":[{"id":83070,"href":"https:\/\/rhinolands.com\/es\/wp-json\/wp\/v2\/pages\/60416\/revisions\/83070"}],"wp:attachment":[{"href":"https:\/\/rhinolands.com\/es\/wp-json\/wp\/v2\/media?parent=60416"}],"curies":[{"name":"wp","href":"https:\/\/api.w.org\/{rel}","templated":true}]}}