{"id":64592,"date":"2020-03-10T13:43:12","date_gmt":"2020-03-10T13:43:12","guid":{"rendered":"https:\/\/rhinolands.com\/info\/modos-de-licencia-de-lands-design\/"},"modified":"2024-03-10T16:09:14","modified_gmt":"2024-03-10T15:09:14","slug":"license-modes","status":"publish","type":"page","link":"https:\/\/rhinolands.com\/es\/info\/license-modes\/","title":{"rendered":"Modos de licencia de Lands Design"},"content":{"rendered":"[et_pb_section fb_built=\u00bb1&#8243; admin_label=\u00bbsection\u00bb _builder_version=\u00bb4.16&#8243; global_colors_info=\u00bb{}\u00bb][et_pb_row admin_label=\u00bbrow\u00bb _builder_version=\u00bb4.16&#8243; background_size=\u00bbinitial\u00bb background_position=\u00bbtop_left\u00bb background_repeat=\u00bbrepeat\u00bb global_colors_info=\u00bb{}\u00bb][et_pb_column type=\u00bb4_4&#8243; _builder_version=\u00bb4.16&#8243; custom_padding=\u00bb|||\u00bb global_colors_info=\u00bb{}\u00bb custom_padding__hover=\u00bb|||\u00bb][et_pb_text admin_label=\u00bbText\u00bb _builder_version=\u00bb4.24.2&#8243; background_size=\u00bbinitial\u00bb background_position=\u00bbtop_left\u00bb background_repeat=\u00bbrepeat\u00bb global_colors_info=\u00bb{}\u00bb]<h1>Modos de licencia de RhinoLands \/ Lands Design<\/h1>[\/et_pb_text][et_pb_text admin_label=\u00bbText\u00bb _builder_version=\u00bb4.24.2&#8243; background_size=\u00bbinitial\u00bb background_position=\u00bbtop_left\u00bb background_repeat=\u00bbrepeat\u00bb hover_enabled=\u00bb0&#8243; global_colors_info=\u00bb{}\u00bb sticky_enabled=\u00bb0&#8243;]<p>RhinoLands \/ Lands Design tiene cinco modos de licencia:<\/p>[\/et_pb_text][et_pb_image src=\u00bbhttps:\/\/rhinolands.com\/wp-content\/uploads\/2024\/03\/license-modes-dialog.png\u00bb title_text=\u00bblicense-modes-dialog\u00bb align=\u00bbcenter\u00bb _builder_version=\u00bb4.24.2&#8243; _module_preset=\u00bbdefault\u00bb global_colors_info=\u00bb{}\u00bb][\/et_pb_image][et_pb_text admin_label=\u00bbText\u00bb _builder_version=\u00bb4.24.2&#8243; background_size=\u00bbinitial\u00bb background_position=\u00bbtop_left\u00bb background_repeat=\u00bbrepeat\u00bb hover_enabled=\u00bb0&#8243; global_colors_info=\u00bb{}\u00bb sticky_enabled=\u00bb0&#8243;]<h3>Visor<\/h3>\r\n<p>Lands Design funciona en modo Visor cuando caduca el periodo de evaluaci\u00f3n. Cuando caduca, puede abrir y guardar documentos que contienen objetos de Lands Design, aunque las funciones de edici\u00f3n estar\u00e1n desactivadas.<\/p>[\/et_pb_text][et_pb_text admin_label=\u00bbText\u00bb _builder_version=\u00bb4.24.2&#8243; background_size=\u00bbinitial\u00bb background_position=\u00bbtop_left\u00bb background_repeat=\u00bbrepeat\u00bb hover_enabled=\u00bb0&#8243; global_colors_info=\u00bb{}\u00bb sticky_enabled=\u00bb0&#8243;]<h3>Evaluaci\u00f3n<\/h3>\r\n<p>Lands Design es totalmente funcional durante el periodo de prueba. No se requiere ning\u00fan c\u00f3digo de producto.<\/p>[\/et_pb_text][et_pb_text admin_label=\u00bbText\u00bb _builder_version=\u00bb4.24.2&#8243; background_size=\u00bbinitial\u00bb background_position=\u00bbtop_left\u00bb background_repeat=\u00bbrepeat\u00bb hover_enabled=\u00bb0&#8243; global_colors_info=\u00bb{}\u00bb sticky_enabled=\u00bb0&#8243;]<h3>Red (solo en Rhino)<\/h3>\r\n\r\nUtilice una licencia de Lands Design adquirida desde el <a href=\"http:\/\/wiki.mcneel.com\/zoo\/home\">servidor Zoo<\/a>. El software del servidor Zoo con el plug-in Zoo para Lands Design (ambos gratuitos) permiten compartir licencias de Lands Design (c\u00f3digos de producto) entre usuarios del mismo grupo de trabajo en red. Cuando Lands Design se instala en nodos de grupo de trabajo en lugar de nodos independientes, funciona del modo siguiente:\r\n<ul>\r\n\t<li>Cuando se inicia un nodo del grupo de trabajo, se solicita una licencia al Zoo.<\/li>\r\n\t<li>Una licencia no usada se asigna al nodo.<\/li>\r\n\t<li>Cuando un nodo se cierra, la licencia se vuelve a a\u00f1adir al total de licencias disponibles del Zoo.<\/li>\r\n<\/ul>\r\n<a href=\"https:\/\/rhinolands.com\/es\/download\/zoo-plugin\/\">Descargue el plug-in Zoo de Lands Design aqu\u00ed<\/a>[\/et_pb_text][et_pb_text admin_label=\u00bbText\u00bb _builder_version=\u00bb4.24.2&#8243; background_size=\u00bbinitial\u00bb background_position=\u00bbtop_left\u00bb background_repeat=\u00bbrepeat\u00bb hover_enabled=\u00bb0&#8243; global_colors_info=\u00bb{}\u00bb sticky_enabled=\u00bb0&#8243;]<h3>En la nube (solo en Rhino)<\/h3>\r\n\r\nUtilice una licencia de Lands Design adquirida desde el servidor Cloud Zoo. El servidor Cloud Zoo es un servicio gratuito ofrecido por McNeel que permite administrar online las licencias de Lands Design.\r\n<ul>\r\n\t<li>Para usuarios individuales, utilice el inicio de sesi\u00f3n en <a href=\"https:\/\/accounts.rhino3d.com\/\">Rhino Accounts<\/a> para utilizar Lands Design en cualquier equipo desde cualquier parte del mundo.<\/li>\r\n\t<li>Para empresas y escuelas, Cloud Zoo puede simplificar la distribuci\u00f3n de licencias. Las empresas pueden crear un conjunto de licencias y compartirlas con los miembros del mismo grupo.<\/li>\r\n\t<li>Se puede trabajar con conexi\u00f3n o sin conexi\u00f3n a Internet. No es necesario retirar las licencias del sistema, por lo que en ning\u00fan momento se quedar\u00e1 sin una licencia.<\/li>\r\n\t<li>Las licencias tambi\u00e9n funcionar\u00e1n sin tener una conexi\u00f3n continuada a Internet.<\/li>\r\n<\/ul>\r\n<a href=\"https:\/\/www.rhino3d.com\/features\/administration\/licensing\/#cloud-zoo\">M\u00e1s informaci\u00f3n sobre Cloud Zoo<\/a>[\/et_pb_text][\/et_pb_column][\/et_pb_row][\/et_pb_section]","protected":false},"excerpt":{"rendered":"<p>Modos de licencia de RhinoLands \/ Lands DesignRhinoLands \/ Lands Design tiene cinco modos de licencia:Visor Lands Design funciona en modo Visor cuando caduca el periodo de evaluaci\u00f3n. Cuando caduca, puede abrir y guardar documentos que contienen objetos de Lands Design, aunque las funciones de edici\u00f3n estar\u00e1n desactivadas.Evaluaci\u00f3n Lands Design es totalmente funcional durante el [&hellip;]<\/p>\n","protected":false},"author":1,"featured_media":0,"parent":64491,"menu_order":0,"comment_status":"closed","ping_status":"closed","template":"","meta":{"_et_pb_use_builder":"on","_et_pb_old_content":"","_et_gb_content_width":"","footnotes":""},"class_list":["post-64592","page","type-page","status-publish","hentry"],"yoast_head":"<!-- This site is optimized with the Yoast SEO plugin v27.3 - https:\/\/yoast.com\/product\/yoast-seo-wordpress\/ -->\n<title>Modos de licencia de Lands Design - RhinoLands<\/title>\n<meta name=\"robots\" content=\"index, follow, max-snippet:-1, max-image-preview:large, max-video-preview:-1\" \/>\n<link rel=\"canonical\" href=\"https:\/\/rhinolands.com\/es\/info\/license-modes\/\" \/>\n<meta property=\"og:locale\" content=\"es_ES\" \/>\n<meta property=\"og:type\" content=\"article\" \/>\n<meta property=\"og:title\" content=\"Modos de licencia de Lands Design - RhinoLands\" \/>\n<meta property=\"og:description\" content=\"Modos de licencia de RhinoLands \/ Lands DesignRhinoLands \/ Lands Design tiene cinco modos de licencia:Visor Lands Design funciona en modo Visor cuando caduca el periodo de evaluaci\u00f3n. Cuando caduca, puede abrir y guardar documentos que contienen objetos de Lands Design, aunque las funciones de edici\u00f3n estar\u00e1n desactivadas.Evaluaci\u00f3n Lands Design es totalmente funcional durante el [&hellip;]\" \/>\n<meta property=\"og:url\" content=\"https:\/\/rhinolands.com\/es\/info\/license-modes\/\" \/>\n<meta property=\"og:site_name\" content=\"RhinoLands\" \/>\n<meta property=\"article:modified_time\" content=\"2024-03-10T15:09:14+00:00\" \/>\n<meta name=\"twitter:card\" content=\"summary_large_image\" \/>\n<meta name=\"twitter:label1\" content=\"Tiempo de lectura\" \/>\n\t<meta name=\"twitter:data1\" content=\"3 minutos\" \/>\n<script type=\"application\/ld+json\" class=\"yoast-schema-graph\">{\"@context\":\"https:\\\/\\\/schema.org\",\"@graph\":[{\"@type\":\"WebPage\",\"@id\":\"https:\\\/\\\/rhinolands.com\\\/es\\\/info\\\/license-modes\\\/\",\"url\":\"https:\\\/\\\/rhinolands.com\\\/es\\\/info\\\/license-modes\\\/\",\"name\":\"Modos de licencia de Lands Design - RhinoLands\",\"isPartOf\":{\"@id\":\"https:\\\/\\\/rhinolands.com\\\/es\\\/#website\"},\"datePublished\":\"2020-03-10T13:43:12+00:00\",\"dateModified\":\"2024-03-10T15:09:14+00:00\",\"breadcrumb\":{\"@id\":\"https:\\\/\\\/rhinolands.com\\\/es\\\/info\\\/license-modes\\\/#breadcrumb\"},\"inLanguage\":\"es\",\"potentialAction\":[{\"@type\":\"ReadAction\",\"target\":[\"https:\\\/\\\/rhinolands.com\\\/es\\\/info\\\/license-modes\\\/\"]}]},{\"@type\":\"BreadcrumbList\",\"@id\":\"https:\\\/\\\/rhinolands.com\\\/es\\\/info\\\/license-modes\\\/#breadcrumb\",\"itemListElement\":[{\"@type\":\"ListItem\",\"position\":1,\"name\":\"Home\",\"item\":\"https:\\\/\\\/rhinolands.com\\\/es\\\/\"},{\"@type\":\"ListItem\",\"position\":2,\"name\":\"Info\",\"item\":\"https:\\\/\\\/rhinolands.com\\\/es\\\/info\\\/\"},{\"@type\":\"ListItem\",\"position\":3,\"name\":\"Modos de licencia de Lands Design\"}]},{\"@type\":\"WebSite\",\"@id\":\"https:\\\/\\\/rhinolands.com\\\/es\\\/#website\",\"url\":\"https:\\\/\\\/rhinolands.com\\\/es\\\/\",\"name\":\"RhinoLands\",\"description\":\"BIM landscape software\",\"publisher\":{\"@id\":\"https:\\\/\\\/rhinolands.com\\\/es\\\/#organization\"},\"potentialAction\":[{\"@type\":\"SearchAction\",\"target\":{\"@type\":\"EntryPoint\",\"urlTemplate\":\"https:\\\/\\\/rhinolands.com\\\/es\\\/?s={search_term_string}\"},\"query-input\":{\"@type\":\"PropertyValueSpecification\",\"valueRequired\":true,\"valueName\":\"search_term_string\"}}],\"inLanguage\":\"es\"},{\"@type\":\"Organization\",\"@id\":\"https:\\\/\\\/rhinolands.com\\\/es\\\/#organization\",\"name\":\"Asuni Soft\",\"url\":\"https:\\\/\\\/rhinolands.com\\\/es\\\/\",\"logo\":{\"@type\":\"ImageObject\",\"inLanguage\":\"es\",\"@id\":\"https:\\\/\\\/rhinolands.com\\\/es\\\/#\\\/schema\\\/logo\\\/image\\\/\",\"url\":\"https:\\\/\\\/rhinolands.com\\\/wp-content\\\/uploads\\\/2020\\\/02\\\/AsuniLogoFinal-01.png\",\"contentUrl\":\"https:\\\/\\\/rhinolands.com\\\/wp-content\\\/uploads\\\/2020\\\/02\\\/AsuniLogoFinal-01.png\",\"width\":151,\"height\":46,\"caption\":\"Asuni Soft\"},\"image\":{\"@id\":\"https:\\\/\\\/rhinolands.com\\\/es\\\/#\\\/schema\\\/logo\\\/image\\\/\"}}]}<\/script>\n<!-- \/ Yoast SEO plugin. -->","yoast_head_json":{"title":"Modos de licencia de Lands Design - RhinoLands","robots":{"index":"index","follow":"follow","max-snippet":"max-snippet:-1","max-image-preview":"max-image-preview:large","max-video-preview":"max-video-preview:-1"},"canonical":"https:\/\/rhinolands.com\/es\/info\/license-modes\/","og_locale":"es_ES","og_type":"article","og_title":"Modos de licencia de Lands Design - RhinoLands","og_description":"Modos de licencia de RhinoLands \/ Lands DesignRhinoLands \/ Lands Design tiene cinco modos de licencia:Visor Lands Design funciona en modo Visor cuando caduca el periodo de evaluaci\u00f3n. Cuando caduca, puede abrir y guardar documentos que contienen objetos de Lands Design, aunque las funciones de edici\u00f3n estar\u00e1n desactivadas.Evaluaci\u00f3n Lands Design es totalmente funcional durante el [&hellip;]","og_url":"https:\/\/rhinolands.com\/es\/info\/license-modes\/","og_site_name":"RhinoLands","article_modified_time":"2024-03-10T15:09:14+00:00","twitter_card":"summary_large_image","twitter_misc":{"Tiempo de lectura":"3 minutos"},"schema":{"@context":"https:\/\/schema.org","@graph":[{"@type":"WebPage","@id":"https:\/\/rhinolands.com\/es\/info\/license-modes\/","url":"https:\/\/rhinolands.com\/es\/info\/license-modes\/","name":"Modos de licencia de Lands Design - RhinoLands","isPartOf":{"@id":"https:\/\/rhinolands.com\/es\/#website"},"datePublished":"2020-03-10T13:43:12+00:00","dateModified":"2024-03-10T15:09:14+00:00","breadcrumb":{"@id":"https:\/\/rhinolands.com\/es\/info\/license-modes\/#breadcrumb"},"inLanguage":"es","potentialAction":[{"@type":"ReadAction","target":["https:\/\/rhinolands.com\/es\/info\/license-modes\/"]}]},{"@type":"BreadcrumbList","@id":"https:\/\/rhinolands.com\/es\/info\/license-modes\/#breadcrumb","itemListElement":[{"@type":"ListItem","position":1,"name":"Home","item":"https:\/\/rhinolands.com\/es\/"},{"@type":"ListItem","position":2,"name":"Info","item":"https:\/\/rhinolands.com\/es\/info\/"},{"@type":"ListItem","position":3,"name":"Modos de licencia de Lands Design"}]},{"@type":"WebSite","@id":"https:\/\/rhinolands.com\/es\/#website","url":"https:\/\/rhinolands.com\/es\/","name":"RhinoLands","description":"BIM landscape software","publisher":{"@id":"https:\/\/rhinolands.com\/es\/#organization"},"potentialAction":[{"@type":"SearchAction","target":{"@type":"EntryPoint","urlTemplate":"https:\/\/rhinolands.com\/es\/?s={search_term_string}"},"query-input":{"@type":"PropertyValueSpecification","valueRequired":true,"valueName":"search_term_string"}}],"inLanguage":"es"},{"@type":"Organization","@id":"https:\/\/rhinolands.com\/es\/#organization","name":"Asuni Soft","url":"https:\/\/rhinolands.com\/es\/","logo":{"@type":"ImageObject","inLanguage":"es","@id":"https:\/\/rhinolands.com\/es\/#\/schema\/logo\/image\/","url":"https:\/\/rhinolands.com\/wp-content\/uploads\/2020\/02\/AsuniLogoFinal-01.png","contentUrl":"https:\/\/rhinolands.com\/wp-content\/uploads\/2020\/02\/AsuniLogoFinal-01.png","width":151,"height":46,"caption":"Asuni Soft"},"image":{"@id":"https:\/\/rhinolands.com\/es\/#\/schema\/logo\/image\/"}}]}},"_links":{"self":[{"href":"https:\/\/rhinolands.com\/es\/wp-json\/wp\/v2\/pages\/64592","targetHints":{"allow":["GET"]}}],"collection":[{"href":"https:\/\/rhinolands.com\/es\/wp-json\/wp\/v2\/pages"}],"about":[{"href":"https:\/\/rhinolands.com\/es\/wp-json\/wp\/v2\/types\/page"}],"author":[{"embeddable":true,"href":"https:\/\/rhinolands.com\/es\/wp-json\/wp\/v2\/users\/1"}],"replies":[{"embeddable":true,"href":"https:\/\/rhinolands.com\/es\/wp-json\/wp\/v2\/comments?post=64592"}],"version-history":[{"count":3,"href":"https:\/\/rhinolands.com\/es\/wp-json\/wp\/v2\/pages\/64592\/revisions"}],"predecessor-version":[{"id":77532,"href":"https:\/\/rhinolands.com\/es\/wp-json\/wp\/v2\/pages\/64592\/revisions\/77532"}],"up":[{"embeddable":true,"href":"https:\/\/rhinolands.com\/es\/wp-json\/wp\/v2\/pages\/64491"}],"wp:attachment":[{"href":"https:\/\/rhinolands.com\/es\/wp-json\/wp\/v2\/media?parent=64592"}],"curies":[{"name":"wp","href":"https:\/\/api.w.org\/{rel}","templated":true}]}}