{"id":64595,"date":"2020-03-10T13:43:15","date_gmt":"2020-03-10T13:43:15","guid":{"rendered":"https:\/\/rhinolands.com\/download\/descargar-el-plug-in-zoo\/"},"modified":"2024-05-22T15:05:55","modified_gmt":"2024-05-22T13:05:55","slug":"zoo-plugin","status":"publish","type":"page","link":"https:\/\/rhinolands.com\/es\/download\/zoo-plugin\/","title":{"rendered":"Descargar el plug-in Zoo"},"content":{"rendered":"[et_pb_section fb_built=\u00bb1&#8243; admin_label=\u00bbsection\u00bb _builder_version=\u00bb4.16&#8243; da_disable_devices=\u00bboff|off|off\u00bb global_colors_info=\u00bb{}\u00bb da_is_popup=\u00bboff\u00bb da_exit_intent=\u00bboff\u00bb da_has_close=\u00bbon\u00bb da_alt_close=\u00bboff\u00bb da_dark_close=\u00bboff\u00bb da_not_modal=\u00bbon\u00bb da_is_singular=\u00bboff\u00bb da_with_loader=\u00bboff\u00bb da_has_shadow=\u00bbon\u00bb][et_pb_row admin_label=\u00bbfila\u00bb _builder_version=\u00bb4.16&#8243; background_size=\u00bbinitial\u00bb background_position=\u00bbtop_left\u00bb background_repeat=\u00bbrepeat\u00bb global_colors_info=\u00bb{}\u00bb][et_pb_column type=\u00bb4_4&#8243; _builder_version=\u00bb4.16&#8243; custom_padding=\u00bb|||\u00bb global_colors_info=\u00bb{}\u00bb custom_padding__hover=\u00bb|||\u00bb][et_pb_text _builder_version=\u00bb4.25.0&#8243; background_size=\u00bbinitial\u00bb background_position=\u00bbtop_left\u00bb background_repeat=\u00bbrepeat\u00bb hover_enabled=\u00bb0&#8243; use_border_color=\u00bboff\u00bb border_color=\u00bb#ffffff\u00bb border_style=\u00bbsolid\u00bb global_colors_info=\u00bb{}\u00bb sticky_enabled=\u00bb0&#8243;]<h1>Plug-in Zoo de RhinoLands \/ Lands Design<\/h1>\r\n<p><a href=\"http:\/\/www.rhino3d.com\/download\/zoo\/6\/latest\"><img loading=\"lazy\" decoding=\"async\" class=\"alignright size-full wp-image-12359\" src=\"https:\/\/rhinolands.com\/wp-content\/uploads\/2020\/03\/zooLogoshort.png\" alt=\"zooLogoshort\" width=\"300\" height=\"128\" \/><\/a>El plug-in Zoo de RhinoLands \/ Lands Design permite compartir licencias de Lands Design (c\u00f3digos de producto) entre usuarios del mismo grupo de trabajo de una red. Esta funci\u00f3n solo est\u00e1 disponible en RhinoLands y Lands Design para Rhino.<\/p>\r\n<p>Requisitos:<\/p>\r\n<ul>\r\n<li><strong>Administrador de licencias del Zoo<\/strong>. (<strong><a href=\"https:\/\/www.rhino3d.com\/download\/zoo\/latest\/\">Descargar<\/a><\/strong>)<\/li>\r\n<\/ul>[\/et_pb_text][et_pb_button button_url=\u00bbhttps:\/\/rhinolands.s3.amazonaws.com\/download\/lands_design_6_zoo8.msi\u00bb button_text=\u00bbDescargar el plug-in Lands Design Zoo para Zoo 8&#8243; button_alignment=\u00bbleft\u00bb admin_label=\u00bbBot\u00f3n download para Zoo 8 plugin\u00bb _builder_version=\u00bb4.25.0&#8243; custom_button=\u00bbon\u00bb button_text_color=\u00bb#679e3c\u00bb button_border_color=\u00bb#679e3c\u00bb button_letter_spacing_hover=\u00bb0&#8243; saved_tabs=\u00bball\u00bb global_colors_info=\u00bb{}\u00bb button_text_size__hover_enabled=\u00bboff\u00bb button_one_text_size__hover_enabled=\u00bboff\u00bb button_two_text_size__hover_enabled=\u00bboff\u00bb button_text_color__hover_enabled=\u00bboff\u00bb button_one_text_color__hover_enabled=\u00bboff\u00bb button_two_text_color__hover_enabled=\u00bboff\u00bb button_border_width__hover_enabled=\u00bboff\u00bb button_one_border_width__hover_enabled=\u00bboff\u00bb button_two_border_width__hover_enabled=\u00bboff\u00bb button_border_color__hover_enabled=\u00bboff\u00bb button_one_border_color__hover_enabled=\u00bboff\u00bb button_two_border_color__hover_enabled=\u00bboff\u00bb button_border_radius__hover_enabled=\u00bboff\u00bb button_one_border_radius__hover_enabled=\u00bboff\u00bb button_two_border_radius__hover_enabled=\u00bboff\u00bb button_letter_spacing__hover_enabled=\u00bbon\u00bb button_letter_spacing__hover=\u00bb0&#8243; button_one_letter_spacing__hover_enabled=\u00bboff\u00bb button_two_letter_spacing__hover_enabled=\u00bboff\u00bb button_bg_color__hover_enabled=\u00bboff\u00bb button_one_bg_color__hover_enabled=\u00bboff\u00bb button_two_bg_color__hover_enabled=\u00bboff\u00bb][\/et_pb_button][et_pb_text _builder_version=\u00bb4.16&#8243; background_size=\u00bbinitial\u00bb background_position=\u00bbtop_left\u00bb background_repeat=\u00bbrepeat\u00bb use_border_color=\u00bboff\u00bb border_color=\u00bb#ffffff\u00bb border_style=\u00bbsolid\u00bb global_colors_info=\u00bb{}\u00bb]<blockquote>\r\n  <strong>Nota:<\/strong>\r\n  <p>Las licencias en red de Lands Design (para Rhino) tambi\u00e9n se pueden gestionar a trav\u00e9s de <a href=\"https:\/\/rhinolands.com\/es\/info\/license-modes\/#Cloud\">Cloud Zoo<\/a>.<\/p>\r\n<\/blockquote>\r\n\r\n\r\n<br clear=\"all\" \/>\r\n<h2>\u00bfC\u00f3mo funciona?<\/h2>\r\nCuando Lands Design se instala en nodos de grupo de trabajo en lugar de nodos independientes, funciona del modo siguiente:\r\n<ul>\r\n\t<li>Cuando se inicia un nodo del grupo de trabajo, se solicita una licencia al Zoo.<\/li>\r\n\t<li>Una licencia no usada se asigna al nodo.<\/li>\r\n\t<li>Cuando un nodo se cierra, la licencia se vuelve a a\u00f1adir al total de licencias disponibles del Zoo.<\/li>\r\n<\/ul>\r\n<br clear=\"all\" \/>\r\n<h2><a href=\"http:\/\/wiki.mcneel.com\/zoo\/home\">\u00bfQu\u00e9 es el Zoo?<\/a><\/h2>\r\n<iframe loading=\"lazy\" src=\"\/\/player.vimeo.com\/video\/89968285?title=0&amp;byline=0&amp;portrait=0\" width=\"900\" height=\"506\" frameborder=\"0\" allowfullscreen=\"allowfullscreen\"><\/iframe>[\/et_pb_text][\/et_pb_column][\/et_pb_row][\/et_pb_section]","protected":false},"excerpt":{"rendered":"<p>Plug-in Zoo de RhinoLands \/ Lands Design El plug-in Zoo de RhinoLands \/ Lands Design permite compartir licencias de Lands Design (c\u00f3digos de producto) entre usuarios del mismo grupo de trabajo de una red. Esta funci\u00f3n solo est\u00e1 disponible en RhinoLands y Lands Design para Rhino. Requisitos: Administrador de licencias del Zoo. (Descargar) Nota: Las [&hellip;]<\/p>\n","protected":false},"author":1,"featured_media":0,"parent":60414,"menu_order":0,"comment_status":"closed","ping_status":"closed","template":"","meta":{"_et_pb_use_builder":"on","_et_pb_old_content":"","_et_gb_content_width":"","footnotes":""},"class_list":["post-64595","page","type-page","status-publish","hentry"],"yoast_head":"<!-- This site is optimized with the Yoast SEO plugin v27.3 - https:\/\/yoast.com\/product\/yoast-seo-wordpress\/ -->\n<title>Descargar el plug-in Zoo - RhinoLands<\/title>\n<meta name=\"robots\" content=\"index, follow, max-snippet:-1, max-image-preview:large, max-video-preview:-1\" \/>\n<link rel=\"canonical\" href=\"https:\/\/rhinolands.com\/es\/download\/zoo-plugin\/\" \/>\n<meta property=\"og:locale\" content=\"es_ES\" \/>\n<meta property=\"og:type\" content=\"article\" \/>\n<meta property=\"og:title\" content=\"Descargar el plug-in Zoo - RhinoLands\" \/>\n<meta property=\"og:description\" content=\"Plug-in Zoo de RhinoLands \/ Lands Design El plug-in Zoo de RhinoLands \/ Lands Design permite compartir licencias de Lands Design (c\u00f3digos de producto) entre usuarios del mismo grupo de trabajo de una red. Esta funci\u00f3n solo est\u00e1 disponible en RhinoLands y Lands Design para Rhino. Requisitos: Administrador de licencias del Zoo. (Descargar) Nota: Las [&hellip;]\" \/>\n<meta property=\"og:url\" content=\"https:\/\/rhinolands.com\/es\/download\/zoo-plugin\/\" \/>\n<meta property=\"og:site_name\" content=\"RhinoLands\" \/>\n<meta property=\"article:modified_time\" content=\"2024-05-22T13:05:55+00:00\" \/>\n<meta property=\"og:image\" content=\"https:\/\/rhinolands.com\/wp-content\/uploads\/2020\/03\/zooLogoshort.png\" \/>\n<meta name=\"twitter:card\" content=\"summary_large_image\" \/>\n<meta name=\"twitter:label1\" content=\"Tiempo de lectura\" \/>\n\t<meta name=\"twitter:data1\" content=\"3 minutos\" \/>\n<script type=\"application\/ld+json\" class=\"yoast-schema-graph\">{\"@context\":\"https:\\\/\\\/schema.org\",\"@graph\":[{\"@type\":\"WebPage\",\"@id\":\"https:\\\/\\\/rhinolands.com\\\/es\\\/download\\\/zoo-plugin\\\/\",\"url\":\"https:\\\/\\\/rhinolands.com\\\/es\\\/download\\\/zoo-plugin\\\/\",\"name\":\"Descargar el plug-in Zoo - RhinoLands\",\"isPartOf\":{\"@id\":\"https:\\\/\\\/rhinolands.com\\\/es\\\/#website\"},\"primaryImageOfPage\":{\"@id\":\"https:\\\/\\\/rhinolands.com\\\/es\\\/download\\\/zoo-plugin\\\/#primaryimage\"},\"image\":{\"@id\":\"https:\\\/\\\/rhinolands.com\\\/es\\\/download\\\/zoo-plugin\\\/#primaryimage\"},\"thumbnailUrl\":\"https:\\\/\\\/rhinolands.com\\\/wp-content\\\/uploads\\\/2020\\\/03\\\/zooLogoshort.png\",\"datePublished\":\"2020-03-10T13:43:15+00:00\",\"dateModified\":\"2024-05-22T13:05:55+00:00\",\"breadcrumb\":{\"@id\":\"https:\\\/\\\/rhinolands.com\\\/es\\\/download\\\/zoo-plugin\\\/#breadcrumb\"},\"inLanguage\":\"es\",\"potentialAction\":[{\"@type\":\"ReadAction\",\"target\":[\"https:\\\/\\\/rhinolands.com\\\/es\\\/download\\\/zoo-plugin\\\/\"]}]},{\"@type\":\"ImageObject\",\"inLanguage\":\"es\",\"@id\":\"https:\\\/\\\/rhinolands.com\\\/es\\\/download\\\/zoo-plugin\\\/#primaryimage\",\"url\":\"https:\\\/\\\/rhinolands.com\\\/wp-content\\\/uploads\\\/2020\\\/03\\\/zooLogoshort.png\",\"contentUrl\":\"https:\\\/\\\/rhinolands.com\\\/wp-content\\\/uploads\\\/2020\\\/03\\\/zooLogoshort.png\"},{\"@type\":\"BreadcrumbList\",\"@id\":\"https:\\\/\\\/rhinolands.com\\\/es\\\/download\\\/zoo-plugin\\\/#breadcrumb\",\"itemListElement\":[{\"@type\":\"ListItem\",\"position\":1,\"name\":\"Home\",\"item\":\"https:\\\/\\\/rhinolands.com\\\/es\\\/\"},{\"@type\":\"ListItem\",\"position\":2,\"name\":\"Descargar\",\"item\":\"https:\\\/\\\/rhinolands.com\\\/es\\\/download\\\/\"},{\"@type\":\"ListItem\",\"position\":3,\"name\":\"Descargar el plug-in Zoo\"}]},{\"@type\":\"WebSite\",\"@id\":\"https:\\\/\\\/rhinolands.com\\\/es\\\/#website\",\"url\":\"https:\\\/\\\/rhinolands.com\\\/es\\\/\",\"name\":\"RhinoLands\",\"description\":\"BIM landscape software\",\"publisher\":{\"@id\":\"https:\\\/\\\/rhinolands.com\\\/es\\\/#organization\"},\"potentialAction\":[{\"@type\":\"SearchAction\",\"target\":{\"@type\":\"EntryPoint\",\"urlTemplate\":\"https:\\\/\\\/rhinolands.com\\\/es\\\/?s={search_term_string}\"},\"query-input\":{\"@type\":\"PropertyValueSpecification\",\"valueRequired\":true,\"valueName\":\"search_term_string\"}}],\"inLanguage\":\"es\"},{\"@type\":\"Organization\",\"@id\":\"https:\\\/\\\/rhinolands.com\\\/es\\\/#organization\",\"name\":\"Asuni Soft\",\"url\":\"https:\\\/\\\/rhinolands.com\\\/es\\\/\",\"logo\":{\"@type\":\"ImageObject\",\"inLanguage\":\"es\",\"@id\":\"https:\\\/\\\/rhinolands.com\\\/es\\\/#\\\/schema\\\/logo\\\/image\\\/\",\"url\":\"https:\\\/\\\/rhinolands.com\\\/wp-content\\\/uploads\\\/2020\\\/02\\\/AsuniLogoFinal-01.png\",\"contentUrl\":\"https:\\\/\\\/rhinolands.com\\\/wp-content\\\/uploads\\\/2020\\\/02\\\/AsuniLogoFinal-01.png\",\"width\":151,\"height\":46,\"caption\":\"Asuni Soft\"},\"image\":{\"@id\":\"https:\\\/\\\/rhinolands.com\\\/es\\\/#\\\/schema\\\/logo\\\/image\\\/\"}}]}<\/script>\n<!-- \/ Yoast SEO plugin. -->","yoast_head_json":{"title":"Descargar el plug-in Zoo - RhinoLands","robots":{"index":"index","follow":"follow","max-snippet":"max-snippet:-1","max-image-preview":"max-image-preview:large","max-video-preview":"max-video-preview:-1"},"canonical":"https:\/\/rhinolands.com\/es\/download\/zoo-plugin\/","og_locale":"es_ES","og_type":"article","og_title":"Descargar el plug-in Zoo - RhinoLands","og_description":"Plug-in Zoo de RhinoLands \/ Lands Design El plug-in Zoo de RhinoLands \/ Lands Design permite compartir licencias de Lands Design (c\u00f3digos de producto) entre usuarios del mismo grupo de trabajo de una red. Esta funci\u00f3n solo est\u00e1 disponible en RhinoLands y Lands Design para Rhino. Requisitos: Administrador de licencias del Zoo. (Descargar) Nota: Las [&hellip;]","og_url":"https:\/\/rhinolands.com\/es\/download\/zoo-plugin\/","og_site_name":"RhinoLands","article_modified_time":"2024-05-22T13:05:55+00:00","og_image":[{"url":"https:\/\/rhinolands.com\/wp-content\/uploads\/2020\/03\/zooLogoshort.png","type":"","width":"","height":""}],"twitter_card":"summary_large_image","twitter_misc":{"Tiempo de lectura":"3 minutos"},"schema":{"@context":"https:\/\/schema.org","@graph":[{"@type":"WebPage","@id":"https:\/\/rhinolands.com\/es\/download\/zoo-plugin\/","url":"https:\/\/rhinolands.com\/es\/download\/zoo-plugin\/","name":"Descargar el plug-in Zoo - RhinoLands","isPartOf":{"@id":"https:\/\/rhinolands.com\/es\/#website"},"primaryImageOfPage":{"@id":"https:\/\/rhinolands.com\/es\/download\/zoo-plugin\/#primaryimage"},"image":{"@id":"https:\/\/rhinolands.com\/es\/download\/zoo-plugin\/#primaryimage"},"thumbnailUrl":"https:\/\/rhinolands.com\/wp-content\/uploads\/2020\/03\/zooLogoshort.png","datePublished":"2020-03-10T13:43:15+00:00","dateModified":"2024-05-22T13:05:55+00:00","breadcrumb":{"@id":"https:\/\/rhinolands.com\/es\/download\/zoo-plugin\/#breadcrumb"},"inLanguage":"es","potentialAction":[{"@type":"ReadAction","target":["https:\/\/rhinolands.com\/es\/download\/zoo-plugin\/"]}]},{"@type":"ImageObject","inLanguage":"es","@id":"https:\/\/rhinolands.com\/es\/download\/zoo-plugin\/#primaryimage","url":"https:\/\/rhinolands.com\/wp-content\/uploads\/2020\/03\/zooLogoshort.png","contentUrl":"https:\/\/rhinolands.com\/wp-content\/uploads\/2020\/03\/zooLogoshort.png"},{"@type":"BreadcrumbList","@id":"https:\/\/rhinolands.com\/es\/download\/zoo-plugin\/#breadcrumb","itemListElement":[{"@type":"ListItem","position":1,"name":"Home","item":"https:\/\/rhinolands.com\/es\/"},{"@type":"ListItem","position":2,"name":"Descargar","item":"https:\/\/rhinolands.com\/es\/download\/"},{"@type":"ListItem","position":3,"name":"Descargar el plug-in Zoo"}]},{"@type":"WebSite","@id":"https:\/\/rhinolands.com\/es\/#website","url":"https:\/\/rhinolands.com\/es\/","name":"RhinoLands","description":"BIM landscape software","publisher":{"@id":"https:\/\/rhinolands.com\/es\/#organization"},"potentialAction":[{"@type":"SearchAction","target":{"@type":"EntryPoint","urlTemplate":"https:\/\/rhinolands.com\/es\/?s={search_term_string}"},"query-input":{"@type":"PropertyValueSpecification","valueRequired":true,"valueName":"search_term_string"}}],"inLanguage":"es"},{"@type":"Organization","@id":"https:\/\/rhinolands.com\/es\/#organization","name":"Asuni Soft","url":"https:\/\/rhinolands.com\/es\/","logo":{"@type":"ImageObject","inLanguage":"es","@id":"https:\/\/rhinolands.com\/es\/#\/schema\/logo\/image\/","url":"https:\/\/rhinolands.com\/wp-content\/uploads\/2020\/02\/AsuniLogoFinal-01.png","contentUrl":"https:\/\/rhinolands.com\/wp-content\/uploads\/2020\/02\/AsuniLogoFinal-01.png","width":151,"height":46,"caption":"Asuni Soft"},"image":{"@id":"https:\/\/rhinolands.com\/es\/#\/schema\/logo\/image\/"}}]}},"_links":{"self":[{"href":"https:\/\/rhinolands.com\/es\/wp-json\/wp\/v2\/pages\/64595","targetHints":{"allow":["GET"]}}],"collection":[{"href":"https:\/\/rhinolands.com\/es\/wp-json\/wp\/v2\/pages"}],"about":[{"href":"https:\/\/rhinolands.com\/es\/wp-json\/wp\/v2\/types\/page"}],"author":[{"embeddable":true,"href":"https:\/\/rhinolands.com\/es\/wp-json\/wp\/v2\/users\/1"}],"replies":[{"embeddable":true,"href":"https:\/\/rhinolands.com\/es\/wp-json\/wp\/v2\/comments?post=64595"}],"version-history":[{"count":3,"href":"https:\/\/rhinolands.com\/es\/wp-json\/wp\/v2\/pages\/64595\/revisions"}],"predecessor-version":[{"id":81877,"href":"https:\/\/rhinolands.com\/es\/wp-json\/wp\/v2\/pages\/64595\/revisions\/81877"}],"up":[{"embeddable":true,"href":"https:\/\/rhinolands.com\/es\/wp-json\/wp\/v2\/pages\/60414"}],"wp:attachment":[{"href":"https:\/\/rhinolands.com\/es\/wp-json\/wp\/v2\/media?parent=64595"}],"curies":[{"name":"wp","href":"https:\/\/api.w.org\/{rel}","templated":true}]}}