{"id":64670,"date":"2020-03-11T09:23:36","date_gmt":"2020-03-11T09:23:36","guid":{"rendered":"https:\/\/rhinolands.com\/download\/no-hay-actualizaciones\/"},"modified":"2020-03-11T09:26:24","modified_gmt":"2020-03-11T09:26:24","slug":"no-updates","status":"publish","type":"page","link":"https:\/\/rhinolands.com\/es\/download\/no-updates\/","title":{"rendered":"No hay actualizaciones"},"content":{"rendered":"<h1>Tiene la \u00faltima versi\u00f3n.<\/h1>\r\n<p>Su versi\u00f3n est\u00e1 actualizada.<\/p>\r\n<p>Si ha llegado a esta p\u00e1gina porque tiene problemas con Lands Design, p\u00f3ngase en contacto con nostros a trav\u00e9s de:\u00a0<\/p>\r\n<ul>\r\n<li>E-mail: <a href=\"mailto:landsdesign@asuni.com\">landsdesign@asuni.com<\/a><\/li>\r\n<li>Tel: +34 93 319 6868<\/li>\r\n<\/ul>","protected":false},"excerpt":{"rendered":"<p>Tiene la \u00faltima versi\u00f3n. Su versi\u00f3n est\u00e1 actualizada. Si ha llegado a esta p\u00e1gina porque tiene problemas con Lands Design, p\u00f3ngase en contacto con nostros a trav\u00e9s de:\u00a0 E-mail: landsdesign@asuni.com Tel: +34 93 319 6868<\/p>\n","protected":false},"author":1,"featured_media":0,"parent":60414,"menu_order":0,"comment_status":"closed","ping_status":"closed","template":"","meta":{"_et_pb_use_builder":"","_et_pb_old_content":"","_et_gb_content_width":"","footnotes":""},"class_list":["post-64670","page","type-page","status-publish","hentry"],"yoast_head":"<!-- This site is optimized with the Yoast SEO plugin v27.5 - https:\/\/yoast.com\/product\/yoast-seo-wordpress\/ -->\n<title>No hay actualizaciones - RhinoLands<\/title>\n<meta name=\"robots\" content=\"index, follow, max-snippet:-1, max-image-preview:large, max-video-preview:-1\" \/>\n<link rel=\"canonical\" href=\"https:\/\/rhinolands.com\/es\/download\/no-updates\/\" \/>\n<meta property=\"og:locale\" content=\"es_ES\" \/>\n<meta property=\"og:type\" content=\"article\" \/>\n<meta property=\"og:title\" content=\"No hay actualizaciones - RhinoLands\" \/>\n<meta property=\"og:description\" content=\"Tiene la \u00faltima versi\u00f3n. Su versi\u00f3n est\u00e1 actualizada. Si ha llegado a esta p\u00e1gina porque tiene problemas con Lands Design, p\u00f3ngase en contacto con nostros a trav\u00e9s de:\u00a0 E-mail: landsdesign@asuni.com Tel: +34 93 319 6868\" \/>\n<meta property=\"og:url\" content=\"https:\/\/rhinolands.com\/es\/download\/no-updates\/\" \/>\n<meta property=\"og:site_name\" content=\"RhinoLands\" \/>\n<meta property=\"article:modified_time\" content=\"2020-03-11T09:26:24+00:00\" \/>\n<meta name=\"twitter:card\" content=\"summary_large_image\" \/>\n<script type=\"application\/ld+json\" class=\"yoast-schema-graph\">{\"@context\":\"https:\\\/\\\/schema.org\",\"@graph\":[{\"@type\":\"WebPage\",\"@id\":\"https:\\\/\\\/rhinolands.com\\\/es\\\/download\\\/no-updates\\\/\",\"url\":\"https:\\\/\\\/rhinolands.com\\\/es\\\/download\\\/no-updates\\\/\",\"name\":\"No hay actualizaciones - RhinoLands\",\"isPartOf\":{\"@id\":\"https:\\\/\\\/rhinolands.com\\\/es\\\/#website\"},\"datePublished\":\"2020-03-11T09:23:36+00:00\",\"dateModified\":\"2020-03-11T09:26:24+00:00\",\"breadcrumb\":{\"@id\":\"https:\\\/\\\/rhinolands.com\\\/es\\\/download\\\/no-updates\\\/#breadcrumb\"},\"inLanguage\":\"es\",\"potentialAction\":[{\"@type\":\"ReadAction\",\"target\":[\"https:\\\/\\\/rhinolands.com\\\/es\\\/download\\\/no-updates\\\/\"]}]},{\"@type\":\"BreadcrumbList\",\"@id\":\"https:\\\/\\\/rhinolands.com\\\/es\\\/download\\\/no-updates\\\/#breadcrumb\",\"itemListElement\":[{\"@type\":\"ListItem\",\"position\":1,\"name\":\"Home\",\"item\":\"https:\\\/\\\/rhinolands.com\\\/es\\\/\"},{\"@type\":\"ListItem\",\"position\":2,\"name\":\"Descargar\",\"item\":\"https:\\\/\\\/rhinolands.com\\\/es\\\/download\\\/\"},{\"@type\":\"ListItem\",\"position\":3,\"name\":\"No hay actualizaciones\"}]},{\"@type\":\"WebSite\",\"@id\":\"https:\\\/\\\/rhinolands.com\\\/es\\\/#website\",\"url\":\"https:\\\/\\\/rhinolands.com\\\/es\\\/\",\"name\":\"RhinoLands\",\"description\":\"BIM landscape software\",\"publisher\":{\"@id\":\"https:\\\/\\\/rhinolands.com\\\/es\\\/#organization\"},\"potentialAction\":[{\"@type\":\"SearchAction\",\"target\":{\"@type\":\"EntryPoint\",\"urlTemplate\":\"https:\\\/\\\/rhinolands.com\\\/es\\\/?s={search_term_string}\"},\"query-input\":{\"@type\":\"PropertyValueSpecification\",\"valueRequired\":true,\"valueName\":\"search_term_string\"}}],\"inLanguage\":\"es\"},{\"@type\":\"Organization\",\"@id\":\"https:\\\/\\\/rhinolands.com\\\/es\\\/#organization\",\"name\":\"Asuni Soft\",\"url\":\"https:\\\/\\\/rhinolands.com\\\/es\\\/\",\"logo\":{\"@type\":\"ImageObject\",\"inLanguage\":\"es\",\"@id\":\"https:\\\/\\\/rhinolands.com\\\/es\\\/#\\\/schema\\\/logo\\\/image\\\/\",\"url\":\"https:\\\/\\\/rhinolands.com\\\/wp-content\\\/uploads\\\/2020\\\/02\\\/AsuniLogoFinal-01.png\",\"contentUrl\":\"https:\\\/\\\/rhinolands.com\\\/wp-content\\\/uploads\\\/2020\\\/02\\\/AsuniLogoFinal-01.png\",\"width\":151,\"height\":46,\"caption\":\"Asuni Soft\"},\"image\":{\"@id\":\"https:\\\/\\\/rhinolands.com\\\/es\\\/#\\\/schema\\\/logo\\\/image\\\/\"}}]}<\/script>\n<!-- \/ Yoast SEO plugin. -->","yoast_head_json":{"title":"No hay actualizaciones - RhinoLands","robots":{"index":"index","follow":"follow","max-snippet":"max-snippet:-1","max-image-preview":"max-image-preview:large","max-video-preview":"max-video-preview:-1"},"canonical":"https:\/\/rhinolands.com\/es\/download\/no-updates\/","og_locale":"es_ES","og_type":"article","og_title":"No hay actualizaciones - RhinoLands","og_description":"Tiene la \u00faltima versi\u00f3n. Su versi\u00f3n est\u00e1 actualizada. Si ha llegado a esta p\u00e1gina porque tiene problemas con Lands Design, p\u00f3ngase en contacto con nostros a trav\u00e9s de:\u00a0 E-mail: landsdesign@asuni.com Tel: +34 93 319 6868","og_url":"https:\/\/rhinolands.com\/es\/download\/no-updates\/","og_site_name":"RhinoLands","article_modified_time":"2020-03-11T09:26:24+00:00","twitter_card":"summary_large_image","schema":{"@context":"https:\/\/schema.org","@graph":[{"@type":"WebPage","@id":"https:\/\/rhinolands.com\/es\/download\/no-updates\/","url":"https:\/\/rhinolands.com\/es\/download\/no-updates\/","name":"No hay actualizaciones - RhinoLands","isPartOf":{"@id":"https:\/\/rhinolands.com\/es\/#website"},"datePublished":"2020-03-11T09:23:36+00:00","dateModified":"2020-03-11T09:26:24+00:00","breadcrumb":{"@id":"https:\/\/rhinolands.com\/es\/download\/no-updates\/#breadcrumb"},"inLanguage":"es","potentialAction":[{"@type":"ReadAction","target":["https:\/\/rhinolands.com\/es\/download\/no-updates\/"]}]},{"@type":"BreadcrumbList","@id":"https:\/\/rhinolands.com\/es\/download\/no-updates\/#breadcrumb","itemListElement":[{"@type":"ListItem","position":1,"name":"Home","item":"https:\/\/rhinolands.com\/es\/"},{"@type":"ListItem","position":2,"name":"Descargar","item":"https:\/\/rhinolands.com\/es\/download\/"},{"@type":"ListItem","position":3,"name":"No hay actualizaciones"}]},{"@type":"WebSite","@id":"https:\/\/rhinolands.com\/es\/#website","url":"https:\/\/rhinolands.com\/es\/","name":"RhinoLands","description":"BIM landscape software","publisher":{"@id":"https:\/\/rhinolands.com\/es\/#organization"},"potentialAction":[{"@type":"SearchAction","target":{"@type":"EntryPoint","urlTemplate":"https:\/\/rhinolands.com\/es\/?s={search_term_string}"},"query-input":{"@type":"PropertyValueSpecification","valueRequired":true,"valueName":"search_term_string"}}],"inLanguage":"es"},{"@type":"Organization","@id":"https:\/\/rhinolands.com\/es\/#organization","name":"Asuni Soft","url":"https:\/\/rhinolands.com\/es\/","logo":{"@type":"ImageObject","inLanguage":"es","@id":"https:\/\/rhinolands.com\/es\/#\/schema\/logo\/image\/","url":"https:\/\/rhinolands.com\/wp-content\/uploads\/2020\/02\/AsuniLogoFinal-01.png","contentUrl":"https:\/\/rhinolands.com\/wp-content\/uploads\/2020\/02\/AsuniLogoFinal-01.png","width":151,"height":46,"caption":"Asuni Soft"},"image":{"@id":"https:\/\/rhinolands.com\/es\/#\/schema\/logo\/image\/"}}]}},"_links":{"self":[{"href":"https:\/\/rhinolands.com\/es\/wp-json\/wp\/v2\/pages\/64670","targetHints":{"allow":["GET"]}}],"collection":[{"href":"https:\/\/rhinolands.com\/es\/wp-json\/wp\/v2\/pages"}],"about":[{"href":"https:\/\/rhinolands.com\/es\/wp-json\/wp\/v2\/types\/page"}],"author":[{"embeddable":true,"href":"https:\/\/rhinolands.com\/es\/wp-json\/wp\/v2\/users\/1"}],"replies":[{"embeddable":true,"href":"https:\/\/rhinolands.com\/es\/wp-json\/wp\/v2\/comments?post=64670"}],"version-history":[{"count":0,"href":"https:\/\/rhinolands.com\/es\/wp-json\/wp\/v2\/pages\/64670\/revisions"}],"up":[{"embeddable":true,"href":"https:\/\/rhinolands.com\/es\/wp-json\/wp\/v2\/pages\/60414"}],"wp:attachment":[{"href":"https:\/\/rhinolands.com\/es\/wp-json\/wp\/v2\/media?parent=64670"}],"curies":[{"name":"wp","href":"https:\/\/api.w.org\/{rel}","templated":true}]}}