{"id":65771,"date":"2020-07-15T14:26:36","date_gmt":"2020-07-15T14:26:36","guid":{"rendered":"https:\/\/rhinolands.com\/legal\/politica-de-privacidad-de-lands-design\/"},"modified":"2020-07-15T14:26:36","modified_gmt":"2020-07-15T14:26:36","slug":"politica-de-privacidad-de-lands-design","status":"publish","type":"page","link":"https:\/\/rhinolands.com\/es\/legal\/politica-de-privacidad-de-lands-design\/","title":{"rendered":"Pol\u00edtica de privacidad de Lands Design"},"content":{"rendered":"<h1>Pol\u00edtica de privacidad del software Lands Design<\/h1>\nLands Design no lee ning\u00fan dato del equipo del usuario final excepto los datos relacionados con la instalaci\u00f3n de AutoCAD<span style=\"font-weight: 400;\">\u00ae<\/span><span style=\"font-weight: 400;\"> para registrarse.<\/span>\n\nLands Design no recopila ni env\u00eda ning\u00fan tipo de datos de usuario desde el equipo del usuario final.\n\nLands Design utiliza conexiones HTTP para:\n<ul>\n \t<li>Descargar archivos de soporte de los servidores de Asuni, como im\u00e1genes de la base de datos de plantas, datos de elevaci\u00f3n de la Tierra y proveedores de mobiliario urbano.<\/li>\n \t<li>Descargar im\u00e1genes satelitales de los servidores de Mapbox<span style=\"font-weight: 400;\">\u00ae<\/span><span style=\"font-weight: 400;\">.<\/span><\/li>\n \t<li>Buscar actualizaciones:\n<ul>\n \t<li>Lands Design env\u00eda an\u00f3nimamente la versi\u00f3n actualmente instalada de Lands Design.<\/li>\n<\/ul>\n<\/li>\n \t<li>Validaci\u00f3n de licencia:\n<ul>\n \t<li>Las conexiones para la validaci\u00f3n de licencia son seguras (HTTPS).<\/li>\n \t<li>Cuando se valida una licencia se env\u00eda la siguiente informaci\u00f3n personal: c\u00f3digo de licencia, correo electr\u00f3nico, nombre y empresa.<\/li>\n \t<li>Cuando se valida una licencia, se env\u00eda un n\u00famero alfanum\u00e9rico del c\u00f3digo de solicitud generado. Este n\u00famero incluye un n\u00famero de identificaci\u00f3n de m\u00e1quina generado que identifica el equipo autorizado para ejecutar Lands Design.<\/li>\n<\/ul>\n<\/li>\n<\/ul>\nLands Design no analiza el comportamiento del usuario ni env\u00eda estad\u00edsticas de uso a ning\u00fan lado.\n\n&nbsp;\n\n<em>AutoCAD es una marca registrada de Autodesk, Inc.<\/em>\n<em>MAPBOX es una marca registrada de MAPBOX, INC.<\/em>","protected":false},"excerpt":{"rendered":"<p>Pol\u00edtica de privacidad del software Lands Design Lands Design no lee ning\u00fan dato del equipo del usuario final excepto los datos relacionados con la instalaci\u00f3n de AutoCAD\u00ae para registrarse. Lands Design no recopila ni env\u00eda ning\u00fan tipo de datos de usuario desde el equipo del usuario final. Lands Design utiliza conexiones HTTP para: Descargar archivos [&hellip;]<\/p>\n","protected":false},"author":1,"featured_media":0,"parent":60249,"menu_order":0,"comment_status":"closed","ping_status":"closed","template":"","meta":{"_et_pb_use_builder":"","_et_pb_old_content":"","_et_gb_content_width":"","footnotes":""},"class_list":["post-65771","page","type-page","status-publish","hentry"],"yoast_head":"<!-- This site is optimized with the Yoast SEO plugin v27.3 - https:\/\/yoast.com\/product\/yoast-seo-wordpress\/ -->\n<title>Pol\u00edtica de privacidad de Lands Design - RhinoLands<\/title>\n<meta name=\"robots\" content=\"index, follow, max-snippet:-1, max-image-preview:large, max-video-preview:-1\" \/>\n<link rel=\"canonical\" href=\"https:\/\/rhinolands.com\/es\/legal\/politica-de-privacidad-de-lands-design\/\" \/>\n<meta property=\"og:locale\" content=\"es_ES\" \/>\n<meta property=\"og:type\" content=\"article\" \/>\n<meta property=\"og:title\" content=\"Pol\u00edtica de privacidad de Lands Design - RhinoLands\" \/>\n<meta property=\"og:description\" content=\"Pol\u00edtica de privacidad del software Lands Design Lands Design no lee ning\u00fan dato del equipo del usuario final excepto los datos relacionados con la instalaci\u00f3n de AutoCAD\u00ae para registrarse. Lands Design no recopila ni env\u00eda ning\u00fan tipo de datos de usuario desde el equipo del usuario final. Lands Design utiliza conexiones HTTP para: Descargar archivos [&hellip;]\" \/>\n<meta property=\"og:url\" content=\"https:\/\/rhinolands.com\/es\/legal\/politica-de-privacidad-de-lands-design\/\" \/>\n<meta property=\"og:site_name\" content=\"RhinoLands\" \/>\n<meta name=\"twitter:card\" content=\"summary_large_image\" \/>\n<meta name=\"twitter:label1\" content=\"Tiempo de lectura\" \/>\n\t<meta name=\"twitter:data1\" content=\"1 minuto\" \/>\n<script type=\"application\/ld+json\" class=\"yoast-schema-graph\">{\"@context\":\"https:\\\/\\\/schema.org\",\"@graph\":[{\"@type\":\"WebPage\",\"@id\":\"https:\\\/\\\/rhinolands.com\\\/es\\\/legal\\\/politica-de-privacidad-de-lands-design\\\/\",\"url\":\"https:\\\/\\\/rhinolands.com\\\/es\\\/legal\\\/politica-de-privacidad-de-lands-design\\\/\",\"name\":\"Pol\u00edtica de privacidad de Lands Design - RhinoLands\",\"isPartOf\":{\"@id\":\"https:\\\/\\\/rhinolands.com\\\/es\\\/#website\"},\"datePublished\":\"2020-07-15T14:26:36+00:00\",\"breadcrumb\":{\"@id\":\"https:\\\/\\\/rhinolands.com\\\/es\\\/legal\\\/politica-de-privacidad-de-lands-design\\\/#breadcrumb\"},\"inLanguage\":\"es\",\"potentialAction\":[{\"@type\":\"ReadAction\",\"target\":[\"https:\\\/\\\/rhinolands.com\\\/es\\\/legal\\\/politica-de-privacidad-de-lands-design\\\/\"]}]},{\"@type\":\"BreadcrumbList\",\"@id\":\"https:\\\/\\\/rhinolands.com\\\/es\\\/legal\\\/politica-de-privacidad-de-lands-design\\\/#breadcrumb\",\"itemListElement\":[{\"@type\":\"ListItem\",\"position\":1,\"name\":\"Home\",\"item\":\"https:\\\/\\\/rhinolands.com\\\/es\\\/\"},{\"@type\":\"ListItem\",\"position\":2,\"name\":\"Informaci\u00f3n legal\",\"item\":\"https:\\\/\\\/rhinolands.com\\\/es\\\/legal\\\/\"},{\"@type\":\"ListItem\",\"position\":3,\"name\":\"Pol\u00edtica de privacidad de Lands Design\"}]},{\"@type\":\"WebSite\",\"@id\":\"https:\\\/\\\/rhinolands.com\\\/es\\\/#website\",\"url\":\"https:\\\/\\\/rhinolands.com\\\/es\\\/\",\"name\":\"RhinoLands\",\"description\":\"BIM landscape software\",\"publisher\":{\"@id\":\"https:\\\/\\\/rhinolands.com\\\/es\\\/#organization\"},\"potentialAction\":[{\"@type\":\"SearchAction\",\"target\":{\"@type\":\"EntryPoint\",\"urlTemplate\":\"https:\\\/\\\/rhinolands.com\\\/es\\\/?s={search_term_string}\"},\"query-input\":{\"@type\":\"PropertyValueSpecification\",\"valueRequired\":true,\"valueName\":\"search_term_string\"}}],\"inLanguage\":\"es\"},{\"@type\":\"Organization\",\"@id\":\"https:\\\/\\\/rhinolands.com\\\/es\\\/#organization\",\"name\":\"Asuni Soft\",\"url\":\"https:\\\/\\\/rhinolands.com\\\/es\\\/\",\"logo\":{\"@type\":\"ImageObject\",\"inLanguage\":\"es\",\"@id\":\"https:\\\/\\\/rhinolands.com\\\/es\\\/#\\\/schema\\\/logo\\\/image\\\/\",\"url\":\"https:\\\/\\\/rhinolands.com\\\/wp-content\\\/uploads\\\/2020\\\/02\\\/AsuniLogoFinal-01.png\",\"contentUrl\":\"https:\\\/\\\/rhinolands.com\\\/wp-content\\\/uploads\\\/2020\\\/02\\\/AsuniLogoFinal-01.png\",\"width\":151,\"height\":46,\"caption\":\"Asuni Soft\"},\"image\":{\"@id\":\"https:\\\/\\\/rhinolands.com\\\/es\\\/#\\\/schema\\\/logo\\\/image\\\/\"}}]}<\/script>\n<!-- \/ Yoast SEO plugin. -->","yoast_head_json":{"title":"Pol\u00edtica de privacidad de Lands Design - RhinoLands","robots":{"index":"index","follow":"follow","max-snippet":"max-snippet:-1","max-image-preview":"max-image-preview:large","max-video-preview":"max-video-preview:-1"},"canonical":"https:\/\/rhinolands.com\/es\/legal\/politica-de-privacidad-de-lands-design\/","og_locale":"es_ES","og_type":"article","og_title":"Pol\u00edtica de privacidad de Lands Design - RhinoLands","og_description":"Pol\u00edtica de privacidad del software Lands Design Lands Design no lee ning\u00fan dato del equipo del usuario final excepto los datos relacionados con la instalaci\u00f3n de AutoCAD\u00ae para registrarse. Lands Design no recopila ni env\u00eda ning\u00fan tipo de datos de usuario desde el equipo del usuario final. Lands Design utiliza conexiones HTTP para: Descargar archivos [&hellip;]","og_url":"https:\/\/rhinolands.com\/es\/legal\/politica-de-privacidad-de-lands-design\/","og_site_name":"RhinoLands","twitter_card":"summary_large_image","twitter_misc":{"Tiempo de lectura":"1 minuto"},"schema":{"@context":"https:\/\/schema.org","@graph":[{"@type":"WebPage","@id":"https:\/\/rhinolands.com\/es\/legal\/politica-de-privacidad-de-lands-design\/","url":"https:\/\/rhinolands.com\/es\/legal\/politica-de-privacidad-de-lands-design\/","name":"Pol\u00edtica de privacidad de Lands Design - RhinoLands","isPartOf":{"@id":"https:\/\/rhinolands.com\/es\/#website"},"datePublished":"2020-07-15T14:26:36+00:00","breadcrumb":{"@id":"https:\/\/rhinolands.com\/es\/legal\/politica-de-privacidad-de-lands-design\/#breadcrumb"},"inLanguage":"es","potentialAction":[{"@type":"ReadAction","target":["https:\/\/rhinolands.com\/es\/legal\/politica-de-privacidad-de-lands-design\/"]}]},{"@type":"BreadcrumbList","@id":"https:\/\/rhinolands.com\/es\/legal\/politica-de-privacidad-de-lands-design\/#breadcrumb","itemListElement":[{"@type":"ListItem","position":1,"name":"Home","item":"https:\/\/rhinolands.com\/es\/"},{"@type":"ListItem","position":2,"name":"Informaci\u00f3n legal","item":"https:\/\/rhinolands.com\/es\/legal\/"},{"@type":"ListItem","position":3,"name":"Pol\u00edtica de privacidad de Lands Design"}]},{"@type":"WebSite","@id":"https:\/\/rhinolands.com\/es\/#website","url":"https:\/\/rhinolands.com\/es\/","name":"RhinoLands","description":"BIM landscape software","publisher":{"@id":"https:\/\/rhinolands.com\/es\/#organization"},"potentialAction":[{"@type":"SearchAction","target":{"@type":"EntryPoint","urlTemplate":"https:\/\/rhinolands.com\/es\/?s={search_term_string}"},"query-input":{"@type":"PropertyValueSpecification","valueRequired":true,"valueName":"search_term_string"}}],"inLanguage":"es"},{"@type":"Organization","@id":"https:\/\/rhinolands.com\/es\/#organization","name":"Asuni Soft","url":"https:\/\/rhinolands.com\/es\/","logo":{"@type":"ImageObject","inLanguage":"es","@id":"https:\/\/rhinolands.com\/es\/#\/schema\/logo\/image\/","url":"https:\/\/rhinolands.com\/wp-content\/uploads\/2020\/02\/AsuniLogoFinal-01.png","contentUrl":"https:\/\/rhinolands.com\/wp-content\/uploads\/2020\/02\/AsuniLogoFinal-01.png","width":151,"height":46,"caption":"Asuni Soft"},"image":{"@id":"https:\/\/rhinolands.com\/es\/#\/schema\/logo\/image\/"}}]}},"_links":{"self":[{"href":"https:\/\/rhinolands.com\/es\/wp-json\/wp\/v2\/pages\/65771","targetHints":{"allow":["GET"]}}],"collection":[{"href":"https:\/\/rhinolands.com\/es\/wp-json\/wp\/v2\/pages"}],"about":[{"href":"https:\/\/rhinolands.com\/es\/wp-json\/wp\/v2\/types\/page"}],"author":[{"embeddable":true,"href":"https:\/\/rhinolands.com\/es\/wp-json\/wp\/v2\/users\/1"}],"replies":[{"embeddable":true,"href":"https:\/\/rhinolands.com\/es\/wp-json\/wp\/v2\/comments?post=65771"}],"version-history":[{"count":0,"href":"https:\/\/rhinolands.com\/es\/wp-json\/wp\/v2\/pages\/65771\/revisions"}],"up":[{"embeddable":true,"href":"https:\/\/rhinolands.com\/es\/wp-json\/wp\/v2\/pages\/60249"}],"wp:attachment":[{"href":"https:\/\/rhinolands.com\/es\/wp-json\/wp\/v2\/media?parent=65771"}],"curies":[{"name":"wp","href":"https:\/\/api.w.org\/{rel}","templated":true}]}}