{"id":66800,"date":"2020-12-14T11:51:53","date_gmt":"2020-12-14T10:51:53","guid":{"rendered":"https:\/\/rhinolands.com\/learn\/tutoriales-en-video\/"},"modified":"2025-08-26T13:58:08","modified_gmt":"2025-08-26T11:58:08","slug":"video-tutorial","status":"publish","type":"page","link":"https:\/\/rhinolands.com\/es\/learn\/video-tutorial\/","title":{"rendered":"Tutoriales en v\u00eddeo"},"content":{"rendered":"<p>[et_pb_section admin_label=\u00bbsection\u00bb]<br \/>\n\t\t\t[et_pb_row admin_label=\u00bbrow\u00bb]<br \/>\n\t\t\t\t[et_pb_column type=\u00bb4_4&#8243;][et_pb_text admin_label=\u00bbText\u00bb]<\/p>\n\n<style>\r\n  .min-height-tutorial-description {\r\n    min-height: 9ch;\r\n    margin-bottom: 3ch;\r\n  }\r\n<\/style><br\/>\n\n<h1 class=\"wp-block-heading\">Tutoriales en v\u00eddeo de Lands Design<\/h1>\n\n<p>En los siguientes tutoriales en v\u00eddeo, aprender\u00e1 las funciones principales de Lands Design (para la versi\u00f3n de Rhino), mientras desarrolla un proyecto de paisajismo. Los v\u00eddeos se organizan por temas.<\/p>\n\n<p>Descargue el archivo para empezar a seguir este tutorial <a href=\"https:\/\/rhinolands.com\/wp-content\/uploads\/2022\/03\/Lands_Design_Tutorial_for_practice.zip\">aqu\u00ed<\/a>.<\/p>\n\n<h3 class=\"wp-block-heading mt-4\">Resumen<\/h3>\n\n<ul>\n<li><a href=\"#rhino-overview\">Tutorial 0: Interfaz de RhinoLands<\/a><\/li>\n\n\n\n<li><a href=\"#lands-design-interface\">Tutorial 1: Interfaz de Lands Design<\/a><\/li>\n\n\n\n<li><a href=\"#terrain-modeling-tools\">Tutorial 2: Herramientas de modelado de terrenos<\/a><\/li>\n\n\n\n<li><a href=\"#civil-work-objects\">Tutorial 3: Objetos de obra civil<\/a><\/li>\n\n\n\n<li><a href=\"#plant-database-and-vegetation\">Tutorial 4: Base de datos de plantas y vegetaci\u00f3n<\/a><\/li>\n\n\n\n<li><a href=\"#documentation-tools\">Tutorial 5: Herramientas de documentaci\u00f3n<\/a><\/li>\n\n\n\n<li><a href=\"#rendering-and-animation-tools\">Tutorial 6: Herramientas de modelado y renderizado<\/a><\/li>\n<\/ul>\n\n<div class=\"wp-block-columns\">\n<div class=\"wp-block-column my-5\">\n<h2 class=\"wp-block-heading\" id=\"rhino-overview\">Tutorial 0: Interfaz de RhinoLands<\/h2>\n\n\n\n<p class=\"min-height-tutorial-description\">Este tutorial muestra c\u00f3mo usar las barras de herramientas y los di\u00e1logos de RhinoLands.<\/p>\n\n\n\n&nbsp;<br><div class='youtube-div-16-9'> \n\t\t\t\t\t\t<iframe class='youtube-iframe'\n\t\t\t\t\t\t\tsrc='https:\/\/www.youtube.com\/embed\/BiOOlWtW4Jo?rel=0' \n\t\t\t\t\t\t\tframeborder='0' \n\t\t\t\t\t\t\tallow='accelerometer; autoplay; clipboard-write; encrypted-media; gyroscope; picture-in-picture' \n\t\t\t\t\t\t\tallowfullscreen=''>\n\t\t\t\t\t\t<\/iframe>\n\t\t\t\t\t<\/div>\n<\/div>\n\n\n\n<div class=\"wp-block-column\"><\/div>\n<\/div>\n\n<ul>\n<li><a href=\"https:\/\/www.youtube.com\/watch?v=BiOOlWtW4Jo&amp;t=0s\" target=\"_blank\" rel=\"noreferrer noopener\">0:00<\/a> Barra de herramientas est\u00e1ndar<\/li>\n\n\n\n<li><a href=\"https:\/\/www.youtube.com\/watch?v=BiOOlWtW4Jo&amp;t=164s\" target=\"_blank\" rel=\"noreferrer noopener\">2:44<\/a> Grupo de barra de herramientas principal<\/li>\n\n\n\n<li><a href=\"https:\/\/www.youtube.com\/watch?v=BiOOlWtW4Jo&amp;t=285s\" target=\"_blank\" rel=\"noreferrer noopener\">4:45<\/a>Barra de herramientas lateral<\/li>\n\n\n\n<li><a href=\"https:\/\/www.youtube.com\/watch?v=BiOOlWtW4Jo&amp;t=326s\" target=\"_blank\" rel=\"noreferrer noopener\">5:26<\/a>\u200b L\u00ednea de comandos<\/li>\n\n\n\n<li><a href=\"https:\/\/www.youtube.com\/watch?v=BiOOlWtW4Jo&amp;t=403s\" target=\"_blank\" rel=\"noreferrer noopener\">6:43<\/a>Barra de estado y barra de referencias a objetos<\/li>\n\n\n\n<li><a href=\"https:\/\/www.youtube.com\/watch?v=BiOOlWtW4Jo&amp;t=457s\" target=\"_blank\" rel=\"noreferrer noopener\">7:37<\/a>\u200b Paneles y contenedores<\/li>\n<\/ul>\n\n<p><\/p>\n\n<p><em>Los siguientes tutoriales muestran actualmente Lands Design como un plugin dentro de la interfaz de Rhino. En breve se actualizar\u00e1n para reflejar la nueva interfaz independiente.<\/em><\/p>\n\n<div class=\"wp-block-columns\">\n<div class=\"wp-block-column my-5\">\n<h2 class=\"wp-block-heading\" id=\"lands-design-interface\">Tutorial 1: Interfaz de Lands Design<\/h2>\n\n\n\n<p class=\"min-height-tutorial-description\">Este tutorial muestra c\u00f3mo usar las barras de herramientas y los di\u00e1logos de Lands Design.<\/p>\n\n\n\n&nbsp;<br><div class='youtube-div-16-9'> \n\t\t\t\t\t\t<iframe class='youtube-iframe'\n\t\t\t\t\t\t\tsrc='https:\/\/www.youtube.com\/embed\/QxEl2OYBe7U?rel=0' \n\t\t\t\t\t\t\tframeborder='0' \n\t\t\t\t\t\t\tallow='accelerometer; autoplay; clipboard-write; encrypted-media; gyroscope; picture-in-picture' \n\t\t\t\t\t\t\tallowfullscreen=''>\n\t\t\t\t\t\t<\/iframe>\n\t\t\t\t\t<\/div>\n\n\n\n<ul>\n<li><a href=\"https:\/\/www.youtube.com\/watch?v=QxEl2OYBe7U&amp;list=PLBKOaJp17CZq51xtf5XlpXs_FEUeYvnsA&amp;index=2&amp;t=0s\">0:00<\/a>\u200b Introducci\u00f3n<\/li>\n\n\n\n<li><a href=\"https:\/\/www.youtube.com\/watch?v=QxEl2OYBe7U&amp;list=PLBKOaJp17CZq51xtf5XlpXs_FEUeYvnsA&amp;index=2&amp;t=49s\">0:49<\/a>\u200b Ejecutar Lands Design<\/li>\n\n\n\n<li><a href=\"https:\/\/www.youtube.com\/watch?v=QxEl2OYBe7U&amp;list=PLBKOaJp17CZq51xtf5XlpXs_FEUeYvnsA&amp;index=2&amp;t=112s\">1:52<\/a>\u200b Barras de herramientas<\/li>\n\n\n\n<li><a href=\"https:\/\/www.youtube.com\/watch?v=QxEl2OYBe7U&amp;list=PLBKOaJp17CZq51xtf5XlpXs_FEUeYvnsA&amp;index=2&amp;t=266s\">4:26<\/a>\u200b Panel de edici\u00f3n<\/li>\n\n\n\n<li><a href=\"https:\/\/www.youtube.com\/watch?v=QxEl2OYBe7U&amp;list=PLBKOaJp17CZq51xtf5XlpXs_FEUeYvnsA&amp;index=2&amp;t=537s\">8:57<\/a>\u200b Explorador de propiedades<\/li>\n\n\n\n<li><a href=\"https:\/\/www.youtube.com\/watch?v=QxEl2OYBe7U&amp;list=PLBKOaJp17CZq51xtf5XlpXs_FEUeYvnsA&amp;index=2&amp;t=560s\">9:20<\/a>\u200b Men\u00fa y men\u00fa contextual<\/li>\n\n\n\n<li><a href=\"https:\/\/www.youtube.com\/watch?v=QxEl2OYBe7U&amp;list=PLBKOaJp17CZq51xtf5XlpXs_FEUeYvnsA&amp;index=2&amp;t=592s\">9:52<\/a>\u200b Ayuda<\/li>\n<\/ul>\n<\/div>\n\n\n\n<div class=\"wp-block-column my-5\">\n<h2 class=\"wp-block-heading\" id=\"terrain-modeling-tools\">Tutorial 2: Herramientas de modelado de terrenos<\/h2>\n\n\n\n<p class=\"min-height-tutorial-description\">Este tutorial muestras las herramientas principales para crear, editar y trabajar con terrenos en Lands Design. Tambi\u00e9n muestra c\u00f3mo importar terrenos desde la web o desde archivos DEM (modelo de elevaci\u00f3n digital).<\/p>\n\n\n\n&nbsp;<br><div class='youtube-div-16-9'> \n\t\t\t\t\t\t<iframe class='youtube-iframe'\n\t\t\t\t\t\t\tsrc='https:\/\/www.youtube.com\/embed\/DvSJ7M_aZ7I?rel=0' \n\t\t\t\t\t\t\tframeborder='0' \n\t\t\t\t\t\t\tallow='accelerometer; autoplay; clipboard-write; encrypted-media; gyroscope; picture-in-picture' \n\t\t\t\t\t\t\tallowfullscreen=''>\n\t\t\t\t\t\t<\/iframe>\n\t\t\t\t\t<\/div>\n\n\n\n<ul>\n<li><a href=\"https:\/\/www.youtube.com\/watch?v=DvSJ7M_aZ7I&amp;list=PLBKOaJp17CZq51xtf5XlpXs_FEUeYvnsA&amp;index=3&amp;t=0s\">0:00<\/a>\u200b Introducci\u00f3n <\/li>\n\n\n\n<li><a href=\"https:\/\/www.youtube.com\/watch?v=DvSJ7M_aZ7I&amp;list=PLBKOaJp17CZq51xtf5XlpXs_FEUeYvnsA&amp;index=3&amp;t=51s\">0:51<\/a> Escanear e importar terrenos desde la web <\/li>\n\n\n\n<li><a href=\"https:\/\/www.youtube.com\/watch?v=DvSJ7M_aZ7I&amp;list=PLBKOaJp17CZq51xtf5XlpXs_FEUeYvnsA&amp;index=3&amp;t=362s\">6:02<\/a>\u200b Terreno desde un archivo DEM <\/li>\n\n\n\n<li><a href=\"https:\/\/www.youtube.com\/watch?v=DvSJ7M_aZ7I&amp;list=PLBKOaJp17CZq51xtf5XlpXs_FEUeYvnsA&amp;index=3&amp;t=482s\">8:02<\/a>\u200b Crear un nuevo terreno <\/li>\n\n\n\n<li><a href=\"https:\/\/www.youtube.com\/watch?v=DvSJ7M_aZ7I&amp;list=PLBKOaJp17CZq51xtf5XlpXs_FEUeYvnsA&amp;index=3&amp;t=882s\">14:42<\/a>\u200b Designar contorno <\/li>\n\n\n\n<li><a href=\"https:\/\/www.youtube.com\/watch?v=DvSJ7M_aZ7I&amp;list=PLBKOaJp17CZq51xtf5XlpXs_FEUeYvnsA&amp;index=3&amp;t=1091s\">18:11<\/a>\u200b A\u00f1adir curva de nivel <\/li>\n\n\n\n<li><a href=\"https:\/\/www.youtube.com\/watch?v=DvSJ7M_aZ7I&amp;list=PLBKOaJp17CZq51xtf5XlpXs_FEUeYvnsA&amp;index=3&amp;t=1169s\">19:29<\/a>\u200b A\u00f1adir hueco <\/li>\n\n\n\n<li><a href=\"https:\/\/www.youtube.com\/watch?v=DvSJ7M_aZ7I&amp;list=PLBKOaJp17CZq51xtf5XlpXs_FEUeYvnsA&amp;index=3&amp;t=1308s\">21:48<\/a>\u200b A\u00f1adir desmonte <\/li>\n\n\n\n<li><a href=\"https:\/\/www.youtube.com\/watch?v=DvSJ7M_aZ7I&amp;list=PLBKOaJp17CZq51xtf5XlpXs_FEUeYvnsA&amp;index=3&amp;t=1462s\">24:22<\/a>\u200b A\u00f1adir camino <\/li>\n\n\n\n<li><a href=\"https:\/\/www.youtube.com\/watch?v=DvSJ7M_aZ7I&amp;list=PLBKOaJp17CZq51xtf5XlpXs_FEUeYvnsA&amp;index=3&amp;t=1775s\">29:35<\/a>\u200b A\u00f1adir divisi\u00f3n <\/li>\n\n\n\n<li><a href=\"https:\/\/www.youtube.com\/watch?v=DvSJ7M_aZ7I&amp;list=PLBKOaJp17CZq51xtf5XlpXs_FEUeYvnsA&amp;index=3&amp;t=1871s\">31:11<\/a>\u200b Listar informaci\u00f3n de terreno<\/li>\n<\/ul>\n<\/div>\n<\/div>\n\n<div class=\"wp-block-columns\">\n<div class=\"wp-block-column\">\n<h2 class=\"wp-block-heading\" id=\"civil-work-objects\">Tutorial  3: Zonas y objetos de obra civil<\/h2>\n\n\n\n<p>Este tutorial muestra el comando Zonificar y las otras herramientas para trabajar con objetos de obra civil. <\/p>\n\n\n\n&nbsp;<br><div class='youtube-div-16-9'> \n\t\t\t\t\t\t<iframe class='youtube-iframe'\n\t\t\t\t\t\t\tsrc='https:\/\/www.youtube.com\/embed\/chV3zDI8Um8?rel=0' \n\t\t\t\t\t\t\tframeborder='0' \n\t\t\t\t\t\t\tallow='accelerometer; autoplay; clipboard-write; encrypted-media; gyroscope; picture-in-picture' \n\t\t\t\t\t\t\tallowfullscreen=''>\n\t\t\t\t\t\t<\/iframe>\n\t\t\t\t\t<\/div>\n\n\n\n<ul>\n<li><a href=\"https:\/\/www.youtube.com\/watch?v=chV3zDI8Um8&amp;list=PLBKOaJp17CZq51xtf5XlpXs_FEUeYvnsA&amp;index=4&amp;t=0s\">0:00<\/a>\u200b Introducci\u00f3n <\/li>\n\n\n\n<li><a href=\"https:\/\/www.youtube.com\/watch?v=chV3zDI8Um8&amp;list=PLBKOaJp17CZq51xtf5XlpXs_FEUeYvnsA&amp;index=4&amp;t=28s\">0:28<\/a>\u200b Zonas <\/li>\n\n\n\n<li><a href=\"https:\/\/www.youtube.com\/watch?v=chV3zDI8Um8&amp;list=PLBKOaJp17CZq51xtf5XlpXs_FEUeYvnsA&amp;index=4&amp;t=248s\">4:08<\/a>\u200b Muros y bordillos <\/li>\n\n\n\n<li><a href=\"https:\/\/www.youtube.com\/watch?v=chV3zDI8Um8&amp;list=PLBKOaJp17CZq51xtf5XlpXs_FEUeYvnsA&amp;index=4&amp;t=392s\">6:32<\/a>\u200b Valla <\/li>\n\n\n\n<li><a href=\"https:\/\/www.youtube.com\/watch?v=chV3zDI8Um8&amp;list=PLBKOaJp17CZq51xtf5XlpXs_FEUeYvnsA&amp;index=4&amp;t=568s\">9:28<\/a>\u200b Mobiliario urbano <\/li>\n\n\n\n<li><a href=\"https:\/\/www.youtube.com\/watch?v=chV3zDI8Um8&amp;list=PLBKOaJp17CZq51xtf5XlpXs_FEUeYvnsA&amp;index=4&amp;t=1176s\">19:36<\/a>\u200b Camino <\/li>\n\n\n\n<li><a href=\"https:\/\/www.youtube.com\/watch?v=chV3zDI8Um8&amp;list=PLBKOaJp17CZq51xtf5XlpXs_FEUeYvnsA&amp;index=4&amp;t=1465s\">24:25<\/a>\u200b Listado de mobiliario urbano<\/li>\n<\/ul>\n<\/div>\n\n\n\n<div class=\"wp-block-column\">\n<h2 class=\"wp-block-heading\" id=\"plant-database-and-vegetation\">Tutorial 4: Base de datos de plantas y vegetaci\u00f3n<\/h2>\n\n\n\n<p>Este tutorial muestra las principales caracter\u00edsticas del trabajo con elementos de vegetaci\u00f3n y analiza la amplia base de datos de plantas.<\/p>\n\n\n\n&nbsp;<br><div class='youtube-div-16-9'> \n\t\t\t\t\t\t<iframe class='youtube-iframe'\n\t\t\t\t\t\t\tsrc='https:\/\/www.youtube.com\/embed\/eEjSYwTzaXU?rel=0' \n\t\t\t\t\t\t\tframeborder='0' \n\t\t\t\t\t\t\tallow='accelerometer; autoplay; clipboard-write; encrypted-media; gyroscope; picture-in-picture' \n\t\t\t\t\t\t\tallowfullscreen=''>\n\t\t\t\t\t\t<\/iframe>\n\t\t\t\t\t<\/div>\n\n\n\n<ul>\n<li><a href=\"https:\/\/www.youtube.com\/watch?v=BKmACIwQwVM&amp;list=PLBKOaJp17CZq51xtf5XlpXs_FEUeYvnsA&amp;index=5&amp;t=0s\">0:00<\/a>\u200b Introducci\u00f3n <\/li>\n\n\n\n<li><a href=\"https:\/\/www.youtube.com\/watch?v=BKmACIwQwVM&amp;list=PLBKOaJp17CZq51xtf5XlpXs_FEUeYvnsA&amp;index=5&amp;t=52s\">0:52<\/a>\u200b Insertar una planta <\/li>\n\n\n\n<li><a href=\"https:\/\/www.youtube.com\/watch?v=BKmACIwQwVM&amp;list=PLBKOaJp17CZq51xtf5XlpXs_FEUeYvnsA&amp;index=5&amp;t=120s\">2:00<\/a>\u200b Base de datos de plantas <\/li>\n\n\n\n<li><a href=\"https:\/\/www.youtube.com\/watch?v=BKmACIwQwVM&amp;list=PLBKOaJp17CZq51xtf5XlpXs_FEUeYvnsA&amp;index=5&amp;t=459s\">7:39<\/a>\u200b Pintar plantas <\/li>\n\n\n\n<li><a href=\"https:\/\/www.youtube.com\/watch?v=BKmACIwQwVM&amp;list=PLBKOaJp17CZq51xtf5XlpXs_FEUeYvnsA&amp;index=5&amp;t=612s\">10:12<\/a>\u200b Plantas desde puntos <\/li>\n\n\n\n<li><a href=\"https:\/\/www.youtube.com\/watch?v=BKmACIwQwVM&amp;list=PLBKOaJp17CZq51xtf5XlpXs_FEUeYvnsA&amp;index=5&amp;t=674s\">11:14<\/a>\u200b Filas de plantas <\/li>\n\n\n\n<li><a href=\"https:\/\/www.youtube.com\/watch?v=BKmACIwQwVM&amp;list=PLBKOaJp17CZq51xtf5XlpXs_FEUeYvnsA&amp;index=5&amp;t=685s\">11:25<\/a>\u200b Bosques <\/li>\n\n\n\n<li><a href=\"https:\/\/www.youtube.com\/watch?v=BKmACIwQwVM&amp;list=PLBKOaJp17CZq51xtf5XlpXs_FEUeYvnsA&amp;index=5&amp;t=1100s\">18:20<\/a>\u200b Bosque desde zona <\/li>\n\n\n\n<li><a href=\"https:\/\/www.youtube.com\/watch?v=BKmACIwQwVM&amp;list=PLBKOaJp17CZq51xtf5XlpXs_FEUeYvnsA&amp;index=5&amp;t=1155s\">19:15<\/a>\u200b Jardines verticales <\/li>\n\n\n\n<li><a href=\"https:\/\/www.youtube.com\/watch?v=BKmACIwQwVM&amp;list=PLBKOaJp17CZq51xtf5XlpXs_FEUeYvnsA&amp;index=5&amp;t=1349s\">22:29<\/a>\u200b Arbustos <\/li>\n\n\n\n<li><a href=\"https:\/\/www.youtube.com\/watch?v=BKmACIwQwVM&amp;list=PLBKOaJp17CZq51xtf5XlpXs_FEUeYvnsA&amp;index=5&amp;t=1528s\">25:28<\/a>\u200b Parterres<\/li>\n<\/ul>\n<\/div>\n<\/div>\n\n<div class=\"wp-block-columns\">\n<div class=\"wp-block-column\" style=\"flex-basis:100%\">\n<div class=\"wp-block-columns\">\n<div class=\"wp-block-column\">\n<h2 class=\"wp-block-heading\" id=\"documentation-tools\">Tutorial 5: Herramientas de documentaci\u00f3n<\/h2>\n\n\n\n<p>Este tutorial describe las herramientas de documentaci\u00f3n 2D de Lands Design. <\/p>\n\n\n\n&nbsp;<br><div class='youtube-div-16-9'> \n\t\t\t\t\t\t<iframe class='youtube-iframe'\n\t\t\t\t\t\t\tsrc='https:\/\/www.youtube.com\/embed\/cy0Eu315WEM?rel=0' \n\t\t\t\t\t\t\tframeborder='0' \n\t\t\t\t\t\t\tallow='accelerometer; autoplay; clipboard-write; encrypted-media; gyroscope; picture-in-picture' \n\t\t\t\t\t\t\tallowfullscreen=''>\n\t\t\t\t\t\t<\/iframe>\n\t\t\t\t\t<\/div>\n\n\n\n<ul>\n<li><a href=\"https:\/\/www.youtube.com\/watch?v=cy0Eu315WEM&amp;list=PLBKOaJp17CZq51xtf5XlpXs_FEUeYvnsA&amp;index=6&amp;t=0s\">0:00<\/a>\u200b Introducci\u00f3n <\/li>\n\n\n\n<li><a href=\"https:\/\/www.youtube.com\/watch?v=chV3zDI8Um8&amp;list=PLBKOaJp17CZq51xtf5XlpXs_FEUeYvnsA&amp;index=4&amp;t=28s\">0:36<\/a> Aspersor<\/li>\n\n\n\n<li><a href=\"https:\/\/www.youtube.com\/watch?v=cy0Eu315WEM&amp;list=PLBKOaJp17CZq51xtf5XlpXs_FEUeYvnsA&amp;index=6&amp;t=205s\">3:25<\/a> Tuber\u00edas <\/li>\n\n\n\n<li><a href=\"https:\/\/www.youtube.com\/watch?v=chV3zDI8Um8&amp;list=PLBKOaJp17CZq51xtf5XlpXs_FEUeYvnsA&amp;index=4&amp;t=392s\">6:20<\/a>\u200b Lista de aspersores y tuber\u00edas <\/li>\n\n\n\n<li><a href=\"https:\/\/www.youtube.com\/watch?v=cy0Eu315WEM&amp;list=PLBKOaJp17CZq51xtf5XlpXs_FEUeYvnsA&amp;index=6&amp;t=408s\">6:48<\/a> Lista de plantas<\/li>\n\n\n\n<li><a href=\"https:\/\/www.youtube.com\/watch?v=cy0Eu315WEM&amp;list=PLBKOaJp17CZq51xtf5XlpXs_FEUeYvnsA&amp;index=6&amp;t=497s\">8:17<\/a> A\u00f1adir par\u00e1metros personalizados en listas<\/li>\n\n\n\n<li><a href=\"https:\/\/www.youtube.com\/watch?v=cy0Eu315WEM&amp;list=PLBKOaJp17CZq51xtf5XlpXs_FEUeYvnsA&amp;index=6&amp;t=614s\">10:14<\/a> Exportar listas<\/li>\n\n\n\n<li><a href=\"https:\/\/www.youtube.com\/watch?v=cy0Eu315WEM&amp;list=PLBKOaJp17CZq51xtf5XlpXs_FEUeYvnsA&amp;index=6&amp;t=640s\">10:40<\/a> Etiquetas de plantas<\/li>\n\n\n\n<li><a href=\"https:\/\/www.youtube.com\/watch?v=cy0Eu315WEM&amp;list=PLBKOaJp17CZq51xtf5XlpXs_FEUeYvnsA&amp;index=6&amp;t=806s\">13:26<\/a> Foto de planta<\/li>\n\n\n\n<li><a href=\"https:\/\/www.youtube.com\/watch?v=cy0Eu315WEM&amp;list=PLBKOaJp17CZq51xtf5XlpXs_FEUeYvnsA&amp;index=6&amp;t=886s\">14:46<\/a> Herramienta de etiqueta<\/li>\n\n\n\n<li><a href=\"https:\/\/www.youtube.com\/watch?v=cy0Eu315WEM&amp;list=PLBKOaJp17CZq51xtf5XlpXs_FEUeYvnsA&amp;index=6&amp;t=921s\">15:21<\/a> Herramienta de cota<\/li>\n\n\n\n<li><a href=\"https:\/\/www.youtube.com\/watch?v=cy0Eu315WEM&amp;list=PLBKOaJp17CZq51xtf5XlpXs_FEUeYvnsA&amp;index=6&amp;t=1043s\">17:23<\/a> Herramienta de pendiente<\/li>\n\n\n\n<li><a href=\"https:\/\/www.youtube.com\/watch?v=cy0Eu315WEM&amp;list=PLBKOaJp17CZq51xtf5XlpXs_FEUeYvnsA&amp;index=6&amp;t=1153s\">19:13<\/a> Sombras de plantas<\/li>\n<\/ul>\n<\/div>\n\n\n\n<div class=\"wp-block-column\"><\/div>\n<\/div>\n<\/div>\n<\/div>\n\n<p>Tutorial 6 disponible pr\u00f3ximamente.<\/p>\n<p>[\/et_pb_text][\/et_pb_column]<br \/>\t\t\t[\/et_pb_row]<br \/>\t\t[\/et_pb_section]<\/p>\n","protected":false},"excerpt":{"rendered":"<p>Tutoriales en v\u00eddeo de Lands Design En los siguientes tutoriales en v\u00eddeo, aprender\u00e1 las funciones principales de Lands Design (para la versi\u00f3n de Rhino), mientras desarrolla un proyecto de paisajismo. Los v\u00eddeos se organizan por temas. Descargue el archivo para empezar a seguir este tutorial aqu\u00ed. Resumen Tutorial 0: Interfaz de RhinoLands Tutorial 1: Interfaz [&hellip;]<\/p>\n","protected":false},"author":1,"featured_media":0,"parent":60422,"menu_order":0,"comment_status":"closed","ping_status":"closed","template":"","meta":{"_et_pb_use_builder":"on","_et_pb_old_content":"","_et_gb_content_width":"","footnotes":""},"class_list":["post-66800","page","type-page","status-publish","hentry"],"yoast_head":"<!-- This site is optimized with the Yoast SEO plugin v27.5 - https:\/\/yoast.com\/product\/yoast-seo-wordpress\/ -->\n<title>Tutoriales en v\u00eddeo - RhinoLands<\/title>\n<meta name=\"robots\" content=\"index, follow, max-snippet:-1, max-image-preview:large, max-video-preview:-1\" \/>\n<link rel=\"canonical\" href=\"https:\/\/rhinolands.com\/es\/learn\/video-tutorial\/\" \/>\n<meta property=\"og:locale\" content=\"es_ES\" \/>\n<meta property=\"og:type\" content=\"article\" \/>\n<meta property=\"og:title\" content=\"Tutoriales en v\u00eddeo - RhinoLands\" \/>\n<meta property=\"og:description\" content=\"Tutoriales en v\u00eddeo de Lands Design En los siguientes tutoriales en v\u00eddeo, aprender\u00e1 las funciones principales de Lands Design (para la versi\u00f3n de Rhino), mientras desarrolla un proyecto de paisajismo. Los v\u00eddeos se organizan por temas. Descargue el archivo para empezar a seguir este tutorial aqu\u00ed. Resumen Tutorial 0: Interfaz de RhinoLands Tutorial 1: Interfaz [&hellip;]\" \/>\n<meta property=\"og:url\" content=\"https:\/\/rhinolands.com\/es\/learn\/video-tutorial\/\" \/>\n<meta property=\"og:site_name\" content=\"RhinoLands\" \/>\n<meta property=\"article:modified_time\" content=\"2025-08-26T11:58:08+00:00\" \/>\n<meta name=\"twitter:card\" content=\"summary_large_image\" \/>\n<meta name=\"twitter:label1\" content=\"Tiempo de lectura\" \/>\n\t<meta name=\"twitter:data1\" content=\"3 minutos\" \/>\n<script type=\"application\/ld+json\" class=\"yoast-schema-graph\">{\"@context\":\"https:\\\/\\\/schema.org\",\"@graph\":[{\"@type\":\"WebPage\",\"@id\":\"https:\\\/\\\/rhinolands.com\\\/es\\\/learn\\\/video-tutorial\\\/\",\"url\":\"https:\\\/\\\/rhinolands.com\\\/es\\\/learn\\\/video-tutorial\\\/\",\"name\":\"Tutoriales en v\u00eddeo - RhinoLands\",\"isPartOf\":{\"@id\":\"https:\\\/\\\/rhinolands.com\\\/es\\\/#website\"},\"datePublished\":\"2020-12-14T10:51:53+00:00\",\"dateModified\":\"2025-08-26T11:58:08+00:00\",\"breadcrumb\":{\"@id\":\"https:\\\/\\\/rhinolands.com\\\/es\\\/learn\\\/video-tutorial\\\/#breadcrumb\"},\"inLanguage\":\"es\",\"potentialAction\":[{\"@type\":\"ReadAction\",\"target\":[\"https:\\\/\\\/rhinolands.com\\\/es\\\/learn\\\/video-tutorial\\\/\"]}]},{\"@type\":\"BreadcrumbList\",\"@id\":\"https:\\\/\\\/rhinolands.com\\\/es\\\/learn\\\/video-tutorial\\\/#breadcrumb\",\"itemListElement\":[{\"@type\":\"ListItem\",\"position\":1,\"name\":\"Home\",\"item\":\"https:\\\/\\\/rhinolands.com\\\/es\\\/\"},{\"@type\":\"ListItem\",\"position\":2,\"name\":\"Formaci\u00f3n\",\"item\":\"https:\\\/\\\/rhinolands.com\\\/es\\\/learn\\\/\"},{\"@type\":\"ListItem\",\"position\":3,\"name\":\"Tutoriales en v\u00eddeo\"}]},{\"@type\":\"WebSite\",\"@id\":\"https:\\\/\\\/rhinolands.com\\\/es\\\/#website\",\"url\":\"https:\\\/\\\/rhinolands.com\\\/es\\\/\",\"name\":\"RhinoLands\",\"description\":\"BIM landscape software\",\"publisher\":{\"@id\":\"https:\\\/\\\/rhinolands.com\\\/es\\\/#organization\"},\"potentialAction\":[{\"@type\":\"SearchAction\",\"target\":{\"@type\":\"EntryPoint\",\"urlTemplate\":\"https:\\\/\\\/rhinolands.com\\\/es\\\/?s={search_term_string}\"},\"query-input\":{\"@type\":\"PropertyValueSpecification\",\"valueRequired\":true,\"valueName\":\"search_term_string\"}}],\"inLanguage\":\"es\"},{\"@type\":\"Organization\",\"@id\":\"https:\\\/\\\/rhinolands.com\\\/es\\\/#organization\",\"name\":\"Asuni Soft\",\"url\":\"https:\\\/\\\/rhinolands.com\\\/es\\\/\",\"logo\":{\"@type\":\"ImageObject\",\"inLanguage\":\"es\",\"@id\":\"https:\\\/\\\/rhinolands.com\\\/es\\\/#\\\/schema\\\/logo\\\/image\\\/\",\"url\":\"https:\\\/\\\/rhinolands.com\\\/wp-content\\\/uploads\\\/2020\\\/02\\\/AsuniLogoFinal-01.png\",\"contentUrl\":\"https:\\\/\\\/rhinolands.com\\\/wp-content\\\/uploads\\\/2020\\\/02\\\/AsuniLogoFinal-01.png\",\"width\":151,\"height\":46,\"caption\":\"Asuni Soft\"},\"image\":{\"@id\":\"https:\\\/\\\/rhinolands.com\\\/es\\\/#\\\/schema\\\/logo\\\/image\\\/\"}}]}<\/script>\n<!-- \/ Yoast SEO plugin. -->","yoast_head_json":{"title":"Tutoriales en v\u00eddeo - RhinoLands","robots":{"index":"index","follow":"follow","max-snippet":"max-snippet:-1","max-image-preview":"max-image-preview:large","max-video-preview":"max-video-preview:-1"},"canonical":"https:\/\/rhinolands.com\/es\/learn\/video-tutorial\/","og_locale":"es_ES","og_type":"article","og_title":"Tutoriales en v\u00eddeo - RhinoLands","og_description":"Tutoriales en v\u00eddeo de Lands Design En los siguientes tutoriales en v\u00eddeo, aprender\u00e1 las funciones principales de Lands Design (para la versi\u00f3n de Rhino), mientras desarrolla un proyecto de paisajismo. Los v\u00eddeos se organizan por temas. Descargue el archivo para empezar a seguir este tutorial aqu\u00ed. Resumen Tutorial 0: Interfaz de RhinoLands Tutorial 1: Interfaz [&hellip;]","og_url":"https:\/\/rhinolands.com\/es\/learn\/video-tutorial\/","og_site_name":"RhinoLands","article_modified_time":"2025-08-26T11:58:08+00:00","twitter_card":"summary_large_image","twitter_misc":{"Tiempo de lectura":"3 minutos"},"schema":{"@context":"https:\/\/schema.org","@graph":[{"@type":"WebPage","@id":"https:\/\/rhinolands.com\/es\/learn\/video-tutorial\/","url":"https:\/\/rhinolands.com\/es\/learn\/video-tutorial\/","name":"Tutoriales en v\u00eddeo - RhinoLands","isPartOf":{"@id":"https:\/\/rhinolands.com\/es\/#website"},"datePublished":"2020-12-14T10:51:53+00:00","dateModified":"2025-08-26T11:58:08+00:00","breadcrumb":{"@id":"https:\/\/rhinolands.com\/es\/learn\/video-tutorial\/#breadcrumb"},"inLanguage":"es","potentialAction":[{"@type":"ReadAction","target":["https:\/\/rhinolands.com\/es\/learn\/video-tutorial\/"]}]},{"@type":"BreadcrumbList","@id":"https:\/\/rhinolands.com\/es\/learn\/video-tutorial\/#breadcrumb","itemListElement":[{"@type":"ListItem","position":1,"name":"Home","item":"https:\/\/rhinolands.com\/es\/"},{"@type":"ListItem","position":2,"name":"Formaci\u00f3n","item":"https:\/\/rhinolands.com\/es\/learn\/"},{"@type":"ListItem","position":3,"name":"Tutoriales en v\u00eddeo"}]},{"@type":"WebSite","@id":"https:\/\/rhinolands.com\/es\/#website","url":"https:\/\/rhinolands.com\/es\/","name":"RhinoLands","description":"BIM landscape software","publisher":{"@id":"https:\/\/rhinolands.com\/es\/#organization"},"potentialAction":[{"@type":"SearchAction","target":{"@type":"EntryPoint","urlTemplate":"https:\/\/rhinolands.com\/es\/?s={search_term_string}"},"query-input":{"@type":"PropertyValueSpecification","valueRequired":true,"valueName":"search_term_string"}}],"inLanguage":"es"},{"@type":"Organization","@id":"https:\/\/rhinolands.com\/es\/#organization","name":"Asuni Soft","url":"https:\/\/rhinolands.com\/es\/","logo":{"@type":"ImageObject","inLanguage":"es","@id":"https:\/\/rhinolands.com\/es\/#\/schema\/logo\/image\/","url":"https:\/\/rhinolands.com\/wp-content\/uploads\/2020\/02\/AsuniLogoFinal-01.png","contentUrl":"https:\/\/rhinolands.com\/wp-content\/uploads\/2020\/02\/AsuniLogoFinal-01.png","width":151,"height":46,"caption":"Asuni Soft"},"image":{"@id":"https:\/\/rhinolands.com\/es\/#\/schema\/logo\/image\/"}}]}},"_links":{"self":[{"href":"https:\/\/rhinolands.com\/es\/wp-json\/wp\/v2\/pages\/66800","targetHints":{"allow":["GET"]}}],"collection":[{"href":"https:\/\/rhinolands.com\/es\/wp-json\/wp\/v2\/pages"}],"about":[{"href":"https:\/\/rhinolands.com\/es\/wp-json\/wp\/v2\/types\/page"}],"author":[{"embeddable":true,"href":"https:\/\/rhinolands.com\/es\/wp-json\/wp\/v2\/users\/1"}],"replies":[{"embeddable":true,"href":"https:\/\/rhinolands.com\/es\/wp-json\/wp\/v2\/comments?post=66800"}],"version-history":[{"count":3,"href":"https:\/\/rhinolands.com\/es\/wp-json\/wp\/v2\/pages\/66800\/revisions"}],"predecessor-version":[{"id":85078,"href":"https:\/\/rhinolands.com\/es\/wp-json\/wp\/v2\/pages\/66800\/revisions\/85078"}],"up":[{"embeddable":true,"href":"https:\/\/rhinolands.com\/es\/wp-json\/wp\/v2\/pages\/60422"}],"wp:attachment":[{"href":"https:\/\/rhinolands.com\/es\/wp-json\/wp\/v2\/media?parent=66800"}],"curies":[{"name":"wp","href":"https:\/\/api.w.org\/{rel}","templated":true}]}}