{"id":67776,"date":"2021-05-19T17:37:10","date_gmt":"2021-05-19T15:37:10","guid":{"rendered":"https:\/\/rhinolands.com\/learn\/cursos\/"},"modified":"2025-11-20T17:38:25","modified_gmt":"2025-11-20T16:38:25","slug":"courses","status":"publish","type":"page","link":"https:\/\/rhinolands.com\/es\/learn\/courses\/","title":{"rendered":"Cursos"},"content":{"rendered":"[et_pb_section fb_built=\u00bb1&#8243; admin_label=\u00bbsection\u00bb _builder_version=\u00bb4.16&#8243; da_disable_devices=\u00bboff|off|off\u00bb global_colors_info=\u00bb{}\u00bb da_is_popup=\u00bboff\u00bb da_exit_intent=\u00bboff\u00bb da_has_close=\u00bbon\u00bb da_alt_close=\u00bboff\u00bb da_dark_close=\u00bboff\u00bb da_not_modal=\u00bbon\u00bb da_is_singular=\u00bboff\u00bb da_with_loader=\u00bboff\u00bb da_has_shadow=\u00bbon\u00bb][et_pb_row admin_label=\u00bbfila\u00bb _builder_version=\u00bb4.24.2&#8243; background_size=\u00bbinitial\u00bb background_position=\u00bbtop_left\u00bb background_repeat=\u00bbrepeat\u00bb global_colors_info=\u00bb{}\u00bb][et_pb_column type=\u00bb4_4&#8243; _builder_version=\u00bb4.16&#8243; custom_padding=\u00bb|||\u00bb global_colors_info=\u00bb{}\u00bb custom_padding__hover=\u00bb|||\u00bb][et_pb_post_title meta=\u00bboff\u00bb featured_image=\u00bboff\u00bb _builder_version=\u00bb4.24.2&#8243; _module_preset=\u00bbdefault\u00bb global_colors_info=\u00bb{}\u00bb][\/et_pb_post_title][et_pb_text admin_label=\u00bbText\u00bb _builder_version=\u00bb4.24.3&#8243; background_size=\u00bbinitial\u00bb background_position=\u00bbtop_left\u00bb background_repeat=\u00bbrepeat\u00bb global_colors_info=\u00bb{}\u00bb]<h2>Plataforma de cursos online<\/h2>\nEmprenda su viaje con RhinoLands a trav\u00e9s de nuestro curso gratuito online en la plataforma educativa Rhino3D. Reg\u00edstrese en la plataforma e inscr\u00edbase en el curso de RhinoLands, una forma intuitiva de aprender el programa paso a paso mediante ejercicios e instrucciones guiadas.[\/et_pb_text][et_pb_button button_url=\u00bbhttps:\/\/www.rhino3d.education\/p\/lands-design-landscape-design-tool-in-rhino\u00bb url_new_window=\u00bbon\u00bb button_text=\u00bbRegistro\u00bb button_alignment=\u00bbcenter\u00bb _builder_version=\u00bb4.24.2&#8243; _module_preset=\u00bbdefault\u00bb global_colors_info=\u00bb{}\u00bb][\/et_pb_button][et_pb_text admin_label=\u00bbText\u00bb _builder_version=\u00bb4.27.4&#8243; background_size=\u00bbinitial\u00bb background_position=\u00bbtop_left\u00bb background_repeat=\u00bbrepeat\u00bb hover_enabled=\u00bb0&#8243; global_colors_info=\u00bb{}\u00bb sticky_enabled=\u00bb0&#8243;]<h2>Presentaci\u00f3n online<\/h2><p>P\u00f3ngase en contacto con nosotros para programar una<span>\u00a0<\/span><strong data-start=\"358\" data-end=\"387\">demostraci\u00f3n en l\u00ednea gratuita<\/strong>. Esta sesi\u00f3n interactiva es el m\u00e9todo m\u00e1s r\u00e1pido y c\u00f3modo para familiarizarse con RhinoLands. Resuelva dudas, comparta ideas y reciba orientaci\u00f3n personalizada directamente de nuestro equipo.<\/p><p data-pm-slice=\"1 1 []\">Nuestras presentaciones se realizan a trav\u00e9s de Zoom desde Barcelona, Espa\u00f1a. Solo tiene que elegir una fecha y hora adecuadas, y le enviaremos el enlace de la reuni\u00f3n.<\/p>[\/et_pb_text][et_pb_button button_url=\u00bbmailto:rhinolands@asuni.com\u00bb url_new_window=\u00bbon\u00bb button_text=\u00bbContacte con nosotros\u00bb button_alignment=\u00bbcenter\u00bb _builder_version=\u00bb4.24.3&#8243; _module_preset=\u00bbdefault\u00bb global_colors_info=\u00bb{}\u00bb][\/et_pb_button][et_pb_text admin_label=\u00bbText\u00bb _builder_version=\u00bb4.27.4&#8243; background_size=\u00bbinitial\u00bb background_position=\u00bbtop_left\u00bb background_repeat=\u00bbrepeat\u00bb hover_enabled=\u00bb0&#8243; global_colors_info=\u00bb{}\u00bb sticky_enabled=\u00bb0&#8243;]<h2>Cursos bajo demanda<\/h2><p>Aproveche nuestra amplia red de formadores de RhinoLands en todo el mundo. Consulte la siguiente lista de formadores certificados y concierte sesiones de formaci\u00f3n personalizadas con el especialista que mejor se adapte a sus necesidades.<\/p>[\/et_pb_text][et_pb_toggle title=\u00bbFormadores certificados\u00bb open_toggle_background_color=\u00bbRGBA(255,255,255,0)\u00bb closed_toggle_background_color=\u00bb#f5f5f5&#8243; icon_color=\u00bb#6b6b6b\u00bb toggle_icon=\u00bb&#x47;||divi||400&#8243; use_icon_font_size=\u00bbon\u00bb icon_font_size=\u00bb20px\u00bb open_icon_color=\u00bb#6b6b6b\u00bb open_toggle_icon=\u00bb&#x46;||divi||400&#8243; open_use_icon_font_size=\u00bbon\u00bb open_icon_font_size=\u00bb20px\u00bb _builder_version=\u00bb4.27.4&#8243; _module_preset=\u00bbdefault\u00bb title_level=\u00bbh3&#8243; title_font=\u00bb||||||||\u00bb custom_margin=\u00bb0px||||false|false\u00bb custom_padding=\u00bb16px||16px||false|false\u00bb custom_css_free_form=\u00bb.trainers-table th {||  padding: 20px 15px;||  text-align: left;||\tbackground-color: #ffffff;||||}||||.trainers-table td {||  padding: 20px 15px;||  text-align: left;||  vertical-align: middle;||  height: 54px;||  box-sizing: border-box;||}||||.trainers-table tbody tr:nth-child(odd) {||  background-color: #f9f9f9;||}||||.trainers-table tbody tr:nth-child(even) {||  background-color: #ffffff;||}||||.trainers-table td:nth-child(2),||.trainers-table td:nth-child(4) {||  white-space: nowrap;||}||||||||.trainers-table a:hover {||  text-decoration: underline;||}||\u00bb border_radii=\u00bbon|4px|4px|4px|4px\u00bb box_shadow_style=\u00bbpreset1&#8243; box_shadow_vertical=\u00bb0px\u00bb box_shadow_blur=\u00bb0px\u00bb global_colors_info=\u00bb{}\u00bb box_shadow_vertical__hover=\u00bb1px\u00bb box_shadow_vertical__hover_enabled=\u00bbon|hover\u00bb box_shadow_blur__hover=\u00bb6px\u00bb box_shadow_blur__hover_enabled=\u00bbon|hover\u00bb locked=\u00bboff\u00bb]<table class=\"trainers-table\"><thead><tr><th>Ubicaci\u00f3n<\/th><th>Formador<\/th><th>Direcci\u00f3n<\/th><th>Tel\u00e9fono<\/th><th>Correo electr\u00f3nico<\/th><\/tr><\/thead><tbody><tr><td><strong>Francia<\/strong><\/td><td><a href=\"https:\/\/www.rhinolands-formavente.com\/\" target=\"_blank\" rel=\"noopener\">RhinoLands-FormaVente<\/a><\/td><td>4 All. des Brotteaux &#8211; Bourg en Bresse 01000 (<a href=\"https:\/\/maps.google.com\/maps?q=RhinoLands-FormaVente,4+All.+des+Brotteaux%2C01000%2CBourg+en+Bresse%2C%2CAin%2CFR\" target=\"_blank\" rel=\"noopener\">Mapa<\/a>)<\/td><td><a href=\"tel:+33677791282\">+33 6 77 79 12 82<\/a><\/td><td><a href=\"mailto:contact@rhinolands-formavente.com\">Contacto<\/a><\/td><\/tr><tr><td><strong>Francia<\/strong><\/td><td><a href=\"https:\/\/rhinoforyou.com\" target=\"_blank\" rel=\"noopener\">RhinoForYou<\/a><\/td><td>2, quai Cl\u00e9menceau, B\u00e2timent C, 69300 Caluire-et-Cuire &#8211; Lyon 69300 (<a href=\"https:\/\/maps.google.com\/maps?q=RhinoForYou,2%2C+quai+Cl%26eacute%3Bmenceau%2C+B%26acirc%3Btiment+C%2C++69300+CALUIRE-ET-CUIRE+%2C69300%2CLyon%2C%2C%2CFR\" target=\"_blank\" rel=\"noopener\">Mapa<\/a>)<\/td><td><a href=\"tel:+33771231396\">+33 7 71 23 13 96<\/a><\/td><td><a href=\"mailto:j.hababou@rhinoforyou.com\">Contacto<\/a><\/td><\/tr><tr><td><strong>Francia<\/strong><\/td><td><a href=\"https:\/\/rhinoforyou.com\" target=\"_blank\" rel=\"noopener\">RhinoForYou<\/a><\/td><td>76 rue de la Pompe &#8211; Paris 75116 (<a href=\"https:\/\/maps.google.com\/maps?q=RhinoForYou,76+rue+de+la+Pompe%2C75116%2CParis%2C%2CIle+de+France%2CFR\" target=\"_blank\" rel=\"noopener\">Mapa<\/a>)<\/td><td><a href=\"tel:+33183812260\">+33 1 83 81 22 60<\/a><\/td><td><a href=\"mailto:j.hababou@rhinoforyou.com\">Contacto<\/a><\/td><\/tr><tr><td><strong>Grecia<\/strong><\/td><td><a href=\"https:\/\/marketplace.cadacademy.gr\/\" target=\"_blank\" rel=\"noopener\">CAD Academy<\/a><\/td><td>Georgiou Mpakou 34 &#8211; Atenas 11524 (<a href=\"https:\/\/maps.google.com\/maps?q=CAD%20ACADEMY,Georgiou+Mpakou+34%2C11524%2CAthens%2C%2CAttiki%2CGR\" target=\"_blank\" rel=\"noopener\">Mapa<\/a>)<\/td><td><a href=\"tel:+302121010625\">+30 212 101 0625<\/a><\/td><td><a href=\"mailto:sales@cadacademy.gr\">Contacto<\/a><\/td><\/tr><tr><td><strong>Grecia<\/strong><\/td><td><a href=\"https:\/\/www.ergocad.eu\/\" target=\"_blank\" rel=\"noopener\">ERGOCAD<\/a><\/td><td>ARETIS 13 &#8211; Atenas 12135 (<a href=\"https:\/\/maps.google.com\/maps?q=ERGOCAD,ARETIS+13%2C12135%2CAthens%2C%2CPERISTERI%2CGR\" target=\"_blank\" rel=\"noopener\">Mapa<\/a>)<\/td><td><a href=\"tel:+302114112620\">+30 211 411 2620<\/a><\/td><td><a href=\"mailto:sales@ergocad.eu\">Contacto<\/a><\/td><\/tr><tr><td><strong>Hungr\u00eda<\/strong><\/td><td><a href=\"https:\/\/www.hungarocad.hu\" target=\"_blank\" rel=\"noopener\">HungaroCAD Informatikai Kft.<\/a><\/td><td>Feh\u00e9rv\u00e1ri \u00fat 84\/A, 1119 (<a href=\"https:\/\/maps.google.com\/maps?q=HungaroCAD+Informatikai+Kft.,Feh%C3%A9rv%C3%A1ri+%C3%BAt+84%2FA%2C1119%2CBudapest%2C%2CHU\" target=\"_blank\" rel=\"noopener\">Mapa<\/a>)<\/td><td><a href=\"tel:+3613268209\">+36 1 326 8209<\/a><\/td><td><a href=\"mailto:nemeth.zoltan@hungarocad.hu\">Contacto<\/a><\/td><\/tr><tr><td><strong>Italia<\/strong><\/td><td><a href=\"https:\/\/www.materforma.it\/\" target=\"_blank\" rel=\"noopener\">MaterForma<\/a><\/td><td>Via Visciotti 9 &#8211; Terni 05100 (<a href=\"https:\/\/maps.google.com\/maps?q=MaterForma,Via+Visciotti+9%2C05100%2CTerni%2C%2CTR%2CIT\" target=\"_blank\" rel=\"noopener\">Mapa<\/a>)<\/td><td><a href=\"tel:+390744243163\">+39 0744 243 163<\/a><\/td><td><a href=\"mailto:mater@materforma.it\">Contacto<\/a><\/td><\/tr><tr><td><strong>Jap\u00f3n<\/strong><\/td><td><a href=\"https:\/\/www.applicraft.com\/products\/rhinoceros\/landsdesign\/\" target=\"_blank\" rel=\"noopener\">Applicraft<\/a><\/td><td>1 Chome-13-8 Yoyogi, Shibuya-ku, Tokio-to 151-0053, Jap\u00f3n (<a href=\"https:\/\/maps.google.com\/maps?q=Applicraft,1+Chome-13-8+Yoyogi%2C+Shibuya-ku%2C+Tokyo-to+151-0053%2C+Jap%C3%B3n%2C%2CShibuya%2C+Tokyo%2C%2C%2CJP\" target=\"_blank\" rel=\"noopener\">Mapa<\/a>)<\/td><td><a href=\"tel:+81368258431\">+81 3 6825 8431<\/a><\/td><td><a href=\"mailto:info@applicraft.com\">Contacto<\/a><\/td><\/tr><tr><td><strong>Polonia<\/strong><\/td><td><a href=\"https:\/\/www.bardins3d.pl\/\" target=\"_blank\" rel=\"noopener\">Bardins Sp. z o.o.<\/a><\/td><td>iedzialkowskiego 24 (XVIIp. 10,11) &#8211; Szczecin 71-410 (<a href=\"https:\/\/maps.google.com\/maps?q=Bardins%20Sp.%20z%20o.o.,Niedzialkowskiego+24+%28XVIIp.+10%2C11%29%2C71-410%2CSzczecin%2C%2Cwoj.+zachodniopomorskie%2CPL\" target=\"_blank\" rel=\"noopener\">Mapa<\/a>)<\/td><td><a href=\"tel:+48914201090\">+48 91 420 1090<\/a><\/td><td><a href=\"mailto:info@bardins.pl\">Contacto<\/a><\/td><\/tr><tr><td><strong>Espa\u00f1a<\/strong><\/td><td><a href=\"https:\/\/www.icreatia.es\/product-category\/formacion\/cursos-de-lands-design-y-visualarq\/\" target=\"_blank\" rel=\"noopener\">Icreatia<\/a><\/td><td>Roger de Flor, 32-34 &#8211; Barcelona 08018 (<a href=\"https:\/\/maps.google.com\/maps?q=icreatia,Roger+de+Flor%2C+32-34%2C08018%2CBarcelona%2C%2CBarcelona%2CES\" target=\"_blank\" rel=\"noopener\">Mapa<\/a>)<\/td><td><a href=\"tel:+34932687308\">+34 93 268 73 08<\/a><\/td><td><a href=\"mailto:comercial@icreatia.com\">Contacto<\/a><\/td><\/tr><tr><td><strong>Suiza<\/strong><\/td><td><a href=\"https:\/\/pazacademy.ch\/\" target=\"_blank\" rel=\"noopener\">CAD Academy<\/a><\/td><td>Niederdorfstrasse 77 &#8211; Z\u00farich 8001 (<a href=\"https:\/\/maps.google.com\/maps?q=PAZ%20-%20Parametric%20Academy%20Zurich,Niederdorfstrasse+77%2C8001%2CZurich%2C%2CZurich%2CCH\" target=\"_blank\" rel=\"noopener\">Mapa<\/a>)<\/td><td><a href=\"tel:+41442436216\">+41 44 243 62 16<\/a><\/td><td><a href=\"mailto:andres@pazacademy.ch\">Contacto<\/a><\/td><\/tr><tr><td><strong>Turqu\u00eda<\/strong><\/td><td><a href=\"https:\/\/namdaristech.com\/\" target=\"_blank\" rel=\"noopener\">Namdaris<\/a><\/td><td>Kutay \u0130\u015f Merkezi 9 Ata\u015fehir, Estambul (<a href=\"https:\/\/maps.google.com\/maps?q=Naval+Architect,Kutay+%C4%B0%C5%9F+Merkezi+No%3A9%2C+Ata%C5%9Fehir%2C+%C4%B0stanbul%2C%2CTR\" target=\"_blank\" rel=\"noopener\">Mapa<\/a>)<\/td><td><a href=\"tel:+902166063106\">+90 216 606 31 06<\/a><\/td><td><a href=\"mailto:e.dulger@namdaristech.com\">Contacto<\/a><\/td><\/tr><tr><td><strong>REINO UNIDO<\/strong><\/td><td><a href=\"https:\/\/simplyrhino.co.uk\/\" target=\"_blank\" rel=\"noopener\">Simply Rhino UK<\/a><\/td><td>33 Montalt Road &#8211; Woodford Green &#8211; Londres IG8 9RS (<a href=\"https:\/\/maps.google.com\/maps?q=Simply%20Rhino%20UK,33+Montalt+Road+-+Woodford+Green+%2CIG8+9RS%2CLondon%2C%2CLondon%2CGB\" target=\"_blank\" rel=\"noopener\">Mapa<\/a>)<\/td><td><a href=\"tel:+442084989900\">+44 20 8498 9900<\/a><\/td><td><a href=\"mailto:paul@simplyrhino.co.uk\">Contacto<\/a><\/td><\/tr><\/tbody><\/table>[\/et_pb_toggle][\/et_pb_column][\/et_pb_row][\/et_pb_section]","protected":false},"excerpt":{"rendered":"<p>Plataforma de cursos online Emprenda su viaje con RhinoLands a trav\u00e9s de nuestro curso gratuito online en la plataforma educativa Rhino3D. Reg\u00edstrese en la plataforma e inscr\u00edbase en el curso de RhinoLands, una forma intuitiva de aprender el programa paso a paso mediante ejercicios e instrucciones guiadas.Presentaci\u00f3n onlineP\u00f3ngase en contacto con nosotros para programar una\u00a0demostraci\u00f3n [&hellip;]<\/p>\n","protected":false},"author":1,"featured_media":0,"parent":60422,"menu_order":0,"comment_status":"closed","ping_status":"closed","template":"","meta":{"_et_pb_use_builder":"on","_et_pb_old_content":"","_et_gb_content_width":"","footnotes":""},"class_list":["post-67776","page","type-page","status-publish","hentry"],"yoast_head":"<!-- This site is optimized with the Yoast SEO plugin v27.3 - https:\/\/yoast.com\/product\/yoast-seo-wordpress\/ -->\n<title>Cursos - RhinoLands<\/title>\n<meta name=\"robots\" content=\"index, follow, max-snippet:-1, max-image-preview:large, max-video-preview:-1\" \/>\n<link rel=\"canonical\" href=\"https:\/\/rhinolands.com\/es\/learn\/courses\/\" \/>\n<meta property=\"og:locale\" content=\"es_ES\" \/>\n<meta property=\"og:type\" content=\"article\" \/>\n<meta property=\"og:title\" content=\"Cursos - RhinoLands\" \/>\n<meta property=\"og:description\" content=\"Plataforma de cursos online Emprenda su viaje con RhinoLands a trav\u00e9s de nuestro curso gratuito online en la plataforma educativa Rhino3D. Reg\u00edstrese en la plataforma e inscr\u00edbase en el curso de RhinoLands, una forma intuitiva de aprender el programa paso a paso mediante ejercicios e instrucciones guiadas.Presentaci\u00f3n onlineP\u00f3ngase en contacto con nosotros para programar una\u00a0demostraci\u00f3n [&hellip;]\" \/>\n<meta property=\"og:url\" content=\"https:\/\/rhinolands.com\/es\/learn\/courses\/\" \/>\n<meta property=\"og:site_name\" content=\"RhinoLands\" \/>\n<meta property=\"article:modified_time\" content=\"2025-11-20T16:38:25+00:00\" \/>\n<meta name=\"twitter:card\" content=\"summary_large_image\" \/>\n<meta name=\"twitter:label1\" content=\"Tiempo de lectura\" \/>\n\t<meta name=\"twitter:data1\" content=\"4 minutos\" \/>\n<script type=\"application\/ld+json\" class=\"yoast-schema-graph\">{\"@context\":\"https:\\\/\\\/schema.org\",\"@graph\":[{\"@type\":\"WebPage\",\"@id\":\"https:\\\/\\\/rhinolands.com\\\/es\\\/learn\\\/courses\\\/\",\"url\":\"https:\\\/\\\/rhinolands.com\\\/es\\\/learn\\\/courses\\\/\",\"name\":\"Cursos - RhinoLands\",\"isPartOf\":{\"@id\":\"https:\\\/\\\/rhinolands.com\\\/es\\\/#website\"},\"datePublished\":\"2021-05-19T15:37:10+00:00\",\"dateModified\":\"2025-11-20T16:38:25+00:00\",\"breadcrumb\":{\"@id\":\"https:\\\/\\\/rhinolands.com\\\/es\\\/learn\\\/courses\\\/#breadcrumb\"},\"inLanguage\":\"es\",\"potentialAction\":[{\"@type\":\"ReadAction\",\"target\":[\"https:\\\/\\\/rhinolands.com\\\/es\\\/learn\\\/courses\\\/\"]}]},{\"@type\":\"BreadcrumbList\",\"@id\":\"https:\\\/\\\/rhinolands.com\\\/es\\\/learn\\\/courses\\\/#breadcrumb\",\"itemListElement\":[{\"@type\":\"ListItem\",\"position\":1,\"name\":\"Home\",\"item\":\"https:\\\/\\\/rhinolands.com\\\/es\\\/\"},{\"@type\":\"ListItem\",\"position\":2,\"name\":\"Formaci\u00f3n\",\"item\":\"https:\\\/\\\/rhinolands.com\\\/es\\\/learn\\\/\"},{\"@type\":\"ListItem\",\"position\":3,\"name\":\"Cursos\"}]},{\"@type\":\"WebSite\",\"@id\":\"https:\\\/\\\/rhinolands.com\\\/es\\\/#website\",\"url\":\"https:\\\/\\\/rhinolands.com\\\/es\\\/\",\"name\":\"RhinoLands\",\"description\":\"BIM landscape software\",\"publisher\":{\"@id\":\"https:\\\/\\\/rhinolands.com\\\/es\\\/#organization\"},\"potentialAction\":[{\"@type\":\"SearchAction\",\"target\":{\"@type\":\"EntryPoint\",\"urlTemplate\":\"https:\\\/\\\/rhinolands.com\\\/es\\\/?s={search_term_string}\"},\"query-input\":{\"@type\":\"PropertyValueSpecification\",\"valueRequired\":true,\"valueName\":\"search_term_string\"}}],\"inLanguage\":\"es\"},{\"@type\":\"Organization\",\"@id\":\"https:\\\/\\\/rhinolands.com\\\/es\\\/#organization\",\"name\":\"Asuni Soft\",\"url\":\"https:\\\/\\\/rhinolands.com\\\/es\\\/\",\"logo\":{\"@type\":\"ImageObject\",\"inLanguage\":\"es\",\"@id\":\"https:\\\/\\\/rhinolands.com\\\/es\\\/#\\\/schema\\\/logo\\\/image\\\/\",\"url\":\"https:\\\/\\\/rhinolands.com\\\/wp-content\\\/uploads\\\/2020\\\/02\\\/AsuniLogoFinal-01.png\",\"contentUrl\":\"https:\\\/\\\/rhinolands.com\\\/wp-content\\\/uploads\\\/2020\\\/02\\\/AsuniLogoFinal-01.png\",\"width\":151,\"height\":46,\"caption\":\"Asuni Soft\"},\"image\":{\"@id\":\"https:\\\/\\\/rhinolands.com\\\/es\\\/#\\\/schema\\\/logo\\\/image\\\/\"}}]}<\/script>\n<!-- \/ Yoast SEO plugin. -->","yoast_head_json":{"title":"Cursos - RhinoLands","robots":{"index":"index","follow":"follow","max-snippet":"max-snippet:-1","max-image-preview":"max-image-preview:large","max-video-preview":"max-video-preview:-1"},"canonical":"https:\/\/rhinolands.com\/es\/learn\/courses\/","og_locale":"es_ES","og_type":"article","og_title":"Cursos - RhinoLands","og_description":"Plataforma de cursos online Emprenda su viaje con RhinoLands a trav\u00e9s de nuestro curso gratuito online en la plataforma educativa Rhino3D. Reg\u00edstrese en la plataforma e inscr\u00edbase en el curso de RhinoLands, una forma intuitiva de aprender el programa paso a paso mediante ejercicios e instrucciones guiadas.Presentaci\u00f3n onlineP\u00f3ngase en contacto con nosotros para programar una\u00a0demostraci\u00f3n [&hellip;]","og_url":"https:\/\/rhinolands.com\/es\/learn\/courses\/","og_site_name":"RhinoLands","article_modified_time":"2025-11-20T16:38:25+00:00","twitter_card":"summary_large_image","twitter_misc":{"Tiempo de lectura":"4 minutos"},"schema":{"@context":"https:\/\/schema.org","@graph":[{"@type":"WebPage","@id":"https:\/\/rhinolands.com\/es\/learn\/courses\/","url":"https:\/\/rhinolands.com\/es\/learn\/courses\/","name":"Cursos - RhinoLands","isPartOf":{"@id":"https:\/\/rhinolands.com\/es\/#website"},"datePublished":"2021-05-19T15:37:10+00:00","dateModified":"2025-11-20T16:38:25+00:00","breadcrumb":{"@id":"https:\/\/rhinolands.com\/es\/learn\/courses\/#breadcrumb"},"inLanguage":"es","potentialAction":[{"@type":"ReadAction","target":["https:\/\/rhinolands.com\/es\/learn\/courses\/"]}]},{"@type":"BreadcrumbList","@id":"https:\/\/rhinolands.com\/es\/learn\/courses\/#breadcrumb","itemListElement":[{"@type":"ListItem","position":1,"name":"Home","item":"https:\/\/rhinolands.com\/es\/"},{"@type":"ListItem","position":2,"name":"Formaci\u00f3n","item":"https:\/\/rhinolands.com\/es\/learn\/"},{"@type":"ListItem","position":3,"name":"Cursos"}]},{"@type":"WebSite","@id":"https:\/\/rhinolands.com\/es\/#website","url":"https:\/\/rhinolands.com\/es\/","name":"RhinoLands","description":"BIM landscape software","publisher":{"@id":"https:\/\/rhinolands.com\/es\/#organization"},"potentialAction":[{"@type":"SearchAction","target":{"@type":"EntryPoint","urlTemplate":"https:\/\/rhinolands.com\/es\/?s={search_term_string}"},"query-input":{"@type":"PropertyValueSpecification","valueRequired":true,"valueName":"search_term_string"}}],"inLanguage":"es"},{"@type":"Organization","@id":"https:\/\/rhinolands.com\/es\/#organization","name":"Asuni Soft","url":"https:\/\/rhinolands.com\/es\/","logo":{"@type":"ImageObject","inLanguage":"es","@id":"https:\/\/rhinolands.com\/es\/#\/schema\/logo\/image\/","url":"https:\/\/rhinolands.com\/wp-content\/uploads\/2020\/02\/AsuniLogoFinal-01.png","contentUrl":"https:\/\/rhinolands.com\/wp-content\/uploads\/2020\/02\/AsuniLogoFinal-01.png","width":151,"height":46,"caption":"Asuni Soft"},"image":{"@id":"https:\/\/rhinolands.com\/es\/#\/schema\/logo\/image\/"}}]}},"_links":{"self":[{"href":"https:\/\/rhinolands.com\/es\/wp-json\/wp\/v2\/pages\/67776","targetHints":{"allow":["GET"]}}],"collection":[{"href":"https:\/\/rhinolands.com\/es\/wp-json\/wp\/v2\/pages"}],"about":[{"href":"https:\/\/rhinolands.com\/es\/wp-json\/wp\/v2\/types\/page"}],"author":[{"embeddable":true,"href":"https:\/\/rhinolands.com\/es\/wp-json\/wp\/v2\/users\/1"}],"replies":[{"embeddable":true,"href":"https:\/\/rhinolands.com\/es\/wp-json\/wp\/v2\/comments?post=67776"}],"version-history":[{"count":3,"href":"https:\/\/rhinolands.com\/es\/wp-json\/wp\/v2\/pages\/67776\/revisions"}],"predecessor-version":[{"id":86322,"href":"https:\/\/rhinolands.com\/es\/wp-json\/wp\/v2\/pages\/67776\/revisions\/86322"}],"up":[{"embeddable":true,"href":"https:\/\/rhinolands.com\/es\/wp-json\/wp\/v2\/pages\/60422"}],"wp:attachment":[{"href":"https:\/\/rhinolands.com\/es\/wp-json\/wp\/v2\/media?parent=67776"}],"curies":[{"name":"wp","href":"https:\/\/api.w.org\/{rel}","templated":true}]}}