{"id":68440,"date":"2021-09-27T18:38:02","date_gmt":"2021-09-27T16:38:02","guid":{"rendered":"https:\/\/rhinolands.com\/learn\/webinars\/registro-de-seminario-virtual\/"},"modified":"2024-04-09T17:06:32","modified_gmt":"2024-04-09T15:06:32","slug":"registration","status":"publish","type":"page","link":"https:\/\/rhinolands.com\/es\/learn\/webinars\/registration\/","title":{"rendered":"Registro de seminario virtual"},"content":{"rendered":"<img decoding=\"async\" class=\"size-large wp-image-73804 aligncenter\" src=\"https:\/\/rhinolands.com\/wp-content\/uploads\/2023\/03\/BIM-LANDSCAPE-DESIGN-SOFTWARE-LANDS-DESIGN-2022-OK-e1679410774249-1024x560.png\" alt=\"SOFTWARE BIM DE DISE\u00d1O PAISAJ\u00cdSTICO: LANDS DESIGN C\u00f3mo se listan los objetos y se vinculan al dibujo y al modelo 3D\" width=\"800\" srcset=\"https:\/\/rhinolands.com\/wp-content\/uploads\/2023\/03\/BIM-LANDSCAPE-DESIGN-SOFTWARE-LANDS-DESIGN-2022-OK-e1679410774249-980x551.png 980w, https:\/\/rhinolands.com\/wp-content\/uploads\/2023\/03\/BIM-LANDSCAPE-DESIGN-SOFTWARE-LANDS-DESIGN-2022-OK-e1679410774249-480x270.png 480w\" sizes=\"(min-width: 0px) and (max-width: 480px) 480px, (min-width: 481px) and (max-width: 980px) 980px, (min-width: 981px) 1024px, 100vw\" \/>\n<h1 style=\"text-align: center;\">Registro de seminario virtual<\/h1>\n<p style=\"text-align: center;\"><div class=\"div-sobre-iframe\"><iframe loading=\"lazy\" onload=\"iFrameResize()\" src=\"https:\/\/fz2.asuni.com\/form\/?fz=69&lang=es\" width=\"100%\" height=\"40px\" frameborder=\"0\">Form<\/iframe><\/div><\/p>\n<p style=\"text-align: center;\"><small>La informaci\u00f3n que proporcione al registrarse puede ser utilizada y compartida por Asuni Soft SL de acuerdo con su <a href=\"https:\/\/rhinolands.com\/es\/legal\/privacy-policy\/\">Pol\u00edtica de privacidad<\/a>.<\/small><\/p>\n&nbsp;","protected":false},"excerpt":{"rendered":"<p>Registro de seminario virtual La informaci\u00f3n que proporcione al registrarse puede ser utilizada y compartida por Asuni Soft SL de acuerdo con su Pol\u00edtica de privacidad. &nbsp;<\/p>\n","protected":false},"author":1,"featured_media":0,"parent":60365,"menu_order":0,"comment_status":"closed","ping_status":"closed","template":"","meta":{"_et_pb_use_builder":"","_et_pb_old_content":"","_et_gb_content_width":"","footnotes":""},"class_list":["post-68440","page","type-page","status-publish","hentry"],"yoast_head":"<!-- This site is optimized with the Yoast SEO plugin v27.3 - https:\/\/yoast.com\/product\/yoast-seo-wordpress\/ -->\n<title>Registro de seminario virtual - RhinoLands<\/title>\n<meta name=\"robots\" content=\"index, follow, max-snippet:-1, max-image-preview:large, max-video-preview:-1\" \/>\n<link rel=\"canonical\" href=\"https:\/\/rhinolands.com\/es\/learn\/webinars\/registration\/\" \/>\n<meta property=\"og:locale\" content=\"es_ES\" \/>\n<meta property=\"og:type\" content=\"article\" \/>\n<meta property=\"og:title\" content=\"Registro de seminario virtual - RhinoLands\" \/>\n<meta property=\"og:description\" content=\"Registro de seminario virtual La informaci\u00f3n que proporcione al registrarse puede ser utilizada y compartida por Asuni Soft SL de acuerdo con su Pol\u00edtica de privacidad. &nbsp;\" \/>\n<meta property=\"og:url\" content=\"https:\/\/rhinolands.com\/es\/learn\/webinars\/registration\/\" \/>\n<meta property=\"og:site_name\" content=\"RhinoLands\" \/>\n<meta property=\"article:modified_time\" content=\"2024-04-09T15:06:32+00:00\" \/>\n<meta property=\"og:image\" content=\"https:\/\/rhinolands.com\/wp-content\/uploads\/2023\/03\/BIM-LANDSCAPE-DESIGN-SOFTWARE-LANDS-DESIGN-2022-OK-e1679410774249-1024x560.png\" \/>\n<meta name=\"twitter:card\" content=\"summary_large_image\" \/>\n<script type=\"application\/ld+json\" class=\"yoast-schema-graph\">{\"@context\":\"https:\\\/\\\/schema.org\",\"@graph\":[{\"@type\":\"WebPage\",\"@id\":\"https:\\\/\\\/rhinolands.com\\\/es\\\/learn\\\/webinars\\\/registration\\\/\",\"url\":\"https:\\\/\\\/rhinolands.com\\\/es\\\/learn\\\/webinars\\\/registration\\\/\",\"name\":\"Registro de seminario virtual - RhinoLands\",\"isPartOf\":{\"@id\":\"https:\\\/\\\/rhinolands.com\\\/es\\\/#website\"},\"primaryImageOfPage\":{\"@id\":\"https:\\\/\\\/rhinolands.com\\\/es\\\/learn\\\/webinars\\\/registration\\\/#primaryimage\"},\"image\":{\"@id\":\"https:\\\/\\\/rhinolands.com\\\/es\\\/learn\\\/webinars\\\/registration\\\/#primaryimage\"},\"thumbnailUrl\":\"https:\\\/\\\/rhinolands.com\\\/wp-content\\\/uploads\\\/2023\\\/03\\\/BIM-LANDSCAPE-DESIGN-SOFTWARE-LANDS-DESIGN-2022-OK-e1679410774249-1024x560.png\",\"datePublished\":\"2021-09-27T16:38:02+00:00\",\"dateModified\":\"2024-04-09T15:06:32+00:00\",\"breadcrumb\":{\"@id\":\"https:\\\/\\\/rhinolands.com\\\/es\\\/learn\\\/webinars\\\/registration\\\/#breadcrumb\"},\"inLanguage\":\"es\",\"potentialAction\":[{\"@type\":\"ReadAction\",\"target\":[\"https:\\\/\\\/rhinolands.com\\\/es\\\/learn\\\/webinars\\\/registration\\\/\"]}]},{\"@type\":\"ImageObject\",\"inLanguage\":\"es\",\"@id\":\"https:\\\/\\\/rhinolands.com\\\/es\\\/learn\\\/webinars\\\/registration\\\/#primaryimage\",\"url\":\"https:\\\/\\\/rhinolands.com\\\/wp-content\\\/uploads\\\/2023\\\/03\\\/BIM-LANDSCAPE-DESIGN-SOFTWARE-LANDS-DESIGN-2022-OK-e1679410774249-1024x560.png\",\"contentUrl\":\"https:\\\/\\\/rhinolands.com\\\/wp-content\\\/uploads\\\/2023\\\/03\\\/BIM-LANDSCAPE-DESIGN-SOFTWARE-LANDS-DESIGN-2022-OK-e1679410774249-1024x560.png\"},{\"@type\":\"BreadcrumbList\",\"@id\":\"https:\\\/\\\/rhinolands.com\\\/es\\\/learn\\\/webinars\\\/registration\\\/#breadcrumb\",\"itemListElement\":[{\"@type\":\"ListItem\",\"position\":1,\"name\":\"Home\",\"item\":\"https:\\\/\\\/rhinolands.com\\\/es\\\/\"},{\"@type\":\"ListItem\",\"position\":2,\"name\":\"Formaci\u00f3n\",\"item\":\"https:\\\/\\\/rhinolands.com\\\/es\\\/learn\\\/\"},{\"@type\":\"ListItem\",\"position\":3,\"name\":\"Seminarios web\",\"item\":\"https:\\\/\\\/rhinolands.com\\\/es\\\/learn\\\/webinars\\\/\"},{\"@type\":\"ListItem\",\"position\":4,\"name\":\"Registro de seminario virtual\"}]},{\"@type\":\"WebSite\",\"@id\":\"https:\\\/\\\/rhinolands.com\\\/es\\\/#website\",\"url\":\"https:\\\/\\\/rhinolands.com\\\/es\\\/\",\"name\":\"RhinoLands\",\"description\":\"BIM landscape software\",\"publisher\":{\"@id\":\"https:\\\/\\\/rhinolands.com\\\/es\\\/#organization\"},\"potentialAction\":[{\"@type\":\"SearchAction\",\"target\":{\"@type\":\"EntryPoint\",\"urlTemplate\":\"https:\\\/\\\/rhinolands.com\\\/es\\\/?s={search_term_string}\"},\"query-input\":{\"@type\":\"PropertyValueSpecification\",\"valueRequired\":true,\"valueName\":\"search_term_string\"}}],\"inLanguage\":\"es\"},{\"@type\":\"Organization\",\"@id\":\"https:\\\/\\\/rhinolands.com\\\/es\\\/#organization\",\"name\":\"Asuni Soft\",\"url\":\"https:\\\/\\\/rhinolands.com\\\/es\\\/\",\"logo\":{\"@type\":\"ImageObject\",\"inLanguage\":\"es\",\"@id\":\"https:\\\/\\\/rhinolands.com\\\/es\\\/#\\\/schema\\\/logo\\\/image\\\/\",\"url\":\"https:\\\/\\\/rhinolands.com\\\/wp-content\\\/uploads\\\/2020\\\/02\\\/AsuniLogoFinal-01.png\",\"contentUrl\":\"https:\\\/\\\/rhinolands.com\\\/wp-content\\\/uploads\\\/2020\\\/02\\\/AsuniLogoFinal-01.png\",\"width\":151,\"height\":46,\"caption\":\"Asuni Soft\"},\"image\":{\"@id\":\"https:\\\/\\\/rhinolands.com\\\/es\\\/#\\\/schema\\\/logo\\\/image\\\/\"}}]}<\/script>\n<!-- \/ Yoast SEO plugin. -->","yoast_head_json":{"title":"Registro de seminario virtual - RhinoLands","robots":{"index":"index","follow":"follow","max-snippet":"max-snippet:-1","max-image-preview":"max-image-preview:large","max-video-preview":"max-video-preview:-1"},"canonical":"https:\/\/rhinolands.com\/es\/learn\/webinars\/registration\/","og_locale":"es_ES","og_type":"article","og_title":"Registro de seminario virtual - RhinoLands","og_description":"Registro de seminario virtual La informaci\u00f3n que proporcione al registrarse puede ser utilizada y compartida por Asuni Soft SL de acuerdo con su Pol\u00edtica de privacidad. &nbsp;","og_url":"https:\/\/rhinolands.com\/es\/learn\/webinars\/registration\/","og_site_name":"RhinoLands","article_modified_time":"2024-04-09T15:06:32+00:00","og_image":[{"url":"https:\/\/rhinolands.com\/wp-content\/uploads\/2023\/03\/BIM-LANDSCAPE-DESIGN-SOFTWARE-LANDS-DESIGN-2022-OK-e1679410774249-1024x560.png","type":"","width":"","height":""}],"twitter_card":"summary_large_image","schema":{"@context":"https:\/\/schema.org","@graph":[{"@type":"WebPage","@id":"https:\/\/rhinolands.com\/es\/learn\/webinars\/registration\/","url":"https:\/\/rhinolands.com\/es\/learn\/webinars\/registration\/","name":"Registro de seminario virtual - RhinoLands","isPartOf":{"@id":"https:\/\/rhinolands.com\/es\/#website"},"primaryImageOfPage":{"@id":"https:\/\/rhinolands.com\/es\/learn\/webinars\/registration\/#primaryimage"},"image":{"@id":"https:\/\/rhinolands.com\/es\/learn\/webinars\/registration\/#primaryimage"},"thumbnailUrl":"https:\/\/rhinolands.com\/wp-content\/uploads\/2023\/03\/BIM-LANDSCAPE-DESIGN-SOFTWARE-LANDS-DESIGN-2022-OK-e1679410774249-1024x560.png","datePublished":"2021-09-27T16:38:02+00:00","dateModified":"2024-04-09T15:06:32+00:00","breadcrumb":{"@id":"https:\/\/rhinolands.com\/es\/learn\/webinars\/registration\/#breadcrumb"},"inLanguage":"es","potentialAction":[{"@type":"ReadAction","target":["https:\/\/rhinolands.com\/es\/learn\/webinars\/registration\/"]}]},{"@type":"ImageObject","inLanguage":"es","@id":"https:\/\/rhinolands.com\/es\/learn\/webinars\/registration\/#primaryimage","url":"https:\/\/rhinolands.com\/wp-content\/uploads\/2023\/03\/BIM-LANDSCAPE-DESIGN-SOFTWARE-LANDS-DESIGN-2022-OK-e1679410774249-1024x560.png","contentUrl":"https:\/\/rhinolands.com\/wp-content\/uploads\/2023\/03\/BIM-LANDSCAPE-DESIGN-SOFTWARE-LANDS-DESIGN-2022-OK-e1679410774249-1024x560.png"},{"@type":"BreadcrumbList","@id":"https:\/\/rhinolands.com\/es\/learn\/webinars\/registration\/#breadcrumb","itemListElement":[{"@type":"ListItem","position":1,"name":"Home","item":"https:\/\/rhinolands.com\/es\/"},{"@type":"ListItem","position":2,"name":"Formaci\u00f3n","item":"https:\/\/rhinolands.com\/es\/learn\/"},{"@type":"ListItem","position":3,"name":"Seminarios web","item":"https:\/\/rhinolands.com\/es\/learn\/webinars\/"},{"@type":"ListItem","position":4,"name":"Registro de seminario virtual"}]},{"@type":"WebSite","@id":"https:\/\/rhinolands.com\/es\/#website","url":"https:\/\/rhinolands.com\/es\/","name":"RhinoLands","description":"BIM landscape software","publisher":{"@id":"https:\/\/rhinolands.com\/es\/#organization"},"potentialAction":[{"@type":"SearchAction","target":{"@type":"EntryPoint","urlTemplate":"https:\/\/rhinolands.com\/es\/?s={search_term_string}"},"query-input":{"@type":"PropertyValueSpecification","valueRequired":true,"valueName":"search_term_string"}}],"inLanguage":"es"},{"@type":"Organization","@id":"https:\/\/rhinolands.com\/es\/#organization","name":"Asuni Soft","url":"https:\/\/rhinolands.com\/es\/","logo":{"@type":"ImageObject","inLanguage":"es","@id":"https:\/\/rhinolands.com\/es\/#\/schema\/logo\/image\/","url":"https:\/\/rhinolands.com\/wp-content\/uploads\/2020\/02\/AsuniLogoFinal-01.png","contentUrl":"https:\/\/rhinolands.com\/wp-content\/uploads\/2020\/02\/AsuniLogoFinal-01.png","width":151,"height":46,"caption":"Asuni Soft"},"image":{"@id":"https:\/\/rhinolands.com\/es\/#\/schema\/logo\/image\/"}}]}},"_links":{"self":[{"href":"https:\/\/rhinolands.com\/es\/wp-json\/wp\/v2\/pages\/68440","targetHints":{"allow":["GET"]}}],"collection":[{"href":"https:\/\/rhinolands.com\/es\/wp-json\/wp\/v2\/pages"}],"about":[{"href":"https:\/\/rhinolands.com\/es\/wp-json\/wp\/v2\/types\/page"}],"author":[{"embeddable":true,"href":"https:\/\/rhinolands.com\/es\/wp-json\/wp\/v2\/users\/1"}],"replies":[{"embeddable":true,"href":"https:\/\/rhinolands.com\/es\/wp-json\/wp\/v2\/comments?post=68440"}],"version-history":[{"count":2,"href":"https:\/\/rhinolands.com\/es\/wp-json\/wp\/v2\/pages\/68440\/revisions"}],"predecessor-version":[{"id":80616,"href":"https:\/\/rhinolands.com\/es\/wp-json\/wp\/v2\/pages\/68440\/revisions\/80616"}],"up":[{"embeddable":true,"href":"https:\/\/rhinolands.com\/es\/wp-json\/wp\/v2\/pages\/60365"}],"wp:attachment":[{"href":"https:\/\/rhinolands.com\/es\/wp-json\/wp\/v2\/media?parent=68440"}],"curies":[{"name":"wp","href":"https:\/\/api.w.org\/{rel}","templated":true}]}}