{"id":73112,"date":"2022-12-23T13:42:05","date_gmt":"2022-12-23T12:42:05","guid":{"rendered":"https:\/\/rhinolands.com\/info\/testimonios\/"},"modified":"2022-12-23T13:42:06","modified_gmt":"2022-12-23T12:42:06","slug":"testimonials","status":"publish","type":"page","link":"https:\/\/rhinolands.com\/es\/info\/testimonials\/","title":{"rendered":"Testimonios"},"content":{"rendered":"[et_pb_section fb_built=\u00bb1&#8243; _builder_version=\u00bb4.19.1&#8243; _module_preset=\u00bbdefault\u00bb custom_margin=\u00bb||0px||false|false\u00bb custom_padding=\u00bb||0px||false|false\u00bb global_colors_info=\u00bb{}\u00bb][et_pb_row _builder_version=\u00bb4.19.1&#8243; _module_preset=\u00bbdefault\u00bb global_colors_info=\u00bb{}\u00bb][et_pb_column type=\u00bb4_4&#8243; _builder_version=\u00bb4.19.1&#8243; _module_preset=\u00bbdefault\u00bb global_colors_info=\u00bb{}\u00bb][et_pb_post_title meta=\u00bboff\u00bb featured_image=\u00bboff\u00bb _builder_version=\u00bb4.19.1&#8243; _module_preset=\u00bbdefault\u00bb custom_margin=\u00bb||||false|false\u00bb global_colors_info=\u00bb{}\u00bb][\/et_pb_post_title][\/et_pb_column][\/et_pb_row][\/et_pb_section][et_pb_section fb_built=\u00bb1&#8243; _builder_version=\u00bb4.19.1&#8243; _module_preset=\u00bbdefault\u00bb hover_enabled=\u00bb0&#8243; global_colors_info=\u00bb{}\u00bb custom_margin=\u00bb0px||||false|false\u00bb custom_padding=\u00bb0px||||false|false\u00bb sticky_enabled=\u00bb0&#8243;][et_pb_row column_structure=\u00bb1_2,1_2&#8243; _builder_version=\u00bb4.19.1&#8243; _module_preset=\u00bbdefault\u00bb global_colors_info=\u00bb{}\u00bb][et_pb_column type=\u00bb1_2&#8243; _builder_version=\u00bb4.19.1&#8243; _module_preset=\u00bbdefault\u00bb global_colors_info=\u00bb{}\u00bb][et_pb_testimonial author=\u00bbTeun Knegsel\u00bb job_title=\u00bbArquitecto\u00bb company_name=\u00bbUniversidad T\u00e9cnica de Delft\u00bb admin_label=\u00bbTestimonial (Teun Knegsel 1)\u00bb _builder_version=\u00bb4.19.1&#8243; _module_preset=\u00bbdefault\u00bb global_colors_info=\u00bb{}\u00bb]<em>Como arquitecto utilizo Lands Design principalmente por sus herramientas de topograf\u00eda que son f\u00e1ciles de usar. Proporciona una base s\u00f3lida sobre la que asentar los cimientos de mis proyectos.<\/em>[\/et_pb_testimonial][et_pb_testimonial author=\u00bbTeun Knegsel\u00bb job_title=\u00bbArquitecto\u00bb company_name=\u00bbUniversidad T\u00e9cnica de Delft\u00bb admin_label=\u00bbTestimonial (Teun Knegsel 2)\u00bb _builder_version=\u00bb4.19.1&#8243; _module_preset=\u00bbdefault\u00bb global_colors_info=\u00bb{}\u00bb]<em>Mi herramienta favorita es la extensa librer\u00eda de plantas, cada vez m\u00e1s amplia. Me ayuda a dar un sentido real a mis dise\u00f1os paisaj\u00edsticos en lugar de rellenar mis trabajos con \u00abplantas decorativas\u00bb de Internet.<\/em>[\/et_pb_testimonial][et_pb_testimonial author=\u00bbTeun Knegsel\u00bb job_title=\u00bbArquitecto\u00bb company_name=\u00bbUniversidad T\u00e9cnica de Delft\u00bb admin_label=\u00bbTestimonial (Teun Knegsel 3)\u00bb _builder_version=\u00bb4.19.1&#8243; _module_preset=\u00bbdefault\u00bb global_colors_info=\u00bb{}\u00bb]<em>Los distintos modos de visualizaci\u00f3n disponibles para plantas y terrenos me ayudan a producir r\u00e1pidamente iteraciones de un dise\u00f1o en renderizados, conceptos y planos.<\/em>[\/et_pb_testimonial][et_pb_testimonial author=\u00bbThomas Oxvig\u00bb job_title=\u00bbDise\u00f1ador urbano\u00bb company_name=\u00bbC.F. M\u00f8ller Architects.\u00bb admin_label=\u00bbTestimonial (Thomas Oxvig 2)\u00bb _builder_version=\u00bb4.19.1&#8243; _module_preset=\u00bbdefault\u00bb global_colors_info=\u00bb{}\u00bb]<em>Lands Design nos ayuda mucho en el proceso de creaci\u00f3n de bocetos en Rhino + Lands Design, as\u00ed como en la realizaci\u00f3n de los dibujos finales y la documentaci\u00f3n para los constructores.<\/em>[\/et_pb_testimonial][\/et_pb_column][et_pb_column type=\u00bb1_2&#8243; _builder_version=\u00bb4.19.1&#8243; _module_preset=\u00bbdefault\u00bb global_colors_info=\u00bb{}\u00bb][et_pb_testimonial author=\u00bbDenis Fr\u00e9hel\u00bb job_title=\u00bbCofundador\u00bb company_name=\u00bbEstudio de dise\u00f1o Qui Plus Est\u00bb admin_label=\u00bbTestimonial (Denis Fr\u00e9hel)\u00bb _builder_version=\u00bb4.19.1&#8243; _module_preset=\u00bbdefault\u00bb global_colors_info=\u00bb{}\u00bb]<em>Soy ingeniero civil y utilizo Lands Design para el dise\u00f1o de permacultura. Estoy muy satisfecho con los \u00faltimos avances de Lands Design, entre ellos la funci\u00f3n de importaci\u00f3n de terrenos de un mapa. Realmente agradezco la facilidad de uso de este programa.<\/em>[\/et_pb_testimonial][et_pb_testimonial author=\u00bbRosana Almuzara Bertolucci\u00bb job_title=\u00bbArquitecta paisajista\u00bb company_name=\u00bbPaisajismo Digital\u00bb admin_label=\u00bbTestimonial (Rosana Almuzara Bertolucci)\u00bb _builder_version=\u00bb4.19.1&#8243; _module_preset=\u00bbdefault\u00bb global_colors_info=\u00bb{}\u00bb]<em>Utilizo Lands Design para la producci\u00f3n de dise\u00f1os paisaj\u00edsticos. Me permiti\u00f3 agilizar y automatizar el proceso de dise\u00f1o desde la idea conceptual hasta la elaboraci\u00f3n del modelo 3D y la producci\u00f3n de los planos t\u00e9cnicos.<\/em>[\/et_pb_testimonial][et_pb_testimonial author=\u00bbThomas Oxvig\u00bb job_title=\u00bbDise\u00f1ador urbano\u00bb company_name=\u00bbC.F. M\u00f8ller Architects.\u00bb admin_label=\u00bbTestimonial (Thomas Oxvig 1)\u00bb _builder_version=\u00bb4.19.1&#8243; _module_preset=\u00bbdefault\u00bb global_colors_info=\u00bb{}\u00bb]<em>Siempre trabajamos con proyectos que van desde la planificaci\u00f3n urbana hasta espacios urbanos m\u00e1s peque\u00f1os, y Lands Design encaja muy bien con todos ellos.<\/em>[\/et_pb_testimonial][et_pb_testimonial author=\u00bbThomas Oxvig\u00bb job_title=\u00bbDise\u00f1ador urbano\u00bb company_name=\u00bbC.F. M\u00f8ller Architects.\u00bb admin_label=\u00bbTestimonial (Thomas Oxvig 3)\u00bb _builder_version=\u00bb4.19.1&#8243; _module_preset=\u00bbdefault\u00bb global_colors_info=\u00bb{}\u00bb]<em>La colaboraci\u00f3n con Revit utilizando Rhino.inside y Lands Design nos proporciona un flujo de trabajo muy sencillo en el \u00abmundo BIM\u00bb (y LIM).<\/em>[\/et_pb_testimonial][\/et_pb_column][\/et_pb_row][\/et_pb_section]","protected":false},"excerpt":{"rendered":"<p>Como arquitecto utilizo Lands Design principalmente por sus herramientas de topograf\u00eda que son f\u00e1ciles de usar. Proporciona una base s\u00f3lida sobre la que asentar los cimientos de mis proyectos.Mi herramienta favorita es la extensa librer\u00eda de plantas, cada vez m\u00e1s amplia. Me ayuda a dar un sentido real a mis dise\u00f1os paisaj\u00edsticos en lugar de [&hellip;]<\/p>\n","protected":false},"author":1,"featured_media":0,"parent":64491,"menu_order":0,"comment_status":"closed","ping_status":"closed","template":"","meta":{"_et_pb_use_builder":"on","_et_pb_old_content":"","_et_gb_content_width":"","footnotes":""},"class_list":["post-73112","page","type-page","status-publish","hentry"],"yoast_head":"<!-- This site is optimized with the Yoast SEO plugin v27.3 - https:\/\/yoast.com\/product\/yoast-seo-wordpress\/ -->\n<title>Testimonios - RhinoLands<\/title>\n<meta name=\"robots\" content=\"index, follow, max-snippet:-1, max-image-preview:large, max-video-preview:-1\" \/>\n<link rel=\"canonical\" href=\"https:\/\/rhinolands.com\/es\/info\/testimonials\/\" \/>\n<meta property=\"og:locale\" content=\"es_ES\" \/>\n<meta property=\"og:type\" content=\"article\" \/>\n<meta property=\"og:title\" content=\"Testimonios - RhinoLands\" \/>\n<meta property=\"og:description\" content=\"Como arquitecto utilizo Lands Design principalmente por sus herramientas de topograf\u00eda que son f\u00e1ciles de usar. Proporciona una base s\u00f3lida sobre la que asentar los cimientos de mis proyectos.Mi herramienta favorita es la extensa librer\u00eda de plantas, cada vez m\u00e1s amplia. Me ayuda a dar un sentido real a mis dise\u00f1os paisaj\u00edsticos en lugar de [&hellip;]\" \/>\n<meta property=\"og:url\" content=\"https:\/\/rhinolands.com\/es\/info\/testimonials\/\" \/>\n<meta property=\"og:site_name\" content=\"RhinoLands\" \/>\n<meta property=\"article:modified_time\" content=\"2022-12-23T12:42:06+00:00\" \/>\n<meta name=\"twitter:card\" content=\"summary_large_image\" \/>\n<meta name=\"twitter:label1\" content=\"Tiempo de lectura\" \/>\n\t<meta name=\"twitter:data1\" content=\"3 minutos\" \/>\n<script type=\"application\/ld+json\" class=\"yoast-schema-graph\">{\"@context\":\"https:\\\/\\\/schema.org\",\"@graph\":[{\"@type\":\"WebPage\",\"@id\":\"https:\\\/\\\/rhinolands.com\\\/es\\\/info\\\/testimonials\\\/\",\"url\":\"https:\\\/\\\/rhinolands.com\\\/es\\\/info\\\/testimonials\\\/\",\"name\":\"Testimonios - RhinoLands\",\"isPartOf\":{\"@id\":\"https:\\\/\\\/rhinolands.com\\\/es\\\/#website\"},\"datePublished\":\"2022-12-23T12:42:05+00:00\",\"dateModified\":\"2022-12-23T12:42:06+00:00\",\"breadcrumb\":{\"@id\":\"https:\\\/\\\/rhinolands.com\\\/es\\\/info\\\/testimonials\\\/#breadcrumb\"},\"inLanguage\":\"es\",\"potentialAction\":[{\"@type\":\"ReadAction\",\"target\":[\"https:\\\/\\\/rhinolands.com\\\/es\\\/info\\\/testimonials\\\/\"]}]},{\"@type\":\"BreadcrumbList\",\"@id\":\"https:\\\/\\\/rhinolands.com\\\/es\\\/info\\\/testimonials\\\/#breadcrumb\",\"itemListElement\":[{\"@type\":\"ListItem\",\"position\":1,\"name\":\"Home\",\"item\":\"https:\\\/\\\/rhinolands.com\\\/es\\\/\"},{\"@type\":\"ListItem\",\"position\":2,\"name\":\"Info\",\"item\":\"https:\\\/\\\/rhinolands.com\\\/es\\\/info\\\/\"},{\"@type\":\"ListItem\",\"position\":3,\"name\":\"Testimonios\"}]},{\"@type\":\"WebSite\",\"@id\":\"https:\\\/\\\/rhinolands.com\\\/es\\\/#website\",\"url\":\"https:\\\/\\\/rhinolands.com\\\/es\\\/\",\"name\":\"RhinoLands\",\"description\":\"BIM landscape software\",\"publisher\":{\"@id\":\"https:\\\/\\\/rhinolands.com\\\/es\\\/#organization\"},\"potentialAction\":[{\"@type\":\"SearchAction\",\"target\":{\"@type\":\"EntryPoint\",\"urlTemplate\":\"https:\\\/\\\/rhinolands.com\\\/es\\\/?s={search_term_string}\"},\"query-input\":{\"@type\":\"PropertyValueSpecification\",\"valueRequired\":true,\"valueName\":\"search_term_string\"}}],\"inLanguage\":\"es\"},{\"@type\":\"Organization\",\"@id\":\"https:\\\/\\\/rhinolands.com\\\/es\\\/#organization\",\"name\":\"Asuni Soft\",\"url\":\"https:\\\/\\\/rhinolands.com\\\/es\\\/\",\"logo\":{\"@type\":\"ImageObject\",\"inLanguage\":\"es\",\"@id\":\"https:\\\/\\\/rhinolands.com\\\/es\\\/#\\\/schema\\\/logo\\\/image\\\/\",\"url\":\"https:\\\/\\\/rhinolands.com\\\/wp-content\\\/uploads\\\/2020\\\/02\\\/AsuniLogoFinal-01.png\",\"contentUrl\":\"https:\\\/\\\/rhinolands.com\\\/wp-content\\\/uploads\\\/2020\\\/02\\\/AsuniLogoFinal-01.png\",\"width\":151,\"height\":46,\"caption\":\"Asuni Soft\"},\"image\":{\"@id\":\"https:\\\/\\\/rhinolands.com\\\/es\\\/#\\\/schema\\\/logo\\\/image\\\/\"}}]}<\/script>\n<!-- \/ Yoast SEO plugin. -->","yoast_head_json":{"title":"Testimonios - RhinoLands","robots":{"index":"index","follow":"follow","max-snippet":"max-snippet:-1","max-image-preview":"max-image-preview:large","max-video-preview":"max-video-preview:-1"},"canonical":"https:\/\/rhinolands.com\/es\/info\/testimonials\/","og_locale":"es_ES","og_type":"article","og_title":"Testimonios - RhinoLands","og_description":"Como arquitecto utilizo Lands Design principalmente por sus herramientas de topograf\u00eda que son f\u00e1ciles de usar. Proporciona una base s\u00f3lida sobre la que asentar los cimientos de mis proyectos.Mi herramienta favorita es la extensa librer\u00eda de plantas, cada vez m\u00e1s amplia. Me ayuda a dar un sentido real a mis dise\u00f1os paisaj\u00edsticos en lugar de [&hellip;]","og_url":"https:\/\/rhinolands.com\/es\/info\/testimonials\/","og_site_name":"RhinoLands","article_modified_time":"2022-12-23T12:42:06+00:00","twitter_card":"summary_large_image","twitter_misc":{"Tiempo de lectura":"3 minutos"},"schema":{"@context":"https:\/\/schema.org","@graph":[{"@type":"WebPage","@id":"https:\/\/rhinolands.com\/es\/info\/testimonials\/","url":"https:\/\/rhinolands.com\/es\/info\/testimonials\/","name":"Testimonios - RhinoLands","isPartOf":{"@id":"https:\/\/rhinolands.com\/es\/#website"},"datePublished":"2022-12-23T12:42:05+00:00","dateModified":"2022-12-23T12:42:06+00:00","breadcrumb":{"@id":"https:\/\/rhinolands.com\/es\/info\/testimonials\/#breadcrumb"},"inLanguage":"es","potentialAction":[{"@type":"ReadAction","target":["https:\/\/rhinolands.com\/es\/info\/testimonials\/"]}]},{"@type":"BreadcrumbList","@id":"https:\/\/rhinolands.com\/es\/info\/testimonials\/#breadcrumb","itemListElement":[{"@type":"ListItem","position":1,"name":"Home","item":"https:\/\/rhinolands.com\/es\/"},{"@type":"ListItem","position":2,"name":"Info","item":"https:\/\/rhinolands.com\/es\/info\/"},{"@type":"ListItem","position":3,"name":"Testimonios"}]},{"@type":"WebSite","@id":"https:\/\/rhinolands.com\/es\/#website","url":"https:\/\/rhinolands.com\/es\/","name":"RhinoLands","description":"BIM landscape software","publisher":{"@id":"https:\/\/rhinolands.com\/es\/#organization"},"potentialAction":[{"@type":"SearchAction","target":{"@type":"EntryPoint","urlTemplate":"https:\/\/rhinolands.com\/es\/?s={search_term_string}"},"query-input":{"@type":"PropertyValueSpecification","valueRequired":true,"valueName":"search_term_string"}}],"inLanguage":"es"},{"@type":"Organization","@id":"https:\/\/rhinolands.com\/es\/#organization","name":"Asuni Soft","url":"https:\/\/rhinolands.com\/es\/","logo":{"@type":"ImageObject","inLanguage":"es","@id":"https:\/\/rhinolands.com\/es\/#\/schema\/logo\/image\/","url":"https:\/\/rhinolands.com\/wp-content\/uploads\/2020\/02\/AsuniLogoFinal-01.png","contentUrl":"https:\/\/rhinolands.com\/wp-content\/uploads\/2020\/02\/AsuniLogoFinal-01.png","width":151,"height":46,"caption":"Asuni Soft"},"image":{"@id":"https:\/\/rhinolands.com\/es\/#\/schema\/logo\/image\/"}}]}},"_links":{"self":[{"href":"https:\/\/rhinolands.com\/es\/wp-json\/wp\/v2\/pages\/73112","targetHints":{"allow":["GET"]}}],"collection":[{"href":"https:\/\/rhinolands.com\/es\/wp-json\/wp\/v2\/pages"}],"about":[{"href":"https:\/\/rhinolands.com\/es\/wp-json\/wp\/v2\/types\/page"}],"author":[{"embeddable":true,"href":"https:\/\/rhinolands.com\/es\/wp-json\/wp\/v2\/users\/1"}],"replies":[{"embeddable":true,"href":"https:\/\/rhinolands.com\/es\/wp-json\/wp\/v2\/comments?post=73112"}],"version-history":[{"count":2,"href":"https:\/\/rhinolands.com\/es\/wp-json\/wp\/v2\/pages\/73112\/revisions"}],"predecessor-version":[{"id":73115,"href":"https:\/\/rhinolands.com\/es\/wp-json\/wp\/v2\/pages\/73112\/revisions\/73115"}],"up":[{"embeddable":true,"href":"https:\/\/rhinolands.com\/es\/wp-json\/wp\/v2\/pages\/64491"}],"wp:attachment":[{"href":"https:\/\/rhinolands.com\/es\/wp-json\/wp\/v2\/media?parent=73112"}],"curies":[{"name":"wp","href":"https:\/\/api.w.org\/{rel}","templated":true}]}}