{"id":73361,"date":"2023-01-18T18:46:41","date_gmt":"2023-01-18T17:46:41","guid":{"rendered":"https:\/\/rhinolands.com\/info\/estadisticas-de-uso\/"},"modified":"2023-01-18T18:46:43","modified_gmt":"2023-01-18T17:46:43","slug":"usage-statistics","status":"publish","type":"page","link":"https:\/\/rhinolands.com\/es\/info\/usage-statistics\/","title":{"rendered":"Estad\u00edsticas de uso"},"content":{"rendered":"\n<h1 class=\"wp-block-heading\">Estad\u00edsticas de uso<\/h1>\n\n<p>Las estad\u00edsticas de uso nos ayudan a priorizar las funciones y mejoras en las que debemos trabajar.<\/p>\n\n<p>Las estad\u00edsticas de uso contienen informaci\u00f3n de preferencias, uso de funciones, tipos de archivo utilizados, versi\u00f3n del sistema operativo y uso de memoria. Un n\u00famero aleatorio se almacena en el equipo y se env\u00eda con cada informe. De este modo, podemos diferenciar entre una persona que tiene un problema 100 veces y 100 personas que tienen un problema una vez. Este n\u00famero no se utiliza para identificarle.<\/p>\n\n<p>Lands Design no recopila informaci\u00f3n de geometr\u00eda ni otros datos en los archivos que se creen o abran. Las estad\u00edsticas de uso no contienen informaci\u00f3n que nos permita reproducir la geometr\u00eda creada.<\/p>\n\n<p><\/p>\n\n<h3 class=\"wp-block-heading\">Para activar o desactivar las estad\u00edsticas de uso:<\/h3>\n\n<ol class=\"wp-block-list\">\n<li>En el men\u00fa <strong>Herramientas<\/strong>, haga clic en <strong>Opciones<\/strong>.<\/li>\n\n\n\n<li>En la p\u00e1gina<strong>Rhino Options &gt; Lands Design &gt; Actualizaci\u00f3n y estad\u00edsticas<\/strong>, active o desactive la casilla de verificaci\u00f3n <strong>Enviar estad\u00edsticas de uso<\/strong>.<\/li>\n<\/ol>\n","protected":false},"excerpt":{"rendered":"<p>Estad\u00edsticas de uso Las estad\u00edsticas de uso nos ayudan a priorizar las funciones y mejoras en las que debemos trabajar. Las estad\u00edsticas de uso contienen informaci\u00f3n de preferencias, uso de funciones, tipos de archivo utilizados, versi\u00f3n del sistema operativo y uso de memoria. Un n\u00famero aleatorio se almacena en el equipo y se env\u00eda con [&hellip;]<\/p>\n","protected":false},"author":1,"featured_media":0,"parent":64491,"menu_order":0,"comment_status":"closed","ping_status":"closed","template":"","meta":{"_et_pb_use_builder":"","_et_pb_old_content":"","_et_gb_content_width":"","footnotes":""},"class_list":["post-73361","page","type-page","status-publish","hentry"],"yoast_head":"<!-- This site is optimized with the Yoast SEO plugin v27.3 - https:\/\/yoast.com\/product\/yoast-seo-wordpress\/ -->\n<title>Estad\u00edsticas de uso - RhinoLands<\/title>\n<meta name=\"robots\" content=\"index, follow, max-snippet:-1, max-image-preview:large, max-video-preview:-1\" \/>\n<link rel=\"canonical\" href=\"https:\/\/rhinolands.com\/es\/info\/usage-statistics\/\" \/>\n<meta property=\"og:locale\" content=\"es_ES\" \/>\n<meta property=\"og:type\" content=\"article\" \/>\n<meta property=\"og:title\" content=\"Estad\u00edsticas de uso - RhinoLands\" \/>\n<meta property=\"og:description\" content=\"Estad\u00edsticas de uso Las estad\u00edsticas de uso nos ayudan a priorizar las funciones y mejoras en las que debemos trabajar. Las estad\u00edsticas de uso contienen informaci\u00f3n de preferencias, uso de funciones, tipos de archivo utilizados, versi\u00f3n del sistema operativo y uso de memoria. Un n\u00famero aleatorio se almacena en el equipo y se env\u00eda con [&hellip;]\" \/>\n<meta property=\"og:url\" content=\"https:\/\/rhinolands.com\/es\/info\/usage-statistics\/\" \/>\n<meta property=\"og:site_name\" content=\"RhinoLands\" \/>\n<meta property=\"article:modified_time\" content=\"2023-01-18T17:46:43+00:00\" \/>\n<meta name=\"twitter:card\" content=\"summary_large_image\" \/>\n<meta name=\"twitter:label1\" content=\"Tiempo de lectura\" \/>\n\t<meta name=\"twitter:data1\" content=\"1 minuto\" \/>\n<script type=\"application\/ld+json\" class=\"yoast-schema-graph\">{\"@context\":\"https:\\\/\\\/schema.org\",\"@graph\":[{\"@type\":\"WebPage\",\"@id\":\"https:\\\/\\\/rhinolands.com\\\/es\\\/info\\\/usage-statistics\\\/\",\"url\":\"https:\\\/\\\/rhinolands.com\\\/es\\\/info\\\/usage-statistics\\\/\",\"name\":\"Estad\u00edsticas de uso - RhinoLands\",\"isPartOf\":{\"@id\":\"https:\\\/\\\/rhinolands.com\\\/es\\\/#website\"},\"datePublished\":\"2023-01-18T17:46:41+00:00\",\"dateModified\":\"2023-01-18T17:46:43+00:00\",\"breadcrumb\":{\"@id\":\"https:\\\/\\\/rhinolands.com\\\/es\\\/info\\\/usage-statistics\\\/#breadcrumb\"},\"inLanguage\":\"es\",\"potentialAction\":[{\"@type\":\"ReadAction\",\"target\":[\"https:\\\/\\\/rhinolands.com\\\/es\\\/info\\\/usage-statistics\\\/\"]}]},{\"@type\":\"BreadcrumbList\",\"@id\":\"https:\\\/\\\/rhinolands.com\\\/es\\\/info\\\/usage-statistics\\\/#breadcrumb\",\"itemListElement\":[{\"@type\":\"ListItem\",\"position\":1,\"name\":\"Home\",\"item\":\"https:\\\/\\\/rhinolands.com\\\/es\\\/\"},{\"@type\":\"ListItem\",\"position\":2,\"name\":\"Info\",\"item\":\"https:\\\/\\\/rhinolands.com\\\/es\\\/info\\\/\"},{\"@type\":\"ListItem\",\"position\":3,\"name\":\"Estad\u00edsticas de uso\"}]},{\"@type\":\"WebSite\",\"@id\":\"https:\\\/\\\/rhinolands.com\\\/es\\\/#website\",\"url\":\"https:\\\/\\\/rhinolands.com\\\/es\\\/\",\"name\":\"RhinoLands\",\"description\":\"BIM landscape software\",\"publisher\":{\"@id\":\"https:\\\/\\\/rhinolands.com\\\/es\\\/#organization\"},\"potentialAction\":[{\"@type\":\"SearchAction\",\"target\":{\"@type\":\"EntryPoint\",\"urlTemplate\":\"https:\\\/\\\/rhinolands.com\\\/es\\\/?s={search_term_string}\"},\"query-input\":{\"@type\":\"PropertyValueSpecification\",\"valueRequired\":true,\"valueName\":\"search_term_string\"}}],\"inLanguage\":\"es\"},{\"@type\":\"Organization\",\"@id\":\"https:\\\/\\\/rhinolands.com\\\/es\\\/#organization\",\"name\":\"Asuni Soft\",\"url\":\"https:\\\/\\\/rhinolands.com\\\/es\\\/\",\"logo\":{\"@type\":\"ImageObject\",\"inLanguage\":\"es\",\"@id\":\"https:\\\/\\\/rhinolands.com\\\/es\\\/#\\\/schema\\\/logo\\\/image\\\/\",\"url\":\"https:\\\/\\\/rhinolands.com\\\/wp-content\\\/uploads\\\/2020\\\/02\\\/AsuniLogoFinal-01.png\",\"contentUrl\":\"https:\\\/\\\/rhinolands.com\\\/wp-content\\\/uploads\\\/2020\\\/02\\\/AsuniLogoFinal-01.png\",\"width\":151,\"height\":46,\"caption\":\"Asuni Soft\"},\"image\":{\"@id\":\"https:\\\/\\\/rhinolands.com\\\/es\\\/#\\\/schema\\\/logo\\\/image\\\/\"}}]}<\/script>\n<!-- \/ Yoast SEO plugin. -->","yoast_head_json":{"title":"Estad\u00edsticas de uso - RhinoLands","robots":{"index":"index","follow":"follow","max-snippet":"max-snippet:-1","max-image-preview":"max-image-preview:large","max-video-preview":"max-video-preview:-1"},"canonical":"https:\/\/rhinolands.com\/es\/info\/usage-statistics\/","og_locale":"es_ES","og_type":"article","og_title":"Estad\u00edsticas de uso - RhinoLands","og_description":"Estad\u00edsticas de uso Las estad\u00edsticas de uso nos ayudan a priorizar las funciones y mejoras en las que debemos trabajar. Las estad\u00edsticas de uso contienen informaci\u00f3n de preferencias, uso de funciones, tipos de archivo utilizados, versi\u00f3n del sistema operativo y uso de memoria. Un n\u00famero aleatorio se almacena en el equipo y se env\u00eda con [&hellip;]","og_url":"https:\/\/rhinolands.com\/es\/info\/usage-statistics\/","og_site_name":"RhinoLands","article_modified_time":"2023-01-18T17:46:43+00:00","twitter_card":"summary_large_image","twitter_misc":{"Tiempo de lectura":"1 minuto"},"schema":{"@context":"https:\/\/schema.org","@graph":[{"@type":"WebPage","@id":"https:\/\/rhinolands.com\/es\/info\/usage-statistics\/","url":"https:\/\/rhinolands.com\/es\/info\/usage-statistics\/","name":"Estad\u00edsticas de uso - RhinoLands","isPartOf":{"@id":"https:\/\/rhinolands.com\/es\/#website"},"datePublished":"2023-01-18T17:46:41+00:00","dateModified":"2023-01-18T17:46:43+00:00","breadcrumb":{"@id":"https:\/\/rhinolands.com\/es\/info\/usage-statistics\/#breadcrumb"},"inLanguage":"es","potentialAction":[{"@type":"ReadAction","target":["https:\/\/rhinolands.com\/es\/info\/usage-statistics\/"]}]},{"@type":"BreadcrumbList","@id":"https:\/\/rhinolands.com\/es\/info\/usage-statistics\/#breadcrumb","itemListElement":[{"@type":"ListItem","position":1,"name":"Home","item":"https:\/\/rhinolands.com\/es\/"},{"@type":"ListItem","position":2,"name":"Info","item":"https:\/\/rhinolands.com\/es\/info\/"},{"@type":"ListItem","position":3,"name":"Estad\u00edsticas de uso"}]},{"@type":"WebSite","@id":"https:\/\/rhinolands.com\/es\/#website","url":"https:\/\/rhinolands.com\/es\/","name":"RhinoLands","description":"BIM landscape software","publisher":{"@id":"https:\/\/rhinolands.com\/es\/#organization"},"potentialAction":[{"@type":"SearchAction","target":{"@type":"EntryPoint","urlTemplate":"https:\/\/rhinolands.com\/es\/?s={search_term_string}"},"query-input":{"@type":"PropertyValueSpecification","valueRequired":true,"valueName":"search_term_string"}}],"inLanguage":"es"},{"@type":"Organization","@id":"https:\/\/rhinolands.com\/es\/#organization","name":"Asuni Soft","url":"https:\/\/rhinolands.com\/es\/","logo":{"@type":"ImageObject","inLanguage":"es","@id":"https:\/\/rhinolands.com\/es\/#\/schema\/logo\/image\/","url":"https:\/\/rhinolands.com\/wp-content\/uploads\/2020\/02\/AsuniLogoFinal-01.png","contentUrl":"https:\/\/rhinolands.com\/wp-content\/uploads\/2020\/02\/AsuniLogoFinal-01.png","width":151,"height":46,"caption":"Asuni Soft"},"image":{"@id":"https:\/\/rhinolands.com\/es\/#\/schema\/logo\/image\/"}}]}},"_links":{"self":[{"href":"https:\/\/rhinolands.com\/es\/wp-json\/wp\/v2\/pages\/73361","targetHints":{"allow":["GET"]}}],"collection":[{"href":"https:\/\/rhinolands.com\/es\/wp-json\/wp\/v2\/pages"}],"about":[{"href":"https:\/\/rhinolands.com\/es\/wp-json\/wp\/v2\/types\/page"}],"author":[{"embeddable":true,"href":"https:\/\/rhinolands.com\/es\/wp-json\/wp\/v2\/users\/1"}],"replies":[{"embeddable":true,"href":"https:\/\/rhinolands.com\/es\/wp-json\/wp\/v2\/comments?post=73361"}],"version-history":[{"count":1,"href":"https:\/\/rhinolands.com\/es\/wp-json\/wp\/v2\/pages\/73361\/revisions"}],"predecessor-version":[{"id":73363,"href":"https:\/\/rhinolands.com\/es\/wp-json\/wp\/v2\/pages\/73361\/revisions\/73363"}],"up":[{"embeddable":true,"href":"https:\/\/rhinolands.com\/es\/wp-json\/wp\/v2\/pages\/64491"}],"wp:attachment":[{"href":"https:\/\/rhinolands.com\/es\/wp-json\/wp\/v2\/media?parent=73361"}],"curies":[{"name":"wp","href":"https:\/\/api.w.org\/{rel}","templated":true}]}}