{"id":74610,"date":"2023-07-20T14:04:49","date_gmt":"2023-07-20T12:04:49","guid":{"rendered":"https:\/\/rhinolands.com\/sales\/school-kit\/"},"modified":"2024-02-26T23:08:11","modified_gmt":"2024-02-26T22:08:11","slug":"school-kit","status":"publish","type":"page","link":"https:\/\/rhinolands.com\/es\/sales\/school-kit\/","title":{"rendered":"School Kit"},"content":{"rendered":"\n<h1 class=\"wp-block-heading\"><strong>School Kit<\/strong>:<\/h1>\n\n<p>Un School Kit de Lands Design es una compra educacional de gran volumen que consiste en un conjunto de <strong>(30 o m\u00e1s<\/strong>) <strong><a href=\"\/sales\/#tab|1\">licencias educacionales monopuesto<\/a><\/strong> a un precio especial:<\/p>\n\n<p><\/p>\n\n<ul class=\"wp-block-list\">\n<li>El School Kit de Lands Design incluye un m\u00ednimo de 30 licencias educacionales monopuesto, que puede ampliarse a un n\u00famero superior en la misma compra.<\/li>\n\n\n\n<li>A las licencias que se incluyen en el School Kit se aplican las condiciones generales de la <a href=\"https:\/\/rhinolands.com\/es\/sales\/proof-of-academic-status\/\">Licencia educacional monopuesto<\/a>.<\/li>\n\n\n\n<li>Solo las escuelas, los institutos y las universidades pueden beneficiarse de esta oferta (es necesario <a href=\"https:\/\/rhinolands.com\/es\/sales\/proof-of-academic-status\/\">certificar<\/a> la condici\u00f3n de instituci\u00f3n acad\u00e9mica o centro educativo).<\/li>\n\n\n\n<li>Los particulares (profesores y estudiantes) pueden adquirir los <a href=\"\/sales\/#tab|1\">productos educacionales habituales<\/a> en cualquier momento.<\/li>\n\n\n\n<li>Si el centro educativo no puede alcanzar el n\u00famero m\u00ednimo requerido de licencias educacionales monopuesto, puede solicitar <a href=\"\/sales\/#tab|1\">licencias educacionales de Lands Design<\/a> al precio est\u00e1ndar.<\/li>\n<\/ul>\n","protected":false},"excerpt":{"rendered":"<p>School Kit: Un School Kit de Lands Design es una compra educacional de gran volumen que consiste en un conjunto de (30 o m\u00e1s) licencias educacionales monopuesto a un precio especial:<\/p>\n","protected":false},"author":14,"featured_media":0,"parent":60246,"menu_order":0,"comment_status":"closed","ping_status":"closed","template":"","meta":{"_et_pb_use_builder":"","_et_pb_old_content":"","_et_gb_content_width":"","footnotes":""},"class_list":["post-74610","page","type-page","status-publish","hentry"],"yoast_head":"<!-- This site is optimized with the Yoast SEO plugin v27.5 - https:\/\/yoast.com\/product\/yoast-seo-wordpress\/ -->\n<title>School Kit - RhinoLands<\/title>\n<meta name=\"robots\" content=\"index, follow, max-snippet:-1, max-image-preview:large, max-video-preview:-1\" \/>\n<link rel=\"canonical\" href=\"https:\/\/rhinolands.com\/es\/sales\/school-kit\/\" \/>\n<meta property=\"og:locale\" content=\"es_ES\" \/>\n<meta property=\"og:type\" content=\"article\" \/>\n<meta property=\"og:title\" content=\"School Kit - RhinoLands\" \/>\n<meta property=\"og:description\" content=\"School Kit: Un School Kit de Lands Design es una compra educacional de gran volumen que consiste en un conjunto de (30 o m\u00e1s) licencias educacionales monopuesto a un precio especial:\" \/>\n<meta property=\"og:url\" content=\"https:\/\/rhinolands.com\/es\/sales\/school-kit\/\" \/>\n<meta property=\"og:site_name\" content=\"RhinoLands\" \/>\n<meta property=\"article:modified_time\" content=\"2024-02-26T22:08:11+00:00\" \/>\n<meta name=\"twitter:card\" content=\"summary_large_image\" \/>\n<meta name=\"twitter:label1\" content=\"Tiempo de lectura\" \/>\n\t<meta name=\"twitter:data1\" content=\"1 minuto\" \/>\n<script type=\"application\/ld+json\" class=\"yoast-schema-graph\">{\"@context\":\"https:\\\/\\\/schema.org\",\"@graph\":[{\"@type\":\"WebPage\",\"@id\":\"https:\\\/\\\/rhinolands.com\\\/es\\\/sales\\\/school-kit\\\/\",\"url\":\"https:\\\/\\\/rhinolands.com\\\/es\\\/sales\\\/school-kit\\\/\",\"name\":\"School Kit - RhinoLands\",\"isPartOf\":{\"@id\":\"https:\\\/\\\/rhinolands.com\\\/es\\\/#website\"},\"datePublished\":\"2023-07-20T12:04:49+00:00\",\"dateModified\":\"2024-02-26T22:08:11+00:00\",\"breadcrumb\":{\"@id\":\"https:\\\/\\\/rhinolands.com\\\/es\\\/sales\\\/school-kit\\\/#breadcrumb\"},\"inLanguage\":\"es\",\"potentialAction\":[{\"@type\":\"ReadAction\",\"target\":[\"https:\\\/\\\/rhinolands.com\\\/es\\\/sales\\\/school-kit\\\/\"]}]},{\"@type\":\"BreadcrumbList\",\"@id\":\"https:\\\/\\\/rhinolands.com\\\/es\\\/sales\\\/school-kit\\\/#breadcrumb\",\"itemListElement\":[{\"@type\":\"ListItem\",\"position\":1,\"name\":\"Home\",\"item\":\"https:\\\/\\\/rhinolands.com\\\/es\\\/\"},{\"@type\":\"ListItem\",\"position\":2,\"name\":\"Ventas\",\"item\":\"https:\\\/\\\/rhinolands.com\\\/es\\\/sales\\\/\"},{\"@type\":\"ListItem\",\"position\":3,\"name\":\"School Kit\"}]},{\"@type\":\"WebSite\",\"@id\":\"https:\\\/\\\/rhinolands.com\\\/es\\\/#website\",\"url\":\"https:\\\/\\\/rhinolands.com\\\/es\\\/\",\"name\":\"RhinoLands\",\"description\":\"BIM landscape software\",\"publisher\":{\"@id\":\"https:\\\/\\\/rhinolands.com\\\/es\\\/#organization\"},\"potentialAction\":[{\"@type\":\"SearchAction\",\"target\":{\"@type\":\"EntryPoint\",\"urlTemplate\":\"https:\\\/\\\/rhinolands.com\\\/es\\\/?s={search_term_string}\"},\"query-input\":{\"@type\":\"PropertyValueSpecification\",\"valueRequired\":true,\"valueName\":\"search_term_string\"}}],\"inLanguage\":\"es\"},{\"@type\":\"Organization\",\"@id\":\"https:\\\/\\\/rhinolands.com\\\/es\\\/#organization\",\"name\":\"Asuni Soft\",\"url\":\"https:\\\/\\\/rhinolands.com\\\/es\\\/\",\"logo\":{\"@type\":\"ImageObject\",\"inLanguage\":\"es\",\"@id\":\"https:\\\/\\\/rhinolands.com\\\/es\\\/#\\\/schema\\\/logo\\\/image\\\/\",\"url\":\"https:\\\/\\\/rhinolands.com\\\/wp-content\\\/uploads\\\/2020\\\/02\\\/AsuniLogoFinal-01.png\",\"contentUrl\":\"https:\\\/\\\/rhinolands.com\\\/wp-content\\\/uploads\\\/2020\\\/02\\\/AsuniLogoFinal-01.png\",\"width\":151,\"height\":46,\"caption\":\"Asuni Soft\"},\"image\":{\"@id\":\"https:\\\/\\\/rhinolands.com\\\/es\\\/#\\\/schema\\\/logo\\\/image\\\/\"}}]}<\/script>\n<!-- \/ Yoast SEO plugin. -->","yoast_head_json":{"title":"School Kit - RhinoLands","robots":{"index":"index","follow":"follow","max-snippet":"max-snippet:-1","max-image-preview":"max-image-preview:large","max-video-preview":"max-video-preview:-1"},"canonical":"https:\/\/rhinolands.com\/es\/sales\/school-kit\/","og_locale":"es_ES","og_type":"article","og_title":"School Kit - RhinoLands","og_description":"School Kit: Un School Kit de Lands Design es una compra educacional de gran volumen que consiste en un conjunto de (30 o m\u00e1s) licencias educacionales monopuesto a un precio especial:","og_url":"https:\/\/rhinolands.com\/es\/sales\/school-kit\/","og_site_name":"RhinoLands","article_modified_time":"2024-02-26T22:08:11+00:00","twitter_card":"summary_large_image","twitter_misc":{"Tiempo de lectura":"1 minuto"},"schema":{"@context":"https:\/\/schema.org","@graph":[{"@type":"WebPage","@id":"https:\/\/rhinolands.com\/es\/sales\/school-kit\/","url":"https:\/\/rhinolands.com\/es\/sales\/school-kit\/","name":"School Kit - RhinoLands","isPartOf":{"@id":"https:\/\/rhinolands.com\/es\/#website"},"datePublished":"2023-07-20T12:04:49+00:00","dateModified":"2024-02-26T22:08:11+00:00","breadcrumb":{"@id":"https:\/\/rhinolands.com\/es\/sales\/school-kit\/#breadcrumb"},"inLanguage":"es","potentialAction":[{"@type":"ReadAction","target":["https:\/\/rhinolands.com\/es\/sales\/school-kit\/"]}]},{"@type":"BreadcrumbList","@id":"https:\/\/rhinolands.com\/es\/sales\/school-kit\/#breadcrumb","itemListElement":[{"@type":"ListItem","position":1,"name":"Home","item":"https:\/\/rhinolands.com\/es\/"},{"@type":"ListItem","position":2,"name":"Ventas","item":"https:\/\/rhinolands.com\/es\/sales\/"},{"@type":"ListItem","position":3,"name":"School Kit"}]},{"@type":"WebSite","@id":"https:\/\/rhinolands.com\/es\/#website","url":"https:\/\/rhinolands.com\/es\/","name":"RhinoLands","description":"BIM landscape software","publisher":{"@id":"https:\/\/rhinolands.com\/es\/#organization"},"potentialAction":[{"@type":"SearchAction","target":{"@type":"EntryPoint","urlTemplate":"https:\/\/rhinolands.com\/es\/?s={search_term_string}"},"query-input":{"@type":"PropertyValueSpecification","valueRequired":true,"valueName":"search_term_string"}}],"inLanguage":"es"},{"@type":"Organization","@id":"https:\/\/rhinolands.com\/es\/#organization","name":"Asuni Soft","url":"https:\/\/rhinolands.com\/es\/","logo":{"@type":"ImageObject","inLanguage":"es","@id":"https:\/\/rhinolands.com\/es\/#\/schema\/logo\/image\/","url":"https:\/\/rhinolands.com\/wp-content\/uploads\/2020\/02\/AsuniLogoFinal-01.png","contentUrl":"https:\/\/rhinolands.com\/wp-content\/uploads\/2020\/02\/AsuniLogoFinal-01.png","width":151,"height":46,"caption":"Asuni Soft"},"image":{"@id":"https:\/\/rhinolands.com\/es\/#\/schema\/logo\/image\/"}}]}},"_links":{"self":[{"href":"https:\/\/rhinolands.com\/es\/wp-json\/wp\/v2\/pages\/74610","targetHints":{"allow":["GET"]}}],"collection":[{"href":"https:\/\/rhinolands.com\/es\/wp-json\/wp\/v2\/pages"}],"about":[{"href":"https:\/\/rhinolands.com\/es\/wp-json\/wp\/v2\/types\/page"}],"author":[{"embeddable":true,"href":"https:\/\/rhinolands.com\/es\/wp-json\/wp\/v2\/users\/14"}],"replies":[{"embeddable":true,"href":"https:\/\/rhinolands.com\/es\/wp-json\/wp\/v2\/comments?post=74610"}],"version-history":[{"count":1,"href":"https:\/\/rhinolands.com\/es\/wp-json\/wp\/v2\/pages\/74610\/revisions"}],"predecessor-version":[{"id":74613,"href":"https:\/\/rhinolands.com\/es\/wp-json\/wp\/v2\/pages\/74610\/revisions\/74613"}],"up":[{"embeddable":true,"href":"https:\/\/rhinolands.com\/es\/wp-json\/wp\/v2\/pages\/60246"}],"wp:attachment":[{"href":"https:\/\/rhinolands.com\/es\/wp-json\/wp\/v2\/media?parent=74610"}],"curies":[{"name":"wp","href":"https:\/\/api.w.org\/{rel}","templated":true}]}}