{"id":83485,"date":"2024-12-09T17:08:57","date_gmt":"2024-12-09T16:08:57","guid":{"rendered":"https:\/\/rhinolands.com\/features\/novedades-de-la-actualizacion-de-lands-design-6\/"},"modified":"2026-04-17T10:53:23","modified_gmt":"2026-04-17T08:53:23","slug":"whats-new-lands6","status":"publish","type":"page","link":"https:\/\/rhinolands.com\/es\/features\/whats-new-lands6\/","title":{"rendered":"Novedades de la actualizaci\u00f3n de Lands Design 6"},"content":{"rendered":"[et_pb_section fb_built=\u00bb1&#8243; admin_label=\u00bbsection\u00bb _builder_version=\u00bb4.16&#8243; da_disable_devices=\u00bboff|off|off\u00bb global_colors_info=\u00bb{}\u00bb da_is_popup=\u00bboff\u00bb da_exit_intent=\u00bboff\u00bb da_has_close=\u00bbon\u00bb da_alt_close=\u00bboff\u00bb da_dark_close=\u00bboff\u00bb da_not_modal=\u00bbon\u00bb da_is_singular=\u00bboff\u00bb da_with_loader=\u00bboff\u00bb da_has_shadow=\u00bbon\u00bb][et_pb_row admin_label=\u00bbfila\u00bb _builder_version=\u00bb4.16&#8243; background_size=\u00bbinitial\u00bb background_position=\u00bbtop_left\u00bb background_repeat=\u00bbrepeat\u00bb global_colors_info=\u00bb{}\u00bb][et_pb_column type=\u00bb4_4&#8243; _builder_version=\u00bb4.16&#8243; custom_padding=\u00bb|||\u00bb global_colors_info=\u00bb{}\u00bb custom_padding__hover=\u00bb|||\u00bb][et_pb_text admin_label=\u00bbText\u00bb _builder_version=\u00bb4.27.4&#8243; background_size=\u00bbinitial\u00bb background_position=\u00bbtop_left\u00bb background_repeat=\u00bbrepeat\u00bb custom_margin=\u00bb||0px||false|false\u00bb custom_padding=\u00bb||0px||false|false\u00bb global_colors_info=\u00bb{}\u00bb]<h1>Novedades de Lands Design<\/h1><ul><\/ul>[\/et_pb_text][et_pb_text admin_label=\u00bbText\u00bb _builder_version=\u00bb4.27.6&#8243; background_size=\u00bbinitial\u00bb background_position=\u00bbtop_left\u00bb background_repeat=\u00bbrepeat\u00bb hover_enabled=\u00bb0&#8243; locked=\u00bboff\u00bb global_colors_info=\u00bb{}\u00bb sticky_enabled=\u00bb0&#8243;]<h2 id=\"5.8\">Lands Design 6.5 (septiembre de 2026)<\/h2><ul><li><strong>Compatibilidad con AutoCAD 2027<\/strong><\/li><li><strong>Correcci\u00f3n de errores<\/strong><ul><li>AutoCAD se bloqueaba al copiar una rampa en otra curva.<\/li><li>Rhino\/AutoCAD se bloqueaba con el comando laTerrenoInfo cuando hab\u00eda dos o m\u00e1s terrenos seleccionados y el usuario cancelaba cuando se le ped\u00eda que seleccionara uno de ellos.<\/li><li>Las coronas de las plantas no se mantuvieron sin rotar cuando la planta formaba parte de una fila o bosque de plantas rotadas.<\/li><li>El comando laTerrenoA\u00f1adirCamino no respetaba el valor del \u00e1ngulo introducido en la l\u00ednea de comandos.<\/li><li>La rueda del rat\u00f3n no pod\u00eda desplazarse por un cuadro de di\u00e1logo en la ficha de propiedades cuando el cursor estaba en un control de cuadro combinado.<\/li><li>El valor de \u00abExtensi\u00f3n m\u00e1xima\u00bb del rellano de una rampa no se guardaba en el di\u00e1logo de inserci\u00f3n de rampas.<\/li><\/ul><\/li><li><strong>Notas<\/strong><ul><li>Versiones de Rhino compatibles<ul><li>Rhino 8 SR28 o posterior<\/li><li>Rhino 7 SR33 o posterior<\/li><\/ul><\/li><li>Versiones de AutoCAD compatibles\n<ul><li>AutoCAD 2027, 2026, 2025, 2024, 2023, 2022 y 2021<\/li><\/ul><\/li><\/ul><\/li><\/ul>[\/et_pb_text][et_pb_text admin_label=\u00bbText\u00bb _builder_version=\u00bb4.27.6&#8243; background_size=\u00bbinitial\u00bb background_position=\u00bbtop_left\u00bb background_repeat=\u00bbrepeat\u00bb hover_enabled=\u00bb0&#8243; locked=\u00bboff\u00bb global_colors_info=\u00bb{}\u00bb sticky_enabled=\u00bb0&#8243;]<h2 id=\"5.8\">Lands Design 6.4 (septiembre de 2025)<\/h2><ul><li><b>Lista de plantas<\/b><ul><li><span style=\"font-weight: 400;\">Los arbustos, los parterres y los topiarios aparecen ahora con un icono m\u00e1s parecido al que tienen en el dibujo.<\/span><\/li><\/ul><\/li><li><b>Representaci\u00f3n 3D de las plantas<\/b><ul><li><span style=\"font-weight: 400;\">Ahora se tiene en cuenta la posible presencia de ra\u00edces al ajustar la escala de la planta para conseguir la altura deseada<\/span><\/li><li style=\"font-weight: 400;\" aria-level=\"1\"><span style=\"font-weight: 400;\">El color del follaje ahora tiene cierta transparencia<\/span><span style=\"font-weight: 400;\"><\/span><\/li><\/ul><\/li><li><b>Rendimiento<\/b><ul><li><span style=\"font-weight: 400;\">Ahora el terreno se eval\u00faa una sola vez al ejecutar comandos del men\u00fa contextual en varios objetos de datos de entrada del terreno (como desactivar todas las divisiones a la vez desde el nodo ra\u00edz Divisiones).<\/span><\/li><\/ul><\/li><li><strong>Correcci\u00f3n de errores.<\/strong><span style=\"font-weight: 400;\"><\/span><ul><li style=\"font-weight: 400;\" aria-level=\"1\"><span style=\"font-weight: 400;\">La foto de la planta no se actualizaba en algunos casos al cambiar su imagen.<\/span><\/li><li style=\"font-weight: 400;\" aria-level=\"1\"><span style=\"font-weight: 400;\">Los muros a lo largo de una curva de trayectoria polil\u00ednea no se ajustaban correctamente al terreno.<\/span><\/li><li style=\"font-weight: 400;\" aria-level=\"1\"><span style=\"font-weight: 400;\">Los objetos elevados al terreno no se actualizaban autom\u00e1ticamente al modificar el terreno urbano (como las rampas).<\/span><\/li><li style=\"font-weight: 400;\" aria-level=\"1\"><span style=\"font-weight: 400;\">La creaci\u00f3n de un parterre a partir de un c\u00edrculo podr\u00eda bloquear Rhino.<\/span><\/li><li style=\"font-weight: 400;\" aria-level=\"1\"><span style=\"font-weight: 400;\">Error fatal al intentar cambiar el color de Zonas con un color inicial diferente.<\/span><\/li><li style=\"font-weight: 400;\" aria-level=\"1\"><span style=\"font-weight: 400;\">Error fatal al depurar bloques insertados desde la librer\u00eda<\/span><\/li><li style=\"font-weight: 400;\" aria-level=\"1\"><span style=\"font-weight: 400;\">Aparec\u00eda un tri\u00e1ngulo err\u00f3neo en el origen al calcular la caja base del terreno en AutoCAD.<\/span><\/li><li style=\"font-weight: 400;\" aria-level=\"1\"><span style=\"font-weight: 400;\">Los archivos recientes nombrados con caracteres no ASCII no se mostraban en el men\u00fa Archivo de la cinta de opciones de RhinoLands.<\/span><\/li><\/ul><\/li><li><b>Notas<\/b><ul><li style=\"font-weight: 400;\" aria-level=\"2\"><span style=\"font-weight: 400;\">Versiones de Rhino compatibles<\/span><ul><li style=\"font-weight: 400;\" aria-level=\"3\"><span style=\"font-weight: 400;\">Rhino 8 SR23 (o posterior) y<\/span><\/li><li style=\"font-weight: 400;\" aria-level=\"3\"><span style=\"font-weight: 400;\">Rhino 7 SR33 o posterior<\/span><span style=\"font-weight: 400;\"><\/span><\/li><\/ul><\/li><li style=\"font-weight: 400;\" aria-level=\"2\"><span style=\"font-weight: 400;\">Versiones de AutoCAD compatibles<\/span><br \/><ul><li style=\"font-weight: 400;\" aria-level=\"3\"><span style=\"font-weight: 400;\">AutoCAD 2026, 2025, 2024, 2023, 2022 y 2021<\/span><\/li><\/ul><\/li><\/ul><\/li><\/ul><ul><\/ul>[\/et_pb_text][et_pb_text admin_label=\u00bbText\u00bb _builder_version=\u00bb4.27.4&#8243; background_size=\u00bbinitial\u00bb background_position=\u00bbtop_left\u00bb background_repeat=\u00bbrepeat\u00bb hover_enabled=\u00bb0&#8243; global_colors_info=\u00bb{}\u00bb sticky_enabled=\u00bb0&#8243;]<h2 id=\"5.8\">Lands Design 6.3 (mayo 2025)<\/h2><ul><li><strong>Interfaz de RhinoLands<\/strong><ul><li>Se han corregido los paneles predeterminados que no se abr\u00edan o no se acoplaban correctamente en Rhino 8\n<ul><li>Al iniciar por primera vez<strong><br \/><\/strong><\/li><li>Cuando el usuario hace clic en \u00abRestablecer el dise\u00f1o de ventanas\u00bb<\/li><\/ul><\/li><\/ul><\/li><li><strong>Windows<\/strong><br \/><ul><li>Ligeras mejoras de aspecto en Windows 11<br \/>Se ha corregido un error que imped\u00eda cargar Lands en algunas versiones de Windows 11\/10.<\/li><\/ul><\/li><li><strong>TwinMotion<\/strong><ul><li>Ahora se pueden generar plantas muy detalladas cuando el usuario pulsa el bot\u00f3n Sincronizar en las versiones recientes de TwinMotion.<\/li><\/ul><\/li><li><strong>Librer\u00eda de plantas<\/strong><ul><li>17 nuevos archivos de plantas realistas que sustituyen a las versiones antiguas con importantes mejoras<\/li><\/ul><\/li><li><strong>Correcci\u00f3n de errores.<\/strong><span style=\"font-weight: 400;\"><\/span><ul><li style=\"font-weight: 400;\" aria-level=\"2\">La trayectoria del terreno no se modelaba correctamente cuando las unidades del documento eran muy peque\u00f1as (mm)<\/li><li style=\"font-weight: 400;\" aria-level=\"2\">Las animaciones no funcionaban cuando la trayectoria de la c\u00e1mara era una policurva<\/li><li style=\"font-weight: 400;\" aria-level=\"2\">Correcci\u00f3n de errores menores en el objeto Rampa<\/li><\/ul><\/li><li><b>Notas<\/b><ul><li style=\"font-weight: 400;\" aria-level=\"2\"><span style=\"font-weight: 400;\">Versiones de Rhino compatibles<\/span><ul><li style=\"font-weight: 400;\" aria-level=\"3\"><span style=\"font-weight: 400;\">Rhino 8 SR18 (o posterior) y<\/span><\/li><li style=\"font-weight: 400;\" aria-level=\"3\"><span style=\"font-weight: 400;\">Rhino 7 SR33 o posterior<\/span><span style=\"font-weight: 400;\"><\/span><\/li><\/ul><\/li><li style=\"font-weight: 400;\" aria-level=\"2\"><span style=\"font-weight: 400;\">Versiones de AutoCAD compatibles<br \/><\/span><ul><li style=\"font-weight: 400;\" aria-level=\"3\"><span style=\"font-weight: 400;\">AutoCAD 2026, 2025, 2024, 2023, 2022 y 2021<\/span><span style=\"font-weight: 400;\"><\/span><\/li><\/ul><\/li><\/ul><\/li><\/ul><ul><\/ul>[\/et_pb_text][et_pb_text admin_label=\u00bbText\u00bb _builder_version=\u00bb4.27.6&#8243; background_size=\u00bbinitial\u00bb background_position=\u00bbtop_left\u00bb background_repeat=\u00bbrepeat\u00bb hover_enabled=\u00bb0&#8243; global_colors_info=\u00bb{}\u00bb sticky_enabled=\u00bb0&#8243;]<h2 id=\"5.8\">Lands Design 6.2 (diciembre de 2024)<\/h2><ul><li><strong>Objeto Terreno<\/strong><ul><li>Camino\n<ul><li>Control de pendientes mejorado con varios m\u00e9todos:\n<ul><li>Elevaci\u00f3n de curva<\/li><li>Elevaci\u00f3n de terreno<\/li><li>Elevaci\u00f3n de inicio-fin de curva<\/li><li>Elevaci\u00f3n de inicio-fin de terreno<\/li><li>Pendiente constante<\/li><li>Pendiente por segmento<\/li><\/ul><\/li><li>Nueva opci\u00f3n para especificar una pendiente m\u00e1xima<\/li><li>Se ha a\u00f1adido la opci\u00f3n de justificaci\u00f3n para mejorar la alineaci\u00f3n<\/li><\/ul><\/li><li>Movimiento de tierras<br \/><ul><li>Ahora puede cambiar entre los modos solo corte, solo relleno o corte y relleno para cualquier operaci\u00f3n en cualquier momento<\/li><li>Los \u00e1ngulos de corte y relleno ahora pueden definirse por separado<\/li><li>Los \u00e1ngulos se pueden especificar en grados, en porcentaje o mediante una relaci\u00f3n de elevaci\u00f3n y longitud<\/li><li>Se ha a\u00f1adido una opci\u00f3n para limitar la extensi\u00f3n de las operaciones de desmonte y terrapl\u00e9n<\/li><\/ul><\/li><li>Datos de elevaci\u00f3n<br \/><ul><li>Se han a\u00f1adido opciones de muestreo para un control m\u00e1s preciso de la conversi\u00f3n de curva a punto en la triangulaci\u00f3n:<br \/><ul><li>Especificar intervalo m\u00e1ximo de muestreo<\/li><li>Especificar desviaci\u00f3n m\u00e1xima<\/li><\/ul><\/li><li>Se ha a\u00f1adido la posibilidad de extraer la malla de triangulaci\u00f3n resultante<\/li><\/ul><\/li><li>Mejoras en la edici\u00f3n de datos de entrada<br \/><ul><li>Ahora se puede acceder a los objetos Datos de entrada a trav\u00e9s del \u00e1rbol de selecci\u00f3n del Panel de edici\u00f3n como elementos descendientes del objeto Terreno, cada uno con sus propias fichas de propiedades<\/li><li>Se ha eliminado la ficha Datos de entrada del objeto Terreno<\/li><li>Ahora puede asignar nombres a todos los tipos de datos de entrada (datos de elevaci\u00f3n, movimientos de tierra, contornos, divisiones, etc.)<\/li><li>Se ha a\u00f1adido una opci\u00f3n para desactivar temporalmente cualquier dato de entrada para su uso posterior<\/li><li>Se ha a\u00f1adido la posibilidad de extraer la curva de cualquier dato de entrada<\/li><\/ul><\/li><li>Caja base<br \/><ul><li>Nueva opci\u00f3n para mostrar\/ocultar la tapa inferior<\/li><\/ul><\/li><\/ul><\/li><li><strong>Importaci\u00f3n de Google Earth<\/strong><ul><li>Ahora las carreteras se unen y recortan autom\u00e1ticamente<\/li><\/ul><\/li><li><strong>Animaci\u00f3n<\/strong><ul><li>Las animaciones se guardan ahora como archivos MP4 codificados con el est\u00e1ndar H264<\/li><\/ul><\/li><li><strong>Soporte IFC<\/strong><ul><li>Se ha agregado soporte para IFC 4<\/li><\/ul><\/li><li><strong>Otras mejoras<\/strong><ul><li>Ahora es posible a\u00f1adir datos de elevaci\u00f3n a un terreno importado desde archivos de Google Earth o DEM<\/li><li>Los objetos Rampa y Camino ahora se tienen en cuenta al elevar a terreno<\/li><li>Ahora se pueden editar los nombres de los objetos etiquetados como terreno o planta<\/li><li>Lands ahora recuerda las propiedades de la etiqueta de la planta al insertar varias etiquetas<\/li><li>Ahora se pueden insertar saltos de l\u00ednea en los campos de la base de datos de plantas<\/li><li>Ahora las unidades de la Lista de terrenos se actualizan cuando cambian las unidades del modelo<\/li><\/ul><\/li><li><strong>Correcci\u00f3n de errores<\/strong><ul><li>El objeto Pendiente mostraba el porcentaje de elevaci\u00f3n y longitud en lugar de longitud y elevaci\u00f3n<\/li><li>La visualizaci\u00f3n de arbustos, plantas y topiarios 2D podr\u00eda dar error al rellenar la trama<\/li><li>Las iniciales de las especies por defecto inclu\u00edan la parte \u00bb x \u00bb del nombre cient\u00edfico de la especie h\u00edbrida<\/li><li>El objeto Marca de nivel mostraba dos signos negativos para los valores de nivel negativos<\/li><li>El objeto Supersombreado no funcionaba correctamente<\/li><li>La barra lateral aparec\u00eda en algunos casos al utilizar la interfaz de usuario de RhinoLands<\/li><\/ul><\/li><li><strong>Notas<\/strong><ul><li><strong><\/strong>Versiones de Rhino compatibles\n<ul><li>Rhino 8 SR11 (o posterior) y<\/li><li>Rhino 7 SR33 o posterior<\/li><\/ul><\/li><li>Versiones de AutoCAD compatibles\n<ul><li>AutoCAD 2025, 2024, 2023, 2022 y 2021\n<p>\u00a0<\/p><\/li><\/ul><\/li><\/ul><\/li><\/ul><ul><\/ul>[\/et_pb_text][et_pb_text admin_label=\u00bbText\u00bb _builder_version=\u00bb4.27.4&#8243; background_size=\u00bbinitial\u00bb background_position=\u00bbtop_left\u00bb background_repeat=\u00bbrepeat\u00bb global_colors_info=\u00bb{}\u00bb]<h2 id=\"5.8\">Lands Design 6.1 (julio 2024)<\/h2><ul><li><strong>Lands Design 6 para AutoCAD<\/strong><\/li><li><strong>Mejoras<\/strong><ul><li><span style=\"font-weight: 400;\">Se tiene en cuenta el color de floraci\u00f3n de las especies al asignar el archivo de corona predeterminado<\/span><\/li><li><span style=\"font-weight: 400;\">Se tiene en cuenta la orientaci\u00f3n de PlanoC al insertar objetos de Lands (listas, etiquetas, fotos de plantas\u2026)<\/span><\/li><li><span style=\"font-weight: 400;\">En la vista quedan mejor resaltadas las curvas seleccionadas en la ficha de propiedades de <\/span><i><span style=\"font-weight: 400;\">Datos de entrada<\/span><\/i><span style=\"font-weight: 400;\"> del terreno<\/span><\/li><li><span style=\"font-weight: 400;\">Interfaz<\/span><ul><li><span style=\"font-weight: 400;\">Nuevos botones en la ficha <\/span><i><span style=\"font-weight: 400;\">Visualizaci\u00f3n<\/span><\/i><span style=\"font-weight: 400;\"> de RhinoLands para definir la vista alineada al PlanoC<\/span><\/li><li><span style=\"font-weight: 400;\">Nuevos botones en la barra lateral de RhinoLands para a\u00f1adir\/eliminar puntos de control<\/span><\/li><li><span style=\"font-weight: 400;\">Se han a\u00f1adido los botones 2D\/3D a la barra de herramientas de Lands Design 6<\/span><\/li><\/ul><\/li><li style=\"font-weight: 400;\" aria-level=\"2\"><span style=\"font-weight: 400;\">Nuevo icono de escritorio <\/span><i><span style=\"font-weight: 400;\">Lands Design 6<\/span><\/i><span style=\"font-weight: 400;\"> para lanzarlo como plugin en AutoCAD o Rhino, adem\u00e1s del icono de escritorio <\/span><i><span style=\"font-weight: 400;\">RhinoLands<\/span><\/i><span style=\"font-weight: 400;\"> para utilizar la interfaz de RhinoLands<\/span><\/li><\/ul><\/li><li><strong>Correcci\u00f3n de errores.<\/strong><span style=\"font-weight: 400;\"><\/span><ul><li style=\"font-weight: 400;\" aria-level=\"2\"><span style=\"font-weight: 400;\">La importaci\u00f3n\/exportaci\u00f3n IFC no funcionaba en Rhino 8<\/span><\/li><li style=\"font-weight: 400;\" aria-level=\"2\"><span style=\"font-weight: 400;\">Grasshopper Bake no funcionaba en objetos de Lands<\/span><\/li><li style=\"font-weight: 400;\" aria-level=\"2\"><span style=\"font-weight: 400;\">La traducci\u00f3n al japon\u00e9s de la cinta de RhinoLands no se cargaba correctamente<\/span><\/li><li style=\"font-weight: 400;\" aria-level=\"2\"><span style=\"font-weight: 400;\">El comando laImplementar no funcionaba correctamente<\/span><\/li><li style=\"font-weight: 400;\" aria-level=\"2\"><span style=\"font-weight: 400;\">Los colores por defecto de las curvas de nivel no estaban bien definidos<\/span><\/li><li style=\"font-weight: 400;\" aria-level=\"2\"><span style=\"font-weight: 400;\">Varios errores en el objeto Marca de nivel<br \/><\/span><\/li><\/ul><\/li><li><b>Notas<\/b><ul><li style=\"font-weight: 400;\" aria-level=\"2\"><span style=\"font-weight: 400;\">Versiones de Rhino compatibles<\/span><ul><li style=\"font-weight: 400;\" aria-level=\"3\"><span style=\"font-weight: 400;\">Rhino 8 SR7 (o posterior) y<\/span><\/li><li style=\"font-weight: 400;\" aria-level=\"3\"><span style=\"font-weight: 400;\">Rhino 7 SR33 o posterior<\/span><span style=\"font-weight: 400;\"><\/span><\/li><\/ul><\/li><li style=\"font-weight: 400;\" aria-level=\"2\"><span style=\"font-weight: 400;\">Versiones de AutoCAD compatibles<br \/><\/span><ul><li style=\"font-weight: 400;\" aria-level=\"3\"><span style=\"font-weight: 400;\">AutoCAD 2025, 2024, 2023, 2022 y 2021<\/span><span style=\"font-weight: 400;\"><\/span><\/li><\/ul><\/li><\/ul><\/li><\/ul><ul><\/ul>[\/et_pb_text][\/et_pb_column][\/et_pb_row][\/et_pb_section]","protected":false},"excerpt":{"rendered":"<p>Novedades de Lands DesignLands Design 6.5 (septiembre de 2026)Compatibilidad con AutoCAD 2027Correcci\u00f3n de erroresAutoCAD se bloqueaba al copiar una rampa en otra curva.Rhino\/AutoCAD se bloqueaba con el comando laTerrenoInfo cuando hab\u00eda dos o m\u00e1s terrenos seleccionados y el usuario cancelaba cuando se le ped\u00eda que seleccionara uno de ellos.Las coronas de las plantas no se [&hellip;]<\/p>\n","protected":false},"author":1,"featured_media":0,"parent":60300,"menu_order":0,"comment_status":"closed","ping_status":"closed","template":"","meta":{"_et_pb_use_builder":"on","_et_pb_old_content":"","_et_gb_content_width":"","footnotes":""},"class_list":["post-83485","page","type-page","status-publish","hentry"],"yoast_head":"<!-- This site is optimized with the Yoast SEO plugin v27.3 - https:\/\/yoast.com\/product\/yoast-seo-wordpress\/ -->\n<title>Novedades de la actualizaci\u00f3n de Lands Design 6 - RhinoLands<\/title>\n<meta name=\"robots\" content=\"index, follow, max-snippet:-1, max-image-preview:large, max-video-preview:-1\" \/>\n<link rel=\"canonical\" href=\"https:\/\/rhinolands.com\/es\/features\/whats-new-lands6\/\" \/>\n<meta property=\"og:locale\" content=\"es_ES\" \/>\n<meta property=\"og:type\" content=\"article\" \/>\n<meta property=\"og:title\" content=\"Novedades de la actualizaci\u00f3n de Lands Design 6 - RhinoLands\" \/>\n<meta property=\"og:description\" content=\"Novedades de Lands DesignLands Design 6.5 (septiembre de 2026)Compatibilidad con AutoCAD 2027Correcci\u00f3n de erroresAutoCAD se bloqueaba al copiar una rampa en otra curva.Rhino\/AutoCAD se bloqueaba con el comando laTerrenoInfo cuando hab\u00eda dos o m\u00e1s terrenos seleccionados y el usuario cancelaba cuando se le ped\u00eda que seleccionara uno de ellos.Las coronas de las plantas no se [&hellip;]\" \/>\n<meta property=\"og:url\" content=\"https:\/\/rhinolands.com\/es\/features\/whats-new-lands6\/\" \/>\n<meta property=\"og:site_name\" content=\"RhinoLands\" \/>\n<meta property=\"article:modified_time\" content=\"2026-04-17T08:53:23+00:00\" \/>\n<meta name=\"twitter:card\" content=\"summary_large_image\" \/>\n<meta name=\"twitter:label1\" content=\"Tiempo de lectura\" \/>\n\t<meta name=\"twitter:data1\" content=\"8 minutos\" \/>\n<script type=\"application\/ld+json\" class=\"yoast-schema-graph\">{\"@context\":\"https:\\\/\\\/schema.org\",\"@graph\":[{\"@type\":\"WebPage\",\"@id\":\"https:\\\/\\\/rhinolands.com\\\/es\\\/features\\\/whats-new-lands6\\\/\",\"url\":\"https:\\\/\\\/rhinolands.com\\\/es\\\/features\\\/whats-new-lands6\\\/\",\"name\":\"Novedades de la actualizaci\u00f3n de Lands Design 6 - RhinoLands\",\"isPartOf\":{\"@id\":\"https:\\\/\\\/rhinolands.com\\\/es\\\/#website\"},\"datePublished\":\"2024-12-09T16:08:57+00:00\",\"dateModified\":\"2026-04-17T08:53:23+00:00\",\"breadcrumb\":{\"@id\":\"https:\\\/\\\/rhinolands.com\\\/es\\\/features\\\/whats-new-lands6\\\/#breadcrumb\"},\"inLanguage\":\"es\",\"potentialAction\":[{\"@type\":\"ReadAction\",\"target\":[\"https:\\\/\\\/rhinolands.com\\\/es\\\/features\\\/whats-new-lands6\\\/\"]}]},{\"@type\":\"BreadcrumbList\",\"@id\":\"https:\\\/\\\/rhinolands.com\\\/es\\\/features\\\/whats-new-lands6\\\/#breadcrumb\",\"itemListElement\":[{\"@type\":\"ListItem\",\"position\":1,\"name\":\"Home\",\"item\":\"https:\\\/\\\/rhinolands.com\\\/es\\\/\"},{\"@type\":\"ListItem\",\"position\":2,\"name\":\"Funciones\",\"item\":\"https:\\\/\\\/rhinolands.com\\\/es\\\/features\\\/\"},{\"@type\":\"ListItem\",\"position\":3,\"name\":\"Novedades de la actualizaci\u00f3n de Lands Design 6\"}]},{\"@type\":\"WebSite\",\"@id\":\"https:\\\/\\\/rhinolands.com\\\/es\\\/#website\",\"url\":\"https:\\\/\\\/rhinolands.com\\\/es\\\/\",\"name\":\"RhinoLands\",\"description\":\"BIM landscape software\",\"publisher\":{\"@id\":\"https:\\\/\\\/rhinolands.com\\\/es\\\/#organization\"},\"potentialAction\":[{\"@type\":\"SearchAction\",\"target\":{\"@type\":\"EntryPoint\",\"urlTemplate\":\"https:\\\/\\\/rhinolands.com\\\/es\\\/?s={search_term_string}\"},\"query-input\":{\"@type\":\"PropertyValueSpecification\",\"valueRequired\":true,\"valueName\":\"search_term_string\"}}],\"inLanguage\":\"es\"},{\"@type\":\"Organization\",\"@id\":\"https:\\\/\\\/rhinolands.com\\\/es\\\/#organization\",\"name\":\"Asuni Soft\",\"url\":\"https:\\\/\\\/rhinolands.com\\\/es\\\/\",\"logo\":{\"@type\":\"ImageObject\",\"inLanguage\":\"es\",\"@id\":\"https:\\\/\\\/rhinolands.com\\\/es\\\/#\\\/schema\\\/logo\\\/image\\\/\",\"url\":\"https:\\\/\\\/rhinolands.com\\\/wp-content\\\/uploads\\\/2020\\\/02\\\/AsuniLogoFinal-01.png\",\"contentUrl\":\"https:\\\/\\\/rhinolands.com\\\/wp-content\\\/uploads\\\/2020\\\/02\\\/AsuniLogoFinal-01.png\",\"width\":151,\"height\":46,\"caption\":\"Asuni Soft\"},\"image\":{\"@id\":\"https:\\\/\\\/rhinolands.com\\\/es\\\/#\\\/schema\\\/logo\\\/image\\\/\"}}]}<\/script>\n<!-- \/ Yoast SEO plugin. -->","yoast_head_json":{"title":"Novedades de la actualizaci\u00f3n de Lands Design 6 - RhinoLands","robots":{"index":"index","follow":"follow","max-snippet":"max-snippet:-1","max-image-preview":"max-image-preview:large","max-video-preview":"max-video-preview:-1"},"canonical":"https:\/\/rhinolands.com\/es\/features\/whats-new-lands6\/","og_locale":"es_ES","og_type":"article","og_title":"Novedades de la actualizaci\u00f3n de Lands Design 6 - RhinoLands","og_description":"Novedades de Lands DesignLands Design 6.5 (septiembre de 2026)Compatibilidad con AutoCAD 2027Correcci\u00f3n de erroresAutoCAD se bloqueaba al copiar una rampa en otra curva.Rhino\/AutoCAD se bloqueaba con el comando laTerrenoInfo cuando hab\u00eda dos o m\u00e1s terrenos seleccionados y el usuario cancelaba cuando se le ped\u00eda que seleccionara uno de ellos.Las coronas de las plantas no se [&hellip;]","og_url":"https:\/\/rhinolands.com\/es\/features\/whats-new-lands6\/","og_site_name":"RhinoLands","article_modified_time":"2026-04-17T08:53:23+00:00","twitter_card":"summary_large_image","twitter_misc":{"Tiempo de lectura":"8 minutos"},"schema":{"@context":"https:\/\/schema.org","@graph":[{"@type":"WebPage","@id":"https:\/\/rhinolands.com\/es\/features\/whats-new-lands6\/","url":"https:\/\/rhinolands.com\/es\/features\/whats-new-lands6\/","name":"Novedades de la actualizaci\u00f3n de Lands Design 6 - RhinoLands","isPartOf":{"@id":"https:\/\/rhinolands.com\/es\/#website"},"datePublished":"2024-12-09T16:08:57+00:00","dateModified":"2026-04-17T08:53:23+00:00","breadcrumb":{"@id":"https:\/\/rhinolands.com\/es\/features\/whats-new-lands6\/#breadcrumb"},"inLanguage":"es","potentialAction":[{"@type":"ReadAction","target":["https:\/\/rhinolands.com\/es\/features\/whats-new-lands6\/"]}]},{"@type":"BreadcrumbList","@id":"https:\/\/rhinolands.com\/es\/features\/whats-new-lands6\/#breadcrumb","itemListElement":[{"@type":"ListItem","position":1,"name":"Home","item":"https:\/\/rhinolands.com\/es\/"},{"@type":"ListItem","position":2,"name":"Funciones","item":"https:\/\/rhinolands.com\/es\/features\/"},{"@type":"ListItem","position":3,"name":"Novedades de la actualizaci\u00f3n de Lands Design 6"}]},{"@type":"WebSite","@id":"https:\/\/rhinolands.com\/es\/#website","url":"https:\/\/rhinolands.com\/es\/","name":"RhinoLands","description":"BIM landscape software","publisher":{"@id":"https:\/\/rhinolands.com\/es\/#organization"},"potentialAction":[{"@type":"SearchAction","target":{"@type":"EntryPoint","urlTemplate":"https:\/\/rhinolands.com\/es\/?s={search_term_string}"},"query-input":{"@type":"PropertyValueSpecification","valueRequired":true,"valueName":"search_term_string"}}],"inLanguage":"es"},{"@type":"Organization","@id":"https:\/\/rhinolands.com\/es\/#organization","name":"Asuni Soft","url":"https:\/\/rhinolands.com\/es\/","logo":{"@type":"ImageObject","inLanguage":"es","@id":"https:\/\/rhinolands.com\/es\/#\/schema\/logo\/image\/","url":"https:\/\/rhinolands.com\/wp-content\/uploads\/2020\/02\/AsuniLogoFinal-01.png","contentUrl":"https:\/\/rhinolands.com\/wp-content\/uploads\/2020\/02\/AsuniLogoFinal-01.png","width":151,"height":46,"caption":"Asuni Soft"},"image":{"@id":"https:\/\/rhinolands.com\/es\/#\/schema\/logo\/image\/"}}]}},"_links":{"self":[{"href":"https:\/\/rhinolands.com\/es\/wp-json\/wp\/v2\/pages\/83485","targetHints":{"allow":["GET"]}}],"collection":[{"href":"https:\/\/rhinolands.com\/es\/wp-json\/wp\/v2\/pages"}],"about":[{"href":"https:\/\/rhinolands.com\/es\/wp-json\/wp\/v2\/types\/page"}],"author":[{"embeddable":true,"href":"https:\/\/rhinolands.com\/es\/wp-json\/wp\/v2\/users\/1"}],"replies":[{"embeddable":true,"href":"https:\/\/rhinolands.com\/es\/wp-json\/wp\/v2\/comments?post=83485"}],"version-history":[{"count":3,"href":"https:\/\/rhinolands.com\/es\/wp-json\/wp\/v2\/pages\/83485\/revisions"}],"predecessor-version":[{"id":86698,"href":"https:\/\/rhinolands.com\/es\/wp-json\/wp\/v2\/pages\/83485\/revisions\/86698"}],"up":[{"embeddable":true,"href":"https:\/\/rhinolands.com\/es\/wp-json\/wp\/v2\/pages\/60300"}],"wp:attachment":[{"href":"https:\/\/rhinolands.com\/es\/wp-json\/wp\/v2\/media?parent=83485"}],"curies":[{"name":"wp","href":"https:\/\/api.w.org\/{rel}","templated":true}]}}