{"id":60113,"date":"2020-02-13T09:55:01","date_gmt":"2020-02-13T09:55:01","guid":{"rendered":"https:\/\/rhinolands.com\/webinaires\/"},"modified":"2025-11-21T08:56:33","modified_gmt":"2025-11-21T07:56:33","slug":"webinars","status":"publish","type":"page","link":"https:\/\/rhinolands.com\/fr\/learn\/webinars\/","title":{"rendered":"Webinaires"},"content":{"rendered":"[et_pb_section fb_built=\u00a0\u00bb1&Prime; admin_label=\u00a0\u00bbsection\u00a0\u00bb _builder_version=\u00a0\u00bb4.16&Prime; da_disable_devices=\u00a0\u00bboff|off|off\u00a0\u00bb global_colors_info=\u00a0\u00bb{}\u00a0\u00bb da_is_popup=\u00a0\u00bboff\u00a0\u00bb da_exit_intent=\u00a0\u00bboff\u00a0\u00bb da_has_close=\u00a0\u00bbon\u00a0\u00bb da_alt_close=\u00a0\u00bboff\u00a0\u00bb da_dark_close=\u00a0\u00bboff\u00a0\u00bb da_not_modal=\u00a0\u00bbon\u00a0\u00bb da_is_singular=\u00a0\u00bboff\u00a0\u00bb da_with_loader=\u00a0\u00bboff\u00a0\u00bb da_has_shadow=\u00a0\u00bbon\u00a0\u00bb][et_pb_row admin_label=\u00a0\u00bbrow\u00a0\u00bb _builder_version=\u00a0\u00bb4.16&Prime; background_size=\u00a0\u00bbinitial\u00a0\u00bb background_position=\u00a0\u00bbtop_left\u00a0\u00bb background_repeat=\u00a0\u00bbrepeat\u00a0\u00bb global_colors_info=\u00a0\u00bb{}\u00a0\u00bb][et_pb_column type=\u00a0\u00bb4_4&Prime; _builder_version=\u00a0\u00bb4.16&Prime; custom_padding=\u00a0\u00bb|||\u00a0\u00bb global_colors_info=\u00a0\u00bb{}\u00a0\u00bb custom_padding__hover=\u00a0\u00bb|||\u00a0\u00bb][et_pb_text _builder_version=\u00a0\u00bb4.24.2&Prime; _module_preset=\u00a0\u00bbdefault\u00a0\u00bb global_colors_info=\u00a0\u00bb{}\u00a0\u00bb]<h1>Prochain webinaire de RhinoLands<\/h1>[\/et_pb_text][et_pb_text _builder_version=\u00a0\u00bb4.27.2&Prime; _module_preset=\u00a0\u00bbdefault\u00a0\u00bb background_color=\u00a0\u00bb#f4f4f4&Prime; custom_margin=\u00a0\u00bb||||false|false\u00a0\u00bb custom_padding=\u00a0\u00bb20px||20px||false|false\u00a0\u00bb global_colors_info=\u00a0\u00bb{}\u00a0\u00bb]\n<div class=\"wp-block-group is-layout-constrained wp-block-group-is-layout-constrained\">\n<p><strong>Flux de travail BIM et mod\u00e9lisation de paysages avec RhinoLands<\/strong><\/p>\n\n\n\n<p>Date\u00a0: <strong>02\/07\/2025<\/strong><br\/>Heure\u00a0: <strong>17\u00a0h CEST<\/strong> (Europe centrale). Pour voir l\u2019heure dans votre pays, cliquez <a href=\"https:\/\/dateful.com\/time-zone-converter?t=11am&amp;tz2=EST-EDT-Eastern-Time\">ici<\/a>.<br\/><\/p>\n\n\n\n<p>Ne manquez pas cette occasion de d\u00e9couvrir comment RhinoLands peut r\u00e9volutionner votre processus de conception paysag\u00e8re. Inscrivez-vous d\u00e8s maintenant et faites le premier pas vers la cr\u00e9ation de paysages \u00e9tonnants, efficients et durables.<\/p>\n\n\n\n<p><\/p>\n\n\n\n<div class=\"wp-block-buttons is-content-justification-center is-layout-flex wp-container-core-buttons-is-layout-16018d1d wp-block-buttons-is-layout-flex\">\n<div class=\"wp-block-button\"><a class=\"wp-block-button__link wp-element-button\" href=\"https:\/\/us02web.zoom.us\/meeting\/register\/yHj_gMoUQ_SG736gH92a2g\">S\u2019inscrire maintenant<\/a><\/div>\n<\/div>\n<\/div>\n[\/et_pb_text][et_pb_text _builder_version=\u00a0\u00bb4.24.2&Prime; _module_preset=\u00a0\u00bbdefault\u00a0\u00bb global_colors_info=\u00a0\u00bb{}\u00a0\u00bb]<h3>M\u2019avertir lorsqu\u2019un nouveau webinaire est disponible<\/h3><p>Abonnez-vous au <strong><a href=\"https:\/\/rhinolands.com\/fr\/newsletter\/\">bulletin d\u2019informations<\/a><\/strong> de RhinoLands pour recevoir des informations sur les prochains webinaires sur RhinoLands.<\/p>[\/et_pb_text][\/et_pb_column][\/et_pb_row][\/et_pb_section]","protected":false},"excerpt":{"rendered":"<p>Prochain webinaire de RhinoLands\n<div class=\"wp-block-group is-layout-constrained wp-block-group-is-layout-constrained\">\n<p><strong>Flux de travail BIM et mod\u00e9lisation de paysages avec RhinoLands<\/strong><\/p>\n\n\n\n<p>Date\u00a0: <strong>02\/07\/2025<\/strong><br\/>Heure\u00a0: <strong>17\u00a0h CEST<\/strong> (Europe centrale). Pour voir l\u2019heure dans votre pays, cliquez <a href=\"https:\/\/dateful.com\/time-zone-converter?t=11am&amp;tz2=EST-EDT-Eastern-Time\">ici<\/a>.<br\/><\/p>\n\n\n\n<p>Ne manquez pas cette occasion de d\u00e9couvrir comment RhinoLands peut r\u00e9volutionner votre processus de conception paysag\u00e8re. Inscrivez-vous d\u00e8s maintenant et faites le premier pas vers la cr\u00e9ation de paysages \u00e9tonnants, efficients et durables.<\/p>\n\n\n\n<p><\/p>\n\n\n\n<div class=\"wp-block-buttons is-content-justification-center is-layout-flex wp-container-core-buttons-is-layout-16018d1d wp-block-buttons-is-layout-flex\">\n<div class=\"wp-block-button\"><a class=\"wp-block-button__link wp-element-button\" href=\"https:\/\/us02web.zoom.us\/meeting\/register\/yHj_gMoUQ_SG736gH92a2g\">S\u2019inscrire maintenant<\/a><\/div>\n<\/div>\n<\/div>\nM\u2019avertir lorsqu\u2019un nouveau webinaire est disponibleAbonnez-vous au bulletin d\u2019informations de RhinoLands pour recevoir des informations sur les prochains webinaires sur RhinoLands.<\/p>\n","protected":false},"author":1,"featured_media":0,"parent":60128,"menu_order":0,"comment_status":"closed","ping_status":"closed","template":"","meta":{"_et_pb_use_builder":"on","_et_pb_old_content":"<h1>Webinaires enregistr\u00e9s<\/h1><h2>Lands Design.<\/h2><p>Le webinaire pr\u00e9sente les principales fonctions de Lands Design dans Rhino en utilisant la version b\u00eata de Lands Design. <\/p><ul><li>Pr\u00e9sentation de Lands Design<\/li><li>Barre d'outils<\/li><li>Ins\u00e9rer des plantes en lignes, des for\u00eats, des arbustes<\/li><li>Cr\u00e9er un terrain des  \u00e0 partir de courbes<\/li><li>Zonifier<\/li><li>Documentation<\/li><li>Mobilier<\/li><li>Visite virtuelle<\/li><li>Changer la repr\u00e9sentation<\/li><\/ul><p><iframe src=\"https:\/\/www.youtube.com\/embed\/I31fNN19ulg?list=PLBKOaJp17CZp_4KP4qUOaDXwxKixO2FSM\" width=\"1195\" height=\"672\" frameborder=\"0\" allowfullscreen=\"allowfullscreen\"><\/iframe><\/p><h1>Vous voulez en savoir plus ?<\/h1><p><a href=\"\/learn\/online-demo\/\">Contactez-nous et demandez une d\u00e9monstration en ligne gratuite<\/a><\/p>","_et_gb_content_width":"","footnotes":""},"class_list":["post-60113","page","type-page","status-publish","hentry"],"yoast_head":"<!-- This site is optimized with the Yoast SEO plugin v27.3 - https:\/\/yoast.com\/product\/yoast-seo-wordpress\/ -->\n<title>Webinaires - RhinoLands<\/title>\n<meta name=\"description\" content=\"Webinaires gratuits pour apprendre la conception de paysages avec Lands Design. Apprenez \u00e0 concevoir et mod\u00e9liser des projets d\u2019am\u00e9nagement paysager et \u00e0 produire toute la documentation.\" \/>\n<meta name=\"robots\" content=\"index, follow, max-snippet:-1, max-image-preview:large, max-video-preview:-1\" \/>\n<link rel=\"canonical\" href=\"https:\/\/rhinolands.com\/fr\/learn\/webinars\/\" \/>\n<meta property=\"og:locale\" content=\"fr_FR\" \/>\n<meta property=\"og:type\" content=\"article\" \/>\n<meta property=\"og:title\" content=\"Webinaires - RhinoLands\" \/>\n<meta property=\"og:description\" content=\"Webinaires gratuits pour apprendre la conception de paysages avec Lands Design. Apprenez \u00e0 concevoir et mod\u00e9liser des projets d\u2019am\u00e9nagement paysager et \u00e0 produire toute la documentation.\" \/>\n<meta property=\"og:url\" content=\"https:\/\/rhinolands.com\/fr\/learn\/webinars\/\" \/>\n<meta property=\"og:site_name\" content=\"RhinoLands\" \/>\n<meta property=\"article:modified_time\" content=\"2025-11-21T07:56:33+00:00\" \/>\n<meta name=\"twitter:card\" content=\"summary_large_image\" \/>\n<meta name=\"twitter:label1\" content=\"Dur\u00e9e de lecture estim\u00e9e\" \/>\n\t<meta name=\"twitter:data1\" content=\"1 minute\" \/>\n<script type=\"application\/ld+json\" class=\"yoast-schema-graph\">{\"@context\":\"https:\\\/\\\/schema.org\",\"@graph\":[{\"@type\":\"WebPage\",\"@id\":\"https:\\\/\\\/rhinolands.com\\\/fr\\\/learn\\\/webinars\\\/\",\"url\":\"https:\\\/\\\/rhinolands.com\\\/fr\\\/learn\\\/webinars\\\/\",\"name\":\"Webinaires - RhinoLands\",\"isPartOf\":{\"@id\":\"https:\\\/\\\/rhinolands.com\\\/fr\\\/#website\"},\"datePublished\":\"2020-02-13T09:55:01+00:00\",\"dateModified\":\"2025-11-21T07:56:33+00:00\",\"description\":\"Webinaires gratuits pour apprendre la conception de paysages avec Lands Design. Apprenez \u00e0 concevoir et mod\u00e9liser des projets d\u2019am\u00e9nagement paysager et \u00e0 produire toute la documentation.\",\"breadcrumb\":{\"@id\":\"https:\\\/\\\/rhinolands.com\\\/fr\\\/learn\\\/webinars\\\/#breadcrumb\"},\"inLanguage\":\"fr-FR\",\"potentialAction\":[{\"@type\":\"ReadAction\",\"target\":[\"https:\\\/\\\/rhinolands.com\\\/fr\\\/learn\\\/webinars\\\/\"]}]},{\"@type\":\"BreadcrumbList\",\"@id\":\"https:\\\/\\\/rhinolands.com\\\/fr\\\/learn\\\/webinars\\\/#breadcrumb\",\"itemListElement\":[{\"@type\":\"ListItem\",\"position\":1,\"name\":\"Home\",\"item\":\"https:\\\/\\\/rhinolands.com\\\/fr\\\/\"},{\"@type\":\"ListItem\",\"position\":2,\"name\":\"Apprendre\",\"item\":\"https:\\\/\\\/rhinolands.com\\\/fr\\\/learn\\\/\"},{\"@type\":\"ListItem\",\"position\":3,\"name\":\"Webinaires\"}]},{\"@type\":\"WebSite\",\"@id\":\"https:\\\/\\\/rhinolands.com\\\/fr\\\/#website\",\"url\":\"https:\\\/\\\/rhinolands.com\\\/fr\\\/\",\"name\":\"RhinoLands\",\"description\":\"BIM landscape software\",\"publisher\":{\"@id\":\"https:\\\/\\\/rhinolands.com\\\/fr\\\/#organization\"},\"potentialAction\":[{\"@type\":\"SearchAction\",\"target\":{\"@type\":\"EntryPoint\",\"urlTemplate\":\"https:\\\/\\\/rhinolands.com\\\/fr\\\/?s={search_term_string}\"},\"query-input\":{\"@type\":\"PropertyValueSpecification\",\"valueRequired\":true,\"valueName\":\"search_term_string\"}}],\"inLanguage\":\"fr-FR\"},{\"@type\":\"Organization\",\"@id\":\"https:\\\/\\\/rhinolands.com\\\/fr\\\/#organization\",\"name\":\"Asuni Soft\",\"url\":\"https:\\\/\\\/rhinolands.com\\\/fr\\\/\",\"logo\":{\"@type\":\"ImageObject\",\"inLanguage\":\"fr-FR\",\"@id\":\"https:\\\/\\\/rhinolands.com\\\/fr\\\/#\\\/schema\\\/logo\\\/image\\\/\",\"url\":\"https:\\\/\\\/rhinolands.com\\\/wp-content\\\/uploads\\\/2020\\\/02\\\/AsuniLogoFinal-01.png\",\"contentUrl\":\"https:\\\/\\\/rhinolands.com\\\/wp-content\\\/uploads\\\/2020\\\/02\\\/AsuniLogoFinal-01.png\",\"width\":151,\"height\":46,\"caption\":\"Asuni Soft\"},\"image\":{\"@id\":\"https:\\\/\\\/rhinolands.com\\\/fr\\\/#\\\/schema\\\/logo\\\/image\\\/\"}}]}<\/script>\n<!-- \/ Yoast SEO plugin. -->","yoast_head_json":{"title":"Webinaires - RhinoLands","description":"Webinaires gratuits pour apprendre la conception de paysages avec Lands Design. Apprenez \u00e0 concevoir et mod\u00e9liser des projets d\u2019am\u00e9nagement paysager et \u00e0 produire toute la documentation.","robots":{"index":"index","follow":"follow","max-snippet":"max-snippet:-1","max-image-preview":"max-image-preview:large","max-video-preview":"max-video-preview:-1"},"canonical":"https:\/\/rhinolands.com\/fr\/learn\/webinars\/","og_locale":"fr_FR","og_type":"article","og_title":"Webinaires - RhinoLands","og_description":"Webinaires gratuits pour apprendre la conception de paysages avec Lands Design. Apprenez \u00e0 concevoir et mod\u00e9liser des projets d\u2019am\u00e9nagement paysager et \u00e0 produire toute la documentation.","og_url":"https:\/\/rhinolands.com\/fr\/learn\/webinars\/","og_site_name":"RhinoLands","article_modified_time":"2025-11-21T07:56:33+00:00","twitter_card":"summary_large_image","twitter_misc":{"Dur\u00e9e de lecture estim\u00e9e":"1 minute"},"schema":{"@context":"https:\/\/schema.org","@graph":[{"@type":"WebPage","@id":"https:\/\/rhinolands.com\/fr\/learn\/webinars\/","url":"https:\/\/rhinolands.com\/fr\/learn\/webinars\/","name":"Webinaires - RhinoLands","isPartOf":{"@id":"https:\/\/rhinolands.com\/fr\/#website"},"datePublished":"2020-02-13T09:55:01+00:00","dateModified":"2025-11-21T07:56:33+00:00","description":"Webinaires gratuits pour apprendre la conception de paysages avec Lands Design. Apprenez \u00e0 concevoir et mod\u00e9liser des projets d\u2019am\u00e9nagement paysager et \u00e0 produire toute la documentation.","breadcrumb":{"@id":"https:\/\/rhinolands.com\/fr\/learn\/webinars\/#breadcrumb"},"inLanguage":"fr-FR","potentialAction":[{"@type":"ReadAction","target":["https:\/\/rhinolands.com\/fr\/learn\/webinars\/"]}]},{"@type":"BreadcrumbList","@id":"https:\/\/rhinolands.com\/fr\/learn\/webinars\/#breadcrumb","itemListElement":[{"@type":"ListItem","position":1,"name":"Home","item":"https:\/\/rhinolands.com\/fr\/"},{"@type":"ListItem","position":2,"name":"Apprendre","item":"https:\/\/rhinolands.com\/fr\/learn\/"},{"@type":"ListItem","position":3,"name":"Webinaires"}]},{"@type":"WebSite","@id":"https:\/\/rhinolands.com\/fr\/#website","url":"https:\/\/rhinolands.com\/fr\/","name":"RhinoLands","description":"BIM landscape software","publisher":{"@id":"https:\/\/rhinolands.com\/fr\/#organization"},"potentialAction":[{"@type":"SearchAction","target":{"@type":"EntryPoint","urlTemplate":"https:\/\/rhinolands.com\/fr\/?s={search_term_string}"},"query-input":{"@type":"PropertyValueSpecification","valueRequired":true,"valueName":"search_term_string"}}],"inLanguage":"fr-FR"},{"@type":"Organization","@id":"https:\/\/rhinolands.com\/fr\/#organization","name":"Asuni Soft","url":"https:\/\/rhinolands.com\/fr\/","logo":{"@type":"ImageObject","inLanguage":"fr-FR","@id":"https:\/\/rhinolands.com\/fr\/#\/schema\/logo\/image\/","url":"https:\/\/rhinolands.com\/wp-content\/uploads\/2020\/02\/AsuniLogoFinal-01.png","contentUrl":"https:\/\/rhinolands.com\/wp-content\/uploads\/2020\/02\/AsuniLogoFinal-01.png","width":151,"height":46,"caption":"Asuni Soft"},"image":{"@id":"https:\/\/rhinolands.com\/fr\/#\/schema\/logo\/image\/"}}]}},"_links":{"self":[{"href":"https:\/\/rhinolands.com\/fr\/wp-json\/wp\/v2\/pages\/60113","targetHints":{"allow":["GET"]}}],"collection":[{"href":"https:\/\/rhinolands.com\/fr\/wp-json\/wp\/v2\/pages"}],"about":[{"href":"https:\/\/rhinolands.com\/fr\/wp-json\/wp\/v2\/types\/page"}],"author":[{"embeddable":true,"href":"https:\/\/rhinolands.com\/fr\/wp-json\/wp\/v2\/users\/1"}],"replies":[{"embeddable":true,"href":"https:\/\/rhinolands.com\/fr\/wp-json\/wp\/v2\/comments?post=60113"}],"version-history":[{"count":3,"href":"https:\/\/rhinolands.com\/fr\/wp-json\/wp\/v2\/pages\/60113\/revisions"}],"predecessor-version":[{"id":86324,"href":"https:\/\/rhinolands.com\/fr\/wp-json\/wp\/v2\/pages\/60113\/revisions\/86324"}],"up":[{"embeddable":true,"href":"https:\/\/rhinolands.com\/fr\/wp-json\/wp\/v2\/pages\/60128"}],"wp:attachment":[{"href":"https:\/\/rhinolands.com\/fr\/wp-json\/wp\/v2\/media?parent=60113"}],"curies":[{"name":"wp","href":"https:\/\/api.w.org\/{rel}","templated":true}]}}