{"id":60141,"date":"2020-02-13T11:17:38","date_gmt":"2020-02-13T11:17:38","guid":{"rendered":"https:\/\/rhinolands.com\/support\/trucs-et-astuces\/"},"modified":"2020-02-13T11:17:39","modified_gmt":"2020-02-13T11:17:39","slug":"tips","status":"publish","type":"page","link":"https:\/\/rhinolands.com\/fr\/support\/tips\/","title":{"rendered":"Trucs et astuces"},"content":{"rendered":"[et_pb_section bb_built=\u00a0\u00bb1&Prime; admin_label=\u00a0\u00bbsection\u00a0\u00bb _builder_version=\u00a0\u00bb3.0.62&Prime; disabled=\u00a0\u00bboff\u00a0\u00bb disabled_on=\u00a0\u00bb||off\u00a0\u00bb][et_pb_row admin_label=\u00a0\u00bbrow\u00a0\u00bb background_position=\u00a0\u00bbtop_left\u00a0\u00bb background_repeat=\u00a0\u00bbrepeat\u00a0\u00bb background_size=\u00a0\u00bbinitial\u00a0\u00bb][et_pb_column type=\u00a0\u00bb4_4&Prime;][et_pb_post_title admin_label=\u00a0\u00bbTitulo de la p\u00e1gina\u00a0\u00bb saved_tabs=\u00a0\u00bball\u00a0\u00bb title=\u00a0\u00bbon\u00a0\u00bb meta=\u00a0\u00bboff\u00a0\u00bb author=\u00a0\u00bbon\u00a0\u00bb date=\u00a0\u00bbon\u00a0\u00bb categories=\u00a0\u00bbon\u00a0\u00bb comments=\u00a0\u00bbon\u00a0\u00bb featured_image=\u00a0\u00bboff\u00a0\u00bb featured_placement=\u00a0\u00bbbelow\u00a0\u00bb parallax_effect=\u00a0\u00bbon\u00a0\u00bb parallax_method=\u00a0\u00bbon\u00a0\u00bb text_orientation=\u00a0\u00bbleft\u00a0\u00bb text_color=\u00a0\u00bbdark\u00a0\u00bb text_background=\u00a0\u00bboff\u00a0\u00bb text_bg_color=\u00a0\u00bbrgba(255,255,255,0.9)\u00a0\u00bb module_bg_color=\u00a0\u00bbrgba(255,255,255,0)\u00a0\u00bb title_font=\u00a0\u00bb|on|||\u00a0\u00bb title_font_size=\u00a0\u00bb30px\u00a0\u00bb title_all_caps=\u00a0\u00bboff\u00a0\u00bb use_border_color=\u00a0\u00bboff\u00a0\u00bb border_color=\u00a0\u00bb#ffffff\u00a0\u00bb border_style=\u00a0\u00bbsolid\u00a0\u00bb custom_margin=\u00a0\u00bb||0px|\u00a0\u00bb \/][et_pb_text background_position=\u00a0\u00bbtop_left\u00a0\u00bb background_repeat=\u00a0\u00bbrepeat\u00a0\u00bb background_size=\u00a0\u00bbinitial\u00a0\u00bb _builder_version=\u00a0\u00bb3.0.62&Prime; background_layout=\u00a0\u00bblight\u00a0\u00bb text_orientation=\u00a0\u00bbleft\u00a0\u00bb border_style=\u00a0\u00bbsolid\u00a0\u00bb]\n\n<strong>Installation<\/strong><ul><li><a href=\"https:\/\/rhinolands.com\/fr\/support\/tip\/my-anti-virus-software-is-blocking-or-removing-the-installer-file-what-should-i-do\/\">Mon logiciel antivirus bloque ou supprime le fichier d&rsquo;installation, que dois-je faire\u00a0?<\/a><\/li><li><a href=\"https:\/\/rhinolands.com\/fr\/support\/tip\/lands-toolbars-dont-appear-on-the-screen-how-can-i-load-them\/\">Les barres d&rsquo;outils de Lands n&rsquo;apparaissent pas \u00e0 l&rsquo;\u00e9cran. Comment puis-je les charger ?<\/a><\/li><li><a href=\"https:\/\/rhinolands.com\/fr\/support\/tip\/installation-issue-unable-to-load-lands-rhp-plug-in\/\">Probl\u00e8me d&rsquo;installation : Impossible de charger le module Lands.rhp<\/a><\/li><li><a href=\"https:\/\/rhinolands.com\/fr\/support\/tip\/lands-design-doesnt-load-on-autocad\/\">Lands Design ne s&rsquo;ouvre pas dans AutoCAD<\/a><\/li><li><a href=\"https:\/\/rhinolands.com\/fr\/support\/tip\/comment-desinstaller-lands-design\/\">Comment d\u00e9sinstaller Lands Design ?<\/a><\/li><li><a href=\"https:\/\/rhinolands.com\/fr\/support\/tip\/problems-with-the-windows-installer-package\/\">Probl\u00e8me avec le programme d&rsquo;installation de Windows<\/a><\/li><\/ul><strong>Fichiers<\/strong><ul><li><a href=\"https:\/\/rhinolands.com\/fr\/support\/tip\/tips-to-streamline-the-workflow-with-large-files\/\">Astuces pour acc\u00e9l\u00e9rer le traitement des fichiers de grande taille<\/a><\/li><li><a href=\"https:\/\/rhinolands.com\/fr\/support\/tip\/download-process-interrupted\/\">Le t\u00e9l\u00e9chargement a \u00e9t\u00e9 interrompu<\/a><\/li><li><a href=\"https:\/\/rhinolands.com\/fr\/support\/tip\/jai-un-projet-a-grande-echelle-et-je-ne-travaille-pas-en-3d-comment-puis-je-reduire-la-taille-du-fichier\/\">J&rsquo;ai un projet \u00e0 grande \u00e9chelle et je ne travaille pas en 3D, comment puis-je r\u00e9duire la taille du fichier ?<\/a><\/li><\/ul><strong>Plantes<\/strong><ul><li><a href=\"https:\/\/rhinolands.com\/fr\/support\/tip\/what-are-the-steps-to-create-a-new-plant-species-in-the-plant-database\/\">Comment ajouter une nouvelle esp\u00e8ce de plante\u00a0?<\/a><\/li><li><a href=\"https:\/\/rhinolands.com\/fr\/support\/tip\/how-can-i-change-the-limits-of-age-height-of-a-plant\/\">Comment changer les limites d&rsquo;\u00e2ge (hauteur) d&rsquo;une plante ?<\/a><\/li><li><a href=\"https:\/\/rhinolands.com\/fr\/support\/tip\/how-can-i-change-the-2d-and-3d-representation-of-a-plant-species\/\">Comment changer la repr\u00e9sentation 2D et 3D d&rsquo;une esp\u00e8ce de plante ?<\/a><\/li><li><a href=\"https:\/\/rhinolands.com\/fr\/support\/tip\/is-it-possible-to-assign-a-custom-block-to-one-of-the-plant-species-representation-types\/\">Est-il possible d&rsquo;assigner un bloc personnalis\u00e9 \u00e0 un des types de repr\u00e9sentation d&rsquo;une esp\u00e8ce de plante\u00a0?<\/a><\/li><li><a href=\"https:\/\/rhinolands.com\/fr\/support\/tip\/tag-object-as-a-plant\/\">Marquer un objet en tant que plante<\/a><\/li><li><a href=\"https:\/\/rhinolands.com\/fr\/support\/tip\/how-to-create-new-plants-with-accurender-plant-editor\/\">Comment cr\u00e9er de nouvelles plantes avec l\u2019\u00e9diteur de plantes AccuRender\u00a0?<\/a><\/li><li><a href=\"https:\/\/rhinolands.com\/fr\/support\/tip\/how-to-create-a-forest-with-different-species\/\">Comment cr\u00e9er une for\u00eat contenant plusieurs esp\u00e8ces ?<\/a><\/li><li><a href=\"https:\/\/rhinolands.com\/fr\/support\/tip\/comment-creer-un-jardin-vertical-avec-lands-design\/\">Comment cr\u00e9er un jardin vertical avec Lands Design ?<\/a><\/li><li><a href=\"https:\/\/rhinolands.com\/fr\/support\/tip\/assign-the-seasonal-display-to-plant-species\/\">D\u00e9finir une repr\u00e9sentation des plantes selon les saisons<\/a><\/li><li><a href=\"https:\/\/rhinolands.com\/fr\/support\/tip\/import-and-export-procedure-in-plant-database\/\">Proc\u00e9dure d&rsquo;importation et exportation dans la base de donn\u00e9es de plantes<\/a><\/li><li><a href=\"https:\/\/rhinolands.com\/fr\/support\/tip\/how-to-create-a-central-database-of-plants-on-your-server\/\">Comment cr\u00e9er une base de donn\u00e9es de plantes centrale sur votre serveur ?<\/a><\/li><\/ul><strong>Terrains<\/strong><ul><li><a href=\"https:\/\/rhinolands.com\/fr\/support\/tip\/convert-a-mesh-or-a-surface-into-a-terrain\/\">Convertir un maillage ou une surface en terrain<\/a><\/li><li><a href=\"https:\/\/rhinolands.com\/fr\/support\/tip\/how-to-generate-a-hole-in-terrain\/\">Comment g\u00e9n\u00e9rer un trou dans un terrain\u00a0?<\/a><\/li><li><a href=\"https:\/\/rhinolands.com\/fr\/support\/tip\/comment-creer-un-lac-ou-une-etendue-deau-dans-lands-design\/\">Comment cr\u00e9er un lac ou une \u00e9tendue d&rsquo;eau dans Lands Design ?<\/a><\/li><\/ul><strong>Conseils pour un travail plus efficace<\/strong><ul><li><a href=\"https:\/\/rhinolands.com\/fr\/support\/tip\/how-to-create-custom-parameters\/\">Comment cr\u00e9er des param\u00e8tres personnalis\u00e9s ?<\/a><\/li><li><a href=\"https:\/\/rhinolands.com\/fr\/support\/tip\/is-it-possible-to-work-with-both-versions-of-lands-design\/\">Est-il possible de travailler avec les deux versions de Lands Design ?<\/a><\/li><\/ul>\n\n[\/et_pb_text][\/et_pb_column][\/et_pb_row][\/et_pb_section]","protected":false},"excerpt":{"rendered":"<p>Trucs et astuces pour \u00eatre plus productif dans Lands Design.<\/p>\n","protected":false},"author":1,"featured_media":0,"parent":60139,"menu_order":10,"comment_status":"closed","ping_status":"closed","template":"","meta":{"_et_pb_use_builder":"on","_et_pb_old_content":"","_et_gb_content_width":"","footnotes":""},"class_list":["post-60141","page","type-page","status-publish","hentry"],"yoast_head":"<!-- This site is optimized with the Yoast SEO plugin v27.3 - https:\/\/yoast.com\/product\/yoast-seo-wordpress\/ -->\n<title>Trucs et astuces - RhinoLands<\/title>\n<meta name=\"robots\" content=\"index, follow, max-snippet:-1, max-image-preview:large, max-video-preview:-1\" \/>\n<link rel=\"canonical\" href=\"https:\/\/rhinolands.com\/fr\/support\/tips\/\" \/>\n<meta property=\"og:locale\" content=\"fr_FR\" \/>\n<meta property=\"og:type\" content=\"article\" \/>\n<meta property=\"og:title\" content=\"Trucs et astuces - RhinoLands\" \/>\n<meta property=\"og:description\" content=\"Trucs et astuces pour \u00eatre plus productif dans Lands Design.\" \/>\n<meta property=\"og:url\" content=\"https:\/\/rhinolands.com\/fr\/support\/tips\/\" \/>\n<meta property=\"og:site_name\" content=\"RhinoLands\" \/>\n<meta property=\"article:modified_time\" content=\"2020-02-13T11:17:39+00:00\" \/>\n<meta name=\"twitter:card\" content=\"summary_large_image\" \/>\n<meta name=\"twitter:label1\" content=\"Dur\u00e9e de lecture estim\u00e9e\" \/>\n\t<meta name=\"twitter:data1\" content=\"1 minute\" \/>\n<script type=\"application\/ld+json\" class=\"yoast-schema-graph\">{\"@context\":\"https:\\\/\\\/schema.org\",\"@graph\":[{\"@type\":\"WebPage\",\"@id\":\"https:\\\/\\\/rhinolands.com\\\/fr\\\/support\\\/tips\\\/\",\"url\":\"https:\\\/\\\/rhinolands.com\\\/fr\\\/support\\\/tips\\\/\",\"name\":\"Trucs et astuces - RhinoLands\",\"isPartOf\":{\"@id\":\"https:\\\/\\\/rhinolands.com\\\/fr\\\/#website\"},\"datePublished\":\"2020-02-13T11:17:38+00:00\",\"dateModified\":\"2020-02-13T11:17:39+00:00\",\"breadcrumb\":{\"@id\":\"https:\\\/\\\/rhinolands.com\\\/fr\\\/support\\\/tips\\\/#breadcrumb\"},\"inLanguage\":\"fr-FR\",\"potentialAction\":[{\"@type\":\"ReadAction\",\"target\":[\"https:\\\/\\\/rhinolands.com\\\/fr\\\/support\\\/tips\\\/\"]}]},{\"@type\":\"BreadcrumbList\",\"@id\":\"https:\\\/\\\/rhinolands.com\\\/fr\\\/support\\\/tips\\\/#breadcrumb\",\"itemListElement\":[{\"@type\":\"ListItem\",\"position\":1,\"name\":\"Home\",\"item\":\"https:\\\/\\\/rhinolands.com\\\/fr\\\/\"},{\"@type\":\"ListItem\",\"position\":2,\"name\":\"Assistance\",\"item\":\"https:\\\/\\\/rhinolands.com\\\/fr\\\/support\\\/\"},{\"@type\":\"ListItem\",\"position\":3,\"name\":\"Trucs et astuces\"}]},{\"@type\":\"WebSite\",\"@id\":\"https:\\\/\\\/rhinolands.com\\\/fr\\\/#website\",\"url\":\"https:\\\/\\\/rhinolands.com\\\/fr\\\/\",\"name\":\"RhinoLands\",\"description\":\"BIM landscape software\",\"publisher\":{\"@id\":\"https:\\\/\\\/rhinolands.com\\\/fr\\\/#organization\"},\"potentialAction\":[{\"@type\":\"SearchAction\",\"target\":{\"@type\":\"EntryPoint\",\"urlTemplate\":\"https:\\\/\\\/rhinolands.com\\\/fr\\\/?s={search_term_string}\"},\"query-input\":{\"@type\":\"PropertyValueSpecification\",\"valueRequired\":true,\"valueName\":\"search_term_string\"}}],\"inLanguage\":\"fr-FR\"},{\"@type\":\"Organization\",\"@id\":\"https:\\\/\\\/rhinolands.com\\\/fr\\\/#organization\",\"name\":\"Asuni Soft\",\"url\":\"https:\\\/\\\/rhinolands.com\\\/fr\\\/\",\"logo\":{\"@type\":\"ImageObject\",\"inLanguage\":\"fr-FR\",\"@id\":\"https:\\\/\\\/rhinolands.com\\\/fr\\\/#\\\/schema\\\/logo\\\/image\\\/\",\"url\":\"https:\\\/\\\/rhinolands.com\\\/wp-content\\\/uploads\\\/2020\\\/02\\\/AsuniLogoFinal-01.png\",\"contentUrl\":\"https:\\\/\\\/rhinolands.com\\\/wp-content\\\/uploads\\\/2020\\\/02\\\/AsuniLogoFinal-01.png\",\"width\":151,\"height\":46,\"caption\":\"Asuni Soft\"},\"image\":{\"@id\":\"https:\\\/\\\/rhinolands.com\\\/fr\\\/#\\\/schema\\\/logo\\\/image\\\/\"}}]}<\/script>\n<!-- \/ Yoast SEO plugin. -->","yoast_head_json":{"title":"Trucs et astuces - RhinoLands","robots":{"index":"index","follow":"follow","max-snippet":"max-snippet:-1","max-image-preview":"max-image-preview:large","max-video-preview":"max-video-preview:-1"},"canonical":"https:\/\/rhinolands.com\/fr\/support\/tips\/","og_locale":"fr_FR","og_type":"article","og_title":"Trucs et astuces - RhinoLands","og_description":"Trucs et astuces pour \u00eatre plus productif dans Lands Design.","og_url":"https:\/\/rhinolands.com\/fr\/support\/tips\/","og_site_name":"RhinoLands","article_modified_time":"2020-02-13T11:17:39+00:00","twitter_card":"summary_large_image","twitter_misc":{"Dur\u00e9e de lecture estim\u00e9e":"1 minute"},"schema":{"@context":"https:\/\/schema.org","@graph":[{"@type":"WebPage","@id":"https:\/\/rhinolands.com\/fr\/support\/tips\/","url":"https:\/\/rhinolands.com\/fr\/support\/tips\/","name":"Trucs et astuces - RhinoLands","isPartOf":{"@id":"https:\/\/rhinolands.com\/fr\/#website"},"datePublished":"2020-02-13T11:17:38+00:00","dateModified":"2020-02-13T11:17:39+00:00","breadcrumb":{"@id":"https:\/\/rhinolands.com\/fr\/support\/tips\/#breadcrumb"},"inLanguage":"fr-FR","potentialAction":[{"@type":"ReadAction","target":["https:\/\/rhinolands.com\/fr\/support\/tips\/"]}]},{"@type":"BreadcrumbList","@id":"https:\/\/rhinolands.com\/fr\/support\/tips\/#breadcrumb","itemListElement":[{"@type":"ListItem","position":1,"name":"Home","item":"https:\/\/rhinolands.com\/fr\/"},{"@type":"ListItem","position":2,"name":"Assistance","item":"https:\/\/rhinolands.com\/fr\/support\/"},{"@type":"ListItem","position":3,"name":"Trucs et astuces"}]},{"@type":"WebSite","@id":"https:\/\/rhinolands.com\/fr\/#website","url":"https:\/\/rhinolands.com\/fr\/","name":"RhinoLands","description":"BIM landscape software","publisher":{"@id":"https:\/\/rhinolands.com\/fr\/#organization"},"potentialAction":[{"@type":"SearchAction","target":{"@type":"EntryPoint","urlTemplate":"https:\/\/rhinolands.com\/fr\/?s={search_term_string}"},"query-input":{"@type":"PropertyValueSpecification","valueRequired":true,"valueName":"search_term_string"}}],"inLanguage":"fr-FR"},{"@type":"Organization","@id":"https:\/\/rhinolands.com\/fr\/#organization","name":"Asuni Soft","url":"https:\/\/rhinolands.com\/fr\/","logo":{"@type":"ImageObject","inLanguage":"fr-FR","@id":"https:\/\/rhinolands.com\/fr\/#\/schema\/logo\/image\/","url":"https:\/\/rhinolands.com\/wp-content\/uploads\/2020\/02\/AsuniLogoFinal-01.png","contentUrl":"https:\/\/rhinolands.com\/wp-content\/uploads\/2020\/02\/AsuniLogoFinal-01.png","width":151,"height":46,"caption":"Asuni Soft"},"image":{"@id":"https:\/\/rhinolands.com\/fr\/#\/schema\/logo\/image\/"}}]}},"_links":{"self":[{"href":"https:\/\/rhinolands.com\/fr\/wp-json\/wp\/v2\/pages\/60141","targetHints":{"allow":["GET"]}}],"collection":[{"href":"https:\/\/rhinolands.com\/fr\/wp-json\/wp\/v2\/pages"}],"about":[{"href":"https:\/\/rhinolands.com\/fr\/wp-json\/wp\/v2\/types\/page"}],"author":[{"embeddable":true,"href":"https:\/\/rhinolands.com\/fr\/wp-json\/wp\/v2\/users\/1"}],"replies":[{"embeddable":true,"href":"https:\/\/rhinolands.com\/fr\/wp-json\/wp\/v2\/comments?post=60141"}],"version-history":[{"count":0,"href":"https:\/\/rhinolands.com\/fr\/wp-json\/wp\/v2\/pages\/60141\/revisions"}],"up":[{"embeddable":true,"href":"https:\/\/rhinolands.com\/fr\/wp-json\/wp\/v2\/pages\/60139"}],"wp:attachment":[{"href":"https:\/\/rhinolands.com\/fr\/wp-json\/wp\/v2\/media?parent=60141"}],"curies":[{"name":"wp","href":"https:\/\/api.w.org\/{rel}","templated":true}]}}