{"id":60147,"date":"2020-02-13T12:00:44","date_gmt":"2020-02-13T12:00:44","guid":{"rendered":"https:\/\/rhinolands.com\/revendeur\/"},"modified":"2024-04-17T13:08:07","modified_gmt":"2024-04-17T11:08:07","slug":"reseller","status":"publish","type":"page","link":"https:\/\/rhinolands.com\/fr\/reseller\/","title":{"rendered":"Revendeur"},"content":{"rendered":"[et_pb_section fb_built=\u00a0\u00bb1&Prime; _builder_version=\u00a0\u00bb4.16&Prime; da_disable_devices=\u00a0\u00bboff|off|off\u00a0\u00bb global_colors_info=\u00a0\u00bb{}\u00a0\u00bb da_is_popup=\u00a0\u00bboff\u00a0\u00bb da_exit_intent=\u00a0\u00bboff\u00a0\u00bb da_has_close=\u00a0\u00bbon\u00a0\u00bb da_alt_close=\u00a0\u00bboff\u00a0\u00bb da_dark_close=\u00a0\u00bboff\u00a0\u00bb da_not_modal=\u00a0\u00bbon\u00a0\u00bb da_is_singular=\u00a0\u00bboff\u00a0\u00bb da_with_loader=\u00a0\u00bboff\u00a0\u00bb da_has_shadow=\u00a0\u00bbon\u00a0\u00bb][et_pb_row _builder_version=\u00a0\u00bb4.16&Prime; global_colors_info=\u00a0\u00bb{}\u00a0\u00bb][et_pb_column type=\u00a0\u00bb4_4&Prime; _builder_version=\u00a0\u00bb4.16&Prime; global_colors_info=\u00a0\u00bb{}\u00a0\u00bb][et_pb_post_title meta=\u00a0\u00bboff\u00a0\u00bb featured_image=\u00a0\u00bboff\u00a0\u00bb _builder_version=\u00a0\u00bb4.16&Prime; global_colors_info=\u00a0\u00bb{}\u00a0\u00bb][\/et_pb_post_title][et_pb_text ul_item_indent=\u00a0\u00bb8px\u00a0\u00bb admin_label=\u00a0\u00bbMenu\u00a0\u00bb _builder_version=\u00a0\u00bb4.24.3&Prime; global_colors_info=\u00a0\u00bb{}\u00a0\u00bb]<ul>\r\n<li><strong><a href=\"#newreseller\">Nouveaux revendeurs<\/a><\/strong><\/li>\r\n<li><strong><a href=\"#rsk\">Kit de d\u00e9marrage pour revendeur<\/a><\/strong><\/li>\r\n<li><a href=\"#products\"><strong>Nos produits<\/strong><\/a><\/li>\r\n<li><a href=\"#licensing\"><strong>Options d&rsquo;achat<\/strong><\/a><\/li>\r\n<li><a href=\"#subscription\"><strong>Processus de vente d&rsquo;abonnements<\/strong><\/a><\/li>\r\n<li><strong><a href=\"#ordering\">Commande et prix de vente<\/a><\/strong><\/li>\r\n<li><strong><a href=\"#discounts\">Remises pour les revendeurs<\/a><\/strong><\/li>\r\n<li><strong><a href=\"#marketing\">Marketing<\/a><\/strong><\/li>\r\n<\/ul>[\/et_pb_text][et_pb_divider _builder_version=\u00a0\u00bb4.16&Prime; global_colors_info=\u00a0\u00bb{}\u00a0\u00bb][\/et_pb_divider][et_pb_text admin_label=\u00a0\u00bbNew Resellers\u00a0\u00bb module_id=\u00a0\u00bbnewreseller\u00a0\u00bb _builder_version=\u00a0\u00bb4.16&Prime; global_colors_info=\u00a0\u00bb{}\u00a0\u00bb]<h2><strong>Nouveaux revendeurs<\/strong><\/h2>\r\n<p>Si vous souhaitez devenir revendeur officiel de Lands Design, ce qui suit vous concerne. <\/p>\r\n<p><strong>Nous vous demandons de  :<\/strong><\/p>\r\n<ol>\r\n<li>Consulter les <strong>conditions<\/strong> :\r\n<ul>\r\n<li>Les revendeurs doivent veiller \u00e0 ce que les informations sur Lands Design qu&rsquo;ils publient sur leur site Internet soient constamment \u00e0 jour.<\/li>\r\n<li>Nous offrons une garantie 100% satisfaction. Nous esp\u00e9rons que nos revendeurs offrent la m\u00eame chose.<\/li>\r\n<li>Nous incluons un service d&rsquo;assistance technique illimit\u00e9e pour les revendeurs et les utilisateurs.<\/li>\r\n<li>Les revendeurs peuvent vendre nos produits aux utilisateurs finaux ou \u00e0 d&rsquo;autres revendeurs dans leur pays (Pour vendre en dehors de votre pays, veuillez contacter AsuniCAD).<\/li>\r\n<\/ul>\r\n<\/li>\r\n<li>Remplissez le <strong><a href=\"https:\/\/rhinolands.com\/fr\/reseller\/application-form\/\">formulaire d&rsquo;inscription pour revendeur<\/a>.<\/strong><\/li>\r\n<li>Organisez une r\u00e9union en ligne avec un membre de l&rsquo;\u00e9quipe d&rsquo;Asuni pour voir une d\u00e9monstration compl\u00e8te de Lands Design. \u00c9crivez \u00e0 <a href=\"mailto:landsdesign@asuni.com\">landsdesign@asuni.com<\/a> pour organiser cette r\u00e9union.<\/li>\r\n<li>Commandez un <strong>Kit de d\u00e9marrage pour revendeur<\/strong> de Lands Design dans la boutique d&rsquo;Asuni (les informations de connexion vous seront communiqu\u00e9es apr\u00e8s avoir rempli le formulaire d&rsquo;inscription). Cela n&rsquo;est pas obligatoire si vous \u00eates d\u00e9j\u00e0 revendeur de VisualARQ.<\/li>\r\n<li>Actualisez votre site Internet en publiant des informations sur Lands Design. Pour cela, utilisez le <a href=\"#marketing\">mat\u00e9riel de marketing<\/a>. \r\n<\/li>\r\n<\/ol>\r\n<p><strong>Ce que nous vous offrons<\/strong><\/p>\r\n<ul>\r\n<li>Vos coordonn\u00e9es sont publi\u00e9es sur la <a href=\"https:\/\/rhinolands.com\/fr\/sales\/\">page de vente<\/a> de notre site pour que nos clients puissent vous trouver. <\/li>\r\n<li>Nous vous soutenons lors de vos \u00e9v\u00e9nements, pour vos bulletins d&rsquo;informations et toute autre strat\u00e9gie de marketing. <\/li>\r\n<li>Nous restons \u00e0 votre disposition pour toute demande d&rsquo;assistance. <\/li>\r\n<li>Une licence Lab NFR de Lands Design (comprise dans le Kit pour revendeur).<\/li>\r\n<li>Une licence Lab NFR de <a href=\"https:\/\/www.visualarq.com\">VisualARQ<\/a><\/li>\r\n<\/ul>[\/et_pb_text][et_pb_divider _builder_version=\u00a0\u00bb4.16&Prime; global_colors_info=\u00a0\u00bb{}\u00a0\u00bb][\/et_pb_divider][et_pb_text admin_label=\u00a0\u00bbOrdering\u00a0\u00bb module_id=\u00a0\u00bbproducts\u00a0\u00bb _builder_version=\u00a0\u00bb4.24.3&Prime; global_colors_info=\u00a0\u00bb{}\u00a0\u00bb]<h2><strong>Nos produits<\/strong><\/h2>\r\n<p>Nous proposons deux produits avec une gamme de licences r\u00e9pondant \u00e0 des besoins vari\u00e9s, de l&rsquo;\u00e9ducation au commerce. Ces produits se r\u00e9partissent en deux cat\u00e9gories\u00a0:<\/p>\r\n<ul>\r\n<li>RhinoLands\u00a0: Un logiciel autonome (qui inclut Rhino 8)<\/li>\r\n<li>Module Lands Design\u00a0: Disponible en deux versions\u00a0: module pour AutoCAD et module pour Rhino.<\/li>\r\n<\/ul>\r\n<p><strong>Pourquoi RhinoLands ?<\/strong><br \/>Nous avons d\u00e9cid\u00e9 de d\u00e9velopper notre nouveau programme, RhinoLands, en tant que solution autonome incluant Rhino pour plusieurs raisons\u00a0:<\/p>\r\n<p>Apprentissage simplifi\u00e9\u00a0: Les nouveaux utilisateurs qui ne connaissent pas Rhino ont souvent du mal \u00e0 apprendre \u00e0 la fois Rhino et le module Lands Design. Ce double processus d&rsquo;apprentissage peut entraver leur capacit\u00e9 \u00e0 appr\u00e9hender efficacement Lands Design.<\/p>\r\n<p>Interface am\u00e9lior\u00e9e\u00a0: Rhino est dot\u00e9 de nombreuses barres d&rsquo;outils et de fonctionnalit\u00e9s qui d\u00e9passent le cadre de la conception et de la mod\u00e9lisation de paysages. Ce surplus d&rsquo;options est une source suppl\u00e9mentaire de complexit\u00e9 et a suscit\u00e9 des commentaires de la part des utilisateurs concernant un processus d&rsquo;apprentissage exigeant.<\/p>\r\n<p>Facilit\u00e9 de gestion\u00a0: La gestion de deux programmes distincts, y compris l&rsquo;installation, les mises \u00e0 jour et la compatibilit\u00e9, pr\u00e9sente des d\u00e9fis importants pour nos utilisateurs. Cette complexit\u00e9 nuit \u00e0 l&rsquo;exp\u00e9rience globale de l&rsquo;utilisateur et \u00e0 sa productivit\u00e9.<\/p>\r\n<p>En r\u00e9ponse \u00e0 ces d\u00e9fis, nous avons conclu que le d\u00e9veloppement d&rsquo;une solution autonome int\u00e9grant Rhino \u00e9tait l&rsquo;approche la plus efficace pour r\u00e9pondre aux besoins des utilisateurs et am\u00e9liorer la convivialit\u00e9.<\/p>[\/et_pb_text][et_pb_divider _builder_version=\u00a0\u00bb4.16&Prime; global_colors_info=\u00a0\u00bb{}\u00a0\u00bb][\/et_pb_divider][et_pb_text admin_label=\u00a0\u00bbReseller Starter Kit\u00a0\u00bb module_id=\u00a0\u00bbrsk\u00a0\u00bb _builder_version=\u00a0\u00bb4.16&Prime; global_colors_info=\u00a0\u00bb{}\u00a0\u00bb]<h2><strong>Kit de d\u00e9marrage pour revendeur<\/strong><\/h2>\r\n<p>Le kit de d\u00e9marrage pour revendeur de Lands Design co\u00fbte US$795 et comprend :<\/p>\r\n<ul>\r\n<li>Une version LAB <strong>interdite \u00e0 la revente<\/strong> de Lands Design pour vous.<\/li>\r\n<li>Une version LAB <strong>interdite \u00e0 la revente<\/strong> de VisualARQ pour vous.<\/li>\r\n<li>Deux licences commerciales de Lands Design <strong>pour la revente<\/strong>.<\/li>\r\n<\/ul>[\/et_pb_text][et_pb_divider _builder_version=\u00a0\u00bb4.16&Prime; global_colors_info=\u00a0\u00bb{}\u00a0\u00bb][\/et_pb_divider][et_pb_text admin_label=\u00a0\u00bbOrdering\u00a0\u00bb module_id=\u00a0\u00bblicensing\u00a0\u00bb _builder_version=\u00a0\u00bb4.24.3&Prime; global_colors_info=\u00a0\u00bb{}\u00a0\u00bb]<h2><strong>Options d&rsquo;achat<\/strong><\/h2>\r\n<p>Nous proposons des licences perp\u00e9tuelles pour tous les types de licences, ainsi que des abonnements mensuels et annuels pour les licences commerciales, qui conviennent \u00e0 la fois pour une utilisation temporaire et \u00e0 long terme du logiciel.<\/p>\r\n<p><strong>Pourquoi choisir un abonnement\u00a0?<\/strong><br \/>Apr\u00e8s avoir analys\u00e9 le march\u00e9 au cours des derni\u00e8res ann\u00e9es, nous avons conclu que proposer des formules d&rsquo;abonnement pouvait consid\u00e9rablement augmenter notre base de clients.<\/p>\r\n<p>Nous avons choisi de proposer des abonnements mensuels et annuels, destin\u00e9s aux architectes paysagistes ind\u00e9pendants et aux petites entreprises. Ils b\u00e9n\u00e9ficient ainsi d&rsquo;une plus grande accessibilit\u00e9 financi\u00e8re et d&rsquo;une plus grande souplesse, ce qui leur permet d&rsquo;utiliser temporairement des logiciels, d&rsquo;\u00eatre \u00e9volutifs et d&rsquo;acc\u00e9der aux derni\u00e8res fonctionnalit\u00e9s sans co\u00fbts suppl\u00e9mentaires.<\/p>[\/et_pb_text][et_pb_divider _builder_version=\u00a0\u00bb4.16&Prime; global_colors_info=\u00a0\u00bb{}\u00a0\u00bb][\/et_pb_divider][et_pb_text admin_label=\u00a0\u00bbOrdering\u00a0\u00bb module_id=\u00a0\u00bbsubscription\u00a0\u00bb _builder_version=\u00a0\u00bb4.24.3&Prime; hover_enabled=\u00a0\u00bb0&Prime; global_colors_info=\u00a0\u00bb{}\u00a0\u00bb sticky_enabled=\u00a0\u00bb0&Prime;]<h2><strong>Processus de vente d&rsquo;abonnements<\/strong><\/h2>\r\n<p>Sur demande, chacun de nos revendeurs recevra un <strong>lien d&rsquo;affiliation<\/strong>. Ce lien s&rsquo;affichera dans leur boutique. Lorsqu&rsquo;un client cliquera sur ce lien et effectuera un achat dans la boutique Asuni, nous serons en mesure d&rsquo;attribuer la vente \u00e0 la boutique d&rsquo;origine, ce qui garantit que le revendeur recevra le paiement de sa commission.<\/p>[\/et_pb_text][et_pb_divider _builder_version=\u00a0\u00bb4.16&Prime; global_colors_info=\u00a0\u00bb{}\u00a0\u00bb][\/et_pb_divider][et_pb_text admin_label=\u00a0\u00bbOrdering\u00a0\u00bb module_id=\u00a0\u00bbordering\u00a0\u00bb _builder_version=\u00a0\u00bb4.16&Prime; global_colors_info=\u00a0\u00bb{}\u00a0\u00bb]<h2><strong>Commande et prix de vente<\/strong><\/h2>\r\nR\u00e9serv\u00e9 aux revendeurs. Les commandes de Lands Design sont g\u00e9r\u00e9es en ligne \u00e0 travers la <strong><a href=\"https:\/\/shop.asuni.com\/\">boutique d&rsquo;Asuni<\/a><\/strong>. La boutique d&rsquo;Asuni calcule les remises pour les revendeurs en fonction de la quantit\u00e9 command\u00e9e et permet de payer par carte bancaire ou virement. Vous recevrez un nom d&rsquo;utilisateur et un mot de passe d\u00e8s que vous deviendrez revendeur de Lands Design.\r\n\r\nRendez-vous sur le site de la <strong><a href=\"https:\/\/shop.asuni.com\/\">boutique d&rsquo;Asuni<\/a><\/strong>.\r\n\r\nConsultez la liste des prix de Lands Design <a href=\"https:\/\/rhinolands.com\/fr\/sales\/\">ici<\/a>.[\/et_pb_text][et_pb_divider _builder_version=\u00a0\u00bb4.16&Prime; global_colors_info=\u00a0\u00bb{}\u00a0\u00bb][\/et_pb_divider][et_pb_text admin_label=\u00a0\u00bbDiscounts\u00a0\u00bb module_id=\u00a0\u00bbdiscounts\u00a0\u00bb _builder_version=\u00a0\u00bb4.24.2&Prime; global_colors_info=\u00a0\u00bb{}\u00a0\u00bb]<h2><strong>Remises<\/strong><\/h2>\r\n<p>Les remises pour les revendeurs sont calcul\u00e9es en fonction des quantit\u00e9s command\u00e9es :<\/p>\r\n<table id=\"table1\" border=\"0\" cellspacing=\"0\" cellpadding=\"0\">\r\n<tbody>\r\n<tr>\r\n<td colspan=\"2\" valign=\"top\"><strong>Licences \u00e9ducation et commerciales perp\u00e9tuelles<\/strong><\/td>\r\n<\/tr>\r\n<tr>\r\n<td valign=\"top\">Quantit\u00e9<\/td>\r\n<td valign=\"top\">Remise<\/td>\r\n<\/tr>\r\n<tr>\r\n<td valign=\"top\">1<\/td>\r\n<td valign=\"top\">15 %<\/td>\r\n<\/tr>\r\n<tr>\r\n<td valign=\"top\">2-9<\/td>\r\n<td valign=\"top\">25\u00a0%<\/td>\r\n<\/tr>\r\n<tr>\r\n<td valign=\"top\">10+<\/td>\r\n<td valign=\"top\">35 %<\/td>\r\n<\/tr>\r\n<\/tbody>\r\n<\/table>\r\n<p>&nbsp;<\/p>\r\n<table id=\"table1\" border=\"0\" cellspacing=\"0\" cellpadding=\"0\">\r\n<tbody>\r\n<tr>\r\n<td colspan=\"2\" valign=\"top\"><strong>Licences Lab perp\u00e9tuelles et Kits \u00e9coles\u00a0<\/strong><\/td>\r\n<\/tr>\r\n<tr>\r\n<td valign=\"top\">Quantit\u00e9<\/td>\r\n<td valign=\"top\">Remise<\/td>\r\n<\/tr>\r\n<tr>\r\n<td valign=\"top\">1+<\/td>\r\n<td valign=\"top\">30 %<\/td>\r\n<\/tr>\r\n<\/tbody>\r\n<\/table>\r\n<p>&nbsp;<\/p>\r\n<table id=\"table1\" border=\"0\" cellspacing=\"0\" cellpadding=\"0\">\r\n<tbody>\r\n<tr>\r\n<td colspan=\"2\" valign=\"top\"><strong>Abonnements pour les licences commerciales<\/strong><\/td>\r\n<\/tr>\r\n<tr>\r\n<td colspan=\"2\"><span>Pour simplifier la vente d&rsquo;abonnements, chaque revendeur recevra un lien unique garantissant une attribution pr\u00e9cise des ventes et une r\u00e9partition automatis\u00e9e des commissions. Cette approche limite les complications li\u00e9es au paiement.<\/span><strong><br \/><\/strong><\/td>\r\n<\/tr>\r\n<tr>\r\n<td valign=\"top\">1+<\/td>\r\n<td valign=\"top\">20%<\/td>\r\n<\/tr>\r\n<\/tbody>\r\n<\/table>[\/et_pb_text][et_pb_divider _builder_version=\u00a0\u00bb4.16&Prime; global_colors_info=\u00a0\u00bb{}\u00a0\u00bb][\/et_pb_divider][et_pb_text admin_label=\u00a0\u00bbMarketing\u00a0\u00bb module_id=\u00a0\u00bbmarketing\u00a0\u00bb _builder_version=\u00a0\u00bb4.16&Prime; global_colors_info=\u00a0\u00bb{}\u00a0\u00bb]<h2><strong>Marketing<\/strong><\/h2>\r\n<p>Mat\u00e9riel commercial pour votre site Internet, vos d\u00e9monstrations et vos pr\u00e9sentations\u00a0:<\/p>\r\n<ul>\r\n<li><a href=\"https:\/\/www.flickr.com\/photos\/43552453@N02\" target=\"_blank\" rel=\"noopener noreferrer\">Images (Lands Design sur Flickr)<\/a><\/li>\r\n<li><a href=\"https:\/\/www.youtube.com\/user\/AsuniLands\" target=\"_blank\" rel=\"noopener noreferrer\">Vid\u00e9os (Lands Design sur YouTube)<\/a><\/li>\r\n<li><a href=\"https:\/\/rhinolands.com\/fr\/reseller\/marketing\/\">Marketing (logos)<\/a><\/li>\r\n<\/ul>[\/et_pb_text][\/et_pb_column][\/et_pb_row][\/et_pb_section]","protected":false},"excerpt":{"rendered":"<p>Nouveaux revendeurs Kit de d\u00e9marrage pour revendeur Nos produits Options d&rsquo;achat Processus de vente d&rsquo;abonnements Commande et prix de vente Remises pour les revendeurs Marketing Nouveaux revendeurs Si vous souhaitez devenir revendeur officiel de Lands Design, ce qui suit vous concerne. Nous vous demandons de : Consulter les conditions : Les revendeurs doivent veiller \u00e0 [&hellip;]<\/p>\n","protected":false},"author":1,"featured_media":0,"parent":0,"menu_order":998,"comment_status":"closed","ping_status":"closed","template":"","meta":{"_et_pb_use_builder":"on","_et_pb_old_content":"","_et_gb_content_width":"","footnotes":""},"class_list":["post-60147","page","type-page","status-publish","hentry"],"yoast_head":"<!-- This site is optimized with the Yoast SEO plugin v27.3 - https:\/\/yoast.com\/product\/yoast-seo-wordpress\/ -->\n<title>Revendeur - RhinoLands<\/title>\n<meta name=\"robots\" content=\"index, follow, max-snippet:-1, max-image-preview:large, max-video-preview:-1\" \/>\n<link rel=\"canonical\" href=\"https:\/\/rhinolands.com\/fr\/reseller\/\" \/>\n<meta property=\"og:locale\" content=\"fr_FR\" \/>\n<meta property=\"og:type\" content=\"article\" \/>\n<meta property=\"og:title\" content=\"Revendeur - RhinoLands\" \/>\n<meta property=\"og:description\" content=\"Nouveaux revendeurs Kit de d\u00e9marrage pour revendeur Nos produits Options d&#039;achat Processus de vente d&#039;abonnements Commande et prix de vente Remises pour les revendeurs Marketing Nouveaux revendeurs Si vous souhaitez devenir revendeur officiel de Lands Design, ce qui suit vous concerne. Nous vous demandons de : Consulter les conditions : Les revendeurs doivent veiller \u00e0 [&hellip;]\" \/>\n<meta property=\"og:url\" content=\"https:\/\/rhinolands.com\/fr\/reseller\/\" \/>\n<meta property=\"og:site_name\" content=\"RhinoLands\" \/>\n<meta property=\"article:modified_time\" content=\"2024-04-17T11:08:07+00:00\" \/>\n<meta name=\"twitter:card\" content=\"summary_large_image\" \/>\n<meta name=\"twitter:label1\" content=\"Dur\u00e9e de lecture estim\u00e9e\" \/>\n\t<meta name=\"twitter:data1\" content=\"7 minutes\" \/>\n<script type=\"application\/ld+json\" class=\"yoast-schema-graph\">{\"@context\":\"https:\\\/\\\/schema.org\",\"@graph\":[{\"@type\":\"WebPage\",\"@id\":\"https:\\\/\\\/rhinolands.com\\\/fr\\\/reseller\\\/\",\"url\":\"https:\\\/\\\/rhinolands.com\\\/fr\\\/reseller\\\/\",\"name\":\"Revendeur - RhinoLands\",\"isPartOf\":{\"@id\":\"https:\\\/\\\/rhinolands.com\\\/fr\\\/#website\"},\"datePublished\":\"2020-02-13T12:00:44+00:00\",\"dateModified\":\"2024-04-17T11:08:07+00:00\",\"breadcrumb\":{\"@id\":\"https:\\\/\\\/rhinolands.com\\\/fr\\\/reseller\\\/#breadcrumb\"},\"inLanguage\":\"fr-FR\",\"potentialAction\":[{\"@type\":\"ReadAction\",\"target\":[\"https:\\\/\\\/rhinolands.com\\\/fr\\\/reseller\\\/\"]}]},{\"@type\":\"BreadcrumbList\",\"@id\":\"https:\\\/\\\/rhinolands.com\\\/fr\\\/reseller\\\/#breadcrumb\",\"itemListElement\":[{\"@type\":\"ListItem\",\"position\":1,\"name\":\"Home\",\"item\":\"https:\\\/\\\/rhinolands.com\\\/fr\\\/\"},{\"@type\":\"ListItem\",\"position\":2,\"name\":\"Revendeur\"}]},{\"@type\":\"WebSite\",\"@id\":\"https:\\\/\\\/rhinolands.com\\\/fr\\\/#website\",\"url\":\"https:\\\/\\\/rhinolands.com\\\/fr\\\/\",\"name\":\"RhinoLands\",\"description\":\"BIM landscape software\",\"publisher\":{\"@id\":\"https:\\\/\\\/rhinolands.com\\\/fr\\\/#organization\"},\"potentialAction\":[{\"@type\":\"SearchAction\",\"target\":{\"@type\":\"EntryPoint\",\"urlTemplate\":\"https:\\\/\\\/rhinolands.com\\\/fr\\\/?s={search_term_string}\"},\"query-input\":{\"@type\":\"PropertyValueSpecification\",\"valueRequired\":true,\"valueName\":\"search_term_string\"}}],\"inLanguage\":\"fr-FR\"},{\"@type\":\"Organization\",\"@id\":\"https:\\\/\\\/rhinolands.com\\\/fr\\\/#organization\",\"name\":\"Asuni Soft\",\"url\":\"https:\\\/\\\/rhinolands.com\\\/fr\\\/\",\"logo\":{\"@type\":\"ImageObject\",\"inLanguage\":\"fr-FR\",\"@id\":\"https:\\\/\\\/rhinolands.com\\\/fr\\\/#\\\/schema\\\/logo\\\/image\\\/\",\"url\":\"https:\\\/\\\/rhinolands.com\\\/wp-content\\\/uploads\\\/2020\\\/02\\\/AsuniLogoFinal-01.png\",\"contentUrl\":\"https:\\\/\\\/rhinolands.com\\\/wp-content\\\/uploads\\\/2020\\\/02\\\/AsuniLogoFinal-01.png\",\"width\":151,\"height\":46,\"caption\":\"Asuni Soft\"},\"image\":{\"@id\":\"https:\\\/\\\/rhinolands.com\\\/fr\\\/#\\\/schema\\\/logo\\\/image\\\/\"}}]}<\/script>\n<!-- \/ Yoast SEO plugin. -->","yoast_head_json":{"title":"Revendeur - RhinoLands","robots":{"index":"index","follow":"follow","max-snippet":"max-snippet:-1","max-image-preview":"max-image-preview:large","max-video-preview":"max-video-preview:-1"},"canonical":"https:\/\/rhinolands.com\/fr\/reseller\/","og_locale":"fr_FR","og_type":"article","og_title":"Revendeur - RhinoLands","og_description":"Nouveaux revendeurs Kit de d\u00e9marrage pour revendeur Nos produits Options d'achat Processus de vente d'abonnements Commande et prix de vente Remises pour les revendeurs Marketing Nouveaux revendeurs Si vous souhaitez devenir revendeur officiel de Lands Design, ce qui suit vous concerne. Nous vous demandons de : Consulter les conditions : Les revendeurs doivent veiller \u00e0 [&hellip;]","og_url":"https:\/\/rhinolands.com\/fr\/reseller\/","og_site_name":"RhinoLands","article_modified_time":"2024-04-17T11:08:07+00:00","twitter_card":"summary_large_image","twitter_misc":{"Dur\u00e9e de lecture estim\u00e9e":"7 minutes"},"schema":{"@context":"https:\/\/schema.org","@graph":[{"@type":"WebPage","@id":"https:\/\/rhinolands.com\/fr\/reseller\/","url":"https:\/\/rhinolands.com\/fr\/reseller\/","name":"Revendeur - RhinoLands","isPartOf":{"@id":"https:\/\/rhinolands.com\/fr\/#website"},"datePublished":"2020-02-13T12:00:44+00:00","dateModified":"2024-04-17T11:08:07+00:00","breadcrumb":{"@id":"https:\/\/rhinolands.com\/fr\/reseller\/#breadcrumb"},"inLanguage":"fr-FR","potentialAction":[{"@type":"ReadAction","target":["https:\/\/rhinolands.com\/fr\/reseller\/"]}]},{"@type":"BreadcrumbList","@id":"https:\/\/rhinolands.com\/fr\/reseller\/#breadcrumb","itemListElement":[{"@type":"ListItem","position":1,"name":"Home","item":"https:\/\/rhinolands.com\/fr\/"},{"@type":"ListItem","position":2,"name":"Revendeur"}]},{"@type":"WebSite","@id":"https:\/\/rhinolands.com\/fr\/#website","url":"https:\/\/rhinolands.com\/fr\/","name":"RhinoLands","description":"BIM landscape software","publisher":{"@id":"https:\/\/rhinolands.com\/fr\/#organization"},"potentialAction":[{"@type":"SearchAction","target":{"@type":"EntryPoint","urlTemplate":"https:\/\/rhinolands.com\/fr\/?s={search_term_string}"},"query-input":{"@type":"PropertyValueSpecification","valueRequired":true,"valueName":"search_term_string"}}],"inLanguage":"fr-FR"},{"@type":"Organization","@id":"https:\/\/rhinolands.com\/fr\/#organization","name":"Asuni Soft","url":"https:\/\/rhinolands.com\/fr\/","logo":{"@type":"ImageObject","inLanguage":"fr-FR","@id":"https:\/\/rhinolands.com\/fr\/#\/schema\/logo\/image\/","url":"https:\/\/rhinolands.com\/wp-content\/uploads\/2020\/02\/AsuniLogoFinal-01.png","contentUrl":"https:\/\/rhinolands.com\/wp-content\/uploads\/2020\/02\/AsuniLogoFinal-01.png","width":151,"height":46,"caption":"Asuni Soft"},"image":{"@id":"https:\/\/rhinolands.com\/fr\/#\/schema\/logo\/image\/"}}]}},"_links":{"self":[{"href":"https:\/\/rhinolands.com\/fr\/wp-json\/wp\/v2\/pages\/60147","targetHints":{"allow":["GET"]}}],"collection":[{"href":"https:\/\/rhinolands.com\/fr\/wp-json\/wp\/v2\/pages"}],"about":[{"href":"https:\/\/rhinolands.com\/fr\/wp-json\/wp\/v2\/types\/page"}],"author":[{"embeddable":true,"href":"https:\/\/rhinolands.com\/fr\/wp-json\/wp\/v2\/users\/1"}],"replies":[{"embeddable":true,"href":"https:\/\/rhinolands.com\/fr\/wp-json\/wp\/v2\/comments?post=60147"}],"version-history":[{"count":3,"href":"https:\/\/rhinolands.com\/fr\/wp-json\/wp\/v2\/pages\/60147\/revisions"}],"predecessor-version":[{"id":81180,"href":"https:\/\/rhinolands.com\/fr\/wp-json\/wp\/v2\/pages\/60147\/revisions\/81180"}],"wp:attachment":[{"href":"https:\/\/rhinolands.com\/fr\/wp-json\/wp\/v2\/media?parent=60147"}],"curies":[{"name":"wp","href":"https:\/\/api.w.org\/{rel}","templated":true}]}}