{"id":61831,"date":"2020-02-24T13:04:58","date_gmt":"2020-02-24T13:04:58","guid":{"rendered":"https:\/\/rhinolands.com\/learn\/lands-design-grasshopper-components\/"},"modified":"2022-03-30T17:40:43","modified_gmt":"2022-03-30T15:40:43","slug":"lands-gh-components","status":"publish","type":"page","link":"https:\/\/rhinolands.com\/fr\/learn\/lands-gh-components\/","title":{"rendered":"Lands Design Grasshopper Components"},"content":{"rendered":"[et_pb_section fb_built=\u00a0\u00bb1&Prime; _builder_version=\u00a0\u00bb4.2&Prime; global_colors_info=\u00a0\u00bb{}\u00a0\u00bb][et_pb_row _builder_version=\u00a0\u00bb4.2&Prime; global_colors_info=\u00a0\u00bb{}\u00a0\u00bb][et_pb_column type=\u00a0\u00bb4_4&Prime; _builder_version=\u00a0\u00bb4.2&Prime; global_colors_info=\u00a0\u00bb{}\u00a0\u00bb][et_pb_post_title meta=\u00a0\u00bboff\u00a0\u00bb featured_image=\u00a0\u00bboff\u00a0\u00bb _builder_version=\u00a0\u00bb4.2&Prime; global_colors_info=\u00a0\u00bb{}\u00a0\u00bb][\/et_pb_post_title][et_pb_image src=\u00a0\u00bbhttps:\/\/rhinolands.com\/wp-content\/uploads\/2020\/01\/lands_gh_ribbon.png\u00a0\u00bb _builder_version=\u00a0\u00bb4.2&Prime; global_colors_info=\u00a0\u00bb{}\u00a0\u00bb][\/et_pb_image][et_pb_text _builder_version=\u00a0\u00bb4.4.1&Prime; global_colors_info=\u00a0\u00bb{}\u00a0\u00bb]<p>Les composants de Grasshopper pour Lands sont des outils de Lands Design tels que les plantes, les for\u00eats ou les terrains, disponibles dans Grasshopper. Ils permettent d&apos;automatiser un grand nombre de t\u00e2ches de mod\u00e9lisation dans Rhino et Grasshopper. <\/p><p>Mais au fait\u2026.<\/p><h3>Qu&apos;est-ce que Grasshopper ?<\/h3><p><a href=\"https:\/\/www.grasshopper3d.com\/\">Grasshopper<\/a> est un \u00e9diteur graphique d&apos;algorithmes int\u00e9gr\u00e9 dans Rhino.<\/p><p>Contrairement \u00e0 tout autre langage de programmation, Grasshopper ne demande aucune connaissance en programmation ou \u00e9criture de scripts, mais il permet tout de m\u00eame aux d\u00e9veloppeurs et dessinateurs de mettre au point des algorithmes de g\u00e9n\u00e9ration de forme.<\/p><p>Il est recommand\u00e9 d&apos;avoir des connaissances de base de Grasshopper avant d&apos;utiliser Lands Grasshopper Components. <\/p><ul><li style=\"font-weight: 400;\"><a href=\"https:\/\/vimeopro.com\/rhino\/grasshopper-getting-started-by-david-rutten\">Vid\u00e9os de prise en main<\/a> (par David Rutten)<\/li><\/ul><br><h3>Documentation :<\/h3><p>Retrouvez la liste compl\u00e8te et la description des composants de Lands pour Grasshopper sur le site <a href=\"http:\/\/grasshopperdocs.com\/addons\/lands-design.html\">Grasshopper.docs<\/a>. <\/p><br><h3>Prise en main :<\/h3><p>Vous trouverez ici quelques tutoriels simples pour commencer \u00e0 utiliser Lands Grasshopper Components. <br \/>Lancez la commande Grasshopper pour lancer Grasshopper. <\/p><p>Les composants de Lands sont affich\u00e9s dans l&apos;onglet Lands de l&apos;interface de Grasshopper. Si l&apos;onglet Lands n&apos;appara\u00eet pas, Lands Design n&apos;a pas \u00e9t\u00e9 correctement charg\u00e9 dans Rhino. Fermez Grasshopper et chargez Lands dans Rhino (en tapant une commande de Lands (par exemple \u201c_laPlante\u201c)).<\/p>[\/et_pb_text][et_pb_text admin_label=\u00a0\u00bbVideo tutorials\u00a0\u00bb _builder_version=\u00a0\u00bb4.14.8&Prime; hover_enabled=\u00a0\u00bb0&Prime; global_colors_info=\u00a0\u00bb{}\u00a0\u00bb sticky_enabled=\u00a0\u00bb0&Prime;]<h3>Tutoriels vid\u00e9o :<\/h3><ul><li>Tutoriel 1 : <strong> <a href=\"https:\/\/www.youtube.com\/watch?v=42lYyJPhCeA&#038;list=PLBKOaJp17CZonPD79EVh3BjClXk9LlTuW&#038;index=1\" target=\"_blank\" rel=\"noopener noreferrer\">Pr\u00e9sentation de l&apos;interface<\/a><\/strong><\/li><li>Tutoriel 2 : <strong><a href=\"https:\/\/www.youtube.com\/watch?v=KaS0it3TH5w&#038;list=PLBKOaJp17CZonPD79EVh3BjClXk9LlTuW&#038;index=2\" target=\"_blank\" rel=\"noopener noreferrer\">Ins\u00e9rer une plante<\/a><\/strong><\/li><li>Tutoriel 3 : <strong><a href=\"https:\/\/www.youtube.com\/watch?v=ZMP3c3MZPHQ&#038;list=PLBKOaJp17CZonPD79EVh3BjClXk9LlTuW&#038;index=3\" target=\"_blank\" rel=\"noopener noreferrer\">Ins\u00e9rer des plantes dans une r\u00e9gion<\/a><\/strong><\/li><li>Tutoriel 4 : <strong><a href=\"https:\/\/www.youtube.com\/watch?v=XND7s35A8HU&#038;list=PLBKOaJp17CZonPD79EVh3BjClXk9LlTuW&#038;index=4\" target=\"_blank\" rel=\"noopener noreferrer\">Cr\u00e9er un for\u00eat<\/a><\/strong><\/li><li>Tutoriel 5 : <strong><a href=\"https:\/\/www.youtube.com\/watch?v=PtSpPrOzFns&#038;list=PLBKOaJp17CZonPD79EVh3BjClXk9LlTuW&#038;index=5\" target=\"_blank\" rel=\"noopener noreferrer\">Cr\u00e9er un terrain \u00e0 partir d&apos;une surface<\/a><\/strong><\/li><li>Tutoriel 6 : <strong><a href=\"https:\/\/www.youtube.com\/watch?v=B3cpC-TtUL4&#038;list=PLBKOaJp17CZonPD79EVh3BjClXk9LlTuW&#038;index=6\" target=\"_blank\" rel=\"noopener noreferrer\">Ajouter un chemin sur un terrain<\/a><\/strong><\/li><\/ul>[\/et_pb_text][et_pb_text _builder_version=\u00a0\u00bb4.9.4&Prime; hover_enabled=\u00a0\u00bb0&Prime; global_colors_info=\u00a0\u00bb{}\u00a0\u00bb sticky_enabled=\u00a0\u00bb0&Prime;]<h3>Autres exemples<\/h3><p>Retrouvez dans les vid\u00e9os suivantes des exemples de ce que vous pouvez faire avec Lands Grasshopper Components :<\/p><ul><li><a href=\"https:\/\/youtu.be\/cm-UB1xAilI\">Distribuer des plantes dans 4 r\u00e9gions<\/a><\/li><li><a href=\"https:\/\/youtu.be\/Y1tKetTLy3Y\">Analyse des conflits pour les plantes et b\u00e2timents<\/a><\/li><\/ul><p>\u00a0<\/p><h3>Des fonctions vous manquent ?<\/h3><p>Tous les outils de Lands Design ne sont pas disponible sous forme de composant dans Grasshopper. Si vous avez besoin d&apos;une fonction en particulier, dites-le nous en \u00e9crivant \u00e0 landsdesign@asuni.com.<\/p>[\/et_pb_text][\/et_pb_column][\/et_pb_row][\/et_pb_section]","protected":false},"excerpt":{"rendered":"<p>Les composants de Grasshopper pour Lands sont des outils de Lands Design tels que les plantes, les for\u00eats ou les terrains, disponibles dans Grasshopper. Ils permettent d&apos;automatiser un grand nombre de t\u00e2ches de mod\u00e9lisation dans Rhino et Grasshopper. Mais au fait\u2026.Qu&apos;est-ce que Grasshopper ?Grasshopper est un \u00e9diteur graphique d&apos;algorithmes int\u00e9gr\u00e9 dans Rhino.Contrairement \u00e0 tout autre [&hellip;]<\/p>\n","protected":false},"author":1,"featured_media":0,"parent":60128,"menu_order":0,"comment_status":"closed","ping_status":"closed","template":"","meta":{"_et_pb_use_builder":"on","_et_pb_old_content":"","_et_gb_content_width":"","footnotes":""},"class_list":["post-61831","page","type-page","status-publish","hentry"],"yoast_head":"<!-- This site is optimized with the Yoast SEO plugin v27.3 - https:\/\/yoast.com\/product\/yoast-seo-wordpress\/ -->\n<title>Lands Design Grasshopper Components - RhinoLands<\/title>\n<meta name=\"robots\" content=\"index, follow, max-snippet:-1, max-image-preview:large, max-video-preview:-1\" \/>\n<link rel=\"canonical\" href=\"https:\/\/rhinolands.com\/fr\/learn\/lands-gh-components\/\" \/>\n<meta property=\"og:locale\" content=\"fr_FR\" \/>\n<meta property=\"og:type\" content=\"article\" \/>\n<meta property=\"og:title\" content=\"Lands Design Grasshopper Components - RhinoLands\" \/>\n<meta property=\"og:description\" content=\"Les composants de Grasshopper pour Lands sont des outils de Lands Design tels que les plantes, les for\u00eats ou les terrains, disponibles dans Grasshopper. Ils permettent d&amp;apos;automatiser un grand nombre de t\u00e2ches de mod\u00e9lisation dans Rhino et Grasshopper. Mais au fait\u2026.Qu&amp;apos;est-ce que Grasshopper ?Grasshopper est un \u00e9diteur graphique d&amp;apos;algorithmes int\u00e9gr\u00e9 dans Rhino.Contrairement \u00e0 tout autre [&hellip;]\" \/>\n<meta property=\"og:url\" content=\"https:\/\/rhinolands.com\/fr\/learn\/lands-gh-components\/\" \/>\n<meta property=\"og:site_name\" content=\"RhinoLands\" \/>\n<meta property=\"article:modified_time\" content=\"2022-03-30T15:40:43+00:00\" \/>\n<meta name=\"twitter:card\" content=\"summary_large_image\" \/>\n<meta name=\"twitter:label1\" content=\"Dur\u00e9e de lecture estim\u00e9e\" \/>\n\t<meta name=\"twitter:data1\" content=\"2 minutes\" \/>\n<script type=\"application\/ld+json\" class=\"yoast-schema-graph\">{\"@context\":\"https:\\\/\\\/schema.org\",\"@graph\":[{\"@type\":\"WebPage\",\"@id\":\"https:\\\/\\\/rhinolands.com\\\/fr\\\/learn\\\/lands-gh-components\\\/\",\"url\":\"https:\\\/\\\/rhinolands.com\\\/fr\\\/learn\\\/lands-gh-components\\\/\",\"name\":\"Lands Design Grasshopper Components - RhinoLands\",\"isPartOf\":{\"@id\":\"https:\\\/\\\/rhinolands.com\\\/fr\\\/#website\"},\"datePublished\":\"2020-02-24T13:04:58+00:00\",\"dateModified\":\"2022-03-30T15:40:43+00:00\",\"breadcrumb\":{\"@id\":\"https:\\\/\\\/rhinolands.com\\\/fr\\\/learn\\\/lands-gh-components\\\/#breadcrumb\"},\"inLanguage\":\"fr-FR\",\"potentialAction\":[{\"@type\":\"ReadAction\",\"target\":[\"https:\\\/\\\/rhinolands.com\\\/fr\\\/learn\\\/lands-gh-components\\\/\"]}]},{\"@type\":\"BreadcrumbList\",\"@id\":\"https:\\\/\\\/rhinolands.com\\\/fr\\\/learn\\\/lands-gh-components\\\/#breadcrumb\",\"itemListElement\":[{\"@type\":\"ListItem\",\"position\":1,\"name\":\"Home\",\"item\":\"https:\\\/\\\/rhinolands.com\\\/fr\\\/\"},{\"@type\":\"ListItem\",\"position\":2,\"name\":\"Apprendre\",\"item\":\"https:\\\/\\\/rhinolands.com\\\/fr\\\/learn\\\/\"},{\"@type\":\"ListItem\",\"position\":3,\"name\":\"Lands Design Grasshopper Components\"}]},{\"@type\":\"WebSite\",\"@id\":\"https:\\\/\\\/rhinolands.com\\\/fr\\\/#website\",\"url\":\"https:\\\/\\\/rhinolands.com\\\/fr\\\/\",\"name\":\"RhinoLands\",\"description\":\"BIM landscape software\",\"publisher\":{\"@id\":\"https:\\\/\\\/rhinolands.com\\\/fr\\\/#organization\"},\"potentialAction\":[{\"@type\":\"SearchAction\",\"target\":{\"@type\":\"EntryPoint\",\"urlTemplate\":\"https:\\\/\\\/rhinolands.com\\\/fr\\\/?s={search_term_string}\"},\"query-input\":{\"@type\":\"PropertyValueSpecification\",\"valueRequired\":true,\"valueName\":\"search_term_string\"}}],\"inLanguage\":\"fr-FR\"},{\"@type\":\"Organization\",\"@id\":\"https:\\\/\\\/rhinolands.com\\\/fr\\\/#organization\",\"name\":\"Asuni Soft\",\"url\":\"https:\\\/\\\/rhinolands.com\\\/fr\\\/\",\"logo\":{\"@type\":\"ImageObject\",\"inLanguage\":\"fr-FR\",\"@id\":\"https:\\\/\\\/rhinolands.com\\\/fr\\\/#\\\/schema\\\/logo\\\/image\\\/\",\"url\":\"https:\\\/\\\/rhinolands.com\\\/wp-content\\\/uploads\\\/2020\\\/02\\\/AsuniLogoFinal-01.png\",\"contentUrl\":\"https:\\\/\\\/rhinolands.com\\\/wp-content\\\/uploads\\\/2020\\\/02\\\/AsuniLogoFinal-01.png\",\"width\":151,\"height\":46,\"caption\":\"Asuni Soft\"},\"image\":{\"@id\":\"https:\\\/\\\/rhinolands.com\\\/fr\\\/#\\\/schema\\\/logo\\\/image\\\/\"}}]}<\/script>\n<!-- \/ Yoast SEO plugin. -->","yoast_head_json":{"title":"Lands Design Grasshopper Components - RhinoLands","robots":{"index":"index","follow":"follow","max-snippet":"max-snippet:-1","max-image-preview":"max-image-preview:large","max-video-preview":"max-video-preview:-1"},"canonical":"https:\/\/rhinolands.com\/fr\/learn\/lands-gh-components\/","og_locale":"fr_FR","og_type":"article","og_title":"Lands Design Grasshopper Components - RhinoLands","og_description":"Les composants de Grasshopper pour Lands sont des outils de Lands Design tels que les plantes, les for\u00eats ou les terrains, disponibles dans Grasshopper. Ils permettent d&apos;automatiser un grand nombre de t\u00e2ches de mod\u00e9lisation dans Rhino et Grasshopper. Mais au fait\u2026.Qu&apos;est-ce que Grasshopper ?Grasshopper est un \u00e9diteur graphique d&apos;algorithmes int\u00e9gr\u00e9 dans Rhino.Contrairement \u00e0 tout autre [&hellip;]","og_url":"https:\/\/rhinolands.com\/fr\/learn\/lands-gh-components\/","og_site_name":"RhinoLands","article_modified_time":"2022-03-30T15:40:43+00:00","twitter_card":"summary_large_image","twitter_misc":{"Dur\u00e9e de lecture estim\u00e9e":"2 minutes"},"schema":{"@context":"https:\/\/schema.org","@graph":[{"@type":"WebPage","@id":"https:\/\/rhinolands.com\/fr\/learn\/lands-gh-components\/","url":"https:\/\/rhinolands.com\/fr\/learn\/lands-gh-components\/","name":"Lands Design Grasshopper Components - RhinoLands","isPartOf":{"@id":"https:\/\/rhinolands.com\/fr\/#website"},"datePublished":"2020-02-24T13:04:58+00:00","dateModified":"2022-03-30T15:40:43+00:00","breadcrumb":{"@id":"https:\/\/rhinolands.com\/fr\/learn\/lands-gh-components\/#breadcrumb"},"inLanguage":"fr-FR","potentialAction":[{"@type":"ReadAction","target":["https:\/\/rhinolands.com\/fr\/learn\/lands-gh-components\/"]}]},{"@type":"BreadcrumbList","@id":"https:\/\/rhinolands.com\/fr\/learn\/lands-gh-components\/#breadcrumb","itemListElement":[{"@type":"ListItem","position":1,"name":"Home","item":"https:\/\/rhinolands.com\/fr\/"},{"@type":"ListItem","position":2,"name":"Apprendre","item":"https:\/\/rhinolands.com\/fr\/learn\/"},{"@type":"ListItem","position":3,"name":"Lands Design Grasshopper Components"}]},{"@type":"WebSite","@id":"https:\/\/rhinolands.com\/fr\/#website","url":"https:\/\/rhinolands.com\/fr\/","name":"RhinoLands","description":"BIM landscape software","publisher":{"@id":"https:\/\/rhinolands.com\/fr\/#organization"},"potentialAction":[{"@type":"SearchAction","target":{"@type":"EntryPoint","urlTemplate":"https:\/\/rhinolands.com\/fr\/?s={search_term_string}"},"query-input":{"@type":"PropertyValueSpecification","valueRequired":true,"valueName":"search_term_string"}}],"inLanguage":"fr-FR"},{"@type":"Organization","@id":"https:\/\/rhinolands.com\/fr\/#organization","name":"Asuni Soft","url":"https:\/\/rhinolands.com\/fr\/","logo":{"@type":"ImageObject","inLanguage":"fr-FR","@id":"https:\/\/rhinolands.com\/fr\/#\/schema\/logo\/image\/","url":"https:\/\/rhinolands.com\/wp-content\/uploads\/2020\/02\/AsuniLogoFinal-01.png","contentUrl":"https:\/\/rhinolands.com\/wp-content\/uploads\/2020\/02\/AsuniLogoFinal-01.png","width":151,"height":46,"caption":"Asuni Soft"},"image":{"@id":"https:\/\/rhinolands.com\/fr\/#\/schema\/logo\/image\/"}}]}},"_links":{"self":[{"href":"https:\/\/rhinolands.com\/fr\/wp-json\/wp\/v2\/pages\/61831","targetHints":{"allow":["GET"]}}],"collection":[{"href":"https:\/\/rhinolands.com\/fr\/wp-json\/wp\/v2\/pages"}],"about":[{"href":"https:\/\/rhinolands.com\/fr\/wp-json\/wp\/v2\/types\/page"}],"author":[{"embeddable":true,"href":"https:\/\/rhinolands.com\/fr\/wp-json\/wp\/v2\/users\/1"}],"replies":[{"embeddable":true,"href":"https:\/\/rhinolands.com\/fr\/wp-json\/wp\/v2\/comments?post=61831"}],"version-history":[{"count":3,"href":"https:\/\/rhinolands.com\/fr\/wp-json\/wp\/v2\/pages\/61831\/revisions"}],"predecessor-version":[{"id":71637,"href":"https:\/\/rhinolands.com\/fr\/wp-json\/wp\/v2\/pages\/61831\/revisions\/71637"}],"up":[{"embeddable":true,"href":"https:\/\/rhinolands.com\/fr\/wp-json\/wp\/v2\/pages\/60128"}],"wp:attachment":[{"href":"https:\/\/rhinolands.com\/fr\/wp-json\/wp\/v2\/media?parent=61831"}],"curies":[{"name":"wp","href":"https:\/\/api.w.org\/{rel}","templated":true}]}}