{"id":63717,"date":"2020-03-03T11:16:19","date_gmt":"2020-03-03T11:16:19","guid":{"rendered":"https:\/\/rhinolands.com\/download\/telechargement-apres-achat\/"},"modified":"2024-04-22T09:23:47","modified_gmt":"2024-04-22T07:23:47","slug":"shop-landsdesign","status":"publish","type":"page","link":"https:\/\/rhinolands.com\/fr\/download\/shop-landsdesign\/","title":{"rendered":"T\u00e9l\u00e9chargement de Lands Design apr\u00e8s achat"},"content":{"rendered":"[et_pb_section fb_built=\u00a0\u00bb1&Prime; admin_label=\u00a0\u00bbsection\u00a0\u00bb _builder_version=\u00a0\u00bb4.16&Prime; da_disable_devices=\u00a0\u00bboff|off|off\u00a0\u00bb global_colors_info=\u00a0\u00bb{}\u00a0\u00bb da_is_popup=\u00a0\u00bboff\u00a0\u00bb da_exit_intent=\u00a0\u00bboff\u00a0\u00bb da_has_close=\u00a0\u00bbon\u00a0\u00bb da_alt_close=\u00a0\u00bboff\u00a0\u00bb da_dark_close=\u00a0\u00bboff\u00a0\u00bb da_not_modal=\u00a0\u00bbon\u00a0\u00bb da_is_singular=\u00a0\u00bboff\u00a0\u00bb da_with_loader=\u00a0\u00bboff\u00a0\u00bb da_has_shadow=\u00a0\u00bbon\u00a0\u00bb][et_pb_row admin_label=\u00a0\u00bbrow\u00a0\u00bb _builder_version=\u00a0\u00bb4.16&Prime; background_size=\u00a0\u00bbinitial\u00a0\u00bb background_position=\u00a0\u00bbtop_left\u00a0\u00bb background_repeat=\u00a0\u00bbrepeat\u00a0\u00bb global_colors_info=\u00a0\u00bb{}\u00a0\u00bb][et_pb_column type=\u00a0\u00bb4_4&Prime; _builder_version=\u00a0\u00bb4.16&Prime; custom_padding=\u00a0\u00bb|||\u00a0\u00bb global_colors_info=\u00a0\u00bb{}\u00a0\u00bb custom_padding__hover=\u00a0\u00bb|||\u00a0\u00bb][et_pb_text admin_label=\u00a0\u00bbText\u00a0\u00bb _builder_version=\u00a0\u00bb4.25.0&Prime; background_size=\u00a0\u00bbinitial\u00a0\u00bb background_position=\u00a0\u00bbtop_left\u00a0\u00bb background_repeat=\u00a0\u00bbrepeat\u00a0\u00bb hover_enabled=\u00a0\u00bb0&Prime; global_colors_info=\u00a0\u00bb{}\u00a0\u00bb sticky_enabled=\u00a0\u00bb0&Prime;]<h1>Merci d&rsquo;avoir achet\u00e9 Lands Design !<\/h1>\r\n<p>T\u00e9l\u00e9chargez Lands Design en cliquant sur l&rsquo;un des liens suivants :<\/p>\r\n<ul>\r\n<li><strong><a href=\"https:\/\/rhinolands.s3.amazonaws.com\/download\/lands_design_6_rhino.msi\">Lands Design pour Rhino 7 et Rhino 8<\/a><\/strong><\/li>\r\n<li><a href=\"https:\/\/landsdesign.s3.amazonaws.com\/download\/lands_design_autocad.msi\"><strong>Lands Design pour AutoCAD (64 bits)<\/strong><\/a><\/li>\r\n<\/ul>\r\n<p>&nbsp;<\/p>[\/et_pb_text][\/et_pb_column][\/et_pb_row][\/et_pb_section]","protected":false},"excerpt":{"rendered":"<p>Merci d&rsquo;avoir achet\u00e9 Lands Design ! T\u00e9l\u00e9chargez Lands Design en cliquant sur l&rsquo;un des liens suivants : Lands Design pour Rhino 7 et Rhino 8 Lands Design pour AutoCAD (64 bits) &nbsp;<\/p>\n","protected":false},"author":1,"featured_media":0,"parent":60136,"menu_order":0,"comment_status":"closed","ping_status":"closed","template":"","meta":{"_et_pb_use_builder":"on","_et_pb_old_content":"","_et_gb_content_width":"","footnotes":""},"class_list":["post-63717","page","type-page","status-publish","hentry"],"yoast_head":"<!-- This site is optimized with the Yoast SEO plugin v27.5 - https:\/\/yoast.com\/product\/yoast-seo-wordpress\/ -->\n<title>T\u00e9l\u00e9chargement de Lands Design apr\u00e8s achat - RhinoLands<\/title>\n<meta name=\"robots\" content=\"index, follow, max-snippet:-1, max-image-preview:large, max-video-preview:-1\" \/>\n<link rel=\"canonical\" href=\"https:\/\/rhinolands.com\/fr\/download\/shop-landsdesign\/\" \/>\n<meta property=\"og:locale\" content=\"fr_FR\" \/>\n<meta property=\"og:type\" content=\"article\" \/>\n<meta property=\"og:title\" content=\"T\u00e9l\u00e9chargement de Lands Design apr\u00e8s achat - RhinoLands\" \/>\n<meta property=\"og:description\" content=\"Merci d&#039;avoir achet\u00e9 Lands Design ! T\u00e9l\u00e9chargez Lands Design en cliquant sur l&#039;un des liens suivants : Lands Design pour Rhino 7 et Rhino 8 Lands Design pour AutoCAD (64 bits) &nbsp;\" \/>\n<meta property=\"og:url\" content=\"https:\/\/rhinolands.com\/fr\/download\/shop-landsdesign\/\" \/>\n<meta property=\"og:site_name\" content=\"RhinoLands\" \/>\n<meta property=\"article:modified_time\" content=\"2024-04-22T07:23:47+00:00\" \/>\n<meta name=\"twitter:card\" content=\"summary_large_image\" \/>\n<meta name=\"twitter:label1\" content=\"Dur\u00e9e de lecture estim\u00e9e\" \/>\n\t<meta name=\"twitter:data1\" content=\"1 minute\" \/>\n<script type=\"application\/ld+json\" class=\"yoast-schema-graph\">{\"@context\":\"https:\\\/\\\/schema.org\",\"@graph\":[{\"@type\":\"WebPage\",\"@id\":\"https:\\\/\\\/rhinolands.com\\\/fr\\\/download\\\/shop-landsdesign\\\/\",\"url\":\"https:\\\/\\\/rhinolands.com\\\/fr\\\/download\\\/shop-landsdesign\\\/\",\"name\":\"T\u00e9l\u00e9chargement de Lands Design apr\u00e8s achat - RhinoLands\",\"isPartOf\":{\"@id\":\"https:\\\/\\\/rhinolands.com\\\/fr\\\/#website\"},\"datePublished\":\"2020-03-03T11:16:19+00:00\",\"dateModified\":\"2024-04-22T07:23:47+00:00\",\"breadcrumb\":{\"@id\":\"https:\\\/\\\/rhinolands.com\\\/fr\\\/download\\\/shop-landsdesign\\\/#breadcrumb\"},\"inLanguage\":\"fr-FR\",\"potentialAction\":[{\"@type\":\"ReadAction\",\"target\":[\"https:\\\/\\\/rhinolands.com\\\/fr\\\/download\\\/shop-landsdesign\\\/\"]}]},{\"@type\":\"BreadcrumbList\",\"@id\":\"https:\\\/\\\/rhinolands.com\\\/fr\\\/download\\\/shop-landsdesign\\\/#breadcrumb\",\"itemListElement\":[{\"@type\":\"ListItem\",\"position\":1,\"name\":\"Home\",\"item\":\"https:\\\/\\\/rhinolands.com\\\/fr\\\/\"},{\"@type\":\"ListItem\",\"position\":2,\"name\":\"T\u00e9l\u00e9chargement\",\"item\":\"https:\\\/\\\/rhinolands.com\\\/fr\\\/download\\\/\"},{\"@type\":\"ListItem\",\"position\":3,\"name\":\"T\u00e9l\u00e9chargement de Lands Design apr\u00e8s achat\"}]},{\"@type\":\"WebSite\",\"@id\":\"https:\\\/\\\/rhinolands.com\\\/fr\\\/#website\",\"url\":\"https:\\\/\\\/rhinolands.com\\\/fr\\\/\",\"name\":\"RhinoLands\",\"description\":\"BIM landscape software\",\"publisher\":{\"@id\":\"https:\\\/\\\/rhinolands.com\\\/fr\\\/#organization\"},\"potentialAction\":[{\"@type\":\"SearchAction\",\"target\":{\"@type\":\"EntryPoint\",\"urlTemplate\":\"https:\\\/\\\/rhinolands.com\\\/fr\\\/?s={search_term_string}\"},\"query-input\":{\"@type\":\"PropertyValueSpecification\",\"valueRequired\":true,\"valueName\":\"search_term_string\"}}],\"inLanguage\":\"fr-FR\"},{\"@type\":\"Organization\",\"@id\":\"https:\\\/\\\/rhinolands.com\\\/fr\\\/#organization\",\"name\":\"Asuni Soft\",\"url\":\"https:\\\/\\\/rhinolands.com\\\/fr\\\/\",\"logo\":{\"@type\":\"ImageObject\",\"inLanguage\":\"fr-FR\",\"@id\":\"https:\\\/\\\/rhinolands.com\\\/fr\\\/#\\\/schema\\\/logo\\\/image\\\/\",\"url\":\"https:\\\/\\\/rhinolands.com\\\/wp-content\\\/uploads\\\/2020\\\/02\\\/AsuniLogoFinal-01.png\",\"contentUrl\":\"https:\\\/\\\/rhinolands.com\\\/wp-content\\\/uploads\\\/2020\\\/02\\\/AsuniLogoFinal-01.png\",\"width\":151,\"height\":46,\"caption\":\"Asuni Soft\"},\"image\":{\"@id\":\"https:\\\/\\\/rhinolands.com\\\/fr\\\/#\\\/schema\\\/logo\\\/image\\\/\"}}]}<\/script>\n<!-- \/ Yoast SEO plugin. -->","yoast_head_json":{"title":"T\u00e9l\u00e9chargement de Lands Design apr\u00e8s achat - RhinoLands","robots":{"index":"index","follow":"follow","max-snippet":"max-snippet:-1","max-image-preview":"max-image-preview:large","max-video-preview":"max-video-preview:-1"},"canonical":"https:\/\/rhinolands.com\/fr\/download\/shop-landsdesign\/","og_locale":"fr_FR","og_type":"article","og_title":"T\u00e9l\u00e9chargement de Lands Design apr\u00e8s achat - RhinoLands","og_description":"Merci d'avoir achet\u00e9 Lands Design ! T\u00e9l\u00e9chargez Lands Design en cliquant sur l'un des liens suivants : Lands Design pour Rhino 7 et Rhino 8 Lands Design pour AutoCAD (64 bits) &nbsp;","og_url":"https:\/\/rhinolands.com\/fr\/download\/shop-landsdesign\/","og_site_name":"RhinoLands","article_modified_time":"2024-04-22T07:23:47+00:00","twitter_card":"summary_large_image","twitter_misc":{"Dur\u00e9e de lecture estim\u00e9e":"1 minute"},"schema":{"@context":"https:\/\/schema.org","@graph":[{"@type":"WebPage","@id":"https:\/\/rhinolands.com\/fr\/download\/shop-landsdesign\/","url":"https:\/\/rhinolands.com\/fr\/download\/shop-landsdesign\/","name":"T\u00e9l\u00e9chargement de Lands Design apr\u00e8s achat - RhinoLands","isPartOf":{"@id":"https:\/\/rhinolands.com\/fr\/#website"},"datePublished":"2020-03-03T11:16:19+00:00","dateModified":"2024-04-22T07:23:47+00:00","breadcrumb":{"@id":"https:\/\/rhinolands.com\/fr\/download\/shop-landsdesign\/#breadcrumb"},"inLanguage":"fr-FR","potentialAction":[{"@type":"ReadAction","target":["https:\/\/rhinolands.com\/fr\/download\/shop-landsdesign\/"]}]},{"@type":"BreadcrumbList","@id":"https:\/\/rhinolands.com\/fr\/download\/shop-landsdesign\/#breadcrumb","itemListElement":[{"@type":"ListItem","position":1,"name":"Home","item":"https:\/\/rhinolands.com\/fr\/"},{"@type":"ListItem","position":2,"name":"T\u00e9l\u00e9chargement","item":"https:\/\/rhinolands.com\/fr\/download\/"},{"@type":"ListItem","position":3,"name":"T\u00e9l\u00e9chargement de Lands Design apr\u00e8s achat"}]},{"@type":"WebSite","@id":"https:\/\/rhinolands.com\/fr\/#website","url":"https:\/\/rhinolands.com\/fr\/","name":"RhinoLands","description":"BIM landscape software","publisher":{"@id":"https:\/\/rhinolands.com\/fr\/#organization"},"potentialAction":[{"@type":"SearchAction","target":{"@type":"EntryPoint","urlTemplate":"https:\/\/rhinolands.com\/fr\/?s={search_term_string}"},"query-input":{"@type":"PropertyValueSpecification","valueRequired":true,"valueName":"search_term_string"}}],"inLanguage":"fr-FR"},{"@type":"Organization","@id":"https:\/\/rhinolands.com\/fr\/#organization","name":"Asuni Soft","url":"https:\/\/rhinolands.com\/fr\/","logo":{"@type":"ImageObject","inLanguage":"fr-FR","@id":"https:\/\/rhinolands.com\/fr\/#\/schema\/logo\/image\/","url":"https:\/\/rhinolands.com\/wp-content\/uploads\/2020\/02\/AsuniLogoFinal-01.png","contentUrl":"https:\/\/rhinolands.com\/wp-content\/uploads\/2020\/02\/AsuniLogoFinal-01.png","width":151,"height":46,"caption":"Asuni Soft"},"image":{"@id":"https:\/\/rhinolands.com\/fr\/#\/schema\/logo\/image\/"}}]}},"_links":{"self":[{"href":"https:\/\/rhinolands.com\/fr\/wp-json\/wp\/v2\/pages\/63717","targetHints":{"allow":["GET"]}}],"collection":[{"href":"https:\/\/rhinolands.com\/fr\/wp-json\/wp\/v2\/pages"}],"about":[{"href":"https:\/\/rhinolands.com\/fr\/wp-json\/wp\/v2\/types\/page"}],"author":[{"embeddable":true,"href":"https:\/\/rhinolands.com\/fr\/wp-json\/wp\/v2\/users\/1"}],"replies":[{"embeddable":true,"href":"https:\/\/rhinolands.com\/fr\/wp-json\/wp\/v2\/comments?post=63717"}],"version-history":[{"count":3,"href":"https:\/\/rhinolands.com\/fr\/wp-json\/wp\/v2\/pages\/63717\/revisions"}],"predecessor-version":[{"id":81333,"href":"https:\/\/rhinolands.com\/fr\/wp-json\/wp\/v2\/pages\/63717\/revisions\/81333"}],"up":[{"embeddable":true,"href":"https:\/\/rhinolands.com\/fr\/wp-json\/wp\/v2\/pages\/60136"}],"wp:attachment":[{"href":"https:\/\/rhinolands.com\/fr\/wp-json\/wp\/v2\/media?parent=63717"}],"curies":[{"name":"wp","href":"https:\/\/api.w.org\/{rel}","templated":true}]}}