{"id":64582,"date":"2020-03-10T09:53:10","date_gmt":"2020-03-10T09:53:10","guid":{"rendered":"https:\/\/rhinolands.com\/info\/modes-de-licence-de-lands-design\/"},"modified":"2024-03-10T15:56:22","modified_gmt":"2024-03-10T14:56:22","slug":"license-modes","status":"publish","type":"page","link":"https:\/\/rhinolands.com\/fr\/info\/license-modes\/","title":{"rendered":"Modes de licence de Lands Design"},"content":{"rendered":"[et_pb_section fb_built=\u00a0\u00bb1&Prime; admin_label=\u00a0\u00bbsection\u00a0\u00bb _builder_version=\u00a0\u00bb4.16&Prime; global_colors_info=\u00a0\u00bb{}\u00a0\u00bb][et_pb_row admin_label=\u00a0\u00bbrow\u00a0\u00bb _builder_version=\u00a0\u00bb4.16&Prime; background_size=\u00a0\u00bbinitial\u00a0\u00bb background_position=\u00a0\u00bbtop_left\u00a0\u00bb background_repeat=\u00a0\u00bbrepeat\u00a0\u00bb global_colors_info=\u00a0\u00bb{}\u00a0\u00bb][et_pb_column type=\u00a0\u00bb4_4&Prime; _builder_version=\u00a0\u00bb4.16&Prime; custom_padding=\u00a0\u00bb|||\u00a0\u00bb global_colors_info=\u00a0\u00bb{}\u00a0\u00bb custom_padding__hover=\u00a0\u00bb|||\u00a0\u00bb][et_pb_text admin_label=\u00a0\u00bbText\u00a0\u00bb _builder_version=\u00a0\u00bb4.24.2&Prime; background_size=\u00a0\u00bbinitial\u00a0\u00bb background_position=\u00a0\u00bbtop_left\u00a0\u00bb background_repeat=\u00a0\u00bbrepeat\u00a0\u00bb global_colors_info=\u00a0\u00bb{}\u00a0\u00bb]<h1>Modes de licence de RhinoLands \/ Lands Design<\/h1>[\/et_pb_text][et_pb_text admin_label=\u00a0\u00bbText\u00a0\u00bb _builder_version=\u00a0\u00bb4.24.2&Prime; background_size=\u00a0\u00bbinitial\u00a0\u00bb background_position=\u00a0\u00bbtop_left\u00a0\u00bb background_repeat=\u00a0\u00bbrepeat\u00a0\u00bb hover_enabled=\u00a0\u00bb0&Prime; global_colors_info=\u00a0\u00bb{}\u00a0\u00bb sticky_enabled=\u00a0\u00bb0&Prime;]<p>RhinoLands \/ Lands Design poss\u00e8de cinq modes de licence :<\/p>[\/et_pb_text][et_pb_image src=\u00a0\u00bbhttps:\/\/rhinolands.com\/wp-content\/uploads\/2024\/03\/license-modes-dialog.png\u00a0\u00bb title_text=\u00a0\u00bblicense-modes-dialog\u00a0\u00bb align=\u00a0\u00bbcenter\u00a0\u00bb _builder_version=\u00a0\u00bb4.24.2&Prime; _module_preset=\u00a0\u00bbdefault\u00a0\u00bb global_colors_info=\u00a0\u00bb{}\u00a0\u00bb][\/et_pb_image][et_pb_text admin_label=\u00a0\u00bbText\u00a0\u00bb _builder_version=\u00a0\u00bb4.24.2&Prime; background_size=\u00a0\u00bbinitial\u00a0\u00bb background_position=\u00a0\u00bbtop_left\u00a0\u00bb background_repeat=\u00a0\u00bbrepeat\u00a0\u00bb hover_enabled=\u00a0\u00bb0&Prime; global_colors_info=\u00a0\u00bb{}\u00a0\u00bb sticky_enabled=\u00a0\u00bb0&Prime;]<h3>Visionneuse<\/h3>\r\n<p>RhinoLands fonctionne en mode Visionneuse lorsque la p\u00e9riode d\u2019\u00e9valuation est termin\u00e9e. Vous pouvez toujours ouvrir et enregistrer des documents contenant des objets de Lands Design mais les certaines fonctions d\u2019\u00e9dition sont d\u00e9sactiv\u00e9es:<\/p>[\/et_pb_text][et_pb_text admin_label=\u00a0\u00bbText\u00a0\u00bb _builder_version=\u00a0\u00bb4.24.2&Prime; background_size=\u00a0\u00bbinitial\u00a0\u00bb background_position=\u00a0\u00bbtop_left\u00a0\u00bb background_repeat=\u00a0\u00bbrepeat\u00a0\u00bb hover_enabled=\u00a0\u00bb0&Prime; global_colors_info=\u00a0\u00bb{}\u00a0\u00bb sticky_enabled=\u00a0\u00bb0&Prime;]<h3>\u00c9valuation<\/h3>\r\n<p>Toutes les fonctions de RhinoLands sont activ\u00e9es pendant la dur\u00e9e de la p\u00e9riode d\u2019\u00e9valuation. Aucun code n\u2019est n\u00e9cessaire.<\/p>[\/et_pb_text][et_pb_text admin_label=\u00a0\u00bbText\u00a0\u00bb _builder_version=\u00a0\u00bb4.24.2&Prime; background_size=\u00a0\u00bbinitial\u00a0\u00bb background_position=\u00a0\u00bbtop_left\u00a0\u00bb background_repeat=\u00a0\u00bbrepeat\u00a0\u00bb hover_enabled=\u00a0\u00bb0&Prime; global_colors_info=\u00a0\u00bb{}\u00a0\u00bb sticky_enabled=\u00a0\u00bb0&Prime;]<h3>R\u00e9seau (uniquement dans Rhino)<\/h3>\r\n\r\nUtiliser une licence de Lands Design \u00e0 partir du <a href=\"https:\/\/wiki.mcneel.com\/fr\/zoo\/home\">serveur Zoo<\/a>.\r\nLe logiciel Zoo compl\u00e9t\u00e9 du module Zoo pour Lands Design (tous deux gratuits) permet de partager les licences de Lands Design avec des utilisateurs du m\u00eame groupe de travail. Si RhinoLands est install\u00e9 comme n\u0153ud de groupe de travail au lieu d\u2019\u00eatre install\u00e9 de fa\u00e7on autonome, le syst\u00e8me fonctionne ainsi :\r\n<ul>\r\n\t<li>Lorsqu\u2019un n\u0153ud du groupe de travail est lanc\u00e9, une licence est demand\u00e9e au Zoo.<\/li>\r\n\t<li>Une licence libre est assign\u00e9e au n\u0153ud.<\/li>\r\n\t<li>Lorsqu\u2019un n\u0153ud est ferm\u00e9, la licence est rajout\u00e9e \u00e0 la liste des licences dans le Zoo.<\/li>\r\n<\/ul>\r\n<a href=\"https:\/\/rhinolands.com\/fr\/download\/zoo-plugin\/\">T\u00e9l\u00e9charger le module du Zoo pour Lands Design ici<\/a>[\/et_pb_text][et_pb_text admin_label=\u00a0\u00bbText\u00a0\u00bb _builder_version=\u00a0\u00bb4.24.2&Prime; background_size=\u00a0\u00bbinitial\u00a0\u00bb background_position=\u00a0\u00bbtop_left\u00a0\u00bb background_repeat=\u00a0\u00bbrepeat\u00a0\u00bb hover_enabled=\u00a0\u00bb0&Prime; global_colors_info=\u00a0\u00bb{}\u00a0\u00bb sticky_enabled=\u00a0\u00bb0&Prime;]<h3>Cloud (uniquement dans Rhino)<\/h3>\r\n\r\nUtiliser une licence de Lands Design depuis un serveur en ligne avec le Cloud Zoo. Le serveur Cloud Zoo est un service gratuit propos\u00e9 par McNeel pour vous permettre de g\u00e9rer vos licences de Lands Design en ligne.\r\n<ul>\r\n\t<li>Pour les utilisateurs individuels, connectez-vous \u00e0 votre <a href=\"https:\/\/accounts.rhino3d.com\/\">compte Rhino<\/a> pour utiliser Lands Design depuis n\u2019importe quel ordinateur dans le monde.<\/li>\r\n\t<li>Pour les entreprises ou les \u00e9coles, le Cloud Zoo peut simplifier la distribution des licences. Les entreprises peuvent cr\u00e9er une r\u00e9serve de licences et partager les licences avec les membres de l\u2019\u00e9quipe.<\/li>\r\n\t<li>Travailler en ligne ou hors ligne. Il n\u2019est pas n\u00e9cessaire de retirer les licences du serveur, vous ne devriez pas vous retrouver sans licence lors de vos d\u00e9placements.<\/li>\r\n\t<li>Les licences fonctionneront m\u00eame sans connexion permanente \u00e0 Internet.<\/li>\r\n<\/ul>\r\n<a href=\"https:\/\/www.rhino3d.com\/fr\/features\/administration\/licensing\/#cloud-zoo\">Plus d\u2019infos sur le Cloud Zoo<\/a>[\/et_pb_text][\/et_pb_column][\/et_pb_row][\/et_pb_section]","protected":false},"excerpt":{"rendered":"<p>Modes de licence de RhinoLands \/ Lands DesignRhinoLands \/ Lands Design poss\u00e8de cinq modes de licence :Visionneuse RhinoLands fonctionne en mode Visionneuse lorsque la p\u00e9riode d\u2019\u00e9valuation est termin\u00e9e. Vous pouvez toujours ouvrir et enregistrer des documents contenant des objets de Lands Design mais les certaines fonctions d\u2019\u00e9dition sont d\u00e9sactiv\u00e9es:\u00c9valuation Toutes les fonctions de RhinoLands sont [&hellip;]<\/p>\n","protected":false},"author":1,"featured_media":0,"parent":64492,"menu_order":0,"comment_status":"closed","ping_status":"closed","template":"","meta":{"_et_pb_use_builder":"on","_et_pb_old_content":"","_et_gb_content_width":"","footnotes":""},"class_list":["post-64582","page","type-page","status-publish","hentry"],"yoast_head":"<!-- This site is optimized with the Yoast SEO plugin v27.3 - https:\/\/yoast.com\/product\/yoast-seo-wordpress\/ -->\n<title>Modes de licence de Lands Design - RhinoLands<\/title>\n<meta name=\"robots\" content=\"index, follow, max-snippet:-1, max-image-preview:large, max-video-preview:-1\" \/>\n<link rel=\"canonical\" href=\"https:\/\/rhinolands.com\/fr\/info\/license-modes\/\" \/>\n<meta property=\"og:locale\" content=\"fr_FR\" \/>\n<meta property=\"og:type\" content=\"article\" \/>\n<meta property=\"og:title\" content=\"Modes de licence de Lands Design - RhinoLands\" \/>\n<meta property=\"og:description\" content=\"Modes de licence de RhinoLands \/ Lands DesignRhinoLands \/ Lands Design poss\u00e8de cinq modes de licence :Visionneuse RhinoLands fonctionne en mode Visionneuse lorsque la p\u00e9riode d\u2019\u00e9valuation est termin\u00e9e. Vous pouvez toujours ouvrir et enregistrer des documents contenant des objets de Lands Design mais les certaines fonctions d\u2019\u00e9dition sont d\u00e9sactiv\u00e9es:\u00c9valuation Toutes les fonctions de RhinoLands sont [&hellip;]\" \/>\n<meta property=\"og:url\" content=\"https:\/\/rhinolands.com\/fr\/info\/license-modes\/\" \/>\n<meta property=\"og:site_name\" content=\"RhinoLands\" \/>\n<meta property=\"article:modified_time\" content=\"2024-03-10T14:56:22+00:00\" \/>\n<meta name=\"twitter:card\" content=\"summary_large_image\" \/>\n<meta name=\"twitter:label1\" content=\"Dur\u00e9e de lecture estim\u00e9e\" \/>\n\t<meta name=\"twitter:data1\" content=\"3 minutes\" \/>\n<script type=\"application\/ld+json\" class=\"yoast-schema-graph\">{\"@context\":\"https:\\\/\\\/schema.org\",\"@graph\":[{\"@type\":\"WebPage\",\"@id\":\"https:\\\/\\\/rhinolands.com\\\/fr\\\/info\\\/license-modes\\\/\",\"url\":\"https:\\\/\\\/rhinolands.com\\\/fr\\\/info\\\/license-modes\\\/\",\"name\":\"Modes de licence de Lands Design - RhinoLands\",\"isPartOf\":{\"@id\":\"https:\\\/\\\/rhinolands.com\\\/fr\\\/#website\"},\"datePublished\":\"2020-03-10T09:53:10+00:00\",\"dateModified\":\"2024-03-10T14:56:22+00:00\",\"breadcrumb\":{\"@id\":\"https:\\\/\\\/rhinolands.com\\\/fr\\\/info\\\/license-modes\\\/#breadcrumb\"},\"inLanguage\":\"fr-FR\",\"potentialAction\":[{\"@type\":\"ReadAction\",\"target\":[\"https:\\\/\\\/rhinolands.com\\\/fr\\\/info\\\/license-modes\\\/\"]}]},{\"@type\":\"BreadcrumbList\",\"@id\":\"https:\\\/\\\/rhinolands.com\\\/fr\\\/info\\\/license-modes\\\/#breadcrumb\",\"itemListElement\":[{\"@type\":\"ListItem\",\"position\":1,\"name\":\"Home\",\"item\":\"https:\\\/\\\/rhinolands.com\\\/fr\\\/\"},{\"@type\":\"ListItem\",\"position\":2,\"name\":\"Info\",\"item\":\"https:\\\/\\\/rhinolands.com\\\/fr\\\/info\\\/\"},{\"@type\":\"ListItem\",\"position\":3,\"name\":\"Modes de licence de Lands Design\"}]},{\"@type\":\"WebSite\",\"@id\":\"https:\\\/\\\/rhinolands.com\\\/fr\\\/#website\",\"url\":\"https:\\\/\\\/rhinolands.com\\\/fr\\\/\",\"name\":\"RhinoLands\",\"description\":\"BIM landscape software\",\"publisher\":{\"@id\":\"https:\\\/\\\/rhinolands.com\\\/fr\\\/#organization\"},\"potentialAction\":[{\"@type\":\"SearchAction\",\"target\":{\"@type\":\"EntryPoint\",\"urlTemplate\":\"https:\\\/\\\/rhinolands.com\\\/fr\\\/?s={search_term_string}\"},\"query-input\":{\"@type\":\"PropertyValueSpecification\",\"valueRequired\":true,\"valueName\":\"search_term_string\"}}],\"inLanguage\":\"fr-FR\"},{\"@type\":\"Organization\",\"@id\":\"https:\\\/\\\/rhinolands.com\\\/fr\\\/#organization\",\"name\":\"Asuni Soft\",\"url\":\"https:\\\/\\\/rhinolands.com\\\/fr\\\/\",\"logo\":{\"@type\":\"ImageObject\",\"inLanguage\":\"fr-FR\",\"@id\":\"https:\\\/\\\/rhinolands.com\\\/fr\\\/#\\\/schema\\\/logo\\\/image\\\/\",\"url\":\"https:\\\/\\\/rhinolands.com\\\/wp-content\\\/uploads\\\/2020\\\/02\\\/AsuniLogoFinal-01.png\",\"contentUrl\":\"https:\\\/\\\/rhinolands.com\\\/wp-content\\\/uploads\\\/2020\\\/02\\\/AsuniLogoFinal-01.png\",\"width\":151,\"height\":46,\"caption\":\"Asuni Soft\"},\"image\":{\"@id\":\"https:\\\/\\\/rhinolands.com\\\/fr\\\/#\\\/schema\\\/logo\\\/image\\\/\"}}]}<\/script>\n<!-- \/ Yoast SEO plugin. -->","yoast_head_json":{"title":"Modes de licence de Lands Design - RhinoLands","robots":{"index":"index","follow":"follow","max-snippet":"max-snippet:-1","max-image-preview":"max-image-preview:large","max-video-preview":"max-video-preview:-1"},"canonical":"https:\/\/rhinolands.com\/fr\/info\/license-modes\/","og_locale":"fr_FR","og_type":"article","og_title":"Modes de licence de Lands Design - RhinoLands","og_description":"Modes de licence de RhinoLands \/ Lands DesignRhinoLands \/ Lands Design poss\u00e8de cinq modes de licence :Visionneuse RhinoLands fonctionne en mode Visionneuse lorsque la p\u00e9riode d\u2019\u00e9valuation est termin\u00e9e. Vous pouvez toujours ouvrir et enregistrer des documents contenant des objets de Lands Design mais les certaines fonctions d\u2019\u00e9dition sont d\u00e9sactiv\u00e9es:\u00c9valuation Toutes les fonctions de RhinoLands sont [&hellip;]","og_url":"https:\/\/rhinolands.com\/fr\/info\/license-modes\/","og_site_name":"RhinoLands","article_modified_time":"2024-03-10T14:56:22+00:00","twitter_card":"summary_large_image","twitter_misc":{"Dur\u00e9e de lecture estim\u00e9e":"3 minutes"},"schema":{"@context":"https:\/\/schema.org","@graph":[{"@type":"WebPage","@id":"https:\/\/rhinolands.com\/fr\/info\/license-modes\/","url":"https:\/\/rhinolands.com\/fr\/info\/license-modes\/","name":"Modes de licence de Lands Design - RhinoLands","isPartOf":{"@id":"https:\/\/rhinolands.com\/fr\/#website"},"datePublished":"2020-03-10T09:53:10+00:00","dateModified":"2024-03-10T14:56:22+00:00","breadcrumb":{"@id":"https:\/\/rhinolands.com\/fr\/info\/license-modes\/#breadcrumb"},"inLanguage":"fr-FR","potentialAction":[{"@type":"ReadAction","target":["https:\/\/rhinolands.com\/fr\/info\/license-modes\/"]}]},{"@type":"BreadcrumbList","@id":"https:\/\/rhinolands.com\/fr\/info\/license-modes\/#breadcrumb","itemListElement":[{"@type":"ListItem","position":1,"name":"Home","item":"https:\/\/rhinolands.com\/fr\/"},{"@type":"ListItem","position":2,"name":"Info","item":"https:\/\/rhinolands.com\/fr\/info\/"},{"@type":"ListItem","position":3,"name":"Modes de licence de Lands Design"}]},{"@type":"WebSite","@id":"https:\/\/rhinolands.com\/fr\/#website","url":"https:\/\/rhinolands.com\/fr\/","name":"RhinoLands","description":"BIM landscape software","publisher":{"@id":"https:\/\/rhinolands.com\/fr\/#organization"},"potentialAction":[{"@type":"SearchAction","target":{"@type":"EntryPoint","urlTemplate":"https:\/\/rhinolands.com\/fr\/?s={search_term_string}"},"query-input":{"@type":"PropertyValueSpecification","valueRequired":true,"valueName":"search_term_string"}}],"inLanguage":"fr-FR"},{"@type":"Organization","@id":"https:\/\/rhinolands.com\/fr\/#organization","name":"Asuni Soft","url":"https:\/\/rhinolands.com\/fr\/","logo":{"@type":"ImageObject","inLanguage":"fr-FR","@id":"https:\/\/rhinolands.com\/fr\/#\/schema\/logo\/image\/","url":"https:\/\/rhinolands.com\/wp-content\/uploads\/2020\/02\/AsuniLogoFinal-01.png","contentUrl":"https:\/\/rhinolands.com\/wp-content\/uploads\/2020\/02\/AsuniLogoFinal-01.png","width":151,"height":46,"caption":"Asuni Soft"},"image":{"@id":"https:\/\/rhinolands.com\/fr\/#\/schema\/logo\/image\/"}}]}},"_links":{"self":[{"href":"https:\/\/rhinolands.com\/fr\/wp-json\/wp\/v2\/pages\/64582","targetHints":{"allow":["GET"]}}],"collection":[{"href":"https:\/\/rhinolands.com\/fr\/wp-json\/wp\/v2\/pages"}],"about":[{"href":"https:\/\/rhinolands.com\/fr\/wp-json\/wp\/v2\/types\/page"}],"author":[{"embeddable":true,"href":"https:\/\/rhinolands.com\/fr\/wp-json\/wp\/v2\/users\/1"}],"replies":[{"embeddable":true,"href":"https:\/\/rhinolands.com\/fr\/wp-json\/wp\/v2\/comments?post=64582"}],"version-history":[{"count":3,"href":"https:\/\/rhinolands.com\/fr\/wp-json\/wp\/v2\/pages\/64582\/revisions"}],"predecessor-version":[{"id":77520,"href":"https:\/\/rhinolands.com\/fr\/wp-json\/wp\/v2\/pages\/64582\/revisions\/77520"}],"up":[{"embeddable":true,"href":"https:\/\/rhinolands.com\/fr\/wp-json\/wp\/v2\/pages\/64492"}],"wp:attachment":[{"href":"https:\/\/rhinolands.com\/fr\/wp-json\/wp\/v2\/media?parent=64582"}],"curies":[{"name":"wp","href":"https:\/\/api.w.org\/{rel}","templated":true}]}}