{"id":64585,"date":"2020-03-10T09:53:12","date_gmt":"2020-03-10T09:53:12","guid":{"rendered":"https:\/\/rhinolands.com\/download\/telecharger-le-module-zoo\/"},"modified":"2024-05-22T15:04:56","modified_gmt":"2024-05-22T13:04:56","slug":"zoo-plugin","status":"publish","type":"page","link":"https:\/\/rhinolands.com\/fr\/download\/zoo-plugin\/","title":{"rendered":"T\u00e9l\u00e9charger le module Zoo"},"content":{"rendered":"[et_pb_section fb_built=\u00a0\u00bb1&Prime; admin_label=\u00a0\u00bbsection\u00a0\u00bb _builder_version=\u00a0\u00bb4.16&Prime; da_disable_devices=\u00a0\u00bboff|off|off\u00a0\u00bb global_colors_info=\u00a0\u00bb{}\u00a0\u00bb da_is_popup=\u00a0\u00bboff\u00a0\u00bb da_exit_intent=\u00a0\u00bboff\u00a0\u00bb da_has_close=\u00a0\u00bbon\u00a0\u00bb da_alt_close=\u00a0\u00bboff\u00a0\u00bb da_dark_close=\u00a0\u00bboff\u00a0\u00bb da_not_modal=\u00a0\u00bbon\u00a0\u00bb da_is_singular=\u00a0\u00bboff\u00a0\u00bb da_with_loader=\u00a0\u00bboff\u00a0\u00bb da_has_shadow=\u00a0\u00bbon\u00a0\u00bb][et_pb_row admin_label=\u00a0\u00bbrow\u00a0\u00bb _builder_version=\u00a0\u00bb4.16&Prime; background_size=\u00a0\u00bbinitial\u00a0\u00bb background_position=\u00a0\u00bbtop_left\u00a0\u00bb background_repeat=\u00a0\u00bbrepeat\u00a0\u00bb global_colors_info=\u00a0\u00bb{}\u00a0\u00bb][et_pb_column type=\u00a0\u00bb4_4&Prime; _builder_version=\u00a0\u00bb4.16&Prime; custom_padding=\u00a0\u00bb|||\u00a0\u00bb global_colors_info=\u00a0\u00bb{}\u00a0\u00bb custom_padding__hover=\u00a0\u00bb|||\u00a0\u00bb][et_pb_text _builder_version=\u00a0\u00bb4.25.0&Prime; background_size=\u00a0\u00bbinitial\u00a0\u00bb background_position=\u00a0\u00bbtop_left\u00a0\u00bb background_repeat=\u00a0\u00bbrepeat\u00a0\u00bb hover_enabled=\u00a0\u00bb0&Prime; use_border_color=\u00a0\u00bboff\u00a0\u00bb border_color=\u00a0\u00bb#ffffff\u00a0\u00bb border_style=\u00a0\u00bbsolid\u00a0\u00bb global_colors_info=\u00a0\u00bb{}\u00a0\u00bb sticky_enabled=\u00a0\u00bb0&Prime;]<h1>Module Zoo de RhinoLands \/ Lands Design<\/h1>\r\n<p><a href=\"http:\/\/www.rhino3d.com\/download\/zoo\/6\/latest\"><img loading=\"lazy\" decoding=\"async\" class=\"alignright size-full wp-image-12359\" src=\"https:\/\/rhinolands.com\/wp-content\/uploads\/2020\/03\/zooLogoshort.png\" alt=\"zooLogoshort\" width=\"300\" height=\"128\" \/><\/a>Le module Zoo de RhinoLands \/ Lands Design permet de partager les licences de Lands Design (codes de produit) avec des utilisateurs du m\u00eame groupe de travail. Cette fonction n&rsquo;est disponible que dans RhinoLands et dans la version de Lands Design pour Rhino.<\/p>\r\n<p>Configuration requise :<\/p>\r\n<ul>\r\n<li><strong>Zoo &#8211; gestionnaire de licences<\/strong>. (<strong><a href=\"https:\/\/www.rhino3d.com\/download\/zoo\/latest\/\">T\u00e9l\u00e9charger<\/a><\/strong>)<\/li>\r\n<\/ul>[\/et_pb_text][et_pb_button button_url=\u00a0\u00bbhttps:\/\/rhinolands.s3.amazonaws.com\/download\/lands_design_6_zoo8.msi\u00a0\u00bb button_text=\u00a0\u00bbT\u00e9l\u00e9charger le module de Lands Design pour Zoo 8&Prime; button_alignment=\u00a0\u00bbleft\u00a0\u00bb admin_label=\u00a0\u00bbBot\u00f3n download para Zoo 8 plugin\u00a0\u00bb _builder_version=\u00a0\u00bb4.25.0&Prime; custom_button=\u00a0\u00bbon\u00a0\u00bb button_text_color=\u00a0\u00bb#679e3c\u00a0\u00bb button_border_color=\u00a0\u00bb#679e3c\u00a0\u00bb button_letter_spacing_hover=\u00a0\u00bb0&Prime; saved_tabs=\u00a0\u00bball\u00a0\u00bb global_colors_info=\u00a0\u00bb{}\u00a0\u00bb button_text_size__hover_enabled=\u00a0\u00bboff\u00a0\u00bb button_one_text_size__hover_enabled=\u00a0\u00bboff\u00a0\u00bb button_two_text_size__hover_enabled=\u00a0\u00bboff\u00a0\u00bb button_text_color__hover_enabled=\u00a0\u00bboff\u00a0\u00bb button_one_text_color__hover_enabled=\u00a0\u00bboff\u00a0\u00bb button_two_text_color__hover_enabled=\u00a0\u00bboff\u00a0\u00bb button_border_width__hover_enabled=\u00a0\u00bboff\u00a0\u00bb button_one_border_width__hover_enabled=\u00a0\u00bboff\u00a0\u00bb button_two_border_width__hover_enabled=\u00a0\u00bboff\u00a0\u00bb button_border_color__hover_enabled=\u00a0\u00bboff\u00a0\u00bb button_one_border_color__hover_enabled=\u00a0\u00bboff\u00a0\u00bb button_two_border_color__hover_enabled=\u00a0\u00bboff\u00a0\u00bb button_border_radius__hover_enabled=\u00a0\u00bboff\u00a0\u00bb button_one_border_radius__hover_enabled=\u00a0\u00bboff\u00a0\u00bb button_two_border_radius__hover_enabled=\u00a0\u00bboff\u00a0\u00bb button_letter_spacing__hover_enabled=\u00a0\u00bbon\u00a0\u00bb button_letter_spacing__hover=\u00a0\u00bb0&Prime; button_one_letter_spacing__hover_enabled=\u00a0\u00bboff\u00a0\u00bb button_two_letter_spacing__hover_enabled=\u00a0\u00bboff\u00a0\u00bb button_bg_color__hover_enabled=\u00a0\u00bboff\u00a0\u00bb button_one_bg_color__hover_enabled=\u00a0\u00bboff\u00a0\u00bb button_two_bg_color__hover_enabled=\u00a0\u00bboff\u00a0\u00bb][\/et_pb_button][et_pb_text _builder_version=\u00a0\u00bb4.16&Prime; background_size=\u00a0\u00bbinitial\u00a0\u00bb background_position=\u00a0\u00bbtop_left\u00a0\u00bb background_repeat=\u00a0\u00bbrepeat\u00a0\u00bb use_border_color=\u00a0\u00bboff\u00a0\u00bb border_color=\u00a0\u00bb#ffffff\u00a0\u00bb border_style=\u00a0\u00bbsolid\u00a0\u00bb global_colors_info=\u00a0\u00bb{}\u00a0\u00bb]<blockquote>\r\n  <strong>Remarque\u00a0:<\/strong>\r\n  <p>Les licences r\u00e9seau de Lands Design (version pour Rhino) peuvent aussi \u00eatre g\u00e9r\u00e9es avec le <a href=\"https:\/\/rhinolands.com\/fr\/info\/license-modes\/#Cloud\">Cloud Zoo<\/a>.<\/p>\r\n<\/blockquote>\r\n\r\n\r\n<br clear=\"all\" \/>\r\n<h2>Comment \u00e7a marche\u00a0?<\/h2>\r\nSi Lands Design est install\u00e9 comme n\u0153ud de groupe de travail au lieu d&rsquo;\u00eatre install\u00e9 de fa\u00e7on autonome, le syst\u00e8me fonctionne ainsi\u00a0:\r\n<ul>\r\n\t<li>Lorsqu&rsquo;un n\u0153ud du groupe de travail est lanc\u00e9, une licence est demand\u00e9e au Zoo.<\/li>\r\n\t<li>Une licence libre est assign\u00e9e au n\u0153ud.<\/li>\r\n\t<li>Lorsqu&rsquo;un n\u0153ud est ferm\u00e9, la licence retourne dans la liste des licences dans le Zoo.<\/li>\r\n<\/ul>\r\n<br clear=\"all\" \/>\r\n<h2><a href=\"http:\/\/wiki.mcneel.com\/zoo\/home\">Qu&rsquo;est-ce que le Zoo ?<\/a><\/h2>\r\n<iframe loading=\"lazy\" src=\"\/\/player.vimeo.com\/video\/89968285?title=0&amp;byline=0&amp;portrait=0\" width=\"900\" height=\"506\" frameborder=\"0\" allowfullscreen=\"allowfullscreen\"><\/iframe>[\/et_pb_text][\/et_pb_column][\/et_pb_row][\/et_pb_section]","protected":false},"excerpt":{"rendered":"<p>Module Zoo de RhinoLands \/ Lands Design Le module Zoo de RhinoLands \/ Lands Design permet de partager les licences de Lands Design (codes de produit) avec des utilisateurs du m\u00eame groupe de travail. Cette fonction n&rsquo;est disponible que dans RhinoLands et dans la version de Lands Design pour Rhino. Configuration requise : Zoo &#8211; [&hellip;]<\/p>\n","protected":false},"author":1,"featured_media":0,"parent":60136,"menu_order":0,"comment_status":"closed","ping_status":"closed","template":"","meta":{"_et_pb_use_builder":"on","_et_pb_old_content":"","_et_gb_content_width":"","footnotes":""},"class_list":["post-64585","page","type-page","status-publish","hentry"],"yoast_head":"<!-- This site is optimized with the Yoast SEO plugin v27.3 - https:\/\/yoast.com\/product\/yoast-seo-wordpress\/ -->\n<title>T\u00e9l\u00e9charger le module Zoo - RhinoLands<\/title>\n<meta name=\"robots\" content=\"index, follow, max-snippet:-1, max-image-preview:large, max-video-preview:-1\" \/>\n<link rel=\"canonical\" href=\"https:\/\/rhinolands.com\/fr\/download\/zoo-plugin\/\" \/>\n<meta property=\"og:locale\" content=\"fr_FR\" \/>\n<meta property=\"og:type\" content=\"article\" \/>\n<meta property=\"og:title\" content=\"T\u00e9l\u00e9charger le module Zoo - RhinoLands\" \/>\n<meta property=\"og:description\" content=\"Module Zoo de RhinoLands \/ Lands Design Le module Zoo de RhinoLands \/ Lands Design permet de partager les licences de Lands Design (codes de produit) avec des utilisateurs du m\u00eame groupe de travail. Cette fonction n&#039;est disponible que dans RhinoLands et dans la version de Lands Design pour Rhino. Configuration requise : Zoo - [&hellip;]\" \/>\n<meta property=\"og:url\" content=\"https:\/\/rhinolands.com\/fr\/download\/zoo-plugin\/\" \/>\n<meta property=\"og:site_name\" content=\"RhinoLands\" \/>\n<meta property=\"article:modified_time\" content=\"2024-05-22T13:04:56+00:00\" \/>\n<meta property=\"og:image\" content=\"https:\/\/rhinolands.com\/wp-content\/uploads\/2020\/03\/zooLogoshort.png\" \/>\n<meta name=\"twitter:card\" content=\"summary_large_image\" \/>\n<meta name=\"twitter:label1\" content=\"Dur\u00e9e de lecture estim\u00e9e\" \/>\n\t<meta name=\"twitter:data1\" content=\"3 minutes\" \/>\n<script type=\"application\/ld+json\" class=\"yoast-schema-graph\">{\"@context\":\"https:\\\/\\\/schema.org\",\"@graph\":[{\"@type\":\"WebPage\",\"@id\":\"https:\\\/\\\/rhinolands.com\\\/fr\\\/download\\\/zoo-plugin\\\/\",\"url\":\"https:\\\/\\\/rhinolands.com\\\/fr\\\/download\\\/zoo-plugin\\\/\",\"name\":\"T\u00e9l\u00e9charger le module Zoo - RhinoLands\",\"isPartOf\":{\"@id\":\"https:\\\/\\\/rhinolands.com\\\/fr\\\/#website\"},\"primaryImageOfPage\":{\"@id\":\"https:\\\/\\\/rhinolands.com\\\/fr\\\/download\\\/zoo-plugin\\\/#primaryimage\"},\"image\":{\"@id\":\"https:\\\/\\\/rhinolands.com\\\/fr\\\/download\\\/zoo-plugin\\\/#primaryimage\"},\"thumbnailUrl\":\"https:\\\/\\\/rhinolands.com\\\/wp-content\\\/uploads\\\/2020\\\/03\\\/zooLogoshort.png\",\"datePublished\":\"2020-03-10T09:53:12+00:00\",\"dateModified\":\"2024-05-22T13:04:56+00:00\",\"breadcrumb\":{\"@id\":\"https:\\\/\\\/rhinolands.com\\\/fr\\\/download\\\/zoo-plugin\\\/#breadcrumb\"},\"inLanguage\":\"fr-FR\",\"potentialAction\":[{\"@type\":\"ReadAction\",\"target\":[\"https:\\\/\\\/rhinolands.com\\\/fr\\\/download\\\/zoo-plugin\\\/\"]}]},{\"@type\":\"ImageObject\",\"inLanguage\":\"fr-FR\",\"@id\":\"https:\\\/\\\/rhinolands.com\\\/fr\\\/download\\\/zoo-plugin\\\/#primaryimage\",\"url\":\"https:\\\/\\\/rhinolands.com\\\/wp-content\\\/uploads\\\/2020\\\/03\\\/zooLogoshort.png\",\"contentUrl\":\"https:\\\/\\\/rhinolands.com\\\/wp-content\\\/uploads\\\/2020\\\/03\\\/zooLogoshort.png\"},{\"@type\":\"BreadcrumbList\",\"@id\":\"https:\\\/\\\/rhinolands.com\\\/fr\\\/download\\\/zoo-plugin\\\/#breadcrumb\",\"itemListElement\":[{\"@type\":\"ListItem\",\"position\":1,\"name\":\"Home\",\"item\":\"https:\\\/\\\/rhinolands.com\\\/fr\\\/\"},{\"@type\":\"ListItem\",\"position\":2,\"name\":\"T\u00e9l\u00e9chargement\",\"item\":\"https:\\\/\\\/rhinolands.com\\\/fr\\\/download\\\/\"},{\"@type\":\"ListItem\",\"position\":3,\"name\":\"T\u00e9l\u00e9charger le module Zoo\"}]},{\"@type\":\"WebSite\",\"@id\":\"https:\\\/\\\/rhinolands.com\\\/fr\\\/#website\",\"url\":\"https:\\\/\\\/rhinolands.com\\\/fr\\\/\",\"name\":\"RhinoLands\",\"description\":\"BIM landscape software\",\"publisher\":{\"@id\":\"https:\\\/\\\/rhinolands.com\\\/fr\\\/#organization\"},\"potentialAction\":[{\"@type\":\"SearchAction\",\"target\":{\"@type\":\"EntryPoint\",\"urlTemplate\":\"https:\\\/\\\/rhinolands.com\\\/fr\\\/?s={search_term_string}\"},\"query-input\":{\"@type\":\"PropertyValueSpecification\",\"valueRequired\":true,\"valueName\":\"search_term_string\"}}],\"inLanguage\":\"fr-FR\"},{\"@type\":\"Organization\",\"@id\":\"https:\\\/\\\/rhinolands.com\\\/fr\\\/#organization\",\"name\":\"Asuni Soft\",\"url\":\"https:\\\/\\\/rhinolands.com\\\/fr\\\/\",\"logo\":{\"@type\":\"ImageObject\",\"inLanguage\":\"fr-FR\",\"@id\":\"https:\\\/\\\/rhinolands.com\\\/fr\\\/#\\\/schema\\\/logo\\\/image\\\/\",\"url\":\"https:\\\/\\\/rhinolands.com\\\/wp-content\\\/uploads\\\/2020\\\/02\\\/AsuniLogoFinal-01.png\",\"contentUrl\":\"https:\\\/\\\/rhinolands.com\\\/wp-content\\\/uploads\\\/2020\\\/02\\\/AsuniLogoFinal-01.png\",\"width\":151,\"height\":46,\"caption\":\"Asuni Soft\"},\"image\":{\"@id\":\"https:\\\/\\\/rhinolands.com\\\/fr\\\/#\\\/schema\\\/logo\\\/image\\\/\"}}]}<\/script>\n<!-- \/ Yoast SEO plugin. -->","yoast_head_json":{"title":"T\u00e9l\u00e9charger le module Zoo - RhinoLands","robots":{"index":"index","follow":"follow","max-snippet":"max-snippet:-1","max-image-preview":"max-image-preview:large","max-video-preview":"max-video-preview:-1"},"canonical":"https:\/\/rhinolands.com\/fr\/download\/zoo-plugin\/","og_locale":"fr_FR","og_type":"article","og_title":"T\u00e9l\u00e9charger le module Zoo - RhinoLands","og_description":"Module Zoo de RhinoLands \/ Lands Design Le module Zoo de RhinoLands \/ Lands Design permet de partager les licences de Lands Design (codes de produit) avec des utilisateurs du m\u00eame groupe de travail. Cette fonction n'est disponible que dans RhinoLands et dans la version de Lands Design pour Rhino. Configuration requise : Zoo - [&hellip;]","og_url":"https:\/\/rhinolands.com\/fr\/download\/zoo-plugin\/","og_site_name":"RhinoLands","article_modified_time":"2024-05-22T13:04:56+00:00","og_image":[{"url":"https:\/\/rhinolands.com\/wp-content\/uploads\/2020\/03\/zooLogoshort.png","type":"","width":"","height":""}],"twitter_card":"summary_large_image","twitter_misc":{"Dur\u00e9e de lecture estim\u00e9e":"3 minutes"},"schema":{"@context":"https:\/\/schema.org","@graph":[{"@type":"WebPage","@id":"https:\/\/rhinolands.com\/fr\/download\/zoo-plugin\/","url":"https:\/\/rhinolands.com\/fr\/download\/zoo-plugin\/","name":"T\u00e9l\u00e9charger le module Zoo - RhinoLands","isPartOf":{"@id":"https:\/\/rhinolands.com\/fr\/#website"},"primaryImageOfPage":{"@id":"https:\/\/rhinolands.com\/fr\/download\/zoo-plugin\/#primaryimage"},"image":{"@id":"https:\/\/rhinolands.com\/fr\/download\/zoo-plugin\/#primaryimage"},"thumbnailUrl":"https:\/\/rhinolands.com\/wp-content\/uploads\/2020\/03\/zooLogoshort.png","datePublished":"2020-03-10T09:53:12+00:00","dateModified":"2024-05-22T13:04:56+00:00","breadcrumb":{"@id":"https:\/\/rhinolands.com\/fr\/download\/zoo-plugin\/#breadcrumb"},"inLanguage":"fr-FR","potentialAction":[{"@type":"ReadAction","target":["https:\/\/rhinolands.com\/fr\/download\/zoo-plugin\/"]}]},{"@type":"ImageObject","inLanguage":"fr-FR","@id":"https:\/\/rhinolands.com\/fr\/download\/zoo-plugin\/#primaryimage","url":"https:\/\/rhinolands.com\/wp-content\/uploads\/2020\/03\/zooLogoshort.png","contentUrl":"https:\/\/rhinolands.com\/wp-content\/uploads\/2020\/03\/zooLogoshort.png"},{"@type":"BreadcrumbList","@id":"https:\/\/rhinolands.com\/fr\/download\/zoo-plugin\/#breadcrumb","itemListElement":[{"@type":"ListItem","position":1,"name":"Home","item":"https:\/\/rhinolands.com\/fr\/"},{"@type":"ListItem","position":2,"name":"T\u00e9l\u00e9chargement","item":"https:\/\/rhinolands.com\/fr\/download\/"},{"@type":"ListItem","position":3,"name":"T\u00e9l\u00e9charger le module Zoo"}]},{"@type":"WebSite","@id":"https:\/\/rhinolands.com\/fr\/#website","url":"https:\/\/rhinolands.com\/fr\/","name":"RhinoLands","description":"BIM landscape software","publisher":{"@id":"https:\/\/rhinolands.com\/fr\/#organization"},"potentialAction":[{"@type":"SearchAction","target":{"@type":"EntryPoint","urlTemplate":"https:\/\/rhinolands.com\/fr\/?s={search_term_string}"},"query-input":{"@type":"PropertyValueSpecification","valueRequired":true,"valueName":"search_term_string"}}],"inLanguage":"fr-FR"},{"@type":"Organization","@id":"https:\/\/rhinolands.com\/fr\/#organization","name":"Asuni Soft","url":"https:\/\/rhinolands.com\/fr\/","logo":{"@type":"ImageObject","inLanguage":"fr-FR","@id":"https:\/\/rhinolands.com\/fr\/#\/schema\/logo\/image\/","url":"https:\/\/rhinolands.com\/wp-content\/uploads\/2020\/02\/AsuniLogoFinal-01.png","contentUrl":"https:\/\/rhinolands.com\/wp-content\/uploads\/2020\/02\/AsuniLogoFinal-01.png","width":151,"height":46,"caption":"Asuni Soft"},"image":{"@id":"https:\/\/rhinolands.com\/fr\/#\/schema\/logo\/image\/"}}]}},"_links":{"self":[{"href":"https:\/\/rhinolands.com\/fr\/wp-json\/wp\/v2\/pages\/64585","targetHints":{"allow":["GET"]}}],"collection":[{"href":"https:\/\/rhinolands.com\/fr\/wp-json\/wp\/v2\/pages"}],"about":[{"href":"https:\/\/rhinolands.com\/fr\/wp-json\/wp\/v2\/types\/page"}],"author":[{"embeddable":true,"href":"https:\/\/rhinolands.com\/fr\/wp-json\/wp\/v2\/users\/1"}],"replies":[{"embeddable":true,"href":"https:\/\/rhinolands.com\/fr\/wp-json\/wp\/v2\/comments?post=64585"}],"version-history":[{"count":3,"href":"https:\/\/rhinolands.com\/fr\/wp-json\/wp\/v2\/pages\/64585\/revisions"}],"predecessor-version":[{"id":81871,"href":"https:\/\/rhinolands.com\/fr\/wp-json\/wp\/v2\/pages\/64585\/revisions\/81871"}],"up":[{"embeddable":true,"href":"https:\/\/rhinolands.com\/fr\/wp-json\/wp\/v2\/pages\/60136"}],"wp:attachment":[{"href":"https:\/\/rhinolands.com\/fr\/wp-json\/wp\/v2\/media?parent=64585"}],"curies":[{"name":"wp","href":"https:\/\/api.w.org\/{rel}","templated":true}]}}