{"id":65788,"date":"2020-07-16T12:42:43","date_gmt":"2020-07-16T12:42:43","guid":{"rendered":"https:\/\/rhinolands.com\/legal\/politique-de-confidentialite-de-lands-design\/"},"modified":"2020-07-16T12:42:43","modified_gmt":"2020-07-16T12:42:43","slug":"politique-de-confidentialite-de-lands-design","status":"publish","type":"page","link":"https:\/\/rhinolands.com\/fr\/legal\/politique-de-confidentialite-de-lands-design\/","title":{"rendered":"Politique de confidentialit\u00e9 de Lands Design"},"content":{"rendered":"<h1>Politique de confidentialit\u00e9 du logiciel Lands Design<\/h1>\nLands Design ne lit aucune donn\u00e9e se trouvant sur l&rsquo;ordinateur de l&rsquo;utilisateur en dehors des donn\u00e9es li\u00e9es \u00e0 l&rsquo;installation d&rsquo;AutoCAD<span style=\"font-weight: 400;\">\u00ae<\/span><span style=\"font-weight: 400;\"> afin de pouvoir \u00eatre reconnu par celui-ci.<\/span>\n\nLands Design ne recueille ni envoie aucun type de donn\u00e9es utilisateur provenant de l&rsquo;ordinateur sur lequel il est install\u00e9.\n\nLands Design utilise des connexions HTTP pour :\n<ul>\n \t<li>T\u00e9l\u00e9charger des fichiers de ressources depuis les serveurs d&rsquo;Asuni, tels que les images de la base de donn\u00e9es de plantes, les donn\u00e9es d&rsquo;\u00e9l\u00e9vation de la Terre et les fournisseurs de mobilier urbain.<\/li>\n \t<li>T\u00e9l\u00e9charger des images satellite depuis les serveurs de MapBox <span style=\"font-weight: 400;\">\u00ae<\/span><span style=\"font-weight: 400;\">.<\/span><\/li>\n \t<li>Rechercher les mises \u00e0 jour :\n<ul>\n \t<li>Lands Design envoie la version de Lands Design install\u00e9e actuellement de fa\u00e7on anonyme.<\/li>\n<\/ul>\n<\/li>\n \t<li>Valider la licence :\n<ul>\n \t<li>Les connexions pour la validation de la licence sont s\u00e9curis\u00e9es (HTTPS).<\/li>\n \t<li>Les informations personnelles suivantes sont envoy\u00e9es lorsqu&rsquo;une licence est valid\u00e9e : cl\u00e9 de licence, adresse e-mail, nom et entreprise.<\/li>\n \t<li>Un code alphanum\u00e9rique est envoy\u00e9 lorsqu&rsquo;une licence est valid\u00e9e. Ce code comprend un num\u00e9ro d&rsquo;identification de l&rsquo;appareil qui identifie l&rsquo;ordinateur autoris\u00e9 \u00e0 ex\u00e9cuter Lands Design.<\/li>\n<\/ul>\n<\/li>\n<\/ul>\nLands Design n&rsquo;analyse pas le comportement de l&rsquo;utilisateur et n&rsquo;envoie pas de statistiques d&rsquo;utilisation.\n\n&nbsp;\n\n<em>AutoCAD est une marque de commerce ou d\u00e9pos\u00e9e d&rsquo;Autodesk, Inc.<\/em>\n<em>MAPBOX est une marque de commerce de MAPBOX, INC.<\/em>","protected":false},"excerpt":{"rendered":"<p>Politique de confidentialit\u00e9 du logiciel Lands Design Lands Design ne lit aucune donn\u00e9e se trouvant sur l&rsquo;ordinateur de l&rsquo;utilisateur en dehors des donn\u00e9es li\u00e9es \u00e0 l&rsquo;installation d&rsquo;AutoCAD\u00ae afin de pouvoir \u00eatre reconnu par celui-ci. Lands Design ne recueille ni envoie aucun type de donn\u00e9es utilisateur provenant de l&rsquo;ordinateur sur lequel il est install\u00e9. Lands Design [&hellip;]<\/p>\n","protected":false},"author":1,"featured_media":0,"parent":60103,"menu_order":0,"comment_status":"closed","ping_status":"closed","template":"","meta":{"_et_pb_use_builder":"","_et_pb_old_content":"","_et_gb_content_width":"","footnotes":""},"class_list":["post-65788","page","type-page","status-publish","hentry"],"yoast_head":"<!-- This site is optimized with the Yoast SEO plugin v27.3 - https:\/\/yoast.com\/product\/yoast-seo-wordpress\/ -->\n<title>Politique de confidentialit\u00e9 de Lands Design - RhinoLands<\/title>\n<meta name=\"robots\" content=\"index, follow, max-snippet:-1, max-image-preview:large, max-video-preview:-1\" \/>\n<link rel=\"canonical\" href=\"https:\/\/rhinolands.com\/fr\/legal\/politique-de-confidentialite-de-lands-design\/\" \/>\n<meta property=\"og:locale\" content=\"fr_FR\" \/>\n<meta property=\"og:type\" content=\"article\" \/>\n<meta property=\"og:title\" content=\"Politique de confidentialit\u00e9 de Lands Design - RhinoLands\" \/>\n<meta property=\"og:description\" content=\"Politique de confidentialit\u00e9 du logiciel Lands Design Lands Design ne lit aucune donn\u00e9e se trouvant sur l&rsquo;ordinateur de l&rsquo;utilisateur en dehors des donn\u00e9es li\u00e9es \u00e0 l&rsquo;installation d&rsquo;AutoCAD\u00ae afin de pouvoir \u00eatre reconnu par celui-ci. Lands Design ne recueille ni envoie aucun type de donn\u00e9es utilisateur provenant de l&rsquo;ordinateur sur lequel il est install\u00e9. Lands Design [&hellip;]\" \/>\n<meta property=\"og:url\" content=\"https:\/\/rhinolands.com\/fr\/legal\/politique-de-confidentialite-de-lands-design\/\" \/>\n<meta property=\"og:site_name\" content=\"RhinoLands\" \/>\n<meta name=\"twitter:card\" content=\"summary_large_image\" \/>\n<meta name=\"twitter:label1\" content=\"Dur\u00e9e de lecture estim\u00e9e\" \/>\n\t<meta name=\"twitter:data1\" content=\"1 minute\" \/>\n<script type=\"application\/ld+json\" class=\"yoast-schema-graph\">{\"@context\":\"https:\\\/\\\/schema.org\",\"@graph\":[{\"@type\":\"WebPage\",\"@id\":\"https:\\\/\\\/rhinolands.com\\\/fr\\\/legal\\\/politique-de-confidentialite-de-lands-design\\\/\",\"url\":\"https:\\\/\\\/rhinolands.com\\\/fr\\\/legal\\\/politique-de-confidentialite-de-lands-design\\\/\",\"name\":\"Politique de confidentialit\u00e9 de Lands Design - RhinoLands\",\"isPartOf\":{\"@id\":\"https:\\\/\\\/rhinolands.com\\\/fr\\\/#website\"},\"datePublished\":\"2020-07-16T12:42:43+00:00\",\"breadcrumb\":{\"@id\":\"https:\\\/\\\/rhinolands.com\\\/fr\\\/legal\\\/politique-de-confidentialite-de-lands-design\\\/#breadcrumb\"},\"inLanguage\":\"fr-FR\",\"potentialAction\":[{\"@type\":\"ReadAction\",\"target\":[\"https:\\\/\\\/rhinolands.com\\\/fr\\\/legal\\\/politique-de-confidentialite-de-lands-design\\\/\"]}]},{\"@type\":\"BreadcrumbList\",\"@id\":\"https:\\\/\\\/rhinolands.com\\\/fr\\\/legal\\\/politique-de-confidentialite-de-lands-design\\\/#breadcrumb\",\"itemListElement\":[{\"@type\":\"ListItem\",\"position\":1,\"name\":\"Home\",\"item\":\"https:\\\/\\\/rhinolands.com\\\/fr\\\/\"},{\"@type\":\"ListItem\",\"position\":2,\"name\":\"L\u00e9gal\",\"item\":\"https:\\\/\\\/rhinolands.com\\\/fr\\\/legal\\\/\"},{\"@type\":\"ListItem\",\"position\":3,\"name\":\"Politique de confidentialit\u00e9 de Lands Design\"}]},{\"@type\":\"WebSite\",\"@id\":\"https:\\\/\\\/rhinolands.com\\\/fr\\\/#website\",\"url\":\"https:\\\/\\\/rhinolands.com\\\/fr\\\/\",\"name\":\"RhinoLands\",\"description\":\"BIM landscape software\",\"publisher\":{\"@id\":\"https:\\\/\\\/rhinolands.com\\\/fr\\\/#organization\"},\"potentialAction\":[{\"@type\":\"SearchAction\",\"target\":{\"@type\":\"EntryPoint\",\"urlTemplate\":\"https:\\\/\\\/rhinolands.com\\\/fr\\\/?s={search_term_string}\"},\"query-input\":{\"@type\":\"PropertyValueSpecification\",\"valueRequired\":true,\"valueName\":\"search_term_string\"}}],\"inLanguage\":\"fr-FR\"},{\"@type\":\"Organization\",\"@id\":\"https:\\\/\\\/rhinolands.com\\\/fr\\\/#organization\",\"name\":\"Asuni Soft\",\"url\":\"https:\\\/\\\/rhinolands.com\\\/fr\\\/\",\"logo\":{\"@type\":\"ImageObject\",\"inLanguage\":\"fr-FR\",\"@id\":\"https:\\\/\\\/rhinolands.com\\\/fr\\\/#\\\/schema\\\/logo\\\/image\\\/\",\"url\":\"https:\\\/\\\/rhinolands.com\\\/wp-content\\\/uploads\\\/2020\\\/02\\\/AsuniLogoFinal-01.png\",\"contentUrl\":\"https:\\\/\\\/rhinolands.com\\\/wp-content\\\/uploads\\\/2020\\\/02\\\/AsuniLogoFinal-01.png\",\"width\":151,\"height\":46,\"caption\":\"Asuni Soft\"},\"image\":{\"@id\":\"https:\\\/\\\/rhinolands.com\\\/fr\\\/#\\\/schema\\\/logo\\\/image\\\/\"}}]}<\/script>\n<!-- \/ Yoast SEO plugin. -->","yoast_head_json":{"title":"Politique de confidentialit\u00e9 de Lands Design - RhinoLands","robots":{"index":"index","follow":"follow","max-snippet":"max-snippet:-1","max-image-preview":"max-image-preview:large","max-video-preview":"max-video-preview:-1"},"canonical":"https:\/\/rhinolands.com\/fr\/legal\/politique-de-confidentialite-de-lands-design\/","og_locale":"fr_FR","og_type":"article","og_title":"Politique de confidentialit\u00e9 de Lands Design - RhinoLands","og_description":"Politique de confidentialit\u00e9 du logiciel Lands Design Lands Design ne lit aucune donn\u00e9e se trouvant sur l&rsquo;ordinateur de l&rsquo;utilisateur en dehors des donn\u00e9es li\u00e9es \u00e0 l&rsquo;installation d&rsquo;AutoCAD\u00ae afin de pouvoir \u00eatre reconnu par celui-ci. Lands Design ne recueille ni envoie aucun type de donn\u00e9es utilisateur provenant de l&rsquo;ordinateur sur lequel il est install\u00e9. Lands Design [&hellip;]","og_url":"https:\/\/rhinolands.com\/fr\/legal\/politique-de-confidentialite-de-lands-design\/","og_site_name":"RhinoLands","twitter_card":"summary_large_image","twitter_misc":{"Dur\u00e9e de lecture estim\u00e9e":"1 minute"},"schema":{"@context":"https:\/\/schema.org","@graph":[{"@type":"WebPage","@id":"https:\/\/rhinolands.com\/fr\/legal\/politique-de-confidentialite-de-lands-design\/","url":"https:\/\/rhinolands.com\/fr\/legal\/politique-de-confidentialite-de-lands-design\/","name":"Politique de confidentialit\u00e9 de Lands Design - RhinoLands","isPartOf":{"@id":"https:\/\/rhinolands.com\/fr\/#website"},"datePublished":"2020-07-16T12:42:43+00:00","breadcrumb":{"@id":"https:\/\/rhinolands.com\/fr\/legal\/politique-de-confidentialite-de-lands-design\/#breadcrumb"},"inLanguage":"fr-FR","potentialAction":[{"@type":"ReadAction","target":["https:\/\/rhinolands.com\/fr\/legal\/politique-de-confidentialite-de-lands-design\/"]}]},{"@type":"BreadcrumbList","@id":"https:\/\/rhinolands.com\/fr\/legal\/politique-de-confidentialite-de-lands-design\/#breadcrumb","itemListElement":[{"@type":"ListItem","position":1,"name":"Home","item":"https:\/\/rhinolands.com\/fr\/"},{"@type":"ListItem","position":2,"name":"L\u00e9gal","item":"https:\/\/rhinolands.com\/fr\/legal\/"},{"@type":"ListItem","position":3,"name":"Politique de confidentialit\u00e9 de Lands Design"}]},{"@type":"WebSite","@id":"https:\/\/rhinolands.com\/fr\/#website","url":"https:\/\/rhinolands.com\/fr\/","name":"RhinoLands","description":"BIM landscape software","publisher":{"@id":"https:\/\/rhinolands.com\/fr\/#organization"},"potentialAction":[{"@type":"SearchAction","target":{"@type":"EntryPoint","urlTemplate":"https:\/\/rhinolands.com\/fr\/?s={search_term_string}"},"query-input":{"@type":"PropertyValueSpecification","valueRequired":true,"valueName":"search_term_string"}}],"inLanguage":"fr-FR"},{"@type":"Organization","@id":"https:\/\/rhinolands.com\/fr\/#organization","name":"Asuni Soft","url":"https:\/\/rhinolands.com\/fr\/","logo":{"@type":"ImageObject","inLanguage":"fr-FR","@id":"https:\/\/rhinolands.com\/fr\/#\/schema\/logo\/image\/","url":"https:\/\/rhinolands.com\/wp-content\/uploads\/2020\/02\/AsuniLogoFinal-01.png","contentUrl":"https:\/\/rhinolands.com\/wp-content\/uploads\/2020\/02\/AsuniLogoFinal-01.png","width":151,"height":46,"caption":"Asuni Soft"},"image":{"@id":"https:\/\/rhinolands.com\/fr\/#\/schema\/logo\/image\/"}}]}},"_links":{"self":[{"href":"https:\/\/rhinolands.com\/fr\/wp-json\/wp\/v2\/pages\/65788","targetHints":{"allow":["GET"]}}],"collection":[{"href":"https:\/\/rhinolands.com\/fr\/wp-json\/wp\/v2\/pages"}],"about":[{"href":"https:\/\/rhinolands.com\/fr\/wp-json\/wp\/v2\/types\/page"}],"author":[{"embeddable":true,"href":"https:\/\/rhinolands.com\/fr\/wp-json\/wp\/v2\/users\/1"}],"replies":[{"embeddable":true,"href":"https:\/\/rhinolands.com\/fr\/wp-json\/wp\/v2\/comments?post=65788"}],"version-history":[{"count":0,"href":"https:\/\/rhinolands.com\/fr\/wp-json\/wp\/v2\/pages\/65788\/revisions"}],"up":[{"embeddable":true,"href":"https:\/\/rhinolands.com\/fr\/wp-json\/wp\/v2\/pages\/60103"}],"wp:attachment":[{"href":"https:\/\/rhinolands.com\/fr\/wp-json\/wp\/v2\/media?parent=65788"}],"curies":[{"name":"wp","href":"https:\/\/api.w.org\/{rel}","templated":true}]}}