{"id":66747,"date":"2020-12-14T10:48:46","date_gmt":"2020-12-14T09:48:46","guid":{"rendered":"https:\/\/rhinolands.com\/learn\/tutoriels-video\/"},"modified":"2025-08-26T12:48:02","modified_gmt":"2025-08-26T10:48:02","slug":"video-tutorial","status":"publish","type":"page","link":"https:\/\/rhinolands.com\/fr\/learn\/video-tutorial\/","title":{"rendered":"Tutoriels vid\u00e9o"},"content":{"rendered":"<p>[et_pb_section admin_label=\u00a0\u00bbsection\u00a0\u00bb]<br \/>\n\t\t\t[et_pb_row admin_label=\u00a0\u00bbrow\u00a0\u00bb]<br \/>\n\t\t\t\t[et_pb_column type=\u00a0\u00bb4_4&Prime;][et_pb_text admin_label=\u00a0\u00bbText\u00a0\u00bb]<\/p>\n\n<style>\n .min-height-tutorial-description {\n min-height: 9ch;\n margin-bottom: 3ch;\n }\n<\/style>\n\n<h1 class=\"wp-block-heading\">Tutoriels vid\u00e9o de Lands Design<\/h1>\n\n<p>Dans les tutoriels vid\u00e9o suivants, vous d\u00e9couvrirez les principales fonctions de Lands Design (pour Rhino), tout en cr\u00e9ant un projet paysager. Les vid\u00e9os sont organis\u00e9es en rubriques.<\/p>\n\n<p>T\u00e9l\u00e9chargez le fichier en cliquant<a href=\"https:\/\/rhinolands.com\/wp-content\/uploads\/2022\/03\/Lands_Design_Tutorial_for_practice.zip\">ici<\/a> pour commencer \u00e0 r\u00e9aliser ce tutoriel.<\/p>\n\n<h3 class=\"wp-block-heading mt-4\">R\u00e9sum\u00e9<\/h3>\n\n<ul>\n<li><a href=\"#rhino-overview\">Tutoriel 0\u00a0: Bases de l\u2019interface de RhinoLands<\/a><\/li>\n\n\n\n<li><a href=\"#lands-design-interface\">Tutoriel 1\u00a0: Interface de Lands Design<\/a><\/li>\n\n\n\n<li><a href=\"#terrain-modeling-tools\">Tutoriel 2\u00a0: Outils de mod\u00e9lisation de terrain<\/a><\/li>\n\n\n\n<li><a href=\"#civil-work-objects\">Tutoriel 3\u00a0: \u00c9l\u00e9ments de structure<\/a><\/li>\n\n\n\n<li><a href=\"#plant-database-and-vegetation\">Tutoriel 4\u00a0: Base de donn\u00e9es de plantes et v\u00e9g\u00e9tation<\/a><\/li>\n\n\n\n<li><a href=\"#documentation-tools\">Tutoriel 5\u00a0: Outils de documentation<\/a><\/li>\n\n\n\n<li><a href=\"#rendering-and-animation-tools\">Tutoriel 6\u00a0: Outils de rendu et d\u2019animation<\/a><\/li>\n<\/ul>\n\n<div class=\"wp-block-columns\">\n<div class=\"wp-block-column my-5\">\n<h2 class=\"wp-block-heading\" id=\"rhino-overview\">Tutoriel 0\u00a0: Bases de l\u2019interface de RhinoLands<\/h2>\n\n\n\n<p class=\"min-height-tutorial-description\">Ce tutoriel pr\u00e9sente les barres d\u2019outils et les bo\u00eetes de dialogue de RhinoLands.<\/p>\n\n\n\n&nbsp;<br><div class='youtube-div-16-9'> \n\t\t\t\t\t\t<iframe class='youtube-iframe'\n\t\t\t\t\t\t\tsrc='https:\/\/www.youtube.com\/embed\/BiOOlWtW4Jo?rel=0' \n\t\t\t\t\t\t\tframeborder='0' \n\t\t\t\t\t\t\tallow='accelerometer; autoplay; clipboard-write; encrypted-media; gyroscope; picture-in-picture' \n\t\t\t\t\t\t\tallowfullscreen=''>\n\t\t\t\t\t\t<\/iframe>\n\t\t\t\t\t<\/div>\n<\/div>\n\n\n\n<div class=\"wp-block-column\"><\/div>\n<\/div>\n\n<ul>\n<li><a href=\"https:\/\/www.youtube.com\/watch?v=BiOOlWtW4Jo&amp;t=0s\" target=\"_blank\" rel=\"noreferrer noopener\">0:00<\/a>\u200b Barre d\u2019outils standard<\/li>\n\n\n\n<li><a href=\"https:\/\/www.youtube.com\/watch?v=BiOOlWtW4Jo&amp;t=164s\" target=\"_blank\" rel=\"noreferrer noopener\">2:44<\/a>\u200b Principal groupe de barres d\u2019outils<\/li>\n\n\n\n<li><a href=\"https:\/\/www.youtube.com\/watch?v=BiOOlWtW4Jo&amp;t=285s\" target=\"_blank\" rel=\"noreferrer noopener\">4:45<\/a>\u200b Barre d\u2019outils lat\u00e9rale<\/li>\n\n\n\n<li><a href=\"https:\/\/www.youtube.com\/watch?v=BiOOlWtW4Jo&amp;t=326s\" target=\"_blank\" rel=\"noreferrer noopener\">5:26<\/a>\u200b Ligne de commande<\/li>\n\n\n\n<li><a href=\"https:\/\/www.youtube.com\/watch?v=BiOOlWtW4Jo&amp;t=403s\" target=\"_blank\" rel=\"noreferrer noopener\">6:43<\/a>\u200b Barre d\u2019outils d\u2019\u00e9tat et barre d\u2019outils d\u2019accrochages aux objets<\/li>\n\n\n\n<li><a href=\"https:\/\/www.youtube.com\/watch?v=BiOOlWtW4Jo&amp;t=457s\" target=\"_blank\" rel=\"noreferrer noopener\">7:37<\/a>\u200b Panneaux et conteneurs<\/li>\n<\/ul>\n\n<p><\/p>\n\n<p><em>Les tutoriels ci-dessous pr\u00e9sentent actuellement Lands Design en tant que module dans l\u2019interface de Rhino. Ils seront prochainement mis \u00e0 jour pour refl\u00e9ter la nouvelle interface autonome.<\/em><\/p>\n\n<div class=\"wp-block-columns\">\n<div class=\"wp-block-column my-5\">\n<h2 class=\"wp-block-heading\" id=\"lands-design-interface\">Tutoriel 1\u00a0: Interface de Lands Design<\/h2>\n\n\n\n<p class=\"min-height-tutorial-description\">Ce tutoriel pr\u00e9sente les barres d\u2019outils et les bo\u00eetes de dialogue de Lands Design.<\/p>\n\n\n\n&nbsp;<br><div class='youtube-div-16-9'> \n\t\t\t\t\t\t<iframe class='youtube-iframe'\n\t\t\t\t\t\t\tsrc='https:\/\/www.youtube.com\/embed\/QxEl2OYBe7U?rel=0' \n\t\t\t\t\t\t\tframeborder='0' \n\t\t\t\t\t\t\tallow='accelerometer; autoplay; clipboard-write; encrypted-media; gyroscope; picture-in-picture' \n\t\t\t\t\t\t\tallowfullscreen=''>\n\t\t\t\t\t\t<\/iframe>\n\t\t\t\t\t<\/div>\n\n\n\n<ul>\n<li><a href=\"https:\/\/www.youtube.com\/watch?v=QxEl2OYBe7U&amp;list=PLBKOaJp17CZq51xtf5XlpXs_FEUeYvnsA&amp;index=2&amp;t=0s\">0:00<\/a>\u200b Introduction<\/li>\n\n\n\n<li><a href=\"https:\/\/www.youtube.com\/watch?v=QxEl2OYBe7U&amp;list=PLBKOaJp17CZq51xtf5XlpXs_FEUeYvnsA&amp;index=2&amp;t=49s\">0:49<\/a>\u200b Ex\u00e9cuter Lands Design<\/li>\n\n\n\n<li><a href=\"https:\/\/www.youtube.com\/watch?v=QxEl2OYBe7U&amp;list=PLBKOaJp17CZq51xtf5XlpXs_FEUeYvnsA&amp;index=2&amp;t=112s\">1:52<\/a>\u200b Barres d\u2019outils<\/li>\n\n\n\n<li><a href=\"https:\/\/www.youtube.com\/watch?v=QxEl2OYBe7U&amp;list=PLBKOaJp17CZq51xtf5XlpXs_FEUeYvnsA&amp;index=2&amp;t=266s\">4:26<\/a>\u200b Panneau d\u2019\u00e9dition<\/li>\n\n\n\n<li><a href=\"https:\/\/www.youtube.com\/watch?v=QxEl2OYBe7U&amp;list=PLBKOaJp17CZq51xtf5XlpXs_FEUeYvnsA&amp;index=2&amp;t=537s\">8:57<\/a>\u200b Explorateur de propri\u00e9t\u00e9s<\/li>\n\n\n\n<li><a href=\"https:\/\/www.youtube.com\/watch?v=QxEl2OYBe7U&amp;list=PLBKOaJp17CZq51xtf5XlpXs_FEUeYvnsA&amp;index=2&amp;t=560s\">9:20<\/a>\u200b Menu et menu contextuel<\/li>\n\n\n\n<li><a href=\"https:\/\/www.youtube.com\/watch?v=QxEl2OYBe7U&amp;list=PLBKOaJp17CZq51xtf5XlpXs_FEUeYvnsA&amp;index=2&amp;t=592s\">9:52<\/a>\u200b Aide en ligne<\/li>\n<\/ul>\n<\/div>\n\n\n\n<div class=\"wp-block-column my-5\">\n<h2 class=\"wp-block-heading\" id=\"terrain-modeling-tools\">Tutoriel 2\u00a0: Outils de mod\u00e9lisation de terrain<\/h2>\n\n\n\n<p class=\"min-height-tutorial-description\">Ce tutoriel pr\u00e9sente les principaux outils permettant de cr\u00e9er des terrains et de travailler avec dans Lands Design. Il montre \u00e9galement comment importer des terrains depuis Internet ou des mod\u00e8les num\u00e9riques de terrain (MNT).<\/p>\n\n\n\n&nbsp;<br><div class='youtube-div-16-9'> \n\t\t\t\t\t\t<iframe class='youtube-iframe'\n\t\t\t\t\t\t\tsrc='https:\/\/www.youtube.com\/embed\/DvSJ7M_aZ7I?rel=0' \n\t\t\t\t\t\t\tframeborder='0' \n\t\t\t\t\t\t\tallow='accelerometer; autoplay; clipboard-write; encrypted-media; gyroscope; picture-in-picture' \n\t\t\t\t\t\t\tallowfullscreen=''>\n\t\t\t\t\t\t<\/iframe>\n\t\t\t\t\t<\/div>\n\n\n\n<ul>\n<li><a href=\"https:\/\/www.youtube.com\/watch?v=DvSJ7M_aZ7I&amp;list=PLBKOaJp17CZq51xtf5XlpXs_FEUeYvnsA&amp;index=3&amp;t=0s\">0:00<\/a>\u200b Introduction<\/li>\n\n\n\n<li><a href=\"https:\/\/www.youtube.com\/watch?v=DvSJ7M_aZ7I&amp;list=PLBKOaJp17CZq51xtf5XlpXs_FEUeYvnsA&amp;index=3&amp;t=51s\">0:51<\/a>\u200b Scanner et importer des terrains \u00e0 partir d\u2019Internet<\/li>\n\n\n\n<li><a href=\"https:\/\/www.youtube.com\/watch?v=DvSJ7M_aZ7I&amp;list=PLBKOaJp17CZq51xtf5XlpXs_FEUeYvnsA&amp;index=3&amp;t=362s\">6:02<\/a>\u200b Terrain \u00e0 partir d\u2019un fichier MNT<\/li>\n\n\n\n<li><a href=\"https:\/\/www.youtube.com\/watch?v=DvSJ7M_aZ7I&amp;list=PLBKOaJp17CZq51xtf5XlpXs_FEUeYvnsA&amp;index=3&amp;t=482s\">8:02<\/a>\u200b Cr\u00e9er un nouveau terrain<\/li>\n\n\n\n<li><a href=\"https:\/\/www.youtube.com\/watch?v=DvSJ7M_aZ7I&amp;list=PLBKOaJp17CZq51xtf5XlpXs_FEUeYvnsA&amp;index=3&amp;t=882s\">14:42<\/a>\u200b S\u00e9lectionner une fronti\u00e8re<\/li>\n\n\n\n<li><a href=\"https:\/\/www.youtube.com\/watch?v=DvSJ7M_aZ7I&amp;list=PLBKOaJp17CZq51xtf5XlpXs_FEUeYvnsA&amp;index=3&amp;t=1091s\">18:11<\/a>\u200b Ajouter une courbe de niveau<\/li>\n\n\n\n<li><a href=\"https:\/\/www.youtube.com\/watch?v=DvSJ7M_aZ7I&amp;list=PLBKOaJp17CZq51xtf5XlpXs_FEUeYvnsA&amp;index=3&amp;t=1169s\">19:29<\/a>\u200b Ajouter un trou<\/li>\n\n\n\n<li><a href=\"https:\/\/www.youtube.com\/watch?v=DvSJ7M_aZ7I&amp;list=PLBKOaJp17CZq51xtf5XlpXs_FEUeYvnsA&amp;index=3&amp;t=1308s\">21:48<\/a>\u200b Ajouter des d\u00e9blais et remblais<\/li>\n\n\n\n<li><a href=\"https:\/\/www.youtube.com\/watch?v=DvSJ7M_aZ7I&amp;list=PLBKOaJp17CZq51xtf5XlpXs_FEUeYvnsA&amp;index=3&amp;t=1462s\">24:22<\/a>\u200b Ajouter un chemin<\/li>\n\n\n\n<li><a href=\"https:\/\/www.youtube.com\/watch?v=DvSJ7M_aZ7I&amp;list=PLBKOaJp17CZq51xtf5XlpXs_FEUeYvnsA&amp;index=3&amp;t=1775s\">29:35<\/a>\u200b Ajouter une division<\/li>\n\n\n\n<li><a href=\"https:\/\/www.youtube.com\/watch?v=DvSJ7M_aZ7I&amp;list=PLBKOaJp17CZq51xtf5XlpXs_FEUeYvnsA&amp;index=3&amp;t=1871s\">31:11<\/a>\u200b Lister les informations sur le terrain<\/li>\n<\/ul>\n<\/div>\n<\/div>\n\n<div class=\"wp-block-columns\">\n<div class=\"wp-block-column\">\n<h2 class=\"wp-block-heading\" id=\"civil-work-objects\">Tutoriel 3\u00a0: Zones et \u00e9l\u00e9ments de structure<\/h2>\n\n\n\n<p>Ce tutoriel couvre la commande de zonage et les autres outils permettant de travailler avec des \u00e9l\u00e9ments de structure.<\/p>\n\n\n\n&nbsp;<br><div class='youtube-div-16-9'> \n\t\t\t\t\t\t<iframe class='youtube-iframe'\n\t\t\t\t\t\t\tsrc='https:\/\/www.youtube.com\/embed\/chV3zDI8Um8?rel=0' \n\t\t\t\t\t\t\tframeborder='0' \n\t\t\t\t\t\t\tallow='accelerometer; autoplay; clipboard-write; encrypted-media; gyroscope; picture-in-picture' \n\t\t\t\t\t\t\tallowfullscreen=''>\n\t\t\t\t\t\t<\/iframe>\n\t\t\t\t\t<\/div>\n\n\n\n<ul>\n<li><a href=\"https:\/\/www.youtube.com\/watch?v=chV3zDI8Um8&amp;list=PLBKOaJp17CZq51xtf5XlpXs_FEUeYvnsA&amp;index=4&amp;t=0s\">0:00<\/a>\u200b Introduction<\/li>\n\n\n\n<li><a href=\"https:\/\/www.youtube.com\/watch?v=chV3zDI8Um8&amp;list=PLBKOaJp17CZq51xtf5XlpXs_FEUeYvnsA&amp;index=4&amp;t=28s\">0:28<\/a>\u200b Zones<\/li>\n\n\n\n<li><a href=\"https:\/\/www.youtube.com\/watch?v=chV3zDI8Um8&amp;list=PLBKOaJp17CZq51xtf5XlpXs_FEUeYvnsA&amp;index=4&amp;t=248s\">4:08<\/a>\u200b Murs et bordures<\/li>\n\n\n\n<li><a href=\"https:\/\/www.youtube.com\/watch?v=chV3zDI8Um8&amp;list=PLBKOaJp17CZq51xtf5XlpXs_FEUeYvnsA&amp;index=4&amp;t=392s\">6:32<\/a>\u200b Cl\u00f4ture<\/li>\n\n\n\n<li><a href=\"https:\/\/www.youtube.com\/watch?v=chV3zDI8Um8&amp;list=PLBKOaJp17CZq51xtf5XlpXs_FEUeYvnsA&amp;index=4&amp;t=568s\">9:28<\/a>\u200b Mobilier urbain<\/li>\n\n\n\n<li><a href=\"https:\/\/www.youtube.com\/watch?v=chV3zDI8Um8&amp;list=PLBKOaJp17CZq51xtf5XlpXs_FEUeYvnsA&amp;index=4&amp;t=1176s\">19:36<\/a>\u200b Chemin<\/li>\n\n\n\n<li><a href=\"https:\/\/www.youtube.com\/watch?v=chV3zDI8Um8&amp;list=PLBKOaJp17CZq51xtf5XlpXs_FEUeYvnsA&amp;index=4&amp;t=1465s\">24:25<\/a>\u200b Liste du mobilier urbain<\/li>\n<\/ul>\n<\/div>\n\n\n\n<div class=\"wp-block-column\">\n<h2 class=\"wp-block-heading\" id=\"plant-database-and-vegetation\">Tutoriel 4\u00a0: Base de donn\u00e9es de plantes et v\u00e9g\u00e9tation<\/h2>\n\n\n\n<p>Ce tutoriel couvre les principales fonctions permettant de travailler avec les \u00e9l\u00e9ments de v\u00e9g\u00e9tation et aborde plus en d\u00e9tails l\u2019immense base de donn\u00e9es de plantes.<\/p>\n\n\n\n&nbsp;<br><div class='youtube-div-16-9'> \n\t\t\t\t\t\t<iframe class='youtube-iframe'\n\t\t\t\t\t\t\tsrc='https:\/\/www.youtube.com\/embed\/eEjSYwTzaXU?rel=0' \n\t\t\t\t\t\t\tframeborder='0' \n\t\t\t\t\t\t\tallow='accelerometer; autoplay; clipboard-write; encrypted-media; gyroscope; picture-in-picture' \n\t\t\t\t\t\t\tallowfullscreen=''>\n\t\t\t\t\t\t<\/iframe>\n\t\t\t\t\t<\/div>\n\n\n\n<ul>\n<li><a href=\"https:\/\/www.youtube.com\/watch?v=BKmACIwQwVM&amp;list=PLBKOaJp17CZq51xtf5XlpXs_FEUeYvnsA&amp;index=5&amp;t=0s\">0:00<\/a>\u200b Introduction<\/li>\n\n\n\n<li><a href=\"https:\/\/www.youtube.com\/watch?v=BKmACIwQwVM&amp;list=PLBKOaJp17CZq51xtf5XlpXs_FEUeYvnsA&amp;index=5&amp;t=52s\">0:52<\/a>\u200b Ins\u00e9rer une plante<\/li>\n\n\n\n<li><a href=\"https:\/\/www.youtube.com\/watch?v=BKmACIwQwVM&amp;list=PLBKOaJp17CZq51xtf5XlpXs_FEUeYvnsA&amp;index=5&amp;t=120s\">2:00<\/a>\u200b Base de donn\u00e9es de plantes<\/li>\n\n\n\n<li><a href=\"https:\/\/www.youtube.com\/watch?v=BKmACIwQwVM&amp;list=PLBKOaJp17CZq51xtf5XlpXs_FEUeYvnsA&amp;index=5&amp;t=459s\">7:39<\/a>\u200b Peindre des plantes<\/li>\n\n\n\n<li><a href=\"https:\/\/www.youtube.com\/watch?v=BKmACIwQwVM&amp;list=PLBKOaJp17CZq51xtf5XlpXs_FEUeYvnsA&amp;index=5&amp;t=612s\">10:12<\/a>\u200b Plantes \u00e0 partir de points<\/li>\n\n\n\n<li><a href=\"https:\/\/www.youtube.com\/watch?v=BKmACIwQwVM&amp;list=PLBKOaJp17CZq51xtf5XlpXs_FEUeYvnsA&amp;index=5&amp;t=674s\">11:14<\/a>\u200b Files de plantes<\/li>\n\n\n\n<li><a href=\"https:\/\/www.youtube.com\/watch?v=BKmACIwQwVM&amp;list=PLBKOaJp17CZq51xtf5XlpXs_FEUeYvnsA&amp;index=5&amp;t=685s\">11:25<\/a>\u200b For\u00eats<\/li>\n\n\n\n<li><a href=\"https:\/\/www.youtube.com\/watch?v=BKmACIwQwVM&amp;list=PLBKOaJp17CZq51xtf5XlpXs_FEUeYvnsA&amp;index=5&amp;t=1100s\">18:20<\/a>\u200b For\u00eat \u00e0 partir d\u2019une zone<\/li>\n\n\n\n<li><a href=\"https:\/\/www.youtube.com\/watch?v=BKmACIwQwVM&amp;list=PLBKOaJp17CZq51xtf5XlpXs_FEUeYvnsA&amp;index=5&amp;t=1155s\">19:15<\/a>\u200b Jardins verticaux<\/li>\n\n\n\n<li><a href=\"https:\/\/www.youtube.com\/watch?v=BKmACIwQwVM&amp;list=PLBKOaJp17CZq51xtf5XlpXs_FEUeYvnsA&amp;index=5&amp;t=1349s\">22:29<\/a>\u200b Arbustes<\/li>\n\n\n\n<li><a href=\"https:\/\/www.youtube.com\/watch?v=BKmACIwQwVM&amp;list=PLBKOaJp17CZq51xtf5XlpXs_FEUeYvnsA&amp;index=5&amp;t=1528s\">25:28<\/a>\u200b Couvre-sols<\/li>\n<\/ul>\n<\/div>\n<\/div>\n\n<div class=\"wp-block-columns\">\n<div class=\"wp-block-column\" style=\"flex-basis:100%\">\n<div class=\"wp-block-columns\">\n<div class=\"wp-block-column\">\n<h2 class=\"wp-block-heading\" id=\"documentation-tools\">Tutoriel 5\u00a0: Outils de documentation<\/h2>\n\n\n\n<p>Ce tutoriel couvre les outils de documentation 3D de Lands Design.<\/p>\n\n\n\n&nbsp;<br><div class='youtube-div-16-9'> \n\t\t\t\t\t\t<iframe class='youtube-iframe'\n\t\t\t\t\t\t\tsrc='https:\/\/www.youtube.com\/embed\/cy0Eu315WEM?rel=0' \n\t\t\t\t\t\t\tframeborder='0' \n\t\t\t\t\t\t\tallow='accelerometer; autoplay; clipboard-write; encrypted-media; gyroscope; picture-in-picture' \n\t\t\t\t\t\t\tallowfullscreen=''>\n\t\t\t\t\t\t<\/iframe>\n\t\t\t\t\t<\/div>\n\n\n\n<ul>\n<li><a href=\"https:\/\/www.youtube.com\/watch?v=cy0Eu315WEM&amp;list=PLBKOaJp17CZq51xtf5XlpXs_FEUeYvnsA&amp;index=6&amp;t=0s\">0:00<\/a>\u200b Introduction<\/li>\n\n\n\n<li><a href=\"https:\/\/www.youtube.com\/watch?v=chV3zDI8Um8&amp;list=PLBKOaJp17CZq51xtf5XlpXs_FEUeYvnsA&amp;index=4&amp;t=28s\">0:36<\/a>\u200b Arroseur<\/li>\n\n\n\n<li><a href=\"https:\/\/www.youtube.com\/watch?v=cy0Eu315WEM&amp;list=PLBKOaJp17CZq51xtf5XlpXs_FEUeYvnsA&amp;index=6&amp;t=205s\">3:25<\/a>\u200b Canalisations<\/li>\n\n\n\n<li><a href=\"https:\/\/www.youtube.com\/watch?v=chV3zDI8Um8&amp;list=PLBKOaJp17CZq51xtf5XlpXs_FEUeYvnsA&amp;index=4&amp;t=392s\">6:20<\/a>\u200b Liste d\u2019arroseurs et de canalisations<\/li>\n\n\n\n<li><a href=\"https:\/\/www.youtube.com\/watch?v=cy0Eu315WEM&amp;list=PLBKOaJp17CZq51xtf5XlpXs_FEUeYvnsA&amp;index=6&amp;t=408s\">6:48<\/a> Liste de plantes<\/li>\n\n\n\n<li><a href=\"https:\/\/www.youtube.com\/watch?v=cy0Eu315WEM&amp;list=PLBKOaJp17CZq51xtf5XlpXs_FEUeYvnsA&amp;index=6&amp;t=497s\">8:17<\/a> Ajouter des param\u00e8tres personnalis\u00e9s dans les listes<\/li>\n\n\n\n<li><a href=\"https:\/\/www.youtube.com\/watch?v=cy0Eu315WEM&amp;list=PLBKOaJp17CZq51xtf5XlpXs_FEUeYvnsA&amp;index=6&amp;t=614s\">10:14<\/a> Exporter des listes<\/li>\n\n\n\n<li><a href=\"https:\/\/www.youtube.com\/watch?v=cy0Eu315WEM&amp;list=PLBKOaJp17CZq51xtf5XlpXs_FEUeYvnsA&amp;index=6&amp;t=640s\">10:40<\/a> \u00c9tiquettes de plantes<\/li>\n\n\n\n<li><a href=\"https:\/\/www.youtube.com\/watch?v=cy0Eu315WEM&amp;list=PLBKOaJp17CZq51xtf5XlpXs_FEUeYvnsA&amp;index=6&amp;t=806s\">13:26<\/a> Photo de plante<\/li>\n\n\n\n<li><a href=\"https:\/\/www.youtube.com\/watch?v=cy0Eu315WEM&amp;list=PLBKOaJp17CZq51xtf5XlpXs_FEUeYvnsA&amp;index=6&amp;t=886s\">14:46<\/a> Outil d\u2019\u00e9tiquetage<\/li>\n\n\n\n<li><a href=\"https:\/\/www.youtube.com\/watch?v=cy0Eu315WEM&amp;list=PLBKOaJp17CZq51xtf5XlpXs_FEUeYvnsA&amp;index=6&amp;t=921s\">15:21<\/a> Outil de cotation<\/li>\n\n\n\n<li><a href=\"https:\/\/www.youtube.com\/watch?v=cy0Eu315WEM&amp;list=PLBKOaJp17CZq51xtf5XlpXs_FEUeYvnsA&amp;index=6&amp;t=1043s\">17:23<\/a> Outil de pente<\/li>\n\n\n\n<li><a href=\"https:\/\/www.youtube.com\/watch?v=cy0Eu315WEM&amp;list=PLBKOaJp17CZq51xtf5XlpXs_FEUeYvnsA&amp;index=6&amp;t=1153s\">19:13<\/a> Ombres des plantes<\/li>\n<\/ul>\n<\/div>\n\n\n\n<div class=\"wp-block-column\"><\/div>\n<\/div>\n<\/div>\n<\/div>\n\n<p>Le tutoriel 6 sera publi\u00e9 prochainement.<\/p>\n<p>[\/et_pb_text][\/et_pb_column]<br \/>\n [\/et_pb_row]<br \/>\n [\/et_pb_section]<\/p>\n","protected":false},"excerpt":{"rendered":"<p>Tutoriels vid\u00e9o de Lands Design Dans les tutoriels vid\u00e9o suivants, vous d\u00e9couvrirez les principales fonctions de Lands Design (pour Rhino), tout en cr\u00e9ant un projet paysager. Les vid\u00e9os sont organis\u00e9es en rubriques. T\u00e9l\u00e9chargez le fichier en cliquantici pour commencer \u00e0 r\u00e9aliser ce tutoriel. R\u00e9sum\u00e9 Tutoriel 0\u00a0: Bases de l\u2019interface de RhinoLands Tutoriel 1\u00a0: Interface de [&hellip;]<\/p>\n","protected":false},"author":1,"featured_media":0,"parent":60128,"menu_order":0,"comment_status":"closed","ping_status":"closed","template":"","meta":{"_et_pb_use_builder":"on","_et_pb_old_content":"","_et_gb_content_width":"","footnotes":""},"class_list":["post-66747","page","type-page","status-publish","hentry"],"yoast_head":"<!-- This site is optimized with the Yoast SEO plugin v27.3 - https:\/\/yoast.com\/product\/yoast-seo-wordpress\/ -->\n<title>Tutoriels vid\u00e9o - RhinoLands<\/title>\n<meta name=\"robots\" content=\"index, follow, max-snippet:-1, max-image-preview:large, max-video-preview:-1\" \/>\n<link rel=\"canonical\" href=\"https:\/\/rhinolands.com\/fr\/learn\/video-tutorial\/\" \/>\n<meta property=\"og:locale\" content=\"fr_FR\" \/>\n<meta property=\"og:type\" content=\"article\" \/>\n<meta property=\"og:title\" content=\"Tutoriels vid\u00e9o - RhinoLands\" \/>\n<meta property=\"og:description\" content=\"Tutoriels vid\u00e9o de Lands Design Dans les tutoriels vid\u00e9o suivants, vous d\u00e9couvrirez les principales fonctions de Lands Design (pour Rhino), tout en cr\u00e9ant un projet paysager. Les vid\u00e9os sont organis\u00e9es en rubriques. T\u00e9l\u00e9chargez le fichier en cliquantici pour commencer \u00e0 r\u00e9aliser ce tutoriel. R\u00e9sum\u00e9 Tutoriel 0\u00a0: Bases de l\u2019interface de RhinoLands Tutoriel 1\u00a0: Interface de [&hellip;]\" \/>\n<meta property=\"og:url\" content=\"https:\/\/rhinolands.com\/fr\/learn\/video-tutorial\/\" \/>\n<meta property=\"og:site_name\" content=\"RhinoLands\" \/>\n<meta property=\"article:modified_time\" content=\"2025-08-26T10:48:02+00:00\" \/>\n<meta name=\"twitter:card\" content=\"summary_large_image\" \/>\n<meta name=\"twitter:label1\" content=\"Dur\u00e9e de lecture estim\u00e9e\" \/>\n\t<meta name=\"twitter:data1\" content=\"3 minutes\" \/>\n<script type=\"application\/ld+json\" class=\"yoast-schema-graph\">{\"@context\":\"https:\\\/\\\/schema.org\",\"@graph\":[{\"@type\":\"WebPage\",\"@id\":\"https:\\\/\\\/rhinolands.com\\\/fr\\\/learn\\\/video-tutorial\\\/\",\"url\":\"https:\\\/\\\/rhinolands.com\\\/fr\\\/learn\\\/video-tutorial\\\/\",\"name\":\"Tutoriels vid\u00e9o - RhinoLands\",\"isPartOf\":{\"@id\":\"https:\\\/\\\/rhinolands.com\\\/fr\\\/#website\"},\"datePublished\":\"2020-12-14T09:48:46+00:00\",\"dateModified\":\"2025-08-26T10:48:02+00:00\",\"breadcrumb\":{\"@id\":\"https:\\\/\\\/rhinolands.com\\\/fr\\\/learn\\\/video-tutorial\\\/#breadcrumb\"},\"inLanguage\":\"fr-FR\",\"potentialAction\":[{\"@type\":\"ReadAction\",\"target\":[\"https:\\\/\\\/rhinolands.com\\\/fr\\\/learn\\\/video-tutorial\\\/\"]}]},{\"@type\":\"BreadcrumbList\",\"@id\":\"https:\\\/\\\/rhinolands.com\\\/fr\\\/learn\\\/video-tutorial\\\/#breadcrumb\",\"itemListElement\":[{\"@type\":\"ListItem\",\"position\":1,\"name\":\"Home\",\"item\":\"https:\\\/\\\/rhinolands.com\\\/fr\\\/\"},{\"@type\":\"ListItem\",\"position\":2,\"name\":\"Apprendre\",\"item\":\"https:\\\/\\\/rhinolands.com\\\/fr\\\/learn\\\/\"},{\"@type\":\"ListItem\",\"position\":3,\"name\":\"Tutoriels vid\u00e9o\"}]},{\"@type\":\"WebSite\",\"@id\":\"https:\\\/\\\/rhinolands.com\\\/fr\\\/#website\",\"url\":\"https:\\\/\\\/rhinolands.com\\\/fr\\\/\",\"name\":\"RhinoLands\",\"description\":\"BIM landscape software\",\"publisher\":{\"@id\":\"https:\\\/\\\/rhinolands.com\\\/fr\\\/#organization\"},\"potentialAction\":[{\"@type\":\"SearchAction\",\"target\":{\"@type\":\"EntryPoint\",\"urlTemplate\":\"https:\\\/\\\/rhinolands.com\\\/fr\\\/?s={search_term_string}\"},\"query-input\":{\"@type\":\"PropertyValueSpecification\",\"valueRequired\":true,\"valueName\":\"search_term_string\"}}],\"inLanguage\":\"fr-FR\"},{\"@type\":\"Organization\",\"@id\":\"https:\\\/\\\/rhinolands.com\\\/fr\\\/#organization\",\"name\":\"Asuni Soft\",\"url\":\"https:\\\/\\\/rhinolands.com\\\/fr\\\/\",\"logo\":{\"@type\":\"ImageObject\",\"inLanguage\":\"fr-FR\",\"@id\":\"https:\\\/\\\/rhinolands.com\\\/fr\\\/#\\\/schema\\\/logo\\\/image\\\/\",\"url\":\"https:\\\/\\\/rhinolands.com\\\/wp-content\\\/uploads\\\/2020\\\/02\\\/AsuniLogoFinal-01.png\",\"contentUrl\":\"https:\\\/\\\/rhinolands.com\\\/wp-content\\\/uploads\\\/2020\\\/02\\\/AsuniLogoFinal-01.png\",\"width\":151,\"height\":46,\"caption\":\"Asuni Soft\"},\"image\":{\"@id\":\"https:\\\/\\\/rhinolands.com\\\/fr\\\/#\\\/schema\\\/logo\\\/image\\\/\"}}]}<\/script>\n<!-- \/ Yoast SEO plugin. -->","yoast_head_json":{"title":"Tutoriels vid\u00e9o - RhinoLands","robots":{"index":"index","follow":"follow","max-snippet":"max-snippet:-1","max-image-preview":"max-image-preview:large","max-video-preview":"max-video-preview:-1"},"canonical":"https:\/\/rhinolands.com\/fr\/learn\/video-tutorial\/","og_locale":"fr_FR","og_type":"article","og_title":"Tutoriels vid\u00e9o - RhinoLands","og_description":"Tutoriels vid\u00e9o de Lands Design Dans les tutoriels vid\u00e9o suivants, vous d\u00e9couvrirez les principales fonctions de Lands Design (pour Rhino), tout en cr\u00e9ant un projet paysager. Les vid\u00e9os sont organis\u00e9es en rubriques. T\u00e9l\u00e9chargez le fichier en cliquantici pour commencer \u00e0 r\u00e9aliser ce tutoriel. R\u00e9sum\u00e9 Tutoriel 0\u00a0: Bases de l\u2019interface de RhinoLands Tutoriel 1\u00a0: Interface de [&hellip;]","og_url":"https:\/\/rhinolands.com\/fr\/learn\/video-tutorial\/","og_site_name":"RhinoLands","article_modified_time":"2025-08-26T10:48:02+00:00","twitter_card":"summary_large_image","twitter_misc":{"Dur\u00e9e de lecture estim\u00e9e":"3 minutes"},"schema":{"@context":"https:\/\/schema.org","@graph":[{"@type":"WebPage","@id":"https:\/\/rhinolands.com\/fr\/learn\/video-tutorial\/","url":"https:\/\/rhinolands.com\/fr\/learn\/video-tutorial\/","name":"Tutoriels vid\u00e9o - RhinoLands","isPartOf":{"@id":"https:\/\/rhinolands.com\/fr\/#website"},"datePublished":"2020-12-14T09:48:46+00:00","dateModified":"2025-08-26T10:48:02+00:00","breadcrumb":{"@id":"https:\/\/rhinolands.com\/fr\/learn\/video-tutorial\/#breadcrumb"},"inLanguage":"fr-FR","potentialAction":[{"@type":"ReadAction","target":["https:\/\/rhinolands.com\/fr\/learn\/video-tutorial\/"]}]},{"@type":"BreadcrumbList","@id":"https:\/\/rhinolands.com\/fr\/learn\/video-tutorial\/#breadcrumb","itemListElement":[{"@type":"ListItem","position":1,"name":"Home","item":"https:\/\/rhinolands.com\/fr\/"},{"@type":"ListItem","position":2,"name":"Apprendre","item":"https:\/\/rhinolands.com\/fr\/learn\/"},{"@type":"ListItem","position":3,"name":"Tutoriels vid\u00e9o"}]},{"@type":"WebSite","@id":"https:\/\/rhinolands.com\/fr\/#website","url":"https:\/\/rhinolands.com\/fr\/","name":"RhinoLands","description":"BIM landscape software","publisher":{"@id":"https:\/\/rhinolands.com\/fr\/#organization"},"potentialAction":[{"@type":"SearchAction","target":{"@type":"EntryPoint","urlTemplate":"https:\/\/rhinolands.com\/fr\/?s={search_term_string}"},"query-input":{"@type":"PropertyValueSpecification","valueRequired":true,"valueName":"search_term_string"}}],"inLanguage":"fr-FR"},{"@type":"Organization","@id":"https:\/\/rhinolands.com\/fr\/#organization","name":"Asuni Soft","url":"https:\/\/rhinolands.com\/fr\/","logo":{"@type":"ImageObject","inLanguage":"fr-FR","@id":"https:\/\/rhinolands.com\/fr\/#\/schema\/logo\/image\/","url":"https:\/\/rhinolands.com\/wp-content\/uploads\/2020\/02\/AsuniLogoFinal-01.png","contentUrl":"https:\/\/rhinolands.com\/wp-content\/uploads\/2020\/02\/AsuniLogoFinal-01.png","width":151,"height":46,"caption":"Asuni Soft"},"image":{"@id":"https:\/\/rhinolands.com\/fr\/#\/schema\/logo\/image\/"}}]}},"_links":{"self":[{"href":"https:\/\/rhinolands.com\/fr\/wp-json\/wp\/v2\/pages\/66747","targetHints":{"allow":["GET"]}}],"collection":[{"href":"https:\/\/rhinolands.com\/fr\/wp-json\/wp\/v2\/pages"}],"about":[{"href":"https:\/\/rhinolands.com\/fr\/wp-json\/wp\/v2\/types\/page"}],"author":[{"embeddable":true,"href":"https:\/\/rhinolands.com\/fr\/wp-json\/wp\/v2\/users\/1"}],"replies":[{"embeddable":true,"href":"https:\/\/rhinolands.com\/fr\/wp-json\/wp\/v2\/comments?post=66747"}],"version-history":[{"count":3,"href":"https:\/\/rhinolands.com\/fr\/wp-json\/wp\/v2\/pages\/66747\/revisions"}],"predecessor-version":[{"id":85042,"href":"https:\/\/rhinolands.com\/fr\/wp-json\/wp\/v2\/pages\/66747\/revisions\/85042"}],"up":[{"embeddable":true,"href":"https:\/\/rhinolands.com\/fr\/wp-json\/wp\/v2\/pages\/60128"}],"wp:attachment":[{"href":"https:\/\/rhinolands.com\/fr\/wp-json\/wp\/v2\/media?parent=66747"}],"curies":[{"name":"wp","href":"https:\/\/api.w.org\/{rel}","templated":true}]}}