{"id":67764,"date":"2021-05-18T15:38:24","date_gmt":"2021-05-18T13:38:24","guid":{"rendered":"https:\/\/rhinolands.com\/learn\/formations\/"},"modified":"2025-11-21T10:20:06","modified_gmt":"2025-11-21T09:20:06","slug":"courses","status":"publish","type":"page","link":"https:\/\/rhinolands.com\/fr\/learn\/courses\/","title":{"rendered":"Formations"},"content":{"rendered":"[et_pb_section fb_built=\u00a0\u00bb1&Prime; admin_label=\u00a0\u00bbsection\u00a0\u00bb _builder_version=\u00a0\u00bb4.16&Prime; da_disable_devices=\u00a0\u00bboff|off|off\u00a0\u00bb global_colors_info=\u00a0\u00bb{}\u00a0\u00bb da_is_popup=\u00a0\u00bboff\u00a0\u00bb da_exit_intent=\u00a0\u00bboff\u00a0\u00bb da_has_close=\u00a0\u00bbon\u00a0\u00bb da_alt_close=\u00a0\u00bboff\u00a0\u00bb da_dark_close=\u00a0\u00bboff\u00a0\u00bb da_not_modal=\u00a0\u00bbon\u00a0\u00bb da_is_singular=\u00a0\u00bboff\u00a0\u00bb da_with_loader=\u00a0\u00bboff\u00a0\u00bb da_has_shadow=\u00a0\u00bbon\u00a0\u00bb][et_pb_row admin_label=\u00a0\u00bbrow\u00a0\u00bb _builder_version=\u00a0\u00bb4.24.2&Prime; background_size=\u00a0\u00bbinitial\u00a0\u00bb background_position=\u00a0\u00bbtop_left\u00a0\u00bb background_repeat=\u00a0\u00bbrepeat\u00a0\u00bb global_colors_info=\u00a0\u00bb{}\u00a0\u00bb][et_pb_column type=\u00a0\u00bb4_4&Prime; _builder_version=\u00a0\u00bb4.16&Prime; custom_padding=\u00a0\u00bb|||\u00a0\u00bb global_colors_info=\u00a0\u00bb{}\u00a0\u00bb custom_padding__hover=\u00a0\u00bb|||\u00a0\u00bb][et_pb_post_title meta=\u00a0\u00bboff\u00a0\u00bb featured_image=\u00a0\u00bboff\u00a0\u00bb _builder_version=\u00a0\u00bb4.24.2&Prime; _module_preset=\u00a0\u00bbdefault\u00a0\u00bb global_colors_info=\u00a0\u00bb{}\u00a0\u00bb][\/et_pb_post_title][et_pb_text admin_label=\u00a0\u00bbText\u00a0\u00bb _builder_version=\u00a0\u00bb4.24.3&Prime; background_size=\u00a0\u00bbinitial\u00a0\u00bb background_position=\u00a0\u00bbtop_left\u00a0\u00bb background_repeat=\u00a0\u00bbrepeat\u00a0\u00bb global_colors_info=\u00a0\u00bb{}\u00a0\u00bb]<h2>Plateforme de formation en ligne<\/h2>\nCommencez votre voyage avec RhinoLands gr\u00e2ce \u00e0 notre cours en ligne gratuit sur la plateforme de formation Rhino3D. Inscrivez-vous sur la plateforme et participez au cours sur RhinoLands\u00a0; il vous permettra d\u2019appr\u00e9hender le programme de mani\u00e8re intuitive, pas \u00e0 pas gr\u00e2ce \u00e0 des exercices et \u00e0 des instructions guid\u00e9es.[\/et_pb_text][et_pb_button button_url=\u00a0\u00bbhttps:\/\/www.rhino3d.education\/p\/lands-design-landscape-design-tool-in-rhino\u00a0\u00bb url_new_window=\u00a0\u00bbon\u00a0\u00bb button_text=\u00a0\u00bbInscription\u00a0\u00bb button_alignment=\u00a0\u00bbcenter\u00a0\u00bb _builder_version=\u00a0\u00bb4.24.2&Prime; _module_preset=\u00a0\u00bbdefault\u00a0\u00bb global_colors_info=\u00a0\u00bb{}\u00a0\u00bb][\/et_pb_button][et_pb_text admin_label=\u00a0\u00bbText\u00a0\u00bb _builder_version=\u00a0\u00bb4.27.4&Prime; background_size=\u00a0\u00bbinitial\u00a0\u00bb background_position=\u00a0\u00bbtop_left\u00a0\u00bb background_repeat=\u00a0\u00bbrepeat\u00a0\u00bb hover_enabled=\u00a0\u00bb0&Prime; global_colors_info=\u00a0\u00bb{}\u00a0\u00bb sticky_enabled=\u00a0\u00bb0&Prime;]<h2>D\u00e9monstration en ligne<\/h2><p>Contactez-nous pour organiser une<span>\u00a0<\/span><strong data-start=\"358\" data-end=\"387\">d\u00e9monstration gratuite en ligne<\/strong>. Cette session interactive est la m\u00e9thode la plus rapide et la plus pratique pour se familiariser avec RhinoLands. Posez vos questions, partagez vos id\u00e9es et recevez des conseils personnalis\u00e9s directement de notre \u00e9quipe.<\/p><p data-pm-slice=\"1 1 []\">Nous r\u00e9alisons nos pr\u00e9sentations via Zoom depuis Barcelone, en Espagne. Choisissez simplement la date et l\u2019heure qui vous conviennent et nous vous enverrons le lien de la r\u00e9union.<\/p>[\/et_pb_text][et_pb_button button_url=\u00a0\u00bbmailto:rhinolands@asuni.com\u00a0\u00bb url_new_window=\u00a0\u00bbon\u00a0\u00bb button_text=\u00a0\u00bbNous contacter\u00a0\u00bb button_alignment=\u00a0\u00bbcenter\u00a0\u00bb _builder_version=\u00a0\u00bb4.24.3&Prime; _module_preset=\u00a0\u00bbdefault\u00a0\u00bb global_colors_info=\u00a0\u00bb{}\u00a0\u00bb][\/et_pb_button][et_pb_text admin_label=\u00a0\u00bbText\u00a0\u00bb _builder_version=\u00a0\u00bb4.27.4&Prime; background_size=\u00a0\u00bbinitial\u00a0\u00bb background_position=\u00a0\u00bbtop_left\u00a0\u00bb background_repeat=\u00a0\u00bbrepeat\u00a0\u00bb hover_enabled=\u00a0\u00bb0&Prime; global_colors_info=\u00a0\u00bb{}\u00a0\u00bb sticky_enabled=\u00a0\u00bb0&Prime;]<h2>Formations sur mesure<\/h2><p>Profitez de notre vaste r\u00e9seau de formateurs de RhinoLands dans le monde entier. Consultez la liste des formateurs agr\u00e9\u00e9s ci-dessous et organisez des s\u00e9ances de formation personnalis\u00e9es avec le sp\u00e9cialiste qui r\u00e9pond le mieux \u00e0 vos besoins.<\/p>[\/et_pb_text][et_pb_toggle title=\u00a0\u00bbFormateurs agr\u00e9\u00e9s\u00a0\u00bb open_toggle_background_color=\u00a0\u00bbRGBA(255,255,255,0)\u00a0\u00bb closed_toggle_background_color=\u00a0\u00bb#f5f5f5&Prime; icon_color=\u00a0\u00bb#6b6b6b\u00a0\u00bb toggle_icon=\u00a0\u00bb&#x47;||divi||400&Prime; use_icon_font_size=\u00a0\u00bbon\u00a0\u00bb icon_font_size=\u00a0\u00bb20px\u00a0\u00bb open_icon_color=\u00a0\u00bb#6b6b6b\u00a0\u00bb open_toggle_icon=\u00a0\u00bb&#x46;||divi||400&Prime; open_use_icon_font_size=\u00a0\u00bbon\u00a0\u00bb open_icon_font_size=\u00a0\u00bb20px\u00a0\u00bb _builder_version=\u00a0\u00bb4.27.4&Prime; _module_preset=\u00a0\u00bbdefault\u00a0\u00bb title_level=\u00a0\u00bbh3&Prime; title_font=\u00a0\u00bb||||||||\u00a0\u00bb custom_margin=\u00a0\u00bb0px||||false|false\u00a0\u00bb custom_padding=\u00a0\u00bb16px||16px||false|false\u00a0\u00bb custom_css_free_form=\u00a0\u00bb.trainers-table th {||  padding: 20px 15px;||  text-align: left;||\tbackground-color: #ffffff;||||}||||.trainers-table td {||  padding: 20px 15px;||  text-align: left;||  vertical-align: middle;||  height: 54px;||  box-sizing: border-box;||}||||.trainers-table tbody tr:nth-child(odd) {||  background-color: #f9f9f9;||}||||.trainers-table tbody tr:nth-child(even) {||  background-color: #ffffff;||}||||.trainers-table td:nth-child(2),||.trainers-table td:nth-child(4) {||  white-space: nowrap;||}||||||||.trainers-table a:hover {||  text-decoration: underline;||}||\u00a0\u00bb border_radii=\u00a0\u00bbon|4px|4px|4px|4px\u00a0\u00bb box_shadow_style=\u00a0\u00bbpreset1&Prime; box_shadow_vertical=\u00a0\u00bb0px\u00a0\u00bb box_shadow_blur=\u00a0\u00bb0px\u00a0\u00bb global_colors_info=\u00a0\u00bb{}\u00a0\u00bb box_shadow_vertical__hover=\u00a0\u00bb1px\u00a0\u00bb box_shadow_vertical__hover_enabled=\u00a0\u00bbon|hover\u00a0\u00bb box_shadow_blur__hover=\u00a0\u00bb6px\u00a0\u00bb box_shadow_blur__hover_enabled=\u00a0\u00bbon|hover\u00a0\u00bb locked=\u00a0\u00bboff\u00a0\u00bb]<table class=\"trainers-table\"><thead><tr><th>Ville<\/th><th>Formateur<\/th><th>Adresse<\/th><th>T\u00e9l\u00e9phone<\/th><th>E-mail<\/th><\/tr><\/thead><tbody><tr><td><strong>France<\/strong><\/td><td><a href=\"https:\/\/www.rhinolands-formavente.com\/\" target=\"_blank\" rel=\"noopener\">RhinoLands-FormaVente<\/a><\/td><td>4, all\u00e9e des Brotteaux &#8211; Bourg en Bresse 01000 (<a href=\"https:\/\/maps.google.com\/maps?q=RhinoLands-FormaVente,4+All.+des+Brotteaux%2C01000%2CBourg+en+Bresse%2C%2CAin%2CFR\" target=\"_blank\" rel=\"noopener\">Carte<\/a>)<\/td><td><a href=\"tel:+33677791282\">+33 6 77 79 12 82<\/a><\/td><td><a href=\"mailto:contact@rhinolands-formavente.com\">Contactez-nous<\/a><\/td><\/tr><tr><td><strong>France<\/strong><\/td><td><a href=\"https:\/\/rhinoforyou.com\" target=\"_blank\" rel=\"noopener\">RhinoForYou<\/a><\/td><td>2, quai Cl\u00e9menceau, B\u00e2timent C, 69300 Caluire-et-Cuire &#8211; Lyon 69300 (<a href=\"https:\/\/maps.google.com\/maps?q=RhinoForYou,2%2C+quai+Cl%26eacute%3Bmenceau%2C+B%26acirc%3Btiment+C%2C++69300+CALUIRE-ET-CUIRE+%2C69300%2CLyon%2C%2C%2CFR\" target=\"_blank\" rel=\"noopener\">Carte<\/a>)<\/td><td><a href=\"tel:+33771231396\">+33 7 71 23 13 96<\/a><\/td><td><a href=\"mailto:j.hababou@rhinoforyou.com\">Contactez-nous<\/a><\/td><\/tr><tr><td><strong>France<\/strong><\/td><td><a href=\"https:\/\/rhinoforyou.com\" target=\"_blank\" rel=\"noopener\">RhinoForYou<\/a><\/td><td>76, rue de la Pompe &#8211; Paris 75116 (<a href=\"https:\/\/maps.google.com\/maps?q=RhinoForYou,76+rue+de+la+Pompe%2C75116%2CParis%2C%2CIle+de+France%2CFR\" target=\"_blank\" rel=\"noopener\">Carte<\/a>)<\/td><td><a href=\"tel:+33183812260\">+33 1 83 81 22 60<\/a><\/td><td><a href=\"mailto:j.hababou@rhinoforyou.com\">Contactez-nous<\/a><\/td><\/tr><tr><td><strong>Gr\u00e8ce<\/strong><\/td><td><a href=\"https:\/\/marketplace.cadacademy.gr\/\" target=\"_blank\" rel=\"noopener\">CAD Academy<\/a><\/td><td>Georgiou Mpakou 34 &#8211; Ath\u00e8nes 11524 (<a href=\"https:\/\/maps.google.com\/maps?q=CAD%20ACADEMY,Georgiou+Mpakou+34%2C11524%2CAthens%2C%2CAttiki%2CGR\" target=\"_blank\" rel=\"noopener\">Carte<\/a>)<\/td><td><a href=\"tel:+302121010625\">+30 212 101 0625<\/a><\/td><td><a href=\"mailto:sales@cadacademy.gr\">Contactez-nous<\/a><\/td><\/tr><tr><td><strong>Gr\u00e8ce<\/strong><\/td><td><a href=\"https:\/\/www.ergocad.eu\/\" target=\"_blank\" rel=\"noopener\">ERGOCAD<\/a><\/td><td>ARETIS 13 &#8211; Ath\u00e8nes 12135 (<a href=\"https:\/\/maps.google.com\/maps?q=ERGOCAD,ARETIS+13%2C12135%2CAthens%2C%2CPERISTERI%2CGR\" target=\"_blank\" rel=\"noopener\">Carte<\/a>)<\/td><td><a href=\"tel:+302114112620\">+30 211 411 2620<\/a><\/td><td><a href=\"mailto:sales@ergocad.eu\">Contactez-nous<\/a><\/td><\/tr><tr><td><strong>Hongrie<\/strong><\/td><td><a href=\"https:\/\/www.hungarocad.hu\" target=\"_blank\" rel=\"noopener\">HungaroCAD Informatikai Kft.<\/a><\/td><td>Feh\u00e9rv\u00e1ri \u00fat 84\/A, 1119 (<a href=\"https:\/\/maps.google.com\/maps?q=HungaroCAD+Informatikai+Kft.,Feh%C3%A9rv%C3%A1ri+%C3%BAt+84%2FA%2C1119%2CBudapest%2C%2CHU\" target=\"_blank\" rel=\"noopener\">Carte<\/a>)<\/td><td><a href=\"tel:+3613268209\">+36 1 326 8209<\/a><\/td><td><a href=\"mailto:nemeth.zoltan@hungarocad.hu\">Contactez-nous<\/a><\/td><\/tr><tr><td><strong>Italie<\/strong><\/td><td><a href=\"https:\/\/www.materforma.it\/\" target=\"_blank\" rel=\"noopener\">MaterForma<\/a><\/td><td>Via Visciotti 9 &#8211; Terni 05100 (<a href=\"https:\/\/maps.google.com\/maps?q=MaterForma,Via+Visciotti+9%2C05100%2CTerni%2C%2CTR%2CIT\" target=\"_blank\" rel=\"noopener\">Carte<\/a>)<\/td><td><a href=\"tel:+390744243163\">+39 0744 243 163<\/a><\/td><td><a href=\"mailto:mater@materforma.it\">Contactez-nous<\/a><\/td><\/tr><tr><td><strong>Japon<\/strong><\/td><td><a href=\"https:\/\/www.applicraft.com\/products\/rhinoceros\/landsdesign\/\" target=\"_blank\" rel=\"noopener\">Applicraft<\/a><\/td><td>1 Chome-13-8 Yoyogi, Shibuya-ku, Tokyo-to 151-0053, Japon (<a href=\"https:\/\/maps.google.com\/maps?q=Applicraft,1+Chome-13-8+Yoyogi%2C+Shibuya-ku%2C+Tokyo-to+151-0053%2C+Jap%C3%B3n%2C%2CShibuya%2C+Tokyo%2C%2C%2CJP\" target=\"_blank\" rel=\"noopener\">Carte<\/a>)<\/td><td><a href=\"tel:+81368258431\">+81 3 6825 8431<\/a><\/td><td><a href=\"mailto:info@applicraft.com\">Contactez-nous<\/a><\/td><\/tr><tr><td><strong>Pologne<\/strong><\/td><td><a href=\"https:\/\/www.bardins3d.pl\/\" target=\"_blank\" rel=\"noopener\">Bardins Sp. z o.o.<\/a><\/td><td>iedzialkowskiego 24 (XVIIp. 10,11) &#8211; Szczecin 71-410 (<a href=\"https:\/\/maps.google.com\/maps?q=Bardins%20Sp.%20z%20o.o.,Niedzialkowskiego+24+%28XVIIp.+10%2C11%29%2C71-410%2CSzczecin%2C%2Cwoj.+zachodniopomorskie%2CPL\" target=\"_blank\" rel=\"noopener\">Carte<\/a>)<\/td><td><a href=\"tel:+48914201090\">+48 91 420 1090<\/a><\/td><td><a href=\"mailto:info@bardins.pl\">Contactez-nous<\/a><\/td><\/tr><tr><td><strong>Espagne<\/strong><\/td><td><a href=\"https:\/\/www.icreatia.es\/product-category\/formacion\/cursos-de-lands-design-y-visualarq\/\" target=\"_blank\" rel=\"noopener\">Icreatia<\/a><\/td><td>Roger de Flor, 32-34 &#8211; Barcelone 08018 (<a href=\"https:\/\/maps.google.com\/maps?q=icreatia,Roger+de+Flor%2C+32-34%2C08018%2CBarcelona%2C%2CBarcelona%2CES\" target=\"_blank\" rel=\"noopener\">Carte<\/a>)<\/td><td><a href=\"tel:+34932687308\">+34 93 268 73 08<\/a><\/td><td><a href=\"mailto:comercial@icreatia.com\">Contactez-nous<\/a><\/td><\/tr><tr><td><strong>Suisse<\/strong><\/td><td><a href=\"https:\/\/pazacademy.ch\/\" target=\"_blank\" rel=\"noopener\">CAD Academy<\/a><\/td><td>Niederdorfstrasse 77 &#8211; Zurich 8001 (<a href=\"https:\/\/maps.google.com\/maps?q=PAZ%20-%20Parametric%20Academy%20Zurich,Niederdorfstrasse+77%2C8001%2CZurich%2C%2CZurich%2CCH\" target=\"_blank\" rel=\"noopener\">Carte<\/a>)<\/td><td><a href=\"tel:+41442436216\">+41 44 243 62 16<\/a><\/td><td><a href=\"mailto:andres@pazacademy.ch\">Contactez-nous<\/a><\/td><\/tr><tr><td><strong>Turquie<\/strong><\/td><td><a href=\"https:\/\/namdaristech.com\/\" target=\"_blank\" rel=\"noopener\">Namdaris<\/a><\/td><td>Kutay \u0130\u015f Merkezi 9 Ata\u015fehir, Istanbul (<a href=\"https:\/\/maps.google.com\/maps?q=Naval+Architect,Kutay+%C4%B0%C5%9F+Merkezi+No%3A9%2C+Ata%C5%9Fehir%2C+%C4%B0stanbul%2C%2CTR\" target=\"_blank\" rel=\"noopener\">Carte<\/a>)<\/td><td><a href=\"tel:+902166063106\">+90 216 606 31 06<\/a><\/td><td><a href=\"mailto:e.dulger@namdaristech.com\">Contactez-nous<\/a><\/td><\/tr><tr><td><strong>FR<\/strong><\/td><td><a href=\"https:\/\/simplyrhino.co.uk\/\" target=\"_blank\" rel=\"noopener\">Simply Rhino UK<\/a><\/td><td>33 Montalt Road &#8211; Woodford Green &#8211; Londres IG8 9RS (<a href=\"https:\/\/maps.google.com\/maps?q=Simply%20Rhino%20UK,33+Montalt+Road+-+Woodford+Green+%2CIG8+9RS%2CLondon%2C%2CLondon%2CGB\" target=\"_blank\" rel=\"noopener\">Carte<\/a>)<\/td><td><a href=\"tel:+442084989900\">+44 20 8498 9900<\/a><\/td><td><a href=\"mailto:paul@simplyrhino.co.uk\">Contactez-nous<\/a><\/td><\/tr><\/tbody><\/table>[\/et_pb_toggle][\/et_pb_column][\/et_pb_row][\/et_pb_section]","protected":false},"excerpt":{"rendered":"<p>Plateforme de formation en ligne Commencez votre voyage avec RhinoLands gr\u00e2ce \u00e0 notre cours en ligne gratuit sur la plateforme de formation Rhino3D. Inscrivez-vous sur la plateforme et participez au cours sur RhinoLands\u00a0; il vous permettra d\u2019appr\u00e9hender le programme de mani\u00e8re intuitive, pas \u00e0 pas gr\u00e2ce \u00e0 des exercices et \u00e0 des instructions guid\u00e9es.D\u00e9monstration en [&hellip;]<\/p>\n","protected":false},"author":1,"featured_media":0,"parent":60128,"menu_order":0,"comment_status":"closed","ping_status":"closed","template":"","meta":{"_et_pb_use_builder":"on","_et_pb_old_content":"","_et_gb_content_width":"","footnotes":""},"class_list":["post-67764","page","type-page","status-publish","hentry"],"yoast_head":"<!-- This site is optimized with the Yoast SEO plugin v27.5 - https:\/\/yoast.com\/product\/yoast-seo-wordpress\/ -->\n<title>Formations - RhinoLands<\/title>\n<meta name=\"robots\" content=\"index, follow, max-snippet:-1, max-image-preview:large, max-video-preview:-1\" \/>\n<link rel=\"canonical\" href=\"https:\/\/rhinolands.com\/fr\/learn\/courses\/\" \/>\n<meta property=\"og:locale\" content=\"fr_FR\" \/>\n<meta property=\"og:type\" content=\"article\" \/>\n<meta property=\"og:title\" content=\"Formations - RhinoLands\" \/>\n<meta property=\"og:description\" content=\"Plateforme de formation en ligne Commencez votre voyage avec RhinoLands gr\u00e2ce \u00e0 notre cours en ligne gratuit sur la plateforme de formation Rhino3D. Inscrivez-vous sur la plateforme et participez au cours sur RhinoLands\u00a0; il vous permettra d\u2019appr\u00e9hender le programme de mani\u00e8re intuitive, pas \u00e0 pas gr\u00e2ce \u00e0 des exercices et \u00e0 des instructions guid\u00e9es.D\u00e9monstration en [&hellip;]\" \/>\n<meta property=\"og:url\" content=\"https:\/\/rhinolands.com\/fr\/learn\/courses\/\" \/>\n<meta property=\"og:site_name\" content=\"RhinoLands\" \/>\n<meta property=\"article:modified_time\" content=\"2025-11-21T09:20:06+00:00\" \/>\n<meta name=\"twitter:card\" content=\"summary_large_image\" \/>\n<meta name=\"twitter:label1\" content=\"Dur\u00e9e de lecture estim\u00e9e\" \/>\n\t<meta name=\"twitter:data1\" content=\"4 minutes\" \/>\n<script type=\"application\/ld+json\" class=\"yoast-schema-graph\">{\"@context\":\"https:\\\/\\\/schema.org\",\"@graph\":[{\"@type\":\"WebPage\",\"@id\":\"https:\\\/\\\/rhinolands.com\\\/fr\\\/learn\\\/courses\\\/\",\"url\":\"https:\\\/\\\/rhinolands.com\\\/fr\\\/learn\\\/courses\\\/\",\"name\":\"Formations - RhinoLands\",\"isPartOf\":{\"@id\":\"https:\\\/\\\/rhinolands.com\\\/fr\\\/#website\"},\"datePublished\":\"2021-05-18T13:38:24+00:00\",\"dateModified\":\"2025-11-21T09:20:06+00:00\",\"breadcrumb\":{\"@id\":\"https:\\\/\\\/rhinolands.com\\\/fr\\\/learn\\\/courses\\\/#breadcrumb\"},\"inLanguage\":\"fr-FR\",\"potentialAction\":[{\"@type\":\"ReadAction\",\"target\":[\"https:\\\/\\\/rhinolands.com\\\/fr\\\/learn\\\/courses\\\/\"]}]},{\"@type\":\"BreadcrumbList\",\"@id\":\"https:\\\/\\\/rhinolands.com\\\/fr\\\/learn\\\/courses\\\/#breadcrumb\",\"itemListElement\":[{\"@type\":\"ListItem\",\"position\":1,\"name\":\"Home\",\"item\":\"https:\\\/\\\/rhinolands.com\\\/fr\\\/\"},{\"@type\":\"ListItem\",\"position\":2,\"name\":\"Apprendre\",\"item\":\"https:\\\/\\\/rhinolands.com\\\/fr\\\/learn\\\/\"},{\"@type\":\"ListItem\",\"position\":3,\"name\":\"Formations\"}]},{\"@type\":\"WebSite\",\"@id\":\"https:\\\/\\\/rhinolands.com\\\/fr\\\/#website\",\"url\":\"https:\\\/\\\/rhinolands.com\\\/fr\\\/\",\"name\":\"RhinoLands\",\"description\":\"BIM landscape software\",\"publisher\":{\"@id\":\"https:\\\/\\\/rhinolands.com\\\/fr\\\/#organization\"},\"potentialAction\":[{\"@type\":\"SearchAction\",\"target\":{\"@type\":\"EntryPoint\",\"urlTemplate\":\"https:\\\/\\\/rhinolands.com\\\/fr\\\/?s={search_term_string}\"},\"query-input\":{\"@type\":\"PropertyValueSpecification\",\"valueRequired\":true,\"valueName\":\"search_term_string\"}}],\"inLanguage\":\"fr-FR\"},{\"@type\":\"Organization\",\"@id\":\"https:\\\/\\\/rhinolands.com\\\/fr\\\/#organization\",\"name\":\"Asuni Soft\",\"url\":\"https:\\\/\\\/rhinolands.com\\\/fr\\\/\",\"logo\":{\"@type\":\"ImageObject\",\"inLanguage\":\"fr-FR\",\"@id\":\"https:\\\/\\\/rhinolands.com\\\/fr\\\/#\\\/schema\\\/logo\\\/image\\\/\",\"url\":\"https:\\\/\\\/rhinolands.com\\\/wp-content\\\/uploads\\\/2020\\\/02\\\/AsuniLogoFinal-01.png\",\"contentUrl\":\"https:\\\/\\\/rhinolands.com\\\/wp-content\\\/uploads\\\/2020\\\/02\\\/AsuniLogoFinal-01.png\",\"width\":151,\"height\":46,\"caption\":\"Asuni Soft\"},\"image\":{\"@id\":\"https:\\\/\\\/rhinolands.com\\\/fr\\\/#\\\/schema\\\/logo\\\/image\\\/\"}}]}<\/script>\n<!-- \/ Yoast SEO plugin. -->","yoast_head_json":{"title":"Formations - RhinoLands","robots":{"index":"index","follow":"follow","max-snippet":"max-snippet:-1","max-image-preview":"max-image-preview:large","max-video-preview":"max-video-preview:-1"},"canonical":"https:\/\/rhinolands.com\/fr\/learn\/courses\/","og_locale":"fr_FR","og_type":"article","og_title":"Formations - RhinoLands","og_description":"Plateforme de formation en ligne Commencez votre voyage avec RhinoLands gr\u00e2ce \u00e0 notre cours en ligne gratuit sur la plateforme de formation Rhino3D. Inscrivez-vous sur la plateforme et participez au cours sur RhinoLands\u00a0; il vous permettra d\u2019appr\u00e9hender le programme de mani\u00e8re intuitive, pas \u00e0 pas gr\u00e2ce \u00e0 des exercices et \u00e0 des instructions guid\u00e9es.D\u00e9monstration en [&hellip;]","og_url":"https:\/\/rhinolands.com\/fr\/learn\/courses\/","og_site_name":"RhinoLands","article_modified_time":"2025-11-21T09:20:06+00:00","twitter_card":"summary_large_image","twitter_misc":{"Dur\u00e9e de lecture estim\u00e9e":"4 minutes"},"schema":{"@context":"https:\/\/schema.org","@graph":[{"@type":"WebPage","@id":"https:\/\/rhinolands.com\/fr\/learn\/courses\/","url":"https:\/\/rhinolands.com\/fr\/learn\/courses\/","name":"Formations - RhinoLands","isPartOf":{"@id":"https:\/\/rhinolands.com\/fr\/#website"},"datePublished":"2021-05-18T13:38:24+00:00","dateModified":"2025-11-21T09:20:06+00:00","breadcrumb":{"@id":"https:\/\/rhinolands.com\/fr\/learn\/courses\/#breadcrumb"},"inLanguage":"fr-FR","potentialAction":[{"@type":"ReadAction","target":["https:\/\/rhinolands.com\/fr\/learn\/courses\/"]}]},{"@type":"BreadcrumbList","@id":"https:\/\/rhinolands.com\/fr\/learn\/courses\/#breadcrumb","itemListElement":[{"@type":"ListItem","position":1,"name":"Home","item":"https:\/\/rhinolands.com\/fr\/"},{"@type":"ListItem","position":2,"name":"Apprendre","item":"https:\/\/rhinolands.com\/fr\/learn\/"},{"@type":"ListItem","position":3,"name":"Formations"}]},{"@type":"WebSite","@id":"https:\/\/rhinolands.com\/fr\/#website","url":"https:\/\/rhinolands.com\/fr\/","name":"RhinoLands","description":"BIM landscape software","publisher":{"@id":"https:\/\/rhinolands.com\/fr\/#organization"},"potentialAction":[{"@type":"SearchAction","target":{"@type":"EntryPoint","urlTemplate":"https:\/\/rhinolands.com\/fr\/?s={search_term_string}"},"query-input":{"@type":"PropertyValueSpecification","valueRequired":true,"valueName":"search_term_string"}}],"inLanguage":"fr-FR"},{"@type":"Organization","@id":"https:\/\/rhinolands.com\/fr\/#organization","name":"Asuni Soft","url":"https:\/\/rhinolands.com\/fr\/","logo":{"@type":"ImageObject","inLanguage":"fr-FR","@id":"https:\/\/rhinolands.com\/fr\/#\/schema\/logo\/image\/","url":"https:\/\/rhinolands.com\/wp-content\/uploads\/2020\/02\/AsuniLogoFinal-01.png","contentUrl":"https:\/\/rhinolands.com\/wp-content\/uploads\/2020\/02\/AsuniLogoFinal-01.png","width":151,"height":46,"caption":"Asuni Soft"},"image":{"@id":"https:\/\/rhinolands.com\/fr\/#\/schema\/logo\/image\/"}}]}},"_links":{"self":[{"href":"https:\/\/rhinolands.com\/fr\/wp-json\/wp\/v2\/pages\/67764","targetHints":{"allow":["GET"]}}],"collection":[{"href":"https:\/\/rhinolands.com\/fr\/wp-json\/wp\/v2\/pages"}],"about":[{"href":"https:\/\/rhinolands.com\/fr\/wp-json\/wp\/v2\/types\/page"}],"author":[{"embeddable":true,"href":"https:\/\/rhinolands.com\/fr\/wp-json\/wp\/v2\/users\/1"}],"replies":[{"embeddable":true,"href":"https:\/\/rhinolands.com\/fr\/wp-json\/wp\/v2\/comments?post=67764"}],"version-history":[{"count":3,"href":"https:\/\/rhinolands.com\/fr\/wp-json\/wp\/v2\/pages\/67764\/revisions"}],"predecessor-version":[{"id":86334,"href":"https:\/\/rhinolands.com\/fr\/wp-json\/wp\/v2\/pages\/67764\/revisions\/86334"}],"up":[{"embeddable":true,"href":"https:\/\/rhinolands.com\/fr\/wp-json\/wp\/v2\/pages\/60128"}],"wp:attachment":[{"href":"https:\/\/rhinolands.com\/fr\/wp-json\/wp\/v2\/media?parent=67764"}],"curies":[{"name":"wp","href":"https:\/\/api.w.org\/{rel}","templated":true}]}}