{"id":68431,"date":"2021-09-27T10:18:34","date_gmt":"2021-09-27T08:18:34","guid":{"rendered":"https:\/\/rhinolands.com\/learn\/webinars\/inscription-au-webinaire\/"},"modified":"2024-04-08T14:45:46","modified_gmt":"2024-04-08T12:45:46","slug":"registration","status":"publish","type":"page","link":"https:\/\/rhinolands.com\/fr\/learn\/webinars\/registration\/","title":{"rendered":"Inscription au webinaire"},"content":{"rendered":"<img decoding=\"async\" class=\"size-large wp-image-73804 aligncenter\" src=\"https:\/\/rhinolands.com\/wp-content\/uploads\/2023\/03\/BIM-LANDSCAPE-DESIGN-SOFTWARE-LANDS-DESIGN-2022-OK-e1679410774249-1024x560.png\" alt=\"LOGICIEL DE CONCEPTION DE PAYSAGES BIM\u00a0: LANDS DESIGN Comment les objets sont r\u00e9pertori\u00e9s sous forme de listes et li\u00e9s au plan et au mod\u00e8le 3D\" width=\"800\" srcset=\"https:\/\/rhinolands.com\/wp-content\/uploads\/2023\/03\/BIM-LANDSCAPE-DESIGN-SOFTWARE-LANDS-DESIGN-2022-OK-e1679410774249-980x551.png 980w, https:\/\/rhinolands.com\/wp-content\/uploads\/2023\/03\/BIM-LANDSCAPE-DESIGN-SOFTWARE-LANDS-DESIGN-2022-OK-e1679410774249-480x270.png 480w\" sizes=\"(min-width: 0px) and (max-width: 480px) 480px, (min-width: 481px) and (max-width: 980px) 980px, (min-width: 981px) 1024px, 100vw\" \/>\n<h1 style=\"text-align: center;\">Inscription au webinaire<\/h1>\n<p style=\"text-align: center;\"><div class=\"div-sobre-iframe\"><iframe loading=\"lazy\" onload=\"iFrameResize()\" src=\"https:\/\/fz2.asuni.com\/form\/?fz=69&lang=fr\" width=\"100%\" height=\"40px\" frameborder=\"0\">Form<\/iframe><\/div><\/p>\n<p style=\"text-align: center;\"><small>Les informations fournies lors de l&rsquo;inscription peuvent \u00eatre utilis\u00e9es et partag\u00e9es par Asuni Soft SL conform\u00e9ment \u00e0 la <a href=\"https:\/\/rhinolands.com\/fr\/legal\/privacy-policy\/\">Politique de confidentialit\u00e9<\/a>.<\/small><\/p>\n&nbsp;","protected":false},"excerpt":{"rendered":"<p>Inscription au webinaire Les informations fournies lors de l&rsquo;inscription peuvent \u00eatre utilis\u00e9es et partag\u00e9es par Asuni Soft SL conform\u00e9ment \u00e0 la Politique de confidentialit\u00e9. &nbsp;<\/p>\n","protected":false},"author":1,"featured_media":0,"parent":60113,"menu_order":0,"comment_status":"closed","ping_status":"closed","template":"","meta":{"_et_pb_use_builder":"","_et_pb_old_content":"","_et_gb_content_width":"","footnotes":""},"class_list":["post-68431","page","type-page","status-publish","hentry"],"yoast_head":"<!-- This site is optimized with the Yoast SEO plugin v27.3 - https:\/\/yoast.com\/product\/yoast-seo-wordpress\/ -->\n<title>Inscription au webinaire - RhinoLands<\/title>\n<meta name=\"robots\" content=\"index, follow, max-snippet:-1, max-image-preview:large, max-video-preview:-1\" \/>\n<link rel=\"canonical\" href=\"https:\/\/rhinolands.com\/fr\/learn\/webinars\/registration\/\" \/>\n<meta property=\"og:locale\" content=\"fr_FR\" \/>\n<meta property=\"og:type\" content=\"article\" \/>\n<meta property=\"og:title\" content=\"Inscription au webinaire - RhinoLands\" \/>\n<meta property=\"og:description\" content=\"Inscription au webinaire Les informations fournies lors de l&rsquo;inscription peuvent \u00eatre utilis\u00e9es et partag\u00e9es par Asuni Soft SL conform\u00e9ment \u00e0 la Politique de confidentialit\u00e9. &nbsp;\" \/>\n<meta property=\"og:url\" content=\"https:\/\/rhinolands.com\/fr\/learn\/webinars\/registration\/\" \/>\n<meta property=\"og:site_name\" content=\"RhinoLands\" \/>\n<meta property=\"article:modified_time\" content=\"2024-04-08T12:45:46+00:00\" \/>\n<meta property=\"og:image\" content=\"https:\/\/rhinolands.com\/wp-content\/uploads\/2023\/03\/BIM-LANDSCAPE-DESIGN-SOFTWARE-LANDS-DESIGN-2022-OK-e1679410774249-1024x560.png\" \/>\n<meta name=\"twitter:card\" content=\"summary_large_image\" \/>\n<script type=\"application\/ld+json\" class=\"yoast-schema-graph\">{\"@context\":\"https:\\\/\\\/schema.org\",\"@graph\":[{\"@type\":\"WebPage\",\"@id\":\"https:\\\/\\\/rhinolands.com\\\/fr\\\/learn\\\/webinars\\\/registration\\\/\",\"url\":\"https:\\\/\\\/rhinolands.com\\\/fr\\\/learn\\\/webinars\\\/registration\\\/\",\"name\":\"Inscription au webinaire - RhinoLands\",\"isPartOf\":{\"@id\":\"https:\\\/\\\/rhinolands.com\\\/fr\\\/#website\"},\"primaryImageOfPage\":{\"@id\":\"https:\\\/\\\/rhinolands.com\\\/fr\\\/learn\\\/webinars\\\/registration\\\/#primaryimage\"},\"image\":{\"@id\":\"https:\\\/\\\/rhinolands.com\\\/fr\\\/learn\\\/webinars\\\/registration\\\/#primaryimage\"},\"thumbnailUrl\":\"https:\\\/\\\/rhinolands.com\\\/wp-content\\\/uploads\\\/2023\\\/03\\\/BIM-LANDSCAPE-DESIGN-SOFTWARE-LANDS-DESIGN-2022-OK-e1679410774249-1024x560.png\",\"datePublished\":\"2021-09-27T08:18:34+00:00\",\"dateModified\":\"2024-04-08T12:45:46+00:00\",\"breadcrumb\":{\"@id\":\"https:\\\/\\\/rhinolands.com\\\/fr\\\/learn\\\/webinars\\\/registration\\\/#breadcrumb\"},\"inLanguage\":\"fr-FR\",\"potentialAction\":[{\"@type\":\"ReadAction\",\"target\":[\"https:\\\/\\\/rhinolands.com\\\/fr\\\/learn\\\/webinars\\\/registration\\\/\"]}]},{\"@type\":\"ImageObject\",\"inLanguage\":\"fr-FR\",\"@id\":\"https:\\\/\\\/rhinolands.com\\\/fr\\\/learn\\\/webinars\\\/registration\\\/#primaryimage\",\"url\":\"https:\\\/\\\/rhinolands.com\\\/wp-content\\\/uploads\\\/2023\\\/03\\\/BIM-LANDSCAPE-DESIGN-SOFTWARE-LANDS-DESIGN-2022-OK-e1679410774249-1024x560.png\",\"contentUrl\":\"https:\\\/\\\/rhinolands.com\\\/wp-content\\\/uploads\\\/2023\\\/03\\\/BIM-LANDSCAPE-DESIGN-SOFTWARE-LANDS-DESIGN-2022-OK-e1679410774249-1024x560.png\"},{\"@type\":\"BreadcrumbList\",\"@id\":\"https:\\\/\\\/rhinolands.com\\\/fr\\\/learn\\\/webinars\\\/registration\\\/#breadcrumb\",\"itemListElement\":[{\"@type\":\"ListItem\",\"position\":1,\"name\":\"Home\",\"item\":\"https:\\\/\\\/rhinolands.com\\\/fr\\\/\"},{\"@type\":\"ListItem\",\"position\":2,\"name\":\"Apprendre\",\"item\":\"https:\\\/\\\/rhinolands.com\\\/fr\\\/learn\\\/\"},{\"@type\":\"ListItem\",\"position\":3,\"name\":\"Webinaires\",\"item\":\"https:\\\/\\\/rhinolands.com\\\/fr\\\/learn\\\/webinars\\\/\"},{\"@type\":\"ListItem\",\"position\":4,\"name\":\"Inscription au webinaire\"}]},{\"@type\":\"WebSite\",\"@id\":\"https:\\\/\\\/rhinolands.com\\\/fr\\\/#website\",\"url\":\"https:\\\/\\\/rhinolands.com\\\/fr\\\/\",\"name\":\"RhinoLands\",\"description\":\"BIM landscape software\",\"publisher\":{\"@id\":\"https:\\\/\\\/rhinolands.com\\\/fr\\\/#organization\"},\"potentialAction\":[{\"@type\":\"SearchAction\",\"target\":{\"@type\":\"EntryPoint\",\"urlTemplate\":\"https:\\\/\\\/rhinolands.com\\\/fr\\\/?s={search_term_string}\"},\"query-input\":{\"@type\":\"PropertyValueSpecification\",\"valueRequired\":true,\"valueName\":\"search_term_string\"}}],\"inLanguage\":\"fr-FR\"},{\"@type\":\"Organization\",\"@id\":\"https:\\\/\\\/rhinolands.com\\\/fr\\\/#organization\",\"name\":\"Asuni Soft\",\"url\":\"https:\\\/\\\/rhinolands.com\\\/fr\\\/\",\"logo\":{\"@type\":\"ImageObject\",\"inLanguage\":\"fr-FR\",\"@id\":\"https:\\\/\\\/rhinolands.com\\\/fr\\\/#\\\/schema\\\/logo\\\/image\\\/\",\"url\":\"https:\\\/\\\/rhinolands.com\\\/wp-content\\\/uploads\\\/2020\\\/02\\\/AsuniLogoFinal-01.png\",\"contentUrl\":\"https:\\\/\\\/rhinolands.com\\\/wp-content\\\/uploads\\\/2020\\\/02\\\/AsuniLogoFinal-01.png\",\"width\":151,\"height\":46,\"caption\":\"Asuni Soft\"},\"image\":{\"@id\":\"https:\\\/\\\/rhinolands.com\\\/fr\\\/#\\\/schema\\\/logo\\\/image\\\/\"}}]}<\/script>\n<!-- \/ Yoast SEO plugin. -->","yoast_head_json":{"title":"Inscription au webinaire - RhinoLands","robots":{"index":"index","follow":"follow","max-snippet":"max-snippet:-1","max-image-preview":"max-image-preview:large","max-video-preview":"max-video-preview:-1"},"canonical":"https:\/\/rhinolands.com\/fr\/learn\/webinars\/registration\/","og_locale":"fr_FR","og_type":"article","og_title":"Inscription au webinaire - RhinoLands","og_description":"Inscription au webinaire Les informations fournies lors de l&rsquo;inscription peuvent \u00eatre utilis\u00e9es et partag\u00e9es par Asuni Soft SL conform\u00e9ment \u00e0 la Politique de confidentialit\u00e9. &nbsp;","og_url":"https:\/\/rhinolands.com\/fr\/learn\/webinars\/registration\/","og_site_name":"RhinoLands","article_modified_time":"2024-04-08T12:45:46+00:00","og_image":[{"url":"https:\/\/rhinolands.com\/wp-content\/uploads\/2023\/03\/BIM-LANDSCAPE-DESIGN-SOFTWARE-LANDS-DESIGN-2022-OK-e1679410774249-1024x560.png","type":"","width":"","height":""}],"twitter_card":"summary_large_image","schema":{"@context":"https:\/\/schema.org","@graph":[{"@type":"WebPage","@id":"https:\/\/rhinolands.com\/fr\/learn\/webinars\/registration\/","url":"https:\/\/rhinolands.com\/fr\/learn\/webinars\/registration\/","name":"Inscription au webinaire - RhinoLands","isPartOf":{"@id":"https:\/\/rhinolands.com\/fr\/#website"},"primaryImageOfPage":{"@id":"https:\/\/rhinolands.com\/fr\/learn\/webinars\/registration\/#primaryimage"},"image":{"@id":"https:\/\/rhinolands.com\/fr\/learn\/webinars\/registration\/#primaryimage"},"thumbnailUrl":"https:\/\/rhinolands.com\/wp-content\/uploads\/2023\/03\/BIM-LANDSCAPE-DESIGN-SOFTWARE-LANDS-DESIGN-2022-OK-e1679410774249-1024x560.png","datePublished":"2021-09-27T08:18:34+00:00","dateModified":"2024-04-08T12:45:46+00:00","breadcrumb":{"@id":"https:\/\/rhinolands.com\/fr\/learn\/webinars\/registration\/#breadcrumb"},"inLanguage":"fr-FR","potentialAction":[{"@type":"ReadAction","target":["https:\/\/rhinolands.com\/fr\/learn\/webinars\/registration\/"]}]},{"@type":"ImageObject","inLanguage":"fr-FR","@id":"https:\/\/rhinolands.com\/fr\/learn\/webinars\/registration\/#primaryimage","url":"https:\/\/rhinolands.com\/wp-content\/uploads\/2023\/03\/BIM-LANDSCAPE-DESIGN-SOFTWARE-LANDS-DESIGN-2022-OK-e1679410774249-1024x560.png","contentUrl":"https:\/\/rhinolands.com\/wp-content\/uploads\/2023\/03\/BIM-LANDSCAPE-DESIGN-SOFTWARE-LANDS-DESIGN-2022-OK-e1679410774249-1024x560.png"},{"@type":"BreadcrumbList","@id":"https:\/\/rhinolands.com\/fr\/learn\/webinars\/registration\/#breadcrumb","itemListElement":[{"@type":"ListItem","position":1,"name":"Home","item":"https:\/\/rhinolands.com\/fr\/"},{"@type":"ListItem","position":2,"name":"Apprendre","item":"https:\/\/rhinolands.com\/fr\/learn\/"},{"@type":"ListItem","position":3,"name":"Webinaires","item":"https:\/\/rhinolands.com\/fr\/learn\/webinars\/"},{"@type":"ListItem","position":4,"name":"Inscription au webinaire"}]},{"@type":"WebSite","@id":"https:\/\/rhinolands.com\/fr\/#website","url":"https:\/\/rhinolands.com\/fr\/","name":"RhinoLands","description":"BIM landscape software","publisher":{"@id":"https:\/\/rhinolands.com\/fr\/#organization"},"potentialAction":[{"@type":"SearchAction","target":{"@type":"EntryPoint","urlTemplate":"https:\/\/rhinolands.com\/fr\/?s={search_term_string}"},"query-input":{"@type":"PropertyValueSpecification","valueRequired":true,"valueName":"search_term_string"}}],"inLanguage":"fr-FR"},{"@type":"Organization","@id":"https:\/\/rhinolands.com\/fr\/#organization","name":"Asuni Soft","url":"https:\/\/rhinolands.com\/fr\/","logo":{"@type":"ImageObject","inLanguage":"fr-FR","@id":"https:\/\/rhinolands.com\/fr\/#\/schema\/logo\/image\/","url":"https:\/\/rhinolands.com\/wp-content\/uploads\/2020\/02\/AsuniLogoFinal-01.png","contentUrl":"https:\/\/rhinolands.com\/wp-content\/uploads\/2020\/02\/AsuniLogoFinal-01.png","width":151,"height":46,"caption":"Asuni Soft"},"image":{"@id":"https:\/\/rhinolands.com\/fr\/#\/schema\/logo\/image\/"}}]}},"_links":{"self":[{"href":"https:\/\/rhinolands.com\/fr\/wp-json\/wp\/v2\/pages\/68431","targetHints":{"allow":["GET"]}}],"collection":[{"href":"https:\/\/rhinolands.com\/fr\/wp-json\/wp\/v2\/pages"}],"about":[{"href":"https:\/\/rhinolands.com\/fr\/wp-json\/wp\/v2\/types\/page"}],"author":[{"embeddable":true,"href":"https:\/\/rhinolands.com\/fr\/wp-json\/wp\/v2\/users\/1"}],"replies":[{"embeddable":true,"href":"https:\/\/rhinolands.com\/fr\/wp-json\/wp\/v2\/comments?post=68431"}],"version-history":[{"count":2,"href":"https:\/\/rhinolands.com\/fr\/wp-json\/wp\/v2\/pages\/68431\/revisions"}],"predecessor-version":[{"id":80505,"href":"https:\/\/rhinolands.com\/fr\/wp-json\/wp\/v2\/pages\/68431\/revisions\/80505"}],"up":[{"embeddable":true,"href":"https:\/\/rhinolands.com\/fr\/wp-json\/wp\/v2\/pages\/60113"}],"wp:attachment":[{"href":"https:\/\/rhinolands.com\/fr\/wp-json\/wp\/v2\/media?parent=68431"}],"curies":[{"name":"wp","href":"https:\/\/api.w.org\/{rel}","templated":true}]}}