{"id":74639,"date":"2023-07-28T15:17:21","date_gmt":"2023-07-28T13:17:21","guid":{"rendered":"https:\/\/rhinolands.com\/sales\/kit-ecole\/"},"modified":"2024-02-26T23:08:11","modified_gmt":"2024-02-26T22:08:11","slug":"school-kit","status":"publish","type":"page","link":"https:\/\/rhinolands.com\/fr\/sales\/school-kit\/","title":{"rendered":"Kit \u00e9cole"},"content":{"rendered":"\n<h1 class=\"wp-block-heading\"><strong>Kit \u00e9cole <\/strong>:<\/h1>\n\n<p>Un Kit \u00e9cole de Lands Design est un achat group\u00e9 de licences qui comprend un ensemble d&rsquo;<strong>au moins 30<\/strong> <strong><a href=\"\/sales\/#tab|1\">licences \u00e9ducation mono-utilisateur<\/a><\/strong> \u00e0 un prix sp\u00e9cial :    <\/p>\n\n<p><\/p>\n\n<ul class=\"wp-block-list\">\n<li>Le Kit \u00e9cole de Lands Design comprend un minimum de 30 licences \u00e9ducation mono-utilisateur. Les licences doivent \u00eatre achet\u00e9es en une seule fois et leur nombre peut \u00eatre sup\u00e9rieur \u00e0 30. <\/li>\n\n\n\n<li><a href=\"https:\/\/rhinolands.com\/fr\/sales\/proof-of-academic-status\/\">Les conditions des licences \u00e9ducation mono-utilisateur<\/a> s&rsquo;appliquent aux licences incluses dans le Kit \u00e9cole. <\/li>\n\n\n\n<li>Seules les \u00e9coles, les lyc\u00e9es et les universit\u00e9s peuvent profiter de cette offre, une <a href=\"https:\/\/rhinolands.com\/fr\/sales\/proof-of-academic-status\/\">preuve du statut de centre d&rsquo;enseignement<\/a> est n\u00e9cessaire<\/li>\n\n\n\n<li>Les particuliers (\u00e9tudiants ou enseignants) peuvent <a href=\"\/sales\/#tab|1\">commander les produits pour l&rsquo;\u00e9ducation<\/a> standard.<\/li>\n\n\n\n<li>Si l&rsquo;\u00e9cole ne peut pas atteindre le nombre minimum requis de licences \u00e9ducation mono-utilisateur, vous pouvez commander une <a href=\"\/sales\/#tab|1\">licence \u00e9ducation de Lands Design<\/a> au prix standard.<\/li>\n<\/ul>\n","protected":false},"excerpt":{"rendered":"<p>Kit \u00e9cole : Un Kit \u00e9cole de Lands Design est un achat group\u00e9 de licences qui comprend un ensemble d&rsquo;au moins 30 licences \u00e9ducation mono-utilisateur \u00e0 un prix sp\u00e9cial :<\/p>\n","protected":false},"author":14,"featured_media":0,"parent":60101,"menu_order":0,"comment_status":"closed","ping_status":"closed","template":"","meta":{"_et_pb_use_builder":"","_et_pb_old_content":"","_et_gb_content_width":"","footnotes":""},"class_list":["post-74639","page","type-page","status-publish","hentry"],"yoast_head":"<!-- This site is optimized with the Yoast SEO plugin v27.5 - https:\/\/yoast.com\/product\/yoast-seo-wordpress\/ -->\n<title>Kit \u00e9cole - RhinoLands<\/title>\n<meta name=\"robots\" content=\"index, follow, max-snippet:-1, max-image-preview:large, max-video-preview:-1\" \/>\n<link rel=\"canonical\" href=\"https:\/\/rhinolands.com\/fr\/sales\/school-kit\/\" \/>\n<meta property=\"og:locale\" content=\"fr_FR\" \/>\n<meta property=\"og:type\" content=\"article\" \/>\n<meta property=\"og:title\" content=\"Kit \u00e9cole - RhinoLands\" \/>\n<meta property=\"og:description\" content=\"Kit \u00e9cole : Un Kit \u00e9cole de Lands Design est un achat group\u00e9 de licences qui comprend un ensemble d&rsquo;au moins 30 licences \u00e9ducation mono-utilisateur \u00e0 un prix sp\u00e9cial :\" \/>\n<meta property=\"og:url\" content=\"https:\/\/rhinolands.com\/fr\/sales\/school-kit\/\" \/>\n<meta property=\"og:site_name\" content=\"RhinoLands\" \/>\n<meta property=\"article:modified_time\" content=\"2024-02-26T22:08:11+00:00\" \/>\n<meta name=\"twitter:card\" content=\"summary_large_image\" \/>\n<meta name=\"twitter:label1\" content=\"Dur\u00e9e de lecture estim\u00e9e\" \/>\n\t<meta name=\"twitter:data1\" content=\"1 minute\" \/>\n<script type=\"application\/ld+json\" class=\"yoast-schema-graph\">{\"@context\":\"https:\\\/\\\/schema.org\",\"@graph\":[{\"@type\":\"WebPage\",\"@id\":\"https:\\\/\\\/rhinolands.com\\\/fr\\\/sales\\\/school-kit\\\/\",\"url\":\"https:\\\/\\\/rhinolands.com\\\/fr\\\/sales\\\/school-kit\\\/\",\"name\":\"Kit \u00e9cole - RhinoLands\",\"isPartOf\":{\"@id\":\"https:\\\/\\\/rhinolands.com\\\/fr\\\/#website\"},\"datePublished\":\"2023-07-28T13:17:21+00:00\",\"dateModified\":\"2024-02-26T22:08:11+00:00\",\"breadcrumb\":{\"@id\":\"https:\\\/\\\/rhinolands.com\\\/fr\\\/sales\\\/school-kit\\\/#breadcrumb\"},\"inLanguage\":\"fr-FR\",\"potentialAction\":[{\"@type\":\"ReadAction\",\"target\":[\"https:\\\/\\\/rhinolands.com\\\/fr\\\/sales\\\/school-kit\\\/\"]}]},{\"@type\":\"BreadcrumbList\",\"@id\":\"https:\\\/\\\/rhinolands.com\\\/fr\\\/sales\\\/school-kit\\\/#breadcrumb\",\"itemListElement\":[{\"@type\":\"ListItem\",\"position\":1,\"name\":\"Home\",\"item\":\"https:\\\/\\\/rhinolands.com\\\/fr\\\/\"},{\"@type\":\"ListItem\",\"position\":2,\"name\":\"Ventes\",\"item\":\"https:\\\/\\\/rhinolands.com\\\/fr\\\/sales\\\/\"},{\"@type\":\"ListItem\",\"position\":3,\"name\":\"Kit \u00e9cole\"}]},{\"@type\":\"WebSite\",\"@id\":\"https:\\\/\\\/rhinolands.com\\\/fr\\\/#website\",\"url\":\"https:\\\/\\\/rhinolands.com\\\/fr\\\/\",\"name\":\"RhinoLands\",\"description\":\"BIM landscape software\",\"publisher\":{\"@id\":\"https:\\\/\\\/rhinolands.com\\\/fr\\\/#organization\"},\"potentialAction\":[{\"@type\":\"SearchAction\",\"target\":{\"@type\":\"EntryPoint\",\"urlTemplate\":\"https:\\\/\\\/rhinolands.com\\\/fr\\\/?s={search_term_string}\"},\"query-input\":{\"@type\":\"PropertyValueSpecification\",\"valueRequired\":true,\"valueName\":\"search_term_string\"}}],\"inLanguage\":\"fr-FR\"},{\"@type\":\"Organization\",\"@id\":\"https:\\\/\\\/rhinolands.com\\\/fr\\\/#organization\",\"name\":\"Asuni Soft\",\"url\":\"https:\\\/\\\/rhinolands.com\\\/fr\\\/\",\"logo\":{\"@type\":\"ImageObject\",\"inLanguage\":\"fr-FR\",\"@id\":\"https:\\\/\\\/rhinolands.com\\\/fr\\\/#\\\/schema\\\/logo\\\/image\\\/\",\"url\":\"https:\\\/\\\/rhinolands.com\\\/wp-content\\\/uploads\\\/2020\\\/02\\\/AsuniLogoFinal-01.png\",\"contentUrl\":\"https:\\\/\\\/rhinolands.com\\\/wp-content\\\/uploads\\\/2020\\\/02\\\/AsuniLogoFinal-01.png\",\"width\":151,\"height\":46,\"caption\":\"Asuni Soft\"},\"image\":{\"@id\":\"https:\\\/\\\/rhinolands.com\\\/fr\\\/#\\\/schema\\\/logo\\\/image\\\/\"}}]}<\/script>\n<!-- \/ Yoast SEO plugin. -->","yoast_head_json":{"title":"Kit \u00e9cole - RhinoLands","robots":{"index":"index","follow":"follow","max-snippet":"max-snippet:-1","max-image-preview":"max-image-preview:large","max-video-preview":"max-video-preview:-1"},"canonical":"https:\/\/rhinolands.com\/fr\/sales\/school-kit\/","og_locale":"fr_FR","og_type":"article","og_title":"Kit \u00e9cole - RhinoLands","og_description":"Kit \u00e9cole : Un Kit \u00e9cole de Lands Design est un achat group\u00e9 de licences qui comprend un ensemble d&rsquo;au moins 30 licences \u00e9ducation mono-utilisateur \u00e0 un prix sp\u00e9cial :","og_url":"https:\/\/rhinolands.com\/fr\/sales\/school-kit\/","og_site_name":"RhinoLands","article_modified_time":"2024-02-26T22:08:11+00:00","twitter_card":"summary_large_image","twitter_misc":{"Dur\u00e9e de lecture estim\u00e9e":"1 minute"},"schema":{"@context":"https:\/\/schema.org","@graph":[{"@type":"WebPage","@id":"https:\/\/rhinolands.com\/fr\/sales\/school-kit\/","url":"https:\/\/rhinolands.com\/fr\/sales\/school-kit\/","name":"Kit \u00e9cole - RhinoLands","isPartOf":{"@id":"https:\/\/rhinolands.com\/fr\/#website"},"datePublished":"2023-07-28T13:17:21+00:00","dateModified":"2024-02-26T22:08:11+00:00","breadcrumb":{"@id":"https:\/\/rhinolands.com\/fr\/sales\/school-kit\/#breadcrumb"},"inLanguage":"fr-FR","potentialAction":[{"@type":"ReadAction","target":["https:\/\/rhinolands.com\/fr\/sales\/school-kit\/"]}]},{"@type":"BreadcrumbList","@id":"https:\/\/rhinolands.com\/fr\/sales\/school-kit\/#breadcrumb","itemListElement":[{"@type":"ListItem","position":1,"name":"Home","item":"https:\/\/rhinolands.com\/fr\/"},{"@type":"ListItem","position":2,"name":"Ventes","item":"https:\/\/rhinolands.com\/fr\/sales\/"},{"@type":"ListItem","position":3,"name":"Kit \u00e9cole"}]},{"@type":"WebSite","@id":"https:\/\/rhinolands.com\/fr\/#website","url":"https:\/\/rhinolands.com\/fr\/","name":"RhinoLands","description":"BIM landscape software","publisher":{"@id":"https:\/\/rhinolands.com\/fr\/#organization"},"potentialAction":[{"@type":"SearchAction","target":{"@type":"EntryPoint","urlTemplate":"https:\/\/rhinolands.com\/fr\/?s={search_term_string}"},"query-input":{"@type":"PropertyValueSpecification","valueRequired":true,"valueName":"search_term_string"}}],"inLanguage":"fr-FR"},{"@type":"Organization","@id":"https:\/\/rhinolands.com\/fr\/#organization","name":"Asuni Soft","url":"https:\/\/rhinolands.com\/fr\/","logo":{"@type":"ImageObject","inLanguage":"fr-FR","@id":"https:\/\/rhinolands.com\/fr\/#\/schema\/logo\/image\/","url":"https:\/\/rhinolands.com\/wp-content\/uploads\/2020\/02\/AsuniLogoFinal-01.png","contentUrl":"https:\/\/rhinolands.com\/wp-content\/uploads\/2020\/02\/AsuniLogoFinal-01.png","width":151,"height":46,"caption":"Asuni Soft"},"image":{"@id":"https:\/\/rhinolands.com\/fr\/#\/schema\/logo\/image\/"}}]}},"_links":{"self":[{"href":"https:\/\/rhinolands.com\/fr\/wp-json\/wp\/v2\/pages\/74639","targetHints":{"allow":["GET"]}}],"collection":[{"href":"https:\/\/rhinolands.com\/fr\/wp-json\/wp\/v2\/pages"}],"about":[{"href":"https:\/\/rhinolands.com\/fr\/wp-json\/wp\/v2\/types\/page"}],"author":[{"embeddable":true,"href":"https:\/\/rhinolands.com\/fr\/wp-json\/wp\/v2\/users\/14"}],"replies":[{"embeddable":true,"href":"https:\/\/rhinolands.com\/fr\/wp-json\/wp\/v2\/comments?post=74639"}],"version-history":[{"count":1,"href":"https:\/\/rhinolands.com\/fr\/wp-json\/wp\/v2\/pages\/74639\/revisions"}],"predecessor-version":[{"id":74641,"href":"https:\/\/rhinolands.com\/fr\/wp-json\/wp\/v2\/pages\/74639\/revisions\/74641"}],"up":[{"embeddable":true,"href":"https:\/\/rhinolands.com\/fr\/wp-json\/wp\/v2\/pages\/60101"}],"wp:attachment":[{"href":"https:\/\/rhinolands.com\/fr\/wp-json\/wp\/v2\/media?parent=74639"}],"curies":[{"name":"wp","href":"https:\/\/api.w.org\/{rel}","templated":true}]}}