{"id":63768,"date":"2020-03-04T09:24:53","date_gmt":"2020-03-04T09:24:53","guid":{"rendered":"https:\/\/rhinolands.com\/rivenditori\/"},"modified":"2024-04-17T13:08:58","modified_gmt":"2024-04-17T11:08:58","slug":"reseller","status":"publish","type":"page","link":"https:\/\/rhinolands.com\/it\/reseller\/","title":{"rendered":"Rivenditori"},"content":{"rendered":"[et_pb_section fb_built=&#8221;1&#8243; _builder_version=&#8221;4.16&#8243; da_disable_devices=&#8221;off|off|off&#8221; global_colors_info=&#8221;{}&#8221; da_is_popup=&#8221;off&#8221; da_exit_intent=&#8221;off&#8221; da_has_close=&#8221;on&#8221; da_alt_close=&#8221;off&#8221; da_dark_close=&#8221;off&#8221; da_not_modal=&#8221;on&#8221; da_is_singular=&#8221;off&#8221; da_with_loader=&#8221;off&#8221; da_has_shadow=&#8221;on&#8221;][et_pb_row _builder_version=&#8221;4.16&#8243; global_colors_info=&#8221;{}&#8221;][et_pb_column type=&#8221;4_4&#8243; _builder_version=&#8221;4.16&#8243; global_colors_info=&#8221;{}&#8221;][et_pb_post_title meta=&#8221;off&#8221; featured_image=&#8221;off&#8221; _builder_version=&#8221;4.16&#8243; global_colors_info=&#8221;{}&#8221;][\/et_pb_post_title][et_pb_text ul_item_indent=&#8221;8px&#8221; admin_label=&#8221;Menu&#8221; _builder_version=&#8221;4.24.3&#8243; global_colors_info=&#8221;{}&#8221;]<ul>\r\n<li><strong><a href=\"#newreseller\">Nuovi rivenditori<\/a><\/strong><\/li>\r\n<li><strong><a href=\"#rsk\">Reseller Starter Kit<\/a><\/strong><\/li>\r\n<li><a href=\"#products\"><strong>I nostri prodotti<\/strong><\/a><\/li>\r\n<li><a href=\"#licensing\"><strong>Opzioni di acquisto<\/strong><\/a><\/li>\r\n<li><a href=\"#subscription\"><strong>Processo di iscrizione<\/strong><\/a><\/li>\r\n<li><strong><a href=\"#ordering\">Ordini e prezzi<\/a><\/strong><\/li>\r\n<li><strong><a href=\"#discounts\">Sconti per rivenditori<\/a><\/strong><\/li>\r\n<li><strong><a href=\"#marketing\">Marketing<\/a><\/strong><\/li>\r\n<\/ul>[\/et_pb_text][et_pb_divider _builder_version=&#8221;4.16&#8243; global_colors_info=&#8221;{}&#8221;][\/et_pb_divider][et_pb_text admin_label=&#8221;New Resellers&#8221; module_id=&#8221;newreseller&#8221; _builder_version=&#8221;4.16&#8243; global_colors_info=&#8221;{}&#8221;]<h2><strong>Nuovi rivenditori<\/strong><\/h2>\r\n<p>Per diventare rivenditore ufficiale di Lands Design, <\/p>\r\n<p><strong>ti chiediamo di:<\/strong><\/p>\r\n<ol>\r\n<li>Leggere i <strong>requisiti<\/strong> per diventare rivenditore:\r\n<ul>\r\n<li>Mantenere aggiornate sul proprio sito web le informazioni relative a Lands Design.<\/li>\r\n<li>Forniamo una garanzia soddisfatto o rimborsato. Ci aspettiamo che i rivenditori applichino la stessa politica.<\/li>\r\n<li>Forniamo un servizio di supporto tecnico illimitato, sia ai rivenditori che agli utenti finali.<\/li>\r\n<li>I rivenditori possono vendere ad utenti finali o ad altri rivenditori all&#8217;interno del proprio paese. Per la vendita fuori dal proprio paese, contattare Asuni CAD.<\/li>\r\n<\/ul>\r\n<\/li>\r\n<li>Completare il <strong>modulo per rivenditori<a href=\"https:\/\/rhinolands.com\/it\/reseller\/application-form\/\">.<\/strong><\/a><\/li>\r\n<li>Organizzare un meeting online con un membro del team di Asuni per una demo completa di Lands Design. Scrivere a <a href=\"mailto:landsdesign@asuni.com\">landsdesign@asuni.com<\/a> per organizzare il meeting.<\/li>\r\n<li>Ordinare un pacchetto Lands Design <strong>Reseller Starter Kit<\/strong> su Asuni Store (i dati di accesso verranno forniti dopo aver compilato la richiesta per diventare rivenditore). Non richiesto ai rivenditori di VisualARQ.<\/li>\r\n<li>Aggiornare il proprio sito web con le informazioni su Lands Design. Utilizzare il <a href=\"#marketing\">materiale di marketing<\/a> a tale scopo.\r\n<\/li>\r\n<\/ol>\r\n<p><strong>Cosa offriamo<\/strong><\/p>\r\n<ul>\r\n<li>Informazioni di contatto dei rivenditori ufficiali sulla <a href=\"https:\/\/rhinolands.com\/it\/sales\/\">pagina relativa alle vendite<\/a> del nostro sito web per dare loro visibilit\u00e0.<\/li>\r\n<li>Supporto per eventi, newsletter e altre strategie di marketing.<\/li>\r\n<li>Supporto personalizzato.<\/li>\r\n<li>Una licenza Lab &#8220;Not For Resale&#8221; (non destinata alla rivendita), inclusa nel Reseller Kit.<\/li>\r\n<li>Una licenza Lab &#8220;Not For Resale&#8221; (non destinata alla rivendita) di <a href=\"https:\/\/www.visualarq.com\">VisualARQ<\/a>.<\/li>\r\n<\/ul>[\/et_pb_text][et_pb_divider _builder_version=&#8221;4.16&#8243; global_colors_info=&#8221;{}&#8221;][\/et_pb_divider][et_pb_text admin_label=&#8221;Ordering&#8221; module_id=&#8221;products&#8221; _builder_version=&#8221;4.24.3&#8243; global_colors_info=&#8221;{}&#8221;]<h2><strong>I nostri prodotti<\/strong><\/h2>\r\n<p>Offriamo due opzioni di licenza flessibili, Educational e Commerciale, per soddisfare le varie esigenze degli utenti. Due categorie di prodotti:<\/p>\r\n<ul>\r\n<li>RhinoLands: Un programma standalone (include Rhino 8).<\/li>\r\n<li>Lands Design: Il plug-in disponibile in due versioni, per AutoCAD e per Rhino.<\/li>\r\n<\/ul>\r\n<p><strong>Perch\u00e9 RhinoLands?<\/strong><br \/>Abbiamo deciso di sviluppare un nuovo programma, RhinoLands, come soluzione standalone che include Rhino per vari motivi:<\/p>\r\n<p>Apprendimento semplificato: I nuovi utenti che non conoscono Rhino spesso hanno difficolt\u00e0 nell&#8217;imparare Rhino e Lands Design come plug-in. Questo duplice processo di apprendimento pu\u00f2 ostacolare la possibilit\u00e0 di capire Lands Design.<\/p>\r\n<p>Interfaccia ottimizzata: Rhino include numerose barre strumenti e funzionalit\u00e0 che vanno oltre il paesaggismo e la modellazione. Queste opzioni aggiungono complessit\u00e0 nella curva di apprendimento non necessaria, riportata dagli utenti.<\/p>\r\n<p>Facilit\u00e0 di gestione: Gestire due programmi separati, inclusa l&#8217;installazione, gli aggiornamenti e la compatibilit\u00e0, rappresenta una vera e propria sfida per gli utenti. La complessit\u00e0 ostacola nell&#8217;insieme l&#8217;esperienza e la produttivit\u00e0 dell&#8217;utente.<\/p>\r\n<p>Per far fronte a queste sfide, abbiamo sviluppato una soluzione standalone che include Rhino, un approccio efficiente per soddisfare le esigenze degli utenti e migliorare l&#8217;usabilit\u00e0.<\/p>[\/et_pb_text][et_pb_divider _builder_version=&#8221;4.16&#8243; global_colors_info=&#8221;{}&#8221;][\/et_pb_divider][et_pb_text admin_label=&#8221;Reseller Starter Kit&#8221; module_id=&#8221;rsk&#8221; _builder_version=&#8221;4.16&#8243; global_colors_info=&#8221;{}&#8221;]<h2><strong>Reseller Starter Kit<\/strong><\/h2>\r\n<p>Il pacchetto Reseller Starter Kit di Lands Design costa US$795 e include:<\/p>\r\n<ul>\r\n<li>Una versione LAB <strong>Not For Resale<\/strong> (non destinata alla rivendita) di Lands Design per il rivenditore.<\/li>\r\n<li>Una versione LAB <strong>Not For Resale<\/strong> (non destinata alla rivendita) di VisualARQ.<\/li>\r\n<li>Due versioni commerciali di Lands Design per la <strong>rivendita<\/strong>.<\/li>\r\n<\/ul>[\/et_pb_text][et_pb_divider _builder_version=&#8221;4.16&#8243; global_colors_info=&#8221;{}&#8221;][\/et_pb_divider][et_pb_text admin_label=&#8221;Ordering&#8221; module_id=&#8221;licensing&#8221; _builder_version=&#8221;4.24.3&#8243; global_colors_info=&#8221;{}&#8221;]<h2><strong>Opzioni di acquisto<\/strong><\/h2>\r\n<p>Offriamo licenze perpetue per ogni tipologia di licenza, insieme ad abbonamenti mensili e annuali per le licenze commerciali, adatte per un utilizzo temporaneo o a lungo termine.<\/p>\r\n<p><strong>Perch\u00e9 l&#8217;abbonamento:<\/strong><br \/>Dopo aver esaminato il mercato negli ultimi anni, abbiamo deciso di includere un&#8217;opzione di abbonamento per ampliare il nostro target di utenti.<\/p>\r\n<p>Abbiamo introdotto abbonamenti annuali e mensili rivolti a paesaggisti freelance e piccole aziende. Queste soluzioni offrono maggiore accessibilit\u00e0 e flessibilit\u00e0, consentendo un utilizzo temporaneo del software, la scalabilit\u00e0 e l&#8217;accesso alle ultime funzionalit\u00e0, senza costi aggiuntivi.<\/p>[\/et_pb_text][et_pb_divider _builder_version=&#8221;4.16&#8243; global_colors_info=&#8221;{}&#8221;][\/et_pb_divider][et_pb_text admin_label=&#8221;Ordering&#8221; module_id=&#8221;subscription&#8221; _builder_version=&#8221;4.24.3&#8243; hover_enabled=&#8221;0&#8243; global_colors_info=&#8221;{}&#8221; sticky_enabled=&#8221;0&#8243;]<h2><strong>Abbonamenti<\/strong><\/h2>\r\n<p>Su richiesta, i nostri rivenditori potranno richiedere un <strong>link di affiliazione<\/strong>. Questo link verr\u00e0 mostrato sul loro sito web. Quando un cliente fa clic sul link e completa il processo di acquisto attraverso la piattaforma Asuni Store, possiamo assegnare la vendita al negozio originale, garantendo cos\u00ec il pagamento della commissione al rivenditore in questione.<\/p>[\/et_pb_text][et_pb_divider _builder_version=&#8221;4.16&#8243; global_colors_info=&#8221;{}&#8221;][\/et_pb_divider][et_pb_text admin_label=&#8221;Ordering&#8221; module_id=&#8221;ordering&#8221; _builder_version=&#8221;4.16&#8243; global_colors_info=&#8221;{}&#8221;]<h2><strong>Ordini e listino prezzi<\/strong><\/h2>\r\nSolo per i rivenditori. Gli ordini di Lands Design vengono gestiti online mediante il servizio <strong><a href=\"https:\/\/shop.asuni.com\/\">Asuni Store<\/a><\/strong>. Asuni Store calcola gli sconti per rivenditori in base al numero di licenze ordinate e accetta pagamenti mediante carta di credito o bonifico bancario. Una volta diventato rivenditore di Lands Design, riceverai un nome utente e una password di accesso.\r\n\r\nVai al sito web di\u00a0<strong><a href=\"https:\/\/shop.asuni.com\/\">Asuni Store<\/a><\/strong>.\r\n\r\nConsulta i prezzi di Lands Design <a href=\"https:\/\/rhinolands.com\/it\/sales\/\">qui<\/a>.[\/et_pb_text][et_pb_divider _builder_version=&#8221;4.16&#8243; global_colors_info=&#8221;{}&#8221;][\/et_pb_divider][et_pb_text admin_label=&#8221;Discounts&#8221; module_id=&#8221;discounts&#8221; _builder_version=&#8221;4.24.2&#8243; global_colors_info=&#8221;{}&#8221;]<h2><strong>Sconti<\/strong><\/h2>\r\n<p>Gli sconti per i rivenditori si applicano in base alla quantit\u00e0:<\/p>\r\n<table id=\"table1\" border=\"0\" cellspacing=\"0\" cellpadding=\"0\">\r\n<tbody>\r\n<tr>\r\n<td colspan=\"2\" valign=\"top\"><strong>Licenze perpetue Commerciali ed Educational<\/strong><\/td>\r\n<\/tr>\r\n<tr>\r\n<td valign=\"top\">Quantit\u00e0<\/td>\r\n<td valign=\"top\">Sconto<\/td>\r\n<\/tr>\r\n<tr>\r\n<td valign=\"top\">1<\/td>\r\n<td valign=\"top\">15%<\/td>\r\n<\/tr>\r\n<tr>\r\n<td valign=\"top\">2-9<\/td>\r\n<td valign=\"top\">25%<\/td>\r\n<\/tr>\r\n<tr>\r\n<td valign=\"top\">10+<\/td>\r\n<td valign=\"top\">35%<\/td>\r\n<\/tr>\r\n<\/tbody>\r\n<\/table>\r\n<p>&nbsp;<\/p>\r\n<table id=\"table1\" border=\"0\" cellspacing=\"0\" cellpadding=\"0\">\r\n<tbody>\r\n<tr>\r\n<td colspan=\"2\" valign=\"top\"><strong>Licenze LAB perpetue e pacchetti School Kit\u00a0<\/strong><\/td>\r\n<\/tr>\r\n<tr>\r\n<td valign=\"top\">Quantit\u00e0<\/td>\r\n<td valign=\"top\">Sconto<\/td>\r\n<\/tr>\r\n<tr>\r\n<td valign=\"top\">1+<\/td>\r\n<td valign=\"top\">30%<\/td>\r\n<\/tr>\r\n<\/tbody>\r\n<\/table>\r\n<p>&nbsp;<\/p>\r\n<table id=\"table1\" border=\"0\" cellspacing=\"0\" cellpadding=\"0\">\r\n<tbody>\r\n<tr>\r\n<td colspan=\"2\" valign=\"top\"><strong>Iscrizioni commerciali<\/strong><\/td>\r\n<\/tr>\r\n<tr>\r\n<td colspan=\"2\"><span>Per semplificare il processo di iscrizione, ciascun rivenditore ricever\u00e0 un link unico, in modo da automatizzare la distribuzione della commissione e per assicurare che l&#8217;assegnazione delle vendite sia precisa. Questo approccio riduce i problemi legati al pagamento.<\/span><strong><br \/><\/strong><\/td>\r\n<\/tr>\r\n<tr>\r\n<td valign=\"top\">1+<\/td>\r\n<td valign=\"top\">20%<\/td>\r\n<\/tr>\r\n<\/tbody>\r\n<\/table>[\/et_pb_text][et_pb_divider _builder_version=&#8221;4.16&#8243; global_colors_info=&#8221;{}&#8221;][\/et_pb_divider][et_pb_text admin_label=&#8221;Marketing&#8221; module_id=&#8221;marketing&#8221; _builder_version=&#8221;4.16&#8243; global_colors_info=&#8221;{}&#8221;]<h2><strong>Marketing<\/strong><\/h2>\r\n<p>Materiale di marketing per i vostri siti, demo e presentazioni:<\/p>\r\n<ul>\r\n<li><a href=\"https:\/\/www.flickr.com\/photos\/43552453@N02\" target=\"_blank\" rel=\"noopener noreferrer\">Immagini (Lands Design su Flickr).<\/a><\/li>\r\n<li><a href=\"https:\/\/www.youtube.com\/user\/AsuniLands\" target=\"_blank\" rel=\"noopener noreferrer\">Video (Lands Design su YouTube).<\/a><\/li>\r\n<li><a href=\"https:\/\/rhinolands.com\/it\/reseller\/marketing\/\">Marketing (loghi).<\/a><\/li>\r\n<\/ul>[\/et_pb_text][\/et_pb_column][\/et_pb_row][\/et_pb_section]","protected":false},"excerpt":{"rendered":"<p>Nuovi rivenditori Reseller Starter Kit I nostri prodotti Opzioni di acquisto Processo di iscrizione Ordini e prezzi Sconti per rivenditori Marketing Nuovi rivenditori Per diventare rivenditore ufficiale di Lands Design, ti chiediamo di: Leggere i requisiti per diventare rivenditore: Mantenere aggiornate sul proprio sito web le informazioni relative a Lands Design. Forniamo una garanzia soddisfatto [&hellip;]<\/p>\n","protected":false},"author":1,"featured_media":0,"parent":0,"menu_order":998,"comment_status":"closed","ping_status":"closed","template":"","meta":{"_et_pb_use_builder":"on","_et_pb_old_content":"","_et_gb_content_width":"","footnotes":""},"class_list":["post-63768","page","type-page","status-publish","hentry"],"yoast_head":"<!-- This site is optimized with the Yoast SEO plugin v27.3 - https:\/\/yoast.com\/product\/yoast-seo-wordpress\/ -->\n<title>Rivenditori - RhinoLands<\/title>\n<meta name=\"robots\" content=\"index, follow, max-snippet:-1, max-image-preview:large, max-video-preview:-1\" \/>\n<link rel=\"canonical\" href=\"https:\/\/rhinolands.com\/it\/reseller\/\" \/>\n<meta property=\"og:locale\" content=\"it_IT\" \/>\n<meta property=\"og:type\" content=\"article\" \/>\n<meta property=\"og:title\" content=\"Rivenditori - RhinoLands\" \/>\n<meta property=\"og:description\" content=\"Nuovi rivenditori Reseller Starter Kit I nostri prodotti Opzioni di acquisto Processo di iscrizione Ordini e prezzi Sconti per rivenditori Marketing Nuovi rivenditori Per diventare rivenditore ufficiale di Lands Design, ti chiediamo di: Leggere i requisiti per diventare rivenditore: Mantenere aggiornate sul proprio sito web le informazioni relative a Lands Design. Forniamo una garanzia soddisfatto [&hellip;]\" \/>\n<meta property=\"og:url\" content=\"https:\/\/rhinolands.com\/it\/reseller\/\" \/>\n<meta property=\"og:site_name\" content=\"RhinoLands\" \/>\n<meta property=\"article:modified_time\" content=\"2024-04-17T11:08:58+00:00\" \/>\n<meta name=\"twitter:card\" content=\"summary_large_image\" \/>\n<meta name=\"twitter:label1\" content=\"Tempo di lettura stimato\" \/>\n\t<meta name=\"twitter:data1\" content=\"6 minuti\" \/>\n<script type=\"application\/ld+json\" class=\"yoast-schema-graph\">{\"@context\":\"https:\\\/\\\/schema.org\",\"@graph\":[{\"@type\":\"WebPage\",\"@id\":\"https:\\\/\\\/rhinolands.com\\\/it\\\/reseller\\\/\",\"url\":\"https:\\\/\\\/rhinolands.com\\\/it\\\/reseller\\\/\",\"name\":\"Rivenditori - RhinoLands\",\"isPartOf\":{\"@id\":\"https:\\\/\\\/rhinolands.com\\\/it\\\/#website\"},\"datePublished\":\"2020-03-04T09:24:53+00:00\",\"dateModified\":\"2024-04-17T11:08:58+00:00\",\"breadcrumb\":{\"@id\":\"https:\\\/\\\/rhinolands.com\\\/it\\\/reseller\\\/#breadcrumb\"},\"inLanguage\":\"it-IT\",\"potentialAction\":[{\"@type\":\"ReadAction\",\"target\":[\"https:\\\/\\\/rhinolands.com\\\/it\\\/reseller\\\/\"]}]},{\"@type\":\"BreadcrumbList\",\"@id\":\"https:\\\/\\\/rhinolands.com\\\/it\\\/reseller\\\/#breadcrumb\",\"itemListElement\":[{\"@type\":\"ListItem\",\"position\":1,\"name\":\"Home\",\"item\":\"https:\\\/\\\/rhinolands.com\\\/it\\\/\"},{\"@type\":\"ListItem\",\"position\":2,\"name\":\"Rivenditori\"}]},{\"@type\":\"WebSite\",\"@id\":\"https:\\\/\\\/rhinolands.com\\\/it\\\/#website\",\"url\":\"https:\\\/\\\/rhinolands.com\\\/it\\\/\",\"name\":\"RhinoLands\",\"description\":\"BIM landscape software\",\"publisher\":{\"@id\":\"https:\\\/\\\/rhinolands.com\\\/it\\\/#organization\"},\"potentialAction\":[{\"@type\":\"SearchAction\",\"target\":{\"@type\":\"EntryPoint\",\"urlTemplate\":\"https:\\\/\\\/rhinolands.com\\\/it\\\/?s={search_term_string}\"},\"query-input\":{\"@type\":\"PropertyValueSpecification\",\"valueRequired\":true,\"valueName\":\"search_term_string\"}}],\"inLanguage\":\"it-IT\"},{\"@type\":\"Organization\",\"@id\":\"https:\\\/\\\/rhinolands.com\\\/it\\\/#organization\",\"name\":\"Asuni Soft\",\"url\":\"https:\\\/\\\/rhinolands.com\\\/it\\\/\",\"logo\":{\"@type\":\"ImageObject\",\"inLanguage\":\"it-IT\",\"@id\":\"https:\\\/\\\/rhinolands.com\\\/it\\\/#\\\/schema\\\/logo\\\/image\\\/\",\"url\":\"https:\\\/\\\/rhinolands.com\\\/wp-content\\\/uploads\\\/2020\\\/02\\\/AsuniLogoFinal-01.png\",\"contentUrl\":\"https:\\\/\\\/rhinolands.com\\\/wp-content\\\/uploads\\\/2020\\\/02\\\/AsuniLogoFinal-01.png\",\"width\":151,\"height\":46,\"caption\":\"Asuni Soft\"},\"image\":{\"@id\":\"https:\\\/\\\/rhinolands.com\\\/it\\\/#\\\/schema\\\/logo\\\/image\\\/\"}}]}<\/script>\n<!-- \/ Yoast SEO plugin. -->","yoast_head_json":{"title":"Rivenditori - RhinoLands","robots":{"index":"index","follow":"follow","max-snippet":"max-snippet:-1","max-image-preview":"max-image-preview:large","max-video-preview":"max-video-preview:-1"},"canonical":"https:\/\/rhinolands.com\/it\/reseller\/","og_locale":"it_IT","og_type":"article","og_title":"Rivenditori - RhinoLands","og_description":"Nuovi rivenditori Reseller Starter Kit I nostri prodotti Opzioni di acquisto Processo di iscrizione Ordini e prezzi Sconti per rivenditori Marketing Nuovi rivenditori Per diventare rivenditore ufficiale di Lands Design, ti chiediamo di: Leggere i requisiti per diventare rivenditore: Mantenere aggiornate sul proprio sito web le informazioni relative a Lands Design. Forniamo una garanzia soddisfatto [&hellip;]","og_url":"https:\/\/rhinolands.com\/it\/reseller\/","og_site_name":"RhinoLands","article_modified_time":"2024-04-17T11:08:58+00:00","twitter_card":"summary_large_image","twitter_misc":{"Tempo di lettura stimato":"6 minuti"},"schema":{"@context":"https:\/\/schema.org","@graph":[{"@type":"WebPage","@id":"https:\/\/rhinolands.com\/it\/reseller\/","url":"https:\/\/rhinolands.com\/it\/reseller\/","name":"Rivenditori - RhinoLands","isPartOf":{"@id":"https:\/\/rhinolands.com\/it\/#website"},"datePublished":"2020-03-04T09:24:53+00:00","dateModified":"2024-04-17T11:08:58+00:00","breadcrumb":{"@id":"https:\/\/rhinolands.com\/it\/reseller\/#breadcrumb"},"inLanguage":"it-IT","potentialAction":[{"@type":"ReadAction","target":["https:\/\/rhinolands.com\/it\/reseller\/"]}]},{"@type":"BreadcrumbList","@id":"https:\/\/rhinolands.com\/it\/reseller\/#breadcrumb","itemListElement":[{"@type":"ListItem","position":1,"name":"Home","item":"https:\/\/rhinolands.com\/it\/"},{"@type":"ListItem","position":2,"name":"Rivenditori"}]},{"@type":"WebSite","@id":"https:\/\/rhinolands.com\/it\/#website","url":"https:\/\/rhinolands.com\/it\/","name":"RhinoLands","description":"BIM landscape software","publisher":{"@id":"https:\/\/rhinolands.com\/it\/#organization"},"potentialAction":[{"@type":"SearchAction","target":{"@type":"EntryPoint","urlTemplate":"https:\/\/rhinolands.com\/it\/?s={search_term_string}"},"query-input":{"@type":"PropertyValueSpecification","valueRequired":true,"valueName":"search_term_string"}}],"inLanguage":"it-IT"},{"@type":"Organization","@id":"https:\/\/rhinolands.com\/it\/#organization","name":"Asuni Soft","url":"https:\/\/rhinolands.com\/it\/","logo":{"@type":"ImageObject","inLanguage":"it-IT","@id":"https:\/\/rhinolands.com\/it\/#\/schema\/logo\/image\/","url":"https:\/\/rhinolands.com\/wp-content\/uploads\/2020\/02\/AsuniLogoFinal-01.png","contentUrl":"https:\/\/rhinolands.com\/wp-content\/uploads\/2020\/02\/AsuniLogoFinal-01.png","width":151,"height":46,"caption":"Asuni Soft"},"image":{"@id":"https:\/\/rhinolands.com\/it\/#\/schema\/logo\/image\/"}}]}},"_links":{"self":[{"href":"https:\/\/rhinolands.com\/it\/wp-json\/wp\/v2\/pages\/63768","targetHints":{"allow":["GET"]}}],"collection":[{"href":"https:\/\/rhinolands.com\/it\/wp-json\/wp\/v2\/pages"}],"about":[{"href":"https:\/\/rhinolands.com\/it\/wp-json\/wp\/v2\/types\/page"}],"author":[{"embeddable":true,"href":"https:\/\/rhinolands.com\/it\/wp-json\/wp\/v2\/users\/1"}],"replies":[{"embeddable":true,"href":"https:\/\/rhinolands.com\/it\/wp-json\/wp\/v2\/comments?post=63768"}],"version-history":[{"count":3,"href":"https:\/\/rhinolands.com\/it\/wp-json\/wp\/v2\/pages\/63768\/revisions"}],"predecessor-version":[{"id":81184,"href":"https:\/\/rhinolands.com\/it\/wp-json\/wp\/v2\/pages\/63768\/revisions\/81184"}],"wp:attachment":[{"href":"https:\/\/rhinolands.com\/it\/wp-json\/wp\/v2\/media?parent=63768"}],"curies":[{"name":"wp","href":"https:\/\/api.w.org\/{rel}","templated":true}]}}