{"id":63774,"date":"2020-03-04T09:25:56","date_gmt":"2020-03-04T09:25:56","guid":{"rendered":"https:\/\/rhinolands.com\/info-legali\/"},"modified":"2024-04-11T17:42:10","modified_gmt":"2024-04-11T15:42:10","slug":"legal","status":"publish","type":"page","link":"https:\/\/rhinolands.com\/it\/legal\/","title":{"rendered":"Nota legale"},"content":{"rendered":"[et_pb_section fb_built=&#8221;1&#8243; admin_label=&#8221;section&#8221; _builder_version=&#8221;4.16&#8243; global_colors_info=&#8221;{}&#8221; da_is_popup=&#8221;off&#8221; da_exit_intent=&#8221;off&#8221; da_has_close=&#8221;on&#8221; da_alt_close=&#8221;off&#8221; da_dark_close=&#8221;off&#8221; da_not_modal=&#8221;on&#8221; da_is_singular=&#8221;off&#8221; da_with_loader=&#8221;off&#8221; da_has_shadow=&#8221;on&#8221; da_disable_devices=&#8221;off|off|off&#8221;][et_pb_row admin_label=&#8221;row&#8221; _builder_version=&#8221;4.16&#8243; background_size=&#8221;initial&#8221; background_position=&#8221;top_left&#8221; background_repeat=&#8221;repeat&#8221; global_colors_info=&#8221;{}&#8221;][et_pb_column type=&#8221;4_4&#8243; _builder_version=&#8221;4.16&#8243; custom_padding=&#8221;|||&#8221; global_colors_info=&#8221;{}&#8221; custom_padding__hover=&#8221;|||&#8221;][et_pb_post_title meta=&#8221;off&#8221; featured_image=&#8221;off&#8221; admin_label=&#8221;Titulo de la p\u00e1gina&#8221; _builder_version=&#8221;4.16&#8243; title_font=&#8221;|on|||&#8221; title_font_size=&#8221;30px&#8221; title_all_caps=&#8221;off&#8221; background_color=&#8221;rgba(255,255,255,0)&#8221; parallax=&#8221;on&#8221; parallax_method=&#8221;off&#8221; parallax_effect=&#8221;on&#8221; module_bg_color=&#8221;rgba(255,255,255,0)&#8221; use_border_color=&#8221;off&#8221; border_color=&#8221;#ffffff&#8221; border_style=&#8221;solid&#8221; saved_tabs=&#8221;all&#8221; global_colors_info=&#8221;{}&#8221;][\/et_pb_post_title][et_pb_text _builder_version=&#8221;4.24.3&#8243; _module_preset=&#8221;default&#8221; hover_enabled=&#8221;0&#8243; sticky_enabled=&#8221;0&#8243;]<h3>NOTA LEGALE<\/h3>\n<p>In ottemperanza alla Legge spagnola 34\/2002 dell&#8217;11 luglio in materia di Servizi dell&#8217;informazione e e-commerce (<em>Ley 34\/2002, de 11 de julio, de Servicios de la Sociedad de la Informaci\u00f3n y de Comercio Electr\u00f3nico<\/em>) l&#8217;azienda informa gli utenti che \u00e8 titolare del presente sito web. Secondo quanto richiesto dall&#8217;articolo 10 della legge sopra indicata, l&#8217;azienda fornisce agli utenti le seguenti informazioni:<\/p>[\/et_pb_text][et_pb_text _builder_version=&#8221;4.24.3&#8243; _module_preset=&#8221;default&#8221; hover_enabled=&#8221;0&#8243; sticky_enabled=&#8221;0&#8243;]Il titolare de sito web \u00e8:\n<table border=\"1\" style=\"border-collapse: collapse; width: 100%;\">\n<tbody>\n<tr>\n<td style=\"width: 50%;\">Nome aziendale<\/td>\n<td style=\"width: 50%;\">Asuni Soft S.L.<\/td>\n<\/tr>\n<tr>\n<td style=\"width: 50%;\">PARTITA IVA<\/td>\n<td style=\"width: 50%;\">ESB62897731<\/td>\n<\/tr>\n<tr>\n<td style=\"width: 50%;\">Indirizzo<\/td>\n<td style=\"width: 50%;\">Roger de Flor, 32-34<\/td>\n<\/tr>\n<tr>\n<td style=\"width: 50%;\">Codice postale<\/td>\n<td style=\"width: 50%;\">08018<\/td>\n<\/tr>\n<tr>\n<td style=\"width: 50%;\">Dove<\/td>\n<td style=\"width: 50%;\">Barcelona<\/td>\n<\/tr>\n<tr>\n<td style=\"width: 50%;\">Paese<\/td>\n<td style=\"width: 50%;\">SPAGNA<\/td>\n<\/tr>\n<\/tbody>\n<\/table>[\/et_pb_text][et_pb_text _builder_version=&#8221;4.24.3&#8243; _module_preset=&#8221;default&#8221; hover_enabled=&#8221;0&#8243; sticky_enabled=&#8221;0&#8243;]<h3>UTENTI<\/h3>\n<p>L&#8217;accesso e\/o l&#8217;utilizzo del sito web conferisce all&#8217;utente la condizione di UTENTE, che accetta tale condizione in virt\u00f9 dei Termini e condizioni di utilizzo indicati in questa sede. Tali termini e condizioni si applicano in modo indipendente dai Termini e condizioni generali applicabili.<\/p>[\/et_pb_text][et_pb_text _builder_version=&#8221;4.24.3&#8243; _module_preset=&#8221;default&#8221; hover_enabled=&#8221;0&#8243; sticky_enabled=&#8221;0&#8243;]<h3>UTILIZZO DEL SITO WEB<\/h3>\n<p>Il sito web fornisce accesso a numerose informazioni, servizi, programmi e dati (d&#8217;ora in avanti &#8220;i contenuti&#8221;) su Internet, appartenenti all&#8217;azienda o ai propri licenziatari, a cui l&#8217;UTENTE pu\u00f2 avere accesso. L&#8217;UTENTE si impegna a utilizzare il sito web sotto la propria responsabilit\u00e0.\u00a0L&#8217;UTENTE si impegna a utilizzare correttamente i contenuti e servizi offerti dalla compagnia attraverso il proprio sito web e, a titolo esemplificativo ma non esaustivo, non potranno essere utilizzati per:<\/p>\n<ul>\n<li>Incorrere ad attivit\u00e0 illecite, illegali o contrarie alla buona fede o all&#8217;ordine pubblico.<\/li>\n<li>Diffondere contenuti o propaganda considerati razzisti, xenofobi, pornografici-illegali, apologia del terrorismo o attentato ai diritti umani.<br \/>Contenuti che causano danni ai sistemi fisici o logici dell&#8217;azienda, dei fornitori o di terze parti, inserendo o diffondendo virus informatici sul sito web o su qualsiasi altro sistema fisico o logico che pu\u00f2 causare danni come quelli sopra menzionati.<\/li>\n<li>Provare ad accedere o utilizzare gli account e-mail di altri utenti e modificare o manipolare i loro messaggi.<\/li>\n<\/ul>[\/et_pb_text][et_pb_text _builder_version=&#8221;4.24.3&#8243; _module_preset=&#8221;default&#8221; hover_enabled=&#8221;0&#8243; sticky_enabled=&#8221;0&#8243;]<h3>PROPRIET\u00c0 INTELLETTUALE E INDUSTRIALE<\/h3>\n<p>L&#8217;azienda \u00e8 titolare dei diritti di propriet\u00e0 industriale e intellettuale relativamente al sito web, nonch\u00e9 agli elementi in esso contenuti (immagini, suono, audio, video, software o testi, marchi commerciali o loghi, la combinazione di colori, la struttura e il design, la selezione dei materiali usati i programmi necessari per il funzionamento, l&#8217;accesso e l&#8217;utilizzo del sito web).<\/p>\n<p>Tutti i diritti riservati. In conformit\u00e0 agli articoli 8 e 32.1, secondo paragrafo, della Legge spagnola applicabile in materia di Propriet\u00e0 intellettuale, \u00e8 vietato riprodurre, distribuire e comunicare pubblicamente, compresa la divulgazione totale o parziale dei contenuti di questo sito web, per scopi commerciali, attraverso qualsiasi mezzo elettronico, senza autorizzazione dell&#8217;azienda. L&#8217;UTENTE si impegna a rispettare i diritti di propriet\u00e0 industriale e intellettuale di titolarit\u00e0 dell&#8217;azienda. L&#8217;UTENTE potr\u00e0 visualizzare gli elementi del sito web e stamparli, copiarli o archiviarli sul proprio disco rigido o computer e su qualsiasi altro supporto fisico esclusivamente per scopi personali L&#8217;UTENTE non potr\u00e0 eliminare, alterare, eludere n\u00e9 manipolare qualsiasi dispositivo di protezione o sistema di sicurezza installato sul sito web dall&#8217;azienda.<\/p>[\/et_pb_text][et_pb_text _builder_version=&#8221;4.24.3&#8243; _module_preset=&#8221;default&#8221; hover_enabled=&#8221;0&#8243; sticky_enabled=&#8221;0&#8243;]<h3>ESCLUSIONE DELLE GARANZIE E RESPONSABILIT\u00c0<\/h3>\n<p>L&#8217;azienda declina ogni responsabilit\u00e0 relativamente ai danni causati, ad esempio, per errore e omissione, la mancanza di responsabilit\u00e0 del sito web o la contaminazione mediante virus o malware, nonostante siano state adottate le dovute misure tecnologiche per impedire eventuali danni.<\/p>[\/et_pb_text][et_pb_text _builder_version=&#8221;4.24.3&#8243; _module_preset=&#8221;default&#8221; hover_enabled=&#8221;0&#8243; sticky_enabled=&#8221;0&#8243;]<h3>MODIFICHE<\/h3>\n<p>L&#8217;azienda si riserva il diritto di apportare, senza previo avviso, le modifiche necessarie per modificare, eliminare o aggiungere no solo contenuti e servizi offerti, bens\u00ec il modo in cui questi vengono presentati o archiviati sul sito web.<\/p>[\/et_pb_text][et_pb_text _builder_version=&#8221;4.24.3&#8243; _module_preset=&#8221;default&#8221; hover_enabled=&#8221;0&#8243; sticky_enabled=&#8221;0&#8243;]<h3>LINK<\/h3>\n<p>Nel caso in cui il sito web includa pagine, link o iperlink ad altri siti web, l&#8217;azienda non eserciter\u00e0 nessun tipo di controllo su tali siti n\u00e9 sui contenuti collegati. L&#8217;azienda declina ogni responsabilit\u00e0 derivante dai contenuti di alcuni link appartenenti a un altro sito web, n\u00e9 garantisce la disponibilit\u00e0, la qualit\u00e0, l&#8217;affidabilit\u00e0, la precisione e ancora la veridicit\u00e0, la validit\u00e0 e la costituzionalit\u00e0 dei materiali o informazioni contenuti in tali iperlink o siti web.<\/p>\n<p>Analogamente, l&#8217;inclusione di questi collegamenti esterni non implica in nessun caso l&#8217;associazione, la fusione o la partecipazione con le entit\u00e0 collegate.<\/p>[\/et_pb_text][et_pb_text _builder_version=&#8221;4.24.3&#8243; _module_preset=&#8221;default&#8221; hover_enabled=&#8221;0&#8243; sticky_enabled=&#8221;0&#8243;]<h3>ESCLUSIONE DEI DIRITTI<\/h3>\n<p>L&#8217;azienda si riserva il diritto di rifiutare o revocare l&#8217;accesso al sito e\/o ai servizi offerto, senza previo avviso, per conto proprio o di terze parti, agli utenti che non osservano le Condizioni generali di utilizzo.<\/p>[\/et_pb_text][et_pb_text _builder_version=&#8221;4.24.3&#8243; _module_preset=&#8221;default&#8221; hover_enabled=&#8221;0&#8243; sticky_enabled=&#8221;0&#8243;]<h3>DURANTA DELLE PRESENTI CONDIZIONI<\/h3>\n<p>L&#8217;azienda pu\u00f2 modificare in qualsiasi momento le condizioni stabilite in questa sede. La validit\u00e0 delle condizioni sar\u00e0 soggetta alla pubblicazione e queste saranno vigenti finch\u00e9 non vengono modificate da altre.<\/p>[\/et_pb_text][et_pb_text _builder_version=&#8221;4.24.3&#8243; _module_preset=&#8221;default&#8221; hover_enabled=&#8221;0&#8243; sticky_enabled=&#8221;0&#8243;]<h3>GENERALIT\u00c0<\/h3>\n<p>L&#8217;azienda perseguir\u00e0 la mancata osservanza delle presenti condizioni, cos\u00ec come l&#8217;utilizzo dubbioso del sito adottando le azioni legali civili o penali corrispondenti.<\/p>[\/et_pb_text][et_pb_text _builder_version=&#8221;4.24.3&#8243; _module_preset=&#8221;default&#8221; hover_enabled=&#8221;0&#8243; sticky_enabled=&#8221;0&#8243;]<h3>LEGGE APPLICABILE E GIURISDIZIONE<\/h3>\n<p>La relazione fra l&#8217;azienda e l&#8217;UTENTE \u00e8 regolata dalle leggi spagnole vigenti e qualsiasi controversia verr\u00e0 inviata ai tribunali di Barcellona (Spagna).<\/p>[\/et_pb_text][\/et_pb_column][\/et_pb_row][\/et_pb_section]","protected":false},"excerpt":{"rendered":"<p>NOTA LEGALE In ottemperanza alla Legge spagnola 34\/2002 dell&#8217;11 luglio in materia di Servizi dell&#8217;informazione e e-commerce (Ley 34\/2002, de 11 de julio, de Servicios de la Sociedad de la Informaci\u00f3n y de Comercio Electr\u00f3nico) l&#8217;azienda informa gli utenti che \u00e8 titolare del presente sito web. Secondo quanto richiesto dall&#8217;articolo 10 della legge sopra indicata, [&hellip;]<\/p>\n","protected":false},"author":1,"featured_media":0,"parent":0,"menu_order":91,"comment_status":"closed","ping_status":"closed","template":"","meta":{"_et_pb_use_builder":"on","_et_pb_old_content":"","_et_gb_content_width":"","footnotes":""},"class_list":["post-63774","page","type-page","status-publish","hentry"],"yoast_head":"<!-- This site is optimized with the Yoast SEO plugin v27.3 - https:\/\/yoast.com\/product\/yoast-seo-wordpress\/ -->\n<title>Nota legale - RhinoLands<\/title>\n<meta name=\"robots\" content=\"index, follow, max-snippet:-1, max-image-preview:large, max-video-preview:-1\" \/>\n<link rel=\"canonical\" href=\"https:\/\/rhinolands.com\/it\/legal\/\" \/>\n<meta property=\"og:locale\" content=\"it_IT\" \/>\n<meta property=\"og:type\" content=\"article\" \/>\n<meta property=\"og:title\" content=\"Nota legale - RhinoLands\" \/>\n<meta property=\"og:description\" content=\"NOTA LEGALE In ottemperanza alla Legge spagnola 34\/2002 dell&#039;11 luglio in materia di Servizi dell&#039;informazione e e-commerce (Ley 34\/2002, de 11 de julio, de Servicios de la Sociedad de la Informaci\u00f3n y de Comercio Electr\u00f3nico) l&#039;azienda informa gli utenti che \u00e8 titolare del presente sito web. Secondo quanto richiesto dall&#039;articolo 10 della legge sopra indicata, [&hellip;]\" \/>\n<meta property=\"og:url\" content=\"https:\/\/rhinolands.com\/it\/legal\/\" \/>\n<meta property=\"og:site_name\" content=\"RhinoLands\" \/>\n<meta property=\"article:modified_time\" content=\"2024-04-11T15:42:10+00:00\" \/>\n<meta name=\"twitter:card\" content=\"summary_large_image\" \/>\n<meta name=\"twitter:label1\" content=\"Tempo di lettura stimato\" \/>\n\t<meta name=\"twitter:data1\" content=\"4 minuti\" \/>\n<script type=\"application\/ld+json\" class=\"yoast-schema-graph\">{\"@context\":\"https:\\\/\\\/schema.org\",\"@graph\":[{\"@type\":\"WebPage\",\"@id\":\"https:\\\/\\\/rhinolands.com\\\/it\\\/legal\\\/\",\"url\":\"https:\\\/\\\/rhinolands.com\\\/it\\\/legal\\\/\",\"name\":\"Nota legale - RhinoLands\",\"isPartOf\":{\"@id\":\"https:\\\/\\\/rhinolands.com\\\/it\\\/#website\"},\"datePublished\":\"2020-03-04T09:25:56+00:00\",\"dateModified\":\"2024-04-11T15:42:10+00:00\",\"breadcrumb\":{\"@id\":\"https:\\\/\\\/rhinolands.com\\\/it\\\/legal\\\/#breadcrumb\"},\"inLanguage\":\"it-IT\",\"potentialAction\":[{\"@type\":\"ReadAction\",\"target\":[\"https:\\\/\\\/rhinolands.com\\\/it\\\/legal\\\/\"]}]},{\"@type\":\"BreadcrumbList\",\"@id\":\"https:\\\/\\\/rhinolands.com\\\/it\\\/legal\\\/#breadcrumb\",\"itemListElement\":[{\"@type\":\"ListItem\",\"position\":1,\"name\":\"Home\",\"item\":\"https:\\\/\\\/rhinolands.com\\\/it\\\/\"},{\"@type\":\"ListItem\",\"position\":2,\"name\":\"Nota legale\"}]},{\"@type\":\"WebSite\",\"@id\":\"https:\\\/\\\/rhinolands.com\\\/it\\\/#website\",\"url\":\"https:\\\/\\\/rhinolands.com\\\/it\\\/\",\"name\":\"RhinoLands\",\"description\":\"BIM landscape software\",\"publisher\":{\"@id\":\"https:\\\/\\\/rhinolands.com\\\/it\\\/#organization\"},\"potentialAction\":[{\"@type\":\"SearchAction\",\"target\":{\"@type\":\"EntryPoint\",\"urlTemplate\":\"https:\\\/\\\/rhinolands.com\\\/it\\\/?s={search_term_string}\"},\"query-input\":{\"@type\":\"PropertyValueSpecification\",\"valueRequired\":true,\"valueName\":\"search_term_string\"}}],\"inLanguage\":\"it-IT\"},{\"@type\":\"Organization\",\"@id\":\"https:\\\/\\\/rhinolands.com\\\/it\\\/#organization\",\"name\":\"Asuni Soft\",\"url\":\"https:\\\/\\\/rhinolands.com\\\/it\\\/\",\"logo\":{\"@type\":\"ImageObject\",\"inLanguage\":\"it-IT\",\"@id\":\"https:\\\/\\\/rhinolands.com\\\/it\\\/#\\\/schema\\\/logo\\\/image\\\/\",\"url\":\"https:\\\/\\\/rhinolands.com\\\/wp-content\\\/uploads\\\/2020\\\/02\\\/AsuniLogoFinal-01.png\",\"contentUrl\":\"https:\\\/\\\/rhinolands.com\\\/wp-content\\\/uploads\\\/2020\\\/02\\\/AsuniLogoFinal-01.png\",\"width\":151,\"height\":46,\"caption\":\"Asuni Soft\"},\"image\":{\"@id\":\"https:\\\/\\\/rhinolands.com\\\/it\\\/#\\\/schema\\\/logo\\\/image\\\/\"}}]}<\/script>\n<!-- \/ Yoast SEO plugin. -->","yoast_head_json":{"title":"Nota legale - RhinoLands","robots":{"index":"index","follow":"follow","max-snippet":"max-snippet:-1","max-image-preview":"max-image-preview:large","max-video-preview":"max-video-preview:-1"},"canonical":"https:\/\/rhinolands.com\/it\/legal\/","og_locale":"it_IT","og_type":"article","og_title":"Nota legale - RhinoLands","og_description":"NOTA LEGALE In ottemperanza alla Legge spagnola 34\/2002 dell'11 luglio in materia di Servizi dell'informazione e e-commerce (Ley 34\/2002, de 11 de julio, de Servicios de la Sociedad de la Informaci\u00f3n y de Comercio Electr\u00f3nico) l'azienda informa gli utenti che \u00e8 titolare del presente sito web. Secondo quanto richiesto dall'articolo 10 della legge sopra indicata, [&hellip;]","og_url":"https:\/\/rhinolands.com\/it\/legal\/","og_site_name":"RhinoLands","article_modified_time":"2024-04-11T15:42:10+00:00","twitter_card":"summary_large_image","twitter_misc":{"Tempo di lettura stimato":"4 minuti"},"schema":{"@context":"https:\/\/schema.org","@graph":[{"@type":"WebPage","@id":"https:\/\/rhinolands.com\/it\/legal\/","url":"https:\/\/rhinolands.com\/it\/legal\/","name":"Nota legale - RhinoLands","isPartOf":{"@id":"https:\/\/rhinolands.com\/it\/#website"},"datePublished":"2020-03-04T09:25:56+00:00","dateModified":"2024-04-11T15:42:10+00:00","breadcrumb":{"@id":"https:\/\/rhinolands.com\/it\/legal\/#breadcrumb"},"inLanguage":"it-IT","potentialAction":[{"@type":"ReadAction","target":["https:\/\/rhinolands.com\/it\/legal\/"]}]},{"@type":"BreadcrumbList","@id":"https:\/\/rhinolands.com\/it\/legal\/#breadcrumb","itemListElement":[{"@type":"ListItem","position":1,"name":"Home","item":"https:\/\/rhinolands.com\/it\/"},{"@type":"ListItem","position":2,"name":"Nota legale"}]},{"@type":"WebSite","@id":"https:\/\/rhinolands.com\/it\/#website","url":"https:\/\/rhinolands.com\/it\/","name":"RhinoLands","description":"BIM landscape software","publisher":{"@id":"https:\/\/rhinolands.com\/it\/#organization"},"potentialAction":[{"@type":"SearchAction","target":{"@type":"EntryPoint","urlTemplate":"https:\/\/rhinolands.com\/it\/?s={search_term_string}"},"query-input":{"@type":"PropertyValueSpecification","valueRequired":true,"valueName":"search_term_string"}}],"inLanguage":"it-IT"},{"@type":"Organization","@id":"https:\/\/rhinolands.com\/it\/#organization","name":"Asuni Soft","url":"https:\/\/rhinolands.com\/it\/","logo":{"@type":"ImageObject","inLanguage":"it-IT","@id":"https:\/\/rhinolands.com\/it\/#\/schema\/logo\/image\/","url":"https:\/\/rhinolands.com\/wp-content\/uploads\/2020\/02\/AsuniLogoFinal-01.png","contentUrl":"https:\/\/rhinolands.com\/wp-content\/uploads\/2020\/02\/AsuniLogoFinal-01.png","width":151,"height":46,"caption":"Asuni Soft"},"image":{"@id":"https:\/\/rhinolands.com\/it\/#\/schema\/logo\/image\/"}}]}},"_links":{"self":[{"href":"https:\/\/rhinolands.com\/it\/wp-json\/wp\/v2\/pages\/63774","targetHints":{"allow":["GET"]}}],"collection":[{"href":"https:\/\/rhinolands.com\/it\/wp-json\/wp\/v2\/pages"}],"about":[{"href":"https:\/\/rhinolands.com\/it\/wp-json\/wp\/v2\/types\/page"}],"author":[{"embeddable":true,"href":"https:\/\/rhinolands.com\/it\/wp-json\/wp\/v2\/users\/1"}],"replies":[{"embeddable":true,"href":"https:\/\/rhinolands.com\/it\/wp-json\/wp\/v2\/comments?post=63774"}],"version-history":[{"count":3,"href":"https:\/\/rhinolands.com\/it\/wp-json\/wp\/v2\/pages\/63774\/revisions"}],"predecessor-version":[{"id":80984,"href":"https:\/\/rhinolands.com\/it\/wp-json\/wp\/v2\/pages\/63774\/revisions\/80984"}],"wp:attachment":[{"href":"https:\/\/rhinolands.com\/it\/wp-json\/wp\/v2\/media?parent=63774"}],"curies":[{"name":"wp","href":"https:\/\/api.w.org\/{rel}","templated":true}]}}