{"id":63780,"date":"2020-03-04T09:26:47","date_gmt":"2020-03-04T09:26:47","guid":{"rendered":"https:\/\/rhinolands.com\/sales\/che-cose-una-licenza-educational\/"},"modified":"2024-03-18T12:13:14","modified_gmt":"2024-03-18T11:13:14","slug":"what-is-an-educational-license","status":"publish","type":"page","link":"https:\/\/rhinolands.com\/it\/sales\/what-is-an-educational-license\/","title":{"rendered":"Che cos&#8217;\u00e8 una licenza Educational?"},"content":{"rendered":"[et_pb_section fb_built=&#8221;1&#8243; admin_label=&#8221;section&#8221; _builder_version=&#8221;4.16&#8243; global_colors_info=&#8221;{}&#8221;][et_pb_row admin_label=&#8221;row&#8221; _builder_version=&#8221;4.16&#8243; background_size=&#8221;initial&#8221; background_position=&#8221;top_left&#8221; background_repeat=&#8221;repeat&#8221; global_colors_info=&#8221;{}&#8221;][et_pb_column type=&#8221;4_4&#8243; _builder_version=&#8221;4.16&#8243; custom_padding=&#8221;|||&#8221; global_colors_info=&#8221;{}&#8221; custom_padding__hover=&#8221;|||&#8221;][et_pb_text admin_label=&#8221;Text&#8221; _builder_version=&#8221;4.24.2&#8243; background_size=&#8221;initial&#8221; background_position=&#8221;top_left&#8221; background_repeat=&#8221;repeat&#8221; global_colors_info=&#8221;{}&#8221;]<h1><strong>Licenza Educational di <span>RhinoLands\/Lands Design<\/span><\/strong>:<\/h1>[\/et_pb_text][et_pb_code _builder_version=&#8221;4.24.2&#8243; _module_preset=&#8221;default&#8221; global_colors_info=&#8221;{}&#8221;]\n<p>\u00c8 una <strong>licenza commerciale<\/strong> completa di tutte le funzionalit\u00e0, offerta ad un prezzo speciale per <strong>singoli utenti<\/strong>.<\/p>\n\n<ul class=\"wp-block-list\">\n<li>Si tratta di una licenza destinata esclusivamente a <strong>studenti, insegnanti<\/strong> <strong>e<\/strong> scuole<em> (<a href=\"https:\/\/rhinolands.com\/it\/sales\/proof-of-academic-status\/\">si richiede un certificato che attesti il loro stato attuale<\/a>).<\/em><\/li>\n\n\n\n<li>Pu\u00f2 essere utilizzata sia per l&#8217;attivit\u00e0 docente che per scopi commerciali.<\/li>\n\n\n\n<li>Non \u00e8 trasferibile (non pu\u00f2 essere venduta n\u00e9 trasferita ad un altro utente).<\/li>\n<\/ul>\n[\/et_pb_code][\/et_pb_column][\/et_pb_row][\/et_pb_section]","protected":false},"excerpt":{"rendered":"<p>Licenza Educational di RhinoLands\/Lands Design:\n<p>\u00c8 una <strong>licenza commerciale<\/strong> completa di tutte le funzionalit\u00e0, offerta ad un prezzo speciale per <strong>singoli utenti<\/strong>.<\/p>\n\n<ul class=\"wp-block-list\">\n<li>Si tratta di una licenza destinata esclusivamente a <strong>studenti, insegnanti<\/strong> <strong>e<\/strong> scuole<em> (<a href=\"https:\/\/rhinolands.com\/it\/sales\/proof-of-academic-status\/\">si richiede un certificato che attesti il loro stato attuale<\/a>).<\/em><\/li>\n\n\n\n<li>Pu\u00f2 essere utilizzata sia per l&#8217;attivit\u00e0 docente che per scopi commerciali.<\/li>\n\n\n\n<li>Non \u00e8 trasferibile (non pu\u00f2 essere venduta n\u00e9 trasferita ad un altro utente).<\/li>\n<\/ul>\n<\/p>\n","protected":false},"author":1,"featured_media":0,"parent":63772,"menu_order":0,"comment_status":"closed","ping_status":"closed","template":"","meta":{"_et_pb_use_builder":"on","_et_pb_old_content":"","_et_gb_content_width":"","footnotes":""},"class_list":["post-63780","page","type-page","status-publish","hentry"],"yoast_head":"<!-- This site is optimized with the Yoast SEO plugin v27.3 - https:\/\/yoast.com\/product\/yoast-seo-wordpress\/ -->\n<title>Che cos&#039;\u00e8 una licenza Educational? - RhinoLands<\/title>\n<meta name=\"robots\" content=\"index, follow, max-snippet:-1, max-image-preview:large, max-video-preview:-1\" \/>\n<link rel=\"canonical\" href=\"https:\/\/rhinolands.com\/it\/sales\/what-is-an-educational-license\/\" \/>\n<meta property=\"og:locale\" content=\"it_IT\" \/>\n<meta property=\"og:type\" content=\"article\" \/>\n<meta property=\"og:title\" content=\"Che cos&#039;\u00e8 una licenza Educational? - RhinoLands\" \/>\n<meta property=\"og:description\" content=\"Licenza Educational di RhinoLands\/Lands Design:\" \/>\n<meta property=\"og:url\" content=\"https:\/\/rhinolands.com\/it\/sales\/what-is-an-educational-license\/\" \/>\n<meta property=\"og:site_name\" content=\"RhinoLands\" \/>\n<meta property=\"article:modified_time\" content=\"2024-03-18T11:13:14+00:00\" \/>\n<meta name=\"twitter:card\" content=\"summary_large_image\" \/>\n<meta name=\"twitter:label1\" content=\"Tempo di lettura stimato\" \/>\n\t<meta name=\"twitter:data1\" content=\"1 minuto\" \/>\n<script type=\"application\/ld+json\" class=\"yoast-schema-graph\">{\"@context\":\"https:\\\/\\\/schema.org\",\"@graph\":[{\"@type\":\"WebPage\",\"@id\":\"https:\\\/\\\/rhinolands.com\\\/it\\\/sales\\\/what-is-an-educational-license\\\/\",\"url\":\"https:\\\/\\\/rhinolands.com\\\/it\\\/sales\\\/what-is-an-educational-license\\\/\",\"name\":\"Che cos'\u00e8 una licenza Educational? - RhinoLands\",\"isPartOf\":{\"@id\":\"https:\\\/\\\/rhinolands.com\\\/it\\\/#website\"},\"datePublished\":\"2020-03-04T09:26:47+00:00\",\"dateModified\":\"2024-03-18T11:13:14+00:00\",\"breadcrumb\":{\"@id\":\"https:\\\/\\\/rhinolands.com\\\/it\\\/sales\\\/what-is-an-educational-license\\\/#breadcrumb\"},\"inLanguage\":\"it-IT\",\"potentialAction\":[{\"@type\":\"ReadAction\",\"target\":[\"https:\\\/\\\/rhinolands.com\\\/it\\\/sales\\\/what-is-an-educational-license\\\/\"]}]},{\"@type\":\"BreadcrumbList\",\"@id\":\"https:\\\/\\\/rhinolands.com\\\/it\\\/sales\\\/what-is-an-educational-license\\\/#breadcrumb\",\"itemListElement\":[{\"@type\":\"ListItem\",\"position\":1,\"name\":\"Home\",\"item\":\"https:\\\/\\\/rhinolands.com\\\/it\\\/\"},{\"@type\":\"ListItem\",\"position\":2,\"name\":\"Vendita\",\"item\":\"https:\\\/\\\/rhinolands.com\\\/it\\\/sales\\\/\"},{\"@type\":\"ListItem\",\"position\":3,\"name\":\"Che cos&#8217;\u00e8 una licenza Educational?\"}]},{\"@type\":\"WebSite\",\"@id\":\"https:\\\/\\\/rhinolands.com\\\/it\\\/#website\",\"url\":\"https:\\\/\\\/rhinolands.com\\\/it\\\/\",\"name\":\"RhinoLands\",\"description\":\"BIM landscape software\",\"publisher\":{\"@id\":\"https:\\\/\\\/rhinolands.com\\\/it\\\/#organization\"},\"potentialAction\":[{\"@type\":\"SearchAction\",\"target\":{\"@type\":\"EntryPoint\",\"urlTemplate\":\"https:\\\/\\\/rhinolands.com\\\/it\\\/?s={search_term_string}\"},\"query-input\":{\"@type\":\"PropertyValueSpecification\",\"valueRequired\":true,\"valueName\":\"search_term_string\"}}],\"inLanguage\":\"it-IT\"},{\"@type\":\"Organization\",\"@id\":\"https:\\\/\\\/rhinolands.com\\\/it\\\/#organization\",\"name\":\"Asuni Soft\",\"url\":\"https:\\\/\\\/rhinolands.com\\\/it\\\/\",\"logo\":{\"@type\":\"ImageObject\",\"inLanguage\":\"it-IT\",\"@id\":\"https:\\\/\\\/rhinolands.com\\\/it\\\/#\\\/schema\\\/logo\\\/image\\\/\",\"url\":\"https:\\\/\\\/rhinolands.com\\\/wp-content\\\/uploads\\\/2020\\\/02\\\/AsuniLogoFinal-01.png\",\"contentUrl\":\"https:\\\/\\\/rhinolands.com\\\/wp-content\\\/uploads\\\/2020\\\/02\\\/AsuniLogoFinal-01.png\",\"width\":151,\"height\":46,\"caption\":\"Asuni Soft\"},\"image\":{\"@id\":\"https:\\\/\\\/rhinolands.com\\\/it\\\/#\\\/schema\\\/logo\\\/image\\\/\"}}]}<\/script>\n<!-- \/ Yoast SEO plugin. -->","yoast_head_json":{"title":"Che cos'\u00e8 una licenza Educational? - RhinoLands","robots":{"index":"index","follow":"follow","max-snippet":"max-snippet:-1","max-image-preview":"max-image-preview:large","max-video-preview":"max-video-preview:-1"},"canonical":"https:\/\/rhinolands.com\/it\/sales\/what-is-an-educational-license\/","og_locale":"it_IT","og_type":"article","og_title":"Che cos'\u00e8 una licenza Educational? - RhinoLands","og_description":"Licenza Educational di RhinoLands\/Lands Design:","og_url":"https:\/\/rhinolands.com\/it\/sales\/what-is-an-educational-license\/","og_site_name":"RhinoLands","article_modified_time":"2024-03-18T11:13:14+00:00","twitter_card":"summary_large_image","twitter_misc":{"Tempo di lettura stimato":"1 minuto"},"schema":{"@context":"https:\/\/schema.org","@graph":[{"@type":"WebPage","@id":"https:\/\/rhinolands.com\/it\/sales\/what-is-an-educational-license\/","url":"https:\/\/rhinolands.com\/it\/sales\/what-is-an-educational-license\/","name":"Che cos'\u00e8 una licenza Educational? - RhinoLands","isPartOf":{"@id":"https:\/\/rhinolands.com\/it\/#website"},"datePublished":"2020-03-04T09:26:47+00:00","dateModified":"2024-03-18T11:13:14+00:00","breadcrumb":{"@id":"https:\/\/rhinolands.com\/it\/sales\/what-is-an-educational-license\/#breadcrumb"},"inLanguage":"it-IT","potentialAction":[{"@type":"ReadAction","target":["https:\/\/rhinolands.com\/it\/sales\/what-is-an-educational-license\/"]}]},{"@type":"BreadcrumbList","@id":"https:\/\/rhinolands.com\/it\/sales\/what-is-an-educational-license\/#breadcrumb","itemListElement":[{"@type":"ListItem","position":1,"name":"Home","item":"https:\/\/rhinolands.com\/it\/"},{"@type":"ListItem","position":2,"name":"Vendita","item":"https:\/\/rhinolands.com\/it\/sales\/"},{"@type":"ListItem","position":3,"name":"Che cos&#8217;\u00e8 una licenza Educational?"}]},{"@type":"WebSite","@id":"https:\/\/rhinolands.com\/it\/#website","url":"https:\/\/rhinolands.com\/it\/","name":"RhinoLands","description":"BIM landscape software","publisher":{"@id":"https:\/\/rhinolands.com\/it\/#organization"},"potentialAction":[{"@type":"SearchAction","target":{"@type":"EntryPoint","urlTemplate":"https:\/\/rhinolands.com\/it\/?s={search_term_string}"},"query-input":{"@type":"PropertyValueSpecification","valueRequired":true,"valueName":"search_term_string"}}],"inLanguage":"it-IT"},{"@type":"Organization","@id":"https:\/\/rhinolands.com\/it\/#organization","name":"Asuni Soft","url":"https:\/\/rhinolands.com\/it\/","logo":{"@type":"ImageObject","inLanguage":"it-IT","@id":"https:\/\/rhinolands.com\/it\/#\/schema\/logo\/image\/","url":"https:\/\/rhinolands.com\/wp-content\/uploads\/2020\/02\/AsuniLogoFinal-01.png","contentUrl":"https:\/\/rhinolands.com\/wp-content\/uploads\/2020\/02\/AsuniLogoFinal-01.png","width":151,"height":46,"caption":"Asuni Soft"},"image":{"@id":"https:\/\/rhinolands.com\/it\/#\/schema\/logo\/image\/"}}]}},"_links":{"self":[{"href":"https:\/\/rhinolands.com\/it\/wp-json\/wp\/v2\/pages\/63780","targetHints":{"allow":["GET"]}}],"collection":[{"href":"https:\/\/rhinolands.com\/it\/wp-json\/wp\/v2\/pages"}],"about":[{"href":"https:\/\/rhinolands.com\/it\/wp-json\/wp\/v2\/types\/page"}],"author":[{"embeddable":true,"href":"https:\/\/rhinolands.com\/it\/wp-json\/wp\/v2\/users\/1"}],"replies":[{"embeddable":true,"href":"https:\/\/rhinolands.com\/it\/wp-json\/wp\/v2\/comments?post=63780"}],"version-history":[{"count":3,"href":"https:\/\/rhinolands.com\/it\/wp-json\/wp\/v2\/pages\/63780\/revisions"}],"predecessor-version":[{"id":77996,"href":"https:\/\/rhinolands.com\/it\/wp-json\/wp\/v2\/pages\/63780\/revisions\/77996"}],"up":[{"embeddable":true,"href":"https:\/\/rhinolands.com\/it\/wp-json\/wp\/v2\/pages\/63772"}],"wp:attachment":[{"href":"https:\/\/rhinolands.com\/it\/wp-json\/wp\/v2\/media?parent=63780"}],"curies":[{"name":"wp","href":"https:\/\/api.w.org\/{rel}","templated":true}]}}