{"id":64572,"date":"2020-03-10T09:22:57","date_gmt":"2020-03-10T09:22:57","guid":{"rendered":"https:\/\/rhinolands.com\/info\/modalita-di-licenza-di-lands-design\/"},"modified":"2024-03-10T16:05:30","modified_gmt":"2024-03-10T15:05:30","slug":"license-modes","status":"publish","type":"page","link":"https:\/\/rhinolands.com\/it\/info\/license-modes\/","title":{"rendered":"Modalit\u00e0 di licenza di Lands Design"},"content":{"rendered":"[et_pb_section fb_built=&#8221;1&#8243; admin_label=&#8221;section&#8221; _builder_version=&#8221;4.16&#8243; global_colors_info=&#8221;{}&#8221;][et_pb_row admin_label=&#8221;row&#8221; _builder_version=&#8221;4.16&#8243; background_size=&#8221;initial&#8221; background_position=&#8221;top_left&#8221; background_repeat=&#8221;repeat&#8221; global_colors_info=&#8221;{}&#8221;][et_pb_column type=&#8221;4_4&#8243; _builder_version=&#8221;4.16&#8243; custom_padding=&#8221;|||&#8221; global_colors_info=&#8221;{}&#8221; custom_padding__hover=&#8221;|||&#8221;][et_pb_text admin_label=&#8221;Text&#8221; _builder_version=&#8221;4.24.2&#8243; background_size=&#8221;initial&#8221; background_position=&#8221;top_left&#8221; background_repeat=&#8221;repeat&#8221; global_colors_info=&#8221;{}&#8221;]<h1>Modalit\u00e0 di licenza di RhinoLands \/ Lands Design<\/h1>[\/et_pb_text][et_pb_text admin_label=&#8221;Text&#8221; _builder_version=&#8221;4.24.2&#8243; background_size=&#8221;initial&#8221; background_position=&#8221;top_left&#8221; background_repeat=&#8221;repeat&#8221; hover_enabled=&#8221;0&#8243; global_colors_info=&#8221;{}&#8221; sticky_enabled=&#8221;0&#8243;]<p>RhinoLands \/ Lands Design presenta quattro modalit\u00e0 di licenza:<\/p>[\/et_pb_text][et_pb_image src=&#8221;https:\/\/rhinolands.com\/wp-content\/uploads\/2024\/03\/license-modes-dialog.png&#8221; title_text=&#8221;license-modes-dialog&#8221; align=&#8221;center&#8221; _builder_version=&#8221;4.24.2&#8243; _module_preset=&#8221;default&#8221; global_colors_info=&#8221;{}&#8221;][\/et_pb_image][et_pb_text admin_label=&#8221;Text&#8221; _builder_version=&#8221;4.24.2&#8243; background_size=&#8221;initial&#8221; background_position=&#8221;top_left&#8221; background_repeat=&#8221;repeat&#8221; hover_enabled=&#8221;0&#8243; global_colors_info=&#8221;{}&#8221; sticky_enabled=&#8221;0&#8243;]<h3>Modalit\u00e0 Visualizzatore<\/h3>\r\n<p>Una volta scaduto il periodo di valutazione, Lands Design viene eseguito in modalit\u00e0 \u201cVisualizzatore\u201d. Quando ci\u00f2 accade, \u00e8 possibile aprire e salvare documenti che contengono oggetti di Lands Design, ma alcune funzionalit\u00e0 di modifica sono disattivate.<\/p>[\/et_pb_text][et_pb_text admin_label=&#8221;Text&#8221; _builder_version=&#8221;4.24.2&#8243; background_size=&#8221;initial&#8221; background_position=&#8221;top_left&#8221; background_repeat=&#8221;repeat&#8221; hover_enabled=&#8221;0&#8243; global_colors_info=&#8221;{}&#8221; sticky_enabled=&#8221;0&#8243;]<h3>Versione di Valutazione<\/h3>\r\n<p>Durante il periodo di valutazione, tutte le funzionalit\u00e0 di Lands Design sono completamente funzionanti. Non \u00e8 necessario nessun codice di prodotto.<\/p>[\/et_pb_text][et_pb_text admin_label=&#8221;Text&#8221; _builder_version=&#8221;4.24.2&#8243; background_size=&#8221;initial&#8221; background_position=&#8221;top_left&#8221; background_repeat=&#8221;repeat&#8221; hover_enabled=&#8221;0&#8243; global_colors_info=&#8221;{}&#8221; sticky_enabled=&#8221;0&#8243;]<h3>Network (solo in Rhino)<\/h3>\r\n\r\nUsa una licenza di Lands Design acquisita dal <a href=\"http:\/\/wiki.mcneel.com\/zoo\/home\">server Zoo<\/a>. Il software del server Zoo e il plug-in Zoo di Lands Design (entrambi gratuiti) consentono la condivisione delle licenze di Lands Design (codici prodotto) tra gli utenti di uno stesso gruppo di lavoro in rete. Quando Lands Design \u00e8 installato come nodo di gruppo di lavoro anzich\u00e9 come prodotto standalone, funziona nel seguente modo:\r\n<ul>\r\n\t<li>Quando si avvia un nodo di gruppo, viene inviata allo Zoo una richiesta di licenza.<\/li>\r\n\t<li>Viene assegnata al nodo una licenza non in uso.<\/li>\r\n\t<li>Quando il nodo termina la sessione, la licenza viene restituita allo Zoo ed \u00e8 visibile tra le licenze disponibili.<\/li>\r\n<\/ul>\r\n<a href=\"https:\/\/rhinolands.com\/it\/download\/zoo-plugin\/\">Download del plug-in Zoo per Lands Design qui<\/a>[\/et_pb_text][et_pb_text admin_label=&#8221;Text&#8221; _builder_version=&#8221;4.24.2&#8243; background_size=&#8221;initial&#8221; background_position=&#8221;top_left&#8221; background_repeat=&#8221;repeat&#8221; hover_enabled=&#8221;0&#8243; global_colors_info=&#8221;{}&#8221; sticky_enabled=&#8221;0&#8243;]<h3>Cloud (solo in Rhino)<\/h3>\r\n\r\nUsa una licenza di Lands Design acquisita dal server Cloud Zoo. Il server Cloud Zoo \u00e8 un servizio gratuito fornito da McNeel, che consente di gestire online la licenza di Lands Design.\r\n<ul>\r\n\t<li>Per singoli utenti, utilizza i dati di accesso di <a href=\"https:\/\/accounts.rhino3d.com\/\">Rhino Accounts<\/a> per usare Lands Design su qualsiasi computer.<\/li>\r\n\t<li>Per aziende e scuole, Zoo Cloud pu\u00f2 semplificare la distribuzione delle licenze. Le organizzazioni possono creare un gruppo di licenze e condividerle con i membri del team.<\/li>\r\n\t<li>Work online or offline. No need to check out licenses, so you should not be caught out on the road without a license.<\/li>\r\n\t<li>Lavorare online o offline. Non occorre estrarre le licenze, saranno disponibili anche senza una connessione a Internet costante.<\/li>\r\n<\/ul>\r\n<a href=\"https:\/\/www.rhino3d.com\/features\/administration\/licensing\/#cloud-zoo\">Ulteriori informazioni sul Zoo Cloud<\/a>[\/et_pb_text][\/et_pb_column][\/et_pb_row][\/et_pb_section]","protected":false},"excerpt":{"rendered":"<p>Modalit\u00e0 di licenza di RhinoLands \/ Lands DesignRhinoLands \/ Lands Design presenta quattro modalit\u00e0 di licenza:Modalit\u00e0 Visualizzatore Una volta scaduto il periodo di valutazione, Lands Design viene eseguito in modalit\u00e0 \u201cVisualizzatore\u201d. Quando ci\u00f2 accade, \u00e8 possibile aprire e salvare documenti che contengono oggetti di Lands Design, ma alcune funzionalit\u00e0 di modifica sono disattivate.Versione di Valutazione [&hellip;]<\/p>\n","protected":false},"author":1,"featured_media":0,"parent":64490,"menu_order":0,"comment_status":"closed","ping_status":"closed","template":"","meta":{"_et_pb_use_builder":"on","_et_pb_old_content":"","_et_gb_content_width":"","footnotes":""},"class_list":["post-64572","page","type-page","status-publish","hentry"],"yoast_head":"<!-- This site is optimized with the Yoast SEO plugin v27.3 - https:\/\/yoast.com\/product\/yoast-seo-wordpress\/ -->\n<title>Modalit\u00e0 di licenza di Lands Design - RhinoLands<\/title>\n<meta name=\"robots\" content=\"index, follow, max-snippet:-1, max-image-preview:large, max-video-preview:-1\" \/>\n<link rel=\"canonical\" href=\"https:\/\/rhinolands.com\/it\/info\/license-modes\/\" \/>\n<meta property=\"og:locale\" content=\"it_IT\" \/>\n<meta property=\"og:type\" content=\"article\" \/>\n<meta property=\"og:title\" content=\"Modalit\u00e0 di licenza di Lands Design - RhinoLands\" \/>\n<meta property=\"og:description\" content=\"Modalit\u00e0 di licenza di RhinoLands \/ Lands DesignRhinoLands \/ Lands Design presenta quattro modalit\u00e0 di licenza:Modalit\u00e0 Visualizzatore Una volta scaduto il periodo di valutazione, Lands Design viene eseguito in modalit\u00e0 \u201cVisualizzatore\u201d. Quando ci\u00f2 accade, \u00e8 possibile aprire e salvare documenti che contengono oggetti di Lands Design, ma alcune funzionalit\u00e0 di modifica sono disattivate.Versione di Valutazione [&hellip;]\" \/>\n<meta property=\"og:url\" content=\"https:\/\/rhinolands.com\/it\/info\/license-modes\/\" \/>\n<meta property=\"og:site_name\" content=\"RhinoLands\" \/>\n<meta property=\"article:modified_time\" content=\"2024-03-10T15:05:30+00:00\" \/>\n<meta name=\"twitter:card\" content=\"summary_large_image\" \/>\n<meta name=\"twitter:label1\" content=\"Tempo di lettura stimato\" \/>\n\t<meta name=\"twitter:data1\" content=\"3 minuti\" \/>\n<script type=\"application\/ld+json\" class=\"yoast-schema-graph\">{\"@context\":\"https:\\\/\\\/schema.org\",\"@graph\":[{\"@type\":\"WebPage\",\"@id\":\"https:\\\/\\\/rhinolands.com\\\/it\\\/info\\\/license-modes\\\/\",\"url\":\"https:\\\/\\\/rhinolands.com\\\/it\\\/info\\\/license-modes\\\/\",\"name\":\"Modalit\u00e0 di licenza di Lands Design - RhinoLands\",\"isPartOf\":{\"@id\":\"https:\\\/\\\/rhinolands.com\\\/it\\\/#website\"},\"datePublished\":\"2020-03-10T09:22:57+00:00\",\"dateModified\":\"2024-03-10T15:05:30+00:00\",\"breadcrumb\":{\"@id\":\"https:\\\/\\\/rhinolands.com\\\/it\\\/info\\\/license-modes\\\/#breadcrumb\"},\"inLanguage\":\"it-IT\",\"potentialAction\":[{\"@type\":\"ReadAction\",\"target\":[\"https:\\\/\\\/rhinolands.com\\\/it\\\/info\\\/license-modes\\\/\"]}]},{\"@type\":\"BreadcrumbList\",\"@id\":\"https:\\\/\\\/rhinolands.com\\\/it\\\/info\\\/license-modes\\\/#breadcrumb\",\"itemListElement\":[{\"@type\":\"ListItem\",\"position\":1,\"name\":\"Home\",\"item\":\"https:\\\/\\\/rhinolands.com\\\/it\\\/\"},{\"@type\":\"ListItem\",\"position\":2,\"name\":\"Info\",\"item\":\"https:\\\/\\\/rhinolands.com\\\/it\\\/info\\\/\"},{\"@type\":\"ListItem\",\"position\":3,\"name\":\"Modalit\u00e0 di licenza di Lands Design\"}]},{\"@type\":\"WebSite\",\"@id\":\"https:\\\/\\\/rhinolands.com\\\/it\\\/#website\",\"url\":\"https:\\\/\\\/rhinolands.com\\\/it\\\/\",\"name\":\"RhinoLands\",\"description\":\"BIM landscape software\",\"publisher\":{\"@id\":\"https:\\\/\\\/rhinolands.com\\\/it\\\/#organization\"},\"potentialAction\":[{\"@type\":\"SearchAction\",\"target\":{\"@type\":\"EntryPoint\",\"urlTemplate\":\"https:\\\/\\\/rhinolands.com\\\/it\\\/?s={search_term_string}\"},\"query-input\":{\"@type\":\"PropertyValueSpecification\",\"valueRequired\":true,\"valueName\":\"search_term_string\"}}],\"inLanguage\":\"it-IT\"},{\"@type\":\"Organization\",\"@id\":\"https:\\\/\\\/rhinolands.com\\\/it\\\/#organization\",\"name\":\"Asuni Soft\",\"url\":\"https:\\\/\\\/rhinolands.com\\\/it\\\/\",\"logo\":{\"@type\":\"ImageObject\",\"inLanguage\":\"it-IT\",\"@id\":\"https:\\\/\\\/rhinolands.com\\\/it\\\/#\\\/schema\\\/logo\\\/image\\\/\",\"url\":\"https:\\\/\\\/rhinolands.com\\\/wp-content\\\/uploads\\\/2020\\\/02\\\/AsuniLogoFinal-01.png\",\"contentUrl\":\"https:\\\/\\\/rhinolands.com\\\/wp-content\\\/uploads\\\/2020\\\/02\\\/AsuniLogoFinal-01.png\",\"width\":151,\"height\":46,\"caption\":\"Asuni Soft\"},\"image\":{\"@id\":\"https:\\\/\\\/rhinolands.com\\\/it\\\/#\\\/schema\\\/logo\\\/image\\\/\"}}]}<\/script>\n<!-- \/ Yoast SEO plugin. -->","yoast_head_json":{"title":"Modalit\u00e0 di licenza di Lands Design - RhinoLands","robots":{"index":"index","follow":"follow","max-snippet":"max-snippet:-1","max-image-preview":"max-image-preview:large","max-video-preview":"max-video-preview:-1"},"canonical":"https:\/\/rhinolands.com\/it\/info\/license-modes\/","og_locale":"it_IT","og_type":"article","og_title":"Modalit\u00e0 di licenza di Lands Design - RhinoLands","og_description":"Modalit\u00e0 di licenza di RhinoLands \/ Lands DesignRhinoLands \/ Lands Design presenta quattro modalit\u00e0 di licenza:Modalit\u00e0 Visualizzatore Una volta scaduto il periodo di valutazione, Lands Design viene eseguito in modalit\u00e0 \u201cVisualizzatore\u201d. Quando ci\u00f2 accade, \u00e8 possibile aprire e salvare documenti che contengono oggetti di Lands Design, ma alcune funzionalit\u00e0 di modifica sono disattivate.Versione di Valutazione [&hellip;]","og_url":"https:\/\/rhinolands.com\/it\/info\/license-modes\/","og_site_name":"RhinoLands","article_modified_time":"2024-03-10T15:05:30+00:00","twitter_card":"summary_large_image","twitter_misc":{"Tempo di lettura stimato":"3 minuti"},"schema":{"@context":"https:\/\/schema.org","@graph":[{"@type":"WebPage","@id":"https:\/\/rhinolands.com\/it\/info\/license-modes\/","url":"https:\/\/rhinolands.com\/it\/info\/license-modes\/","name":"Modalit\u00e0 di licenza di Lands Design - RhinoLands","isPartOf":{"@id":"https:\/\/rhinolands.com\/it\/#website"},"datePublished":"2020-03-10T09:22:57+00:00","dateModified":"2024-03-10T15:05:30+00:00","breadcrumb":{"@id":"https:\/\/rhinolands.com\/it\/info\/license-modes\/#breadcrumb"},"inLanguage":"it-IT","potentialAction":[{"@type":"ReadAction","target":["https:\/\/rhinolands.com\/it\/info\/license-modes\/"]}]},{"@type":"BreadcrumbList","@id":"https:\/\/rhinolands.com\/it\/info\/license-modes\/#breadcrumb","itemListElement":[{"@type":"ListItem","position":1,"name":"Home","item":"https:\/\/rhinolands.com\/it\/"},{"@type":"ListItem","position":2,"name":"Info","item":"https:\/\/rhinolands.com\/it\/info\/"},{"@type":"ListItem","position":3,"name":"Modalit\u00e0 di licenza di Lands Design"}]},{"@type":"WebSite","@id":"https:\/\/rhinolands.com\/it\/#website","url":"https:\/\/rhinolands.com\/it\/","name":"RhinoLands","description":"BIM landscape software","publisher":{"@id":"https:\/\/rhinolands.com\/it\/#organization"},"potentialAction":[{"@type":"SearchAction","target":{"@type":"EntryPoint","urlTemplate":"https:\/\/rhinolands.com\/it\/?s={search_term_string}"},"query-input":{"@type":"PropertyValueSpecification","valueRequired":true,"valueName":"search_term_string"}}],"inLanguage":"it-IT"},{"@type":"Organization","@id":"https:\/\/rhinolands.com\/it\/#organization","name":"Asuni Soft","url":"https:\/\/rhinolands.com\/it\/","logo":{"@type":"ImageObject","inLanguage":"it-IT","@id":"https:\/\/rhinolands.com\/it\/#\/schema\/logo\/image\/","url":"https:\/\/rhinolands.com\/wp-content\/uploads\/2020\/02\/AsuniLogoFinal-01.png","contentUrl":"https:\/\/rhinolands.com\/wp-content\/uploads\/2020\/02\/AsuniLogoFinal-01.png","width":151,"height":46,"caption":"Asuni Soft"},"image":{"@id":"https:\/\/rhinolands.com\/it\/#\/schema\/logo\/image\/"}}]}},"_links":{"self":[{"href":"https:\/\/rhinolands.com\/it\/wp-json\/wp\/v2\/pages\/64572","targetHints":{"allow":["GET"]}}],"collection":[{"href":"https:\/\/rhinolands.com\/it\/wp-json\/wp\/v2\/pages"}],"about":[{"href":"https:\/\/rhinolands.com\/it\/wp-json\/wp\/v2\/types\/page"}],"author":[{"embeddable":true,"href":"https:\/\/rhinolands.com\/it\/wp-json\/wp\/v2\/users\/1"}],"replies":[{"embeddable":true,"href":"https:\/\/rhinolands.com\/it\/wp-json\/wp\/v2\/comments?post=64572"}],"version-history":[{"count":3,"href":"https:\/\/rhinolands.com\/it\/wp-json\/wp\/v2\/pages\/64572\/revisions"}],"predecessor-version":[{"id":77529,"href":"https:\/\/rhinolands.com\/it\/wp-json\/wp\/v2\/pages\/64572\/revisions\/77529"}],"up":[{"embeddable":true,"href":"https:\/\/rhinolands.com\/it\/wp-json\/wp\/v2\/pages\/64490"}],"wp:attachment":[{"href":"https:\/\/rhinolands.com\/it\/wp-json\/wp\/v2\/media?parent=64572"}],"curies":[{"name":"wp","href":"https:\/\/api.w.org\/{rel}","templated":true}]}}