{"id":67827,"date":"2021-05-31T12:03:26","date_gmt":"2021-05-31T10:03:26","guid":{"rendered":"https:\/\/rhinolands.com\/learn\/corsi\/"},"modified":"2025-11-21T09:26:40","modified_gmt":"2025-11-21T08:26:40","slug":"courses","status":"publish","type":"page","link":"https:\/\/rhinolands.com\/it\/learn\/courses\/","title":{"rendered":"Corsi"},"content":{"rendered":"[et_pb_section fb_built=&#8221;1&#8243; admin_label=&#8221;section&#8221; _builder_version=&#8221;4.16&#8243; da_disable_devices=&#8221;off|off|off&#8221; global_colors_info=&#8221;{}&#8221; da_is_popup=&#8221;off&#8221; da_exit_intent=&#8221;off&#8221; da_has_close=&#8221;on&#8221; da_alt_close=&#8221;off&#8221; da_dark_close=&#8221;off&#8221; da_not_modal=&#8221;on&#8221; da_is_singular=&#8221;off&#8221; da_with_loader=&#8221;off&#8221; da_has_shadow=&#8221;on&#8221;][et_pb_row admin_label=&#8221;row&#8221; _builder_version=&#8221;4.24.2&#8243; background_size=&#8221;initial&#8221; background_position=&#8221;top_left&#8221; background_repeat=&#8221;repeat&#8221; global_colors_info=&#8221;{}&#8221;][et_pb_column type=&#8221;4_4&#8243; _builder_version=&#8221;4.16&#8243; custom_padding=&#8221;|||&#8221; global_colors_info=&#8221;{}&#8221; custom_padding__hover=&#8221;|||&#8221;][et_pb_post_title meta=&#8221;off&#8221; featured_image=&#8221;off&#8221; _builder_version=&#8221;4.24.2&#8243; _module_preset=&#8221;default&#8221; global_colors_info=&#8221;{}&#8221;][\/et_pb_post_title][et_pb_text admin_label=&#8221;Text&#8221; _builder_version=&#8221;4.24.3&#8243; background_size=&#8221;initial&#8221; background_position=&#8221;top_left&#8221; background_repeat=&#8221;repeat&#8221; global_colors_info=&#8221;{}&#8221;]<h2>Piattaforma sui corsi online<\/h2>\nScopri il mondo di RhinoLands grazie al nostro corso online gratuito, disponibile su Rhino3D Education. Registrati sulla piattaforma ed iscriviti al corso su RhinoLands, un modo intuitivo di imparare il programma passo a passo, attraverso esercizi e istruzioni guidate.[\/et_pb_text][et_pb_button button_url=&#8221;https:\/\/www.rhino3d.education\/p\/lands-design-landscape-design-tool-in-rhino&#8221; url_new_window=&#8221;on&#8221; button_text=&#8221;Iscrizione&#8221; button_alignment=&#8221;center&#8221; _builder_version=&#8221;4.24.2&#8243; _module_preset=&#8221;default&#8221; global_colors_info=&#8221;{}&#8221;][\/et_pb_button][et_pb_text admin_label=&#8221;Text&#8221; _builder_version=&#8221;4.27.4&#8243; background_size=&#8221;initial&#8221; background_position=&#8221;top_left&#8221; background_repeat=&#8221;repeat&#8221; hover_enabled=&#8221;0&#8243; global_colors_info=&#8221;{}&#8221; sticky_enabled=&#8221;0&#8243;]<h2>Demo online<\/h2><p>Contattaci per programmare una<span>\u00a0<\/span><strong data-start=\"358\" data-end=\"387\">dimostrazione online gratuita<\/strong>. Questa sessione interattiva \u00e8 un&#8217;introduzione veloce a RhinoLands. Porgi domande, condividi idee e ricevi istruzioni personalizzate direttamente dal nostro team.<\/p><p data-pm-slice=\"1 1 []\">Le nostre presentazioni si svolgono tramite Zoom, da Barcellona (Spagna). Basta scegliere una data e un orario adatti e invieremo il link per l&#8217;incontro.<\/p>[\/et_pb_text][et_pb_button button_url=&#8221;mailto:rhinolands@asuni.com&#8221; url_new_window=&#8221;on&#8221; button_text=&#8221;Contattaci.&#8221; button_alignment=&#8221;center&#8221; _builder_version=&#8221;4.24.3&#8243; _module_preset=&#8221;default&#8221; global_colors_info=&#8221;{}&#8221;][\/et_pb_button][et_pb_text admin_label=&#8221;Text&#8221; _builder_version=&#8221;4.27.4&#8243; background_size=&#8221;initial&#8221; background_position=&#8221;top_left&#8221; background_repeat=&#8221;repeat&#8221; hover_enabled=&#8221;0&#8243; global_colors_info=&#8221;{}&#8221; sticky_enabled=&#8221;0&#8243;]<h2>Corsi su richiesta<\/h2><p>Sfrutta l\u2019ampia rete di formatori di RhinoLands in tutto il mondo. Sfoglia l&#8217;elenco dei trainer certificati di seguito e organizza sessioni di formazione personalizzata con l\u2019esperto pi\u00f9 adatto alle tue esigenze.<\/p>[\/et_pb_text][et_pb_toggle title=&#8221;Formatori certificati&#8221; open_toggle_background_color=&#8221;RGBA(255,255,255,0)&#8221; closed_toggle_background_color=&#8221;#f5f5f5&#8243; icon_color=&#8221;#6b6b6b&#8221; toggle_icon=&#8221;&#x47;||divi||400&#8243; use_icon_font_size=&#8221;on&#8221; icon_font_size=&#8221;20px&#8221; open_icon_color=&#8221;#6b6b6b&#8221; open_toggle_icon=&#8221;&#x46;||divi||400&#8243; open_use_icon_font_size=&#8221;on&#8221; open_icon_font_size=&#8221;20px&#8221; _builder_version=&#8221;4.27.4&#8243; _module_preset=&#8221;default&#8221; title_level=&#8221;h3&#8243; title_font=&#8221;||||||||&#8221; custom_margin=&#8221;0px||||false|false&#8221; custom_padding=&#8221;16px||16px||false|false&#8221; custom_css_free_form=&#8221;.trainers-table th {||  padding: 20px 15px;||  text-align: left;||\tbackground-color: #ffffff;||||}||||.trainers-table td {||  padding: 20px 15px;||  text-align: left;||  vertical-align: middle;||  height: 54px;||  box-sizing: border-box;||}||||.trainers-table tbody tr:nth-child(odd) {||  background-color: #f9f9f9;||}||||.trainers-table tbody tr:nth-child(even) {||  background-color: #ffffff;||}||||.trainers-table td:nth-child(2),||.trainers-table td:nth-child(4) {||  white-space: nowrap;||}||||||||.trainers-table a:hover {||  text-decoration: underline;||}||&#8221; border_radii=&#8221;on|4px|4px|4px|4px&#8221; box_shadow_style=&#8221;preset1&#8243; box_shadow_vertical=&#8221;0px&#8221; box_shadow_blur=&#8221;0px&#8221; global_colors_info=&#8221;{}&#8221; box_shadow_vertical__hover=&#8221;1px&#8221; box_shadow_vertical__hover_enabled=&#8221;on|hover&#8221; box_shadow_blur__hover=&#8221;6px&#8221; box_shadow_blur__hover_enabled=&#8221;on|hover&#8221; locked=&#8221;off&#8221;]<table class=\"trainers-table\"><thead><tr><th>Dove<\/th><th>Trainer<\/th><th>Indirizzo<\/th><th>Telefono<\/th><th>E-mail<\/th><\/tr><\/thead><tbody><tr><td><strong>Francia<\/strong><\/td><td><a href=\"https:\/\/www.rhinolands-formavente.com\/\" target=\"_blank\" rel=\"noopener\">RhinoLands-FormaVente<\/a><\/td><td>4 All. des Brotteaux &#8211; Bourg en Bresse 01000 (<a href=\"https:\/\/maps.google.com\/maps?q=RhinoLands-FormaVente,4+All.+des+Brotteaux%2C01000%2CBourg+en+Bresse%2C%2CAin%2CFR\" target=\"_blank\" rel=\"noopener\">Mappa<\/a>)<\/td><td><a href=\"tel:+33677791282\">+33 6 77 79 12 82<\/a><\/td><td><a href=\"mailto:contact@rhinolands-formavente.com\">Contatto<\/a><\/td><\/tr><tr><td><strong>Francia<\/strong><\/td><td><a href=\"https:\/\/rhinoforyou.com\" target=\"_blank\" rel=\"noopener\">RhinoForYou<\/a><\/td><td>2, quai Cl\u00e9menceau, B\u00e2timent C, 69300 Caluire-et-Cuire &#8211; Lyon 69300 (<a href=\"https:\/\/maps.google.com\/maps?q=RhinoForYou,2%2C+quai+Cl%26eacute%3Bmenceau%2C+B%26acirc%3Btiment+C%2C++69300+CALUIRE-ET-CUIRE+%2C69300%2CLyon%2C%2C%2CFR\" target=\"_blank\" rel=\"noopener\">Mappa<\/a>)<\/td><td><a href=\"tel:+33771231396\">+33 7 71 23 13 96<\/a><\/td><td><a href=\"mailto:j.hababou@rhinoforyou.com\">Contatto<\/a><\/td><\/tr><tr><td><strong>Francia<\/strong><\/td><td><a href=\"https:\/\/rhinoforyou.com\" target=\"_blank\" rel=\"noopener\">RhinoForYou<\/a><\/td><td>76 rue de la Pompe &#8211; Paris 75116 (<a href=\"https:\/\/maps.google.com\/maps?q=RhinoForYou,76+rue+de+la+Pompe%2C75116%2CParis%2C%2CIle+de+France%2CFR\" target=\"_blank\" rel=\"noopener\">Mappa<\/a>)<\/td><td><a href=\"tel:+33183812260\">+33 1 83 81 22 60<\/a><\/td><td><a href=\"mailto:j.hababou@rhinoforyou.com\">Contatto<\/a><\/td><\/tr><tr><td><strong>Grecia<\/strong><\/td><td><a href=\"https:\/\/marketplace.cadacademy.gr\/\" target=\"_blank\" rel=\"noopener\">CAD Academy<\/a><\/td><td>Georgiou Mpakou 34 &#8211; Atene 11524 (<a href=\"https:\/\/maps.google.com\/maps?q=CAD%20ACADEMY,Georgiou+Mpakou+34%2C11524%2CAthens%2C%2CAttiki%2CGR\" target=\"_blank\" rel=\"noopener\">Mappa<\/a>)<\/td><td><a href=\"tel:+302121010625\">+30 212 101 0625<\/a><\/td><td><a href=\"mailto:sales@cadacademy.gr\">Contatto<\/a><\/td><\/tr><tr><td><strong>Grecia<\/strong><\/td><td><a href=\"https:\/\/www.ergocad.eu\/\" target=\"_blank\" rel=\"noopener\">ERGOCAD<\/a><\/td><td>ARETIS 13 &#8211; Atene 12135 (<a href=\"https:\/\/maps.google.com\/maps?q=ERGOCAD,ARETIS+13%2C12135%2CAthens%2C%2CPERISTERI%2CGR\" target=\"_blank\" rel=\"noopener\">Mappa<\/a>)<\/td><td><a href=\"tel:+302114112620\">+30 211 411 2620<\/a><\/td><td><a href=\"mailto:sales@ergocad.eu\">Contatto<\/a><\/td><\/tr><tr><td><strong>Ungheria<\/strong><\/td><td><a href=\"https:\/\/www.hungarocad.hu\" target=\"_blank\" rel=\"noopener\">HungaroCAD Informatikai Kft.<\/a><\/td><td>Feh\u00e9rv\u00e1ri \u00fat 84\/A, 1119 (<a href=\"https:\/\/maps.google.com\/maps?q=HungaroCAD+Informatikai+Kft.,Feh%C3%A9rv%C3%A1ri+%C3%BAt+84%2FA%2C1119%2CBudapest%2C%2CHU\" target=\"_blank\" rel=\"noopener\">Mappa<\/a>)<\/td><td><a href=\"tel:+3613268209\">+36 1 326 8209<\/a><\/td><td><a href=\"mailto:nemeth.zoltan@hungarocad.hu\">Contatto<\/a><\/td><\/tr><tr><td><strong>Italia<\/strong><\/td><td><a href=\"https:\/\/www.materforma.it\/\" target=\"_blank\" rel=\"noopener\">MaterForma<\/a><\/td><td>Via Visciotti 9 &#8211; Terni 05100 (<a href=\"https:\/\/maps.google.com\/maps?q=MaterForma,Via+Visciotti+9%2C05100%2CTerni%2C%2CTR%2CIT\" target=\"_blank\" rel=\"noopener\">Mappa<\/a>)<\/td><td><a href=\"tel:+390744243163\">+39 0744 243 163<\/a><\/td><td><a href=\"mailto:mater@materforma.it\">Contatto<\/a><\/td><\/tr><tr><td><strong>Giappone<\/strong><\/td><td><a href=\"https:\/\/www.applicraft.com\/products\/rhinoceros\/landsdesign\/\" target=\"_blank\" rel=\"noopener\">Applicraft<\/a><\/td><td>1 Chome-13-8 Yoyogi, Shibuya-ku, Tokyo-to 151-0053, Giappone (<a href=\"https:\/\/maps.google.com\/maps?q=Applicraft,1+Chome-13-8+Yoyogi%2C+Shibuya-ku%2C+Tokyo-to+151-0053%2C+Jap%C3%B3n%2C%2CShibuya%2C+Tokyo%2C%2C%2CJP\" target=\"_blank\" rel=\"noopener\">Mappa<\/a>)<\/td><td><a href=\"tel:+81368258431\">+81 3 6825 8431<\/a><\/td><td><a href=\"mailto:info@applicraft.com\">Contatto<\/a><\/td><\/tr><tr><td><strong>Polonia<\/strong><\/td><td><a href=\"https:\/\/www.bardins3d.pl\/\" target=\"_blank\" rel=\"noopener\">Bardins Sp. z o.o.<\/a><\/td><td>iedzialkowskiego 24 (XVIIp. 10,11) &#8211; Stettino 71-410 (<a href=\"https:\/\/maps.google.com\/maps?q=Bardins%20Sp.%20z%20o.o.,Niedzialkowskiego+24+%28XVIIp.+10%2C11%29%2C71-410%2CSzczecin%2C%2Cwoj.+zachodniopomorskie%2CPL\" target=\"_blank\" rel=\"noopener\">Mappa<\/a>)<\/td><td><a href=\"tel:+48914201090\">+48 91 420 1090<\/a><\/td><td><a href=\"mailto:info@bardins.pl\">Contatto<\/a><\/td><\/tr><tr><td><strong>Spagna<\/strong><\/td><td><a href=\"https:\/\/www.icreatia.es\/product-category\/formacion\/cursos-de-lands-design-y-visualarq\/\" target=\"_blank\" rel=\"noopener\">Icreatia<\/a><\/td><td>Roger de Flor, 32-34 &#8211; Barcelona 08018 (<a href=\"https:\/\/maps.google.com\/maps?q=icreatia,Roger+de+Flor%2C+32-34%2C08018%2CBarcelona%2C%2CBarcelona%2CES\" target=\"_blank\" rel=\"noopener\">Mappa<\/a>)<\/td><td><a href=\"tel:+34932687308\">+34 93 268 73 08<\/a><\/td><td><a href=\"mailto:comercial@icreatia.com\">Contatto<\/a><\/td><\/tr><tr><td><strong>Svizzera<\/strong><\/td><td><a href=\"https:\/\/pazacademy.ch\/\" target=\"_blank\" rel=\"noopener\">CAD Academy<\/a><\/td><td>Niederdorfstrasse 77 &#8211; Zurigo 8001 (<a href=\"https:\/\/maps.google.com\/maps?q=PAZ%20-%20Parametric%20Academy%20Zurich,Niederdorfstrasse+77%2C8001%2CZurich%2C%2CZurich%2CCH\" target=\"_blank\" rel=\"noopener\">Mappa<\/a>)<\/td><td><a href=\"tel:+41442436216\">+41 44 243 62 16<\/a><\/td><td><a href=\"mailto:andres@pazacademy.ch\">Contatto<\/a><\/td><\/tr><tr><td><strong>Turchia<\/strong><\/td><td><a href=\"https:\/\/namdaristech.com\/\" target=\"_blank\" rel=\"noopener\">Namdaris<\/a><\/td><td>Kutay \u0130\u015f Merkezi 9 Ata\u015fehir, \u0130stanbu (<a href=\"https:\/\/maps.google.com\/maps?q=Naval+Architect,Kutay+%C4%B0%C5%9F+Merkezi+No%3A9%2C+Ata%C5%9Fehir%2C+%C4%B0stanbul%2C%2CTR\" target=\"_blank\" rel=\"noopener\">Mappa<\/a>)<\/td><td><a href=\"tel:+902166063106\">+90 216 606 31 06<\/a><\/td><td><a href=\"mailto:e.dulger@namdaristech.com\">Contatto<\/a><\/td><\/tr><tr><td><strong>Regno Unito<\/strong><\/td><td><a href=\"https:\/\/simplyrhino.co.uk\/\" target=\"_blank\" rel=\"noopener\">Simply Rhino UK<\/a><\/td><td>33 Montalt Road &#8211; Woodford Green &#8211; Londra IG8 9RS (<a href=\"https:\/\/maps.google.com\/maps?q=Simply%20Rhino%20UK,33+Montalt+Road+-+Woodford+Green+%2CIG8+9RS%2CLondon%2C%2CLondon%2CGB\" target=\"_blank\" rel=\"noopener\">Mappa<\/a>)<\/td><td><a href=\"tel:+442084989900\">+44 20 8498 9900<\/a><\/td><td><a href=\"mailto:paul@simplyrhino.co.uk\">Contatto<\/a><\/td><\/tr><\/tbody><\/table>[\/et_pb_toggle][\/et_pb_column][\/et_pb_row][\/et_pb_section]","protected":false},"excerpt":{"rendered":"<p>Piattaforma sui corsi online Scopri il mondo di RhinoLands grazie al nostro corso online gratuito, disponibile su Rhino3D Education. Registrati sulla piattaforma ed iscriviti al corso su RhinoLands, un modo intuitivo di imparare il programma passo a passo, attraverso esercizi e istruzioni guidate.Demo onlineContattaci per programmare una\u00a0dimostrazione online gratuita. Questa sessione interattiva \u00e8 un&#8217;introduzione veloce [&hellip;]<\/p>\n","protected":false},"author":1,"featured_media":0,"parent":62211,"menu_order":0,"comment_status":"closed","ping_status":"closed","template":"","meta":{"_et_pb_use_builder":"on","_et_pb_old_content":"","_et_gb_content_width":"","footnotes":""},"class_list":["post-67827","page","type-page","status-publish","hentry"],"yoast_head":"<!-- This site is optimized with the Yoast SEO plugin v27.3 - https:\/\/yoast.com\/product\/yoast-seo-wordpress\/ -->\n<title>Corsi - RhinoLands<\/title>\n<meta name=\"robots\" content=\"index, follow, max-snippet:-1, max-image-preview:large, max-video-preview:-1\" \/>\n<link rel=\"canonical\" href=\"https:\/\/rhinolands.com\/it\/learn\/courses\/\" \/>\n<meta property=\"og:locale\" content=\"it_IT\" \/>\n<meta property=\"og:type\" content=\"article\" \/>\n<meta property=\"og:title\" content=\"Corsi - RhinoLands\" \/>\n<meta property=\"og:description\" content=\"Piattaforma sui corsi online Scopri il mondo di RhinoLands grazie al nostro corso online gratuito, disponibile su Rhino3D Education. Registrati sulla piattaforma ed iscriviti al corso su RhinoLands, un modo intuitivo di imparare il programma passo a passo, attraverso esercizi e istruzioni guidate.Demo onlineContattaci per programmare una\u00a0dimostrazione online gratuita. Questa sessione interattiva \u00e8 un&#039;introduzione veloce [&hellip;]\" \/>\n<meta property=\"og:url\" content=\"https:\/\/rhinolands.com\/it\/learn\/courses\/\" \/>\n<meta property=\"og:site_name\" content=\"RhinoLands\" \/>\n<meta property=\"article:modified_time\" content=\"2025-11-21T08:26:40+00:00\" \/>\n<meta name=\"twitter:card\" content=\"summary_large_image\" \/>\n<meta name=\"twitter:label1\" content=\"Tempo di lettura stimato\" \/>\n\t<meta name=\"twitter:data1\" content=\"3 minuti\" \/>\n<script type=\"application\/ld+json\" class=\"yoast-schema-graph\">{\"@context\":\"https:\\\/\\\/schema.org\",\"@graph\":[{\"@type\":\"WebPage\",\"@id\":\"https:\\\/\\\/rhinolands.com\\\/it\\\/learn\\\/courses\\\/\",\"url\":\"https:\\\/\\\/rhinolands.com\\\/it\\\/learn\\\/courses\\\/\",\"name\":\"Corsi - RhinoLands\",\"isPartOf\":{\"@id\":\"https:\\\/\\\/rhinolands.com\\\/it\\\/#website\"},\"datePublished\":\"2021-05-31T10:03:26+00:00\",\"dateModified\":\"2025-11-21T08:26:40+00:00\",\"breadcrumb\":{\"@id\":\"https:\\\/\\\/rhinolands.com\\\/it\\\/learn\\\/courses\\\/#breadcrumb\"},\"inLanguage\":\"it-IT\",\"potentialAction\":[{\"@type\":\"ReadAction\",\"target\":[\"https:\\\/\\\/rhinolands.com\\\/it\\\/learn\\\/courses\\\/\"]}]},{\"@type\":\"BreadcrumbList\",\"@id\":\"https:\\\/\\\/rhinolands.com\\\/it\\\/learn\\\/courses\\\/#breadcrumb\",\"itemListElement\":[{\"@type\":\"ListItem\",\"position\":1,\"name\":\"Home\",\"item\":\"https:\\\/\\\/rhinolands.com\\\/it\\\/\"},{\"@type\":\"ListItem\",\"position\":2,\"name\":\"Formazione\",\"item\":\"https:\\\/\\\/rhinolands.com\\\/it\\\/learn\\\/\"},{\"@type\":\"ListItem\",\"position\":3,\"name\":\"Corsi\"}]},{\"@type\":\"WebSite\",\"@id\":\"https:\\\/\\\/rhinolands.com\\\/it\\\/#website\",\"url\":\"https:\\\/\\\/rhinolands.com\\\/it\\\/\",\"name\":\"RhinoLands\",\"description\":\"BIM landscape software\",\"publisher\":{\"@id\":\"https:\\\/\\\/rhinolands.com\\\/it\\\/#organization\"},\"potentialAction\":[{\"@type\":\"SearchAction\",\"target\":{\"@type\":\"EntryPoint\",\"urlTemplate\":\"https:\\\/\\\/rhinolands.com\\\/it\\\/?s={search_term_string}\"},\"query-input\":{\"@type\":\"PropertyValueSpecification\",\"valueRequired\":true,\"valueName\":\"search_term_string\"}}],\"inLanguage\":\"it-IT\"},{\"@type\":\"Organization\",\"@id\":\"https:\\\/\\\/rhinolands.com\\\/it\\\/#organization\",\"name\":\"Asuni Soft\",\"url\":\"https:\\\/\\\/rhinolands.com\\\/it\\\/\",\"logo\":{\"@type\":\"ImageObject\",\"inLanguage\":\"it-IT\",\"@id\":\"https:\\\/\\\/rhinolands.com\\\/it\\\/#\\\/schema\\\/logo\\\/image\\\/\",\"url\":\"https:\\\/\\\/rhinolands.com\\\/wp-content\\\/uploads\\\/2020\\\/02\\\/AsuniLogoFinal-01.png\",\"contentUrl\":\"https:\\\/\\\/rhinolands.com\\\/wp-content\\\/uploads\\\/2020\\\/02\\\/AsuniLogoFinal-01.png\",\"width\":151,\"height\":46,\"caption\":\"Asuni Soft\"},\"image\":{\"@id\":\"https:\\\/\\\/rhinolands.com\\\/it\\\/#\\\/schema\\\/logo\\\/image\\\/\"}}]}<\/script>\n<!-- \/ Yoast SEO plugin. -->","yoast_head_json":{"title":"Corsi - RhinoLands","robots":{"index":"index","follow":"follow","max-snippet":"max-snippet:-1","max-image-preview":"max-image-preview:large","max-video-preview":"max-video-preview:-1"},"canonical":"https:\/\/rhinolands.com\/it\/learn\/courses\/","og_locale":"it_IT","og_type":"article","og_title":"Corsi - RhinoLands","og_description":"Piattaforma sui corsi online Scopri il mondo di RhinoLands grazie al nostro corso online gratuito, disponibile su Rhino3D Education. Registrati sulla piattaforma ed iscriviti al corso su RhinoLands, un modo intuitivo di imparare il programma passo a passo, attraverso esercizi e istruzioni guidate.Demo onlineContattaci per programmare una\u00a0dimostrazione online gratuita. Questa sessione interattiva \u00e8 un'introduzione veloce [&hellip;]","og_url":"https:\/\/rhinolands.com\/it\/learn\/courses\/","og_site_name":"RhinoLands","article_modified_time":"2025-11-21T08:26:40+00:00","twitter_card":"summary_large_image","twitter_misc":{"Tempo di lettura stimato":"3 minuti"},"schema":{"@context":"https:\/\/schema.org","@graph":[{"@type":"WebPage","@id":"https:\/\/rhinolands.com\/it\/learn\/courses\/","url":"https:\/\/rhinolands.com\/it\/learn\/courses\/","name":"Corsi - RhinoLands","isPartOf":{"@id":"https:\/\/rhinolands.com\/it\/#website"},"datePublished":"2021-05-31T10:03:26+00:00","dateModified":"2025-11-21T08:26:40+00:00","breadcrumb":{"@id":"https:\/\/rhinolands.com\/it\/learn\/courses\/#breadcrumb"},"inLanguage":"it-IT","potentialAction":[{"@type":"ReadAction","target":["https:\/\/rhinolands.com\/it\/learn\/courses\/"]}]},{"@type":"BreadcrumbList","@id":"https:\/\/rhinolands.com\/it\/learn\/courses\/#breadcrumb","itemListElement":[{"@type":"ListItem","position":1,"name":"Home","item":"https:\/\/rhinolands.com\/it\/"},{"@type":"ListItem","position":2,"name":"Formazione","item":"https:\/\/rhinolands.com\/it\/learn\/"},{"@type":"ListItem","position":3,"name":"Corsi"}]},{"@type":"WebSite","@id":"https:\/\/rhinolands.com\/it\/#website","url":"https:\/\/rhinolands.com\/it\/","name":"RhinoLands","description":"BIM landscape software","publisher":{"@id":"https:\/\/rhinolands.com\/it\/#organization"},"potentialAction":[{"@type":"SearchAction","target":{"@type":"EntryPoint","urlTemplate":"https:\/\/rhinolands.com\/it\/?s={search_term_string}"},"query-input":{"@type":"PropertyValueSpecification","valueRequired":true,"valueName":"search_term_string"}}],"inLanguage":"it-IT"},{"@type":"Organization","@id":"https:\/\/rhinolands.com\/it\/#organization","name":"Asuni Soft","url":"https:\/\/rhinolands.com\/it\/","logo":{"@type":"ImageObject","inLanguage":"it-IT","@id":"https:\/\/rhinolands.com\/it\/#\/schema\/logo\/image\/","url":"https:\/\/rhinolands.com\/wp-content\/uploads\/2020\/02\/AsuniLogoFinal-01.png","contentUrl":"https:\/\/rhinolands.com\/wp-content\/uploads\/2020\/02\/AsuniLogoFinal-01.png","width":151,"height":46,"caption":"Asuni Soft"},"image":{"@id":"https:\/\/rhinolands.com\/it\/#\/schema\/logo\/image\/"}}]}},"_links":{"self":[{"href":"https:\/\/rhinolands.com\/it\/wp-json\/wp\/v2\/pages\/67827","targetHints":{"allow":["GET"]}}],"collection":[{"href":"https:\/\/rhinolands.com\/it\/wp-json\/wp\/v2\/pages"}],"about":[{"href":"https:\/\/rhinolands.com\/it\/wp-json\/wp\/v2\/types\/page"}],"author":[{"embeddable":true,"href":"https:\/\/rhinolands.com\/it\/wp-json\/wp\/v2\/users\/1"}],"replies":[{"embeddable":true,"href":"https:\/\/rhinolands.com\/it\/wp-json\/wp\/v2\/comments?post=67827"}],"version-history":[{"count":3,"href":"https:\/\/rhinolands.com\/it\/wp-json\/wp\/v2\/pages\/67827\/revisions"}],"predecessor-version":[{"id":86332,"href":"https:\/\/rhinolands.com\/it\/wp-json\/wp\/v2\/pages\/67827\/revisions\/86332"}],"up":[{"embeddable":true,"href":"https:\/\/rhinolands.com\/it\/wp-json\/wp\/v2\/pages\/62211"}],"wp:attachment":[{"href":"https:\/\/rhinolands.com\/it\/wp-json\/wp\/v2\/media?parent=67827"}],"curies":[{"name":"wp","href":"https:\/\/api.w.org\/{rel}","templated":true}]}}